{"id":58687,"date":"2023-02-19T17:57:05","date_gmt":"2023-02-19T16:57:05","guid":{"rendered":"https:\/\/staging.spassio.com\/wie-sie-ihr-eigenes-haus-in-fertigbauweise-bauen\/"},"modified":"2023-09-29T22:28:12","modified_gmt":"2023-09-29T21:28:12","slug":"wie-sie-ihr-eigenes-haus-in-fertigbauweise-bauen","status":"publish","type":"page","link":"https:\/\/staging.spassio.com\/de\/wie-sie-ihr-eigenes-haus-in-fertigbauweise-bauen\/","title":{"rendered":"Wie Sie Ihr eigenes Haus in Fertigbauweise bauen"},"content":{"rendered":"<p>Der Bau eines eigenen Hauses erfordert eine gr\u00fcndliche Planung und ein gutes Verst\u00e4ndnis der verschiedenen Bauphasen. Wenn Sie sich daf\u00fcr entscheiden, Ihr Haus in Fertigbauweise zu errichten, vereinfachen Sie die Logistik in hohem Ma\u00dfe, da der gr\u00f6\u00dfte Teil der Bauarbeiten in einem hochindustrialisierten Verfahren durchgef\u00fchrt wird.<\/p>\n<p>Der gesamte Hausbauprozess kann je nach Standort und Art des Projekts etwas anders aussehen, aber alle Fertigh\u00e4user folgen einer allgemeinen Leitlinie. Wenn Sie diese Vorgehensweise verstehen, wissen Sie, was in jeder Phase erforderlich ist, und sind in der Lage, die Entscheidungen zu treffen, die f\u00fcr Ihr Projekt von Vorteil sind, ohne sich von dem Prozess \u00fcberfordert zu f\u00fchlen.<\/p>\n<h2>Legen Sie zun\u00e4chst Ihre Priorit\u00e4ten fest, um das beste Modell oder den besten Hersteller von Fertigh\u00e4usern zu ermitteln<\/h2>\n<p>Eine der wichtigsten Entscheidungen, die beim Bau eines eigenen Hauses in Fertigbauweise getroffen werden m\u00fcssen, ist die <strong>Wahl des richtigen Herstellers<\/strong>. Angesichts der Industrialisierung der Fertigbauweise sind die Hersteller in der Regel sehr spezialisiert, was die Vielfalt der angebotenen M\u00f6glichkeiten einschr\u00e4nkt.<\/p>\n<p>Daher ist die Wahl des richtigen Herstellers f\u00fcr Ihr Bauprojekt von entscheidender Bedeutung. Nehmen Sie sich daher etwas Zeit, um Ihre Priorit\u00e4ten festzulegen.<\/p>\n<ul>\n<li><strong>Entscheiden Sie, ob Sie ein vorgefertigtes Haus oder eines nach Ma\u00df bevorzugen: <\/strong>Wenn Sie sich wohler f\u00fchlen, wenn Sie Ihr Traumhaus aus einem Katalog ausw\u00e4hlen, in dem die verschiedenen verf\u00fcgbaren Modelle aufgef\u00fchrt sind, beginnt Ihr Prozess mit der Auswahl des am besten geeigneten Fertighauses. Wenn Sie es jedoch vorziehen, Ihr Haus von Grund auf zu bauen, m\u00fcssen Sie sich zun\u00e4chst f\u00fcr einen Hersteller entscheiden.<\/li>\n<li><strong>Legen Sie fest, wie viel Platz Sie ben\u00f6tigen<\/strong>: Die Anzahl der im Haus lebenden Personen oder die Aktivit\u00e4ten, die im Haus stattfinden, sind einige der wichtigsten zu ber\u00fccksichtigenden Aspekte. Definieren Sie die Anzahl der Zimmer und B\u00e4der, die Sie f\u00fcr Ihren Haushalt ben\u00f6tigen, um entweder die richtigen vorgefertigten Modelle zu finden oder um zu wissen, wie gro\u00df Ihr frei geplantes Haus sein sollte.<\/li>\n<li><strong>Definieren Sie, welche Art von Haus Sie ben\u00f6tigen<\/strong>: Fertigh\u00e4user gibt es in verschiedenen Formen, Gr\u00f6\u00dfen und Stilen; einige sehen aus wie herk\u00f6mmliche H\u00e4user, andere sind kleinere, nicht f\u00fcr einen festen Standort gebaute Wohnh\u00e4user auf R\u00e4dern. Finden Sie heraus, welche Art von Haus f\u00fcr Sie am besten geeignet ist, das richtet sich nach Ihrem Lebensstil. Wenden Sie sich auch an die \u00f6rtliche Baubeh\u00f6rde, um zu erfahren, welche Art von Bauwerk auf Ihrem Grundst\u00fcck errichtet werden kann und welche Bauvorschriften Sie einhalten m\u00fcssen.<\/li>\n<li>Legen Sie <strong>Ihr Budget fest<\/strong>: Es ist wichtig, dass Sie im Vorfeld Ihre finanziellen M\u00f6glichkeiten festlegen und Ihr Budget begrenzen, um zus\u00e4tzlichen Stress oder Verz\u00f6gerungen in der Zukunft zu vermeiden. Die Kontaktaufnahme mit einem Geldverleiher kann zu diesem Zeitpunkt sehr hilfreich sein, um zu wissen, wie viel Geld Ihnen zur Verf\u00fcgung steht. Wenn Sie ein bestimmtes Budget im Auge haben, suchen Sie nach Modellen oder Herstellern, deren Baukosten in Ihrer Preisklasse liegen.<\/li>\n<\/ul>\n<p>Wenn Sie Ihre W\u00fcnsche und M\u00f6glichkeiten genau kennen, k\u00f6nnen Sie den richtigen Hersteller w\u00e4hlen, der entweder <a href=\"https:\/\/staging.spassio.com\/bespoke-vs-pre-designed-prefab-house-models\/\">ein vorgefertigtes Modell baut<\/a> oder Ihr Haus von Grund auf neu entwirft. Werkzeuge wie die von Spassio bereitgestellte Suchfunktion sind ein guter Ausgangspunkt.<\/p>\n<h2>1. Besorgen Sie sich eine Landvermessung, um den besten Entwurfsansatz festzulegen<\/h2>\n<p>Es ist \u00fcblich, dass die Hersteller vor dem Entwurf eine Machbarkeitsstudie anbieten, um festzustellen, welche Art von Haus sie auf Ihrem Grundst\u00fcck bauen k\u00f6nnen. Um den besten Weg f\u00fcr die Planung des Hauses zu finden und unerwartete Unannehmlichkeiten w\u00e4hrend der Lieferung und Montage zu vermeiden, werden h\u00e4ufig <strong>Bodenuntersuchungen, Zufahrtsstudien oder sogar bioklimatische Analysen durchgef\u00fchrt<\/strong>.<\/p>\n<p>Neben diesen technischen Aspekten sollten Sie sich auch ein pers\u00f6nliches Bild von Ihrem Baugrundst\u00fcck machen. Definieren Sie Punkte, die Sie in Ihrem Entwurf ber\u00fccksichtigen m\u00f6chten. Der Entwurfsprozess l\u00e4uft auf unterschiedliche Weise ab, je nachdem, ob Sie von einem vorgefertigten Modell oder einem Fertighaus nach Ma\u00df ausgehen.<\/p>\n<h2>2. Entwerfen Sie Ihr Traumhaus<\/h2>\n<figure id=\"attachment_33983\" aria-describedby=\"caption-attachment-33983\" style=\"width: 1024px\" class=\"wp-caption alignnone\"><img fetchpriority=\"high\" decoding=\"async\" class=\"wp-image-33983 size-full\" src=\"https:\/\/staging.spassio.com\/wp-content\/uploads\/2023\/02\/build-house-prefab-construction.jpg\" alt=\"So bauen Sie Ihr eigenes Haus in Fertigteilbauweise\" width=\"1024\" height=\"768\" srcset=\"https:\/\/staging.spassio.com\/wp-content\/uploads\/2023\/02\/build-house-prefab-construction.jpg 1024w, https:\/\/staging.spassio.com\/wp-content\/uploads\/2023\/02\/build-house-prefab-construction-300x225.jpg 300w, https:\/\/staging.spassio.com\/wp-content\/uploads\/2023\/02\/build-house-prefab-construction-768x576.jpg 768w, https:\/\/staging.spassio.com\/wp-content\/uploads\/2023\/02\/build-house-prefab-construction-592x444.jpg 592w, https:\/\/staging.spassio.com\/wp-content\/uploads\/2023\/02\/build-house-prefab-construction-584x438.jpg 584w, https:\/\/staging.spassio.com\/wp-content\/uploads\/2023\/02\/build-house-prefab-construction-800x600.jpg 800w, https:\/\/staging.spassio.com\/wp-content\/uploads\/2023\/02\/build-house-prefab-construction-120x90.jpg 120w, https:\/\/staging.spassio.com\/wp-content\/uploads\/2023\/02\/build-house-prefab-construction-496x372.jpg 496w\" sizes=\"(max-width: 1024px) 100vw, 1024px\" \/><figcaption id=\"caption-attachment-33983\" class=\"wp-caption-text\"><a href=\"https:\/\/staging.spassio.com\/manufacturer\/nordcabin\/\">NordCabin<\/a><\/figcaption><\/figure>\n<p>Dieser <strong>Entwurfsprozess<\/strong> sieht etwas anders aus, je nachdem, ob Sie von einem vorgefertigten Modell oder einem ma\u00dfgeschneiderten Fertighaus ausgehen. Wenn Sie sich f\u00fcr einen bereits entworfenen Grundriss entschieden haben, gehen Sie in dieser Phase die verschiedenen, vom Hersteller angebotenen Optionen durch, um zu entscheiden, welche f\u00fcr Sie am besten geeignet sind.<\/p>\n<p>Anhand der bei der Vermessung des Grundst\u00fccks gewonnenen Informationen wird der Hersteller Ihnen den geeignetsten Standort und die beste Ausrichtung des Hauses sowie die f\u00fcr Ihr Projekt am besten geeigneten Fundamente empfehlen.<\/p>\n<p>Wenn Sie sich entschieden haben, Ihr Haus von Grund auf neu zu entwerfen, arbeiten Sie in dieser Phase mit dem Architektenteam des von Ihnen gew\u00e4hlten Herstellers bei der Festlegung der Baupl\u00e4ne zusammen. Sie entscheiden sorgf\u00e4ltig \u00fcber jedes Detail Ihres Hauses, von der Form und Gr\u00f6\u00dfe bis hin zu den verwendeten Baumaterialien.<\/p>\n<p>Nutzen Sie die Freiheit, die Sie haben, um ein Haus bauen zu lassen, das Ihnen das Leben erleichtert. Stellen Sie Ihre h\u00e4ufigsten h\u00e4uslichen Szenen nach, um die optimale Gr\u00f6\u00dfe der einzelnen Bereiche oder den erforderlichen Sichtschutz zu ermitteln.<\/p>\n<h2>3. Bestellen Sie Ihr Haus vor und bereiten Sie sich auf den Baubeginn vor<\/h2>\n<p>Sobald alle Konstruktionsdetails feststehen, bereitet der Hersteller einen Vertrag vor, der alle Konstruktionsdetails, Lieferfristen und Garantiebestimmungen enth\u00e4lt. Mit der Unterzeichnung dieses Dokuments werden Sie aufgefordert, eine Anzahlung von 10 % bis 50 % zu leisten, damit der Hersteller mit den Bauarbeiten au\u00dferhalb der Baustelle beginnen kann.<\/p>\n<p>Wenn Sie eine Finanzierung ben\u00f6tigen, kann Ihnen Ihr Fertighausunternehmen h\u00f6chstwahrscheinlich helfen, indem es Ihnen Informationen \u00fcber die am besten geeigneten Banken liefert oder sogar selbst eine Finanzierung anbietet, wie es <a href=\"https:\/\/staging.spassio.com\/manufacturer\/nomad-container\/\">Nomad Container<\/a> oder <a href=\"https:\/\/staging.spassio.com\/manufacturer\/vmodul\/\">Vmodul<\/a> tut.<\/p>\n<p>Um mit den Bauarbeiten auf der Baustelle beginnen zu k\u00f6nnen, ben\u00f6tigen Sie h\u00f6chstwahrscheinlich eine Baugenehmigung, da die meisten europ\u00e4ischen L\u00e4nder und auch das Vereinigte K\u00f6nigreich dieses Verfahren vorschreiben. Einige <a href=\"https:\/\/staging.spassio.com\/manufacturers\/\">Hersteller von Fertigh\u00e4usern<\/a> bieten diese Dienstleistungen an, aber in den meisten F\u00e4llen muss der Bauherr diesen Prozess selbst in die Hand nehmen.<\/p>\n<p>Die Anforderungen sind je nach Standort unterschiedlich, aber in einigen L\u00e4ndern wie Spanien ben\u00f6tigen Sie die Unterschrift eines zertifizierten \u00f6rtlichen Architekten <a href=\"#_ftn1\" name=\"_ftnref1\">[1]<\/a>. Wenn Sie in Spanien ein Haus mit einem internationalen Hersteller bauen, m\u00fcssen Sie m\u00f6glicherweise einen Architekten beauftragen, um den Hausentwurf zu validieren und die Genehmigungen einzuholen.<\/p>\n<h2>4. Bereiten Sie das Baugrundst\u00fcck vor und bringen Sie die Fundamente an<\/h2>\n<p>Einer der gr\u00f6\u00dften Vorteile des Baus eines Hauses in Fertigbauweise ist, dass der gr\u00f6\u00dfte Teil des Bauprozesses au\u00dferhalb der Baustelle in einer fabrik\u00e4hnlichen Umgebung stattfindet. So <strong>kann die Grundst\u00fccksvorbereitung gleichzeitig mit der Herstellung des Hauses erfolgen<\/strong>, was eine enorme Zeitersparnis bedeutet.<\/p>\n<p>Um das Fertighaus zu erhalten, muss das Grundst\u00fcck je nach Art des Fertighauses und seiner spezifischen Gestaltung vorbereitet werden.<\/p>\n<p>Die Vorbereitung des Gel\u00e4ndes erfordert eine Nivellierung des Gel\u00e4ndes und in den meisten F\u00e4llen auch den Bau von Fundamenten. Einige Hersteller sind in der Lage, diese Dienstleistungen zu erbringen, aber in den meisten F\u00e4llen m\u00fcssen zus\u00e4tzliche Fachleute wie ein Bauunternehmer und ein Projektkoordinator eingestellt werden.<\/p>\n<p>W\u00e4hlen Sie in diesem Fall einen Fachmann vor Ort, der den Prozess genau \u00fcberwacht und eventuelle bauliche Probleme so schnell wie m\u00f6glich behebt, um zus\u00e4tzliche Kosten und Komplikationen zu vermeiden.<\/p>\n<h2>5. Lieferung und Montage des Fertighauses<\/h2>\n<p>Sobald die Herstellung des Hauses abgeschlossen ist, <strong>wird<\/strong> das <strong>Fertighaus geliefert und<\/strong> auf dem zuvor vorbereiteten Grundst\u00fcck <strong>aufgebaut<\/strong>. Die Gr\u00f6\u00dfe und Form des hergestellten Produkts variiert von einem Fertighaustyp zum anderen.<\/p>\n<p>So baut ein Hersteller von Cabins das gesamte Haus in einem St\u00fcck und schl\u00fcsselfertig, w\u00e4hrend ein Hersteller von Paneelen zweidimensionale Systeme konstruiert, die vor Ort montiert werden m\u00fcssen.<\/p>\n<p>In den meisten F\u00e4llen \u00fcbernimmt derselbe Hersteller die Anlieferung der vorgefertigten Einheiten, in der Regel per Lkw, und stellt sie mit einem Kran auf dem Grundst\u00fcck auf oder baut sie zusammen. Um ein voll funktionsf\u00e4higes Haus zu erhalten, m\u00fcssen einige zus\u00e4tzliche Arbeiten, wie z. B. der Anschluss an die Hauptversorgungsleitungen, abgeschlossen werden.<\/p>\n<p>Je nach Vertrag mit dem Hersteller k\u00f6nnen diese Arbeiten von demselben Bauteam ausgef\u00fchrt werden, das auch das Haus aufbaut, h\u00e4ufig werden sie aber auch vom \u00f6rtlichen Bauunternehmen \u00fcbernommen.<\/p>\n<h2>Abschluss des Bauprozesses bis zum Einzug in Ihr neues Haus<\/h2>\n<p>Jetzt, wo Ihr Haus zusammengebaut und funktionsf\u00e4hig ist, ist es an der Zeit, das Haus f\u00fcr den Einzugstag vorzubereiten. Sie k\u00f6nnen damit beginnen, die Innenr\u00e4ume nach Ihren Vorstellungen einzurichten und auch die Garten- und Landschaftsgestaltung zu \u00fcbernehmen, um das Haus so zu gestalten, wie Sie es sich vorgestellt haben.<\/p>\n<p>In einigen europ\u00e4ischen L\u00e4ndern sowie im Vereinigten K\u00f6nigreich kann jedoch ein letzter Schritt erforderlich sein, z. B. eine Nutzungsbescheinigung. Um diese Genehmigung zu erhalten, wird das <strong>neu errichtete Haus<\/strong> von einem zugelassenen Vertreter besichtigt, der die Sicherheit des Geb\u00e4udes \u00fcberpr\u00fcfen muss. Abgesehen von der rechtlichen Pr\u00fcfung ist es wichtig, dass Sie das Haus auch besichtigen, um sich zu vergewissern, dass alles gut funktioniert und dass alle Details wie im Vertrag vereinbart gebaut wurden.<\/p>\n<p>Referenzen:<\/p>\n<p><a style=\"color: #3eb6a8;\" href=\"#_ftnref1\" name=\"_ftn1\">[1]<\/a>Alles, was Sie vor dem Kauf eines Fertighauses in Spanien wissen m\u00fcssen Pacheco &amp; Asociados <a href=\"https:\/\/www.spanisharchitect.info\/2017\/08\/24\/everything-you-need-to-know-before-buying-a-prefabricated-house-in-spain\/\">https:\/\/www.spanisharchitect.info\/2017\/08\/24\/everything-you-need-to-know-before-buying-a-prefabricated-house-in-spain\/<\/a><\/p>\n","protected":false},"excerpt":{"rendered":"<p>Der Bau eines eigenen Hauses erfordert eine gr\u00fcndliche Planung und ein gutes Verst\u00e4ndnis der verschiedenen Bauphasen. Wenn Sie sich daf\u00fcr entscheiden, Ihr Haus in Fertigbauweise zu errichten, vereinfachen Sie die Logistik in hohem Ma\u00dfe, da der gr\u00f6\u00dfte Teil der Bauarbeiten in einem hochindustrialisierten Verfahren durchgef\u00fchrt wird. Der gesamte Hausbauprozess kann je nach Standort und Art [&hellip;]<\/p>\n","protected":false},"author":194,"featured_media":33983,"parent":0,"menu_order":0,"comment_status":"closed","ping_status":"closed","template":"","meta":{"content-type":"","_FSMCFIC_featured_image_caption":"","_FSMCFIC_featured_image_nocaption":"","_FSMCFIC_featured_image_hide":"","footnotes":""},"class_list":["post-58687","page","type-page","status-publish","has-post-thumbnail","hentry"],"_wp_attached_file":null,"_wp_attachment_metadata":null,"_wp_attachment_backup_sizes":null,"siteground_optimizer_webp_conversion_attempts":null,"siteground_optimizer_is_converted_to_webp":null,"siteground_optimizer_optimization_attempts":null,"siteground_optimizer_optimization_failed":null,"wpml_media_processed":null,"_wp_attachment_image_alt":null,"siteground_optimizer_is_optimized":null,"siteground_optimizer_webp_conversion_failed":null,"_elementor_source_image_hash":null,"siteground_optimizer_compression_level":null,"_elementor_inline_svg":null,"_imagify_optimization_level":null,"_imagify_status":null,"_imagify_data":null,"siteground_optimizer_original_filesize":null,"wpse_external_file_url":null,"fave_currency":null,"fave_currency_info":null,"fave_property_id":null,"fave_property_map":null,"fave_property_location":null,"houzez_geolocation_lat":null,"houzez_geolocation_long":null,"fave_property_map_street_view":null,"fave_featured":null,"fave_loggedintoview":null,"fave_agent_display_option":null,"fave_prop_homeslider":null,"fave_single_top_area":null,"fave_single_content_area":null,"_yoast_wpseo_primary_property_type":null,"_yoast_wpseo_primary_property_feature":null,"_yoast_wpseo_primary_property_label":null,"_yoast_wpseo_primary_property_country":null,"houzez_manual_expire":null,"_houzez_expiration_date_status":null,"houzez_total_property_views":null,"houzez_views_by_date":null,"houzez_recently_viewed":null,"fave_property_price":null,"fave_property_price_prefix":null,"fave_property_size":null,"fave_property_bathrooms":null,"fave_property_garage":null,"fave_levels":null,"fave_roof-type":null,"fave_construction-type":null,"fave_video_url":null,"fave_video_image":null,"fave_payment_status":null,"fave_property_agency":null,"fave_countries":null,"fave_sleeps":null,"_yoast_wpseo_primary_property_status":null,"fave_property_images":null,"fave_attachments":null,"technical_description":null,"houzez_featured_listing_date":null,"fave_property_size_prefix":null,"fave_property_bedrooms":null,"fave_property_price_postfix":null,"fave_production-time-in-weeks":null,"fave_building-time-in-days":null,"fave_window-glazing":null,"_yoast_wpseo_primary_feature-2":null,"_yoast_wpseo_primary_feature-3":null,"fave_warranty-in-years":null,"fave_property_land":null,"fave_property_land_postfix":null,"wpsebeba57d406-00de-d339-8c02-3956a916f506":null,"_oembed_eefb35903900c5c166d55ccf7fc62a8a":null,"_oembed_30948e80c1a853da0b519e72c40d2e13":null,"_oembed_0b78a31d7c7e6041adc064d46c40f98b":null,"_oembed_42c2c13b5902a21593b1d521556aea88":null,"_oembed_4fb58e495f37e206f97738a42dbe566f":null,"_oembed_b2828bee61bd9076cd21ece641de7abc":null,"_oembed_0c92428c960763e658977ce4918863f4":null,"_oembed_02b72dc3d26bdba6ff900a268ade2517":null,"_oembed_8c819834f7fc0b74364aa34a8193f46f":null,"_oembed_088962b77808b37d57abe5c8143f9652":null,"_oembed_dfae0e674c59ba061a82b330fc7fdea0":null,"_oembed_74e5075f66c4cd04b0e118feb24f6636":null,"fave_mortgage_cal":null,"_air_wp_sync_record_id":null,"_air_wp_sync_hash":null,"_air_wp_sync_importer_id":null,"_air_wp_sync_updated_at":null,"external_listing_link":null,"fave_property_map_address":null,"fave_multi_units_ids":null,"$wpml_language$":null,"fave_virtual_tour":null,"fave_gross-external-area":null,"_houzez_expiration_date":null,"_houzez_expiration_date_options":null,"floor_plans":null,"_oembed_a17db82fa378d53b4dc6ed46e5344499":null,"_oembed_da390569a339f4d7147d95cfb8c04c12":null,"_oembed_6a3eda5947bcc098660397ca8e21a941":null,"fave_roof-angle":null,"fave_seo-content":null,"_oembed_a7b8941eeee966e7350aede20b4d62be":null,"_oembed_time_a7b8941eeee966e7350aede20b4d62be":null,"additional_features":null,"fave_multi_units":null,"_oembed_716f56b62500685a7dd15ea2ec7579bd":null,"_oembed_time_716f56b62500685a7dd15ea2ec7579bd":null,"_oembed_8ececd3dd2598a4aedb5dfc82df2a0f6":null,"_oembed_time_8ececd3dd2598a4aedb5dfc82df2a0f6":null,"_oembed_4cef7884ea6ef16d48cd8675b12e440d":null,"fave_property_garage_size":null,"_oembed_5c1eaf7b40f4e3a3089b38beb88ba480":null,"fave_property_zip":null,"_oembed_ccdd6e0304386ece64b3b91f572b0be4":null,"_oembed_ae30d19e3e861b389146a1ccc2828104":null,"fave_property_rooms":null,"fave_property_year":null,"two_page_speed":null,"fave_year_established":null,"Status":null,"_oembed_5b2d8d2cf33b469c98e488ea5b118c30":null,"WPML Language Code":null,"_links":{"self":[{"href":"https:\/\/staging.spassio.com\/de\/wp-json\/wp\/v2\/pages\/58687","targetHints":{"allow":["GET"]}}],"collection":[{"href":"https:\/\/staging.spassio.com\/de\/wp-json\/wp\/v2\/pages"}],"about":[{"href":"https:\/\/staging.spassio.com\/de\/wp-json\/wp\/v2\/types\/page"}],"author":[{"embeddable":true,"href":"https:\/\/staging.spassio.com\/de\/wp-json\/wp\/v2\/users\/194"}],"replies":[{"embeddable":true,"href":"https:\/\/staging.spassio.com\/de\/wp-json\/wp\/v2\/comments?post=58687"}],"version-history":[{"count":0,"href":"https:\/\/staging.spassio.com\/de\/wp-json\/wp\/v2\/pages\/58687\/revisions"}],"wp:featuredmedia":[{"embeddable":true,"href":"https:\/\/staging.spassio.com\/de\/wp-json\/wp\/v2\/media\/33983"}],"wp:attachment":[{"href":"https:\/\/staging.spassio.com\/de\/wp-json\/wp\/v2\/media?parent=58687"}],"curies":[{"name":"wp","href":"https:\/\/api.w.org\/{rel}","templated":true}]}}