{"id":58688,"date":"2023-04-02T17:04:06","date_gmt":"2023-04-02T16:04:06","guid":{"rendered":"https:\/\/staging.spassio.com\/was-sind-tiny-houses-die-vor-und-nachteile-der-wahl-eines-hauses-auf-raedern\/"},"modified":"2023-09-29T22:28:11","modified_gmt":"2023-09-29T21:28:11","slug":"vor-und-nachteile-von-tiny-houses","status":"publish","type":"page","link":"https:\/\/staging.spassio.com\/de\/vor-und-nachteile-von-tiny-houses\/","title":{"rendered":"Was sind Tiny Houses? Die Vor- und Nachteile der Wahl eines Hauses auf R\u00e4dern"},"content":{"rendered":"<p>Tiny Houses sind eine Art von Fertigh\u00e4usern, die sich durch ihre geringe Gr\u00f6\u00dfe und die M\u00f6glichkeit, von Ort zu Ort zu ziehen, auszeichnen. Diese Bauten k\u00f6nnen als Hauptwohnsitz, als Ferienhaus oder als Investition in Mietobjekte genutzt werden. Sie k\u00f6nnen st\u00e4ndig den Standort wechseln, oder aber langfristig an einem Ort installiert werden. Unabh\u00e4ngig von dem Lebensstil der Bewohner dieses Hauses werden Tiny Houses immer in der gleichen Bauweise errichtet.<\/p>\n<h2>Was ist der Unterschied zwischen einem Tiny House und einem kleinen Haus?<\/h2>\n<p><a href=\"https:\/\/staging.spassio.com\/categories\/tiny-houses\/\">Tiny Houses<\/a> sind zwar immer klein, aber nicht alle kleinen H\u00e4user sind Tiny Houses. Im Allgemeinen werden die verschiedenen, zur Beschreibung von Kleinwohnungen verwendeten Begriffe durcheinandergebracht, obwohl es wichtig ist, die Merkmale jedes einzelnen dieser Konzepte zu verstehen, da sie f\u00fcr unterschiedliche Zwecke gebaut werden.<\/p>\n<ul>\n<li><strong>Tiny House<\/strong>: Dabei handelt es sich um eine Art von Fertighaus, das leicht zu transportieren ist und daher immer auf R\u00e4dern gebaut wird. Die geringe Gr\u00f6\u00dfe dieser H\u00e4user wird durch die Notwendigkeit bestimmt, die Stra\u00dfenverkehrsordnung einzuhalten, da es sich um abschleppbare Wohnh\u00e4user handelt.<\/li>\n<li><strong>Cabin<\/strong>: Eine Cabin ist eine kleine Art von sich immer am selben Ort befindlichen Fertighaus. Dieses kleine Fertighaus, das nur ein Schlafzimmer hat, wird immer auf einem Fundament errichtet.<\/li>\n<li><strong>ADUs (Accessory Dwelling Units)<\/strong>: Dieser Begriff, der auch als <a href=\"https:\/\/staging.spassio.com\/building-annexe-garden\/\">Gartenhaus<\/a> oder Einliegerwohnung bezeichnet wird, beschreibt die Nutzung des Hauses und nicht die Art der Konstruktion. Ein Tiny House, eine <a href=\"https:\/\/staging.spassio.com\/categories\/cabins\/\">Cabin<\/a> oder sogar ein kleines Haus, das in traditioneller Bauweise errichtet wurde, eignet sich gut als ADU, solange sie als unabh\u00e4ngige Wohneinheiten konzipiert sind, die sich das Grundst\u00fcck mit einem Haupthaus teilen.<\/li>\n<\/ul>\n<h2>Was sind die Vorteile von Tiny Houses?<\/h2>\n<p>Tiny Houses unterscheiden sich deutlich von traditionellen H\u00e4usern, da es ungew\u00f6hnlich ist, dass ein Haus auf R\u00e4dern gebaut wird. Die Eigenschaften dieses Haustyps haben jedoch in hohem Ma\u00dfe zur Popularit\u00e4t der Tiny House-Bewegung beigetragen, da sie ihnen einige sehr attraktive Vorteile bieten.<\/p>\n<h3>Tiny Houses werden mit Blick auf die Mobilit\u00e4t gebaut<\/h3>\n<p>Der auff\u00e4lligste Vorteil dieses Haustyps ist die M\u00f6glichkeit, ihn leicht an verschiedene Orte zu transportieren. Trotz ihres sch\u00f6nen, haus\u00e4hnlichen Designs sind Tiny Houses mobile H\u00e4user, die man \u00fcberallhin mitnehmen und dort abstellen kann, wo man m\u00f6chte.<\/p>\n<p>Da Tiny Houses als bewegliche H\u00e4user konzipiert sind, werden die meisten von ihnen als autarke Einheiten gebaut, die netzunabh\u00e4ngig betrieben werden k\u00f6nnen. Dank dieser Funktionen k\u00f6nnen Sie mit Ihrem Haus an jeden beliebigen Ort reisen, auch in eine abgelegene Umgebung in der Natur.<\/p>\n<figure id=\"attachment_34835\" aria-describedby=\"caption-attachment-34835\" style=\"width: 1000px\" class=\"wp-caption alignnone\"><img fetchpriority=\"high\" decoding=\"async\" class=\"wp-image-34835 size-full\" src=\"https:\/\/staging.spassio.com\/wp-content\/uploads\/2023\/03\/what-are-tinyy-houses-the-pros-cons-of-choosing-a-house-on-wheels.webp\" alt=\"Was sind Tiny Houses? Die Vor- und Nachteile der Wahl eines Hauses auf R\u00e4dern\" width=\"1000\" height=\"563\" srcset=\"https:\/\/staging.spassio.com\/wp-content\/uploads\/2023\/03\/what-are-tinyy-houses-the-pros-cons-of-choosing-a-house-on-wheels.webp 1000w, https:\/\/staging.spassio.com\/wp-content\/uploads\/2023\/03\/what-are-tinyy-houses-the-pros-cons-of-choosing-a-house-on-wheels-300x169.webp 300w, https:\/\/staging.spassio.com\/wp-content\/uploads\/2023\/03\/what-are-tinyy-houses-the-pros-cons-of-choosing-a-house-on-wheels-768x432.webp 768w, https:\/\/staging.spassio.com\/wp-content\/uploads\/2023\/03\/what-are-tinyy-houses-the-pros-cons-of-choosing-a-house-on-wheels-496x279.webp 496w\" sizes=\"(max-width: 1000px) 100vw, 1000px\" \/><figcaption id=\"caption-attachment-34835\" class=\"wp-caption-text\">Das <a href=\"https:\/\/staging.spassio.com\/models\/tiny-eco-homes-uk-elegance-range\/\">Elegance Range Tiny House<\/a> wird abgeschleppt.<\/figcaption><\/figure>\n<h3>Sie sind eine kosteng\u00fcnstige Wohnl\u00f6sung<\/h3>\n<p>Als vorgefertigte Konstruktionen sind Tiny Houses wesentlich g\u00fcnstiger als der Bau eines herk\u00f6mmlichen Hauses. Vorgefertigt zu sein bedeutet, dass die Bauarbeiten au\u00dferhalb der Baustelle in einer fabrik\u00e4hnlichen Umgebung stattfinden. Dadurch werden die Bauzeit und die manuelle Verarbeitung stark reduziert und damit auch die Gesamtbaukosten.<\/p>\n<p>Au\u00dferdem sind Tiny Houses deutlich billiger als andere Fertigh\u00e4user, vor allem weil sie kleiner sind und damit die Gesamtkosten senken, aber auch, weil sie auf R\u00e4dern gebaut werden und daher keine Fundamente ben\u00f6tigen. Da man nicht an ein bestimmtes Grundst\u00fcck gebunden ist, lassen sich die Kosten, z. B. f\u00fcr den Kauf von Grundst\u00fccken oder die Landschaftsgestaltung, direkt senken.<\/p>\n<h3>Wohnen im kleinen Rahmen kann das psychische Wohlbefinden verbessern<\/h3>\n<p>Die meisten Tiny Homes sind weniger als 20 m\u00b2 gro\u00df, was f\u00fcnfmal kleiner ist als die durchschnittliche Hausgr\u00f6\u00dfe in Europa und Gro\u00dfbritannien <a href=\"#_ftn1\" name=\"_ftnref1\">[1]<\/a>. F\u00fcr die meisten bedeutet \u201eTiny Living&#8221; ein einfacheres Leben, das sich positiv auf die Gesundheit und das Wohlbefinden auswirkt.<\/p>\n<p>Wenn man einen minimalistischen Lebensstil f\u00fchrt, lernt man, Priorit\u00e4ten zu setzen und zu entr\u00fcmpeln, was erwiesenerma\u00dfen in hohem Ma\u00dfe mit unserem psychischen Wohlbefinden zusammenh\u00e4ngt <a href=\"#_ftn2\" name=\"_ftnref2\">[2]<\/a>. Au\u00dferdem sind die <a href=\"https:\/\/staging.spassio.com\/categories\/tiny-houses\/\">Tiny Houses<\/a> trotz ihrer geringen Gr\u00f6\u00dfe auf Funktionalit\u00e4t und Komfort ausgelegt. Sie bieten sehr kreative Grundrisse und Aufbewahrungsl\u00f6sungen, die helfen, das Haus frei von Unordnung zu halten.<\/p>\n<h3>Tiny Houses sind eine nachhaltige Bauweise<\/h3>\n<p>Tiny Houses sind umweltfreundlich, da sie vollst\u00e4ndig au\u00dferhalb des Baugrundes gebaut werden, wobei Arbeit und Lagerung am selben Ort stattfinden. Diese Zentralisierung des Prozesses macht die Tiny Houses nachhaltiger als die herk\u00f6mmliche Bauweise, da der Transportbedarf und der Materialabfall enorm reduziert wird.<\/p>\n<p>Tiny Houses tragen als kleine H\u00e4user auch zum Umweltschutz bei. Sie haben einen geringeren \u00f6kologischen Fu\u00dfabdruck, verbrauchen weniger Energieund sind dadurch energieeffizienter. W\u00e4hrend die meisten dieser Merkmale lediglich eine positive Folge des Bauprozesses sind, entscheiden sich einige Hersteller daf\u00fcr, ihre Tiny Houses bewusst noch nachhaltiger zu gestalten, indem sie sich f\u00fcr nat\u00fcrliche Materialien entscheiden oder Elemente wie Solarzellen hinzuf\u00fcgen.<\/p>\n<figure id=\"attachment_34836\" aria-describedby=\"caption-attachment-34836\" style=\"width: 1000px\" class=\"wp-caption alignnone\"><img decoding=\"async\" class=\"wp-image-34836 size-full\" src=\"https:\/\/staging.spassio.com\/wp-content\/uploads\/2023\/03\/tiny-house-with-solar-panelsescape-model-a17.webp\" alt=\"Tiny House mit Solarzellen\" width=\"1000\" height=\"668\" srcset=\"https:\/\/staging.spassio.com\/wp-content\/uploads\/2023\/03\/tiny-house-with-solar-panelsescape-model-a17.webp 1000w, https:\/\/staging.spassio.com\/wp-content\/uploads\/2023\/03\/tiny-house-with-solar-panelsescape-model-a17-300x200.webp 300w, https:\/\/staging.spassio.com\/wp-content\/uploads\/2023\/03\/tiny-house-with-solar-panelsescape-model-a17-768x513.webp 768w, https:\/\/staging.spassio.com\/wp-content\/uploads\/2023\/03\/tiny-house-with-solar-panelsescape-model-a17-898x600.webp 898w, https:\/\/staging.spassio.com\/wp-content\/uploads\/2023\/03\/tiny-house-with-solar-panelsescape-model-a17-496x331.webp 496w\" sizes=\"(max-width: 1000px) 100vw, 1000px\" \/><figcaption id=\"caption-attachment-34836\" class=\"wp-caption-text\">Das <a href=\"https:\/\/staging.spassio.com\/models\/escape-a17\/\">Escape A17 Tiny House<\/a> mit Solarzellen<\/figcaption><\/figure>\n<h2>Herausforderungen und Grenzen von Tiny Houses<\/h2>\n<p>Tiny Houses zeichnen sich durch besondere Merkmale aus, die sie von anderen unterscheiden und zu ihrer wachsenden Beliebtheit beitragen. Diese Unterschiede haben jedoch auch potenzielle Nachteile. Da Tiny Houses nicht f\u00fcr jeden die perfekte Wahl sind, ist es wichtig, ihre Grenzen zu kennen.<\/p>\n<ul>\n<li>Es <strong>k\u00f6nnte schwierig sein, einen dauerhaften Platz zu finden<\/strong>: Obwohl das Design des Tiny House so optimiert wurde, dass das Haus leicht bewegt und fast \u00fcberall aufgestellt werden kann, ist dies nicht an allen Standorten m\u00f6glich. Wo Sie ein Tiny House aufstellen k\u00f6nnen, h\u00e4ngt von den Bauvorschriften und der Zoneneinteilung an Ihrem Standort ab. Diese k\u00f6nnen sehr einschr\u00e4nkend sein.<\/li>\n<li><strong>Sie sind nicht auf Fundamenten gebaut<\/strong>: Das Bauen auf R\u00e4dern bietet diesen H\u00e4usern ein hohes Ma\u00df an Freiheit, hat aber auch seine Schattenseiten. Fundamente verleihen dem Bauwerk Stabilit\u00e4t, indem sie eine solide Basis bilden, auf der das Haus steht. Das Fehlen von Fundamenten f\u00fchrt automatisch zu einer Verschlechterung der Bauqualit\u00e4t.<\/li>\n<li><strong>Die Wohnfl\u00e4che im Inneren ist begrenzt<\/strong>: Das geringe Platzangebot eines Tiny House inspiriert diejenigen, die einen minimalistischen Lebensstil suchen, hat aber auch seine Nachteile. Jeder Zentimeter des Hauses ist optimiert, um das t\u00e4gliche Leben so komfortabel wie m\u00f6glich zu gestalten, aber es gibt keinen Platz f\u00fcr au\u00dfergew\u00f6hnliche Aktivit\u00e4ten. Daher sind Aktivit\u00e4ten wie die Bewirtung von G\u00e4sten nicht unbedingt ideal.<\/li>\n<\/ul>\n<h2>Wie funktionieren Tiny Houses?<\/h2>\n<p>Da es sich um ein Haus auf R\u00e4dern handelt, unterliegt es nicht den gleichen Vorschriften wie feste Bauten, wird aber auch nicht wie ein Fahrzeug behandelt. Hier sind einige der wichtigsten Dinge, die Sie wissen sollten, wenn Sie den Kauf eines Tiny House planen:<\/p>\n<ul>\n<li>Die Vorschriften f\u00fcr Tiny Houses h\u00e4ngen ganz vom jeweiligen Standort ab. Da es keine speziellen Vorschriften f\u00fcr Tiny Houses gibt, sollten Sie, wenn Sie ein Tiny House in Europa und Gro\u00dfbritannien kaufen m\u00f6chten, als erstes die \u00f6rtlichen Planungsbeh\u00f6rden konsultieren.<\/li>\n<li>F\u00fcr den Daueraufbau eines Tiny House auf einem Grundst\u00fcck ist in der Regel eine Genehmigung erforderlich. Ein Tiny House im Garten zu platzieren ist nicht wie ein Auto zu parken. H\u00e4ufig ist daf\u00fcr eine Genehmigung erforderlich, die von Ort zu Ort unterschiedlich ist. In einigen L\u00e4ndern, z. B. in den Niederlanden oder in Deutschland, werden Tiny Houses wie Wohngeb\u00e4ude behandelt und m\u00fcssen daher den Bauvorschriften entsprechen <a href=\"#_ftn3\" name=\"_ftnref3\">[3].<\/a><\/li>\n<li>Die Verkehrsvorschriften f\u00fcr Tiny Houses sind streng. Auf R\u00e4dern gebaut zu sein, ist nicht genug. Um ein Tiny House auf europ\u00e4ischen Stra\u00dfen bewegen zu d\u00fcrfen, muss das Haus sehr strenge Gr\u00f6\u00dfen- und Gewichtsvorschriften erf\u00fcllen. Der allgemeine Richtwert ist 4 m hoch, 2,55 m breit und 3,5 t schwer, das kann aber von Land zu Land variieren.<\/li>\n<li>Um ein Tiny House zu ziehen, braucht man einen bestimmten Fahrzeugtyp. Tiny Houses sind daf\u00fcr gedacht, von den Fahrzeugen ihrer Besitzer gezogen zu werden, aber nicht alle Fahrzeuge sind dazu in der Lage. Das liegt daran, dass das Fahrzeug stark genug sein muss, um 3,5 Tonnen zu ziehen. Denken Sie auch daran, dass Sie bei einem Gesamtgewicht von \u00fcber 3,5 Tonnen m\u00f6glicherweise einen speziellen F\u00fchrerschein ben\u00f6tigen.<\/li>\n<\/ul>\n<p>Referenzen:<br \/>\n<a style=\"color: #3eb6a8;\" href=\"#_ftnref1\" name=\"_ftn1\">[1]<\/a>Wilson, L. Wie gro\u00df ist ein Haus? Durchschnittliche Hausgr\u00f6\u00dfe nach Land &#8211; 2023 Verkleinern Sie Ihren Fu\u00dfabdruck <a href=\"https:\/\/shrinkthatfootprint.com\/how-big-is-a-house\/\">https:\/\/shrinkthatfootprint.com\/how-big-is-a-house\/<\/a><br \/>\n<a style=\"color: #3eb6a8;\" href=\"#_ftnref2\" name=\"_ftn1\">[2]<\/a>Hammers-Crowell J. (2022, Juni 14) Wie sich Unordnung auf die Gesundheit auswirkt Highland-Krankenhaus <a href=\"https:\/\/highlandhosp.com\/how-clutter-impacts-health\/\">https:\/\/highlandhosp.com\/how-clutter-impacts-health\/<\/a><br \/>\n<a style=\"color: #3eb6a8;\" href=\"#_ftnref3\" name=\"_ftn1\">[3]<\/a>Tiny House-Kulturen im Vergleich &#8211; Deutschland, USA, Niederlande LiveEO <a href=\"https:\/\/live-eo.com\/tiny-house-cultures\/\">https:\/\/live-eo.com\/tiny-house-cultures\/<\/a><\/p>\n","protected":false},"excerpt":{"rendered":"<p>Tiny Houses sind eine Art von Fertigh\u00e4usern, die sich durch ihre geringe Gr\u00f6\u00dfe und die M\u00f6glichkeit, von Ort zu Ort zu ziehen, auszeichnen. Diese Bauten k\u00f6nnen als Hauptwohnsitz, als Ferienhaus oder als Investition in Mietobjekte genutzt werden. Sie k\u00f6nnen st\u00e4ndig den Standort wechseln, oder aber langfristig an einem Ort installiert werden. Unabh\u00e4ngig von dem Lebensstil [&hellip;]<\/p>\n","protected":false},"author":194,"featured_media":34836,"parent":0,"menu_order":0,"comment_status":"closed","ping_status":"closed","template":"","meta":{"content-type":"","_FSMCFIC_featured_image_caption":"","_FSMCFIC_featured_image_nocaption":"","_FSMCFIC_featured_image_hide":"","footnotes":""},"class_list":["post-58688","page","type-page","status-publish","has-post-thumbnail","hentry"],"_wp_attached_file":null,"_wp_attachment_metadata":null,"_wp_attachment_backup_sizes":null,"siteground_optimizer_webp_conversion_attempts":null,"siteground_optimizer_is_converted_to_webp":null,"siteground_optimizer_optimization_attempts":null,"siteground_optimizer_optimization_failed":null,"wpml_media_processed":null,"_wp_attachment_image_alt":null,"siteground_optimizer_is_optimized":null,"siteground_optimizer_webp_conversion_failed":null,"_elementor_source_image_hash":null,"siteground_optimizer_compression_level":null,"_elementor_inline_svg":null,"_imagify_optimization_level":null,"_imagify_status":null,"_imagify_data":null,"siteground_optimizer_original_filesize":null,"wpse_external_file_url":null,"fave_currency":null,"fave_currency_info":null,"fave_property_id":null,"fave_property_map":null,"fave_property_location":null,"houzez_geolocation_lat":null,"houzez_geolocation_long":null,"fave_property_map_street_view":null,"fave_featured":null,"fave_loggedintoview":null,"fave_agent_display_option":null,"fave_prop_homeslider":null,"fave_single_top_area":null,"fave_single_content_area":null,"_yoast_wpseo_primary_property_type":null,"_yoast_wpseo_primary_property_feature":null,"_yoast_wpseo_primary_property_label":null,"_yoast_wpseo_primary_property_country":null,"houzez_manual_expire":null,"_houzez_expiration_date_status":null,"houzez_total_property_views":null,"houzez_views_by_date":null,"houzez_recently_viewed":null,"fave_property_price":null,"fave_property_price_prefix":null,"fave_property_size":null,"fave_property_bathrooms":null,"fave_property_garage":null,"fave_levels":null,"fave_roof-type":null,"fave_construction-type":null,"fave_video_url":null,"fave_video_image":null,"fave_payment_status":null,"fave_property_agency":null,"fave_countries":null,"fave_sleeps":null,"_yoast_wpseo_primary_property_status":null,"fave_property_images":null,"fave_attachments":null,"technical_description":null,"houzez_featured_listing_date":null,"fave_property_size_prefix":null,"fave_property_bedrooms":null,"fave_property_price_postfix":null,"fave_production-time-in-weeks":null,"fave_building-time-in-days":null,"fave_window-glazing":null,"_yoast_wpseo_primary_feature-2":null,"_yoast_wpseo_primary_feature-3":null,"fave_warranty-in-years":null,"fave_property_land":null,"fave_property_land_postfix":null,"wpsebeba57d406-00de-d339-8c02-3956a916f506":null,"_oembed_eefb35903900c5c166d55ccf7fc62a8a":null,"_oembed_30948e80c1a853da0b519e72c40d2e13":null,"_oembed_0b78a31d7c7e6041adc064d46c40f98b":null,"_oembed_42c2c13b5902a21593b1d521556aea88":null,"_oembed_4fb58e495f37e206f97738a42dbe566f":null,"_oembed_b2828bee61bd9076cd21ece641de7abc":null,"_oembed_0c92428c960763e658977ce4918863f4":null,"_oembed_02b72dc3d26bdba6ff900a268ade2517":null,"_oembed_8c819834f7fc0b74364aa34a8193f46f":null,"_oembed_088962b77808b37d57abe5c8143f9652":null,"_oembed_dfae0e674c59ba061a82b330fc7fdea0":null,"_oembed_74e5075f66c4cd04b0e118feb24f6636":null,"fave_mortgage_cal":null,"_air_wp_sync_record_id":null,"_air_wp_sync_hash":null,"_air_wp_sync_importer_id":null,"_air_wp_sync_updated_at":null,"external_listing_link":null,"fave_property_map_address":null,"fave_multi_units_ids":null,"$wpml_language$":null,"fave_virtual_tour":null,"fave_gross-external-area":null,"_houzez_expiration_date":null,"_houzez_expiration_date_options":null,"floor_plans":null,"_oembed_a17db82fa378d53b4dc6ed46e5344499":null,"_oembed_da390569a339f4d7147d95cfb8c04c12":null,"_oembed_6a3eda5947bcc098660397ca8e21a941":null,"fave_roof-angle":null,"fave_seo-content":null,"_oembed_a7b8941eeee966e7350aede20b4d62be":null,"_oembed_time_a7b8941eeee966e7350aede20b4d62be":null,"additional_features":null,"fave_multi_units":null,"_oembed_716f56b62500685a7dd15ea2ec7579bd":null,"_oembed_time_716f56b62500685a7dd15ea2ec7579bd":null,"_oembed_8ececd3dd2598a4aedb5dfc82df2a0f6":null,"_oembed_time_8ececd3dd2598a4aedb5dfc82df2a0f6":null,"_oembed_4cef7884ea6ef16d48cd8675b12e440d":null,"fave_property_garage_size":null,"_oembed_5c1eaf7b40f4e3a3089b38beb88ba480":null,"fave_property_zip":null,"_oembed_ccdd6e0304386ece64b3b91f572b0be4":null,"_oembed_ae30d19e3e861b389146a1ccc2828104":null,"fave_property_rooms":null,"fave_property_year":null,"two_page_speed":null,"fave_year_established":null,"Status":null,"_oembed_5b2d8d2cf33b469c98e488ea5b118c30":null,"WPML Language Code":null,"_links":{"self":[{"href":"https:\/\/staging.spassio.com\/de\/wp-json\/wp\/v2\/pages\/58688","targetHints":{"allow":["GET"]}}],"collection":[{"href":"https:\/\/staging.spassio.com\/de\/wp-json\/wp\/v2\/pages"}],"about":[{"href":"https:\/\/staging.spassio.com\/de\/wp-json\/wp\/v2\/types\/page"}],"author":[{"embeddable":true,"href":"https:\/\/staging.spassio.com\/de\/wp-json\/wp\/v2\/users\/194"}],"replies":[{"embeddable":true,"href":"https:\/\/staging.spassio.com\/de\/wp-json\/wp\/v2\/comments?post=58688"}],"version-history":[{"count":0,"href":"https:\/\/staging.spassio.com\/de\/wp-json\/wp\/v2\/pages\/58688\/revisions"}],"wp:featuredmedia":[{"embeddable":true,"href":"https:\/\/staging.spassio.com\/de\/wp-json\/wp\/v2\/media\/34836"}],"wp:attachment":[{"href":"https:\/\/staging.spassio.com\/de\/wp-json\/wp\/v2\/media?parent=58688"}],"curies":[{"name":"wp","href":"https:\/\/api.w.org\/{rel}","templated":true}]}}