{"id":58689,"date":"2023-01-22T11:29:28","date_gmt":"2023-01-22T10:29:28","guid":{"rendered":"https:\/\/staging.spassio.com\/wie-man-einen-hersteller-von-fertighaeusern-auswaehlt\/"},"modified":"2023-09-29T22:28:17","modified_gmt":"2023-09-29T21:28:17","slug":"wie-man-einen-fertighaushersteller-auswaehlt","status":"publish","type":"page","link":"https:\/\/staging.spassio.com\/de\/wie-man-einen-fertighaushersteller-auswaehlt\/","title":{"rendered":"Wie man einen Fertighaushersteller ausw\u00e4hlt"},"content":{"rendered":"<p>Die <strong>Wahl des richtigen Herstellers<\/strong> f\u00fcr Ihr Projekt beginnt damit, dass Sie verschiedene Unternehmen vergleichen und pr\u00fcfen, welche das von Ihnen gew\u00fcnschte Haus liefern k\u00f6nnen.<\/p>\n<p>Da Fertigh\u00e4user in einem hochgradig mechanisierten Verfahren gebaut werden, ist das Haus auf die Fertigung ausgerichtet. Wenn Sie sich also f\u00fcr ein Fertighausunternehmen entscheiden, entscheiden Sie sich f\u00fcr ein komplettes Team von Architekten, Designern und Bauunternehmern, was diese Auswahl zu einem kritischen Schritt im Fertighausbauprozess macht.<\/p>\n<figure id=\"attachment_33325\" aria-describedby=\"caption-attachment-33325\" style=\"width: 1024px\" class=\"wp-caption alignnone\"><img fetchpriority=\"high\" decoding=\"async\" class=\"wp-image-33325 size-large\" src=\"https:\/\/staging.spassio.com\/wp-content\/uploads\/2023\/01\/choose-prefab-manufacturer-1024x768.jpg\" alt=\"Fertighaushersteller w\u00e4hlen\" width=\"1024\" height=\"768\" srcset=\"https:\/\/staging.spassio.com\/wp-content\/uploads\/2023\/01\/choose-prefab-manufacturer-1024x768.jpg 1024w, https:\/\/staging.spassio.com\/wp-content\/uploads\/2023\/01\/choose-prefab-manufacturer-300x225.jpg 300w, https:\/\/staging.spassio.com\/wp-content\/uploads\/2023\/01\/choose-prefab-manufacturer-768x576.jpg 768w, https:\/\/staging.spassio.com\/wp-content\/uploads\/2023\/01\/choose-prefab-manufacturer-1536x1152.jpg 1536w, https:\/\/staging.spassio.com\/wp-content\/uploads\/2023\/01\/choose-prefab-manufacturer-592x444.jpg 592w, https:\/\/staging.spassio.com\/wp-content\/uploads\/2023\/01\/choose-prefab-manufacturer-584x438.jpg 584w, https:\/\/staging.spassio.com\/wp-content\/uploads\/2023\/01\/choose-prefab-manufacturer-800x600.jpg 800w, https:\/\/staging.spassio.com\/wp-content\/uploads\/2023\/01\/choose-prefab-manufacturer-120x90.jpg 120w, https:\/\/staging.spassio.com\/wp-content\/uploads\/2023\/01\/choose-prefab-manufacturer-496x372.jpg 496w, https:\/\/staging.spassio.com\/wp-content\/uploads\/2023\/01\/choose-prefab-manufacturer.jpg 1600w\" sizes=\"(max-width: 1024px) 100vw, 1024px\" \/><figcaption id=\"caption-attachment-33325\" class=\"wp-caption-text\">Abb. 1. Einblick in die Fabrik des Herstellers Modern Modular<\/figcaption><\/figure>\n<h2>Schauen Sie sich an, welche Art von Haus der Hersteller anbietet<\/h2>\n<p>Angesichts der Mechanisierung des Fertigbauverfahrens sind die Hersteller in der Regel recht spezialisiert. Daher halten sie sich im Allgemeinen an eine bestimmte \u00c4sthetik und einen bestimmten Typ von Fertigh\u00e4usern.<\/p>\n<p>Die Auswahl eines Herstellers beginnt damit, dass Sie sich dar\u00fcber klar werden, welche Art von Haus Sie suchen, und dies mit dem Angebot des Herstellers vergleichen:<\/p>\n<ul>\n<li>Die allgemeine \u00c4sthetik: Die meisten der von den einzelnen Herstellern angebotenen H\u00e4user sind in demselben architektonischen Stil gebaut. Einige Hersteller bauen ihre H\u00e4user im traditionellen Stil, andere entscheiden sich f\u00fcr einen rustikalen Stil, und wieder andere ziehen es vor, modern aussehende H\u00e4user zu entwerfen. Ein schneller Blick auf das <a href=\"https:\/\/staging.spassio.com\/manufacturers\/\">Profil eines Unternehmens<\/a> vermittelt Ihnen einen Eindruck von der allgemeinen \u00c4sthetik des Herstellers.<\/li>\n<li>Fertigh\u00e4user auf Fundamenten oder R\u00e4dern: Die meisten Hersteller konstruieren ihre Fertigh\u00e4user so, dass sie au\u00dferhalb der Baustelle gebaut, aber auf einem festen Fundament montiert werden. Daher unterscheidet sich das Haus nicht von einem traditionell gebauten Haus und bedarf einer Baugenehmigung. Einige Hersteller bieten jedoch eine Alternative auf R\u00e4dern an. Diese Fertigh\u00e4user \u00e4hneln eher einem Mobile Home als einer herk\u00f6mmlichen Konstruktion und k\u00f6nnen in der Regel ohne Baugenehmigung erworben werden. Diese Fertigh\u00e4user \u00e4hneln eher einem Mobile Home als einer herk\u00f6mmlichen Konstruktion und k\u00f6nnen in der Regel ohne Baugenehmigung erworben werden.<\/li>\n<li>Vorgefertigte Projekte oder H\u00e4user nach Ma\u00df: Die Hersteller bieten zwei Gestaltungsm\u00f6glichkeiten an: Vorgefertigte Entw\u00fcrfe <a href=\"https:\/\/staging.spassio.com\/manufacturer\/nomad-container\/\">oder Sonderanfertigungen<\/a>. Vorgefertigte Fertigh\u00e4user werden in einer katalog\u00e4hnlichen Liste angezeigt, aus der der Kunde ausw\u00e4hlen kann, w\u00e4hrend Fertigh\u00e4user nach Ma\u00df vom Hersteller von Grund auf nach den einzigartigen Spezifikationen des Kunden entworfen werden. Einige Hersteller bieten beide M\u00f6glichkeiten an, die meisten konzentrieren sich jedoch auf eine der beiden M\u00f6glichkeiten.<\/li>\n<\/ul>\n<h2>Sehen Sie sich den Lieferumfang des Herstellers an<\/h2>\n<p>Alle Hersteller planen und bauen ihre H\u00e4user in einer fabrik\u00e4hnlichen Umgebung. Die Elemente und Leistungen, die in ihrem Paket enthalten sind, k\u00f6nnen jedoch von Hersteller zu Hersteller sehr unterschiedlich sein.<\/p>\n<p>Bei der Auswahl eines Herstellers ist es wichtig, die von den einzelnen Herstellern angebotenen Pakete zu pr\u00fcfen, um zu wissen, welches f\u00fcr Sie am besten geeignet ist.<\/p>\n<ul>\n<li>Das Paket des Hauses: Die Fertigh\u00e4user k\u00f6nnen entweder voll m\u00f6bliert geliefert werden, wie das <a href=\"https:\/\/staging.spassio.com\/models\/keu-mobile-home-keu\/\">Modell Keu<\/a>, das sofort bewohnbar ist, oder als leeres, bezugsfertiges Haus, das jedoch noch darauf wartet, vom Eigent\u00fcmer eingerichtet zu werden. Analysieren Sie, welche Option f\u00fcr Sie am besten geeignet ist, und schauen Sie, welcher Hersteller Ihre bevorzugte Wahl anbietet. Die meisten der im Hauspaket enthaltenen Elemente k\u00f6nnen individuell angepasst werden. Der Umfang der individuellen Gestaltung ist jedoch von Unternehmen zu Unternehmen unterschiedlich, da er von der pers\u00f6nlichen Gestaltung der Oberfl\u00e4chen bis hin zur Verwendung hochwertigerer Materialien oder sogar zur kompletten Neugestaltung des Hauses reichen kann.<\/li>\n<li>Logistik: In der Regel wird der Transport der vorgefertigten Einheit zum Grundst\u00fcck sowie die Montage auf den Fundamenten vom Hersteller \u00fcbernommen. Das ist jedoch nicht immer der Fall. Es kann einen gro\u00dfen Unterschied machen, wenn man sich vergewissert, dass ein vom Hersteller bereitgestelltes Team das Haus vor Ort zusammenbaut.<\/li>\n<li>Bodenvorbereitung und Arbeiten vor Ort: In der Regel bieten die Hersteller solche Dienstleistungen nicht an. Infolgedessen sind zus\u00e4tzliche Fachleute, wie z. B. ein lokales Bauunternehmen f\u00fcr die Vorbereitung des Grundst\u00fccks und die Durchf\u00fchrung der Bauarbeiten vor Ort erforderlich. Einige Hersteller, wie z.B. <a href=\"https:\/\/staging.spassio.com\/manufacturer\/vmodul\/\">VMODUL<\/a>, entscheiden sich jedoch daf\u00fcr, ihr Angebot zu erweitern und sich um jeden Schritt selbst zu k\u00fcmmern: von der Einholung der Baugenehmigung \u00fcber die Grundst\u00fccksvorbereitung bis hin zum Abschluss der Arbeiten vor Ort. Im Allgemeinen werden Arbeiten wie Landschaftsbau, Gartenbau und Poolbau von den Herstellern nicht angeboten, aber wir empfehlen Ihnen, sich mit ihnen in Verbindung zu setzen, da Sie so am besten wissen, was sie f\u00fcr Sie tun k\u00f6nnen.<\/li>\n<\/ul>\n<figure id=\"attachment_33324\" aria-describedby=\"caption-attachment-33324\" style=\"width: 1024px\" class=\"wp-caption alignnone\"><img decoding=\"async\" class=\"wp-image-33324 size-large\" src=\"https:\/\/staging.spassio.com\/wp-content\/uploads\/2023\/01\/transportation-koleliba-prefab-house-1024x768.jpg\" alt=\"Lieferung eines Koleliba-Fertighauses\" width=\"1024\" height=\"768\" srcset=\"https:\/\/staging.spassio.com\/wp-content\/uploads\/2023\/01\/transportation-koleliba-prefab-house-1024x768.jpg 1024w, https:\/\/staging.spassio.com\/wp-content\/uploads\/2023\/01\/transportation-koleliba-prefab-house-300x225.jpg 300w, https:\/\/staging.spassio.com\/wp-content\/uploads\/2023\/01\/transportation-koleliba-prefab-house-768x576.jpg 768w, https:\/\/staging.spassio.com\/wp-content\/uploads\/2023\/01\/transportation-koleliba-prefab-house-1536x1152.jpg 1536w, https:\/\/staging.spassio.com\/wp-content\/uploads\/2023\/01\/transportation-koleliba-prefab-house-592x444.jpg 592w, https:\/\/staging.spassio.com\/wp-content\/uploads\/2023\/01\/transportation-koleliba-prefab-house-584x438.jpg 584w, https:\/\/staging.spassio.com\/wp-content\/uploads\/2023\/01\/transportation-koleliba-prefab-house-800x600.jpg 800w, https:\/\/staging.spassio.com\/wp-content\/uploads\/2023\/01\/transportation-koleliba-prefab-house-120x90.jpg 120w, https:\/\/staging.spassio.com\/wp-content\/uploads\/2023\/01\/transportation-koleliba-prefab-house-496x372.jpg 496w, https:\/\/staging.spassio.com\/wp-content\/uploads\/2023\/01\/transportation-koleliba-prefab-house.jpg 1600w\" sizes=\"(max-width: 1024px) 100vw, 1024px\" \/><figcaption id=\"caption-attachment-33324\" class=\"wp-caption-text\">Abb. 2. Lieferung eines <a href=\"https:\/\/staging.spassio.com\/manufacturer\/koleliba\/\">Koleliba-Fertighauses<\/a> vom Hersteller zum Grundst\u00fcck<\/figcaption><\/figure>\n<h2>Stellen Sie sicher, dass der Hersteller Sie beliefern kann<\/h2>\n<p>Ein Hersteller, der den von Ihnen gew\u00fcnschten Haustyp mit den f\u00fcr Sie wichtigen spezifischen Merkmalen liefern kann, ist auf jeden Fall eine gute Wahl. Dennoch k\u00f6nnen einige zus\u00e4tzliche Aspekte die Wahl eines guten Herstellers zur besten Wahl machen.<\/p>\n<ul>\n<li>M\u00f6glichkeit der Besichtigung eines bereits gebauten Modells: Einige Unternehmen, wie z. B. <a href=\"https:\/\/staging.spassio.com\/manufacturer\/suuna\/\">\u0160uuna<\/a>, bieten diesen zus\u00e4tzlichen Kundenservice an, damit Sie sich ein genaues Bild davon machen k\u00f6nnen, wie das fertige Haus aussehen wird.<\/li>\n<li>Au\u00dfergew\u00f6hnliche Garantieleistungen und Wartungsdienste: Alle Fertighaushersteller bieten irgendeine Art von Produktgarantie an, die allerdings sehr unterschiedlich ausf\u00e4llt. Die Dauer dieses Zeitraums ist f\u00fcr die verschiedenen Teile des Hauses unterschiedlich, wobei die Garantie f\u00fcr die Grundkonstruktion immer am l\u00e4ngsten ist. Achten Sie auf die Hersteller mit besserem Versicherungsschutz, die nicht nur w\u00e4hrend der Garantiezeit, sondern auch nach deren Ablauf Wartungs- und Reparaturdienste anbieten.<\/li>\n<li>Umfassende Erfahrung in der Branche: Je mehr Projekte ein Unternehmen durchgef\u00fchrt hat, desto geringer ist die Wahrscheinlichkeit, dass beim Bau Ihres neuen Hauses unerwartete Probleme auftreten.<\/li>\n<li>Ausgezeichneter Ruf: Eine der hilfreichsten Methoden, um herauszufinden, ob Sie sich f\u00fcr einen seri\u00f6sen Hersteller entscheiden, ist die Lekt\u00fcre der Bewertungen fr\u00fcherer Kunden. Au\u00dferdem wurden einige Unternehmen wie <a href=\"https:\/\/staging.spassio.com\/manufacturer\/brette-haus\/\">Brette Haus<\/a> und <a href=\"https:\/\/staging.spassio.com\/manufacturer\/nomad-container\/\">Nomad Container<\/a> von verschiedenen Medien ausgezeichnet oder anerkannt, was ein Zeichen f\u00fcr Zuverl\u00e4ssigkeit sein k\u00f6nnte.<\/li>\n<\/ul>\n","protected":false},"excerpt":{"rendered":"<p>Die Wahl des richtigen Herstellers f\u00fcr Ihr Projekt beginnt damit, dass Sie verschiedene Unternehmen vergleichen und pr\u00fcfen, welche das von Ihnen gew\u00fcnschte Haus liefern k\u00f6nnen. Da Fertigh\u00e4user in einem hochgradig mechanisierten Verfahren gebaut werden, ist das Haus auf die Fertigung ausgerichtet. Wenn Sie sich also f\u00fcr ein Fertighausunternehmen entscheiden, entscheiden Sie sich f\u00fcr ein komplettes [&hellip;]<\/p>\n","protected":false},"author":194,"featured_media":57073,"parent":0,"menu_order":0,"comment_status":"closed","ping_status":"closed","template":"","meta":{"content-type":"","_FSMCFIC_featured_image_caption":"","_FSMCFIC_featured_image_nocaption":"","_FSMCFIC_featured_image_hide":"","footnotes":""},"class_list":["post-58689","page","type-page","status-publish","has-post-thumbnail","hentry"],"_wp_attached_file":null,"_wp_attachment_metadata":null,"_wp_attachment_backup_sizes":null,"siteground_optimizer_webp_conversion_attempts":null,"siteground_optimizer_is_converted_to_webp":null,"siteground_optimizer_optimization_attempts":null,"siteground_optimizer_optimization_failed":null,"wpml_media_processed":null,"_wp_attachment_image_alt":null,"siteground_optimizer_is_optimized":null,"siteground_optimizer_webp_conversion_failed":null,"_elementor_source_image_hash":null,"siteground_optimizer_compression_level":null,"_elementor_inline_svg":null,"_imagify_optimization_level":null,"_imagify_status":null,"_imagify_data":null,"siteground_optimizer_original_filesize":null,"wpse_external_file_url":null,"fave_currency":null,"fave_currency_info":null,"fave_property_id":null,"fave_property_map":null,"fave_property_location":null,"houzez_geolocation_lat":null,"houzez_geolocation_long":null,"fave_property_map_street_view":null,"fave_featured":null,"fave_loggedintoview":null,"fave_agent_display_option":null,"fave_prop_homeslider":null,"fave_single_top_area":null,"fave_single_content_area":null,"_yoast_wpseo_primary_property_type":null,"_yoast_wpseo_primary_property_feature":null,"_yoast_wpseo_primary_property_label":null,"_yoast_wpseo_primary_property_country":null,"houzez_manual_expire":null,"_houzez_expiration_date_status":null,"houzez_total_property_views":null,"houzez_views_by_date":null,"houzez_recently_viewed":null,"fave_property_price":null,"fave_property_price_prefix":null,"fave_property_size":null,"fave_property_bathrooms":null,"fave_property_garage":null,"fave_levels":null,"fave_roof-type":null,"fave_construction-type":null,"fave_video_url":null,"fave_video_image":null,"fave_payment_status":null,"fave_property_agency":null,"fave_countries":null,"fave_sleeps":null,"_yoast_wpseo_primary_property_status":null,"fave_property_images":null,"fave_attachments":null,"technical_description":null,"houzez_featured_listing_date":null,"fave_property_size_prefix":null,"fave_property_bedrooms":null,"fave_property_price_postfix":null,"fave_production-time-in-weeks":null,"fave_building-time-in-days":null,"fave_window-glazing":null,"_yoast_wpseo_primary_feature-2":null,"_yoast_wpseo_primary_feature-3":null,"fave_warranty-in-years":null,"fave_property_land":null,"fave_property_land_postfix":null,"wpsebeba57d406-00de-d339-8c02-3956a916f506":null,"_oembed_eefb35903900c5c166d55ccf7fc62a8a":null,"_oembed_30948e80c1a853da0b519e72c40d2e13":null,"_oembed_0b78a31d7c7e6041adc064d46c40f98b":null,"_oembed_42c2c13b5902a21593b1d521556aea88":null,"_oembed_4fb58e495f37e206f97738a42dbe566f":null,"_oembed_b2828bee61bd9076cd21ece641de7abc":null,"_oembed_0c92428c960763e658977ce4918863f4":null,"_oembed_02b72dc3d26bdba6ff900a268ade2517":null,"_oembed_8c819834f7fc0b74364aa34a8193f46f":null,"_oembed_088962b77808b37d57abe5c8143f9652":null,"_oembed_dfae0e674c59ba061a82b330fc7fdea0":null,"_oembed_74e5075f66c4cd04b0e118feb24f6636":null,"fave_mortgage_cal":null,"_air_wp_sync_record_id":null,"_air_wp_sync_hash":null,"_air_wp_sync_importer_id":null,"_air_wp_sync_updated_at":null,"external_listing_link":null,"fave_property_map_address":null,"fave_multi_units_ids":null,"$wpml_language$":null,"fave_virtual_tour":null,"fave_gross-external-area":null,"_houzez_expiration_date":null,"_houzez_expiration_date_options":null,"floor_plans":null,"_oembed_a17db82fa378d53b4dc6ed46e5344499":null,"_oembed_da390569a339f4d7147d95cfb8c04c12":null,"_oembed_6a3eda5947bcc098660397ca8e21a941":null,"fave_roof-angle":null,"fave_seo-content":null,"_oembed_a7b8941eeee966e7350aede20b4d62be":null,"_oembed_time_a7b8941eeee966e7350aede20b4d62be":null,"additional_features":null,"fave_multi_units":null,"_oembed_716f56b62500685a7dd15ea2ec7579bd":null,"_oembed_time_716f56b62500685a7dd15ea2ec7579bd":null,"_oembed_8ececd3dd2598a4aedb5dfc82df2a0f6":null,"_oembed_time_8ececd3dd2598a4aedb5dfc82df2a0f6":null,"_oembed_4cef7884ea6ef16d48cd8675b12e440d":null,"fave_property_garage_size":null,"_oembed_5c1eaf7b40f4e3a3089b38beb88ba480":null,"fave_property_zip":null,"_oembed_ccdd6e0304386ece64b3b91f572b0be4":null,"_oembed_ae30d19e3e861b389146a1ccc2828104":null,"fave_property_rooms":null,"fave_property_year":null,"two_page_speed":null,"fave_year_established":null,"Status":null,"_oembed_5b2d8d2cf33b469c98e488ea5b118c30":null,"WPML Language Code":null,"_links":{"self":[{"href":"https:\/\/staging.spassio.com\/de\/wp-json\/wp\/v2\/pages\/58689","targetHints":{"allow":["GET"]}}],"collection":[{"href":"https:\/\/staging.spassio.com\/de\/wp-json\/wp\/v2\/pages"}],"about":[{"href":"https:\/\/staging.spassio.com\/de\/wp-json\/wp\/v2\/types\/page"}],"author":[{"embeddable":true,"href":"https:\/\/staging.spassio.com\/de\/wp-json\/wp\/v2\/users\/194"}],"replies":[{"embeddable":true,"href":"https:\/\/staging.spassio.com\/de\/wp-json\/wp\/v2\/comments?post=58689"}],"version-history":[{"count":0,"href":"https:\/\/staging.spassio.com\/de\/wp-json\/wp\/v2\/pages\/58689\/revisions"}],"wp:featuredmedia":[{"embeddable":true,"href":"https:\/\/staging.spassio.com\/de\/wp-json\/wp\/v2\/media\/57073"}],"wp:attachment":[{"href":"https:\/\/staging.spassio.com\/de\/wp-json\/wp\/v2\/media?parent=58689"}],"curies":[{"name":"wp","href":"https:\/\/api.w.org\/{rel}","templated":true}]}}