{"id":58694,"date":"2022-09-03T19:27:01","date_gmt":"2022-09-03T18:27:01","guid":{"rendered":"https:\/\/staging.spassio.com\/leitfaden-zum-fundament-fuer-ein-modulares-haus\/"},"modified":"2023-09-25T16:35:17","modified_gmt":"2023-09-25T15:35:17","slug":"leitfaden-zum-fundament-fuer-ein-modulhaus","status":"publish","type":"page","link":"https:\/\/staging.spassio.com\/de\/leitfaden-zum-fundament-fuer-ein-modulhaus\/","title":{"rendered":"Leitfaden zum Fundament f\u00fcr ein Modulhaus"},"content":{"rendered":"<p>Alle Modulh\u00e4user m\u00fcssen auf einem festen Fundament errichtet werden, und obwohl sie au\u00dferhalb der Baustelle gebaut werden, gilt das Modulhaus erst dann als vollst\u00e4ndig, wenn die vorgefertigten Module auf dem Fundament befestigt sind. Das Hauptziel des Fundaments ist es, dem <a href=\"https:\/\/staging.spassio.com\/categories\/modular-houses\/\">Modulhaus<\/a> durch die Schaffung einer soliden Basis Stabilit\u00e4t zu verleihen. Dabei ist es wichtig, die richtige Art von Fundament zu w\u00e4hlen, wobei Faktoren wie die Bodenbeschaffenheit oder die bauliche Konstruktion des Hauses zu ber\u00fccksichtigen sind.<\/p>\n<h2>Die wichtigsten Dinge, die Sie \u00fcber Fundamente f\u00fcr Modulh\u00e4user wissen sollten<\/h2>\n<h3>1. Es wird empfohlen, ein Bodengutachten zu erstellen<\/h3>\n<p>Im Vereinigten K\u00f6nigreich und in den meisten europ\u00e4ischen L\u00e4ndern ist ein Bodengutachten nicht erforderlich, wird aber dringend empfohlen. Eine geotechnische Untersuchung liefert eine detaillierte Zusammensetzung der tieferen Bodenschichten. Diese Informationen helfen dabei, die beste Art von <a href=\"https:\/\/staging.spassio.com\/glossary\/foundation\/\">Fundament<\/a> zu definieren und das Risiko zu vermeiden, bei den Aushubarbeiten auf b\u00f6se \u00dcberraschungen zu sto\u00dfen.<\/p>\n<h3>2. Der Hersteller von Modulh\u00e4usern ist h\u00e4ufig f\u00fcr den Bau der Fundamente zust\u00e4ndig<\/h3>\n<p>Einige Hersteller von Modulh\u00e4usern k\u00fcmmern sich um den gesamten Bauprozess, einschlie\u00dflich der Installation der Fundamente vor Ort. Die Hersteller, die diesen Service nicht anbieten, verlangen von Ihnen, dass Sie ein Bauunternehmen mit dem Bau der Fundamente beauftragen, sind Ihnen aber bei der Auswahl und dem Bau der Fundamente behilflich sind.<\/p>\n<h3>3. Die Module werden direkt mit dem Fundament verbunden<\/h3>\n<p>Die Roh-Module, Ihres Modulhauses werden in einer fabrik\u00e4hnlichen Umgebung hergestellt und nach Fertigstellung auf die Baustelle geliefert. Dort werden sie mit einem Kran angehoben und in der Regel mit Verbindern oder Bolzen auf den Fundamenten befestigt. Der Verbinder oder Bolzen wird in der Regel sowohl mit dem Modul als auch mit dem Fundament verschwei\u00dft<a href=\"#_ftn1\" name=\"_ftnref1\">[1<\/a>].<\/p>\n<h2>Welche Art von Fundament ist f\u00fcr ein Modulhaus erforderlich?<\/h2>\n<p>Es gibt f\u00fcnf Haupttypen von Dauer-Fundamenten, die \u00fcblicherweise f\u00fcr modulare Konstruktionen verwendet werden. Diese unterscheiden sich nicht von den Fundamenten, die f\u00fcr die Errichtung eines traditionellen, vor Ort gebauten Hauses verwendet werden.<\/p>\n<h3>Fundamentplatte<\/h3>\n<p>Eine Fundamentplatte ist eine Art flaches Fundament, das aus einer Betonplatte besteht, die waagerecht auf dem Boden liegt und die gesamte Grundfl\u00e4che des Hauses abdeckt. Um die Widerstandsf\u00e4higkeit und Haltbarkeit des Fundaments zu verbessern, wird die Betonplatte im Allgemeinen mit Stahlst\u00e4ben verst\u00e4rkt und an den R\u00e4ndern verdickt.<\/p>\n<p>Die Aushubarbeiten, die f\u00fcr die Installation dieser Art von Fundamenten erforderlich sind, sind minimal, da die Fl\u00f6\u00dfe im Grunde auf einem ebenen Bodenbett stehen. Daher ist diese Art von Fundamenten in der Regel schneller und billiger zu bauen.<\/p>\n<h3>Einzelfundament<\/h3>\n<p>Einzelfundamente sind eine Art von Flachfundamenten, die aus einer Reihe von quadratischen, rechteckigen oder runden Pf\u00e4hlen bestehen, die in der Regel unter der Erde platziert werden. Diese Polster sind meist aus Stahlbeton und gleichm\u00e4\u00dfig verteilt. Einzelfundamente sind bei der traditionellen Bauweise sehr verbreitet, bei Modulh\u00e4usern jedoch nicht so h\u00e4ufig.<\/p>\n<p>Modulh\u00e4user werden meist mit Strukturen gebaut, die aus tragenden W\u00e4nden bestehen, und die einzelnen Punkte sind so konzipiert, dass sie strukturelle S\u00e4ulen tragen. In manchen Situationen, z. B. bei Hanglagen, sind Einzelfundamente eine gute L\u00f6sung, um schwere Aushubarbeiten zu vermeiden. Um das Haus mit dem Fundament zu verbinden, ist es jedoch erforderlich, eine zus\u00e4tzliche horizontale Struktur unter den Hausw\u00e4nden anzubringen.<\/p>\n<h3>Streifen- oder Wandfundamente<\/h3>\n<p>Streifen- oder Wandfundamente sind eine sehr verbreitete Art von Flachfundamenten in der Modulbauweise. Sie \u00e4hneln einem Einzelfundament, das in diesem Fall jedoch nicht aus mehreren Punkten besteht, sondern als ein durchgehender Plattenstreifen gebaut wird. Dieses Fundament wird direkt unter den tragenden W\u00e4nden des Hauses mit einer Breite angelegt, die im Allgemeinen das zwei- bis dreifache der Wandbreiten betr\u00e4gt.<\/p>\n<h3>Tiefgr\u00fcndige Fundamente<\/h3>\n<p>Diese Art von Fundamenten wird nur verwendet, wenn der Boden an der Oberfl\u00e4che nicht stabil genug ist. Damit die Fundamente ordnungsgem\u00e4\u00df funktionieren und den notwendigen Halt f\u00fcr das Modulhaus bieten, m\u00fcssen sie auf festem Boden stehen. Wenn die ersten Bodenschichten nicht stabil genug sind, um die Fundamente zu tragen, muss tiefer gegraben werden, bis ein besserer Boden gefunden wird.<\/p>\n<p>Es gibt verschiedene Arten von Tiefgr\u00fcndungen, wobei bei Wohngeb\u00e4uden Pfahl- oder Schraubpfahlgr\u00fcndungen am h\u00e4ufigsten vorkommen. Pf\u00e4hle sind lange Zylinder, die vor Ort gebaut oder vorgefertigt werden k\u00f6nnen und in der Regel aus verschiedenen Materialien wie Beton, Stahl oder Holz bestehen.<\/p>\n<h3>Kellerfundament<\/h3>\n<p>Es ist durchaus m\u00f6glich, ein Modulhaus auf einem Kellerfundament zu bauen. Diese Art von Fundamenten erfordert erhebliche Aushubarbeiten, was die Baukosten erh\u00f6ht. Dennoch lohnt sich in der Regel die Investition, da so zus\u00e4tzliche Quadratmeter geschaffen werden, die entweder als Wohn- oder Stauraum genutzt werden k\u00f6nnen.<\/p>\n<p>Das Kellergeschoss setzt sich aus zwei verschiedenen Bauteilen zusammen: einem Fundament und den W\u00e4nden, die in den meisten F\u00e4llen aus Stahlbeton bestehen. Die Module des Modulhauses selbst werden auf die Kellerw\u00e4nde gesetzt.<\/p>\n<p><img fetchpriority=\"high\" decoding=\"async\" class=\"alignnone wp-image-29240 size-large\" src=\"https:\/\/staging.spassio.com\/wp-content\/uploads\/2022\/09\/construction-contractors-1024x682.jpg\" alt=\"\" width=\"1024\" height=\"682\" srcset=\"https:\/\/staging.spassio.com\/wp-content\/uploads\/2022\/09\/construction-contractors-1024x682.jpg 1024w, https:\/\/staging.spassio.com\/wp-content\/uploads\/2022\/09\/construction-contractors-300x200.jpg 300w, https:\/\/staging.spassio.com\/wp-content\/uploads\/2022\/09\/construction-contractors-768x512.jpg 768w, https:\/\/staging.spassio.com\/wp-content\/uploads\/2022\/09\/construction-contractors-900x600.jpg 900w, https:\/\/staging.spassio.com\/wp-content\/uploads\/2022\/09\/construction-contractors-496x331.jpg 496w, https:\/\/staging.spassio.com\/wp-content\/uploads\/2022\/09\/construction-contractors.jpg 1280w\" sizes=\"(max-width: 1024px) 100vw, 1024px\" \/><\/p>\n<h2>Welches ist das beste Fundament f\u00fcr ein Modulhaus?<\/h2>\n<p>Jeder der oben beschriebenen Fundamenttypen kann einem in Modulbauweise errichteten Haus Stabilit\u00e4t bieten, wobei der beste Fundamenttyp von einem Modulhaus zum anderen variiert. Hier sind einige der wichtigsten Aspekte, die bei der Wahl des besten Fundamenttyps f\u00fcr ein Modulhaus zu ber\u00fccksichtigen sind:<\/p>\n<ul>\n<li><strong>Die Bodenbeschaffenheit<\/strong>: Die Zusammensetzung des Bodens ist einer der wichtigsten Aspekte, die zu ber\u00fccksichtigen sind, da die Fundamente auf einem soliden Untergrund stehen m\u00fcssen. Die Ermittlung weniger stabiler Schichten kann sehr hilfreich sein, um festzustellen, ob ein tiefgr\u00fcndiges Fundament erforderlich ist. Allerdings kann die Identifizierung von Elementen wie Felsen auch von Vorteil sein, da sie Ihnen Schwierigkeiten ersparen kann, wenn Sie sich f\u00fcr einen Aushub entscheiden.<\/li>\n<li><strong>Die Struktur des Modulhauses<\/strong>: Wenn Sie wissen, ob das Modulhaus mit einer tragenden Wandstruktur oder einer S\u00e4ulenstruktur gebaut wird, k\u00f6nnen Sie einen Fundamenttyp w\u00e4hlen, der sie zufrieden stellt, ohne dass der Bau zus\u00e4tzliche Kosten verursacht.<\/li>\n<li><strong>Die Topographie des Grundst\u00fccks<\/strong>: Die Ber\u00fccksichtigung der Topografie kann Ihnen helfen, den wirtschaftlichsten und sogar umweltfreundlichsten Fundamenttyp zu w\u00e4hlen. Flache B\u00f6den bieten in der Regel einen einfacheren Ausgangspunkt, was aber nicht bedeutet, dass man immer ausbaggern sollte, um das Gel\u00e4nde abzuflachen. Das Spiel mit der Topografie und den verschiedenen Arten von Fundamenten kann wirklich kosteng\u00fcnstige L\u00f6sungen bieten.<\/li>\n<li><strong>Das Know-how des Herstellers<\/strong>: Um ein solides und sicheres Fundament zu gew\u00e4hrleisten, sollte die Auswahl von den zust\u00e4ndigen Architekten und Ingenieuren vorgenommen werden. In der Regel k\u00fcmmert sich der Hersteller des Modulhauses um diese Dienstleistungen. In den F\u00e4llen, in denen die Fundamente von einer externen Firma gebaut werden, wird der Hersteller die notwendigen Hinweise geben, um sicherzustellen, dass der gew\u00e4hlte Typ am besten geeignet ist.<\/li>\n<\/ul>\n<p>Referenzen:<br \/>\n<a style=\"color: #3eb6a8;\" href=\"#_ftnref1\" name=\"_ftn1\">[1]<\/a>Pujadas Gispert, E. Vorgefertigte Fundamente f\u00fcr den Wohnungsbau, angewandt auf Raummodule Universitat Polit\u00e8cnica de Catalunya <a href=\"https:\/\/core.ac.uk\/download\/pdf\/81577177.pdf\">https:\/\/core.ac.uk\/download\/pdf\/81577177.pdf<\/a><br \/>\nAusgew\u00e4hltes Bild: <a href=\"https:\/\/staging.spassio.com\/models\/mevena-modern-exclusive-v1\/\">Modern Exclusive V1 von Mevena<\/a><\/p>\n","protected":false},"excerpt":{"rendered":"<p>Alle Modulh\u00e4user m\u00fcssen auf einem festen Fundament errichtet werden, und obwohl sie au\u00dferhalb der Baustelle gebaut werden, gilt das Modulhaus erst dann als vollst\u00e4ndig, wenn die vorgefertigten Module auf dem Fundament befestigt sind. Das Hauptziel des Fundaments ist es, dem Modulhaus durch die Schaffung einer soliden Basis Stabilit\u00e4t zu verleihen. Dabei ist es wichtig, die [&hellip;]<\/p>\n","protected":false},"author":194,"featured_media":29240,"parent":0,"menu_order":0,"comment_status":"closed","ping_status":"closed","template":"","meta":{"content-type":"","_FSMCFIC_featured_image_caption":"","_FSMCFIC_featured_image_nocaption":"","_FSMCFIC_featured_image_hide":"","footnotes":""},"class_list":["post-58694","page","type-page","status-publish","has-post-thumbnail","hentry"],"_wp_attached_file":null,"_wp_attachment_metadata":null,"_wp_attachment_backup_sizes":null,"siteground_optimizer_webp_conversion_attempts":null,"siteground_optimizer_is_converted_to_webp":null,"siteground_optimizer_optimization_attempts":null,"siteground_optimizer_optimization_failed":null,"wpml_media_processed":null,"_wp_attachment_image_alt":null,"siteground_optimizer_is_optimized":null,"siteground_optimizer_webp_conversion_failed":null,"_elementor_source_image_hash":null,"siteground_optimizer_compression_level":null,"_elementor_inline_svg":null,"_imagify_optimization_level":null,"_imagify_status":null,"_imagify_data":null,"siteground_optimizer_original_filesize":null,"wpse_external_file_url":null,"fave_currency":null,"fave_currency_info":null,"fave_property_id":null,"fave_property_map":null,"fave_property_location":null,"houzez_geolocation_lat":null,"houzez_geolocation_long":null,"fave_property_map_street_view":null,"fave_featured":null,"fave_loggedintoview":null,"fave_agent_display_option":null,"fave_prop_homeslider":null,"fave_single_top_area":null,"fave_single_content_area":null,"_yoast_wpseo_primary_property_type":null,"_yoast_wpseo_primary_property_feature":null,"_yoast_wpseo_primary_property_label":null,"_yoast_wpseo_primary_property_country":null,"houzez_manual_expire":null,"_houzez_expiration_date_status":null,"houzez_total_property_views":null,"houzez_views_by_date":null,"houzez_recently_viewed":null,"fave_property_price":null,"fave_property_price_prefix":null,"fave_property_size":null,"fave_property_bathrooms":null,"fave_property_garage":null,"fave_levels":null,"fave_roof-type":null,"fave_construction-type":null,"fave_video_url":null,"fave_video_image":null,"fave_payment_status":null,"fave_property_agency":null,"fave_countries":null,"fave_sleeps":null,"_yoast_wpseo_primary_property_status":null,"fave_property_images":null,"fave_attachments":null,"technical_description":null,"houzez_featured_listing_date":null,"fave_property_size_prefix":null,"fave_property_bedrooms":null,"fave_property_price_postfix":null,"fave_production-time-in-weeks":null,"fave_building-time-in-days":null,"fave_window-glazing":null,"_yoast_wpseo_primary_feature-2":null,"_yoast_wpseo_primary_feature-3":null,"fave_warranty-in-years":null,"fave_property_land":null,"fave_property_land_postfix":null,"wpsebeba57d406-00de-d339-8c02-3956a916f506":null,"_oembed_eefb35903900c5c166d55ccf7fc62a8a":null,"_oembed_30948e80c1a853da0b519e72c40d2e13":null,"_oembed_0b78a31d7c7e6041adc064d46c40f98b":null,"_oembed_42c2c13b5902a21593b1d521556aea88":null,"_oembed_4fb58e495f37e206f97738a42dbe566f":null,"_oembed_b2828bee61bd9076cd21ece641de7abc":null,"_oembed_0c92428c960763e658977ce4918863f4":null,"_oembed_02b72dc3d26bdba6ff900a268ade2517":null,"_oembed_8c819834f7fc0b74364aa34a8193f46f":null,"_oembed_088962b77808b37d57abe5c8143f9652":null,"_oembed_dfae0e674c59ba061a82b330fc7fdea0":null,"_oembed_74e5075f66c4cd04b0e118feb24f6636":null,"fave_mortgage_cal":null,"_air_wp_sync_record_id":null,"_air_wp_sync_hash":null,"_air_wp_sync_importer_id":null,"_air_wp_sync_updated_at":null,"external_listing_link":null,"fave_property_map_address":null,"fave_multi_units_ids":null,"$wpml_language$":null,"fave_virtual_tour":null,"fave_gross-external-area":null,"_houzez_expiration_date":null,"_houzez_expiration_date_options":null,"floor_plans":null,"_oembed_a17db82fa378d53b4dc6ed46e5344499":null,"_oembed_da390569a339f4d7147d95cfb8c04c12":null,"_oembed_6a3eda5947bcc098660397ca8e21a941":null,"fave_roof-angle":null,"fave_seo-content":null,"_oembed_a7b8941eeee966e7350aede20b4d62be":null,"_oembed_time_a7b8941eeee966e7350aede20b4d62be":null,"additional_features":null,"fave_multi_units":null,"_oembed_716f56b62500685a7dd15ea2ec7579bd":null,"_oembed_time_716f56b62500685a7dd15ea2ec7579bd":null,"_oembed_8ececd3dd2598a4aedb5dfc82df2a0f6":null,"_oembed_time_8ececd3dd2598a4aedb5dfc82df2a0f6":null,"_oembed_4cef7884ea6ef16d48cd8675b12e440d":null,"fave_property_garage_size":null,"_oembed_5c1eaf7b40f4e3a3089b38beb88ba480":null,"fave_property_zip":null,"_oembed_ccdd6e0304386ece64b3b91f572b0be4":null,"_oembed_ae30d19e3e861b389146a1ccc2828104":null,"fave_property_rooms":null,"fave_property_year":null,"two_page_speed":null,"fave_year_established":null,"Status":null,"_oembed_5b2d8d2cf33b469c98e488ea5b118c30":null,"WPML Language Code":null,"_links":{"self":[{"href":"https:\/\/staging.spassio.com\/de\/wp-json\/wp\/v2\/pages\/58694","targetHints":{"allow":["GET"]}}],"collection":[{"href":"https:\/\/staging.spassio.com\/de\/wp-json\/wp\/v2\/pages"}],"about":[{"href":"https:\/\/staging.spassio.com\/de\/wp-json\/wp\/v2\/types\/page"}],"author":[{"embeddable":true,"href":"https:\/\/staging.spassio.com\/de\/wp-json\/wp\/v2\/users\/194"}],"replies":[{"embeddable":true,"href":"https:\/\/staging.spassio.com\/de\/wp-json\/wp\/v2\/comments?post=58694"}],"version-history":[{"count":0,"href":"https:\/\/staging.spassio.com\/de\/wp-json\/wp\/v2\/pages\/58694\/revisions"}],"wp:featuredmedia":[{"embeddable":true,"href":"https:\/\/staging.spassio.com\/de\/wp-json\/wp\/v2\/media\/29240"}],"wp:attachment":[{"href":"https:\/\/staging.spassio.com\/de\/wp-json\/wp\/v2\/media?parent=58694"}],"curies":[{"name":"wp","href":"https:\/\/api.w.org\/{rel}","templated":true}]}}