{"id":58699,"date":"2022-11-20T23:59:57","date_gmt":"2022-11-20T22:59:57","guid":{"rendered":"https:\/\/staging.spassio.com\/wie-man-ein-fertighaus-energieeffizienter-macht-und-geld-spart\/"},"modified":"2023-09-29T22:28:10","modified_gmt":"2023-09-29T21:28:10","slug":"wie-man-ein-fertighaus-energieeffizienter-macht-und-geld-spart","status":"publish","type":"page","link":"https:\/\/staging.spassio.com\/de\/wie-man-ein-fertighaus-energieeffizienter-macht-und-geld-spart\/","title":{"rendered":"Wie man ein Fertighaus energieeffizienter macht und Geld spart"},"content":{"rendered":"<p>Der effektivste Weg, ein Fertighaus energieeffizienter zu machen und Geld bei den Nebenkosten zu sparen, ist die Integration aller Energieeffizienzmerkmale in das Design. Das wichtigste Designelement eines energieeffizienten Fertighauses ist die Au\u00dfenh\u00fclle, da sie die Trennung zwischen Innen- und Au\u00dfenbereich darstellt und daher angemessen isoliert sein und den W\u00e4rmeverlust so weit wie m\u00f6glich reduzieren sollte. Zwei zus\u00e4tzliche Ma\u00dfnahmen k\u00f6nnen die Energieeffizienz des Hauses jedoch erheblich verbessern: die Ausrichtung des Hauses unter Ber\u00fccksichtigung der nat\u00fcrlichen klimatischen Bedingungen des Gebiets und die Verwendung energieeffizienter Ger\u00e4te.<\/p>\n<h2>Was ist Energieeffizienz?<\/h2>\n<p>Energieeffizienz ist die Eigenschaft eines Hauses, weniger Energie zu verbrauchen und gleichzeitig ein komfortables Wohnumfeld zu bieten. Energieeffiziente H\u00e4user bieten in den Wintermonaten eine warme Umgebung, bleiben aber in den w\u00e4rmeren Jahreszeiten k\u00fchl, und trotzdem sind ihre Stromrechnungen sehr niedrig.<\/p>\n<h2>Platzierung und Ausrichtung eines energieeffizienten Fertighauses<\/h2>\n<p>Um ein energieeffizientes Fertighaus zu bauen, ist es wichtig, die klimatischen Bedingungen des Grundst\u00fccks zu kennen, auf dem das Haus errichtet werden soll. Sie sollten die Temperatur, den Sonnenverlauf und die Windverh\u00e4ltnisse im Jahresverlauf ber\u00fccksichtigen. Diese Informationen geben Ihnen Aufschluss dar\u00fcber, wohin das Haus ausgerichtet werden soll, und bieten Ihnen einen ersten Ansatz f\u00fcr die Gestaltung des Hauses.<\/p>\n<figure id=\"attachment_31561\" aria-describedby=\"caption-attachment-31561\" style=\"width: 1000px\" class=\"wp-caption alignnone\"><a href=\"https:\/\/staging.spassio.com\/models\/ilum-house-lund\/\"><img fetchpriority=\"high\" decoding=\"async\" class=\"wp-image-31561 size-full\" src=\"https:\/\/staging.spassio.com\/wp-content\/uploads\/2022\/11\/prefab-house-energy-efficient-save-money.webp\" alt=\"Wie man ein Fertighaus energieeffizienter macht und Geld spart\" width=\"1000\" height=\"750\" srcset=\"https:\/\/staging.spassio.com\/wp-content\/uploads\/2022\/11\/prefab-house-energy-efficient-save-money.webp 1000w, https:\/\/staging.spassio.com\/wp-content\/uploads\/2022\/11\/prefab-house-energy-efficient-save-money-300x225.webp 300w, https:\/\/staging.spassio.com\/wp-content\/uploads\/2022\/11\/prefab-house-energy-efficient-save-money-768x576.webp 768w, https:\/\/staging.spassio.com\/wp-content\/uploads\/2022\/11\/prefab-house-energy-efficient-save-money-592x444.webp 592w, https:\/\/staging.spassio.com\/wp-content\/uploads\/2022\/11\/prefab-house-energy-efficient-save-money-584x438.webp 584w, https:\/\/staging.spassio.com\/wp-content\/uploads\/2022\/11\/prefab-house-energy-efficient-save-money-800x600.webp 800w, https:\/\/staging.spassio.com\/wp-content\/uploads\/2022\/11\/prefab-house-energy-efficient-save-money-120x90.webp 120w, https:\/\/staging.spassio.com\/wp-content\/uploads\/2022\/11\/prefab-house-energy-efficient-save-money-496x372.webp 496w\" sizes=\"(max-width: 1000px) 100vw, 1000px\" \/><\/a><figcaption id=\"caption-attachment-31561\" class=\"wp-caption-text\"><em>Indem man die gro\u00dfen Fenster\u00f6ffnungen des <a href=\"https:\/\/staging.spassio.com\/models\/ilum-house-lund\/\">Hauses von IlumHouse<\/a> nach S\u00fcden ausrichtet, siorgt man daf\u00fcr, dass die Sonnenstrahlen die Innenr\u00e4ume gut aufheizen.<\/em><\/figcaption><\/figure>\n<p>Wenn Sie zum Beispiel ein <a href=\"\/\">Fertighaus<\/a> in einem k\u00e4lteren Klima wie dem Vereinigten K\u00f6nigreich oder Nordeuropa bauen, wollen Sie so viel Sonne wie m\u00f6glich hereinlassen, um den Innenraum auf nat\u00fcrliche Weise mit den Sonnenstrahlen zu heizen. Durch die Wahl eines <a href=\"https:\/\/staging.spassio.com\/models\/\">Fertighausmodells<\/a> mit gro\u00dfen Fenstern in einer Fassade und die Ausrichtung dieser Fassade nach S\u00fcden entsteht ein Treibhauseffekt, der die Innenr\u00e4ume angenehm erw\u00e4rmt. In diesem Fall ist es auch wichtig, dass nicht zu viele Fenster an Stellen angebracht werden, an denen starker Wind herrscht oder die Sonneneinstrahlung gering ist, da das zum W\u00e4rmeverlust beitr\u00e4gt.<\/p>\n<figure id=\"attachment_31561\" aria-describedby=\"caption-attachment-31561\" style=\"width: 1000px\" class=\"wp-caption alignnone\"><a href=\"https:\/\/staging.spassio.com\/models\/ilum-house-lund\/\"><img fetchpriority=\"high\" decoding=\"async\" class=\"wp-image-31561 size-full\" src=\"https:\/\/staging.spassio.com\/wp-content\/uploads\/2022\/11\/prefab-house-energy-efficient-save-money.webp\" alt=\"Wie man ein Fertighaus energieeffizienter macht und Geld spart\" width=\"1000\" height=\"750\" srcset=\"https:\/\/staging.spassio.com\/wp-content\/uploads\/2022\/11\/prefab-house-energy-efficient-save-money.webp 1000w, https:\/\/staging.spassio.com\/wp-content\/uploads\/2022\/11\/prefab-house-energy-efficient-save-money-300x225.webp 300w, https:\/\/staging.spassio.com\/wp-content\/uploads\/2022\/11\/prefab-house-energy-efficient-save-money-768x576.webp 768w, https:\/\/staging.spassio.com\/wp-content\/uploads\/2022\/11\/prefab-house-energy-efficient-save-money-592x444.webp 592w, https:\/\/staging.spassio.com\/wp-content\/uploads\/2022\/11\/prefab-house-energy-efficient-save-money-584x438.webp 584w, https:\/\/staging.spassio.com\/wp-content\/uploads\/2022\/11\/prefab-house-energy-efficient-save-money-800x600.webp 800w, https:\/\/staging.spassio.com\/wp-content\/uploads\/2022\/11\/prefab-house-energy-efficient-save-money-120x90.webp 120w, https:\/\/staging.spassio.com\/wp-content\/uploads\/2022\/11\/prefab-house-energy-efficient-save-money-496x372.webp 496w\" sizes=\"(max-width: 1000px) 100vw, 1000px\" \/><\/a><figcaption id=\"caption-attachment-31561\" class=\"wp-caption-text\"><em>Indem man die gro\u00dfen Fenster\u00f6ffnungen des <a href=\"https:\/\/staging.spassio.com\/models\/ilum-house-lund\/\">Hauses von IlumHouse<\/a> nach S\u00fcden ausrichtet, sorgt man daf\u00fcr, dass die Sonnenstrahlen die Innenr\u00e4ume gut aufheizen.<\/em><\/figcaption><\/figure>\n<p>Das Gegenteil gilt f\u00fcr H\u00e4user in w\u00e4rmeren Gebieten wie den Mittelmeerl\u00e4ndern. In diesen F\u00e4llen nutzt man die Informationen \u00fcber den Sonnenstand, um zu vermeiden, dass die Sonnenstrahlen im Sommer direkt auf die Fenster des Hauses treffen, w\u00e4hrend sie in den Wintermonaten willkommen sind. Da die Sonne in den Sommermonaten h\u00f6her steht, kann dies durch eine Ausrichtung der Fensterfassade nach S\u00fcden und eine vorgelagerte Pergola zum Schutz vor zu intensiver Sonneneinstrahlung erreicht werden.<\/p>\n<figure id=\"attachment_31560\" aria-describedby=\"caption-attachment-31560\" style=\"width: 1000px\" class=\"wp-caption alignnone\"><a href=\"https:\/\/staging.spassio.com\/models\/eestihouse-02-m\/\"><img decoding=\"async\" class=\"wp-image-31560 size-full\" src=\"https:\/\/staging.spassio.com\/wp-content\/uploads\/2022\/11\/eestihouse-o2-m-energy-efficiency.webp\" alt=\"\" width=\"1000\" height=\"563\" srcset=\"https:\/\/staging.spassio.com\/wp-content\/uploads\/2022\/11\/eestihouse-o2-m-energy-efficiency.webp 1000w, https:\/\/staging.spassio.com\/wp-content\/uploads\/2022\/11\/eestihouse-o2-m-energy-efficiency-300x169.webp 300w, https:\/\/staging.spassio.com\/wp-content\/uploads\/2022\/11\/eestihouse-o2-m-energy-efficiency-768x432.webp 768w, https:\/\/staging.spassio.com\/wp-content\/uploads\/2022\/11\/eestihouse-o2-m-energy-efficiency-496x279.webp 496w\" sizes=\"(max-width: 1000px) 100vw, 1000px\" \/><\/a><figcaption id=\"caption-attachment-31560\" class=\"wp-caption-text\"><em>Das <a href=\"https:\/\/staging.spassio.com\/models\/eestihouse-02-m\/\">EestiHouse 02-M<\/a> verf\u00fcgt \u00fcber eine \u00fcberdachte Terrasse vor der Hauptfensterfront, die im Sommer die Sonnenstrahlen abh\u00e4lt<\/em>.<\/figcaption><\/figure>\n<p>Ein bioklimatisches Verst\u00e4ndnis des Hauses kann Ihnen bei der Wahl eines energieeffizienten Designs und der Ausrichtung des Hauses helfen. Zwar ist die Art und Weise, wie das Haus gebaut wird, von entscheidender Bedeutung, doch sollten auch andere Elemente wie B\u00e4ume, Berge oder andere Geb\u00e4ude ber\u00fccksichtigt werden, da sie Schatten spenden und vor Wind sch\u00fctzen.<\/p>\n<h2>Gestaltung einer energieeffizienten thermischen H\u00fclle<\/h2>\n<p>Die H\u00fclle eines Hauses wird durch seine Au\u00dfenh\u00fclle definiert: die W\u00e4nde, die Fenster, das Dach und den Boden. Da die Geb\u00e4udeh\u00fclle die Barriere ist, die den komfortablen Innenraum von der \u00e4u\u00dferen Umgebung trennt, ist sie ein Schl\u00fcsselelement und sollte bei der Planung eines <a href=\"https:\/\/staging.spassio.com\/glossary\/energy-performance-or-energy-efficiency-of-a-building\/\">energieeffizienten<\/a> Hauses unbedingt ber\u00fccksichtigt werden.<\/p>\n<p>Ein energieeffizientes Fertighaus sollte stark isoliert sein und alle Elemente der Geb\u00e4udeh\u00fclle, einschlie\u00dflich Dach und Boden, abdecken. Elemente wie die D\u00e4mmstoffe, die Fenstertypen und die Luftdichtheit des Hauses sind bei der gesamten Geb\u00e4udeh\u00fclle zu ber\u00fccksichtigen.<\/p>\n<h3>Anforderungen an die Isolierung<\/h3>\n<p>Eine gute Hausisolierung sollte die W\u00e4nde einschlie\u00dfen und in warmen und kalten Klimazonen auch den Boden und das Dach nicht vergessen. Es gibt eine gro\u00dfe Auswahl an D\u00e4mmstoffen, aber im Folgenden finden Sie eine Liste der g\u00e4ngigsten D\u00e4mmstoffe, die in Fertigh\u00e4usern verwendet werden:<\/p>\n<table style=\"width: 646px;\" border=\"1.5\" cellspacing=\"1\" cellpadding=\"1\">\n<tbody>\n<tr>\n<td style=\"width: 133px; text-align: left;\"><strong>Isoliermaterial<\/strong><\/td>\n<td style=\"width: 267px; text-align: left;\"><strong>Kurzbeschreibung<\/strong><\/td>\n<td style=\"width: 222px; text-align: left;\"><strong>U-Wert bei 100 mm (W\/m2K) <a href=\"#_ftn1\" name=\"_ftnref1\">[1]<\/a><a href=\"#_ftn2\" name=\"_ftnref2\">[2]<\/a><\/strong><\/td>\n<\/tr>\n<tr>\n<td style=\"width: 133px;\">Strukturell isolierte Paneele (SIP)<\/td>\n<td style=\"width: 267px;\">Dieses Material ist einfach zu verlegen, da es das Strukturmaterial und die Isolierung zusammen enth\u00e4lt. Im Allgemeinen gibt es drei verschiedene D\u00e4mmstoffe, die in SIPs verwendet werden: expandiertes Polystyrol (EPS), extrudiertes Polystyrol (XPS) oder Polyurethanschaum (PUR).<\/td>\n<td style=\"text-align: center; width: 222px;\">EPS = 3,52XPS = 3PUR = 4,50<\/td>\n<\/tr>\n<tr>\n<td style=\"width: 133px;\">Schafwolle<\/td>\n<td style=\"width: 267px;\">Dieses Material ist nat\u00fcrlich, nachhaltig und sehr effizient. Es kann sowohl an W\u00e4nden als auch auf D\u00e4chern angebracht werden und hat trotz seines organischen Charakters eine lange Lebensdauer von 60 Jahren, ist schwer entflammbar und h\u00e4lt Insekten fern.<\/td>\n<td style=\"text-align: center; width: 222px;\">2.63<\/td>\n<\/tr>\n<tr>\n<td style=\"width: 133px;\">Glaswolle<\/td>\n<td style=\"width: 267px;\">Dieses Material ist zwar nicht nat\u00fcrlichen Ursprungs, hat aber einen positiven Einfluss auf die Umwelt, da es aus recycelten Glasflaschen hergestellt wird.<\/td>\n<td style=\"text-align: center; width: 222px;\">2.85<\/td>\n<\/tr>\n<tr>\n<td style=\"width: 133px;\">Steinwolle<\/td>\n<td style=\"width: 267px;\">Steinwolle ist ein sehr effizientes Material, da es eine gute W\u00e4rmed\u00e4mmung, Schalld\u00e4mmung und Brandsicherheit bietet.<\/td>\n<td style=\"text-align: center; width: 222px;\">2.85<\/td>\n<\/tr>\n<tr>\n<td style=\"width: 133px;\">Steinwolle<\/td>\n<td style=\"width: 267px;\">Dieses Material ist zwar nicht generell umweltfreundlich, hat aber einige Vorteile, da es in Form von Schaumstoff recht effizient Zugluft reduziert.<\/td>\n<td style=\"text-align: center; width: 222px;\">1.08 &#8211; 1.26<\/td>\n<\/tr>\n<\/tbody>\n<\/table>\n<p>&nbsp;<\/p>\n<p>Die Dicke der Isolierung variiert je nach Material und den Anforderungen des jeweiligen Standorts. Die f\u00fcr jeden Teil der Haush\u00fclle erforderliche D\u00e4mmung sollte zwar von einem Architekten oder Ingenieur angemessen berechnet werden, doch kann man sich mit einem groben Verst\u00e4ndnis des Konzepts der W\u00e4rme\u00fcbertragung eine Vorstellung von der f\u00fcr jeden Teil erforderlichen Dicke machen.<\/p>\n<p>Jedes D\u00e4mmmaterial hat einen bestimmten W\u00e4rmedurchgangskoeffizienten (U-Wert), der die F\u00e4higkeit des Materials, W\u00e4rme zu \u00fcbertragen, angibt. Anhand dieses Wertes wissen Sie, wie dick jedes Material im Verh\u00e4ltnis zu den anderen sein sollte. Bei Materialien mit einem niedrigeren <a href=\"https:\/\/staging.spassio.com\/glossary\/u-value-w-m2k\/\">U-Wert<\/a> wird weniger Material ben\u00f6tigt, um die gleichen D\u00e4mmwerte zu erzielen. Bei einer korrekten Berechnung werden jedoch auch andere Aspekte ber\u00fccksichtigt, z. B. die anderen an die Wand angepassten Materialien.<\/p>\n<h3>Energieeffiziente Fenster<\/h3>\n<p>Die Fenster sind ein wesentliches Element, das bei der Auswahl eines energieeffizienten Fertighauses zu ber\u00fccksichtigen ist, da bei normalen H\u00e4usern 10 % der Innentemperatur dadurch verloren gehen <a href=\"#_ftn3\" name=\"_ftnref3\">[3]<\/a>. In Europa und im Vereinigten K\u00f6nigreich ist anhand der Etiketten erkennbar, ob ein Fenster energieeffizient ist:<\/p>\n<p>EU-Energieetikett: Das EU-Energieetikett gibt Auskunft dar\u00fcber, wie energieeffizient ein Produkt ist. Jedes Produkt wird auf einer Skala von 7 Werten bewertet, wobei das am wenigsten energieeffiziente Produkt mit einem roten D und das energieeffizienteste mit einem dunkelgr\u00fcnen A+++ eingestuft wird.<\/p>\n<p>British Fenestration Rating Council (BFRC): Dies gilt nur im Vereinigten K\u00f6nigreich und hat ein \u00e4hnliches Format wie das EU-Energieetikett. In diesem Fall gibt es eine Skala von 8 Werten, wobei das am wenigsten energieeffiziente Fenster mit einem braunen G und das energieeffizienteste mit einem violetten A+ eingestuft wird.<\/p>\n<h3>Die Bedeutung von Luftdichtheit und Bel\u00fcftung<\/h3>\n<p>F\u00fcr ein energieeffizientes Fertighaus reicht es nicht aus, die richtigen Fenster und D\u00e4mmstoffe zu w\u00e4hlen, sondern es muss auch richtig luftdicht sein. Das Hauptziel der Luftdichtheitspr\u00fcfung ist die Beseitigung unerw\u00fcnschter Luftlecks und Zugerscheinungen in der Haush\u00fclle. Dadurch kann die angenehme Raumtemperatur mit weniger Energieaufwand aufrechterhalten werden.<\/p>\n<p>Um W\u00e4rmeverluste durch Luftzug zu vermeiden, ist es wichtig, den verschiedenen Fugen im Haus besondere Aufmerksamkeit zu schenken, vor allem den Fugen zwischen Fenstern und W\u00e4nden, W\u00e4nden und D\u00e4chern oder W\u00e4nden und B\u00f6den. Dennoch sind die f\u00fcr den Bau der Geb\u00e4udeh\u00fclle verwendeten Materialien entscheidend f\u00fcr die Definition eines luftdichten Raums.<\/p>\n<p>Die Luftdichtheit kann dazu beitragen, eine Menge Geld bei den Energierechnungen zu sparen. Luftdichtheit bedeutet jedoch auch, dass kein Luftaustausch stattfindet, was gesundheitliche Folgen haben kann. Daher sollte ein luftdichtes Haus immer \u00fcber ein mechanisches L\u00fcftungssystem verf\u00fcgen, idealerweise mit W\u00e4rmer\u00fcckgewinnung, um den W\u00e4rmeverlust so weit wie m\u00f6glich zu reduzieren.<\/p>\n<h2>W\u00e4hlen Sie energieeffiziente Ger\u00e4te<\/h2>\n<p>Nachdem wir die richtige Ausrichtung f\u00fcr das Haus gew\u00e4hlt und eine effektive Au\u00dfenh\u00fclle entworfen haben, ist es an der Zeit, energieeffiziente Heiz- und K\u00fchlger\u00e4te auszuw\u00e4hlen. Auch wenn energieeffiziente H\u00e4user den Bedarf an Heizung und K\u00fchlung stark reduzieren, tr\u00e4gt der Einsatz energieeffizienter Ger\u00e4te dazu bei, die gew\u00fcnschte Raumtemperatur zu erreichen. Wir k\u00f6nnen uns f\u00fcr energieeffiziente Ger\u00e4te entscheiden, um den Energieverbrauch und die Rechnungskosten weiter zu senken.<\/p>\n<p>Bei der Wahl eines energieeffizienten Hauses muss darauf geachtet werden, dass der Energieverbrauch der verschiedenen Ger\u00e4te niedrig gehalten wird, damit die Energierechnungen so niedrig wie m\u00f6glich bleiben. Um die energieeffizienteren Systeme zu erkennen, sollten Sie sich das EU-Energieetikett ansehen, das genauso funktioniert wie das im Abschnitt \u00fcber Fenster beschriebene: Ein rotes D steht f\u00fcr die geringste Energieeffizienz und ein dunkelgr\u00fcnes A+++ f\u00fcr das energieeffizienteste System.<\/p>\n<h2>Sind Fertigh\u00e4user und Modulh\u00e4user energieeffizienter als traditionelle Bauten?<\/h2>\n<p>Fertigh\u00e4user sind nicht per Definition energieeffizient, obwohl der Prozess der Vorfertigung das Erreichen dieser Parameter erleichtert. Im Folgenden werden einige der wichtigsten Vorteile des Off-Site-Baus genannt:<\/p>\n<ul>\n<li><strong>Qualit\u00e4tskontrolle<\/strong>: Die Zentralisierung der Bauarbeiten erm\u00f6glicht weitere Qualit\u00e4tskontrollen w\u00e4hrend des gesamten Prozesses und gew\u00e4hrleistet eine bessere Leistung der thermischen H\u00fclle.<\/li>\n<li><strong>Industrialisierte Bauumgebung<\/strong>: Da Fertigh\u00e4user in einer fabrik\u00e4hnlichen Umgebung gebaut werden, haben sie Zugang zu hochentwickelten Werkzeugen und Maschinen, was eine feinere Arbeitsqualit\u00e4t erm\u00f6glicht und die Gefahr von offenen, Zugluft verursachenden R\u00e4umen verringert.<\/li>\n<\/ul>\n<p>Angesichts des Vorteils, au\u00dferhalb der Baustelle zu bauen, bietet eine gute Auswahl an Herstellern die M\u00f6glichkeit, nach Energieeffizienzstandards zu bauen. Die Entscheidung f\u00fcr ein energieeffizientes Haus erh\u00f6ht zwar die Baukosten, senkt aber die sp\u00e4teren Nebenkosten enorm. Laut BBC kann ein durchschnittlicher Haushalt im Vereinigten K\u00f6nigreich bis zu 555 Pfund an Energiekosten einsparen, wenn er auf Energieeffizienzstandards umgestellt wird <a href=\"#_ftn4\" name=\"_ftnref4\">[4]<\/a>.<\/p>\n<p>Referenzen:<br \/>\n<a style=\"color: #3eb6a8;\" href=\"#_ftnref1\" name=\"_ftn1\">[1]<\/a>D\u00e4mmstoffe und ihre thermischen Eigenschaften Greenspec <a href=\"https:\/\/www.greenspec.co.uk\/building-design\/insulation-materials-thermal-properties\/\">https:\/\/www.greenspec.co.uk\/building-design\/insulation-materials-thermal-properties\/<\/a><br \/>\n<a style=\"color: #3eb6a8;\" href=\"#_ftnref2\" name=\"_ftn2\">[2]<\/a>Spritzschaum bietet eine einzigartige Kombination aus hohen U-Werten und Luftdurchl\u00e4ssigkeit Widerstand Fusion Insulation <a href=\"http:\/\/www.fusioninsulation.com\/thermal-insulation.html\">http:\/\/www.fusioninsulation.com\/thermal-insulation.html<\/a><br \/>\n<a style=\"color: #3eb6a8;\" href=\"#_ftnref3\" name=\"_ftn3\">[3]<\/a>Fenster: W\u00e4rmeverlust und W\u00e4rmegewinn Greenspec <a href=\"https:\/\/www.greenspec.co.uk\/building-design\/windows\/\">https:\/\/www.greenspec.co.uk\/building-design\/windows\/<\/a><br \/>\n<a style=\"color: #3eb6a8;\" href=\"#_ftnref4\" name=\"_ftn4\">[4]<\/a>Stallard, E. (2022 Oktober 7) Hausisolierung: Wie lassen sich Energierechnungen senken? BBC-Nachrichten <a href=\"https:\/\/www.bbc.com\/news\/explainers-60289396\">https:\/\/www.bbc.com\/news\/explainers-60289396<\/a><\/p>\n","protected":false},"excerpt":{"rendered":"<p>Der effektivste Weg, ein Fertighaus energieeffizienter zu machen und Geld bei den Nebenkosten zu sparen, ist die Integration aller Energieeffizienzmerkmale in das Design. Das wichtigste Designelement eines energieeffizienten Fertighauses ist die Au\u00dfenh\u00fclle, da sie die Trennung zwischen Innen- und Au\u00dfenbereich darstellt und daher angemessen isoliert sein und den W\u00e4rmeverlust so weit wie m\u00f6glich reduzieren sollte. [&hellip;]<\/p>\n","protected":false},"author":194,"featured_media":31561,"parent":0,"menu_order":0,"comment_status":"closed","ping_status":"closed","template":"","meta":{"content-type":"","_FSMCFIC_featured_image_caption":"","_FSMCFIC_featured_image_nocaption":"","_FSMCFIC_featured_image_hide":"","footnotes":""},"class_list":["post-58699","page","type-page","status-publish","has-post-thumbnail","hentry"],"_wp_attached_file":null,"_wp_attachment_metadata":null,"_wp_attachment_backup_sizes":null,"siteground_optimizer_webp_conversion_attempts":null,"siteground_optimizer_is_converted_to_webp":null,"siteground_optimizer_optimization_attempts":null,"siteground_optimizer_optimization_failed":null,"wpml_media_processed":null,"_wp_attachment_image_alt":null,"siteground_optimizer_is_optimized":null,"siteground_optimizer_webp_conversion_failed":null,"_elementor_source_image_hash":null,"siteground_optimizer_compression_level":null,"_elementor_inline_svg":null,"_imagify_optimization_level":null,"_imagify_status":null,"_imagify_data":null,"siteground_optimizer_original_filesize":null,"wpse_external_file_url":null,"fave_currency":null,"fave_currency_info":null,"fave_property_id":null,"fave_property_map":null,"fave_property_location":null,"houzez_geolocation_lat":null,"houzez_geolocation_long":null,"fave_property_map_street_view":null,"fave_featured":null,"fave_loggedintoview":null,"fave_agent_display_option":null,"fave_prop_homeslider":null,"fave_single_top_area":null,"fave_single_content_area":null,"_yoast_wpseo_primary_property_type":null,"_yoast_wpseo_primary_property_feature":null,"_yoast_wpseo_primary_property_label":null,"_yoast_wpseo_primary_property_country":null,"houzez_manual_expire":null,"_houzez_expiration_date_status":null,"houzez_total_property_views":null,"houzez_views_by_date":null,"houzez_recently_viewed":null,"fave_property_price":null,"fave_property_price_prefix":null,"fave_property_size":null,"fave_property_bathrooms":null,"fave_property_garage":null,"fave_levels":null,"fave_roof-type":null,"fave_construction-type":null,"fave_video_url":null,"fave_video_image":null,"fave_payment_status":null,"fave_property_agency":null,"fave_countries":null,"fave_sleeps":null,"_yoast_wpseo_primary_property_status":null,"fave_property_images":null,"fave_attachments":null,"technical_description":null,"houzez_featured_listing_date":null,"fave_property_size_prefix":null,"fave_property_bedrooms":null,"fave_property_price_postfix":null,"fave_production-time-in-weeks":null,"fave_building-time-in-days":null,"fave_window-glazing":null,"_yoast_wpseo_primary_feature-2":null,"_yoast_wpseo_primary_feature-3":null,"fave_warranty-in-years":null,"fave_property_land":null,"fave_property_land_postfix":null,"wpsebeba57d406-00de-d339-8c02-3956a916f506":null,"_oembed_eefb35903900c5c166d55ccf7fc62a8a":null,"_oembed_30948e80c1a853da0b519e72c40d2e13":null,"_oembed_0b78a31d7c7e6041adc064d46c40f98b":null,"_oembed_42c2c13b5902a21593b1d521556aea88":null,"_oembed_4fb58e495f37e206f97738a42dbe566f":null,"_oembed_b2828bee61bd9076cd21ece641de7abc":null,"_oembed_0c92428c960763e658977ce4918863f4":null,"_oembed_02b72dc3d26bdba6ff900a268ade2517":null,"_oembed_8c819834f7fc0b74364aa34a8193f46f":null,"_oembed_088962b77808b37d57abe5c8143f9652":null,"_oembed_dfae0e674c59ba061a82b330fc7fdea0":null,"_oembed_74e5075f66c4cd04b0e118feb24f6636":null,"fave_mortgage_cal":null,"_air_wp_sync_record_id":null,"_air_wp_sync_hash":null,"_air_wp_sync_importer_id":null,"_air_wp_sync_updated_at":null,"external_listing_link":null,"fave_property_map_address":null,"fave_multi_units_ids":null,"$wpml_language$":null,"fave_virtual_tour":null,"fave_gross-external-area":null,"_houzez_expiration_date":null,"_houzez_expiration_date_options":null,"floor_plans":null,"_oembed_a17db82fa378d53b4dc6ed46e5344499":null,"_oembed_da390569a339f4d7147d95cfb8c04c12":null,"_oembed_6a3eda5947bcc098660397ca8e21a941":null,"fave_roof-angle":null,"fave_seo-content":null,"_oembed_a7b8941eeee966e7350aede20b4d62be":null,"_oembed_time_a7b8941eeee966e7350aede20b4d62be":null,"additional_features":null,"fave_multi_units":null,"_oembed_716f56b62500685a7dd15ea2ec7579bd":null,"_oembed_time_716f56b62500685a7dd15ea2ec7579bd":null,"_oembed_8ececd3dd2598a4aedb5dfc82df2a0f6":null,"_oembed_time_8ececd3dd2598a4aedb5dfc82df2a0f6":null,"_oembed_4cef7884ea6ef16d48cd8675b12e440d":null,"fave_property_garage_size":null,"_oembed_5c1eaf7b40f4e3a3089b38beb88ba480":null,"fave_property_zip":null,"_oembed_ccdd6e0304386ece64b3b91f572b0be4":null,"_oembed_ae30d19e3e861b389146a1ccc2828104":null,"fave_property_rooms":null,"fave_property_year":null,"two_page_speed":null,"fave_year_established":null,"Status":null,"_oembed_5b2d8d2cf33b469c98e488ea5b118c30":null,"WPML Language Code":null,"_links":{"self":[{"href":"https:\/\/staging.spassio.com\/de\/wp-json\/wp\/v2\/pages\/58699","targetHints":{"allow":["GET"]}}],"collection":[{"href":"https:\/\/staging.spassio.com\/de\/wp-json\/wp\/v2\/pages"}],"about":[{"href":"https:\/\/staging.spassio.com\/de\/wp-json\/wp\/v2\/types\/page"}],"author":[{"embeddable":true,"href":"https:\/\/staging.spassio.com\/de\/wp-json\/wp\/v2\/users\/194"}],"replies":[{"embeddable":true,"href":"https:\/\/staging.spassio.com\/de\/wp-json\/wp\/v2\/comments?post=58699"}],"version-history":[{"count":0,"href":"https:\/\/staging.spassio.com\/de\/wp-json\/wp\/v2\/pages\/58699\/revisions"}],"wp:featuredmedia":[{"embeddable":true,"href":"https:\/\/staging.spassio.com\/de\/wp-json\/wp\/v2\/media\/31561"}],"wp:attachment":[{"href":"https:\/\/staging.spassio.com\/de\/wp-json\/wp\/v2\/media?parent=58699"}],"curies":[{"name":"wp","href":"https:\/\/api.w.org\/{rel}","templated":true}]}}