{"id":58703,"date":"2022-10-03T08:09:49","date_gmt":"2022-10-03T07:09:49","guid":{"rendered":"https:\/\/staging.spassio.com\/massgeschneiderte-vs-vorgefertigte-fertighausmodelle-fuer-welches-modell-sollten-sie-sich-entscheiden\/"},"modified":"2023-09-26T12:28:23","modified_gmt":"2023-09-26T11:28:23","slug":"fertighaus-nach-mass-oder-vorgefertigtes-modell-wofuer-sollten-sie-sich-entscheiden","status":"publish","type":"page","link":"https:\/\/staging.spassio.com\/de\/fertighaus-nach-mass-oder-vorgefertigtes-modell-wofuer-sollten-sie-sich-entscheiden\/","title":{"rendered":"Fertighaus nach Ma\u00df oder vorgefertigtes Modell: Wof\u00fcr sollten Sie sich entscheiden?"},"content":{"rendered":"<p>Beim Kauf eines Fertighauses kann man zwischen zwei Varianten w\u00e4hlen: <strong>nach Ma\u00df oder vorgefertigt<\/strong>. Der auff\u00e4lligste Unterschied zwischen den beiden liegt in der Freiheit der Anpassung, auch wenn andere Prozesse in der Entwurfsphase die Gesamtkonstruktion beeinflusst. Daher sollte die Entscheidung, ein vorgefertigtes Haus von Grund auf zu entwerfen oder es aus einem Katalog auszuw\u00e4hlen, von unseren Priorit\u00e4ten abh\u00e4ngen.<\/p>\n<p><strong>Was ist ein Fertighaus nach Ma\u00df?<\/strong><\/p>\n<p>Ein <a href=\"\/\">Fertighaus nach Ma\u00df<\/a> ist ein Haus, das von Grund auf unter Ber\u00fccksichtigung der Bed\u00fcrfnisse des Nutzers entworfen wird. Das Hausprojekt kann von der <a href=\"https:\/\/staging.spassio.com\/manufacturers\/\">Fertighausfirma<\/a> oder von einem unabh\u00e4ngigen Architekturb\u00fcro entworfen werden. Jedes Element des Hauses wird individuell nach den genauen Vorgaben des Kunden entwickelt, um einen einzigartigen und pers\u00f6nlichen Raum zu schaffen.<\/p>\n<p>Ein Haus nach Ma\u00df zu entwerfen, ist sehr attraktiv f\u00fcr diejenigen, die eine genaue Vorstellung von ihrem Traumhaus haben. Es kann aber auch eine gro\u00dfe Chance f\u00fcr einen Bauherrn sein, der sich in einer nicht allt\u00e4glichen Situation befindet, z. B. bei schwierigen Grundst\u00fccksverh\u00e4ltnissen oder sehr spezifischen Gestaltungsw\u00fcnschen, da die Architekten den Entwurf an die Bed\u00fcrfnisse des Bauherrn anpassen werden.<\/p>\n<p><strong>Was ist ein vorgefertigtes Modell?<br \/>\n<\/strong><\/p>\n<p>Ein vorgefertigtes Modell ist ein Haus, das bereits entworfen wurde und von jedermann erworben werden kann. Vorgefertigte Fertigh\u00e4user werden auch als Katalog-Fertigh\u00e4user bezeichnet, da der Kaufprozess damit beginnt, dass der Kunde verschiedene Bilder der verf\u00fcgbaren H\u00e4user vergleicht, um dasjenige zu finden, das seinen Bed\u00fcrfnissen und W\u00fcnschen am besten entspricht.<\/p>\n<p>Die Wahl eines vorgefertigten Fertighauses vereinfacht den Kauf eines neuen Hauses erheblich, da es sich um ein sehr visuelles und intuitives Verfahren handelt. Auch wenn der Kunde ein bereits entwickeltes Modell w\u00e4hlt, kann er verschiedene Elemente anpassen, um das Haus nach seinem Geschmack zu gestalten.<\/p>\n<figure id=\"attachment_29581\" aria-describedby=\"caption-attachment-29581\" style=\"width: 1170px\" class=\"wp-caption aligncenter\"><img fetchpriority=\"high\" decoding=\"async\" class=\"wp-image-29581 size-full\" src=\"https:\/\/staging.spassio.com\/wp-content\/uploads\/2022\/10\/akso-haus-stella-pre-design-prefab-home.webp\" alt=\"vorgefertigtes Fertighaus\" width=\"1170\" height=\"785\" srcset=\"https:\/\/staging.spassio.com\/wp-content\/uploads\/2022\/10\/akso-haus-stella-pre-design-prefab-home.webp 1170w, https:\/\/staging.spassio.com\/wp-content\/uploads\/2022\/10\/akso-haus-stella-pre-design-prefab-home-300x201.webp 300w, https:\/\/staging.spassio.com\/wp-content\/uploads\/2022\/10\/akso-haus-stella-pre-design-prefab-home-1024x687.webp 1024w, https:\/\/staging.spassio.com\/wp-content\/uploads\/2022\/10\/akso-haus-stella-pre-design-prefab-home-768x515.webp 768w, https:\/\/staging.spassio.com\/wp-content\/uploads\/2022\/10\/akso-haus-stella-pre-design-prefab-home-894x600.webp 894w, https:\/\/staging.spassio.com\/wp-content\/uploads\/2022\/10\/akso-haus-stella-pre-design-prefab-home-496x333.webp 496w\" sizes=\"(max-width: 1170px) 100vw, 1170px\" \/><figcaption id=\"caption-attachment-29581\" class=\"wp-caption-text\">Bild mit freundlicher Genehmigung von: <a href=\"https:\/\/staging.spassio.com\/models\/akso-haus-stella-1-112-offset-gabled-roof\/\">Akso-Haus-Modell Stella 1-112 Versetztes Satteldach<\/a><\/figcaption><\/figure>\n<h2>Hauptunterschiede zwischen Fertigh\u00e4usern nach Ma\u00df und vorgefertigten Modellen<\/h2>\n<p>Nach dem Bau ist es nicht mehr m\u00f6glich, ein von Grund auf neu entworfenes Fertighaus von einem aus einem Katalog ausgew\u00e4hlten Haus zu unterscheiden. Sie Beide werden wie eine sch\u00f6ne, qualitativ hochwertige Konstruktion aussehen. Ihr Unterschied wird jedoch im Bauprozess sichtbar werden.<\/p>\n<p><strong>Gestaltungsm\u00f6glichkeiten: Ist eine individuelle Gestaltung m\u00f6glich?<\/strong><\/p>\n<p>Die Gestaltungsm\u00f6glichkeiten eines Fertighauses sind <strong>bei einem Modell nach Ma\u00df am gr\u00f6\u00dften<\/strong>. In diesem Fall gibt es so gut wie keine gestalterischen Einschr\u00e4nkungen, da die Architekten daran arbeiten, das Haus zu entwickeln, das der Kunde sich w\u00fcnscht. Diese Planungsflexibilit\u00e4t ist besonders hilfreich, wenn ein Haus auf einem Grundst\u00fcck mit komplizierter Topografie gebaut wird, da die Planer den besten Hausentwurf finden k\u00f6nnen, um diese Unannehmlichkeiten f\u00fcr sich zu nutzen und sie in eine Gelegenheit zu verwandeln, eine einzigartige Architektur zu schaffen <a href=\"#_ftn1\" name=\"_ftnref1\">[1]<\/a>, <a href=\"#_ftn2\" name=\"_ftnref2\">[2]<\/a>.<\/p>\n<p><strong>Qualit\u00e4t der Materialien: Woraus sind sie hergestellt?<\/strong><\/p>\n<p>Fertigh\u00e4user nach Ma\u00df werden nicht unbedingt mit hochwertigeren Materialien gebaut, aber die Ma\u00dfanfertigung gibt den Kunden die M\u00f6glichkeit, die Materialien ihrer Wahl zu w\u00e4hlen. Bauherren, die an der Verwendung hochwertiger und langlebiger Materialien interessiert sind, k\u00f6nnen beim Kauf eines <strong>Hauses nach Ma\u00df<\/strong> jedes einzelne davon nach ihren W\u00fcnschen ausw\u00e4hlen.<\/p>\n<p>Die Wahl eines <strong>vorgefertigten Fertighauses<\/strong> ist immer noch eine Garantie daf\u00fcr, dass die Baumaterialien eine sichere und dauerhafte Umgebung bieten, da alle Fertigh\u00e4user nach den geltenden Bauvorschriften gebaut werden und dies eine gute Materialauswahl garantiert <a href=\"#_ftn3\" name=\"_ftnref3\">[3]<\/a>. Dennoch bleibt dem Kunden nicht viel Spielraum, um die Qualit\u00e4t zu verbessern oder andere Optionen wie die Verwendung nachhaltiger Materialien zu w\u00e4hlen, es sei denn, der <a href=\"https:\/\/staging.spassio.com\/manufacturers\/\">Hersteller<\/a> bietet diese an.<\/p>\n<p><strong>Produktion: Wie lange dauert der Prozess?<\/strong><\/p>\n<p>Fertigh\u00e4user nach Ma\u00df erfordern l\u00e4ngere Planungsphasen, da das gesamte Haus von Grund auf neu entworfen werden muss. Die Dauer dieser Phase ist von Kunde zu Kunde unterschiedlich und h\u00e4ngt von der Komplexit\u00e4t des Entwurfs oder den \u00c4nderungen ab, die erforderlich sind, um das gew\u00fcnschte Haus zu bauen <a href=\"#_ftn4\" name=\"_ftnref4\">[4]<\/a>. Allerdings ist sie in der Regel l\u00e4nger, als wenn man sich f\u00fcr ein vorgefertigtes Haus entscheiden w\u00fcrde.<\/p>\n<p>Die Herstellung eines <strong>vorgefertigten Hauses<\/strong> ist stark vereinfacht und die Gesamtdauer enorm verk\u00fcrzt. In diesem Fall besteht die Entwurfsphase aus der Auswahl eines Hausmodells und der Anpassung einiger Elemente, was in der Regel einen schnellen Zeitrahmen bedeutet. Dar\u00fcber hinaus ist die Herstellung der Module in der Regel methodischer und kann in k\u00fcrzerer Zeit erfolgen, da der Hersteller durch die geringere Individualisierung die standardisierten Mechanismen einhalten kann.<\/p>\n<p><strong>Preis: Wie viel wird das Haus kosten?<\/strong><\/p>\n<p>Fertigh\u00e4user kosten im Durchschnitt etwa <strong>90.000 \u20ac<\/strong>, wobei dieser Wert durch mehrere Variablen beeinflusst wird, zu denen auch der Entwurfsprozess geh\u00f6rt: Fertigh\u00e4user nach Ma\u00df erfordern weitaus mehr Zeit und Hingabe f\u00fcr den Bau und die Planung, was sich folglich in einem h\u00f6heren Baupreis niederschl\u00e4gt.<\/p>\n<p><strong>Vorgefertigte Modelle<\/strong> sind nicht einzigartig und k\u00f6nnen daher in einem Prozess gebaut werden, der der Massenproduktion sehr \u00e4hnlich ist. Ein gro\u00dfer Vorteil dieser Art von Entwurf ist, dass der Bauherr bereits bei der Auswahl des Modells wei\u00df, wie viel die Herstellung des Hauses kosten wird. Einige Modifikationen k\u00f6nnen diesen Wert etwas erh\u00f6hen, aber auch diese Kosten werden bei der Auswahl der Modifikationen klar festgelegt.<\/p>\n<h2>Sollten Sie ein vorgefertigtes Fertighaus kaufen oder es von Grund auf neu entwerfen?<\/h2>\n<p>Die Wahl zwischen einem vorgefertigten Modell oder einer Sonderanfertigung kann schwierig sein, da jede Variante unterschiedliche Vorteile und Nachteile bietet. Beide M\u00f6glichkeiten bieten Ihnen das Haus von guter Qualit\u00e4t, von dem Sie schon immer getr\u00e4umt haben. Um Ihre Bed\u00fcrfnisse voll und ganz zu befriedigen, kann es jedoch hilfreich sein, Ihre wichtigsten Priorit\u00e4ten zu ermitteln.<\/p>\n<ul>\n<li><b>Sie haben Schwierigkeiten, sich vorzustellen, wie ein Grundriss nach dem Bau aussehen wird<\/b>: In diesem Fall kann es sehr hilfreich sein, ein vorgefertigtes Modell zu w\u00e4hlen. Von diesem k\u00f6nnen Sie sich Fotos und Zeichnungen anschauen, und manchmal k\u00f6nnen Sie sogar ein Musterhaus besichtigen. Wenn Sie sich f\u00fcr ein Design entscheiden, wissen Sie also genau, was Sie bekommen werden.<\/li>\n<li><strong>Sie haben ein ganz bestimmtes Design im Kopf<\/strong>: Wenn Sie ein ganz spezielles Design im Kopf haben, ist es von Vorteil, wenn Sie es von Grund auf neu erstellen.<\/li>\n<li><strong>Ihr Grundst\u00fcck hat eine steile Topografie<\/strong>: Die meisten vorgefertigten Fertigh\u00e4user sind f\u00fcr die Aufstellung auf einer ebenen Fl\u00e4che konzipiert. Wenn Ihr Grundst\u00fcck sehr steil ist, k\u00f6nnte ein Fertighaus nach Ma\u00df die bessere L\u00f6sung sein, da das Gesamtdesign auf den einzigartigen Standort abgestimmt werden kann.<\/li>\n<li><strong>Sie streben nach einzigartigen Merkmalen wie Nachhaltigkeit oder Energieeffizienz<\/strong>: Nachhaltigkeit und Energieeffizienz werden zwar h\u00e4ufig mit Fertigh\u00e4usern in Verbindung gebracht, aber nicht alle Fertigh\u00e4user werden nach strengen Umwelt- oder Energieeffizienzstandards gebaut. Wenn Sie sich f\u00fcr ein Design nach Ma\u00df entscheiden, k\u00f6nnen Sie genau festlegen, welche Eigenschaften Ihr Haus haben soll.<\/li>\n<li><strong>Sie brauchen so schnell wie m\u00f6glich ein Haus<\/strong>: Wenn Sie es eilig haben, k\u00f6nnen Sie sich f\u00fcr ein vorgefertigtes Modell entscheiden, das Ihnen die Arbeit erleichtert und m\u00f6glicherweise Zeit spart.<\/li>\n<li><strong>Sie haben ein knappes Budget<\/strong>: Die Wahl eines vorgefertigten Modells ist erschwinglicher als der Bau von Grund auf, und die Gesamtkosten passen vielleicht besser zu Ihren M\u00f6glichkeiten.<\/li>\n<\/ul>\n<figure id=\"attachment_29583\" aria-describedby=\"caption-attachment-29583\" style=\"width: 1170px\" class=\"wp-caption alignnone\"><img decoding=\"async\" class=\"wp-image-29583 size-full\" src=\"https:\/\/staging.spassio.com\/wp-content\/uploads\/2022\/10\/cmb-housings-solutions-bespoke-prefab-home.webp\" alt=\"ma\u00dfgefertigtes Fertighaus\" width=\"1170\" height=\"720\" srcset=\"https:\/\/staging.spassio.com\/wp-content\/uploads\/2022\/10\/cmb-housings-solutions-bespoke-prefab-home.webp 1170w, https:\/\/staging.spassio.com\/wp-content\/uploads\/2022\/10\/cmb-housings-solutions-bespoke-prefab-home-300x185.webp 300w, https:\/\/staging.spassio.com\/wp-content\/uploads\/2022\/10\/cmb-housings-solutions-bespoke-prefab-home-1024x630.webp 1024w, https:\/\/staging.spassio.com\/wp-content\/uploads\/2022\/10\/cmb-housings-solutions-bespoke-prefab-home-768x473.webp 768w, https:\/\/staging.spassio.com\/wp-content\/uploads\/2022\/10\/cmb-housings-solutions-bespoke-prefab-home-975x600.webp 975w, https:\/\/staging.spassio.com\/wp-content\/uploads\/2022\/10\/cmb-housings-solutions-bespoke-prefab-home-496x305.webp 496w\" sizes=\"(max-width: 1170px) 100vw, 1170px\" \/><figcaption id=\"caption-attachment-29583\" class=\"wp-caption-text\">Bild mit freundlicher Genehmigung von: <a href=\"https:\/\/staging.spassio.com\/models\/cmb-housing-solutions-primum\/\">CMB Housing Solutions-model Primum<\/a><\/figcaption><\/figure>\n<h2>H\u00e4ufig gestellte Fragen<\/h2>\n<p><strong>Wie kann ein Modell nach Ma\u00df die Vorteile der Fertigteilbauweise nutzen?<\/strong><\/p>\n<p>Im Vergleich zu vorgefertigten Modellen sind Fertigh\u00e4user nach Ma\u00df teurer und haben einen l\u00e4ngeren Bauprozess. Dennoch sind Fertigh\u00e4user nach Ma\u00dfimmer noch kosteng\u00fcnstiger als herk\u00f6mmliche Konstruktionen, und durch die Vorfertigung verl\u00e4uft der Bauprozess auch schneller. Obwohl diese H\u00e4user v\u00f6llig individuell gestaltet sind, werden sie immer noch in einer fabrik\u00e4hnlichen Umgebung gebaut, in der die meisten Arbeiten mechanisiert sind, was Zeit und menschliche Arbeitskraft spart.<\/p>\n<p><strong>Ist es m\u00f6glich, ein Fertighaus nach Ma\u00df von einem Architekten Ihrer Wahl entwerfen zu lassen?<\/strong><\/p>\n<p>Im Allgemeinen ja, aber das kann von Hersteller zu Hersteller variieren. In diesem Fall arbeitet der Architekt Ihrer Wahl mit dem Designteam des Herstellers zusammen, um sicherzustellen, dass das Design eine effiziente Konstruktion, einen effizienten Transport und eine effiziente Montage erm\u00f6glicht.<\/p>\n<p><strong>Wie kann ein vorgefertigtes Modell einen gewissen Grad an Individualisierung erhalten?<\/strong><\/p>\n<p>Die meisten Hersteller, die vorgefertigte Modelle anbieten, ermutigen den Kunden, einige Elemente des Hauses individuell zu gestalten, um es an seine Bed\u00fcrfnisse und W\u00fcnsche anzupassen. Zu den h\u00e4ufigsten Anpassungen geh\u00f6ren die Wahl der Bodenbel\u00e4ge, die Aufteilung und Ausf\u00fchrung der K\u00fcche oder die Farben.<\/p>\n<p><strong>Wie kann ein vorgefertigtes Modell an die \u00f6rtlichen Gegebenheiten angepasst werden?<\/strong><\/p>\n<p>Obwohl es vorgefertigt ist, muss jedes Fertighaus den \u00f6rtlichen Bauvorschriften entsprechen. Daher wird ein vorgefertigtes Modell an die spezifischen Anforderungen des Ortes angepasst, an dem es errichtet werden soll.<\/p>\n<p><strong>Referenzen:<\/strong><br \/>\n<a style=\"color: #3eb6a8;\" href=\"#_ftnref1\" name=\"_ftn1\">[1]<\/a>Schritt f\u00fcr Schritt Anleitung The Wee House Co. https:\/\/theweehousecompany.co.uk\/modular-home-step-by-step-guide\/<br \/>\n<a style=\"color: #3eb6a8;\" href=\"#_ftnref2\" name=\"_ftn2\">[2]<\/a>Entwurf Aito <a href=\"https:\/\/www.loghouse.fi\/services\/log-house-design\/\">https:\/\/www.loghouse.fi\/services\/log-house-design\/<\/a><br \/>\n<a style=\"color: #3eb6a8;\" href=\"#_ftnref3\" name=\"_ftn3\">[3]<\/a>(2020, Juli) Handbuch zur Bauordnung. Ein Verhaltenskodex f\u00fcr die Anwendung in England HM Government <a href=\"http:\/\/www.gov.uk\/mhclg\">www.gov.uk\/mhclg<\/a><br \/>\n<a style=\"color: #3eb6a8;\" href=\"#_ftnref4\" name=\"_ftn4\">[4]<\/a>Ma\u00dfgeschneiderte Projekte tini <a href=\"https:\/\/en.tiniliving.com\/proyectos-a-medida\">https:\/\/en.tiniliving.com\/proyectos-a-medida<\/a><\/p>\n","protected":false},"excerpt":{"rendered":"<p>Beim Kauf eines Fertighauses kann man zwischen zwei Varianten w\u00e4hlen: nach Ma\u00df oder vorgefertigt. Der auff\u00e4lligste Unterschied zwischen den beiden liegt in der Freiheit der Anpassung, auch wenn andere Prozesse in der Entwurfsphase die Gesamtkonstruktion beeinflusst. Daher sollte die Entscheidung, ein vorgefertigtes Haus von Grund auf zu entwerfen oder es aus einem Katalog auszuw\u00e4hlen, von [&hellip;]<\/p>\n","protected":false},"author":194,"featured_media":29581,"parent":0,"menu_order":0,"comment_status":"closed","ping_status":"closed","template":"","meta":{"content-type":"","_FSMCFIC_featured_image_caption":"","_FSMCFIC_featured_image_nocaption":"","_FSMCFIC_featured_image_hide":"","footnotes":""},"class_list":["post-58703","page","type-page","status-publish","has-post-thumbnail","hentry"],"_wp_attached_file":null,"_wp_attachment_metadata":null,"_wp_attachment_backup_sizes":null,"siteground_optimizer_webp_conversion_attempts":null,"siteground_optimizer_is_converted_to_webp":null,"siteground_optimizer_optimization_attempts":null,"siteground_optimizer_optimization_failed":null,"wpml_media_processed":null,"_wp_attachment_image_alt":null,"siteground_optimizer_is_optimized":null,"siteground_optimizer_webp_conversion_failed":null,"_elementor_source_image_hash":null,"siteground_optimizer_compression_level":null,"_elementor_inline_svg":null,"_imagify_optimization_level":null,"_imagify_status":null,"_imagify_data":null,"siteground_optimizer_original_filesize":null,"wpse_external_file_url":null,"fave_currency":null,"fave_currency_info":null,"fave_property_id":null,"fave_property_map":null,"fave_property_location":null,"houzez_geolocation_lat":null,"houzez_geolocation_long":null,"fave_property_map_street_view":null,"fave_featured":null,"fave_loggedintoview":null,"fave_agent_display_option":null,"fave_prop_homeslider":null,"fave_single_top_area":null,"fave_single_content_area":null,"_yoast_wpseo_primary_property_type":null,"_yoast_wpseo_primary_property_feature":null,"_yoast_wpseo_primary_property_label":null,"_yoast_wpseo_primary_property_country":null,"houzez_manual_expire":null,"_houzez_expiration_date_status":null,"houzez_total_property_views":null,"houzez_views_by_date":null,"houzez_recently_viewed":null,"fave_property_price":null,"fave_property_price_prefix":null,"fave_property_size":null,"fave_property_bathrooms":null,"fave_property_garage":null,"fave_levels":null,"fave_roof-type":null,"fave_construction-type":null,"fave_video_url":null,"fave_video_image":null,"fave_payment_status":null,"fave_property_agency":null,"fave_countries":null,"fave_sleeps":null,"_yoast_wpseo_primary_property_status":null,"fave_property_images":null,"fave_attachments":null,"technical_description":null,"houzez_featured_listing_date":null,"fave_property_size_prefix":null,"fave_property_bedrooms":null,"fave_property_price_postfix":null,"fave_production-time-in-weeks":null,"fave_building-time-in-days":null,"fave_window-glazing":null,"_yoast_wpseo_primary_feature-2":null,"_yoast_wpseo_primary_feature-3":null,"fave_warranty-in-years":null,"fave_property_land":null,"fave_property_land_postfix":null,"wpsebeba57d406-00de-d339-8c02-3956a916f506":null,"_oembed_eefb35903900c5c166d55ccf7fc62a8a":null,"_oembed_30948e80c1a853da0b519e72c40d2e13":null,"_oembed_0b78a31d7c7e6041adc064d46c40f98b":null,"_oembed_42c2c13b5902a21593b1d521556aea88":null,"_oembed_4fb58e495f37e206f97738a42dbe566f":null,"_oembed_b2828bee61bd9076cd21ece641de7abc":null,"_oembed_0c92428c960763e658977ce4918863f4":null,"_oembed_02b72dc3d26bdba6ff900a268ade2517":null,"_oembed_8c819834f7fc0b74364aa34a8193f46f":null,"_oembed_088962b77808b37d57abe5c8143f9652":null,"_oembed_dfae0e674c59ba061a82b330fc7fdea0":null,"_oembed_74e5075f66c4cd04b0e118feb24f6636":null,"fave_mortgage_cal":null,"_air_wp_sync_record_id":null,"_air_wp_sync_hash":null,"_air_wp_sync_importer_id":null,"_air_wp_sync_updated_at":null,"external_listing_link":null,"fave_property_map_address":null,"fave_multi_units_ids":null,"$wpml_language$":null,"fave_virtual_tour":null,"fave_gross-external-area":null,"_houzez_expiration_date":null,"_houzez_expiration_date_options":null,"floor_plans":null,"_oembed_a17db82fa378d53b4dc6ed46e5344499":null,"_oembed_da390569a339f4d7147d95cfb8c04c12":null,"_oembed_6a3eda5947bcc098660397ca8e21a941":null,"fave_roof-angle":null,"fave_seo-content":null,"_oembed_a7b8941eeee966e7350aede20b4d62be":null,"_oembed_time_a7b8941eeee966e7350aede20b4d62be":null,"additional_features":null,"fave_multi_units":null,"_oembed_716f56b62500685a7dd15ea2ec7579bd":null,"_oembed_time_716f56b62500685a7dd15ea2ec7579bd":null,"_oembed_8ececd3dd2598a4aedb5dfc82df2a0f6":null,"_oembed_time_8ececd3dd2598a4aedb5dfc82df2a0f6":null,"_oembed_4cef7884ea6ef16d48cd8675b12e440d":null,"fave_property_garage_size":null,"_oembed_5c1eaf7b40f4e3a3089b38beb88ba480":null,"fave_property_zip":null,"_oembed_ccdd6e0304386ece64b3b91f572b0be4":null,"_oembed_ae30d19e3e861b389146a1ccc2828104":null,"fave_property_rooms":null,"fave_property_year":null,"two_page_speed":null,"fave_year_established":null,"Status":null,"_oembed_5b2d8d2cf33b469c98e488ea5b118c30":null,"WPML Language Code":null,"_links":{"self":[{"href":"https:\/\/staging.spassio.com\/de\/wp-json\/wp\/v2\/pages\/58703","targetHints":{"allow":["GET"]}}],"collection":[{"href":"https:\/\/staging.spassio.com\/de\/wp-json\/wp\/v2\/pages"}],"about":[{"href":"https:\/\/staging.spassio.com\/de\/wp-json\/wp\/v2\/types\/page"}],"author":[{"embeddable":true,"href":"https:\/\/staging.spassio.com\/de\/wp-json\/wp\/v2\/users\/194"}],"replies":[{"embeddable":true,"href":"https:\/\/staging.spassio.com\/de\/wp-json\/wp\/v2\/comments?post=58703"}],"version-history":[{"count":0,"href":"https:\/\/staging.spassio.com\/de\/wp-json\/wp\/v2\/pages\/58703\/revisions"}],"wp:featuredmedia":[{"embeddable":true,"href":"https:\/\/staging.spassio.com\/de\/wp-json\/wp\/v2\/media\/29581"}],"wp:attachment":[{"href":"https:\/\/staging.spassio.com\/de\/wp-json\/wp\/v2\/media?parent=58703"}],"curies":[{"name":"wp","href":"https:\/\/api.w.org\/{rel}","templated":true}]}}