{"id":58706,"date":"2023-02-19T17:06:24","date_gmt":"2023-02-19T16:06:24","guid":{"rendered":"https:\/\/staging.spassio.com\/was-ist-ein-schluesselfertiges-prefab-home\/"},"modified":"2024-10-23T13:43:08","modified_gmt":"2024-10-23T12:43:08","slug":"was-ist-ein-schluesselfertiges-fertighaus","status":"publish","type":"page","link":"https:\/\/staging.spassio.com\/de\/was-ist-ein-schluesselfertiges-fertighaus\/","title":{"rendered":"Was ist ein schl\u00fcsselfertiges Fertighaus?"},"content":{"rendered":"<p>Unter einem <strong>schl\u00fcsselfertigen Fertighaus<\/strong> versteht man ein Haus, das Ihnen komplett fertiggestellt und bewohnbar \u00fcbergeben wird. Der Begriff \u201eschl\u00fcsselfertig&#8221; f\u00fchrt jedoch oft zu Verwirrung, da das Verst\u00e4ndnis von einem schl\u00fcsselfertigen Haus von Hersteller zu Hersteller sehr unterschiedlich ist.<\/p>\n<p>Der Hauptgrund, warum Hersteller eine schl\u00fcsselfertige Lieferung anbieten, ist die Vereinfachung des Kauf- und Bauprozesses f\u00fcr den Kunden. W\u00e4hrend die Artikel oder Dienstleistungen, den Ausbau betreffend, von Unternehmen zu Unternehmen variieren, gibt es ein Basispaket, das immer erwartet werden kann, auch wenn es etwas unterschiedliche Ausrichtungen haben kann.<\/p>\n<h2>Was sollten Sie von einem schl\u00fcsselfertigen Fertighaus erwarten?<\/h2>\n<p>Trotz der unterschiedlichen Interpretationen des Begriffs \u201eschl\u00fcsselfertig&#8221; k\u00f6nnen Sie immer davon ausgehen, dass ein schl\u00fcsselfertiges Fertighaus so ausgestattet ist, dass keine Bauarbeiten erforderlich sind, sobald das Haus an Sie geliefert wird.<\/p>\n<h3>Das schl\u00fcsselfertige Basispaket<\/h3>\n<p>Das angebotene Paket ist einzigartig und von Hersteller zu Hersteller unterschiedlich, dennoch gibt es einige gleichbleibenden Elemente, die bei allen schl\u00fcsselfertigen Fertigh\u00e4usern immer erwartet werden k\u00f6nnen. Die unten aufgef\u00fchrten Elemente garantieren, dass das Haus ohne zus\u00e4tzlich erforderliche Bauarbeiten fertiggestellt wird. Deshalb sind diese bei einem schl\u00fcsselfertigen Fertighaus immer enthalten.<\/p>\n<ul>\n<li><strong>Einrichtungsgegenst\u00e4nde<\/strong>: Einbauten sind die M\u00f6belst\u00fccke, die in die Konstruktion des Hauses integriert sind und nicht frei bewegt werden k\u00f6nnen. Die Mindestausstattung aller schl\u00fcsselfertigen Fertigh\u00e4user besteht aus Badezimmer- und K\u00fcchenschr\u00e4nken und Arbeitsplatten.<\/li>\n<li><strong>Innenausbau<\/strong>: Sie k\u00f6nnen erwarten, dass die B\u00f6den perfekt verarbeitet sind, entweder mit Fliesen oder mit Holzb\u00f6den, je nachdem, welches Material Sie ausgew\u00e4hlt haben. Auch die W\u00e4nde werden komplett fertiggestellt und mit allen notwendigen Schaltern und Steckdosen versehen geliefert. Doch nicht bei jedem schl\u00fcsselfertigen Fertighaus sind die Innenw\u00e4nde bereits gestrichen.<\/li>\n<li><strong>Au\u00dfenfassade: Die Au\u00dfenfassade eines schl\u00fcsselfertigen Fertighauses sieht komplett fertig aus, da sie alle notwendigen Verkleidungen, Dachziegel, T\u00fcren und Fenster enth\u00e4lt.<\/strong><\/li>\n<li><strong>Elektro- und Sanit\u00e4rarbeiten<\/strong>: Jedes schl\u00fcsselfertige Fertighaus wird mit allen erforderlichen Elektro- und Sanit\u00e4rinstallationen geliefert, die vollst\u00e4ndig abgeschlossen sind. Das Haus ist immer perfekt verkabelt, mit Gasleitungen, falls erforderlich, und allen Sanit\u00e4rleitungen, sowie Sanit\u00e4rarmaturen wie Waschbecken, Toiletten oder Duschen. Alles ist installiert und betriebsbereit.<\/li>\n<li><strong>Beleuchtung und Lampen<\/strong>: Sie sollten zwar nicht erwarten, dass das Haus \u00fcber freistehende Umgebungs- oder Fokuslampen verf\u00fcgt, aber eine allgemeine Beleuchtung ist immer vorhanden. Dabei handelt es sich um in Decken oder W\u00e4nde integrierte LED-Lampen.<\/li>\n<\/ul>\n<h3>Die wichtigsten Dienstleistungen, die im Bauprozess eines schl\u00fcsselfertigen Fertighauses normalerweise enthalten sind<\/h3>\n<p>Unter schl\u00fcsselfertig versteht man im Allgemeinen die im Haus vorhandenen Bauelemente und Ausstattungen. Es ist jedoch \u00fcblich, dass die <a href=\"https:\/\/staging.spassio.com\/manufacturers\/\">Hersteller<\/a> auch einige Dienstleistungen anbieten, die zu einem stressfreien Hausbau beitragen.<\/p>\n<p>Da der Begriff \u201eFertighaus\u201d eine Vielzahl von Bautypen umfasst, k\u00f6nnen die f\u00fcr die Fertigstellung des Geb\u00e4udes erforderlichen Dienstleistungen unterschiedlicher Natur sein. Nichtsdestotrotz sind die folgenden Leistungen in so gut wie allen schl\u00fcsselfertigen Fertigh\u00e4usern enthalten:<\/p>\n<ul>\n<li><strong>Durchf\u00fchrbarkeitsstudie<\/strong>: Dies ist ein \u00fcblicher Service, der vom Hersteller angeboten wird, um etwaige Einschr\u00e4nkungen auf Ihrem Grundst\u00fcck zu ermitteln, die die Lieferung oder Installation des Hauses behindern k\u00f6nnten.<\/li>\n<li><strong>Entwurf des Hauses<\/strong>: Alle Hersteller verf\u00fcgen \u00fcber ein Designteam, das Sie bei der individuellen Gestaltung Ihres Hauses unterst\u00fctzt, unabh\u00e4ngig davon, ob Sie sich f\u00fcr ein vorgefertigtes Modell oder eine Sonderanfertigung entschieden haben. Diese Dienstleistung wird von Designern und\/oder Architekten angeboten, die Ihnen dabei helfen, die Gestaltung Ihres Hauses an Ihre Bed\u00fcrfnisse und Ihren pers\u00f6nlichen Stil anzupassen.<\/li>\n<li><strong>Herstellung au\u00dferhalb des Standorts<\/strong>: In allen F\u00e4llen werden die Hersteller das Haus in einer fabrik\u00e4hnlichen Umgebung au\u00dferhalb des Standorts bauen. Das gelieferte Produkt umfasst immer mindestens das schl\u00fcsselfertige Mindestpaket.<\/li>\n<li><strong>Lieferung<\/strong>: Schl\u00fcsselfertige Fertigh\u00e4user werden in den meisten F\u00e4llen vom Hersteller geliefert, unabh\u00e4ngig von der zur\u00fcckgelegten Entfernung. Die Kosten f\u00fcr die Lieferung werden jedoch gesondert berechnet.<\/li>\n<li><strong>Montage und Fertigstellung vor Ort<\/strong>: In den meisten F\u00e4llen wird der Hersteller das Haus einmalig auf Ihrem Grundst\u00fcck montieren. Fertigh\u00e4user, die eine gr\u00fcndlichere Montage erfordern, wie z. B. <a href=\"https:\/\/staging.spassio.com\/categories\/panel-built-houses\/\">Paneelbauten<\/a> oder modulare Projekte, ben\u00f6tigen einige Nacharbeiten, die ebenfalls vom Hersteller angeboten werden.<\/li>\n<\/ul>\n<h2>Was w\u00fcnschen Sie sich von Ihrem schl\u00fcsselfertigen Fertighaus?<\/h2>\n<p>W\u00e4hrend alle <strong>Hersteller schl\u00fcsselfertige<\/strong> Fertigh\u00e4user mit einem Basispaket und Serviceleistungen ausliefern, bietet dieses Angebot bei jedem Unternehmen unterschiedliche Leistungen. Nachfolgend haben wir einige der wichtigsten Unternehmen aufgelistet, die schl\u00fcsselfertige Dienstleistungen in Europa und im Vereinigten K\u00f6nigreich anbieten, damit Sie sich ein Bild davon machen k\u00f6nnen, was schl\u00fcsselfertig f\u00fcr diese Firmen bedeutet.<\/p>\n<p><strong>Passion Smart Houses<\/strong><\/p>\n<figure id=\"attachment_33964\" aria-describedby=\"caption-attachment-33964\" style=\"width: 800px\" class=\"wp-caption alignnone\"><img fetchpriority=\"high\" decoding=\"async\" class=\"wp-image-33964 size-full\" src=\"https:\/\/staging.spassio.com\/wp-content\/uploads\/2023\/02\/passion-houses-turnkey-prefab.jpg\" alt=\"schl\u00fcsselfertiges Fertighaus\" width=\"800\" height=\"536\" srcset=\"https:\/\/staging.spassio.com\/wp-content\/uploads\/2023\/02\/passion-houses-turnkey-prefab.jpg 800w, https:\/\/staging.spassio.com\/wp-content\/uploads\/2023\/02\/passion-houses-turnkey-prefab-300x201.jpg 300w, https:\/\/staging.spassio.com\/wp-content\/uploads\/2023\/02\/passion-houses-turnkey-prefab-768x515.jpg 768w, https:\/\/staging.spassio.com\/wp-content\/uploads\/2023\/02\/passion-houses-turnkey-prefab-496x332.jpg 496w\" sizes=\"(max-width: 800px) 100vw, 800px\" \/><figcaption id=\"caption-attachment-33964\" class=\"wp-caption-text\">Das in Estland ans\u00e4ssige Unternehmen <a href=\"https:\/\/staging.spassio.com\/manufacturer\/wamp-group\/\">Passion Smart Houses<\/a> optimiert sein <strong>schl\u00fcsselfertiges Basispaket<\/strong> nach Energieeffizienzstandards. Daf\u00fcr werden hochwertige Materialien, Dreifachverglasung und ein Nordic Insulation System verwendet. Neben den schl\u00fcsselfertigen Grundelementen bietet dieser Hersteller auch ein komplettes HLK-System an, das den Vorteil hat, dass es auf Wunsch sp\u00e4ter an Solarzellen angeschlossen werden kann.<\/figcaption><\/figure>\n<p>&nbsp;<\/p>\n<p><strong>Klein HAUS<\/strong><\/p>\n<figure id=\"attachment_33965\" aria-describedby=\"caption-attachment-33965\" style=\"width: 800px\" class=\"wp-caption alignnone\"><img decoding=\"async\" class=\"wp-image-33965 size-full\" src=\"https:\/\/staging.spassio.com\/wp-content\/uploads\/2023\/02\/klein-house-turnkey-prefab.jpg\" alt=\"\" width=\"800\" height=\"600\" srcset=\"https:\/\/staging.spassio.com\/wp-content\/uploads\/2023\/02\/klein-house-turnkey-prefab.jpg 800w, https:\/\/staging.spassio.com\/wp-content\/uploads\/2023\/02\/klein-house-turnkey-prefab-300x225.jpg 300w, https:\/\/staging.spassio.com\/wp-content\/uploads\/2023\/02\/klein-house-turnkey-prefab-768x576.jpg 768w, https:\/\/staging.spassio.com\/wp-content\/uploads\/2023\/02\/klein-house-turnkey-prefab-592x444.jpg 592w, https:\/\/staging.spassio.com\/wp-content\/uploads\/2023\/02\/klein-house-turnkey-prefab-584x438.jpg 584w, https:\/\/staging.spassio.com\/wp-content\/uploads\/2023\/02\/klein-house-turnkey-prefab-120x90.jpg 120w, https:\/\/staging.spassio.com\/wp-content\/uploads\/2023\/02\/klein-house-turnkey-prefab-496x372.jpg 496w\" sizes=\"(max-width: 800px) 100vw, 800px\" \/><figcaption id=\"caption-attachment-33965\" class=\"wp-caption-text\">Das Hauptziel des niederl\u00e4ndischen Unternehmens <a href=\"https:\/\/staging.spassio.com\/manufacturer\/kleinhaus\/\">Klein HAUS<\/a> ist es, eine Auswahl an modernen Fertigh\u00e4usern zu einem vern\u00fcnftigen Preis und montagefertig anzubieten. Deshalb erweitern sie das Angebot an schl\u00fcsselfertigen Leistungen und schlie\u00dfen alle Arbeiten zur Anbringung der Fundamente ein. Au\u00dferdem ist das Haus nach dem Aufbau sofort bezugsfertig, da es vollst\u00e4ndig m\u00f6bliert und mit Heizungsanlagen ausgestattet ist.<\/figcaption><\/figure>\n<p>&nbsp;<\/p>\n<p><strong>Brette Haus<\/strong><\/p>\n<figure id=\"attachment_33966\" aria-describedby=\"caption-attachment-33966\" style=\"width: 800px\" class=\"wp-caption alignnone\"><img decoding=\"async\" class=\"wp-image-33966 size-full\" src=\"https:\/\/staging.spassio.com\/wp-content\/uploads\/2023\/02\/brette-haus-turnkey-prefab.jpg\" alt=\"\" width=\"800\" height=\"528\" srcset=\"https:\/\/staging.spassio.com\/wp-content\/uploads\/2023\/02\/brette-haus-turnkey-prefab.jpg 800w, https:\/\/staging.spassio.com\/wp-content\/uploads\/2023\/02\/brette-haus-turnkey-prefab-300x198.jpg 300w, https:\/\/staging.spassio.com\/wp-content\/uploads\/2023\/02\/brette-haus-turnkey-prefab-768x507.jpg 768w, https:\/\/staging.spassio.com\/wp-content\/uploads\/2023\/02\/brette-haus-turnkey-prefab-496x327.jpg 496w\" sizes=\"(max-width: 800px) 100vw, 800px\" \/><figcaption id=\"caption-attachment-33966\" class=\"wp-caption-text\"><a href=\"https:\/\/staging.spassio.com\/manufacturer\/brette-haus\/\">Brette Haus<\/a> ist ein einzigartiger lettischer Hersteller, der unter anderem faltbare Fertigh\u00e4user anbietet. Dass sie faltbar sind, ist jedoch mehr als eine Besonderheit, denn diese Konstruktionen sollen sich leicht und schnell zusammenbauen lassen. Um diese Eigenschaften zu verst\u00e4rken, bietet Brette House die M\u00f6glichkeit, ein <strong>schl\u00fcsselfertiges Haus<\/strong> zu erwerben, das Ihnen bereits m\u00f6bliert \u00fcbergeben wird.<\/figcaption><\/figure>\n<p>&nbsp;<\/p>\n<p><strong>Wee House<\/strong><\/p>\n<figure id=\"attachment_33967\" aria-describedby=\"caption-attachment-33967\" style=\"width: 800px\" class=\"wp-caption alignnone\"><img loading=\"lazy\" decoding=\"async\" class=\"wp-image-33967 size-full\" src=\"https:\/\/staging.spassio.com\/wp-content\/uploads\/2023\/02\/wee-house-turnkey-prefab.jpg\" alt=\"\" width=\"800\" height=\"532\" srcset=\"https:\/\/staging.spassio.com\/wp-content\/uploads\/2023\/02\/wee-house-turnkey-prefab.jpg 800w, https:\/\/staging.spassio.com\/wp-content\/uploads\/2023\/02\/wee-house-turnkey-prefab-300x200.jpg 300w, https:\/\/staging.spassio.com\/wp-content\/uploads\/2023\/02\/wee-house-turnkey-prefab-768x511.jpg 768w, https:\/\/staging.spassio.com\/wp-content\/uploads\/2023\/02\/wee-house-turnkey-prefab-496x330.jpg 496w\" sizes=\"(max-width: 800px) 100vw, 800px\" \/><figcaption id=\"caption-attachment-33967\" class=\"wp-caption-text\"><a href=\"https:\/\/staging.spassio.com\/manufacturer\/the-wee-house-company\/\">Wee House <\/a>entwirft charmante, traditionell aussehende H\u00e4user und liefert sie Ihnen stressfrei. F\u00fcr Kunden, die auf dem britischen Festland ans\u00e4ssig sind, bieten sie zahlreiche zus\u00e4tzliche Dienstleistungen an, z. B. die Beantragung von Baugenehmigungen in Ihrem Namen oder die Durchf\u00fchrung der erforderlichen Arbeiten vor Ort. Neben dem umfangreichen Servicepaket geh\u00f6ren zu diesen H\u00e4usern auch Heizungen und Ger\u00e4te, die allesamt so konzipiert sind, dass sie Ihnen helfen, Ihre Stromrechnung zu senken.<\/figcaption><\/figure>\n<p>&nbsp;<\/p>\n<p><strong>Nomad Container<\/strong><\/p>\n<figure id=\"attachment_33968\" aria-describedby=\"caption-attachment-33968\" style=\"width: 800px\" class=\"wp-caption alignnone\"><img loading=\"lazy\" decoding=\"async\" class=\"wp-image-33968 size-full\" src=\"https:\/\/staging.spassio.com\/wp-content\/uploads\/2023\/02\/nomad-container-turnkey-prefab.jpg\" alt=\"\" width=\"800\" height=\"449\" srcset=\"https:\/\/staging.spassio.com\/wp-content\/uploads\/2023\/02\/nomad-container-turnkey-prefab.jpg 800w, https:\/\/staging.spassio.com\/wp-content\/uploads\/2023\/02\/nomad-container-turnkey-prefab-300x168.jpg 300w, https:\/\/staging.spassio.com\/wp-content\/uploads\/2023\/02\/nomad-container-turnkey-prefab-768x431.jpg 768w, https:\/\/staging.spassio.com\/wp-content\/uploads\/2023\/02\/nomad-container-turnkey-prefab-496x278.jpg 496w\" sizes=\"(max-width: 800px) 100vw, 800px\" \/><figcaption id=\"caption-attachment-33968\" class=\"wp-caption-text\"><a href=\"https:\/\/staging.spassio.com\/manufacturer\/nomad-container\/\">Nomad Container<\/a> ist ein Hersteller mit Sitz in Rum\u00e4nien, der schl\u00fcsselfertige Lieferoptionen als L\u00f6sung zur Optimierung der Kosten des Hauses anbietet. Das <strong>schl\u00fcsselfertige Fertighaus<\/strong> basiert auf dem Basispaket und den Serviceleistungen, l\u00e4sst sich jedoch in hohem Ma\u00dfe an Ihre Bed\u00fcrfnisse anpassen.<\/figcaption><\/figure>\n<p><strong>Tini Living<\/strong><\/p>\n<figure id=\"attachment_33969\" aria-describedby=\"caption-attachment-33969\" style=\"width: 800px\" class=\"wp-caption alignnone\"><img loading=\"lazy\" decoding=\"async\" class=\"wp-image-33969 size-full\" src=\"https:\/\/staging.spassio.com\/wp-content\/uploads\/2023\/02\/tini-living-turnkey-prefab.jpg\" alt=\"\" width=\"800\" height=\"532\" srcset=\"https:\/\/staging.spassio.com\/wp-content\/uploads\/2023\/02\/tini-living-turnkey-prefab.jpg 800w, https:\/\/staging.spassio.com\/wp-content\/uploads\/2023\/02\/tini-living-turnkey-prefab-300x200.jpg 300w, https:\/\/staging.spassio.com\/wp-content\/uploads\/2023\/02\/tini-living-turnkey-prefab-768x511.jpg 768w, https:\/\/staging.spassio.com\/wp-content\/uploads\/2023\/02\/tini-living-turnkey-prefab-496x330.jpg 496w\" sizes=\"(max-width: 800px) 100vw, 800px\" \/><figcaption id=\"caption-attachment-33969\" class=\"wp-caption-text\"><a href=\"https:\/\/staging.spassio.com\/manufacturer\/tini-living\/\">Tini Living<\/a> bietet eine sehr komplette, schl\u00fcsselfertige Lieferung, die einige M\u00f6belst\u00fccke wie z.B. das Bettgestell mit Nachttischen f\u00fcr ein komplettes Schlafzimmer beinhaltet. Auch andere Zusatzelemente wie ein integrierter K\u00fchlschrank oder Heiz- und K\u00fchlsysteme geh\u00f6ren zu ihrem gro\u00dfz\u00fcgigen Angebot. Das Besondere an den schl\u00fcsselfertigen Fertigh\u00e4usern dieses Unternehmens ist jedoch die zus\u00e4tzliche Photovoltaikanlage. Zus\u00e4tzliche Dienstleistungen, wie z. B. der Bau von Fundamenten vor Ort, werden f\u00fcr Kunden mit Sitz in Madrid, Spanien, ebenfalls angeboten.<\/figcaption><\/figure>\n<p>&nbsp;<\/p>\n<p><strong>Eestihouse<\/strong><\/p>\n<figure id=\"attachment_33971\" aria-describedby=\"caption-attachment-33971\" style=\"width: 800px\" class=\"wp-caption alignnone\"><img loading=\"lazy\" decoding=\"async\" class=\"wp-image-33971 size-full\" src=\"https:\/\/staging.spassio.com\/wp-content\/uploads\/2023\/02\/eestihouse-turnkey-prefab.jpg\" alt=\"\" width=\"800\" height=\"453\" srcset=\"https:\/\/staging.spassio.com\/wp-content\/uploads\/2023\/02\/eestihouse-turnkey-prefab.jpg 800w, https:\/\/staging.spassio.com\/wp-content\/uploads\/2023\/02\/eestihouse-turnkey-prefab-300x170.jpg 300w, https:\/\/staging.spassio.com\/wp-content\/uploads\/2023\/02\/eestihouse-turnkey-prefab-768x435.jpg 768w, https:\/\/staging.spassio.com\/wp-content\/uploads\/2023\/02\/eestihouse-turnkey-prefab-496x281.jpg 496w\" sizes=\"(max-width: 800px) 100vw, 800px\" \/><figcaption id=\"caption-attachment-33971\" class=\"wp-caption-text\">Das estnische Unternehmen <a href=\"https:\/\/staging.spassio.com\/manufacturer\/eestihouse\/\">Eestihouse<\/a> hat sein schl\u00fcsselfertiges Paket als eine L\u00f6sung konzipiert, die Ihnen Zeit und Geld spart. Ihre H\u00e4user sind vor allem als Fluchtort oder als touristische Mietinvestition gedacht, die schnell, einfach und kosteng\u00fcnstig errichtet werden k\u00f6nnen. Aus diesem Grund umfasst ihr schl\u00fcsselfertiges Paket ein komplett fertiggestelltes Haus mit einigen M\u00f6belst\u00fccken wie dem Bettgestell.<\/figcaption><\/figure>\n<p>&nbsp;<\/p>\n<p><strong>Add a Room<\/strong><\/p>\n<figure id=\"attachment_33973\" aria-describedby=\"caption-attachment-33973\" style=\"width: 800px\" class=\"wp-caption alignnone\"><img loading=\"lazy\" decoding=\"async\" class=\"wp-image-33973 size-full\" src=\"https:\/\/staging.spassio.com\/wp-content\/uploads\/2023\/02\/addaroom-turnkey-prefab.jpg\" alt=\"\" width=\"800\" height=\"421\" srcset=\"https:\/\/staging.spassio.com\/wp-content\/uploads\/2023\/02\/addaroom-turnkey-prefab.jpg 800w, https:\/\/staging.spassio.com\/wp-content\/uploads\/2023\/02\/addaroom-turnkey-prefab-300x158.jpg 300w, https:\/\/staging.spassio.com\/wp-content\/uploads\/2023\/02\/addaroom-turnkey-prefab-768x404.jpg 768w, https:\/\/staging.spassio.com\/wp-content\/uploads\/2023\/02\/addaroom-turnkey-prefab-496x261.jpg 496w\" sizes=\"(max-width: 800px) 100vw, 800px\" \/><figcaption id=\"caption-attachment-33973\" class=\"wp-caption-text\"><a href=\"https:\/\/staging.spassio.com\/manufacturer\/add-a-room-as\/\">Add a Room<\/a> ist ein d\u00e4nischer Hersteller mit einem schl\u00fcsselfertigen Optionsdesign als L\u00f6sung zur Vereinfachung des Hausbauprozesses. Daf\u00fcr begleiten sie ihre Kunden w\u00e4hrend des gesamten Prozesses &#8211; von der Planung des Hauses bis zu seiner \u00dcbergabe. Sie k\u00fcmmern sich f\u00fcr Sie um den Baugenehmigungsantrag und helfen bei der vor Ort stattfindenden Koordinierung der verschiedenen Fachleute.<\/figcaption><\/figure>\n","protected":false},"excerpt":{"rendered":"<p>Unter einem schl\u00fcsselfertigen Fertighaus versteht man ein Haus, das Ihnen komplett fertiggestellt und bewohnbar \u00fcbergeben wird. Der Begriff \u201eschl\u00fcsselfertig&#8221; f\u00fchrt jedoch oft zu Verwirrung, da das Verst\u00e4ndnis von einem schl\u00fcsselfertigen Haus von Hersteller zu Hersteller sehr unterschiedlich ist. Der Hauptgrund, warum Hersteller eine schl\u00fcsselfertige Lieferung anbieten, ist die Vereinfachung des Kauf- und Bauprozesses f\u00fcr den [&hellip;]<\/p>\n","protected":false},"author":194,"featured_media":57282,"parent":0,"menu_order":0,"comment_status":"closed","ping_status":"closed","template":"","meta":{"content-type":"","_FSMCFIC_featured_image_caption":"","_FSMCFIC_featured_image_nocaption":"","_FSMCFIC_featured_image_hide":"","footnotes":""},"class_list":["post-58706","page","type-page","status-publish","has-post-thumbnail","hentry"],"_wp_attached_file":null,"_wp_attachment_metadata":null,"_wp_attachment_backup_sizes":null,"siteground_optimizer_webp_conversion_attempts":null,"siteground_optimizer_is_converted_to_webp":null,"siteground_optimizer_optimization_attempts":null,"siteground_optimizer_optimization_failed":null,"wpml_media_processed":null,"_wp_attachment_image_alt":null,"siteground_optimizer_is_optimized":null,"siteground_optimizer_webp_conversion_failed":null,"_elementor_source_image_hash":null,"siteground_optimizer_compression_level":null,"_elementor_inline_svg":null,"_imagify_optimization_level":null,"_imagify_status":null,"_imagify_data":null,"siteground_optimizer_original_filesize":null,"wpse_external_file_url":null,"fave_currency":null,"fave_currency_info":null,"fave_property_id":null,"fave_property_map":null,"fave_property_location":null,"houzez_geolocation_lat":null,"houzez_geolocation_long":null,"fave_property_map_street_view":null,"fave_featured":null,"fave_loggedintoview":null,"fave_agent_display_option":null,"fave_prop_homeslider":null,"fave_single_top_area":null,"fave_single_content_area":null,"_yoast_wpseo_primary_property_type":null,"_yoast_wpseo_primary_property_feature":null,"_yoast_wpseo_primary_property_label":null,"_yoast_wpseo_primary_property_country":null,"houzez_manual_expire":null,"_houzez_expiration_date_status":null,"houzez_total_property_views":null,"houzez_views_by_date":null,"houzez_recently_viewed":null,"fave_property_price":null,"fave_property_price_prefix":null,"fave_property_size":null,"fave_property_bathrooms":null,"fave_property_garage":null,"fave_levels":null,"fave_roof-type":null,"fave_construction-type":null,"fave_video_url":null,"fave_video_image":null,"fave_payment_status":null,"fave_property_agency":null,"fave_countries":null,"fave_sleeps":null,"_yoast_wpseo_primary_property_status":null,"fave_property_images":null,"fave_attachments":null,"technical_description":null,"houzez_featured_listing_date":null,"fave_property_size_prefix":null,"fave_property_bedrooms":null,"fave_property_price_postfix":null,"fave_production-time-in-weeks":null,"fave_building-time-in-days":null,"fave_window-glazing":null,"_yoast_wpseo_primary_feature-2":null,"_yoast_wpseo_primary_feature-3":null,"fave_warranty-in-years":null,"fave_property_land":null,"fave_property_land_postfix":null,"wpsebeba57d406-00de-d339-8c02-3956a916f506":null,"_oembed_eefb35903900c5c166d55ccf7fc62a8a":null,"_oembed_30948e80c1a853da0b519e72c40d2e13":null,"_oembed_0b78a31d7c7e6041adc064d46c40f98b":null,"_oembed_42c2c13b5902a21593b1d521556aea88":null,"_oembed_4fb58e495f37e206f97738a42dbe566f":null,"_oembed_b2828bee61bd9076cd21ece641de7abc":null,"_oembed_0c92428c960763e658977ce4918863f4":null,"_oembed_02b72dc3d26bdba6ff900a268ade2517":null,"_oembed_8c819834f7fc0b74364aa34a8193f46f":null,"_oembed_088962b77808b37d57abe5c8143f9652":null,"_oembed_dfae0e674c59ba061a82b330fc7fdea0":null,"_oembed_74e5075f66c4cd04b0e118feb24f6636":null,"fave_mortgage_cal":null,"_air_wp_sync_record_id":null,"_air_wp_sync_hash":null,"_air_wp_sync_importer_id":null,"_air_wp_sync_updated_at":null,"external_listing_link":null,"fave_property_map_address":null,"fave_multi_units_ids":null,"$wpml_language$":null,"fave_virtual_tour":null,"fave_gross-external-area":null,"_houzez_expiration_date":null,"_houzez_expiration_date_options":null,"floor_plans":null,"_oembed_a17db82fa378d53b4dc6ed46e5344499":null,"_oembed_da390569a339f4d7147d95cfb8c04c12":null,"_oembed_6a3eda5947bcc098660397ca8e21a941":null,"fave_roof-angle":null,"fave_seo-content":null,"_oembed_a7b8941eeee966e7350aede20b4d62be":null,"_oembed_time_a7b8941eeee966e7350aede20b4d62be":null,"additional_features":null,"fave_multi_units":null,"_oembed_716f56b62500685a7dd15ea2ec7579bd":null,"_oembed_time_716f56b62500685a7dd15ea2ec7579bd":null,"_oembed_8ececd3dd2598a4aedb5dfc82df2a0f6":null,"_oembed_time_8ececd3dd2598a4aedb5dfc82df2a0f6":null,"_oembed_4cef7884ea6ef16d48cd8675b12e440d":null,"fave_property_garage_size":null,"_oembed_5c1eaf7b40f4e3a3089b38beb88ba480":null,"fave_property_zip":null,"_oembed_ccdd6e0304386ece64b3b91f572b0be4":null,"_oembed_ae30d19e3e861b389146a1ccc2828104":null,"fave_property_rooms":null,"fave_property_year":null,"two_page_speed":null,"fave_year_established":null,"Status":null,"_oembed_5b2d8d2cf33b469c98e488ea5b118c30":null,"WPML Language Code":null,"_links":{"self":[{"href":"https:\/\/staging.spassio.com\/de\/wp-json\/wp\/v2\/pages\/58706","targetHints":{"allow":["GET"]}}],"collection":[{"href":"https:\/\/staging.spassio.com\/de\/wp-json\/wp\/v2\/pages"}],"about":[{"href":"https:\/\/staging.spassio.com\/de\/wp-json\/wp\/v2\/types\/page"}],"author":[{"embeddable":true,"href":"https:\/\/staging.spassio.com\/de\/wp-json\/wp\/v2\/users\/194"}],"replies":[{"embeddable":true,"href":"https:\/\/staging.spassio.com\/de\/wp-json\/wp\/v2\/comments?post=58706"}],"version-history":[{"count":0,"href":"https:\/\/staging.spassio.com\/de\/wp-json\/wp\/v2\/pages\/58706\/revisions"}],"wp:featuredmedia":[{"embeddable":true,"href":"https:\/\/staging.spassio.com\/de\/wp-json\/wp\/v2\/media\/57282"}],"wp:attachment":[{"href":"https:\/\/staging.spassio.com\/de\/wp-json\/wp\/v2\/media?parent=58706"}],"curies":[{"name":"wp","href":"https:\/\/api.w.org\/{rel}","templated":true}]}}