{"id":58709,"date":"2022-10-13T11:21:43","date_gmt":"2022-10-13T10:21:43","guid":{"rendered":"https:\/\/staging.spassio.com\/modular-home-anforderungen-fuer-eine-erfolgreiche-lieferung\/"},"modified":"2023-09-29T22:28:16","modified_gmt":"2023-09-29T21:28:16","slug":"modulhaeuser-anforderungen-fuer-eine-erfolgreiche-lieferung","status":"publish","type":"page","link":"https:\/\/staging.spassio.com\/de\/modulhaeuser-anforderungen-fuer-eine-erfolgreiche-lieferung\/","title":{"rendered":"Modulh\u00e4user &#8211; Anforderungen f\u00fcr eine erfolgreiche Lieferung"},"content":{"rendered":"<p>Die gesamte Konstruktion des Modulhauses ist so koordiniert, dass alle Anforderungen an den Transport integriert sind: Jedes Modul ist so konzipiert, dass die Abmessungen den Transport erm\u00f6glichen, und die Struktur ist so stabil gebaut, dass sie den Belastungen w\u00e4hrend des Transports standh\u00e4lt. Die meisten <a href=\"https:\/\/staging.spassio.com\/manufacturers\/\">Hersteller von Modulh\u00e4usern in Europa und im Vereinigten K\u00f6nigreich<\/a> gehen bei der Lieferung der Module vom Werk zum Grundst\u00fcck \u00e4hnlich vor. In der Regel wird jedoch jedes Projekt individuell bewertet, um die Konstruktion des Modulhauses an die Gegebenheiten des Lieferwegs anzupassen.<\/p>\n<figure id=\"attachment_30013\" aria-describedby=\"caption-attachment-30013\" style=\"width: 1024px\" class=\"wp-caption alignnone\"><img fetchpriority=\"high\" decoding=\"async\" class=\"my-img-border wp-image-30013 size-large\" src=\"https:\/\/staging.spassio.com\/wp-content\/uploads\/2022\/10\/modular-home-transportation-1024x699.jpg\" alt=\"modulare Hauslieferung\" width=\"1024\" height=\"699\" srcset=\"https:\/\/staging.spassio.com\/wp-content\/uploads\/2022\/10\/modular-home-transportation-1024x699.jpg 1024w, https:\/\/staging.spassio.com\/wp-content\/uploads\/2022\/10\/modular-home-transportation-300x205.jpg 300w, https:\/\/staging.spassio.com\/wp-content\/uploads\/2022\/10\/modular-home-transportation-768x524.jpg 768w, https:\/\/staging.spassio.com\/wp-content\/uploads\/2022\/10\/modular-home-transportation-1536x1049.jpg 1536w, https:\/\/staging.spassio.com\/wp-content\/uploads\/2022\/10\/modular-home-transportation-879x600.jpg 879w, https:\/\/staging.spassio.com\/wp-content\/uploads\/2022\/10\/modular-home-transportation-496x339.jpg 496w, https:\/\/staging.spassio.com\/wp-content\/uploads\/2022\/10\/modular-home-transportation.jpg 1999w\" sizes=\"(max-width: 1024px) 100vw, 1024px\" \/><figcaption id=\"caption-attachment-30013\" class=\"wp-caption-text\">Bildnachweis: Akso Haus O\u00dc<\/figcaption><\/figure>\n<h2>Wie werden die Modulh\u00e4user zur Baustelle transportiert?<\/h2>\n<p>Die meisten <a href=\"https:\/\/staging.spassio.com\/manufacturers\/\">Hersteller von Modulh\u00e4usern<\/a> liefern die Module auf dem Stra\u00dfenweg zum Grundst\u00fcck, und der standardisierte, modulare Bauprozess ist so konzipiert, dass er den Anforderungen der Stra\u00dfenverkehrsordnung gerecht wird. Eine der wichtigsten Anpassungen besteht in der Begrenzung der Abmessungen der Module, um diesen Anforderungen gerecht zu werden. Diese Gr\u00f6\u00dfen variieren leicht von Projekt zu Projekt, aber in Europa und im Vereinigten K\u00f6nigreich sind sie etwa 5,3 Meter breit, 14,5 Meter lang und 3,8 Meter hoch <a href=\"#_ftn1\" name=\"_ftnref1\">[1]<\/a>.<\/p>\n<p>Die Lieferung auf dem Stra\u00dfenweg erfolgt per Lkw mit Schwerlastanh\u00e4ngern unterschiedlicher Gr\u00f6\u00dfe, die sowohl an die Module als auch an die Stra\u00dfenverh\u00e4ltnisse angepasst sind. Das <a href=\"https:\/\/staging.spassio.com\/manufacturer\/akso-haus\/\">Modulhaus-Unternehmen Akso Haus<\/a> beispielsweise verwendet f\u00fcr den Transport seiner schwersten Module Anh\u00e4nger mit einer L\u00e4nge von bis zu 25 Metern, kann aber auch auf 22 Meter lange Schwerlastanh\u00e4nger zur\u00fcckgreifen, wenn die eingeschr\u00e4nkte Zug\u00e4nglichkeit des Grundst\u00fccks dies erfordert <a href=\"#_ftn2\" name=\"_ftnref2\">[2]<\/a>.<\/p>\n<p>In einigen besonderen Situationen mit eingeschr\u00e4nkter Zug\u00e4nglichkeit k\u00f6nnen andere Transportmittel erforderlich sein:<\/p>\n<ul>\n<li><strong>Frachtschiff<\/strong>: Die Lieferung eines Modulhauses per Schiff ist durchaus \u00fcblich, wenn die Module auf einen anderen Kontinent oder eine Insel geliefert werden. Die Verwendung eines Ro-Ro-Schiffs (Roll-on\/Roll-off) ist f\u00fcr lange Strecken sehr praktisch, da das Man\u00f6vrieren des Moduls begrenzt ist. Die Module verlassen das Werk auf einem Schwerlastanh\u00e4nger, der sp\u00e4ter auf die F\u00e4hre gebracht wird, und erst am Zielort werden die Module entladen <a href=\"#_ftn3\" name=\"_ftnref1\">[3]<\/a>.<\/li>\n<li><strong>Bahn<\/strong>: Die Lieferung der Module per Bahn ist zwar m\u00f6glich, wird aber nicht h\u00e4ufig gew\u00e4hlt. Es ist selten, dass sowohl die Herstellerfirma als auch das Grundst\u00fcck an der Schiene liegen. Daher m\u00fcssten die Module zus\u00e4tzlich auf der Stra\u00dfe zum und vom Bahnhof transportiert werden. Die Module m\u00fcssten mehrmals man\u00f6vriert werden, wodurch die Gefahr einer Besch\u00e4digung best\u00fcnde, was die Kosten in die H\u00f6he treiben und den Transport auf der Schiene weniger bequem machen w\u00fcrde <a href=\"#_ftn4\" name=\"_ftnref4\">[4]<\/a>.<\/li>\n<li><strong>Hubschrauber<\/strong>: Dies ist ein sehr seltenes Verfahren, da es zu teuer und zu komplex ist, obwohl immer noch die M\u00f6glichkeit besteht und einige Hersteller sich bei Bedarf daf\u00fcr entscheiden. Extrem unzug\u00e4ngliche Orte, wie z. B. der Gipfel eines Berges, k\u00f6nnen dank L\u00f6sungen wie der Anlieferung per Hubschrauber von den Vorteilen der Off-Site-Bauweise profitieren <a href=\"#_ftn4\" name=\"_ftnref4\">[4]<\/a>.<\/li>\n<\/ul>\n<p>Es ist zwar m\u00f6glich, ein <a href=\"https:\/\/staging.spassio.com\/categories\/modular-houses\/\">Modulhaus<\/a> mit verschiedenen Transportmitteln zu liefern, aber nicht alle Hersteller bieten alle M\u00f6glichkeiten an. In den meisten F\u00e4llen ziehen die Modulunternehmen nur die Lieferung auf der Stra\u00dfe in Betracht. Wenden Sie sich jedoch immer an Ihren Hersteller, um sich \u00fcber die verschiedenen M\u00f6glichkeiten zu informieren, wie Ihr Modulhaus zu Ihnen gelangen kann.<\/p>\n<h2>Anforderungen und Einschr\u00e4nkungen beim Transport von Modulh\u00e4usern<\/h2>\n<p>Um den Erfolg der <strong>modularen Hauslieferung<\/strong> zu gew\u00e4hrleisten, ist es wichtig, die Transportroute sorgf\u00e4ltig zu planen und vorzubereiten. Der Anh\u00e4nger, auf dem das Modul transportiert wird, hat betr\u00e4chtliche Ausma\u00dfe, und obwohl die Gr\u00f6\u00dfe der Module so begrenzt ist, dass sie auf den meisten Stra\u00dfen transportiert werden k\u00f6nnen, ist nicht jede Stra\u00dfe daf\u00fcr geeignet. Das erste Element, das bei der Planung der Route zu ber\u00fccksichtigen ist, sind die Abmessungen der Stra\u00dfen.<\/p>\n<p>Die Stra\u00dfen sollten auf dem gesamten Weg von der Fabrik bis zum Grundst\u00fcck breit genug sein und keine scharfen oder engen Kurven haben. Die Mindestbreite f\u00fcr diese Art von Lastkraftwagen betr\u00e4gt 3,5 Meter <a href=\"#_ftn1\" name=\"_ftnref1\">[1]<\/a>, wobei dieser Wert in Kurven bis zu einer Breite von mindestens 7,2 Metern ansteigt <a href=\"#_ftn3\" name=\"_ftnref3\">[3]<\/a>. Au\u00dferdem sollten die von den Lastwagen befahrenen Stra\u00dfen v\u00f6llig frei von die Breite oder H\u00f6he einschr\u00e4nkenden Hindernissen sein, da diese die Module besch\u00e4digen oder sogar die Lieferung gef\u00e4hrden k\u00f6nnten.<\/p>\n<p>Einige Hindernisse, wie z. B. B\u00e4ume oder Z\u00e4une, k\u00f6nnen vor der <strong>Auslieferung des Moduls<\/strong> beseitigt werden, doch sollten alle m\u00f6glichen Einschr\u00e4nkungen im Voraus sorgf\u00e4ltig gepr\u00fcft werden. Die schwierigsten Hindernisse sind in der Regel diejenigen, die die Fahrbahnh\u00f6he verringern, da es in der Regel keine M\u00f6glichkeit gibt, sie zu umgehen. Die Mindesth\u00f6he f\u00fcr die Lieferung von Modulen betr\u00e4gt 4,5 Meter <a href=\"#_ftn6\" name=\"_ftnref6\">[6]<\/a>, so dass auf Elemente wie Tunnel, Br\u00fccken oder Stromleitungen besonders geachtet werden muss.<\/p>\n<h2>Vor-Ort-Bedingungen f\u00fcr modulare Hauslieferungen<\/h2>\n<p>Sobald die Module auf dem Grundst\u00fcck ankommen, werden sie mit einem Kran auf den Fundamenten zusammengesetzt, um den Bau des Modulhauses abzuschlie\u00dfen. Angesichts der Gr\u00f6\u00dfe und des Gewichts der Module muss der Kran in einem Bereich mit ausreichend Platz zum Man\u00f6vrieren stabilisiert werden. Die f\u00fcr den Kran ben\u00f6tigte Fl\u00e4che betr\u00e4gt etwa acht mal acht Meter <a href=\"#_ftn6\" name=\"_ftnref6\">[6]<\/a>.<\/p>\n<p>Der Zusammenbau der Module ist in der Regel recht einfach, da die vorgefertigten Module bereits mit allen Verbindungen und Anschl\u00fcssen geliefert werden <a href=\"#_ftn7\" name=\"_ftnref7\">[7<\/a>]. In der Regel werden sowohl der Modultransport als auch das Man\u00f6vrieren des Krans von spezialisierten Unternehmen durchgef\u00fchrt. In den meisten F\u00e4llen werden diese jedoch von dem <a href=\"https:\/\/staging.spassio.com\/manufacturers\/\">Hersteller des modularen Hauses<\/a> in Auftrag gegeben und \u00fcberwacht, der auch bei den Montage- und Fertigstellungsarbeiten anwesend ist.<\/p>\n<figure id=\"attachment_30014\" aria-describedby=\"caption-attachment-30014\" style=\"width: 1024px\" class=\"wp-caption alignnone\"><img decoding=\"async\" class=\"my-img-border wp-image-30014 size-large\" src=\"https:\/\/staging.spassio.com\/wp-content\/uploads\/2022\/10\/onsite-crane-modularhome-delivery-1024x512.jpg\" alt=\"Kran f\u00fcr modulare Hauslieferung vor Ort\" width=\"1024\" height=\"512\" srcset=\"https:\/\/staging.spassio.com\/wp-content\/uploads\/2022\/10\/onsite-crane-modularhome-delivery-1024x512.jpg 1024w, https:\/\/staging.spassio.com\/wp-content\/uploads\/2022\/10\/onsite-crane-modularhome-delivery-300x150.jpg 300w, https:\/\/staging.spassio.com\/wp-content\/uploads\/2022\/10\/onsite-crane-modularhome-delivery-768x384.jpg 768w, https:\/\/staging.spassio.com\/wp-content\/uploads\/2022\/10\/onsite-crane-modularhome-delivery-496x248.jpg 496w, https:\/\/staging.spassio.com\/wp-content\/uploads\/2022\/10\/onsite-crane-modularhome-delivery.jpg 1051w\" sizes=\"(max-width: 1024px) 100vw, 1024px\" \/><figcaption id=\"caption-attachment-30014\" class=\"wp-caption-text\">Bildnachweis: Cube https:\/\/casasprefabricadascube.com\/<\/figcaption><\/figure>\n<h2>Wie viel kostet der Versand eines Modulhauses?<\/h2>\n<p>Die Kosten f\u00fcr den Transport jedes einzelnen Moduls von der Fabrik zum Grundst\u00fcck auf der Stra\u00dfe betragen in Europa und im Vereinigten K\u00f6nigreich etwa 8,11 \u20ac\/km <a href=\"#_ftn6\" name=\"_ftnref6\">[6]<\/a>. Dieser Preis kann jedoch von einem Projekt zum anderen leicht schwanken, je nach Transportweg, den Schwierigkeiten auf den Stra\u00dfen oder der Art der eingesetzten Fahrzeuge. Der <a href=\"https:\/\/staging.spassio.com\/manufacturer\/sia-frame-house-group\/\">Hersteller Frame House<\/a> zum Beispiel erkl\u00e4rt, dass die Geb\u00fchren f\u00fcr den Versand eines Hauses je nach Zielort und Route variieren k\u00f6nnen <a href=\"#_ftn1\" name=\"_ftnref1\">[1]<\/a>.<\/p>\n<p>In der Regel entwirft der Hersteller das Lieferkontingent, das vom Verladen der Module auf den Anh\u00e4nger bis zum Man\u00f6vrieren des Krans und der Montage reicht. Zus\u00e4tzliche Dienstleistungen, wie z. B. die zu Beginn des Bauprozesses durchgef\u00fchrte Transportbeurteilung, sind jedoch in der Regel nicht im Kostenvoranschlag f\u00fcr die Lieferung enthalten und werden in der Regel zu Beginn separat berechnet. Dennoch entscheiden sich die meisten Hersteller daf\u00fcr, diese Kosten zu erstatten, indem sie sie von den Baukosten abziehen <a href=\"#_ftn6\" name=\"_ftnref6\">[6]<\/a>.<\/p>\n<p>Referenzen:<br \/>\n<a style=\"color: #3eb6a8;\" href=\"#_ftnref1\" name=\"_ftn1\">[1]<\/a>Wie gro\u00df sind vorgefertigte Module und wie werden sie transportiert ProNor Baltics <a href=\"http:\/\/pronor.ee\/how-big-are-prefab-modules-and-how-are-they-transported\/\">http:\/\/pronor.ee\/how-big-are-prefab-modules-and-how-are-they-transported\/<\/a><br \/>\n<a style=\"color: #3eb6a8;\" href=\"#_ftnref2\" name=\"_ftn2\">[2]<\/a>Akso Haus (2022, August 24) Modulhaus Transport und Transport\u00fcbersicht https:\/\/www.aksohaus.ee\/en\/modular-house-transportation-and-transportation-survey\/<br \/>\n<a style=\"color: #3eb6a8;\" href=\"#_ftnref3\" name=\"_ftn3\">[3]<\/a>Akerman, I. und Jonsson, R. European modular system for road freight transport &#8211; experiences and possibilities Report 2007:2 E TFK &#8211; TransportForsK AB <a href=\"https:\/\/unece.org\/DAM\/trans\/wp24\/wp24-presentations\/documents\/pres08-11.pdf\">https:\/\/unece.org\/DAM\/trans\/wp24\/wp24-presentations\/documents\/pres08-11.pdf<\/a><br \/>\n<a style=\"color: #3eb6a8;\" href=\"#_ftnref4\" name=\"_ftn4\">[4]<\/a>Agha, A., Shibani, A., Hassan, D., und Zalans, B. (2021) Modular Construction in the United Kingdom Housing Sector: Barriers and Implications Journal of Architectural Engineering Technology, 10(2), [236]. https:\/\/doi.org\/10.4172\/2168-9717.1000236\/<br \/>\n<a style=\"color: #3eb6a8;\" href=\"#_ftnref5\" name=\"_ftn5\">[5]<\/a>Bertram, N., Fuchs, S., Mischke, J., Palter, R., Strube, G., und Woetzel, J. (2019, Juni) Modulares Bauen: Vom <a href=\"https:\/\/www.mckinsey.com\/~\/media\/mckinsey\/business%20functions\/operations\/our%20insights\/modular%20construction%20from%20projects%20to%20products%20new\/modular-construction-from-projects-to-products-full-report-new.pdf\">Projekt zum Produkt McKinsey &amp; Company <\/a><br \/>\n<a style=\"color: #3eb6a8;\" href=\"#_ftnref6\" name=\"_ftn6\">[6]<\/a>Blokki Geb\u00e4ude &#8211; FAQ Blokki <a href=\"https:\/\/www.blokki.cz\/en\/faq#:~:text=transport%20and%20unload\">https:\/\/www.blokki.cz\/en\/faq#:~:text=transport%20and%20unload<\/a><br \/>\n<a style=\"color: #3eb6a8;\" href=\"#_ftnref7\" name=\"_ftn7\">[7]<\/a>Montage Fertighaus Rahmenhaus Hersteller <a href=\"https:\/\/prefabhome.eu\/en\/transport-and-montage\/montage\">https:\/\/prefabhome.eu\/en\/transport-and-montage\/montage<\/a><\/p>\n<p>&nbsp;<\/p>\n","protected":false},"excerpt":{"rendered":"<p>Die gesamte Konstruktion des Modulhauses ist so koordiniert, dass alle Anforderungen an den Transport integriert sind: Jedes Modul ist so konzipiert, dass die Abmessungen den Transport erm\u00f6glichen, und die Struktur ist so stabil gebaut, dass sie den Belastungen w\u00e4hrend des Transports standh\u00e4lt. Die meisten Hersteller von Modulh\u00e4usern in Europa und im Vereinigten K\u00f6nigreich gehen bei [&hellip;]<\/p>\n","protected":false},"author":194,"featured_media":30013,"parent":0,"menu_order":0,"comment_status":"closed","ping_status":"closed","template":"","meta":{"content-type":"","_FSMCFIC_featured_image_caption":"","_FSMCFIC_featured_image_nocaption":"","_FSMCFIC_featured_image_hide":"","footnotes":""},"class_list":["post-58709","page","type-page","status-publish","has-post-thumbnail","hentry"],"_wp_attached_file":null,"_wp_attachment_metadata":null,"_wp_attachment_backup_sizes":null,"siteground_optimizer_webp_conversion_attempts":null,"siteground_optimizer_is_converted_to_webp":null,"siteground_optimizer_optimization_attempts":null,"siteground_optimizer_optimization_failed":null,"wpml_media_processed":null,"_wp_attachment_image_alt":null,"siteground_optimizer_is_optimized":null,"siteground_optimizer_webp_conversion_failed":null,"_elementor_source_image_hash":null,"siteground_optimizer_compression_level":null,"_elementor_inline_svg":null,"_imagify_optimization_level":null,"_imagify_status":null,"_imagify_data":null,"siteground_optimizer_original_filesize":null,"wpse_external_file_url":null,"fave_currency":null,"fave_currency_info":null,"fave_property_id":null,"fave_property_map":null,"fave_property_location":null,"houzez_geolocation_lat":null,"houzez_geolocation_long":null,"fave_property_map_street_view":null,"fave_featured":null,"fave_loggedintoview":null,"fave_agent_display_option":null,"fave_prop_homeslider":null,"fave_single_top_area":null,"fave_single_content_area":null,"_yoast_wpseo_primary_property_type":null,"_yoast_wpseo_primary_property_feature":null,"_yoast_wpseo_primary_property_label":null,"_yoast_wpseo_primary_property_country":null,"houzez_manual_expire":null,"_houzez_expiration_date_status":null,"houzez_total_property_views":null,"houzez_views_by_date":null,"houzez_recently_viewed":null,"fave_property_price":null,"fave_property_price_prefix":null,"fave_property_size":null,"fave_property_bathrooms":null,"fave_property_garage":null,"fave_levels":null,"fave_roof-type":null,"fave_construction-type":null,"fave_video_url":null,"fave_video_image":null,"fave_payment_status":null,"fave_property_agency":null,"fave_countries":null,"fave_sleeps":null,"_yoast_wpseo_primary_property_status":null,"fave_property_images":null,"fave_attachments":null,"technical_description":null,"houzez_featured_listing_date":null,"fave_property_size_prefix":null,"fave_property_bedrooms":null,"fave_property_price_postfix":null,"fave_production-time-in-weeks":null,"fave_building-time-in-days":null,"fave_window-glazing":null,"_yoast_wpseo_primary_feature-2":null,"_yoast_wpseo_primary_feature-3":null,"fave_warranty-in-years":null,"fave_property_land":null,"fave_property_land_postfix":null,"wpsebeba57d406-00de-d339-8c02-3956a916f506":null,"_oembed_eefb35903900c5c166d55ccf7fc62a8a":null,"_oembed_30948e80c1a853da0b519e72c40d2e13":null,"_oembed_0b78a31d7c7e6041adc064d46c40f98b":null,"_oembed_42c2c13b5902a21593b1d521556aea88":null,"_oembed_4fb58e495f37e206f97738a42dbe566f":null,"_oembed_b2828bee61bd9076cd21ece641de7abc":null,"_oembed_0c92428c960763e658977ce4918863f4":null,"_oembed_02b72dc3d26bdba6ff900a268ade2517":null,"_oembed_8c819834f7fc0b74364aa34a8193f46f":null,"_oembed_088962b77808b37d57abe5c8143f9652":null,"_oembed_dfae0e674c59ba061a82b330fc7fdea0":null,"_oembed_74e5075f66c4cd04b0e118feb24f6636":null,"fave_mortgage_cal":null,"_air_wp_sync_record_id":null,"_air_wp_sync_hash":null,"_air_wp_sync_importer_id":null,"_air_wp_sync_updated_at":null,"external_listing_link":null,"fave_property_map_address":null,"fave_multi_units_ids":null,"$wpml_language$":null,"fave_virtual_tour":null,"fave_gross-external-area":null,"_houzez_expiration_date":null,"_houzez_expiration_date_options":null,"floor_plans":null,"_oembed_a17db82fa378d53b4dc6ed46e5344499":null,"_oembed_da390569a339f4d7147d95cfb8c04c12":null,"_oembed_6a3eda5947bcc098660397ca8e21a941":null,"fave_roof-angle":null,"fave_seo-content":null,"_oembed_a7b8941eeee966e7350aede20b4d62be":null,"_oembed_time_a7b8941eeee966e7350aede20b4d62be":null,"additional_features":null,"fave_multi_units":null,"_oembed_716f56b62500685a7dd15ea2ec7579bd":null,"_oembed_time_716f56b62500685a7dd15ea2ec7579bd":null,"_oembed_8ececd3dd2598a4aedb5dfc82df2a0f6":null,"_oembed_time_8ececd3dd2598a4aedb5dfc82df2a0f6":null,"_oembed_4cef7884ea6ef16d48cd8675b12e440d":null,"fave_property_garage_size":null,"_oembed_5c1eaf7b40f4e3a3089b38beb88ba480":null,"fave_property_zip":null,"_oembed_ccdd6e0304386ece64b3b91f572b0be4":null,"_oembed_ae30d19e3e861b389146a1ccc2828104":null,"fave_property_rooms":null,"fave_property_year":null,"two_page_speed":null,"fave_year_established":null,"Status":null,"_oembed_5b2d8d2cf33b469c98e488ea5b118c30":null,"WPML Language Code":null,"_links":{"self":[{"href":"https:\/\/staging.spassio.com\/de\/wp-json\/wp\/v2\/pages\/58709","targetHints":{"allow":["GET"]}}],"collection":[{"href":"https:\/\/staging.spassio.com\/de\/wp-json\/wp\/v2\/pages"}],"about":[{"href":"https:\/\/staging.spassio.com\/de\/wp-json\/wp\/v2\/types\/page"}],"author":[{"embeddable":true,"href":"https:\/\/staging.spassio.com\/de\/wp-json\/wp\/v2\/users\/194"}],"replies":[{"embeddable":true,"href":"https:\/\/staging.spassio.com\/de\/wp-json\/wp\/v2\/comments?post=58709"}],"version-history":[{"count":0,"href":"https:\/\/staging.spassio.com\/de\/wp-json\/wp\/v2\/pages\/58709\/revisions"}],"wp:featuredmedia":[{"embeddable":true,"href":"https:\/\/staging.spassio.com\/de\/wp-json\/wp\/v2\/media\/30013"}],"wp:attachment":[{"href":"https:\/\/staging.spassio.com\/de\/wp-json\/wp\/v2\/media?parent=58709"}],"curies":[{"name":"wp","href":"https:\/\/api.w.org\/{rel}","templated":true}]}}