{"id":58712,"date":"2022-08-21T20:20:22","date_gmt":"2022-08-21T19:20:22","guid":{"rendered":"https:\/\/staging.spassio.com\/leitfaden-fuer-die-suche-nach-und-den-kauf-von-grundstuecken\/"},"modified":"2023-09-29T22:28:17","modified_gmt":"2023-09-29T21:28:17","slug":"leitfaden-fuer-die-suche-nach-baugrundstuecken-und-deren-kauf","status":"publish","type":"page","link":"https:\/\/staging.spassio.com\/de\/leitfaden-fuer-die-suche-nach-baugrundstuecken-und-deren-kauf\/","title":{"rendered":"Leitfaden f\u00fcr die Suche nach Baugrundst\u00fccken und deren Kauf"},"content":{"rendered":"<p>Dieser Leitfaden hilft Ihnen, sich Schritt f\u00fcr Schritt einen \u00dcberblick \u00fcber die Anforderungen zu verschaffen, die f\u00fcr die Suche und den Kauf eines Grundst\u00fccks zum Bau eines Fertighauses im Vereinigten K\u00f6nigreich und in Europa gelten. Die Suche nach dem richtigen <em>Grundst\u00fcck f\u00fcr den Bau eines Fertighauses<\/em> kann f\u00fcr einen Erstk\u00e4ufer eine Herausforderung sein, da diese Bauweise noch recht neu ist und die Anforderungen f\u00fcr die meisten noch fremd sind. Die Art des Grundst\u00fccks, das f\u00fcr die Errichtung eines <a href=\"\/\">Fertighauses<\/a> ben\u00f6tigt wird, ist jedoch \u00e4hnlich wie bei einem herk\u00f6mmlichen Baugrundst\u00fcck.<\/p>\n<p>Ein schrittweiser Leitfaden f\u00fcr die Suche und den Kauf von Grundst\u00fccken:<\/p>\n<ol>\n<li>W\u00e4hlen Sie einen Standort<\/li>\n<li>Ermitteln Sie die optimalen Grundst\u00fccksmerkmale f\u00fcr den Bau eines Fertighauses<\/li>\n<li>Konzentrieren Sie sich auf bebaubare Grundst\u00fccke<\/li>\n<li>Pr\u00fcfen Sie, ob das Grundst\u00fcck erschlossen wird<\/li>\n<li>Einholung von Rechtsrat<\/li>\n<li>Erkundigen Sie sich nach den Grundst\u00fcckskosten und vergleichen Sie die Preise<\/li>\n<li>Kauf und Registrierung Ihrer neuen Immobilie<\/li>\n<\/ol>\n<p>Wenn Sie einen Schritt nach dem anderen erledigen, werden Sie das perfekte Grundst\u00fcck finden. Wo Sie mit der Baugrundst\u00fccksuche beginnen, ist eher eine pers\u00f6nliche Entscheidung. Sie k\u00f6nnen sich an einen \u00f6rtlichen Makler wenden oder Online-Immobilienportale durchst\u00f6bern.<\/p>\n<h2>1. W\u00e4hlen Sie einen Standort<\/h2>\n<p>Der Standort ist der erste Schritt, den Sie bei der Suche nach einem Grundst\u00fcck ber\u00fccksichtigen m\u00fcssen. Der ideale Standort h\u00e4ngt von Ihren Vorlieben, Bed\u00fcrfnissen und Ihrer pers\u00f6nlichen Situation ab. In den dicht besiedelten Gebieten des Vereinigten K\u00f6nigreichs und Europas kann es jedoch schwierig sein, ein freies St\u00fcck Land zu finden. Daher ist das ideale Baugrundst\u00fcck in den meisten F\u00e4llen nicht nur unsere Traumlage, sondern ein Kompromiss zwischen unseren Pr\u00e4ferenzen und der Verf\u00fcgbarkeit auf dem Markt.<\/p>\n<h3>Wo ist der beste Ort, um ein Grundst\u00fcck zu kaufen?<\/h3>\n<p>Ein guter Standort sieht f\u00fcr jeden Menschen anders aus, aber hier sind einige Tipps, die Ihnen helfen werden herauszufinden, wie ein guter Standort f\u00fcr Sie aussieht:<\/p>\n<p>Die <strong>N\u00e4he zu wichtigen Einrichtungen<\/strong>: Analysieren Sie, wie wichtig es f\u00fcr Sie ist, in der N\u00e4he von Lebensmittelgesch\u00e4ften, Unterhaltungsm\u00f6glichkeiten oder Einkaufszentren zu wohnen. Auch wenn Sie zur Arbeit pendeln oder Kinder haben, die zur Schule gehen, legen Sie vielleicht Wert auf die N\u00e4he zu diesen Einrichtungen.<\/p>\n<p><strong>Lieferung<\/strong>: Das von Ihnen bevorzugte Verkehrsmittel sollte bei der Wahl des Standorts sorgf\u00e4ltig ber\u00fccksichtigt werden. Pr\u00fcfen Sie, ob das Grundst\u00fcck in der N\u00e4he von \u00f6ffentlichen Verkehrsmitteln, Autobahnen oder Fu\u00dfwegen liegt.<\/p>\n<p><strong>Wohngegend<\/strong>: Ermitteln Sie, welche Wohngegenden am besten zu Ihnen passen, und pr\u00fcfen Sie, wie sicher die Gegend ist.<\/p>\n<p>&nbsp;<\/p>\n<h2>2. Ermitteln Sie die optimalen Grundst\u00fccksmerkmale f\u00fcr den Bau eines Fertighauses<\/h2>\n<p>Die Grundst\u00fccksanforderungen f\u00fcr den Bau eines Fertighauses sind denen f\u00fcr den <a href=\"https:\/\/staging.spassio.com\/prefab-better-than-traditional-building\/\">Bau eines traditionellen Hauses<\/a> sehr \u00e4hnlich. Da Fertigh\u00e4user jedoch haupts\u00e4chlich au\u00dferhalb der Baustelle schnell und kosteng\u00fcnstig gebaut werden sollen, gewinnen diese Merkmale an Bedeutung.<\/p>\n<p>Je flacher, desto besser: Geneigte Grundst\u00fccke erfordern zus\u00e4tzliche Arbeiten, was sich in einer l\u00e4ngeren und teureren Bauzeit niederschl\u00e4gt. Eine geringe Neigung ist besonders wichtig, wenn Sie ein Fertighaus erwerben m\u00f6chten.<\/p>\n<p><strong>Zug\u00e4nglich<\/strong>: Ein zug\u00e4ngliches Grundst\u00fcck erleichtert den Transport der Materialien und Maschinen f\u00fcr den Bau des Hauses, was in der Regel zu einem reibungsloseren, schnelleren und billigeren Bau beitr\u00e4gt. Dennoch ist beim Bau eines Fertighauses die Zug\u00e4nglichkeit von entscheidender Bedeutung, da es sich bei der Anlieferung auf der Baustelle um vorgefertigte Teile mit umfangreichen Abmessungen handelt.<\/p>\n<p><strong>Bodenbeschaffenheit<\/strong>: Die Beschaffenheit des Bodens bestimmt, welche Art von Fundamenten das Haus ben\u00f6tigt. Eine geotechnische Untersuchung kann im Zweifelsfall sehr hilfreich sein, da harte B\u00f6den nur sehr schwer ausgehoben werden k\u00f6nnen und bei sehr weichen B\u00f6den m\u00f6glicherweise tief gegraben werden muss, um festen Boden zu finden. All diese zus\u00e4tzlichen Arbeiten erh\u00f6hen den Gesamtpreis des Baus.<\/p>\n<p><strong>Ausrichtung<\/strong>: Die Ausrichtung des Grundst\u00fccks ist der Schl\u00fcssel zu einer komfortablen Wohnsituation, wenn das Haus einmal gebaut ist. Die ideale Ausrichtung des Grundst\u00fccks h\u00e4ngt von den klimatischen Bedingungen des Gebiets ab, in dem Sie bauen, wobei die wichtigsten Aspekte Sonneneinstrahlung, Schatten, Wind und \u00dcberschwemmungen sind.<\/p>\n<h2>3. Konzentrieren Sie sich auf bebaubare Grundst\u00fccke<\/h2>\n<p>Es gibt verschiedene Arten von Grundst\u00fccken auf dem Markt, und nicht alle sind bebaubar. Auch wenn jedes Land seine Grundst\u00fccksarten anders organisiert, so verf\u00fcgen doch alle \u00fcber eine Art von Bebauungsplan, in dem die Grundst\u00fccke nach der Art der Geb\u00e4ude, die in diesem Gebiet errichtet werden k\u00f6nnen, klassifiziert und eingestuft werden.<\/p>\n<p>Wenden Sie sich vor dem Kauf eines Grundst\u00fccks an die \u00f6rtliche Planungsbeh\u00f6rde, um die Bebaubarkeit des Grundst\u00fccks zu pr\u00fcfen und m\u00f6gliche Planungsprobleme zu ermitteln. Denken Sie daran, dass Sie f\u00fcr eine Baugenehmigung verschiedene Vorschriften einhalten m\u00fcssen, die Aspekte wie Nutzung, Gr\u00f6\u00dfe und H\u00f6he des Geb\u00e4udes einschr\u00e4nken.<\/p>\n<figure id=\"attachment_28847\" aria-describedby=\"caption-attachment-28847\" style=\"width: 1000px\" class=\"wp-caption alignnone\"><img fetchpriority=\"high\" decoding=\"async\" class=\"wp-image-28847 size-full\" src=\"https:\/\/staging.spassio.com\/wp-content\/uploads\/2022\/08\/tini-tini-m-003-prefab-house-plot-land.webp\" alt=\"Fertighaus-Grundst\u00fccksf\u00fchrer\" width=\"1000\" height=\"562\" srcset=\"https:\/\/staging.spassio.com\/wp-content\/uploads\/2022\/08\/tini-tini-m-003-prefab-house-plot-land.webp 1000w, https:\/\/staging.spassio.com\/wp-content\/uploads\/2022\/08\/tini-tini-m-003-prefab-house-plot-land-300x169.webp 300w, https:\/\/staging.spassio.com\/wp-content\/uploads\/2022\/08\/tini-tini-m-003-prefab-house-plot-land-768x432.webp 768w, https:\/\/staging.spassio.com\/wp-content\/uploads\/2022\/08\/tini-tini-m-003-prefab-house-plot-land-496x279.webp 496w\" sizes=\"(max-width: 1000px) 100vw, 1000px\" \/><figcaption id=\"caption-attachment-28847\" class=\"wp-caption-text\">Bild mit freundlicher Genehmigung von Tini: <a href=\"https:\/\/staging.spassio.com\/models\/tini-tini-m\/\">Modell Tini M<\/a><\/figcaption><\/figure>\n<h2><\/h2>\n<h2>4. Pr\u00fcfen Sie, ob das Grundst\u00fcck erschlossen wird<\/h2>\n<p>Bei einem erschlossenen Grundst\u00fcck handelt es sich um eine Parzelle, die bereits an die grundlegenden Dienstleistungen und Versorgungseinrichtungen wie Strom, Wasser, Abwasser und sogar Stra\u00dfen angeschlossen ist. Bei der Suche nach einem Grundst\u00fcck f\u00fcr den Bau eines neuen Fertighauses ist es sehr empfehlenswert, diese Tatsache zu ber\u00fccksichtigen. Sie k\u00f6nnen durchaus ein Fertighaus auf einem nicht erschlossenen Grundst\u00fcck bauen, allerdings ist der Anschluss des Grundst\u00fccks an die verschiedenen Dienste zeit- und kostenaufw\u00e4ndig, was Sie vorher bedenken sollten.<\/p>\n<h2>5. Holen Sie eine Rechtsberatung ein<\/h2>\n<p>Es ist immer empfehlenswert, vor dem Kauf eines Grundst\u00fccks rechtlichen Rat einzuholen, um die Risiken zu verringern. Ein erfahrener Anwalt hilft dabei festzustellen, ob es Probleme mit dem Titel oder der Beschreibung des Grundst\u00fccks gibt, ob eine Urkunde erforderlich ist und welche wichtigen Aspekte wie Schulden, Geb\u00fchren, Pfandrechte oder Sperrfristen zu beachten sind.<\/p>\n<h3>Welche Risiken bestehen beim Kauf von Grundst\u00fccken?<\/h3>\n<p>Wer sich nicht rechtlich beraten l\u00e4sst, <em>riskiert den Kauf von Grundst\u00fccken<\/em> mit schwerwiegenden Problemen wie z. B.:<\/p>\n<p><strong>Streitigkeiten \u00fcber die Grenzen<\/strong>: Einige Grundst\u00fccke sind nicht eindeutig abgegrenzt, und die Eigent\u00fcmer der benachbarten Grundst\u00fccke sind sich nicht einig \u00fcber die Grenzen der einzelnen Grundst\u00fccke. Es ist nicht empfehlenswert, ein Grundst\u00fcck zu kaufen, bei dem diese Art von Problemen auftritt, da es oft lange dauert, bis diese Streitigkeiten beigelegt sind.<\/p>\n<p><strong>Restriktive Vereinbarungen<\/strong>: Ein Grundst\u00fcck mit restriktiven Vereinbarungen kann Ihre Freiheit einschr\u00e4nken, das von Ihnen gew\u00fcnschte Haus zu bauen. Vergewissern Sie sich, dass das von Ihnen erworbene Grundst\u00fcck keine einschr\u00e4nkenden Vereinbarungen enth\u00e4lt, und wenn doch, nehmen Sie sich die Zeit, um festzustellen, ob diese f\u00fcr Sie von Nachteil sein k\u00f6nnten.<\/p>\n<p><strong>Probleme mit dem Zugangsrecht<\/strong>: Der Rechtstitel des Grundst\u00fccks sollte Ihnen das uneingeschr\u00e4nkte Recht auf Zugang zu Ihrem Grundst\u00fcck gew\u00e4hren, andernfalls k\u00f6nnten Sie keinen legalen Zugang zu Ihrem Grundst\u00fcck haben und jegliche Bauarbeiten k\u00f6nnten verweigert werden.<\/p>\n<h3>Welche Fragen sollten Sie beim Kauf eines Baugrundst\u00fccks stellen?<\/h3>\n<p>Bevor Sie ein Grundst\u00fcck kaufen, sollten Sie sich einige Fragen stellen, die Ihnen helfen, Risiken zu erkennen:<\/p>\n<ul>\n<li>Warum verkauft der Grundst\u00fcckseigent\u00fcmer das Grundst\u00fcck?<\/li>\n<li>Gibt es bereits Probleme mit dem Grundst\u00fcck?<\/li>\n<li>Gibt es irgendwelche Beschr\u00e4nkungen, die eine zuk\u00fcnftige Entwicklung einschr\u00e4nken k\u00f6nnten?<\/li>\n<li>Sind die Grenzen klar und legal definiert und\/oder markiert?<\/li>\n<li>Liegt eine Baugenehmigung vor?<\/li>\n<li>Welche Zugangsrechte gibt es?<\/li>\n<li>Ist das Grundst\u00fcck ordnungsgem\u00e4\u00df an die Grund- und Versorgungsdienste angeschlossen?<\/li>\n<li>Was ist in den st\u00e4dtischen Pl\u00e4nen f\u00fcr die Zukunft des Viertels vorgesehen?<\/li>\n<\/ul>\n<h2>6. Erkundigen Sie sich nach den Grundst\u00fcckskosten und vergleichen Sie die Preise<\/h2>\n<p>Die Kosten f\u00fcr Grundst\u00fccke sind sehr unterschiedlich, da es viele Aspekte gibt, die ihren Wert beeinflussen. Der Standort hat im Allgemeinen einen gro\u00dfen Einfluss auf den Kaufpreis. Daher ist es sehr hilfreich, sich \u00fcber den Durchschnittspreis in der Region zu informieren, wenn man die Preise vergleicht und \u00fcber den endg\u00fcltigen Verkaufspreis verhandelt.<\/p>\n<p>Alle zuvor genannten Aspekte wirken sich jedoch direkt auf den Wert aus:<\/p>\n<p><strong>Flache Fl\u00e4chen sind im Allgemeinen teurer<\/strong>: Grundst\u00fccke mit flachem Gel\u00e4nde und guten Bodenverh\u00e4ltnissen sind oft teurer. Dennoch lohnt sich das im Allgemeinen, da die Bauarbeiten reibungsloser verlaufen.<\/p>\n<p><strong>Bebaubare, erschlossene Grundst\u00fccke sind oft te<\/strong>urer: Ebenso sind Grundst\u00fccke mit erteilter Baugenehmigung, Zugang zu Dienstleistungen und geringeren Einschr\u00e4nkungen in der Regel gefragter und daher teurer. Dennoch sind sie eine gute und sichere Investition.<\/p>\n<p><strong>Grundst\u00fccke mit rechtlichen Problemen k\u00f6nnen g\u00fcnstiger sein<\/strong>: Seien Sie allerdings vorsichtig bei \u00fcberraschend niedrigen Preisen, denn es k\u00f6nnten rechtliche Probleme damit verbunden sein.<\/p>\n<h2>7. Kaufen und registrieren Sie Ihr neues Baugrundst\u00fcck<\/h2>\n<p>Wenn Sie das ideale Grundst\u00fcck f\u00fcr den Bau Ihres neuen <a href=\"\/\">Fertighauses<\/a> gefunden haben und sich \u00fcber die Kosten und Bedingungen im Klaren sind, ist es an der Zeit, es zu kaufen. Wenn Sie Eigent\u00fcmer des Grundst\u00fccks werden, sollten Sie es registrieren lassen und einen Eigentumsplan erstellen lassen. Im Vereinigten K\u00f6nigreich und in einigen europ\u00e4ischen L\u00e4ndern ist die Grundbucheintragung zwar nicht zwingend vorgeschrieben, doch kann sie von der Bank verlangt werden, wenn Sie einen Immobilienkredit beantragen und in Anspruch nehmen wollen.<\/p>\n<h3>Wo Sie nach Grundst\u00fccken suchen k\u00f6nnen<\/h3>\n<p>Es gibt verschiedene M\u00f6glichkeiten der Grundst\u00fcckssuche: Sie k\u00f6nnen sich an \u00f6rtliche Immobilienmakler wenden, Zeitungen und Zeitschriften konsultieren oder, was heutzutage h\u00e4ufiger der Fall ist, online recherchieren. Eine Online-Suche gibt Ihnen einen \u00dcberblick dar\u00fcber, was in Ihrer Region verf\u00fcgbar ist und wie viel die Grundst\u00fccke kosten.<\/p>\n<p>Hier sind einige Websites, auf denen Sie als einheimischer oder ausl\u00e4ndischer K\u00e4ufer Grundst\u00fccke finden k\u00f6nnen:<\/p>\n<h3>Grundst\u00fccke im Vereinigten K\u00f6nigreich kaufen<\/h3>\n<p>Rightmove &#8211; <a href=\"https:\/\/www.rightmove.co.uk\" target=\"_blank\" rel=\"noopener\">https:\/\/www.rightmove.co.uk<\/a><br \/>\nBuildStore PlotSearch &#8211; <a href=\"https:\/\/plotsearch.buildstore.co.uk\/findingland\/\" target=\"_blank\" rel=\"noopener\">https:\/\/plotsearch.buildstore.co.uk\/findingland\/<\/a><\/p>\n<h3>Grundst\u00fccke in Frankreich kaufen<\/h3>\n<p>SeLoger construire &#8211; <a href=\"https:\/\/www.seloger-construire.com\/projet-construction\/terrain\/pays\/france\" target=\"_blank\" rel=\"noopener\">https:\/\/www.seloger-construire.com\/projet-construction\/terrain\/pays\/france<\/a><br \/>\nPAP Particuler \u00e0 Particuler &#8211; <a href=\"https:\/\/www.pap.fr\/annonce\/vente-terrains\" target=\"_blank\" rel=\"noopener\">https:\/\/www.pap.fr\/annonce\/vente-terrains<\/a><\/p>\n<h3>Grundst\u00fccke in Spanien kaufen<\/h3>\n<p>terrenos.es &#8211; <a href=\"https:\/\/terrenos.es\" target=\"_blank\" rel=\"noopener\">https:\/\/terrenos.es<\/a><br \/>\nLandex &#8211; <a href=\"https:\/\/www.landex.es\" target=\"_blank\" rel=\"noopener\">https:\/\/www.landex.es<\/a><\/p>\n<h3>Grundst\u00fccke in Europa kaufen<\/h3>\n<p>Properstar &#8211; <a href=\"https:\/\/www.properstar.com\" target=\"_blank\" rel=\"noopener\">https:\/\/www.properstar.com<\/a><br \/>\nTranio &#8211; <a href=\"https:\/\/tranio.com\/europe\/land\/\" target=\"_blank\" rel=\"noopener\">https:\/\/tranio.com\/europe\/land\/<\/a><\/p>\n","protected":false},"excerpt":{"rendered":"<p>Dieser Leitfaden hilft Ihnen, sich Schritt f\u00fcr Schritt einen \u00dcberblick \u00fcber die Anforderungen zu verschaffen, die f\u00fcr die Suche und den Kauf eines Grundst\u00fccks zum Bau eines Fertighauses im Vereinigten K\u00f6nigreich und in Europa gelten. Die Suche nach dem richtigen Grundst\u00fcck f\u00fcr den Bau eines Fertighauses kann f\u00fcr einen Erstk\u00e4ufer eine Herausforderung sein, da diese [&hellip;]<\/p>\n","protected":false},"author":194,"featured_media":28847,"parent":0,"menu_order":0,"comment_status":"closed","ping_status":"closed","template":"","meta":{"content-type":"","_FSMCFIC_featured_image_caption":"","_FSMCFIC_featured_image_nocaption":"","_FSMCFIC_featured_image_hide":"","footnotes":""},"class_list":["post-58712","page","type-page","status-publish","has-post-thumbnail","hentry"],"_wp_attached_file":null,"_wp_attachment_metadata":null,"_wp_attachment_backup_sizes":null,"siteground_optimizer_webp_conversion_attempts":null,"siteground_optimizer_is_converted_to_webp":null,"siteground_optimizer_optimization_attempts":null,"siteground_optimizer_optimization_failed":null,"wpml_media_processed":null,"_wp_attachment_image_alt":null,"siteground_optimizer_is_optimized":null,"siteground_optimizer_webp_conversion_failed":null,"_elementor_source_image_hash":null,"siteground_optimizer_compression_level":null,"_elementor_inline_svg":null,"_imagify_optimization_level":null,"_imagify_status":null,"_imagify_data":null,"siteground_optimizer_original_filesize":null,"wpse_external_file_url":null,"fave_currency":null,"fave_currency_info":null,"fave_property_id":null,"fave_property_map":null,"fave_property_location":null,"houzez_geolocation_lat":null,"houzez_geolocation_long":null,"fave_property_map_street_view":null,"fave_featured":null,"fave_loggedintoview":null,"fave_agent_display_option":null,"fave_prop_homeslider":null,"fave_single_top_area":null,"fave_single_content_area":null,"_yoast_wpseo_primary_property_type":null,"_yoast_wpseo_primary_property_feature":null,"_yoast_wpseo_primary_property_label":null,"_yoast_wpseo_primary_property_country":null,"houzez_manual_expire":null,"_houzez_expiration_date_status":null,"houzez_total_property_views":null,"houzez_views_by_date":null,"houzez_recently_viewed":null,"fave_property_price":null,"fave_property_price_prefix":null,"fave_property_size":null,"fave_property_bathrooms":null,"fave_property_garage":null,"fave_levels":null,"fave_roof-type":null,"fave_construction-type":null,"fave_video_url":null,"fave_video_image":null,"fave_payment_status":null,"fave_property_agency":null,"fave_countries":null,"fave_sleeps":null,"_yoast_wpseo_primary_property_status":null,"fave_property_images":null,"fave_attachments":null,"technical_description":null,"houzez_featured_listing_date":null,"fave_property_size_prefix":null,"fave_property_bedrooms":null,"fave_property_price_postfix":null,"fave_production-time-in-weeks":null,"fave_building-time-in-days":null,"fave_window-glazing":null,"_yoast_wpseo_primary_feature-2":null,"_yoast_wpseo_primary_feature-3":null,"fave_warranty-in-years":null,"fave_property_land":null,"fave_property_land_postfix":null,"wpsebeba57d406-00de-d339-8c02-3956a916f506":null,"_oembed_eefb35903900c5c166d55ccf7fc62a8a":null,"_oembed_30948e80c1a853da0b519e72c40d2e13":null,"_oembed_0b78a31d7c7e6041adc064d46c40f98b":null,"_oembed_42c2c13b5902a21593b1d521556aea88":null,"_oembed_4fb58e495f37e206f97738a42dbe566f":null,"_oembed_b2828bee61bd9076cd21ece641de7abc":null,"_oembed_0c92428c960763e658977ce4918863f4":null,"_oembed_02b72dc3d26bdba6ff900a268ade2517":null,"_oembed_8c819834f7fc0b74364aa34a8193f46f":null,"_oembed_088962b77808b37d57abe5c8143f9652":null,"_oembed_dfae0e674c59ba061a82b330fc7fdea0":null,"_oembed_74e5075f66c4cd04b0e118feb24f6636":null,"fave_mortgage_cal":null,"_air_wp_sync_record_id":null,"_air_wp_sync_hash":null,"_air_wp_sync_importer_id":null,"_air_wp_sync_updated_at":null,"external_listing_link":null,"fave_property_map_address":null,"fave_multi_units_ids":null,"$wpml_language$":null,"fave_virtual_tour":null,"fave_gross-external-area":null,"_houzez_expiration_date":null,"_houzez_expiration_date_options":null,"floor_plans":null,"_oembed_a17db82fa378d53b4dc6ed46e5344499":null,"_oembed_da390569a339f4d7147d95cfb8c04c12":null,"_oembed_6a3eda5947bcc098660397ca8e21a941":null,"fave_roof-angle":null,"fave_seo-content":null,"_oembed_a7b8941eeee966e7350aede20b4d62be":null,"_oembed_time_a7b8941eeee966e7350aede20b4d62be":null,"additional_features":null,"fave_multi_units":null,"_oembed_716f56b62500685a7dd15ea2ec7579bd":null,"_oembed_time_716f56b62500685a7dd15ea2ec7579bd":null,"_oembed_8ececd3dd2598a4aedb5dfc82df2a0f6":null,"_oembed_time_8ececd3dd2598a4aedb5dfc82df2a0f6":null,"_oembed_4cef7884ea6ef16d48cd8675b12e440d":null,"fave_property_garage_size":null,"_oembed_5c1eaf7b40f4e3a3089b38beb88ba480":null,"fave_property_zip":null,"_oembed_ccdd6e0304386ece64b3b91f572b0be4":null,"_oembed_ae30d19e3e861b389146a1ccc2828104":null,"fave_property_rooms":null,"fave_property_year":null,"two_page_speed":null,"fave_year_established":null,"Status":null,"_oembed_5b2d8d2cf33b469c98e488ea5b118c30":null,"WPML Language Code":null,"_links":{"self":[{"href":"https:\/\/staging.spassio.com\/de\/wp-json\/wp\/v2\/pages\/58712","targetHints":{"allow":["GET"]}}],"collection":[{"href":"https:\/\/staging.spassio.com\/de\/wp-json\/wp\/v2\/pages"}],"about":[{"href":"https:\/\/staging.spassio.com\/de\/wp-json\/wp\/v2\/types\/page"}],"author":[{"embeddable":true,"href":"https:\/\/staging.spassio.com\/de\/wp-json\/wp\/v2\/users\/194"}],"replies":[{"embeddable":true,"href":"https:\/\/staging.spassio.com\/de\/wp-json\/wp\/v2\/comments?post=58712"}],"version-history":[{"count":0,"href":"https:\/\/staging.spassio.com\/de\/wp-json\/wp\/v2\/pages\/58712\/revisions"}],"wp:featuredmedia":[{"embeddable":true,"href":"https:\/\/staging.spassio.com\/de\/wp-json\/wp\/v2\/media\/28847"}],"wp:attachment":[{"href":"https:\/\/staging.spassio.com\/de\/wp-json\/wp\/v2\/media?parent=58712"}],"curies":[{"name":"wp","href":"https:\/\/api.w.org\/{rel}","templated":true}]}}