{"id":59695,"date":"2023-01-10T18:13:09","date_gmt":"2023-01-10T17:13:09","guid":{"rendered":"https:\/\/staging.spassio.com\/?page_id=59695"},"modified":"2024-01-12T15:25:17","modified_gmt":"2024-01-12T14:25:17","slug":"haeufig-gestellte-fragen","status":"publish","type":"page","link":"https:\/\/staging.spassio.com\/de\/haeufig-gestellte-fragen\/","title":{"rendered":"H\u00e4ufig gestellte Fragen"},"content":{"rendered":"\t\t<div data-elementor-type=\"wp-page\" data-elementor-id=\"59695\" class=\"elementor elementor-59695 elementor-33021\" data-elementor-post-type=\"page\">\n\t\t\t\t\t\t<section class=\"elementor-section elementor-top-section elementor-element elementor-element-3ab61b71 elementor-section-content-middle elementor-section-boxed elementor-section-height-default elementor-section-height-default exad-glass-effect-no exad-sticky-section-no\" data-id=\"3ab61b71\" data-element_type=\"section\">\n\t\t\t\t\t\t<div class=\"elementor-container elementor-column-gap-no\">\n\t\t\t\t\t<div class=\"elementor-column elementor-col-100 elementor-top-column elementor-element elementor-element-3c5af711 exad-glass-effect-no exad-sticky-section-no\" data-id=\"3c5af711\" data-element_type=\"column\">\n\t\t\t<div class=\"elementor-widget-wrap elementor-element-populated\">\n\t\t\t\t\t\t<div class=\"elementor-element elementor-element-1a671b5d elementor-widget__width-inherit exad-sticky-section-no exad-glass-effect-no elementor-widget elementor-widget-toggle\" data-id=\"1a671b5d\" data-element_type=\"widget\" data-widget_type=\"toggle.default\">\n\t\t\t\t<div class=\"elementor-widget-container\">\n\t\t\t\t\t\t\t<div class=\"elementor-toggle\">\n\t\t\t\t\t\t\t<div class=\"elementor-toggle-item\">\n\t\t\t\t\t<div id=\"elementor-tab-title-4421\" class=\"elementor-tab-title\" data-tab=\"1\" role=\"button\" aria-controls=\"elementor-tab-content-4421\" aria-expanded=\"false\">\n\t\t\t\t\t\t\t\t\t\t\t\t<span class=\"elementor-toggle-icon elementor-toggle-icon-right\" aria-hidden=\"true\">\n\t\t\t\t\t\t\t\t\t\t\t\t\t\t\t<span class=\"elementor-toggle-icon-closed\"><i class=\"fas fa-caret-right\"><\/i><\/span>\n\t\t\t\t\t\t\t\t<span class=\"elementor-toggle-icon-opened\"><i class=\"elementor-toggle-icon-opened fas fa-caret-up\"><\/i><\/span>\n\t\t\t\t\t\t\t\t\t\t\t\t\t<\/span>\n\t\t\t\t\t\t\t\t\t\t\t\t<a class=\"elementor-toggle-title\" tabindex=\"0\">Was ist Spassio?<\/a>\n\t\t\t\t\t<\/div>\n\n\t\t\t\t\t<div id=\"elementor-tab-content-4421\" class=\"elementor-tab-content elementor-clearfix\" data-tab=\"1\" role=\"region\" aria-labelledby=\"elementor-tab-title-4421\"><p>Spassio ist ein Online-Portal, das K\u00e4ufer mit <a href=\"https:\/\/staging.spassio.com\/manufacturers\/\">Herstellern von Fertigh\u00e4usern<\/a> in Europa verbindet. Wir stellen selbst keine Fertigh\u00e4user her. Wir bieten den Nutzern eine Plattform, um verschiedene Modelle und Hersteller einfach zu vergleichen.<\/p>\n<\/div>\n\t\t\t\t<\/div>\n\t\t\t\t\t\t\t<div class=\"elementor-toggle-item\">\n\t\t\t\t\t<div id=\"elementor-tab-title-4422\" class=\"elementor-tab-title\" data-tab=\"2\" role=\"button\" aria-controls=\"elementor-tab-content-4422\" aria-expanded=\"false\">\n\t\t\t\t\t\t\t\t\t\t\t\t<span class=\"elementor-toggle-icon elementor-toggle-icon-right\" aria-hidden=\"true\">\n\t\t\t\t\t\t\t\t\t\t\t\t\t\t\t<span class=\"elementor-toggle-icon-closed\"><i class=\"fas fa-caret-right\"><\/i><\/span>\n\t\t\t\t\t\t\t\t<span class=\"elementor-toggle-icon-opened\"><i class=\"elementor-toggle-icon-opened fas fa-caret-up\"><\/i><\/span>\n\t\t\t\t\t\t\t\t\t\t\t\t\t<\/span>\n\t\t\t\t\t\t\t\t\t\t\t\t<a class=\"elementor-toggle-title\" tabindex=\"0\">Wer kann Spassio nutzen?<\/a>\n\t\t\t\t\t<\/div>\n\n\t\t\t\t\t<div id=\"elementor-tab-content-4422\" class=\"elementor-tab-content elementor-clearfix\" data-tab=\"2\" role=\"region\" aria-labelledby=\"elementor-tab-title-4422\"><p>Das Spassio Online-Portal erm\u00f6glicht es jedem, der ein Fertighaus kaufen m\u00f6chte. Um einen Hersteller zu finden, der ihren Bed\u00fcrfnissen entspricht.<\/p>\n<\/div>\n\t\t\t\t<\/div>\n\t\t\t\t\t\t\t<div class=\"elementor-toggle-item\">\n\t\t\t\t\t<div id=\"elementor-tab-title-4423\" class=\"elementor-tab-title\" data-tab=\"3\" role=\"button\" aria-controls=\"elementor-tab-content-4423\" aria-expanded=\"false\">\n\t\t\t\t\t\t\t\t\t\t\t\t<span class=\"elementor-toggle-icon elementor-toggle-icon-right\" aria-hidden=\"true\">\n\t\t\t\t\t\t\t\t\t\t\t\t\t\t\t<span class=\"elementor-toggle-icon-closed\"><i class=\"fas fa-caret-right\"><\/i><\/span>\n\t\t\t\t\t\t\t\t<span class=\"elementor-toggle-icon-opened\"><i class=\"elementor-toggle-icon-opened fas fa-caret-up\"><\/i><\/span>\n\t\t\t\t\t\t\t\t\t\t\t\t\t<\/span>\n\t\t\t\t\t\t\t\t\t\t\t\t<a class=\"elementor-toggle-title\" tabindex=\"0\">Arbeitet Spassio nur mit europ\u00e4ischen Herstellern zusammen?<\/a>\n\t\t\t\t\t<\/div>\n\n\t\t\t\t\t<div id=\"elementor-tab-content-4423\" class=\"elementor-tab-content elementor-clearfix\" data-tab=\"3\" role=\"region\" aria-labelledby=\"elementor-tab-title-4423\"><p>Ja, derzeit arbeitet Spassio nur mit Fertighausherstellern in Europa zusammen.<\/p>\n<\/div>\n\t\t\t\t<\/div>\n\t\t\t\t\t\t\t<div class=\"elementor-toggle-item\">\n\t\t\t\t\t<div id=\"elementor-tab-title-4424\" class=\"elementor-tab-title\" data-tab=\"4\" role=\"button\" aria-controls=\"elementor-tab-content-4424\" aria-expanded=\"false\">\n\t\t\t\t\t\t\t\t\t\t\t\t<span class=\"elementor-toggle-icon elementor-toggle-icon-right\" aria-hidden=\"true\">\n\t\t\t\t\t\t\t\t\t\t\t\t\t\t\t<span class=\"elementor-toggle-icon-closed\"><i class=\"fas fa-caret-right\"><\/i><\/span>\n\t\t\t\t\t\t\t\t<span class=\"elementor-toggle-icon-opened\"><i class=\"elementor-toggle-icon-opened fas fa-caret-up\"><\/i><\/span>\n\t\t\t\t\t\t\t\t\t\t\t\t\t<\/span>\n\t\t\t\t\t\t\t\t\t\t\t\t<a class=\"elementor-toggle-title\" tabindex=\"0\">Kann ich ein Fertighaus von einem Hersteller auf Spassio kaufen und es au\u00dferhalb von Europa liefern lassen?<\/a>\n\t\t\t\t\t<\/div>\n\n\t\t\t\t\t<div id=\"elementor-tab-content-4424\" class=\"elementor-tab-content elementor-clearfix\" data-tab=\"4\" role=\"region\" aria-labelledby=\"elementor-tab-title-4424\"><p>Einige Hersteller auf Spassio k\u00f6nnen ihre H\u00e4user auch au\u00dferhalb von Europa liefern. Aber das k\u00f6nnen Sie sich beim Hersteller best\u00e4tigen lassen.<\/p>\n<\/div>\n\t\t\t\t<\/div>\n\t\t\t\t\t\t\t<div class=\"elementor-toggle-item\">\n\t\t\t\t\t<div id=\"elementor-tab-title-4425\" class=\"elementor-tab-title\" data-tab=\"5\" role=\"button\" aria-controls=\"elementor-tab-content-4425\" aria-expanded=\"false\">\n\t\t\t\t\t\t\t\t\t\t\t\t<span class=\"elementor-toggle-icon elementor-toggle-icon-right\" aria-hidden=\"true\">\n\t\t\t\t\t\t\t\t\t\t\t\t\t\t\t<span class=\"elementor-toggle-icon-closed\"><i class=\"fas fa-caret-right\"><\/i><\/span>\n\t\t\t\t\t\t\t\t<span class=\"elementor-toggle-icon-opened\"><i class=\"elementor-toggle-icon-opened fas fa-caret-up\"><\/i><\/span>\n\t\t\t\t\t\t\t\t\t\t\t\t\t<\/span>\n\t\t\t\t\t\t\t\t\t\t\t\t<a class=\"elementor-toggle-title\" tabindex=\"0\">Welche Arten von Fertigh\u00e4usern gibt es auf Spassio?<\/a>\n\t\t\t\t\t<\/div>\n\n\t\t\t\t\t<div id=\"elementor-tab-content-4425\" class=\"elementor-tab-content elementor-clearfix\" data-tab=\"5\" role=\"region\" aria-labelledby=\"elementor-tab-title-4425\"><p>Spassio arbeitet mit verschiedenen Herstellern mit unterschiedlichen Typen und Modellen von Fertigh\u00e4usern zusammen. Dazu geh\u00f6ren <a href=\"https:\/\/staging.spassio.com\/categories\/tiny-houses\/\">kleine H\u00e4user<\/a>, H\u00fctten, <a href=\"https:\/\/staging.spassio.com\/categories\/panel-built-houses\/\">Plattenbauten<\/a>, Blockh\u00e4user und <a href=\"https:\/\/staging.spassio.com\/categories\/modular-houses\/\">modulare H\u00e4user<\/a>. Es gibt eine breite Palette von Optionen f\u00fcr unterschiedliche Bed\u00fcrfnisse und Budgets.<\/p>\n<\/div>\n\t\t\t\t<\/div>\n\t\t\t\t\t\t\t<div class=\"elementor-toggle-item\">\n\t\t\t\t\t<div id=\"elementor-tab-title-4426\" class=\"elementor-tab-title\" data-tab=\"6\" role=\"button\" aria-controls=\"elementor-tab-content-4426\" aria-expanded=\"false\">\n\t\t\t\t\t\t\t\t\t\t\t\t<span class=\"elementor-toggle-icon elementor-toggle-icon-right\" aria-hidden=\"true\">\n\t\t\t\t\t\t\t\t\t\t\t\t\t\t\t<span class=\"elementor-toggle-icon-closed\"><i class=\"fas fa-caret-right\"><\/i><\/span>\n\t\t\t\t\t\t\t\t<span class=\"elementor-toggle-icon-opened\"><i class=\"elementor-toggle-icon-opened fas fa-caret-up\"><\/i><\/span>\n\t\t\t\t\t\t\t\t\t\t\t\t\t<\/span>\n\t\t\t\t\t\t\t\t\t\t\t\t<a class=\"elementor-toggle-title\" tabindex=\"0\">Welche Informationen kann ich \u00fcber Spassio finden?<\/a>\n\t\t\t\t\t<\/div>\n\n\t\t\t\t\t<div id=\"elementor-tab-content-4426\" class=\"elementor-tab-content elementor-clearfix\" data-tab=\"6\" role=\"region\" aria-labelledby=\"elementor-tab-title-4426\"><p>Spassio bietet detaillierte Informationen \u00fcber verschiedene Fertighausmodelle und Hersteller. Dazu geh\u00f6ren Grundrisse, Bilder, Preise und Spezifikationen. Sie k\u00f6nnen auch Bewertungen von anderen Nutzern finden, die Ihnen helfen, eine fundierte Entscheidung zu treffen.<\/p>\n<\/div>\n\t\t\t\t<\/div>\n\t\t\t\t\t\t\t<div class=\"elementor-toggle-item\">\n\t\t\t\t\t<div id=\"elementor-tab-title-4427\" class=\"elementor-tab-title\" data-tab=\"7\" role=\"button\" aria-controls=\"elementor-tab-content-4427\" aria-expanded=\"false\">\n\t\t\t\t\t\t\t\t\t\t\t\t<span class=\"elementor-toggle-icon elementor-toggle-icon-right\" aria-hidden=\"true\">\n\t\t\t\t\t\t\t\t\t\t\t\t\t\t\t<span class=\"elementor-toggle-icon-closed\"><i class=\"fas fa-caret-right\"><\/i><\/span>\n\t\t\t\t\t\t\t\t<span class=\"elementor-toggle-icon-opened\"><i class=\"elementor-toggle-icon-opened fas fa-caret-up\"><\/i><\/span>\n\t\t\t\t\t\t\t\t\t\t\t\t\t<\/span>\n\t\t\t\t\t\t\t\t\t\t\t\t<a class=\"elementor-toggle-title\" tabindex=\"0\">Wie kann ich ein Fertighaus \u00fcber Spassio kaufen?<\/a>\n\t\t\t\t\t<\/div>\n\n\t\t\t\t\t<div id=\"elementor-tab-content-4427\" class=\"elementor-tab-content elementor-clearfix\" data-tab=\"7\" role=\"region\" aria-labelledby=\"elementor-tab-title-4427\"><p>Sobald Sie verschiedene Optionen auf Spassio recherchiert und verglichen haben. Wenden Sie sich an den Hersteller, um den Kaufprozess zu beginnen. Spassio vermittelt nicht den Verkauf von Wohnungen. Wir bringen interessierte K\u00e4ufer mit Herstellern zusammen.<\/p>\n<\/div>\n\t\t\t\t<\/div>\n\t\t\t\t\t\t\t<div class=\"elementor-toggle-item\">\n\t\t\t\t\t<div id=\"elementor-tab-title-4428\" class=\"elementor-tab-title\" data-tab=\"8\" role=\"button\" aria-controls=\"elementor-tab-content-4428\" aria-expanded=\"false\">\n\t\t\t\t\t\t\t\t\t\t\t\t<span class=\"elementor-toggle-icon elementor-toggle-icon-right\" aria-hidden=\"true\">\n\t\t\t\t\t\t\t\t\t\t\t\t\t\t\t<span class=\"elementor-toggle-icon-closed\"><i class=\"fas fa-caret-right\"><\/i><\/span>\n\t\t\t\t\t\t\t\t<span class=\"elementor-toggle-icon-opened\"><i class=\"elementor-toggle-icon-opened fas fa-caret-up\"><\/i><\/span>\n\t\t\t\t\t\t\t\t\t\t\t\t\t<\/span>\n\t\t\t\t\t\t\t\t\t\t\t\t<a class=\"elementor-toggle-title\" tabindex=\"0\">Sind die Preise bei Spassio verhandelbar?<\/a>\n\t\t\t\t\t<\/div>\n\n\t\t\t\t\t<div id=\"elementor-tab-content-4428\" class=\"elementor-tab-content elementor-clearfix\" data-tab=\"8\" role=\"region\" aria-labelledby=\"elementor-tab-title-4428\"><p>Die auf Spassio angegebenen Preise werden von den Herstellern zur Verf\u00fcgung gestellt. Die Preise sind \u00fcber Spassio nicht verhandelbar. Vielleicht k\u00f6nnen Sie den Preis jedoch mit dem Hersteller besprechen.<\/p>\n<\/div>\n\t\t\t\t<\/div>\n\t\t\t\t\t\t\t<div class=\"elementor-toggle-item\">\n\t\t\t\t\t<div id=\"elementor-tab-title-4429\" class=\"elementor-tab-title\" data-tab=\"9\" role=\"button\" aria-controls=\"elementor-tab-content-4429\" aria-expanded=\"false\">\n\t\t\t\t\t\t\t\t\t\t\t\t<span class=\"elementor-toggle-icon elementor-toggle-icon-right\" aria-hidden=\"true\">\n\t\t\t\t\t\t\t\t\t\t\t\t\t\t\t<span class=\"elementor-toggle-icon-closed\"><i class=\"fas fa-caret-right\"><\/i><\/span>\n\t\t\t\t\t\t\t\t<span class=\"elementor-toggle-icon-opened\"><i class=\"elementor-toggle-icon-opened fas fa-caret-up\"><\/i><\/span>\n\t\t\t\t\t\t\t\t\t\t\t\t\t<\/span>\n\t\t\t\t\t\t\t\t\t\t\t\t<a class=\"elementor-toggle-title\" tabindex=\"0\">Gibt es eine Garantie oder Gew\u00e4hrleistung auf die Fertigh\u00e4user der Hersteller auf Spassio?<\/a>\n\t\t\t\t\t<\/div>\n\n\t\t\t\t\t<div id=\"elementor-tab-content-4429\" class=\"elementor-tab-content elementor-clearfix\" data-tab=\"9\" role=\"region\" aria-labelledby=\"elementor-tab-title-4429\"><p>Die Hersteller \u00fcbernehmen die Garantie und Gew\u00e4hrleistung f\u00fcr die <a href=\"\/\">Fertigh\u00e4user<\/a>. Wenden Sie sich an den Hersteller, um weitere Informationen \u00fcber seine Richtlinien oder Garantien zu erhalten.<\/p>\n<\/div>\n\t\t\t\t<\/div>\n\t\t\t\t\t\t\t<div class=\"elementor-toggle-item\">\n\t\t\t\t\t<div id=\"elementor-tab-title-44210\" class=\"elementor-tab-title\" data-tab=\"10\" role=\"button\" aria-controls=\"elementor-tab-content-44210\" aria-expanded=\"false\">\n\t\t\t\t\t\t\t\t\t\t\t\t<span class=\"elementor-toggle-icon elementor-toggle-icon-right\" aria-hidden=\"true\">\n\t\t\t\t\t\t\t\t\t\t\t\t\t\t\t<span class=\"elementor-toggle-icon-closed\"><i class=\"fas fa-caret-right\"><\/i><\/span>\n\t\t\t\t\t\t\t\t<span class=\"elementor-toggle-icon-opened\"><i class=\"elementor-toggle-icon-opened fas fa-caret-up\"><\/i><\/span>\n\t\t\t\t\t\t\t\t\t\t\t\t\t<\/span>\n\t\t\t\t\t\t\t\t\t\t\t\t<a class=\"elementor-toggle-title\" tabindex=\"0\">Ich bin ein Hersteller von Fertigh\u00e4usern, wie kann ich auf Ihrer Plattform werben?<\/a>\n\t\t\t\t\t<\/div>\n\n\t\t\t\t\t<div id=\"elementor-tab-content-44210\" class=\"elementor-tab-content elementor-clearfix\" data-tab=\"10\" role=\"region\" aria-labelledby=\"elementor-tab-title-44210\"><p>Wenn Sie Ihre Fertighausmodelle auf Spassio.com inserieren m\u00f6chten, senden Sie uns bitte eine E-Mail an <a href=\"mailto:in**@*****io.com\" data-original-string=\"aE1vUSetSn67Wbk36a79qw==df9sKS8GRNQqqfn50kzQs5D58N0\/03pi2ujXl6BLap2GCg=\" title=\"Dieser Kontakt wurde von Anti-Spam by CleanTalk verschl\u00fcsselt. Klicken Sie hier, um ihn zu entschl\u00fcsseln. Um die Entschl\u00fcsselung abzuschlie\u00dfen, stellen Sie sicher, dass JavaScript in Ihrem Browser aktiviert ist.\" target=\"_new\"><span \n                data-original-string='8VCG1PVRo5cQx7NOyfcU1w==df9Ehev4SST21HdcTCzfX\/ZY5bnAt6JpmDhl\/3N3RhaUCc='\n                class='apbct-email-encoder'\n                title='Dieser Kontakt wurde von Anti-Spam by CleanTalk verschl\u00fcsselt. Klicken Sie hier, um ihn zu entschl\u00fcsseln. Um die Entschl\u00fcsselung abzuschlie\u00dfen, stellen Sie sicher, dass JavaScript in Ihrem Browser aktiviert ist.'>in<span class=\"apbct-blur\">**<\/span>@<span class=\"apbct-blur\">*****<\/span>io.com<\/span><\/a>, um Ihre M\u00f6glichkeiten zu besprechen.<\/p>\n<\/div>\n\t\t\t\t<\/div>\n\t\t\t\t\t\t\t\t\t\t<script type=\"application\/ld+json\">{\"@context\":\"https:\\\/\\\/schema.org\",\"@type\":\"FAQPage\",\"mainEntity\":[{\"@type\":\"Question\",\"name\":\"Was ist Spassio?\",\"acceptedAnswer\":{\"@type\":\"Answer\",\"text\":\"<p>Spassio ist ein Online-Portal, das K\\u00e4ufer mit <a href=\\\"https:\\\/\\\/staging.spassio.com\\\/manufacturers\\\/\\\">Herstellern von Fertigh\\u00e4usern<\\\/a> in Europa verbindet. Wir stellen selbst keine Fertigh\\u00e4user her. Wir bieten den Nutzern eine Plattform, um verschiedene Modelle und Hersteller einfach zu vergleichen.<\\\/p>\\n\"}},{\"@type\":\"Question\",\"name\":\"Wer kann Spassio nutzen?\",\"acceptedAnswer\":{\"@type\":\"Answer\",\"text\":\"<p>Das Spassio Online-Portal erm\\u00f6glicht es jedem, der ein Fertighaus kaufen m\\u00f6chte. Um einen Hersteller zu finden, der ihren Bed\\u00fcrfnissen entspricht.<\\\/p>\\n\"}},{\"@type\":\"Question\",\"name\":\"Arbeitet Spassio nur mit europ\\u00e4ischen Herstellern zusammen?\",\"acceptedAnswer\":{\"@type\":\"Answer\",\"text\":\"<p>Ja, derzeit arbeitet Spassio nur mit Fertighausherstellern in Europa zusammen.<\\\/p>\\n\"}},{\"@type\":\"Question\",\"name\":\"Kann ich ein Fertighaus von einem Hersteller auf Spassio kaufen und es au\\u00dferhalb von Europa liefern lassen?\",\"acceptedAnswer\":{\"@type\":\"Answer\",\"text\":\"<p>Einige Hersteller auf Spassio k\\u00f6nnen ihre H\\u00e4user auch au\\u00dferhalb von Europa liefern. Aber das k\\u00f6nnen Sie sich beim Hersteller best\\u00e4tigen lassen.<\\\/p>\\n\"}},{\"@type\":\"Question\",\"name\":\"Welche Arten von Fertigh\\u00e4usern gibt es auf Spassio?\",\"acceptedAnswer\":{\"@type\":\"Answer\",\"text\":\"<p>Spassio arbeitet mit verschiedenen Herstellern mit unterschiedlichen Typen und Modellen von Fertigh\\u00e4usern zusammen. Dazu geh\\u00f6ren <a href=\\\"https:\\\/\\\/staging.spassio.com\\\/categories\\\/tiny-houses\\\/\\\">kleine H\\u00e4user<\\\/a>, H\\u00fctten, <a href=\\\"https:\\\/\\\/staging.spassio.com\\\/categories\\\/panel-built-houses\\\/\\\">Plattenbauten<\\\/a>, Blockh\\u00e4user und <a href=\\\"https:\\\/\\\/staging.spassio.com\\\/categories\\\/modular-houses\\\/\\\">modulare H\\u00e4user<\\\/a>. Es gibt eine breite Palette von Optionen f\\u00fcr unterschiedliche Bed\\u00fcrfnisse und Budgets.<\\\/p>\\n\"}},{\"@type\":\"Question\",\"name\":\"Welche Informationen kann ich \\u00fcber Spassio finden?\",\"acceptedAnswer\":{\"@type\":\"Answer\",\"text\":\"<p>Spassio bietet detaillierte Informationen \\u00fcber verschiedene Fertighausmodelle und Hersteller. Dazu geh\\u00f6ren Grundrisse, Bilder, Preise und Spezifikationen. Sie k\\u00f6nnen auch Bewertungen von anderen Nutzern finden, die Ihnen helfen, eine fundierte Entscheidung zu treffen.<\\\/p>\\n\"}},{\"@type\":\"Question\",\"name\":\"Wie kann ich ein Fertighaus \\u00fcber Spassio kaufen?\",\"acceptedAnswer\":{\"@type\":\"Answer\",\"text\":\"<p>Sobald Sie verschiedene Optionen auf Spassio recherchiert und verglichen haben. Wenden Sie sich an den Hersteller, um den Kaufprozess zu beginnen. Spassio vermittelt nicht den Verkauf von Wohnungen. Wir bringen interessierte K\\u00e4ufer mit Herstellern zusammen.<\\\/p>\\n\"}},{\"@type\":\"Question\",\"name\":\"Sind die Preise bei Spassio verhandelbar?\",\"acceptedAnswer\":{\"@type\":\"Answer\",\"text\":\"<p>Die auf Spassio angegebenen Preise werden von den Herstellern zur Verf\\u00fcgung gestellt. Die Preise sind \\u00fcber Spassio nicht verhandelbar. Vielleicht k\\u00f6nnen Sie den Preis jedoch mit dem Hersteller besprechen.<\\\/p>\\n\"}},{\"@type\":\"Question\",\"name\":\"Gibt es eine Garantie oder Gew\\u00e4hrleistung auf die Fertigh\\u00e4user der Hersteller auf Spassio?\",\"acceptedAnswer\":{\"@type\":\"Answer\",\"text\":\"<p>Die Hersteller \\u00fcbernehmen die Garantie und Gew\\u00e4hrleistung f\\u00fcr die <a href=\\\"\\\/\\\">Fertigh\\u00e4user<\\\/a>. Wenden Sie sich an den Hersteller, um weitere Informationen \\u00fcber seine Richtlinien oder Garantien zu erhalten.<\\\/p>\\n\"}},{\"@type\":\"Question\",\"name\":\"Ich bin ein Hersteller von Fertigh\\u00e4usern, wie kann ich auf Ihrer Plattform werben?\",\"acceptedAnswer\":{\"@type\":\"Answer\",\"text\":\"<p>Wenn Sie Ihre Fertighausmodelle auf Spassio.com inserieren m\\u00f6chten, senden Sie uns bitte eine E-Mail an <a href=\\\"mailto:in**@*****io.com\\\" data-original-string=\\\"gqWZVP3xZpcTqLHVrQ0VUQ==df9SIdi9QnvTayORXClyV7HKDbC0xDMaxX2Wz+9JZgYFAg=\\\" title=\\\"Dieser Kontakt wurde von Anti-Spam by CleanTalk verschl\\u00fcsselt. Klicken Sie hier, um ihn zu entschl\\u00fcsseln. Um die Entschl\\u00fcsselung abzuschlie\\u00dfen, stellen Sie sicher, dass JavaScript in Ihrem Browser aktiviert ist.\\\" target=\\\"_new\\\"><span \\n                data-original-string='RWmZvBgrdT46Lr07aIk9Hw==df9ayHIvQ5+qBM3IHhUWqfBQvdxe95fvkxZjAR6IImysZM='\\n                class='apbct-email-encoder'\\n                title='Dieser Kontakt wurde von Anti-Spam by CleanTalk verschl\\u00fcsselt. Klicken Sie hier, um ihn zu entschl\\u00fcsseln. Um die Entschl\\u00fcsselung abzuschlie\\u00dfen, stellen Sie sicher, dass JavaScript in Ihrem Browser aktiviert ist.'>in<span class=\\\"apbct-blur\\\">**<\\\/span>@<span class=\\\"apbct-blur\\\">*****<\\\/span>io.com<\\\/span><\\\/a>, um Ihre M\\u00f6glichkeiten zu besprechen.<\\\/p>\\n\"}}]}<\/script>\n\t\t\t\t\t<\/div>\n\t\t\t\t\t\t<\/div>\n\t\t\t\t<\/div>\n\t\t\t\t\t<\/div>\n\t\t<\/div>\n\t\t\t\t\t<\/div>\n\t\t<\/section>\n\t\t\t\t<\/div>\n\t\t","protected":false},"excerpt":{"rendered":"<p>Was ist Spassio?Spassio ist ein Online-Portal, das K\u00e4ufer mit Herstellern von Fertigh\u00e4usern in Europa verbindet. Wir stellen selbst keine Fertigh\u00e4user her. Wir bieten den Nutzern eine Plattform, um verschiedene Modelle und Hersteller einfach zu vergleichen. Wer kann Spassio nutzen?Das Spassio Online-Portal erm\u00f6glicht es jedem, der ein Fertighaus kaufen m\u00f6chte. Um einen Hersteller zu finden, der [&hellip;]<\/p>\n","protected":false},"author":45,"featured_media":0,"parent":0,"menu_order":0,"comment_status":"closed","ping_status":"closed","template":"template\/template-page.php","meta":{"content-type":"","_FSMCFIC_featured_image_caption":"","_FSMCFIC_featured_image_nocaption":"","_FSMCFIC_featured_image_hide":"","footnotes":""},"class_list":["post-59695","page","type-page","status-publish","hentry"],"_wp_attached_file":null,"_wp_attachment_metadata":null,"_wp_attachment_backup_sizes":null,"siteground_optimizer_webp_conversion_attempts":null,"siteground_optimizer_is_converted_to_webp":null,"siteground_optimizer_optimization_attempts":null,"siteground_optimizer_optimization_failed":null,"wpml_media_processed":null,"_wp_attachment_image_alt":null,"siteground_optimizer_is_optimized":null,"siteground_optimizer_webp_conversion_failed":null,"_elementor_source_image_hash":null,"siteground_optimizer_compression_level":null,"_elementor_inline_svg":null,"_imagify_optimization_level":null,"_imagify_status":null,"_imagify_data":null,"siteground_optimizer_original_filesize":null,"wpse_external_file_url":null,"fave_currency":null,"fave_currency_info":null,"fave_property_id":null,"fave_property_map":null,"fave_property_location":null,"houzez_geolocation_lat":null,"houzez_geolocation_long":null,"fave_property_map_street_view":null,"fave_featured":null,"fave_loggedintoview":null,"fave_agent_display_option":null,"fave_prop_homeslider":null,"fave_single_top_area":null,"fave_single_content_area":null,"_yoast_wpseo_primary_property_type":null,"_yoast_wpseo_primary_property_feature":null,"_yoast_wpseo_primary_property_label":null,"_yoast_wpseo_primary_property_country":null,"houzez_manual_expire":null,"_houzez_expiration_date_status":null,"houzez_total_property_views":null,"houzez_views_by_date":null,"houzez_recently_viewed":null,"fave_property_price":null,"fave_property_price_prefix":null,"fave_property_size":null,"fave_property_bathrooms":null,"fave_property_garage":null,"fave_levels":null,"fave_roof-type":null,"fave_construction-type":null,"fave_video_url":null,"fave_video_image":null,"fave_payment_status":null,"fave_property_agency":null,"fave_countries":null,"fave_sleeps":null,"_yoast_wpseo_primary_property_status":null,"fave_property_images":null,"fave_attachments":null,"technical_description":null,"houzez_featured_listing_date":null,"fave_property_size_prefix":null,"fave_property_bedrooms":null,"fave_property_price_postfix":null,"fave_production-time-in-weeks":null,"fave_building-time-in-days":null,"fave_window-glazing":null,"_yoast_wpseo_primary_feature-2":null,"_yoast_wpseo_primary_feature-3":null,"fave_warranty-in-years":null,"fave_property_land":null,"fave_property_land_postfix":null,"wpsebeba57d406-00de-d339-8c02-3956a916f506":null,"_oembed_eefb35903900c5c166d55ccf7fc62a8a":null,"_oembed_30948e80c1a853da0b519e72c40d2e13":null,"_oembed_0b78a31d7c7e6041adc064d46c40f98b":null,"_oembed_42c2c13b5902a21593b1d521556aea88":null,"_oembed_4fb58e495f37e206f97738a42dbe566f":null,"_oembed_b2828bee61bd9076cd21ece641de7abc":null,"_oembed_0c92428c960763e658977ce4918863f4":null,"_oembed_02b72dc3d26bdba6ff900a268ade2517":null,"_oembed_8c819834f7fc0b74364aa34a8193f46f":null,"_oembed_088962b77808b37d57abe5c8143f9652":null,"_oembed_dfae0e674c59ba061a82b330fc7fdea0":null,"_oembed_74e5075f66c4cd04b0e118feb24f6636":null,"fave_mortgage_cal":null,"_air_wp_sync_record_id":null,"_air_wp_sync_hash":null,"_air_wp_sync_importer_id":null,"_air_wp_sync_updated_at":null,"external_listing_link":null,"fave_property_map_address":null,"fave_multi_units_ids":null,"$wpml_language$":null,"fave_virtual_tour":null,"fave_gross-external-area":null,"_houzez_expiration_date":null,"_houzez_expiration_date_options":null,"floor_plans":null,"_oembed_a17db82fa378d53b4dc6ed46e5344499":null,"_oembed_da390569a339f4d7147d95cfb8c04c12":null,"_oembed_6a3eda5947bcc098660397ca8e21a941":null,"fave_roof-angle":null,"fave_seo-content":null,"_oembed_a7b8941eeee966e7350aede20b4d62be":null,"_oembed_time_a7b8941eeee966e7350aede20b4d62be":null,"additional_features":null,"fave_multi_units":null,"_oembed_716f56b62500685a7dd15ea2ec7579bd":null,"_oembed_time_716f56b62500685a7dd15ea2ec7579bd":null,"_oembed_8ececd3dd2598a4aedb5dfc82df2a0f6":null,"_oembed_time_8ececd3dd2598a4aedb5dfc82df2a0f6":null,"_oembed_4cef7884ea6ef16d48cd8675b12e440d":null,"fave_property_garage_size":null,"_oembed_5c1eaf7b40f4e3a3089b38beb88ba480":null,"fave_property_zip":null,"_oembed_ccdd6e0304386ece64b3b91f572b0be4":null,"_oembed_ae30d19e3e861b389146a1ccc2828104":null,"fave_property_rooms":null,"fave_property_year":null,"two_page_speed":null,"fave_year_established":null,"Status":null,"_oembed_5b2d8d2cf33b469c98e488ea5b118c30":null,"WPML Language Code":null,"_links":{"self":[{"href":"https:\/\/staging.spassio.com\/de\/wp-json\/wp\/v2\/pages\/59695","targetHints":{"allow":["GET"]}}],"collection":[{"href":"https:\/\/staging.spassio.com\/de\/wp-json\/wp\/v2\/pages"}],"about":[{"href":"https:\/\/staging.spassio.com\/de\/wp-json\/wp\/v2\/types\/page"}],"author":[{"embeddable":true,"href":"https:\/\/staging.spassio.com\/de\/wp-json\/wp\/v2\/users\/45"}],"replies":[{"embeddable":true,"href":"https:\/\/staging.spassio.com\/de\/wp-json\/wp\/v2\/comments?post=59695"}],"version-history":[{"count":0,"href":"https:\/\/staging.spassio.com\/de\/wp-json\/wp\/v2\/pages\/59695\/revisions"}],"wp:attachment":[{"href":"https:\/\/staging.spassio.com\/de\/wp-json\/wp\/v2\/media?parent=59695"}],"curies":[{"name":"wp","href":"https:\/\/api.w.org\/{rel}","templated":true}]}}