{"id":93441,"date":"2024-08-18T21:24:16","date_gmt":"2024-08-18T20:24:16","guid":{"rendered":"https:\/\/staging.spassio.com\/?page_id=93441"},"modified":"2025-10-10T13:53:26","modified_gmt":"2025-10-10T12:53:26","slug":"how-are-modular-homes-set-up","status":"publish","type":"page","link":"https:\/\/staging.spassio.com\/de\/leitfaeden\/how-are-modular-homes-set-up\/","title":{"rendered":"Wie werden modulare H\u00e4user aufgebaut? Ein umfassender Leitfaden"},"content":{"rendered":"<h2><img fetchpriority=\"high\" decoding=\"async\" class=\"alignnone wp-image-93476 aligncenter\" src=\"https:\/\/staging.spassio.com\/wp-content\/uploads\/2024\/08\/00067_scandi_modular-onsite_crane-300x251.jpg\" alt=\"\" width=\"578\" height=\"484\" srcset=\"https:\/\/staging.spassio.com\/wp-content\/uploads\/2024\/08\/00067_scandi_modular-onsite_crane-300x251.jpg 300w, https:\/\/staging.spassio.com\/wp-content\/uploads\/2024\/08\/00067_scandi_modular-onsite_crane-768x644.jpg 768w, https:\/\/staging.spassio.com\/wp-content\/uploads\/2024\/08\/00067_scandi_modular-onsite_crane.jpg 940w, https:\/\/staging.spassio.com\/wp-content\/uploads\/2024\/08\/00067_scandi_modular-onsite_crane-716x600.jpg 716w, https:\/\/staging.spassio.com\/wp-content\/uploads\/2024\/08\/00067_scandi_modular-onsite_crane-496x416.jpg 496w\" sizes=\"(max-width: 578px) 100vw, 578px\" \/><\/h2>\n<h2>Einf\u00fchrung in Modular Homes<\/h2>\n<p>Modulare H\u00e4user revolutionieren die Bauindustrie durch Effizienz, Nachhaltigkeit und Kosteneffizienz. Im Gegensatz zur traditionellen Bauweise wird diese Art von Fertigh\u00e4usern in volumetrischen Abschnitten in einer Fabrik gebaut, was eine Qualit\u00e4tskontrolle gew\u00e4hrleistet und die Bauzeit verk\u00fcrzt. Diese Abschnitte werden zur Baustelle transportiert und dort zu einem kompletten Haus zusammengesetzt.  <\/p>\n<p>Dieser Leitfaden f\u00fchrt Sie durch den detaillierten Aufbauprozess von modularen H\u00e4usern, von der Planung vor dem Bau bis zu den letzten Handgriffen, und vermittelt Ihnen das Wissen, um fundierte Entscheidungen \u00fcber den Kauf und die Installation eines modularen Hauses zu treffen.<\/p>\n<h2>Planung vor dem Bau<\/h2>\n<h3>Ausw\u00e4hlen eines Modular Home Designs<\/h3>\n<p>Der erste Schritt beim Aufbau eines <a href=\"https:\/\/staging.spassio.com\/de\/categories\/modulhaeuser\/\">modularen Hauses<\/a> ist die Auswahl des Designs, das Ihren Bed\u00fcrfnissen und Vorlieben entspricht. Modulare H\u00e4user bieten eine Reihe von Designs, von modernen bis hin zu traditionellen Stilen, und k\u00f6nnen individuell an Ihren Lebensstil angepasst werden. Wenden Sie sich an einen <a href=\"https:\/\/staging.spassio.com\/de\/prefab-construction\/modulhaus\/\">Hersteller von Modulh\u00e4usern<\/a>, um sich \u00fcber Designoptionen, Grundrisse und verf\u00fcgbare Anpassungsm\u00f6glichkeiten zu informieren.  <\/p>\n<h3>Baustellenvorbereitung<\/h3>\n<p>Die Vorbereitung des Grundst\u00fccks ist entscheidend f\u00fcr eine erfolgreiche Installation eines modularen Hauses. Dazu geh\u00f6rt, dass das Land gerodet, der Boden geebnet und eine ordnungsgem\u00e4\u00dfe Entw\u00e4sserung sichergestellt wird. Anschlie\u00dfend wird ein <g id=\"gid_0\">Fundament<\/g>, entweder ein Keller, ein Kriechkeller oder eine Betonplatte, errichtet, um die modularen Teile zu tragen. Zur Baustellenvorbereitung geh\u00f6rt auch die Einrichtung von Versorgungseinrichtungen wie Wasser-, Strom- und Abwasseranschl\u00fcssen.   <\/p>\n<h3>Einholung von Genehmigungen<\/h3>\n<p>Bevor Sie mit dem Bau beginnen, holen Sie die erforderlichen Genehmigungen bei den \u00f6rtlichen Beh\u00f6rden ein. Diese Genehmigungen stellen sicher, dass Ihr modulares Haus den Bauvorschriften und den Zonenvorschriften entspricht. Das <a href=\"https:\/\/staging.spassio.com\/de\/einfuehrung-in-den-kauf-eines-fertighauses\/#:~:text=you%20will%20most%20likely%20need%20to%20apply%20for%20a%20building%20permit\">Genehmigungsverfahren<\/a> kann Inspektionen vor Ort und Genehmigungen von verschiedenen Beh\u00f6rden umfassen. Arbeiten Sie daher eng mit Ihrem Anbieter von Modulh\u00e4usern zusammen, um diesen Schritt zu bew\u00e4ltigen.  <\/p>\n<h2>Lieferung und Zustellung<\/h2>\n<h3>Logistik der Lieferung von Modular Home Sections<\/h3>\n<p>Sobald die modularen Abschnitte in der Fabrik fertiggestellt sind, werden sie verpackt und zur Baustelle geliefert. Dieser Schritt erfordert eine minuti\u00f6se Planung, um eine sichere und p\u00fcnktliche Lieferung zu gew\u00e4hrleisten. Die Logistik f\u00fcr die Lieferung umfasst die Beschaffung der erforderlichen Stra\u00dfengenehmigungen, die Bereitstellung von Pilotfahrzeugen und die Abstimmung mit den \u00f6rtlichen Beh\u00f6rden, um den Verkehr w\u00e4hrend der Lieferung zu regeln. Die modularen Abschnitte werden mit Tiefladern transportiert, und jeder Abschnitt ist gesch\u00fctzt, um Sch\u00e4den w\u00e4hrend des Transports zu vermeiden.   <\/p>\n<figure id=\"attachment_92271\" aria-describedby=\"caption-attachment-92271\" style=\"width: 1200px\" class=\"wp-caption alignnone\"><a href=\"https:\/\/staging.spassio.com\/es\/manufacturer\/norges-hus-modular-building\/\"><img decoding=\"async\" class=\"wp-image-92271 size-full\" src=\"https:\/\/staging.spassio.com\/wp-content\/uploads\/2024\/08\/norges-hus-modular-building_banner-1.jpg\" alt=\"\" width=\"1200\" height=\"900\" srcset=\"https:\/\/staging.spassio.com\/wp-content\/uploads\/2024\/08\/norges-hus-modular-building_banner-1.jpg 1200w, https:\/\/staging.spassio.com\/wp-content\/uploads\/2024\/08\/norges-hus-modular-building_banner-1-300x225.jpg 300w, https:\/\/staging.spassio.com\/wp-content\/uploads\/2024\/08\/norges-hus-modular-building_banner-1-1024x768.jpg 1024w, https:\/\/staging.spassio.com\/wp-content\/uploads\/2024\/08\/norges-hus-modular-building_banner-1-768x576.jpg 768w, https:\/\/staging.spassio.com\/wp-content\/uploads\/2024\/08\/norges-hus-modular-building_banner-1-592x444.jpg 592w, https:\/\/staging.spassio.com\/wp-content\/uploads\/2024\/08\/norges-hus-modular-building_banner-1-584x438.jpg 584w, https:\/\/staging.spassio.com\/wp-content\/uploads\/2024\/08\/norges-hus-modular-building_banner-1-800x600.jpg 800w, https:\/\/staging.spassio.com\/wp-content\/uploads\/2024\/08\/norges-hus-modular-building_banner-1-120x90.jpg 120w, https:\/\/staging.spassio.com\/wp-content\/uploads\/2024\/08\/norges-hus-modular-building_banner-1-496x372.jpg 496w\" sizes=\"(max-width: 1200px) 100vw, 1200px\" \/><\/a><figcaption id=\"caption-attachment-92271\" class=\"wp-caption-text\">Norges Hus Modular Building<\/figcaption><\/figure>\n<h2>Vor-Ort-Montage<\/h2>\n<h3>Detaillierter Prozess des Zusammenbaus von Modular Home Sections<\/h3>\n<ul>\n<li>Bei der Montage vor Ort wird das modulare Haus zusammengebaut. Hier finden Sie eine Schritt-f\u00fcr-Schritt-Anleitung f\u00fcr den Prozess: <\/li>\n<li>Vorbereitung des Fundaments: Stellen Sie sicher, dass das Fundament vor der Ankunft der modularen Abschnitte fertig und ausgeh\u00e4rtet ist.<\/li>\n<li>Kranen der Sektionen: Ein Kran hebt jedes modulare Teil vom Lastwagen und setzt es auf das Fundament. Pr\u00e4zision ist der Schl\u00fcssel, um sicherzustellen, dass die Abschnitte richtig ausgerichtet sind. <\/li>\n<li>Verbinden der Sektionen: Die Abschnitte werden mit Schrauben und speziellen Verbindern sicher befestigt. Dieser Prozess umfasst die Abdichtung der Fugen und den Anschluss der Sanit\u00e4r- und Elektrosysteme zwischen den Abschnitten. <\/li>\n<li>Dach und Au\u00dfenverkleidung: Sobald die Abschnitte an ihrem Platz sind, wird in einigen F\u00e4llen das Dach installiert und die Au\u00dfenverkleidung, wie z.B. Abdeckungen und Verkleidungen, werden fertiggestellt.<\/li>\n<\/ul>\n<figure id=\"attachment_93401\" aria-describedby=\"caption-attachment-93401\" style=\"width: 819px\" class=\"wp-caption aligncenter\"><img decoding=\"async\" class=\"wp-image-93401 size-large\" src=\"https:\/\/staging.spassio.com\/wp-content\/uploads\/2024\/08\/00065_scandi_modular-onsite-assembly-819x1024.jpg\" alt=\"Modulare Montage vor Ort\" width=\"819\" height=\"1024\" srcset=\"https:\/\/staging.spassio.com\/wp-content\/uploads\/2024\/08\/00065_scandi_modular-onsite-assembly-819x1024.jpg 819w, https:\/\/staging.spassio.com\/wp-content\/uploads\/2024\/08\/00065_scandi_modular-onsite-assembly-240x300.jpg 240w, https:\/\/staging.spassio.com\/wp-content\/uploads\/2024\/08\/00065_scandi_modular-onsite-assembly-768x960.jpg 768w, https:\/\/staging.spassio.com\/wp-content\/uploads\/2024\/08\/00065_scandi_modular-onsite-assembly-480x600.jpg 480w, https:\/\/staging.spassio.com\/wp-content\/uploads\/2024\/08\/00065_scandi_modular-onsite-assembly-496x620.jpg 496w, https:\/\/staging.spassio.com\/wp-content\/uploads\/2024\/08\/00065_scandi_modular-onsite-assembly.jpg 1080w\" sizes=\"(max-width: 819px) 100vw, 819px\" \/><figcaption id=\"caption-attachment-93401\" class=\"wp-caption-text\">Vor-Ort-Montage eines Scandi-Modulhauses<\/figcaption><\/figure>\n<h3>Sicherstellung der strukturellen Integrit\u00e4t<\/h3>\n<p>W\u00e4hrend des Aufbaus ist es wichtig, Inspektionen durchzuf\u00fchren, um die strukturelle Integrit\u00e4t des Hauses sicherzustellen. Dazu geh\u00f6rt die \u00dcberpr\u00fcfung, ob alle Verbindungen sicher sind, ob die W\u00e4nde ausgerichtet sind und ob es keine L\u00fccken oder Fehlstellungen gibt. Alle w\u00e4hrend der Inspektionen entdeckten Probleme sollten sofort behoben werden, um zuk\u00fcnftige Probleme zu vermeiden.  <\/p>\n<h2>Der letzte Schliff<\/h2>\n<h3>Vervollst\u00e4ndigen Sie Ihr Zuhause mit dem Innenausbau<\/h3>\n<p>Normalerweise werden modulare H\u00e4user vor Ort fertiggestellt. In einigen F\u00e4llen beginnt der Innenausbau jedoch erst nach der Montage der Modulteile. Dazu geh\u00f6rt das Verlegen von Bodenbel\u00e4gen, Schr\u00e4nken, Arbeitsplatten und Armaturen. Die Innenw\u00e4nde werden gestrichen und alle notwendigen Verkleidungsarbeiten werden abgeschlossen. Hauseigent\u00fcmer k\u00f6nnen aus einer Vielzahl von Oberfl\u00e4chen w\u00e4hlen, um ihr modulares Haus zu personalisieren.    <\/p>\n<h3>Landschaftsbau und Versorgungsnetze Anschluss<\/h3>\n<p>Der letzte Schliff umfasst die Landschaftsgestaltung des Grundst\u00fccks und den Anschluss aller Versorgungsleitungen. Dazu geh\u00f6ren die Installation von Einfahrten, Gehwegen und Au\u00dfenbeleuchtung. Die Anschl\u00fcsse an Versorgungsnetze f\u00fcr Wasser, Strom und Abwasser werden fertiggestellt und die Systeme werden getestet, um sicherzustellen, dass sie ordnungsgem\u00e4\u00df funktionieren.  <\/p>\n<h2>Fallstudien<\/h2>\n<h3>Beispiele f\u00fcr erfolgreiche Modular Home One Projekte<\/h3>\n<p>Um den Erfolg und die Effizienz von Modulh\u00e4usern zu veranschaulichen, betrachten Sie die folgenden Fallstudien:<\/p>\n<ul>\n<li>Modulares Vorstadthaus One in der N\u00e4he von N\u00fcrnberg: In einem kleinen bayerischen Dorf hat Blokki Ende 2023 sein 2,5-Blokki-Haus fertiggestellt. Dieses modulare Haus wurde auf einem 650 m\u00b2 gro\u00dfen Grundst\u00fcck gebaut und verf\u00fcgt \u00fcber ein Schr\u00e4gdach, erweiterte Schlafzimmer und ein B\u00fcro. Es wird mit einer elektrischen Fu\u00dfbodenheizung und einem Holzofen beheizt und verf\u00fcgt \u00fcber eine solarbetriebene Warmwasserbereitung. Es f\u00fcgt sich harmonisch in die Umgebung ein und erf\u00fcllt die strengen \u00f6rtlichen Vorschriften.  <img loading=\"lazy\" decoding=\"async\" class=\"size-full wp-image-93421 aligncenter\" src=\"https:\/\/staging.spassio.com\/wp-content\/uploads\/2024\/08\/blokki-case-study-modular.jpg\" alt=\"blokki 2.5 Fallstudie Modular Home\" width=\"791\" height=\"500\" srcset=\"https:\/\/staging.spassio.com\/wp-content\/uploads\/2024\/08\/blokki-case-study-modular.jpg 791w, https:\/\/staging.spassio.com\/wp-content\/uploads\/2024\/08\/blokki-case-study-modular-300x190.jpg 300w, https:\/\/staging.spassio.com\/wp-content\/uploads\/2024\/08\/blokki-case-study-modular-768x485.jpg 768w, https:\/\/staging.spassio.com\/wp-content\/uploads\/2024\/08\/blokki-case-study-modular-496x314.jpg 496w\" sizes=\"(max-width: 791px) 100vw, 791px\" \/><\/li>\n<li>L\u00e4ndliche Cabin in Bulgaria: Dieses Paar entschied sich f\u00fcr den Bau eines winzigen Familienhauses in der wundersch\u00f6nen Landschaft von Etropole, um dort dauerhaft zu wohnen und zu arbeiten. Das von Koleliba im Jahr 2022 entworfene und gebaute 3&#215;10 Meter gro\u00dfe Haus verf\u00fcgt \u00fcber einen ger\u00e4umigen Wohnbereich, ein Spa-\u00e4hnliches Badezimmer, eine voll ausgestattete K\u00fcche, ein ausklappbares L-f\u00f6rmiges Schlafsofa, eine halb geteilte Schlafnische und einen B\u00fcroraum und bietet so einen perfekten R\u00fcckzugsort, um zu entspannen und die Natur zu genie\u00dfen. <img loading=\"lazy\" decoding=\"async\" class=\"size-full wp-image-30396 aligncenter\" src=\"https:\/\/staging.spassio.com\/wp-content\/uploads\/2022\/10\/koleliba-family-tiny-floorplan-01.jpeg\" alt=\"\" width=\"1000\" height=\"667\" srcset=\"https:\/\/staging.spassio.com\/wp-content\/uploads\/2022\/10\/koleliba-family-tiny-floorplan-01.jpeg 1000w, https:\/\/staging.spassio.com\/wp-content\/uploads\/2022\/10\/koleliba-family-tiny-floorplan-01-300x200.jpeg 300w, https:\/\/staging.spassio.com\/wp-content\/uploads\/2022\/10\/koleliba-family-tiny-floorplan-01-768x512.jpeg 768w, https:\/\/staging.spassio.com\/wp-content\/uploads\/2022\/10\/koleliba-family-tiny-floorplan-01-900x600.jpeg 900w, https:\/\/staging.spassio.com\/wp-content\/uploads\/2022\/10\/koleliba-family-tiny-floorplan-01-496x331.jpeg 496w\" sizes=\"(max-width: 1000px) 100vw, 1000px\" \/><\/li>\n<\/ul>\n<h2>Fazit<\/h2>\n<p>Modulare H\u00e4user bieten eine moderne, effiziente und nachhaltige Alternative zu herk\u00f6mmlichen H\u00e4usern. Wenn Sie den detaillierten Aufbauprozess verstehen &#8211; von der Planung vor dem Bau bis zum letzten Schliff &#8211; k\u00f6nnen Sie fundierte Entscheidungen \u00fcber die Investition in ein modulares Haus treffen. Mit Vorteilen wie einer k\u00fcrzeren Bauzeit, Kosteneinsparungen und \u00f6kologischer Nachhaltigkeit sind modulare H\u00e4user eine kluge Wahl f\u00fcr alle, die nach innovativen und individuell gestaltbaren Wohnl\u00f6sungen suchen.  <\/p>\n<p><strong>Statistiken zum Merken:<\/strong><\/p>\n<ul>\n<li style=\"list-style-type: none;\">\n<ul>\n<li>Modulare H\u00e4user k\u00f6nnen die Bauzeit im Vergleich zu herk\u00f6mmlichen H\u00e4usern um bis zu 50% verk\u00fcrzen.<\/li>\n<li>Vorgefertigte H\u00e4user k\u00f6nnen den Bauabfall um bis zu 90% reduzieren.<\/li>\n<li>Modulare H\u00e4user k\u00f6nnen w\u00e4hrend des Baus 40% weniger CO2-Emissionen verursachen.<\/li>\n<li>Die Kosten f\u00fcr modulare H\u00e4user k\u00f6nnen 10-20% niedriger sein als bei herk\u00f6mmlichen H\u00e4usern.<\/li>\n<\/ul>\n<\/li>\n<\/ul>\n<p><strong>N\u00fctzliche Links:<\/strong><\/p>\n<p><a href=\"https:\/\/staging.spassio.com\/de\/categories\/modulhaeuser\/\">Modular Homes auf Spassio<\/a><br \/>\n<a href=\"https:\/\/staging.spassio.com\/de\/hinter-den-kulissen-von-der-produktion-bis-zur-auslieferung-von-norges-hus-modular-homes\/\">Hinter den Kulissen: Von der Produktion bis zur Lieferung von Norges Hus Modular Homes<\/a><br \/>\n<a href=\"https:\/\/staging.spassio.com\/de\/wie-viel-kostet-der-bau-von-modularen-haeusern\/\">Wie viel kostet der Bau von modularen H\u00e4usern?<\/a><br \/>\n<a href=\"https:\/\/staging.spassio.com\/de\/der-bau-modularer-haeuser-wird-zur-neuen-normalitaet\/\">Der Bau modularer H\u00e4user wird zur neuen Normalit\u00e4t<\/a><\/p>\n","protected":false},"excerpt":{"rendered":"<p>Einf\u00fchrung in Modular Homes Modulare H\u00e4user revolutionieren die Bauindustrie durch Effizienz, Nachhaltigkeit und Kosteneffizienz. Im Gegensatz zur traditionellen Bauweise wird diese Art von Fertigh\u00e4usern in volumetrischen Abschnitten in einer Fabrik gebaut, was eine Qualit\u00e4tskontrolle gew\u00e4hrleistet und die Bauzeit verk\u00fcrzt. Diese Abschnitte werden zur Baustelle transportiert und dort zu einem kompletten Haus zusammengesetzt. Dieser Leitfaden f\u00fchrt [&hellip;]<\/p>\n","protected":false},"author":194,"featured_media":93414,"parent":58716,"menu_order":0,"comment_status":"closed","ping_status":"closed","template":"","meta":{"content-type":"","_FSMCFIC_featured_image_caption":"","_FSMCFIC_featured_image_nocaption":"","_FSMCFIC_featured_image_hide":"","footnotes":""},"class_list":["post-93441","page","type-page","status-publish","has-post-thumbnail","hentry"],"_wp_attached_file":null,"_wp_attachment_metadata":null,"_wp_attachment_backup_sizes":null,"siteground_optimizer_webp_conversion_attempts":null,"siteground_optimizer_is_converted_to_webp":null,"siteground_optimizer_optimization_attempts":null,"siteground_optimizer_optimization_failed":null,"wpml_media_processed":null,"_wp_attachment_image_alt":null,"siteground_optimizer_is_optimized":null,"siteground_optimizer_webp_conversion_failed":null,"_elementor_source_image_hash":null,"siteground_optimizer_compression_level":null,"_elementor_inline_svg":null,"_imagify_optimization_level":null,"_imagify_status":null,"_imagify_data":null,"siteground_optimizer_original_filesize":null,"wpse_external_file_url":null,"fave_currency":null,"fave_currency_info":null,"fave_property_id":null,"fave_property_map":null,"fave_property_location":null,"houzez_geolocation_lat":null,"houzez_geolocation_long":null,"fave_property_map_street_view":null,"fave_featured":null,"fave_loggedintoview":null,"fave_agent_display_option":null,"fave_prop_homeslider":null,"fave_single_top_area":null,"fave_single_content_area":null,"_yoast_wpseo_primary_property_type":null,"_yoast_wpseo_primary_property_feature":null,"_yoast_wpseo_primary_property_label":null,"_yoast_wpseo_primary_property_country":null,"houzez_manual_expire":null,"_houzez_expiration_date_status":null,"houzez_total_property_views":null,"houzez_views_by_date":null,"houzez_recently_viewed":null,"fave_property_price":null,"fave_property_price_prefix":null,"fave_property_size":null,"fave_property_bathrooms":null,"fave_property_garage":null,"fave_levels":null,"fave_roof-type":null,"fave_construction-type":null,"fave_video_url":null,"fave_video_image":null,"fave_payment_status":null,"fave_property_agency":null,"fave_countries":null,"fave_sleeps":null,"_yoast_wpseo_primary_property_status":null,"fave_property_images":null,"fave_attachments":null,"technical_description":null,"houzez_featured_listing_date":null,"fave_property_size_prefix":null,"fave_property_bedrooms":null,"fave_property_price_postfix":null,"fave_production-time-in-weeks":null,"fave_building-time-in-days":null,"fave_window-glazing":null,"_yoast_wpseo_primary_feature-2":null,"_yoast_wpseo_primary_feature-3":null,"fave_warranty-in-years":null,"fave_property_land":null,"fave_property_land_postfix":null,"wpsebeba57d406-00de-d339-8c02-3956a916f506":null,"_oembed_eefb35903900c5c166d55ccf7fc62a8a":null,"_oembed_30948e80c1a853da0b519e72c40d2e13":null,"_oembed_0b78a31d7c7e6041adc064d46c40f98b":null,"_oembed_42c2c13b5902a21593b1d521556aea88":null,"_oembed_4fb58e495f37e206f97738a42dbe566f":null,"_oembed_b2828bee61bd9076cd21ece641de7abc":null,"_oembed_0c92428c960763e658977ce4918863f4":null,"_oembed_02b72dc3d26bdba6ff900a268ade2517":null,"_oembed_8c819834f7fc0b74364aa34a8193f46f":null,"_oembed_088962b77808b37d57abe5c8143f9652":null,"_oembed_dfae0e674c59ba061a82b330fc7fdea0":null,"_oembed_74e5075f66c4cd04b0e118feb24f6636":null,"fave_mortgage_cal":null,"_air_wp_sync_record_id":null,"_air_wp_sync_hash":null,"_air_wp_sync_importer_id":null,"_air_wp_sync_updated_at":null,"external_listing_link":null,"fave_property_map_address":null,"fave_multi_units_ids":null,"$wpml_language$":null,"fave_virtual_tour":null,"fave_gross-external-area":null,"_houzez_expiration_date":null,"_houzez_expiration_date_options":null,"floor_plans":null,"_oembed_a17db82fa378d53b4dc6ed46e5344499":null,"_oembed_da390569a339f4d7147d95cfb8c04c12":null,"_oembed_6a3eda5947bcc098660397ca8e21a941":null,"fave_roof-angle":null,"fave_seo-content":null,"_oembed_a7b8941eeee966e7350aede20b4d62be":null,"_oembed_time_a7b8941eeee966e7350aede20b4d62be":null,"additional_features":null,"fave_multi_units":null,"_oembed_716f56b62500685a7dd15ea2ec7579bd":null,"_oembed_time_716f56b62500685a7dd15ea2ec7579bd":null,"_oembed_8ececd3dd2598a4aedb5dfc82df2a0f6":null,"_oembed_time_8ececd3dd2598a4aedb5dfc82df2a0f6":null,"_oembed_4cef7884ea6ef16d48cd8675b12e440d":null,"fave_property_garage_size":null,"_oembed_5c1eaf7b40f4e3a3089b38beb88ba480":null,"fave_property_zip":null,"_oembed_ccdd6e0304386ece64b3b91f572b0be4":null,"_oembed_ae30d19e3e861b389146a1ccc2828104":null,"fave_property_rooms":null,"fave_property_year":null,"two_page_speed":null,"fave_year_established":null,"Status":null,"_oembed_5b2d8d2cf33b469c98e488ea5b118c30":null,"WPML Language Code":null,"_links":{"self":[{"href":"https:\/\/staging.spassio.com\/de\/wp-json\/wp\/v2\/pages\/93441","targetHints":{"allow":["GET"]}}],"collection":[{"href":"https:\/\/staging.spassio.com\/de\/wp-json\/wp\/v2\/pages"}],"about":[{"href":"https:\/\/staging.spassio.com\/de\/wp-json\/wp\/v2\/types\/page"}],"author":[{"embeddable":true,"href":"https:\/\/staging.spassio.com\/de\/wp-json\/wp\/v2\/users\/194"}],"replies":[{"embeddable":true,"href":"https:\/\/staging.spassio.com\/de\/wp-json\/wp\/v2\/comments?post=93441"}],"version-history":[{"count":1,"href":"https:\/\/staging.spassio.com\/de\/wp-json\/wp\/v2\/pages\/93441\/revisions"}],"predecessor-version":[{"id":173241,"href":"https:\/\/staging.spassio.com\/de\/wp-json\/wp\/v2\/pages\/93441\/revisions\/173241"}],"up":[{"embeddable":true,"href":"https:\/\/staging.spassio.com\/de\/wp-json\/wp\/v2\/pages\/58716"}],"wp:featuredmedia":[{"embeddable":true,"href":"https:\/\/staging.spassio.com\/de\/wp-json\/wp\/v2\/media\/93414"}],"wp:attachment":[{"href":"https:\/\/staging.spassio.com\/de\/wp-json\/wp\/v2\/media?parent=93441"}],"curies":[{"name":"wp","href":"https:\/\/api.w.org\/{rel}","templated":true}]}}