{"id":60916,"date":"2023-01-22T11:29:28","date_gmt":"2023-01-22T10:29:28","guid":{"rendered":"https:\/\/staging.spassio.com\/?page_id=60916"},"modified":"2023-09-03T10:15:15","modified_gmt":"2023-09-03T09:15:15","slug":"como-elegir-fabricante-casas-prefabricadas","status":"publish","type":"page","link":"https:\/\/staging.spassio.com\/es\/como-elegir-fabricante-casas-prefabricadas\/","title":{"rendered":"C\u00f3mo elegir un fabricante de casas prefabricadas"},"content":{"rendered":"<p>El proceso de <strong>elecci\u00f3n del fabricante adecuado de casas prefabricadas <\/strong> para tu proyecto comienza comparando distintas empresas y evaluando cu\u00e1les pueden proporcionarte la casa que buscas.<\/p>\n<p>Dado que las casas prefabricadas se construyen siguiendo un proceso altamente mecanizado, la casa se dise\u00f1a pensando en la fabricaci\u00f3n. Por tanto, cuando eliges una empresa de casas prefabricadas, est\u00e1s eligiendo un equipo completo de arquitectos, dise\u00f1adores y constructores, lo que convierte esta selecci\u00f3n en un paso cr\u00edtico en el proceso de construcci\u00f3n de casas prefabricadas.<\/p>\n<figure id=\"attachment_33325\" aria-describedby=\"caption-attachment-33325\" style=\"width: 1024px\" class=\"wp-caption alignnone\"><img fetchpriority=\"high\" decoding=\"async\" class=\"wp-image-33325 size-large\" src=\"https:\/\/staging.spassio.com\/wp-content\/uploads\/2023\/01\/choose-prefab-manufacturer-1024x768.jpg\" alt=\"elegir fabricante de prefabricados\" width=\"1024\" height=\"768\" srcset=\"https:\/\/staging.spassio.com\/wp-content\/uploads\/2023\/01\/choose-prefab-manufacturer-1024x768.jpg 1024w, https:\/\/staging.spassio.com\/wp-content\/uploads\/2023\/01\/choose-prefab-manufacturer-300x225.jpg 300w, https:\/\/staging.spassio.com\/wp-content\/uploads\/2023\/01\/choose-prefab-manufacturer-768x576.jpg 768w, https:\/\/staging.spassio.com\/wp-content\/uploads\/2023\/01\/choose-prefab-manufacturer-1536x1152.jpg 1536w, https:\/\/staging.spassio.com\/wp-content\/uploads\/2023\/01\/choose-prefab-manufacturer-592x444.jpg 592w, https:\/\/staging.spassio.com\/wp-content\/uploads\/2023\/01\/choose-prefab-manufacturer-584x438.jpg 584w, https:\/\/staging.spassio.com\/wp-content\/uploads\/2023\/01\/choose-prefab-manufacturer-800x600.jpg 800w, https:\/\/staging.spassio.com\/wp-content\/uploads\/2023\/01\/choose-prefab-manufacturer-120x90.jpg 120w, https:\/\/staging.spassio.com\/wp-content\/uploads\/2023\/01\/choose-prefab-manufacturer-496x372.jpg 496w, https:\/\/staging.spassio.com\/wp-content\/uploads\/2023\/01\/choose-prefab-manufacturer.jpg 1600w\" sizes=\"(max-width: 1024px) 100vw, 1024px\" \/><figcaption id=\"caption-attachment-33325\" class=\"wp-caption-text\">Fig. 1. Interior de la f\u00e1brica de la empresa Modern Modular<\/figcaption><\/figure>\n<h2>F\u00edjate en el tipo de casa que ofrece el fabricante<\/h2>\n<p>Dada la mecanizaci\u00f3n del proceso de construcci\u00f3n prefabricada, los fabricantes suelen estar bastante especializados. Por eso, suelen ce\u00f1irse a una est\u00e9tica y un tipo de prefabricado concretos.<\/p>\n<p>El proceso de elecci\u00f3n de un fabricante empieza por comprender qu\u00e9 tipo de casa buscamos y compararlo con lo que ofrece el fabricante:<\/p>\n<ul>\n<li>La est\u00e9tica general: La mayor\u00eda de las casas que ofrece cada fabricante est\u00e1n construidas con el mismo estilo arquitect\u00f3nico. Algunos fabricantes eligen construir sus casas con un aspecto tradicional, otros optan por un estilo r\u00fastico y otros prefieren dise\u00f1ar casas de aspecto moderno. Un r\u00e1pido recorrido por <a href=\"https:\/\/staging.spassio.com\/manufacturers\/\">el perfil<\/a> de una empresa te dar\u00e1 una idea de la est\u00e9tica general del fabricante.<\/li>\n<li>Prefabricadas sobre cimientos o ruedas: La mayor\u00eda de los fabricantes dise\u00f1an sus prefabricados para que se construyan fuera de la obra, pero se montan sobre cimientos permanentes. En consecuencia, la casa no difiere de una estructura de construcci\u00f3n tradicional y requiere licencia de obras. Sin embargo, algunos fabricantes ofrecen una opci\u00f3n alternativa que se coloca sobre ruedas. Estos prefabricados se parecen m\u00e1s a una casa m\u00f3vil que a una construcci\u00f3n tradicional, y normalmente pueden comprarse sin licencia de obras.<\/li>\n<li>Proyectos predise\u00f1ados o a medida: Los fabricantes pueden ofrecer dos opciones de dise\u00f1o: predise\u00f1ados o <a href=\"https:\/\/staging.spassio.com\/manufacturer\/nomad-container\/\">a medida<\/a>. Los prefabricados predise\u00f1ados se muestran en una lista tipo cat\u00e1logo, para que el cliente elija, mientras que los prefabricados a medida son dise\u00f1ados desde cero por el fabricante seg\u00fan las especificaciones \u00fanicas del cliente. Algunos fabricantes est\u00e1n equipados para ofrecer ambas opciones, aunque la mayor\u00eda se centra en una de ellas.<\/li>\n<\/ul>\n<h2>Mira lo que incluye el paquete del fabricante<\/h2>\n<p>Todos los fabricantes dise\u00f1an y construyen sus casas en un entorno similar al de una f\u00e1brica. Sin embargo, los elementos y servicios incluidos en su paquete pueden variar enormemente de un fabricante a otro.<\/p>\n<p>Al elegir un fabricante, es esencial ver las posibilidades de envasado que ofrece cada fabricante para saber cu\u00e1l nos conviene m\u00e1s.<\/p>\n<ul>\n<li>El paquete de la casa: Los prefabricados pueden entregarse totalmente amueblados, como el <a href=\"https:\/\/staging.spassio.com\/models\/keu-mobile-home-keu\/\">Modelo Keu<\/a>, que est\u00e1 listo para ser habitado, o como una caja de vivienda vac\u00eda en funcionamiento, a la espera de que el propietario la decore. Analiza qu\u00e9 opci\u00f3n te conviene m\u00e1s y comprueba qu\u00e9 fabricante ofrece tu opci\u00f3n preferida. La mayor\u00eda de los elementos incluidos en el paquete de la casa se pueden personalizar. Aun as\u00ed, el grado de personalizaci\u00f3n var\u00eda de una empresa a otra, ya que puede ir desde personalizar los acabados hasta pasar a materiales de mayor calidad o incluso dise\u00f1ar toda la casa desde cero.<\/li>\n<li>La log\u00edstica: Generalmente, el env\u00edo de la unidad prefabricada a la parcela, as\u00ed como su montaje sobre los cimientos, es gestionado por el fabricante. Aunque no siempre es as\u00ed. Verificar que un equipo proporcionado por el fabricante estar\u00e1 in situ montando la casa puede suponer una gran diferencia.<\/li>\n<li>Preparaci\u00f3n del terreno y obras in situ: Normalmente, los fabricantes no prestan estos servicios. En consecuencia, se necesitan profesionales adicionales, como un contratista local, para preparar el terreno y completar las obras de construcci\u00f3n in situ. Sin embargo, algunos fabricantes, como <a href=\"https:\/\/staging.spassio.com\/manufacturer\/vmodul\/\">VMODUL<\/a>, optan por ampliar su paquete y ocuparse de todos los pasos, desde la obtenci\u00f3n de los permisos de obra hasta la preparaci\u00f3n del terreno y la finalizaci\u00f3n de los trabajos in situ. Generalmente, los trabajos de paisajismo, jardiner\u00eda y construcci\u00f3n de piscinas no est\u00e1n incluidos por los fabricantes, pero te animamos a que te pongas en contacto con ellos, ya que es la mejor manera de saber lo que pueden hacer por ti.<\/li>\n<\/ul>\n<figure id=\"attachment_33324\" aria-describedby=\"caption-attachment-33324\" style=\"width: 1024px\" class=\"wp-caption alignnone\"><img decoding=\"async\" class=\"wp-image-33324 size-large\" src=\"https:\/\/staging.spassio.com\/wp-content\/uploads\/2023\/01\/transportation-koleliba-prefab-house-1024x768.jpg\" alt=\"Transporte de una casa prefabricada Koleliba\" width=\"1024\" height=\"768\" srcset=\"https:\/\/staging.spassio.com\/wp-content\/uploads\/2023\/01\/transportation-koleliba-prefab-house-1024x768.jpg 1024w, https:\/\/staging.spassio.com\/wp-content\/uploads\/2023\/01\/transportation-koleliba-prefab-house-300x225.jpg 300w, https:\/\/staging.spassio.com\/wp-content\/uploads\/2023\/01\/transportation-koleliba-prefab-house-768x576.jpg 768w, https:\/\/staging.spassio.com\/wp-content\/uploads\/2023\/01\/transportation-koleliba-prefab-house-1536x1152.jpg 1536w, https:\/\/staging.spassio.com\/wp-content\/uploads\/2023\/01\/transportation-koleliba-prefab-house-592x444.jpg 592w, https:\/\/staging.spassio.com\/wp-content\/uploads\/2023\/01\/transportation-koleliba-prefab-house-584x438.jpg 584w, https:\/\/staging.spassio.com\/wp-content\/uploads\/2023\/01\/transportation-koleliba-prefab-house-800x600.jpg 800w, https:\/\/staging.spassio.com\/wp-content\/uploads\/2023\/01\/transportation-koleliba-prefab-house-120x90.jpg 120w, https:\/\/staging.spassio.com\/wp-content\/uploads\/2023\/01\/transportation-koleliba-prefab-house-496x372.jpg 496w, https:\/\/staging.spassio.com\/wp-content\/uploads\/2023\/01\/transportation-koleliba-prefab-house.jpg 1600w\" sizes=\"(max-width: 1024px) 100vw, 1024px\" \/><figcaption id=\"caption-attachment-33324\" class=\"wp-caption-text\">Fig. 2. Transporte de una casa prefabricada <a href=\"https:\/\/staging.spassio.com\/manufacturer\/koleliba\/\">Koleliba<\/a> del Fabricante a la parcela<\/figcaption><\/figure>\n<h2>Aseg\u00farate de que el fabricante puede envi\u00e1rtela<\/h2>\n<p>Un fabricante que pueda ofrecerte el tipo de casa que buscas con las caracter\u00edsticas espec\u00edficas que son importantes para ti es, sin duda, una buena elecci\u00f3n. Aun as\u00ed, algunos aspectos adicionales pueden convertir una buena elecci\u00f3n de fabricante en la mejor elecci\u00f3n.<\/p>\n<ul>\n<li>Posibilidad de visitar un modelo prefabricado ya construido: Algunas empresas como <a href=\"https:\/\/staging.spassio.com\/manufacturer\/suuna\/\">\u0160uuna<\/a> ofrecen este servicio adicional al cliente para ayudarte a tener una idea clara de c\u00f3mo es el espacio acabado.<\/li>\n<li>Excepcionales pol\u00edticas de garant\u00eda y servicios de mantenimiento: Todas las empresas de prefabricados ofrecen alg\u00fan tipo de garant\u00eda del producto, aunque sus pol\u00edticas var\u00edan enormemente. La duraci\u00f3n de este periodo es diferente para las distintas partes de la casa, siendo siempre la estructura la m\u00e1s larga. F\u00edjate en los fabricantes con mejor cobertura, que ofrecen servicios de mantenimiento y reparaci\u00f3n no s\u00f3lo durante el periodo de garant\u00eda, sino tambi\u00e9n despu\u00e9s de su vencimiento.<\/li>\n<li>Amplia experiencia en el sector: Aunque muchos a\u00f1os de actividad no son necesariamente prueba de excelencia, cuantos m\u00e1s proyectos haya realizado una empresa, menor ser\u00e1 la probabilidad de encontrar problemas inesperados durante la construcci\u00f3n de tu nueva casa.<\/li>\n<li>Excelente reputaci\u00f3n: Una de las formas m\u00e1s \u00fatiles de saber si est\u00e1s eligiendo un fabricante reputado es leer las opiniones de clientes anteriores. Adem\u00e1s, algunas empresas como <a href=\"https:\/\/staging.spassio.com\/manufacturer\/brette-haus\/\">Brette Haus<\/a> y <a href=\"https:\/\/staging.spassio.com\/manufacturer\/nomad-container\/\">Nomad Container<\/a> han sido premiadas o reconocidas por distintos medios de comunicaci\u00f3n, lo que podr\u00eda ser un signo de fiabilidad.<\/li>\n<\/ul>\n","protected":false},"excerpt":{"rendered":"<p>El proceso de elecci\u00f3n del fabricante adecuado de casas prefabricadas para tu proyecto comienza comparando distintas empresas y evaluando cu\u00e1les pueden proporcionarte la casa que buscas. Dado que las casas prefabricadas se construyen siguiendo un proceso altamente mecanizado, la casa se dise\u00f1a pensando en la fabricaci\u00f3n. Por tanto, cuando eliges una empresa de casas prefabricadas, [&hellip;]<\/p>\n","protected":false},"author":194,"featured_media":49710,"parent":0,"menu_order":0,"comment_status":"closed","ping_status":"closed","template":"","meta":{"content-type":"","_FSMCFIC_featured_image_caption":"","_FSMCFIC_featured_image_nocaption":"","_FSMCFIC_featured_image_hide":"","footnotes":""},"class_list":["post-60916","page","type-page","status-publish","has-post-thumbnail","hentry"],"_wp_attached_file":null,"_wp_attachment_metadata":null,"_wp_attachment_backup_sizes":null,"siteground_optimizer_webp_conversion_attempts":null,"siteground_optimizer_is_converted_to_webp":null,"siteground_optimizer_optimization_attempts":null,"siteground_optimizer_optimization_failed":null,"wpml_media_processed":null,"_wp_attachment_image_alt":null,"siteground_optimizer_is_optimized":null,"siteground_optimizer_webp_conversion_failed":null,"_elementor_source_image_hash":null,"siteground_optimizer_compression_level":null,"_elementor_inline_svg":null,"_imagify_optimization_level":null,"_imagify_status":null,"_imagify_data":null,"siteground_optimizer_original_filesize":null,"wpse_external_file_url":null,"fave_currency":null,"fave_currency_info":null,"fave_property_id":null,"fave_property_map":null,"fave_property_location":null,"houzez_geolocation_lat":null,"houzez_geolocation_long":null,"fave_property_map_street_view":null,"fave_featured":null,"fave_loggedintoview":null,"fave_agent_display_option":null,"fave_prop_homeslider":null,"fave_single_top_area":null,"fave_single_content_area":null,"_yoast_wpseo_primary_property_type":null,"_yoast_wpseo_primary_property_feature":null,"_yoast_wpseo_primary_property_label":null,"_yoast_wpseo_primary_property_country":null,"houzez_manual_expire":null,"_houzez_expiration_date_status":null,"houzez_total_property_views":null,"houzez_views_by_date":null,"houzez_recently_viewed":null,"fave_property_price":null,"fave_property_price_prefix":null,"fave_property_size":null,"fave_property_bathrooms":null,"fave_property_garage":null,"fave_levels":null,"fave_roof-type":null,"fave_construction-type":null,"fave_video_url":null,"fave_video_image":null,"fave_payment_status":null,"fave_property_agency":null,"fave_countries":null,"fave_sleeps":null,"_yoast_wpseo_primary_property_status":null,"fave_property_images":null,"fave_attachments":null,"technical_description":null,"houzez_featured_listing_date":null,"fave_property_size_prefix":null,"fave_property_bedrooms":null,"fave_property_price_postfix":null,"fave_production-time-in-weeks":null,"fave_building-time-in-days":null,"fave_window-glazing":null,"_yoast_wpseo_primary_feature-2":null,"_yoast_wpseo_primary_feature-3":null,"fave_warranty-in-years":null,"fave_property_land":null,"fave_property_land_postfix":null,"wpsebeba57d406-00de-d339-8c02-3956a916f506":null,"_oembed_eefb35903900c5c166d55ccf7fc62a8a":null,"_oembed_30948e80c1a853da0b519e72c40d2e13":null,"_oembed_0b78a31d7c7e6041adc064d46c40f98b":null,"_oembed_42c2c13b5902a21593b1d521556aea88":null,"_oembed_4fb58e495f37e206f97738a42dbe566f":null,"_oembed_b2828bee61bd9076cd21ece641de7abc":null,"_oembed_0c92428c960763e658977ce4918863f4":null,"_oembed_02b72dc3d26bdba6ff900a268ade2517":null,"_oembed_8c819834f7fc0b74364aa34a8193f46f":null,"_oembed_088962b77808b37d57abe5c8143f9652":null,"_oembed_dfae0e674c59ba061a82b330fc7fdea0":null,"_oembed_74e5075f66c4cd04b0e118feb24f6636":null,"fave_mortgage_cal":null,"_air_wp_sync_record_id":null,"_air_wp_sync_hash":null,"_air_wp_sync_importer_id":null,"_air_wp_sync_updated_at":null,"external_listing_link":null,"fave_property_map_address":null,"fave_multi_units_ids":null,"$wpml_language$":null,"fave_virtual_tour":null,"fave_gross-external-area":null,"_houzez_expiration_date":null,"_houzez_expiration_date_options":null,"floor_plans":null,"_oembed_a17db82fa378d53b4dc6ed46e5344499":null,"_oembed_da390569a339f4d7147d95cfb8c04c12":null,"_oembed_6a3eda5947bcc098660397ca8e21a941":null,"fave_roof-angle":null,"fave_seo-content":null,"_oembed_a7b8941eeee966e7350aede20b4d62be":null,"_oembed_time_a7b8941eeee966e7350aede20b4d62be":null,"additional_features":null,"fave_multi_units":null,"_oembed_716f56b62500685a7dd15ea2ec7579bd":null,"_oembed_time_716f56b62500685a7dd15ea2ec7579bd":null,"_oembed_8ececd3dd2598a4aedb5dfc82df2a0f6":null,"_oembed_time_8ececd3dd2598a4aedb5dfc82df2a0f6":null,"_oembed_4cef7884ea6ef16d48cd8675b12e440d":null,"fave_property_garage_size":null,"_oembed_5c1eaf7b40f4e3a3089b38beb88ba480":null,"fave_property_zip":null,"_oembed_ccdd6e0304386ece64b3b91f572b0be4":null,"_oembed_ae30d19e3e861b389146a1ccc2828104":null,"fave_property_rooms":null,"fave_property_year":null,"two_page_speed":null,"fave_year_established":null,"Status":null,"_oembed_5b2d8d2cf33b469c98e488ea5b118c30":null,"WPML Language Code":null,"_links":{"self":[{"href":"https:\/\/staging.spassio.com\/es\/wp-json\/wp\/v2\/pages\/60916","targetHints":{"allow":["GET"]}}],"collection":[{"href":"https:\/\/staging.spassio.com\/es\/wp-json\/wp\/v2\/pages"}],"about":[{"href":"https:\/\/staging.spassio.com\/es\/wp-json\/wp\/v2\/types\/page"}],"author":[{"embeddable":true,"href":"https:\/\/staging.spassio.com\/es\/wp-json\/wp\/v2\/users\/194"}],"replies":[{"embeddable":true,"href":"https:\/\/staging.spassio.com\/es\/wp-json\/wp\/v2\/comments?post=60916"}],"version-history":[{"count":0,"href":"https:\/\/staging.spassio.com\/es\/wp-json\/wp\/v2\/pages\/60916\/revisions"}],"wp:featuredmedia":[{"embeddable":true,"href":"https:\/\/staging.spassio.com\/es\/wp-json\/wp\/v2\/media\/49710"}],"wp:attachment":[{"href":"https:\/\/staging.spassio.com\/es\/wp-json\/wp\/v2\/media?parent=60916"}],"curies":[{"name":"wp","href":"https:\/\/api.w.org\/{rel}","templated":true}]}}