{"id":60921,"date":"2023-02-19T17:57:05","date_gmt":"2023-02-19T16:57:05","guid":{"rendered":"https:\/\/staging.spassio.com\/?page_id=60921"},"modified":"2023-09-12T12:39:42","modified_gmt":"2023-09-12T11:39:42","slug":"como-construir-casa-prefabricada","status":"publish","type":"page","link":"https:\/\/staging.spassio.com\/es\/como-construir-casa-prefabricada\/","title":{"rendered":"C\u00f3mo construir tu propia casa con construcciones prefabricadas"},"content":{"rendered":"<p>Construir tu propia casa requiere una planificaci\u00f3n minuciosa y un buen conocimiento de las distintas fases de la construcci\u00f3n. Al elegir construir tu casa con t\u00e9cnicas prefabricadas, simplificas enormemente la log\u00edstica, ya que la mayor parte de la construcci\u00f3n se realiza mediante m\u00e9todos altamente industrializados.<\/p>\n<p>El proceso general de construcci\u00f3n de una casa puede ser ligeramente distinto seg\u00fan tu ubicaci\u00f3n y el tipo de proyecto, pero todos los prefabricados siguen una pauta general. Comprendiendo esta l\u00ednea de actuaci\u00f3n, sabr\u00e1s lo que se requiere en cada fase y estar\u00e1s equipado para tomar las decisiones que mejor beneficien a tu proyecto sin sentirte abrumado por el proceso.<\/p>\n<h2>Empieza por definir tus prioridades para identificar el mejor modelo o fabricante de prefabricados<\/h2>\n<p>Una de las decisiones m\u00e1s importantes que hay que tomar al construir tu propia casa con m\u00e9todos prefabricados es <strong>elegir al fabricante adecuado<\/strong>. Dada la industrializaci\u00f3n de la construcci\u00f3n prefabricada, los fabricantes suelen estar bastante especializados, lo que limita la variedad de opciones que pueden ofrecer.<\/p>\n<p>Por tanto, elegir al fabricante adecuado para tu proyecto de construcci\u00f3n es esencial. Para ello, t\u00f3mate un tiempo para definir tus prioridades.<\/p>\n<ul>\n<li>Decide <strong>si prefieres una casa hecha a medida o predise\u00f1ada<\/strong>: Si te sientes m\u00e1s c\u00f3modo seleccionando la casa de tus sue\u00f1os de un cat\u00e1logo que muestra los distintos modelos disponibles, tu proceso comenzar\u00e1 seleccionando el prefabricado predise\u00f1ado m\u00e1s adecuado. Sin embargo, si prefieres construir tu casa desde cero, el proceso comenzar\u00e1 eligiendo un fabricante.<\/li>\n<li><strong>Especifica cu\u00e1nto espacio necesitas<\/strong>: El n\u00famero de personas que viven en la casa o las actividades que se desarrollan en el interior son algunos de los aspectos clave que debes tener en cuenta. Decide el n\u00famero de habitaciones y cuartos de ba\u00f1o que necesitas para acomodar tu hogar, ya sea para identificar los modelos predise\u00f1ados adecuados o para saber qu\u00e9 tama\u00f1o debe tener tu casa de nuevo dise\u00f1o.<\/li>\n<li><strong>Determina qu\u00e9 tipo de casa necesitas<\/strong>: Las prefabricadas pueden tener muy diversas formas, tama\u00f1os y estilos; algunas parecen construcciones tradicionales, pero otras, las Tiny Houses, son viviendas no permanentes m\u00e1s peque\u00f1as construidas sobre ruedas. Identifica qu\u00e9 tipo de casa te conviene m\u00e1s seg\u00fan tu estilo de vida. Consulta tambi\u00e9n a la autoridad urban\u00edstica local para saber qu\u00e9 tipo de construcci\u00f3n se puede hacer en tu parcela y las normas de edificaci\u00f3n que debes cumplir.<\/li>\n<li><strong>Establece tu<\/strong> presupuesto: Es esencial definir de antemano tu capacidad financiera y limitar tu presupuesto para evitar tensiones o retrasos adicionales en el futuro. Establecer contacto con un prestamista en este punto puede ser muy \u00fatil para saber de cu\u00e1nto dinero dispones. Con un presupuesto en mente, busca aquellos modelos o fabricantes que ofrezcan un coste de construcci\u00f3n dentro de tu rango de precios.<\/li>\n<\/ul>\n<p>Si conoces bien tus preferencias y posibilidades, podr\u00e1s elegir al fabricante adecuado para <a href=\"https:\/\/staging.spassio.com\/bespoke-vs-pre-designed-prefab-house-models\/\">construir un Modelo predise\u00f1ado<\/a> o dise\u00f1ar tu casa desde cero. Herramientas como la funci\u00f3n de b\u00fasqueda de Spassio son un buen punto de partida.<\/p>\n<h2>1. Consigue un estudio del terreno para definir el mejor enfoque de dise\u00f1o<\/h2>\n<p>Es habitual que los fabricantes ofrezcan un estudio de viabilidad previo al dise\u00f1o para determinar qu\u00e9 tipo de casa pueden construir en tu propiedad. Para identificar la mejor forma de enfocar el dise\u00f1o de la casa, as\u00ed como para reducir los inconvenientes inesperados durante la entrega y el montaje, es habitual <strong>realizar estudios del suelo, estudios de las v\u00edas de acceso o incluso an\u00e1lisis bioclim\u00e1ticos<\/strong>.<\/p>\n<p>Adem\u00e1s de estos aspectos t\u00e9cnicos, tambi\u00e9n debes hacer tu propio reconocimiento personal de la propiedad. Identifica los puntos de vista que te gustar\u00eda que adoptara tu dise\u00f1o. Adem\u00e1s, hazte una idea clara de las zonas que preferir\u00edas evitar, como una vista no muy bonita o una fuente de ruido excesivo.<\/p>\n<h2>2. Dise\u00f1a la casa de tus sue\u00f1os<\/h2>\n<figure id=\"attachment_33983\" aria-describedby=\"caption-attachment-33983\" style=\"width: 1024px\" class=\"wp-caption alignnone\"><img fetchpriority=\"high\" decoding=\"async\" class=\"wp-image-33983 size-full\" src=\"https:\/\/staging.spassio.com\/wp-content\/uploads\/2023\/02\/build-house-prefab-construction.jpg\" alt=\"C\u00f3mo construir tu propia casa con construcci\u00f3n prefabricada\" width=\"1024\" height=\"768\" srcset=\"https:\/\/staging.spassio.com\/wp-content\/uploads\/2023\/02\/build-house-prefab-construction.jpg 1024w, https:\/\/staging.spassio.com\/wp-content\/uploads\/2023\/02\/build-house-prefab-construction-300x225.jpg 300w, https:\/\/staging.spassio.com\/wp-content\/uploads\/2023\/02\/build-house-prefab-construction-768x576.jpg 768w, https:\/\/staging.spassio.com\/wp-content\/uploads\/2023\/02\/build-house-prefab-construction-592x444.jpg 592w, https:\/\/staging.spassio.com\/wp-content\/uploads\/2023\/02\/build-house-prefab-construction-584x438.jpg 584w, https:\/\/staging.spassio.com\/wp-content\/uploads\/2023\/02\/build-house-prefab-construction-800x600.jpg 800w, https:\/\/staging.spassio.com\/wp-content\/uploads\/2023\/02\/build-house-prefab-construction-120x90.jpg 120w, https:\/\/staging.spassio.com\/wp-content\/uploads\/2023\/02\/build-house-prefab-construction-496x372.jpg 496w\" sizes=\"(max-width: 1024px) 100vw, 1024px\" \/><figcaption id=\"caption-attachment-33983\" class=\"wp-caption-text\"><a href=\"https:\/\/staging.spassio.com\/manufacturer\/nordcabin\/\">NordCabin<\/a><\/figcaption><\/figure>\n<p>Este <strong>proceso de dise\u00f1o<\/strong> tiene un aspecto ligeramente distinto dependiendo de si tu punto de partida es un modelo predise\u00f1ado o un prefabricado a medida. Si has optado por un plano ya dise\u00f1ado, en esta fase revisar\u00e1s las distintas opciones personalizables que te ofrece el fabricante para decidir cu\u00e1les son las mejores para ti.<\/p>\n<p>Con la informaci\u00f3n obtenida en el estudio del terreno, el Fabricante te orientar\u00e1 sobre la ubicaci\u00f3n y orientaci\u00f3n m\u00e1s adecuadas de la casa, as\u00ed como sobre qu\u00e9 cimientos son los m\u00e1s aconsejables para tu proyecto.<\/p>\n<p>Si has elegido dise\u00f1ar tu casa desde cero, en esta fase trabajas con el equipo de arquitectura del fabricante que has elegido para definir los planos de construcci\u00f3n. Decidir\u00e1n cuidadosamente cada detalle de tu casa, desde su forma y tama\u00f1o hasta los materiales de construcci\u00f3n utilizados.<\/p>\n<p>Aprovecha la libertad que tienes para crear una casa que te facilite la vida. Recrea tus escenas dom\u00e9sticas m\u00e1s habituales para identificar el mejor tama\u00f1o de cada zona o la cantidad de intimidad necesaria.<\/p>\n<h2>3. Encarga tu casa y prep\u00e1rate para empezar a construir<\/h2>\n<p>Una vez decididos todos los detalles del dise\u00f1o, el fabricante prepara un contrato que incluye todos los detalles de construcci\u00f3n y los plazos de entrega y las pol\u00edticas de garant\u00eda. Con la firma de este documento, se te pide que pagues un dep\u00f3sito que oscila entre el 10% y el 50% para que el fabricante pueda iniciar los trabajos de construcci\u00f3n fuera de la obra.<\/p>\n<p>Si necesitas financiaci\u00f3n, ten en cuenta que lo m\u00e1s probable es que tus empresas de prefabricados puedan ayudarte facilit\u00e1ndote informaci\u00f3n sobre los bancos m\u00e1s adecuados o incluso ofreci\u00e9ndote ellos mismos financiaci\u00f3n, como hacen <a href=\"https:\/\/staging.spassio.com\/manufacturer\/nomad-container\/\">Nomad Container<\/a> o <a href=\"https:\/\/staging.spassio.com\/manufacturer\/vmodul\/\">VMODUL<\/a>.<\/p>\n<p>Para empezar las obras in situ, lo m\u00e1s probable es que necesites obtener una Licencia de obras, ya que la mayor\u00eda de los pa\u00edses de Europa, as\u00ed como el Reino Unido, exigen este tr\u00e1mite. Algunos <a href=\"https:\/\/staging.spassio.com\/manufacturers\/\">fabricantes de prefabricados<\/a> ofrecen estos servicios, pero en la mayor\u00eda de los casos es el cliente quien tiene que pasar por este proceso.<\/p>\n<p>Los requisitos variar\u00e1n seg\u00fan el lugar, pero en algunos pa\u00edses, como Espa\u00f1a, necesitar\u00e1s la firma de un arquitecto local titulado <a href=\"#_ftn1\" name=\"_ftnref1\">[1]<\/a>. Si vas a construir una casa en Espa\u00f1a con un fabricante internacional, puede que tengas que contratar a un arquitecto para que valide el dise\u00f1o de la casa y obtenga los permisos.<\/p>\n<h2>4. Prepara el terreno y construye los cimientos<\/h2>\n<p>Una de las mayores ventajas de construir tu casa con m\u00e9todos de construcci\u00f3n prefabricada es que la mayor parte del proceso de construcci\u00f3n tiene lugar fuera de las instalaciones, en un entorno similar al de una f\u00e1brica. Como resultado, la <strong>preparaci\u00f3n del terreno puede realizarse simult\u00e1neamente con la fabricaci\u00f3n de la casa<\/strong>, lo que ahorra una enorme cantidad de tiempo.<\/p>\n<p>Para recibir la casa prefabricada, hay que preparar el terreno seg\u00fan el tipo de prefabricada y su dise\u00f1o espec\u00edfico.<\/p>\n<p>La preparaci\u00f3n del terreno requiere nivelar la zona y, en la mayor\u00eda de los casos, tambi\u00e9n construir los cimientos. Algunos fabricantes est\u00e1n equipados para prestar estos servicios, pero en la mayor\u00eda de los casos es necesario contratar a profesionales adicionales, como un contratista y un coordinador de proyectos.<\/p>\n<p>En este caso, elige a un profesional local que pueda supervisar de cerca el proceso y arreglar cualquier posible problema de construcci\u00f3n lo antes posible para reducir costes adicionales y complicaciones.<\/p>\n<h2>5. Entrega y montaje de la casa prefabricada<\/h2>\n<p>Una vez terminada la fabricaci\u00f3n de la casa, la <strong>prefabricada se entrega y se monta<\/strong> en el terreno previamente preparado. El tama\u00f1o y la forma del producto fabricado var\u00edan de un tipo de prefabricado a otro.<\/p>\n<p>Por ejemplo, un fabricante de cabinas construir\u00e1 toda la casa en una sola pieza lista para usar, mientras que un fabricante de paneles construir\u00e1 sistemas bidimensionales que habr\u00e1 que montar y ensamblar in situ.<\/p>\n<p>En la mayor\u00eda de los casos, el mismo fabricante se encarga de entregar las unidades prefabricadas, normalmente en cami\u00f3n, y las instala o monta con gr\u00faa en la propiedad. Para conseguir una casa en pleno funcionamiento, hay que completar algunas obras de acabado adicionales, como la conexi\u00f3n a los principales servicios p\u00fablicos.<\/p>\n<p>Dependiendo de tu contrato con el fabricante, el mismo equipo de construcci\u00f3n que instala la casa podr\u00eda encargarse de estos trabajos, aunque a menudo los realiza el contratista local.<\/p>\n<h2>Cerrar el proceso de construcci\u00f3n para mudarte a tu nueva casa<\/h2>\n<p>Ahora que tu casa est\u00e1 montada y funcionando, es hora de prepararla para el d\u00eda de la mudanza. Puedes empezar a decorar los interiores a tu gusto, as\u00ed como el paisajismo y la jardiner\u00eda para dejar la casa tal y como la hab\u00edas imaginado.<\/p>\n<p>Aun as\u00ed, algunos pa\u00edses de Europa, as\u00ed como el Reino Unido, pueden exigir un \u00faltimo paso, como una c\u00e9dula de habitabilidad. Para recibir esta aprobaci\u00f3n, la <strong>casa reci\u00e9n construida<\/strong> es inspeccionada por un agente autorizado que tiene que verificar la seguridad del edificio. Aparte de la inspecci\u00f3n legal, es importante que inspecciones tambi\u00e9n la casa para comprobar que funciona bien y que han construido todos los detalles seg\u00fan lo acordado en el contrato.<\/p>\n<p>Referencias:<\/p>\n<p><a style=\"color: #3eb6a8;\" href=\"#_ftnref1\" name=\"_ftn1\">[1]<\/a>Todo lo que debes saber antes de comprar una casa prefabricada en Espa\u00f1a Pacheco &amp; Asociados <a href=\"https:\/\/www.spanisharchitect.info\/2017\/08\/24\/everything-you-need-to-know-before-buying-a-prefabricated-house-in-spain\/\">https:\/\/www.spanisharchitect.info\/2017\/08\/24\/everything-you-need-to-know-before-buying-a-prefabricated-house-in-spain\/<\/a><\/p>\n","protected":false},"excerpt":{"rendered":"<p>Construir tu propia casa requiere una planificaci\u00f3n minuciosa y un buen conocimiento de las distintas fases de la construcci\u00f3n. Al elegir construir tu casa con t\u00e9cnicas prefabricadas, simplificas enormemente la log\u00edstica, ya que la mayor parte de la construcci\u00f3n se realiza mediante m\u00e9todos altamente industrializados. El proceso general de construcci\u00f3n de una casa puede ser [&hellip;]<\/p>\n","protected":false},"author":194,"featured_media":33983,"parent":0,"menu_order":0,"comment_status":"closed","ping_status":"closed","template":"","meta":{"content-type":"","_FSMCFIC_featured_image_caption":"","_FSMCFIC_featured_image_nocaption":"","_FSMCFIC_featured_image_hide":"","footnotes":""},"class_list":["post-60921","page","type-page","status-publish","has-post-thumbnail","hentry"],"_wp_attached_file":null,"_wp_attachment_metadata":null,"_wp_attachment_backup_sizes":null,"siteground_optimizer_webp_conversion_attempts":null,"siteground_optimizer_is_converted_to_webp":null,"siteground_optimizer_optimization_attempts":null,"siteground_optimizer_optimization_failed":null,"wpml_media_processed":null,"_wp_attachment_image_alt":null,"siteground_optimizer_is_optimized":null,"siteground_optimizer_webp_conversion_failed":null,"_elementor_source_image_hash":null,"siteground_optimizer_compression_level":null,"_elementor_inline_svg":null,"_imagify_optimization_level":null,"_imagify_status":null,"_imagify_data":null,"siteground_optimizer_original_filesize":null,"wpse_external_file_url":null,"fave_currency":null,"fave_currency_info":null,"fave_property_id":null,"fave_property_map":null,"fave_property_location":null,"houzez_geolocation_lat":null,"houzez_geolocation_long":null,"fave_property_map_street_view":null,"fave_featured":null,"fave_loggedintoview":null,"fave_agent_display_option":null,"fave_prop_homeslider":null,"fave_single_top_area":null,"fave_single_content_area":null,"_yoast_wpseo_primary_property_type":null,"_yoast_wpseo_primary_property_feature":null,"_yoast_wpseo_primary_property_label":null,"_yoast_wpseo_primary_property_country":null,"houzez_manual_expire":null,"_houzez_expiration_date_status":null,"houzez_total_property_views":null,"houzez_views_by_date":null,"houzez_recently_viewed":null,"fave_property_price":null,"fave_property_price_prefix":null,"fave_property_size":null,"fave_property_bathrooms":null,"fave_property_garage":null,"fave_levels":null,"fave_roof-type":null,"fave_construction-type":null,"fave_video_url":null,"fave_video_image":null,"fave_payment_status":null,"fave_property_agency":null,"fave_countries":null,"fave_sleeps":null,"_yoast_wpseo_primary_property_status":null,"fave_property_images":null,"fave_attachments":null,"technical_description":null,"houzez_featured_listing_date":null,"fave_property_size_prefix":null,"fave_property_bedrooms":null,"fave_property_price_postfix":null,"fave_production-time-in-weeks":null,"fave_building-time-in-days":null,"fave_window-glazing":null,"_yoast_wpseo_primary_feature-2":null,"_yoast_wpseo_primary_feature-3":null,"fave_warranty-in-years":null,"fave_property_land":null,"fave_property_land_postfix":null,"wpsebeba57d406-00de-d339-8c02-3956a916f506":null,"_oembed_eefb35903900c5c166d55ccf7fc62a8a":null,"_oembed_30948e80c1a853da0b519e72c40d2e13":null,"_oembed_0b78a31d7c7e6041adc064d46c40f98b":null,"_oembed_42c2c13b5902a21593b1d521556aea88":null,"_oembed_4fb58e495f37e206f97738a42dbe566f":null,"_oembed_b2828bee61bd9076cd21ece641de7abc":null,"_oembed_0c92428c960763e658977ce4918863f4":null,"_oembed_02b72dc3d26bdba6ff900a268ade2517":null,"_oembed_8c819834f7fc0b74364aa34a8193f46f":null,"_oembed_088962b77808b37d57abe5c8143f9652":null,"_oembed_dfae0e674c59ba061a82b330fc7fdea0":null,"_oembed_74e5075f66c4cd04b0e118feb24f6636":null,"fave_mortgage_cal":null,"_air_wp_sync_record_id":null,"_air_wp_sync_hash":null,"_air_wp_sync_importer_id":null,"_air_wp_sync_updated_at":null,"external_listing_link":null,"fave_property_map_address":null,"fave_multi_units_ids":null,"$wpml_language$":null,"fave_virtual_tour":null,"fave_gross-external-area":null,"_houzez_expiration_date":null,"_houzez_expiration_date_options":null,"floor_plans":null,"_oembed_a17db82fa378d53b4dc6ed46e5344499":null,"_oembed_da390569a339f4d7147d95cfb8c04c12":null,"_oembed_6a3eda5947bcc098660397ca8e21a941":null,"fave_roof-angle":null,"fave_seo-content":null,"_oembed_a7b8941eeee966e7350aede20b4d62be":null,"_oembed_time_a7b8941eeee966e7350aede20b4d62be":null,"additional_features":null,"fave_multi_units":null,"_oembed_716f56b62500685a7dd15ea2ec7579bd":null,"_oembed_time_716f56b62500685a7dd15ea2ec7579bd":null,"_oembed_8ececd3dd2598a4aedb5dfc82df2a0f6":null,"_oembed_time_8ececd3dd2598a4aedb5dfc82df2a0f6":null,"_oembed_4cef7884ea6ef16d48cd8675b12e440d":null,"fave_property_garage_size":null,"_oembed_5c1eaf7b40f4e3a3089b38beb88ba480":null,"fave_property_zip":null,"_oembed_ccdd6e0304386ece64b3b91f572b0be4":null,"_oembed_ae30d19e3e861b389146a1ccc2828104":null,"fave_property_rooms":null,"fave_property_year":null,"two_page_speed":null,"fave_year_established":null,"Status":null,"_oembed_5b2d8d2cf33b469c98e488ea5b118c30":null,"WPML Language Code":null,"_links":{"self":[{"href":"https:\/\/staging.spassio.com\/es\/wp-json\/wp\/v2\/pages\/60921","targetHints":{"allow":["GET"]}}],"collection":[{"href":"https:\/\/staging.spassio.com\/es\/wp-json\/wp\/v2\/pages"}],"about":[{"href":"https:\/\/staging.spassio.com\/es\/wp-json\/wp\/v2\/types\/page"}],"author":[{"embeddable":true,"href":"https:\/\/staging.spassio.com\/es\/wp-json\/wp\/v2\/users\/194"}],"replies":[{"embeddable":true,"href":"https:\/\/staging.spassio.com\/es\/wp-json\/wp\/v2\/comments?post=60921"}],"version-history":[{"count":0,"href":"https:\/\/staging.spassio.com\/es\/wp-json\/wp\/v2\/pages\/60921\/revisions"}],"wp:featuredmedia":[{"embeddable":true,"href":"https:\/\/staging.spassio.com\/es\/wp-json\/wp\/v2\/media\/33983"}],"wp:attachment":[{"href":"https:\/\/staging.spassio.com\/es\/wp-json\/wp\/v2\/media?parent=60921"}],"curies":[{"name":"wp","href":"https:\/\/api.w.org\/{rel}","templated":true}]}}