{"id":60923,"date":"2022-11-20T23:59:57","date_gmt":"2022-11-20T22:59:57","guid":{"rendered":"https:\/\/staging.spassio.com\/?page_id=60923"},"modified":"2023-09-02T18:47:53","modified_gmt":"2023-09-02T17:47:53","slug":"eficiencia-energetica-y-ahorro-casa-prefabricada","status":"publish","type":"page","link":"https:\/\/staging.spassio.com\/es\/eficiencia-energetica-y-ahorro-casa-prefabricada\/","title":{"rendered":"C\u00f3mo hacer una casa prefabricada m\u00e1s eficiente energ\u00e9ticamente y ahorrar dinero"},"content":{"rendered":"<p>La forma m\u00e1s eficaz de hacer que una prefabricada sea m\u00e1s eficiente energ\u00e9ticamente y ahorre dinero en las facturas de los servicios p\u00fablicos es integrar todas las caracter\u00edsticas de eficiencia energ\u00e9tica en su dise\u00f1o. El elemento de dise\u00f1o m\u00e1s cr\u00edtico de una prefabricaci\u00f3n energ\u00e9ticamente eficiente es su envolvente exterior, ya que, al ser la separaci\u00f3n entre los espacios interior y exterior, debe estar adecuadamente aislada y reducir al m\u00e1ximo las p\u00e9rdidas de calor. Aun as\u00ed, dos acciones adicionales mejorar\u00e1n mucho la eficiencia energ\u00e9tica de la casa: orientar la casa teniendo en cuenta las condiciones clim\u00e1ticas naturales de la zona y utilizar s\u00f3lo equipos energ\u00e9ticamente eficientes.<\/p>\n<h2>\u00bfQu\u00e9 es la eficiencia energ\u00e9tica?<\/h2>\n<p>La eficiencia energ\u00e9tica es la cualidad de una casa de consumir menos energ\u00eda proporcionando al mismo tiempo un entorno vital confortable. Las casas energ\u00e9ticamente eficientes ofrecen un ambiente c\u00e1lido durante los meses de invierno, se mantienen frescas durante las estaciones m\u00e1s calurosas y, aun as\u00ed, sus facturas de servicios p\u00fablicos se reducen mucho.<\/p>\n<h2>Colocaci\u00f3n y orientaci\u00f3n de una casa prefabricada energ\u00e9ticamente eficiente<\/h2>\n<p>Para conseguir una prefabricaci\u00f3n energ\u00e9ticamente eficiente, es esencial conocer las condiciones clim\u00e1ticas que afectan a la parcela donde se ubicar\u00e1 la casa. Debemos tener en cuenta la temperatura, la trayectoria solar y los patrones de viento a lo largo del a\u00f1o. Esta informaci\u00f3n nos indica hacia d\u00f3nde debe orientarse la casa y nos ofrece una primera aproximaci\u00f3n a c\u00f3mo debe dise\u00f1arse.<\/p>\n<figure id=\"attachment_31561\" aria-describedby=\"caption-attachment-31561\" style=\"width: 1000px\" class=\"wp-caption alignnone\"><a href=\"https:\/\/staging.spassio.com\/models\/ilum-house-lund\/\"><img fetchpriority=\"high\" decoding=\"async\" class=\"wp-image-31561 size-full\" src=\"https:\/\/staging.spassio.com\/wp-content\/uploads\/2022\/11\/prefab-house-energy-efficient-save-money.webp\" alt=\"C\u00f3mo hacer una casa prefabricada m\u00e1s eficiente energ\u00e9ticamente y ahorrar dinero\" width=\"1000\" height=\"750\" srcset=\"https:\/\/staging.spassio.com\/wp-content\/uploads\/2022\/11\/prefab-house-energy-efficient-save-money.webp 1000w, https:\/\/staging.spassio.com\/wp-content\/uploads\/2022\/11\/prefab-house-energy-efficient-save-money-300x225.webp 300w, https:\/\/staging.spassio.com\/wp-content\/uploads\/2022\/11\/prefab-house-energy-efficient-save-money-768x576.webp 768w, https:\/\/staging.spassio.com\/wp-content\/uploads\/2022\/11\/prefab-house-energy-efficient-save-money-592x444.webp 592w, https:\/\/staging.spassio.com\/wp-content\/uploads\/2022\/11\/prefab-house-energy-efficient-save-money-584x438.webp 584w, https:\/\/staging.spassio.com\/wp-content\/uploads\/2022\/11\/prefab-house-energy-efficient-save-money-800x600.webp 800w, https:\/\/staging.spassio.com\/wp-content\/uploads\/2022\/11\/prefab-house-energy-efficient-save-money-120x90.webp 120w, https:\/\/staging.spassio.com\/wp-content\/uploads\/2022\/11\/prefab-house-energy-efficient-save-money-496x372.webp 496w\" sizes=\"(max-width: 1000px) 100vw, 1000px\" \/><\/a><figcaption id=\"caption-attachment-31561\" class=\"wp-caption-text\"><em>Al colocar las grandes aberturas de las ventanas de la <a href=\"https:\/\/staging.spassio.com\/models\/ilum-house-lund\/\">casa Lund Ilum<\/a> hacia el sur, nos aseguramos de que una buena cantidad de rayos solares calienten sus espacios interiores.<\/em><\/figcaption><\/figure>\n<p>Por ejemplo, si construimos una <a href=\"\/\">casa prefabricada<\/a> en un clima m\u00e1s fr\u00edo, como el del Reino Unido o el norte de Europa, queremos que entre el m\u00e1ximo sol posible para calentar el espacio interior de forma natural con los rayos solares. Eligiendo un <a href=\"https:\/\/staging.spassio.com\/models\/\">Modelo prefabricado<\/a> con grandes ventanales en una fachada y orientando esa fachada hacia el sur, creamos un efecto invernadero que calentar\u00e1 agradablemente el espacio interior. En este caso, tambi\u00e9n es esencial evitar colocar demasiadas ventanas en las zonas donde el viento es fuerte o no llega el sol, ya que contribuir\u00e1n a la p\u00e9rdida de calor.<\/p>\n<figure id=\"attachment_31561\" aria-describedby=\"caption-attachment-31561\" style=\"width: 1000px\" class=\"wp-caption alignnone\"><a href=\"https:\/\/staging.spassio.com\/models\/ilum-house-lund\/\"><img fetchpriority=\"high\" decoding=\"async\" class=\"wp-image-31561 size-full\" src=\"https:\/\/staging.spassio.com\/wp-content\/uploads\/2022\/11\/prefab-house-energy-efficient-save-money.webp\" alt=\"C\u00f3mo hacer una casa prefabricada m\u00e1s eficiente energ\u00e9ticamente y ahorrar dinero\" width=\"1000\" height=\"750\" srcset=\"https:\/\/staging.spassio.com\/wp-content\/uploads\/2022\/11\/prefab-house-energy-efficient-save-money.webp 1000w, https:\/\/staging.spassio.com\/wp-content\/uploads\/2022\/11\/prefab-house-energy-efficient-save-money-300x225.webp 300w, https:\/\/staging.spassio.com\/wp-content\/uploads\/2022\/11\/prefab-house-energy-efficient-save-money-768x576.webp 768w, https:\/\/staging.spassio.com\/wp-content\/uploads\/2022\/11\/prefab-house-energy-efficient-save-money-592x444.webp 592w, https:\/\/staging.spassio.com\/wp-content\/uploads\/2022\/11\/prefab-house-energy-efficient-save-money-584x438.webp 584w, https:\/\/staging.spassio.com\/wp-content\/uploads\/2022\/11\/prefab-house-energy-efficient-save-money-800x600.webp 800w, https:\/\/staging.spassio.com\/wp-content\/uploads\/2022\/11\/prefab-house-energy-efficient-save-money-120x90.webp 120w, https:\/\/staging.spassio.com\/wp-content\/uploads\/2022\/11\/prefab-house-energy-efficient-save-money-496x372.webp 496w\" sizes=\"(max-width: 1000px) 100vw, 1000px\" \/><\/a><figcaption id=\"caption-attachment-31561\" class=\"wp-caption-text\"><em>Al colocar las grandes aberturas de las ventanas de la <a href=\"https:\/\/staging.spassio.com\/models\/ilum-house-lund\/\">casa Lund Ilum<\/a> hacia el sur, nos aseguramos de que una buena cantidad de rayos solares calienten sus espacios interiores.<\/em><\/figcaption><\/figure>\n<p>Lo contrario ocurre con las casas situadas en zonas m\u00e1s c\u00e1lidas, como los pa\u00edses mediterr\u00e1neos. En estos casos, aprovechamos la comprensi\u00f3n de la trayectoria solar para evitar que los rayos del sol de verano incidan directamente en las ventanas de la casa, mientras los acogemos durante los meses de invierno. Dado que el sol est\u00e1 m\u00e1s alto durante los meses de verano, esto puede conseguirse orientando la fachada de la ventana hacia el sur y colocando delante una estructura de p\u00e9rgola que la proteja de los rayos estivales.<\/p>\n<figure id=\"attachment_31560\" aria-describedby=\"caption-attachment-31560\" style=\"width: 1000px\" class=\"wp-caption alignnone\"><a href=\"https:\/\/staging.spassio.com\/models\/eestihouse-02-m\/\"><img decoding=\"async\" class=\"wp-image-31560 size-full\" src=\"https:\/\/staging.spassio.com\/wp-content\/uploads\/2022\/11\/eestihouse-o2-m-energy-efficiency.webp\" alt=\"\" width=\"1000\" height=\"563\" srcset=\"https:\/\/staging.spassio.com\/wp-content\/uploads\/2022\/11\/eestihouse-o2-m-energy-efficiency.webp 1000w, https:\/\/staging.spassio.com\/wp-content\/uploads\/2022\/11\/eestihouse-o2-m-energy-efficiency-300x169.webp 300w, https:\/\/staging.spassio.com\/wp-content\/uploads\/2022\/11\/eestihouse-o2-m-energy-efficiency-768x432.webp 768w, https:\/\/staging.spassio.com\/wp-content\/uploads\/2022\/11\/eestihouse-o2-m-energy-efficiency-496x279.webp 496w\" sizes=\"(max-width: 1000px) 100vw, 1000px\" \/><\/a><figcaption id=\"caption-attachment-31560\" class=\"wp-caption-text\"><em>La <a href=\"https:\/\/staging.spassio.com\/models\/eestihouse-02-m\/\">EestiHouse 02-M<\/a> incorpora una terraza cubierta delante de la fachada de la ventana principal, que bloquea los rayos del sol de verano<\/em>.<\/figcaption><\/figure>\n<p>Una comprensi\u00f3n bioclim\u00e1tica de la casa puede ayudarnos a elegir un dise\u00f1o energ\u00e9ticamente eficiente y guiarnos para orientarla. Aunque la forma en que construimos la casa es esencial, tambi\u00e9n hay que tener en cuenta otros elementos, como \u00e1rboles, monta\u00f1as u otros edificios, ya que crean sombras y protegen del viento.<\/p>\n<h2>Dise\u00f1a una envolvente t\u00e9rmica energ\u00e9ticamente eficiente<\/h2>\n<p>La envolvente de la casa est\u00e1 definida por su revestimiento exterior: las paredes, las ventanas, el tejado y el suelo. Dado que la envolvente de la casa es la barrera que separa el espacio interior confortable del entorno exterior, es un elemento clave a tener en cuenta al dise\u00f1ar una casa <a href=\"https:\/\/staging.spassio.com\/glossary\/energy-performance-or-energy-efficiency-of-a-building\/\">energ\u00e9ticamente eficiente<\/a>.<\/p>\n<p>Un prefabricado energ\u00e9ticamente eficiente debe estar muy aislado, cubriendo todos los elementos que conforman la envolvente, incluidos el tejado y el suelo. Es esencial tener en cuenta elementos como los materiales aislantes, los tipos de ventanas y la estanqueidad de la casa en toda la envolvente.<\/p>\n<h3>Requisitos de aislamiento<\/h3>\n<p>Un aislamiento adecuado de la casa debe tener en cuenta las paredes y no olvidar nunca el suelo y el tejado en climas c\u00e1lidos y fr\u00edos. Hay una gran variedad de materiales aislantes entre los que elegir, pero a continuaci\u00f3n te ofrecemos una lista de los materiales aislantes m\u00e1s comunes utilizados en las casas prefabricadas:<\/p>\n<table style=\"width: 646px;\" border=\"1.5\" cellspacing=\"1\" cellpadding=\"1\">\n<tbody>\n<tr>\n<td style=\"width: 133px; text-align: left;\"><strong>Material aislante<\/strong><\/td>\n<td style=\"width: 267px; text-align: left;\"><strong>Breve descripci\u00f3n<\/strong><\/td>\n<td style=\"width: 222px; text-align: left;\"><strong>Valor U a 100 mm (W\/m2K) <a href=\"#_ftn1\" name=\"_ftnref1\">[1]<\/a><a href=\"#_ftn2\" name=\"_ftnref2\">[2]<\/a><\/strong><\/td>\n<\/tr>\n<tr>\n<td style=\"width: 133px;\">Paneles estructurales aislados (SIP)<\/td>\n<td style=\"width: 267px;\">Este material es f\u00e1cil de instalar, ya que viene con el material estructural y el aislante juntos. Por lo general, en los SIP se utilizan tres materiales aislantes diferentes: poliestireno expandido (EPS), poliestireno extruido (XPS) o espuma de poliuretano (PUR).<\/td>\n<td style=\"text-align: center; width: 222px;\">EPS = 3,52XPS = 3PUR = 4,50<\/td>\n<\/tr>\n<tr>\n<td style=\"width: 133px;\">Lana de oveja<\/td>\n<td style=\"width: 267px;\">Este material es natural, sostenible y muy eficaz. Se puede aplicar tanto en paredes como en tejados, y a pesar de ser org\u00e1nico tiene una longevidad de 60 a\u00f1os, es resistente al fuego y mantiene alejados a los insectos.<\/td>\n<td style=\"text-align: center; width: 222px;\">2.63<\/td>\n<\/tr>\n<tr>\n<td style=\"width: 133px;\">Lana de vidrio<\/td>\n<td style=\"width: 267px;\">Aunque este material no es de origen natural, ofrece un impacto medioambiental positivo, ya que est\u00e1 construido con botellas de vidrio recicladas.<\/td>\n<td style=\"text-align: center; width: 222px;\">2.85<\/td>\n<\/tr>\n<tr>\n<td style=\"width: 133px;\">Lana de roca<\/td>\n<td style=\"width: 267px;\">La lana de roca es un material muy eficaz, ya que ofrece un buen aislamiento t\u00e9rmico, reducci\u00f3n del ruido y seguridad contra incendios.<\/td>\n<td style=\"text-align: center; width: 222px;\">2.85<\/td>\n<\/tr>\n<tr>\n<td style=\"width: 133px;\">Lana de roca<\/td>\n<td style=\"width: 267px;\">Aunque este material no suele ser ecol\u00f3gico, tiene algunas ventajas, ya que al aplicarse como espuma es bastante eficaz para reducir las corrientes de aire.<\/td>\n<td style=\"text-align: center; width: 222px;\">1.08 &#8211; 1.26<\/td>\n<\/tr>\n<\/tbody>\n<\/table>\n<p>&nbsp;<\/p>\n<p>El grosor del aislamiento var\u00eda en funci\u00f3n del material y de los requisitos de cada lugar. Aunque la cantidad de aislamiento necesaria en cada parte de la envolvente de la casa debe calcularla adecuadamente un arquitecto o un ingeniero, puedes hacerte una idea del grosor necesario para cada una con una comprensi\u00f3n aproximada del concepto de transmitancia t\u00e9rmica.<\/p>\n<p>Cada material aislante tiene asociada una transmitancia t\u00e9rmica (valor U) que define la capacidad de ese material para transmitir calor. Observando este valor, sabemos qu\u00e9 grosor debe tener cada material en relaci\u00f3n con los dem\u00e1s. Los materiales con un <a href=\"https:\/\/staging.spassio.com\/glossary\/u-value-w-m2k\/\">valor U<\/a> m\u00e1s bajo necesitar\u00e1n menos material para conseguir los mismos resultados de aislamiento. Aun as\u00ed, el c\u00e1lculo adecuado tendr\u00e1 en cuenta otros aspectos, como los dem\u00e1s materiales que conforman la pared.<\/p>\n<h3>Ventanas energ\u00e9ticamente eficientes<\/h3>\n<p>Las ventanas son un elemento esencial a tener en cuenta a la hora de elegir una prefabricada energ\u00e9ticamente eficiente, ya que las casas normales pierden un 10% de su temperatura interior a trav\u00e9s de estos elementos <a href=\"#_ftn3\" name=\"_ftnref3\">[3]<\/a>. En Europa y el Reino Unido, para saber si una ventana es energ\u00e9ticamente eficiente, podemos fijarnos en sus etiquetas:<\/p>\n<p>Etiqueta energ\u00e9tica de la UE: Ofrece informaci\u00f3n sobre la eficiencia energ\u00e9tica de un producto. Cada producto se clasifica en una escala de 7, con el producto menos eficiente energ\u00e9ticamente clasificado con una D roja y el m\u00e1s eficiente energ\u00e9ticamente con una A+++ verde oscuro.<\/p>\n<p>Consejo Brit\u00e1nico de Calificaci\u00f3n de la Fenestraci\u00f3n (BFRC): Aplicable s\u00f3lo en el Reino Unido y con un formato similar al de la etiqueta energ\u00e9tica de la UE. En este caso, hay una escala de 8 valores, en la que la ventana menos eficiente energ\u00e9ticamente se clasifica con una G marr\u00f3n y la m\u00e1s eficiente energ\u00e9ticamente con una A+ morada<\/p>\n<h3>La importancia de la estanqueidad y la ventilaci\u00f3n<\/h3>\n<p>Para garantizar una prefabricaci\u00f3n energ\u00e9ticamente eficiente, no basta con elegir las ventanas y los materiales aislantes adecuados; todo debe ser correctamente herm\u00e9tico. El objetivo principal del hermetismo es eliminar las fugas de aire y las corrientes de aire no deseadas a trav\u00e9s de la envolvente de la casa. Como resultado, la temperatura interior de confort puede mantenerse f\u00e1cilmente con menos producci\u00f3n de energ\u00eda.<\/p>\n<p>Para evitar las fugas de aire, es esencial prestar especial atenci\u00f3n a las distintas juntas de la casa, siendo las m\u00e1s importantes las que hay entre ventanas y paredes, paredes y tejados, o paredes y suelos. Aun as\u00ed, los materiales utilizados para construir la envolvente son esenciales para definir un espacio herm\u00e9tico.<\/p>\n<p>La hermeticidad puede ayudar a ahorrar una buena cantidad de dinero en las facturas de energ\u00eda. Sin embargo, el hermetismo significa que no hay intercambio de aire, lo que puede tener consecuencias para la salud. Por tanto, una casa herm\u00e9tica debe disponer siempre de un sistema de ventilaci\u00f3n mec\u00e1nica, idealmente con recuperaci\u00f3n de calor, para reducir al m\u00e1ximo la p\u00e9rdida de calor.<\/p>\n<h2>Elige equipos energ\u00e9ticamente eficientes<\/h2>\n<p>Una vez que hemos elegido la orientaci\u00f3n adecuada para la casa y dise\u00f1ado una envolvente exterior eficaz, es hora de elegir equipos de calefacci\u00f3n y refrigeraci\u00f3n energ\u00e9ticamente eficientes. Aunque las viviendas energ\u00e9ticamente eficientes reducen mucho la necesidad de calefacci\u00f3n y refrigeraci\u00f3n, el uso de equipos energ\u00e9ticamente eficientes ayuda a alcanzar la temperatura interior deseada. Podemos optar por electrodom\u00e9sticos energ\u00e9ticamente eficientes para reducir a\u00fan m\u00e1s el consumo de energ\u00eda y el coste de las facturas.<\/p>\n<p>Al elegir una casa energ\u00e9ticamente eficiente, debemos asegurarnos de que la cantidad de energ\u00eda utilizada por los distintos equipos sea baja, manteniendo las facturas de energ\u00eda al m\u00ednimo. Para identificar los sistemas m\u00e1s eficientes energ\u00e9ticamente, debemos fijarnos en su etiqueta energ\u00e9tica de la UE, que funciona igual que la que hemos descrito en la secci\u00f3n de ventanas: una D roja es el sistema menos eficiente energ\u00e9ticamente y una A+++ verde oscuro representa el sistema m\u00e1s eficiente energ\u00e9ticamente.<\/p>\n<h2>\u00bfSon las casas prefabricadas y modulares m\u00e1s eficientes energ\u00e9ticamente?<\/h2>\n<p>Las casas prefabricadas no son eficientes energ\u00e9ticamente por definici\u00f3n, aunque el proceso de prefabricaci\u00f3n facilita la consecuci\u00f3n de estos par\u00e1metros. A continuaci\u00f3n se indican algunas de las ventajas m\u00e1s notables que ofrece la construcci\u00f3n fuera de obra:<\/p>\n<ul>\n<li>Control de <strong>calidad<\/strong>: La centralizaci\u00f3n de los trabajos de construcci\u00f3n permite realizar m\u00e1s inspecciones de control de calidad durante todo el proceso, lo que garantiza un mejor rendimiento de la envolvente t\u00e9rmica.<\/li>\n<li>Entorno de <strong>construcci\u00f3n industrializado<\/strong>: Al construirse en un entorno similar al de una f\u00e1brica, los prefabricados tienen acceso a herramientas y maquinaria sofisticadas, lo que facilita un trabajo de mayor calidad y reduce la posibilidad de dejar espacios abiertos que provoquen corrientes de aire.<\/li>\n<\/ul>\n<p>Dada la ventaja de construir fuera de la obra, una buena selecci\u00f3n de fabricantes ofrece la oportunidad de construir seg\u00fan las normas de eficiencia energ\u00e9tica. Elegir una casa energ\u00e9ticamente eficiente aumenta el coste de construcci\u00f3n, aunque despu\u00e9s reducir\u00e1 enormemente el coste de la factura de servicios. Seg\u00fan la BBC, una vivienda media del Reino Unido puede ahorrar hasta 555 libras en la factura de la luz si se adapta a las normas de eficiencia energ\u00e9tica <a href=\"#_ftn4\" name=\"_ftnref4\">[4]<\/a>.<\/p>\n<p>Referencias:<br \/>\n<a style=\"color: #3eb6a8;\" href=\"#_ftnref1\" name=\"_ftn1\">[1]<\/a>Materiales aislantes y sus propiedades t\u00e9rmicas Greenspec <a href=\"https:\/\/www.greenspec.co.uk\/building-design\/insulation-materials-thermal-properties\/\">https:\/\/www.greenspec.co.uk\/building-design\/insulation-materials-thermal-properties\/<\/a><br \/>\n<a style=\"color: #3eb6a8;\" href=\"#_ftnref2\" name=\"_ftn2\">[2]<\/a>Sprayfoam ofrece una combinaci\u00f3n \u00fanica de grandes valores U y resistencia a la permeabilidad del aire Aislamiento por fusi\u00f3n <a href=\"http:\/\/www.fusioninsulation.com\/thermal-insulation.html\">http:\/\/www.fusioninsulation.com\/thermal-insulation.html<\/a><br \/>\n<a style=\"color: #3eb6a8;\" href=\"#_ftnref3\" name=\"_ftn3\">[3]<\/a>Ventanas: P\u00e9rdida y ganancia de calor Greenspec <a href=\"https:\/\/www.greenspec.co.uk\/building-design\/windows\/\">https:\/\/www.greenspec.co.uk\/building-design\/windows\/<\/a><br \/>\n[<a style=\"color: #3eb6a8;\" href=\"#_ftnref4\" name=\"_ftn4\">4]<\/a>Stallard, E. (7 de octubre de 2022) Aislamiento del hogar: \u00bfC\u00f3mo puede reducir la factura energ\u00e9tica? BBC News <a href=\"https:\/\/www.bbc.com\/news\/explainers-60289396\">https:\/\/www.bbc.com\/news\/explainers-60289396<\/a><\/p>\n","protected":false},"excerpt":{"rendered":"<p>La forma m\u00e1s eficaz de hacer que una prefabricada sea m\u00e1s eficiente energ\u00e9ticamente y ahorre dinero en las facturas de los servicios p\u00fablicos es integrar todas las caracter\u00edsticas de eficiencia energ\u00e9tica en su dise\u00f1o. El elemento de dise\u00f1o m\u00e1s cr\u00edtico de una prefabricaci\u00f3n energ\u00e9ticamente eficiente es su envolvente exterior, ya que, al ser la separaci\u00f3n [&hellip;]<\/p>\n","protected":false},"author":194,"featured_media":31561,"parent":0,"menu_order":0,"comment_status":"closed","ping_status":"closed","template":"","meta":{"content-type":"","_FSMCFIC_featured_image_caption":"","_FSMCFIC_featured_image_nocaption":"","_FSMCFIC_featured_image_hide":"","footnotes":""},"class_list":["post-60923","page","type-page","status-publish","has-post-thumbnail","hentry"],"_wp_attached_file":null,"_wp_attachment_metadata":null,"_wp_attachment_backup_sizes":null,"siteground_optimizer_webp_conversion_attempts":null,"siteground_optimizer_is_converted_to_webp":null,"siteground_optimizer_optimization_attempts":null,"siteground_optimizer_optimization_failed":null,"wpml_media_processed":null,"_wp_attachment_image_alt":null,"siteground_optimizer_is_optimized":null,"siteground_optimizer_webp_conversion_failed":null,"_elementor_source_image_hash":null,"siteground_optimizer_compression_level":null,"_elementor_inline_svg":null,"_imagify_optimization_level":null,"_imagify_status":null,"_imagify_data":null,"siteground_optimizer_original_filesize":null,"wpse_external_file_url":null,"fave_currency":null,"fave_currency_info":null,"fave_property_id":null,"fave_property_map":null,"fave_property_location":null,"houzez_geolocation_lat":null,"houzez_geolocation_long":null,"fave_property_map_street_view":null,"fave_featured":null,"fave_loggedintoview":null,"fave_agent_display_option":null,"fave_prop_homeslider":null,"fave_single_top_area":null,"fave_single_content_area":null,"_yoast_wpseo_primary_property_type":null,"_yoast_wpseo_primary_property_feature":null,"_yoast_wpseo_primary_property_label":null,"_yoast_wpseo_primary_property_country":null,"houzez_manual_expire":null,"_houzez_expiration_date_status":null,"houzez_total_property_views":null,"houzez_views_by_date":null,"houzez_recently_viewed":null,"fave_property_price":null,"fave_property_price_prefix":null,"fave_property_size":null,"fave_property_bathrooms":null,"fave_property_garage":null,"fave_levels":null,"fave_roof-type":null,"fave_construction-type":null,"fave_video_url":null,"fave_video_image":null,"fave_payment_status":null,"fave_property_agency":null,"fave_countries":null,"fave_sleeps":null,"_yoast_wpseo_primary_property_status":null,"fave_property_images":null,"fave_attachments":null,"technical_description":null,"houzez_featured_listing_date":null,"fave_property_size_prefix":null,"fave_property_bedrooms":null,"fave_property_price_postfix":null,"fave_production-time-in-weeks":null,"fave_building-time-in-days":null,"fave_window-glazing":null,"_yoast_wpseo_primary_feature-2":null,"_yoast_wpseo_primary_feature-3":null,"fave_warranty-in-years":null,"fave_property_land":null,"fave_property_land_postfix":null,"wpsebeba57d406-00de-d339-8c02-3956a916f506":null,"_oembed_eefb35903900c5c166d55ccf7fc62a8a":null,"_oembed_30948e80c1a853da0b519e72c40d2e13":null,"_oembed_0b78a31d7c7e6041adc064d46c40f98b":null,"_oembed_42c2c13b5902a21593b1d521556aea88":null,"_oembed_4fb58e495f37e206f97738a42dbe566f":null,"_oembed_b2828bee61bd9076cd21ece641de7abc":null,"_oembed_0c92428c960763e658977ce4918863f4":null,"_oembed_02b72dc3d26bdba6ff900a268ade2517":null,"_oembed_8c819834f7fc0b74364aa34a8193f46f":null,"_oembed_088962b77808b37d57abe5c8143f9652":null,"_oembed_dfae0e674c59ba061a82b330fc7fdea0":null,"_oembed_74e5075f66c4cd04b0e118feb24f6636":null,"fave_mortgage_cal":null,"_air_wp_sync_record_id":null,"_air_wp_sync_hash":null,"_air_wp_sync_importer_id":null,"_air_wp_sync_updated_at":null,"external_listing_link":null,"fave_property_map_address":null,"fave_multi_units_ids":null,"$wpml_language$":null,"fave_virtual_tour":null,"fave_gross-external-area":null,"_houzez_expiration_date":null,"_houzez_expiration_date_options":null,"floor_plans":null,"_oembed_a17db82fa378d53b4dc6ed46e5344499":null,"_oembed_da390569a339f4d7147d95cfb8c04c12":null,"_oembed_6a3eda5947bcc098660397ca8e21a941":null,"fave_roof-angle":null,"fave_seo-content":null,"_oembed_a7b8941eeee966e7350aede20b4d62be":null,"_oembed_time_a7b8941eeee966e7350aede20b4d62be":null,"additional_features":null,"fave_multi_units":null,"_oembed_716f56b62500685a7dd15ea2ec7579bd":null,"_oembed_time_716f56b62500685a7dd15ea2ec7579bd":null,"_oembed_8ececd3dd2598a4aedb5dfc82df2a0f6":null,"_oembed_time_8ececd3dd2598a4aedb5dfc82df2a0f6":null,"_oembed_4cef7884ea6ef16d48cd8675b12e440d":null,"fave_property_garage_size":null,"_oembed_5c1eaf7b40f4e3a3089b38beb88ba480":null,"fave_property_zip":null,"_oembed_ccdd6e0304386ece64b3b91f572b0be4":null,"_oembed_ae30d19e3e861b389146a1ccc2828104":null,"fave_property_rooms":null,"fave_property_year":null,"two_page_speed":null,"fave_year_established":null,"Status":null,"_oembed_5b2d8d2cf33b469c98e488ea5b118c30":null,"WPML Language Code":null,"_links":{"self":[{"href":"https:\/\/staging.spassio.com\/es\/wp-json\/wp\/v2\/pages\/60923","targetHints":{"allow":["GET"]}}],"collection":[{"href":"https:\/\/staging.spassio.com\/es\/wp-json\/wp\/v2\/pages"}],"about":[{"href":"https:\/\/staging.spassio.com\/es\/wp-json\/wp\/v2\/types\/page"}],"author":[{"embeddable":true,"href":"https:\/\/staging.spassio.com\/es\/wp-json\/wp\/v2\/users\/194"}],"replies":[{"embeddable":true,"href":"https:\/\/staging.spassio.com\/es\/wp-json\/wp\/v2\/comments?post=60923"}],"version-history":[{"count":0,"href":"https:\/\/staging.spassio.com\/es\/wp-json\/wp\/v2\/pages\/60923\/revisions"}],"wp:featuredmedia":[{"embeddable":true,"href":"https:\/\/staging.spassio.com\/es\/wp-json\/wp\/v2\/media\/31561"}],"wp:attachment":[{"href":"https:\/\/staging.spassio.com\/es\/wp-json\/wp\/v2\/media?parent=60923"}],"curies":[{"name":"wp","href":"https:\/\/api.w.org\/{rel}","templated":true}]}}