{"id":60928,"date":"2022-10-13T11:21:43","date_gmt":"2022-10-13T10:21:43","guid":{"rendered":"https:\/\/staging.spassio.com\/?page_id=60928"},"modified":"2024-05-14T10:47:40","modified_gmt":"2024-05-14T09:47:40","slug":"requisitos-transporte-con-exito-casas-modulares","status":"publish","type":"page","link":"https:\/\/staging.spassio.com\/es\/requisitos-transporte-con-exito-casas-modulares\/","title":{"rendered":"Requisitos para un transporte eficiente de casas modulares"},"content":{"rendered":"<p>La producci\u00f3n en f\u00e1brica de casas modulares se coordina para integrar todos los requisitos de transporte: cada m\u00f3dulo se dise\u00f1a para ajustarse a las dimensiones que permitir\u00e1n su transporte, y su estructura se construye lo bastante robusta para soportar la tensi\u00f3n del transporte. La mayor\u00eda de los <a href=\"https:\/\/staging.spassio.com\/manufacturers\/\">fabricantes de casas modulares de Europa y el Reino<\/a> Unido siguen un procedimiento similar para entregar los m\u00f3dulos de la f\u00e1brica a la parcela. Sin embargo, cada proyecto suele evaluarse individualmente para adaptar la construcci\u00f3n de esa casa modular a las condiciones de la ruta.<\/p>\n<figure id=\"attachment_30013\" aria-describedby=\"caption-attachment-30013\" style=\"width: 1024px\" class=\"wp-caption alignnone\"><img fetchpriority=\"high\" decoding=\"async\" class=\"my-img-border wp-image-30013 size-large\" src=\"https:\/\/staging.spassio.com\/wp-content\/uploads\/2022\/10\/modular-home-transportation-1024x699.jpg\" alt=\"transporte de viviendas modulares\" width=\"1024\" height=\"699\" srcset=\"https:\/\/staging.spassio.com\/wp-content\/uploads\/2022\/10\/modular-home-transportation-1024x699.jpg 1024w, https:\/\/staging.spassio.com\/wp-content\/uploads\/2022\/10\/modular-home-transportation-300x205.jpg 300w, https:\/\/staging.spassio.com\/wp-content\/uploads\/2022\/10\/modular-home-transportation-768x524.jpg 768w, https:\/\/staging.spassio.com\/wp-content\/uploads\/2022\/10\/modular-home-transportation-1536x1049.jpg 1536w, https:\/\/staging.spassio.com\/wp-content\/uploads\/2022\/10\/modular-home-transportation-879x600.jpg 879w, https:\/\/staging.spassio.com\/wp-content\/uploads\/2022\/10\/modular-home-transportation-496x339.jpg 496w, https:\/\/staging.spassio.com\/wp-content\/uploads\/2022\/10\/modular-home-transportation.jpg 1999w\" sizes=\"(max-width: 1024px) 100vw, 1024px\" \/><figcaption id=\"caption-attachment-30013\" class=\"wp-caption-text\">Cr\u00e9dito de la imagen: Akso-Haus O\u00dc<\/figcaption><\/figure>\n<h2>\u00bfC\u00f3mo se transportan las casas modulares a la obra?<\/h2>\n<p>La mayor\u00eda de los <a href=\"https:\/\/staging.spassio.com\/manufacturers\/\">fabricantes de casas modulares<\/a> env\u00edan los m\u00f3dulos a la propiedad por carretera y el proceso de construcci\u00f3n modular estandarizado est\u00e1 dise\u00f1ado para adaptarse a los requisitos de la normativa vial. Una de las adaptaciones m\u00e1s esenciales consiste en limitar las dimensiones de los m\u00f3dulos para que se ajusten a estos requisitos. Estos tama\u00f1os var\u00edan ligeramente de un proyecto a otro, aunque, en Europa y el Reino Unido, tienen unos 5,3 metros de anchura, 14,5 metros de longitud y 3,8 metros de altura <a href=\"#_ftn1\" name=\"_ftnref1\">[1]<\/a>.<\/p>\n<p>El transporte por carretera se realiza en cami\u00f3n, utilizando remolques de gran tonelaje de distintas dimensiones para adaptarse tanto a los m\u00f3dulos como a las limitaciones de la carretera. Por ejemplo, la <a href=\"https:\/\/staging.spassio.com\/manufacturer\/akso-haus\/\">empresa de casas modulares Akso Haus<\/a>, utiliza remolques de hasta 25 metros de longitud para transportar sus m\u00f3dulos m\u00e1s pesados, aunque pueden rebajar su capacidad a remolques de transporte pesado de 22 metros de longitud cuando la accesibilidad a la propiedad lo requiere <a href=\"#_ftn2\" name=\"_ftnref2\">[2]<\/a>.<\/p>\n<p>En algunas situaciones de accesibilidad limitada, pueden ser necesarios otros medios de transporte:<\/p>\n<ul>\n<li>Barco de <strong>carga<\/strong>: El transporte de una casa modular en barco es bastante habitual cuando los m\u00f3dulos se entregan en otro continente o en una isla. Utilizar una nave Ro-Ro (Roll-on\/Roll-off) es muy conveniente para largas distancias, ya que limita las maniobras del m\u00f3dulo. Los m\u00f3dulos salen de la f\u00e1brica en un remolque de transporte pesado que despu\u00e9s se llevar\u00e1 al transbordador, y no es hasta que el remolque llega al destino final cuando se descargan los m\u00f3dulos <a href=\"#_ftn3\" name=\"_ftnref1\">[3]<\/a>.<\/li>\n<li><strong>Ferrocarril<\/strong>: Aunque la entrega de los m\u00f3dulos por tren es posible, no es una opci\u00f3n de entrega habitual. Es raro que tanto la empresa fabricante como la parcela est\u00e9n situadas junto al ferrocarril. Por tanto, los m\u00f3dulos deben transportarse a la estaci\u00f3n de ferrocarril y desde ella por carretera. Los m\u00f3dulos tienen que maniobrarse varias veces, con el riesgo de que se da\u00f1en, lo que aumenta los costes y hace que el transporte ferroviario sea menos conveniente <a href=\"#_ftn4\" name=\"_ftnref4\">[4]<\/a>.<\/li>\n<li><strong>Helic\u00f3ptero<\/strong>: Se trata de una pr\u00e1ctica muy poco habitual, ya que es excesivamente cara y compleja, aunque sigue siendo posible y algunos fabricantes optar\u00e1n por ella si es necesario. Los lugares extremadamente inaccesibles, como la cima de una monta\u00f1a, pueden beneficiarse de la comodidad de la construcci\u00f3n fuera de las obras gracias a soluciones como la entrega en helic\u00f3ptero <a href=\"#_ftn4\" name=\"_ftnref4\">[4]<\/a>.<\/li>\n<\/ul>\n<p>Aunque es posible entregar una <a href=\"https:\/\/staging.spassio.com\/categories\/modular-houses\/\">casa<\/a> modular con distintos medios de transporte, no todos los fabricantes ofrecen todas las posibilidades. En la mayor\u00eda de los casos, las empresas modulares s\u00f3lo contemplan la entrega por carretera. Aun as\u00ed, consulta siempre con tu fabricante para conocer las distintas opciones disponibles para llegar a tu propiedad.<\/p>\n<h2>Requisitos y limitaciones del transporte de casas modulares<\/h2>\n<p>Para garantizar el \u00e9xito de la <strong>entrega de m\u00f3dulos a domicilio<\/strong>, es esencial planificar y preparar cuidadosamente la ruta de transporte. El remolque que transporta el m\u00f3dulo tiene unas dimensiones considerables y, aunque el tama\u00f1o de los m\u00f3dulos est\u00e1 limitado para permitir su tr\u00e1nsito por la mayor\u00eda de las carreteras, no todas las rutas est\u00e1n preparadas para ello. El primer elemento que hay que tener en cuenta al planificar la ruta son las dimensiones de las carreteras.<\/p>\n<p>Las carreteras deben ser anchas y sin curvas cerradas o estrechas en todo el trayecto desde la f\u00e1brica hasta la propiedad. La anchura m\u00ednima requerida para este tipo de cami\u00f3n es de 3,5 metros <a href=\"#_ftn1\" name=\"_ftnref1\">[1]<\/a>, aunque este valor aumenta hasta una anchura de al menos 7,2 metros en los giros <a href=\"#_ftn3\" name=\"_ftnref3\">[3]<\/a>. Adem\u00e1s, los caminos por los que circulen los camiones deben estar completamente libres de obst\u00e1culos que recorten la anchura o la altura del camino, ya que podr\u00edan da\u00f1ar los m\u00f3dulos o incluso poner en peligro la entrega.<\/p>\n<p>Algunos obst\u00e1culos, como \u00e1rboles o vallas, pueden eliminarse antes de la <strong>entrega del m\u00f3dulo<\/strong>, aunque todas las posibles limitaciones deben analizarse cuidadosamente con antelaci\u00f3n. Los obst\u00e1culos m\u00e1s dif\u00edciles suelen ser los que reducen la altura de la carretera, ya que normalmente no hay forma de sortearlos. La altura m\u00ednima requerida para la entrega de m\u00f3dulos es de 4,5 metros <a href=\"#_ftn6\" name=\"_ftnref6\">[6]<\/a>, por lo que es imprescindible prestar especial atenci\u00f3n a elementos como t\u00faneles, puentes o l\u00edneas el\u00e9ctricas.<\/p>\n<h2>Condiciones in situ para la entrega de viviendas modulares<\/h2>\n<p>Una vez que los m\u00f3dulos llegan a la propiedad, se montan sobre los cimientos con una gr\u00faa para terminar la construcci\u00f3n de la casa modular. Dado el tama\u00f1o y el peso de los m\u00f3dulos, la gr\u00faa debe estabilizarse adecuadamente en una zona con suficiente espacio de maniobra. La superficie necesaria para la gr\u00faa es de aproximadamente ocho por ocho metros <a href=\"#_ftn6\" name=\"_ftnref6\">[6]<\/a>.<\/p>\n<p>El montaje de los m\u00f3dulos suele simplificarse bastante, dado que los m\u00f3dulos prefabricados se entregan con todas las juntas y conexiones ya preparadas <a href=\"#_ftn7\" name=\"_ftnref7\">[7]<\/a>. Generalmente, tanto el transporte de los m\u00f3dulos como la maniobra de la gr\u00faa son realizados por empresas especializadas. Sin embargo, en la mayor\u00eda de los casos, \u00e9stos son subcontratados y supervisados por el <a href=\"https:\/\/staging.spassio.com\/manufacturers\/\">fabricante de casas modulares<\/a>, que est\u00e1 presente durante los trabajos de montaje y acabado.<\/p>\n<figure id=\"attachment_30014\" aria-describedby=\"caption-attachment-30014\" style=\"width: 1024px\" class=\"wp-caption alignnone\"><img decoding=\"async\" class=\"my-img-border wp-image-30014 size-large\" src=\"https:\/\/staging.spassio.com\/wp-content\/uploads\/2022\/10\/onsite-crane-modularhome-delivery-1024x512.jpg\" alt=\"Gr\u00faa in situ Entrega de viviendas modulares\" width=\"1024\" height=\"512\" srcset=\"https:\/\/staging.spassio.com\/wp-content\/uploads\/2022\/10\/onsite-crane-modularhome-delivery-1024x512.jpg 1024w, https:\/\/staging.spassio.com\/wp-content\/uploads\/2022\/10\/onsite-crane-modularhome-delivery-300x150.jpg 300w, https:\/\/staging.spassio.com\/wp-content\/uploads\/2022\/10\/onsite-crane-modularhome-delivery-768x384.jpg 768w, https:\/\/staging.spassio.com\/wp-content\/uploads\/2022\/10\/onsite-crane-modularhome-delivery-496x248.jpg 496w, https:\/\/staging.spassio.com\/wp-content\/uploads\/2022\/10\/onsite-crane-modularhome-delivery.jpg 1051w\" sizes=\"(max-width: 1024px) 100vw, 1024px\" \/><figcaption id=\"caption-attachment-30014\" class=\"wp-caption-text\">Cr\u00e9dito de la imagen: Cube https:\/\/casasprefabricadascube.com\/<\/figcaption><\/figure>\n<h2>\u00bfCu\u00e1nto cuesta enviar una casa modular?<\/h2>\n<p>El coste de env\u00edo de cada uno de los m\u00f3dulos desde la f\u00e1brica hasta la vivienda por carretera es de unos 8,11\u20ac\/km en Europa y el Reino Unido <a href=\"#_ftn6\" name=\"_ftnref6\">[6]<\/a>. Este precio, sin embargo, puede fluctuar f\u00e1cilmente de un proyecto a otro en funci\u00f3n de la ruta de transporte, las dificultades encontradas en las carreteras o el tipo de veh\u00edculos utilizados en este proceso. El <a href=\"https:\/\/staging.spassio.com\/manufacturer\/sia-frame-house-group\/\">Fabricante Frame House<\/a>, por ejemplo, explica que los gastos de env\u00edo de una casa pueden variar seg\u00fan el destino y las rutas seguidas <a href=\"#_ftn1\" name=\"_ftnref1\">[1]<\/a>.<\/p>\n<p>Por lo general, el fabricante elabora la cuota de entrega e incluye desde la carga de los m\u00f3dulos en el remolque hasta la maniobra de la gr\u00faa y el montaje. Sin embargo, los servicios adicionales, como la evaluaci\u00f3n del transporte realizada al principio del proceso de construcci\u00f3n, no suelen incluirse en el presupuesto del env\u00edo, ya que suelen cobrarse por separado al principio. Aun as\u00ed, la mayor\u00eda de los fabricantes optan por reembolsar este coste descont\u00e1ndolo del coste de construcci\u00f3n <a href=\"#_ftn6\" name=\"_ftnref6\">[6]<\/a>.<\/p>\n<p>Referencias:<br \/>\n<a style=\"color: #3eb6a8;\" href=\"#_ftnref1\" name=\"_ftn1\">[1<\/a>]\u00bfQu\u00e9 tama\u00f1o tienen los m\u00f3dulos prefabricados y c\u00f3mo se transportan? ProNor Baltics <a href=\"http:\/\/pronor.ee\/how-big-are-prefab-modules-and-how-are-they-transported\/\">http:\/\/pronor.ee\/how-big-are-prefab-modules-and-how-are-they-transported\/<\/a><br \/>\n<a style=\"color: #3eb6a8;\" href=\"#_ftnref2\" name=\"_ftn2\">[2]<\/a>Akso Haus (2022, 24 de agosto) Encuesta sobre transporte y traslado de Casas modulares https:\/\/www.aksohaus.ee\/en\/modular-house-transportation-and-transportation-survey\/<br \/>\n<a style=\"color: #3eb6a8;\" href=\"#_ftnref3\" name=\"_ftn3\">[3]<\/a>Akerman, I. y Jonsson, R. Sistema modular europeo para el transporte de mercanc\u00edas por carretera &#8211; experiencias y posibilidades Informe 2007:2 E TFK &#8211; TransportForsK AB <a href=\"https:\/\/unece.org\/DAM\/trans\/wp24\/wp24-presentations\/documents\/pres08-11.pdf\">https:\/\/unece.org\/DAM\/trans\/wp24\/wp24-presentations\/documents\/pres08-11.pdf<\/a><br \/>\n[<a style=\"color: #3eb6a8;\" href=\"#_ftnref4\" name=\"_ftn4\">4]<\/a>Agha, A., Shibani, A., Hassan, D., y Zalans, B. (2021) La construcci\u00f3n modular en el sector de la vivienda del Reino Unido: Barriers and Implications Journal of Architectural Engineering Technology, 10(2), [236]. https:\/\/doi.org\/10.4172\/2168-9717.1000236\/<br \/>\n<a style=\"color: #3eb6a8;\" href=\"#_ftnref5\" name=\"_ftn5\">[5]<\/a>Bertram, N., Fuchs, S., Mischke, J., Palter, R., Strube, G. y Woetzel, J. (2019, junio) Construcci\u00f3n modular: De <a href=\"https:\/\/www.mckinsey.com\/~\/media\/mckinsey\/business%20functions\/operations\/our%20insights\/modular%20construction%20from%20projects%20to%20products%20new\/modular-construction-from-projects-to-products-full-report-new.pdf\">proyectos a productos McKinsey &amp; Company <\/a><br \/>\n<a style=\"color: #3eb6a8;\" href=\"#_ftnref6\" name=\"_ftn6\">[6<\/a>]Edificio Blokki &#8211; FAQ Blokki <a href=\"https:\/\/www.blokki.cz\/en\/faq#:~:text=transport%20and%20unload\">https:\/\/www.blokki.cz\/en\/faq#:~:text=transport%20and%20unload<\/a><br \/>\n<a style=\"color: #3eb6a8;\" href=\"#_ftnref7\" name=\"_ftn7\">[7]<\/a>Casa prefabricada de montaje Fabricante <a href=\"https:\/\/prefabhome.eu\/en\/transport-and-montage\/montage\">https:\/\/prefabhome.eu\/en\/transport-and-montage\/montage<\/a><\/p>\n<p>&nbsp;<\/p>\n","protected":false},"excerpt":{"rendered":"<p>La producci\u00f3n en f\u00e1brica de casas modulares se coordina para integrar todos los requisitos de transporte: cada m\u00f3dulo se dise\u00f1a para ajustarse a las dimensiones que permitir\u00e1n su transporte, y su estructura se construye lo bastante robusta para soportar la tensi\u00f3n del transporte. La mayor\u00eda de los fabricantes de casas modulares de Europa y el [&hellip;]<\/p>\n","protected":false},"author":194,"featured_media":30013,"parent":0,"menu_order":0,"comment_status":"closed","ping_status":"closed","template":"","meta":{"content-type":"","_FSMCFIC_featured_image_caption":"","_FSMCFIC_featured_image_nocaption":"","_FSMCFIC_featured_image_hide":"","footnotes":""},"class_list":["post-60928","page","type-page","status-publish","has-post-thumbnail","hentry"],"_wp_attached_file":null,"_wp_attachment_metadata":null,"_wp_attachment_backup_sizes":null,"siteground_optimizer_webp_conversion_attempts":null,"siteground_optimizer_is_converted_to_webp":null,"siteground_optimizer_optimization_attempts":null,"siteground_optimizer_optimization_failed":null,"wpml_media_processed":null,"_wp_attachment_image_alt":null,"siteground_optimizer_is_optimized":null,"siteground_optimizer_webp_conversion_failed":null,"_elementor_source_image_hash":null,"siteground_optimizer_compression_level":null,"_elementor_inline_svg":null,"_imagify_optimization_level":null,"_imagify_status":null,"_imagify_data":null,"siteground_optimizer_original_filesize":null,"wpse_external_file_url":null,"fave_currency":null,"fave_currency_info":null,"fave_property_id":null,"fave_property_map":null,"fave_property_location":null,"houzez_geolocation_lat":null,"houzez_geolocation_long":null,"fave_property_map_street_view":null,"fave_featured":null,"fave_loggedintoview":null,"fave_agent_display_option":null,"fave_prop_homeslider":null,"fave_single_top_area":null,"fave_single_content_area":null,"_yoast_wpseo_primary_property_type":null,"_yoast_wpseo_primary_property_feature":null,"_yoast_wpseo_primary_property_label":null,"_yoast_wpseo_primary_property_country":null,"houzez_manual_expire":null,"_houzez_expiration_date_status":null,"houzez_total_property_views":null,"houzez_views_by_date":null,"houzez_recently_viewed":null,"fave_property_price":null,"fave_property_price_prefix":null,"fave_property_size":null,"fave_property_bathrooms":null,"fave_property_garage":null,"fave_levels":null,"fave_roof-type":null,"fave_construction-type":null,"fave_video_url":null,"fave_video_image":null,"fave_payment_status":null,"fave_property_agency":null,"fave_countries":null,"fave_sleeps":null,"_yoast_wpseo_primary_property_status":null,"fave_property_images":null,"fave_attachments":null,"technical_description":null,"houzez_featured_listing_date":null,"fave_property_size_prefix":null,"fave_property_bedrooms":null,"fave_property_price_postfix":null,"fave_production-time-in-weeks":null,"fave_building-time-in-days":null,"fave_window-glazing":null,"_yoast_wpseo_primary_feature-2":null,"_yoast_wpseo_primary_feature-3":null,"fave_warranty-in-years":null,"fave_property_land":null,"fave_property_land_postfix":null,"wpsebeba57d406-00de-d339-8c02-3956a916f506":null,"_oembed_eefb35903900c5c166d55ccf7fc62a8a":null,"_oembed_30948e80c1a853da0b519e72c40d2e13":null,"_oembed_0b78a31d7c7e6041adc064d46c40f98b":null,"_oembed_42c2c13b5902a21593b1d521556aea88":null,"_oembed_4fb58e495f37e206f97738a42dbe566f":null,"_oembed_b2828bee61bd9076cd21ece641de7abc":null,"_oembed_0c92428c960763e658977ce4918863f4":null,"_oembed_02b72dc3d26bdba6ff900a268ade2517":null,"_oembed_8c819834f7fc0b74364aa34a8193f46f":null,"_oembed_088962b77808b37d57abe5c8143f9652":null,"_oembed_dfae0e674c59ba061a82b330fc7fdea0":null,"_oembed_74e5075f66c4cd04b0e118feb24f6636":null,"fave_mortgage_cal":null,"_air_wp_sync_record_id":null,"_air_wp_sync_hash":null,"_air_wp_sync_importer_id":null,"_air_wp_sync_updated_at":null,"external_listing_link":null,"fave_property_map_address":null,"fave_multi_units_ids":null,"$wpml_language$":null,"fave_virtual_tour":null,"fave_gross-external-area":null,"_houzez_expiration_date":null,"_houzez_expiration_date_options":null,"floor_plans":null,"_oembed_a17db82fa378d53b4dc6ed46e5344499":null,"_oembed_da390569a339f4d7147d95cfb8c04c12":null,"_oembed_6a3eda5947bcc098660397ca8e21a941":null,"fave_roof-angle":null,"fave_seo-content":null,"_oembed_a7b8941eeee966e7350aede20b4d62be":null,"_oembed_time_a7b8941eeee966e7350aede20b4d62be":null,"additional_features":null,"fave_multi_units":null,"_oembed_716f56b62500685a7dd15ea2ec7579bd":null,"_oembed_time_716f56b62500685a7dd15ea2ec7579bd":null,"_oembed_8ececd3dd2598a4aedb5dfc82df2a0f6":null,"_oembed_time_8ececd3dd2598a4aedb5dfc82df2a0f6":null,"_oembed_4cef7884ea6ef16d48cd8675b12e440d":null,"fave_property_garage_size":null,"_oembed_5c1eaf7b40f4e3a3089b38beb88ba480":null,"fave_property_zip":null,"_oembed_ccdd6e0304386ece64b3b91f572b0be4":null,"_oembed_ae30d19e3e861b389146a1ccc2828104":null,"fave_property_rooms":null,"fave_property_year":null,"two_page_speed":null,"fave_year_established":null,"Status":null,"_oembed_5b2d8d2cf33b469c98e488ea5b118c30":null,"WPML Language Code":null,"_links":{"self":[{"href":"https:\/\/staging.spassio.com\/es\/wp-json\/wp\/v2\/pages\/60928","targetHints":{"allow":["GET"]}}],"collection":[{"href":"https:\/\/staging.spassio.com\/es\/wp-json\/wp\/v2\/pages"}],"about":[{"href":"https:\/\/staging.spassio.com\/es\/wp-json\/wp\/v2\/types\/page"}],"author":[{"embeddable":true,"href":"https:\/\/staging.spassio.com\/es\/wp-json\/wp\/v2\/users\/194"}],"replies":[{"embeddable":true,"href":"https:\/\/staging.spassio.com\/es\/wp-json\/wp\/v2\/comments?post=60928"}],"version-history":[{"count":0,"href":"https:\/\/staging.spassio.com\/es\/wp-json\/wp\/v2\/pages\/60928\/revisions"}],"wp:featuredmedia":[{"embeddable":true,"href":"https:\/\/staging.spassio.com\/es\/wp-json\/wp\/v2\/media\/30013"}],"wp:attachment":[{"href":"https:\/\/staging.spassio.com\/es\/wp-json\/wp\/v2\/media?parent=60928"}],"curies":[{"name":"wp","href":"https:\/\/api.w.org\/{rel}","templated":true}]}}