{"id":60930,"date":"2022-09-03T19:27:01","date_gmt":"2022-09-03T18:27:01","guid":{"rendered":"https:\/\/staging.spassio.com\/?page_id=60930"},"modified":"2023-09-02T18:56:46","modified_gmt":"2023-09-02T17:56:46","slug":"guia-cimentacion-para-casas-modulares","status":"publish","type":"page","link":"https:\/\/staging.spassio.com\/es\/guia-cimentacion-para-casas-modulares\/","title":{"rendered":"Gu\u00eda para la cimentaci\u00f3n de casas modulares"},"content":{"rendered":"<p>Todas las casas modulares tienen que estar unidas a unos cimientos permanentes y, a pesar de construirse fuera de las instalaciones, no se considera que la casa modular est\u00e9 completa hasta que los m\u00f3dulos prefabricados est\u00e1n unidos a los cimientos. El objetivo principal de los cimientos es dar estabilidad a la <a href=\"https:\/\/staging.spassio.com\/categories\/modular-houses\/\">casa<\/a> modular creando una base s\u00f3lida. Para ello, es esencial elegir el tipo de cimentaci\u00f3n adecuado teniendo en cuenta factores como las caracter\u00edsticas del suelo o el dise\u00f1o estructural de la casa.<\/p>\n<h2>Lo principal que debes saber sobre los cimientos de las casas modulares<\/h2>\n<h3>1.Se recomienda realizar un estudio del suelo<\/h3>\n<p>En el Reino Unido y en la mayor\u00eda de los pa\u00edses europeos, no se exige un estudio del suelo, aunque es muy recomendable. Una prueba geot\u00e9cnica ofrece una composici\u00f3n detallada de las capas m\u00e1s profundas del suelo. Disponer de esta informaci\u00f3n de antemano ayuda a identificar el mejor tipo de <a href=\"https:\/\/staging.spassio.com\/glossary\/foundation\/\">cimentaci\u00f3n<\/a> y evita el riesgo de encontrar elementos inesperados durante la excavaci\u00f3n.<\/p>\n<h3>2.El fabricante de casas modulares suele encargarse de construir los cimientos<\/h3>\n<p>Algunos fabricantes de casas modulares se encargan de todo el proceso de construcci\u00f3n, incluida la instalaci\u00f3n de los cimientos in situ. Los fabricantes que no ofrecen este servicio te pedir\u00e1n que contrates a un contratista para que construya los cimientos, aunque seguir\u00e1n ofreci\u00e9ndote orientaci\u00f3n en el proceso de selecci\u00f3n y construcci\u00f3n de los cimientos.<\/p>\n<h3>3.Los m\u00f3dulos se fijan directamente a los cimientos<\/h3>\n<p>Los m\u00f3dulos conformes a la casa modular se fabrican en un entorno similar al de una f\u00e1brica y se entregan en la obra una vez terminados. All\u00ed se elevan con una gr\u00faa y generalmente se fijan a los cimientos con conectores o pernos. El conector o perno suele estar soldado tanto al m\u00f3dulo como a los cimientos<a href=\"#_ftn1\" name=\"_ftnref1\">[1]<\/a>.<\/p>\n<h2>\u00bfQu\u00e9 tipo de cimientos necesita una casa modular?<\/h2>\n<p>Hay cinco tipos principales de cimientos permanentes utilizados habitualmente en la construcci\u00f3n modular, que no difieren de los cimientos utilizados para levantar una casa tradicional construida in situ.<\/p>\n<h3>Cimientos de la balsa<\/h3>\n<p>Una cimentaci\u00f3n de balsa es un tipo de cimentaci\u00f3n poco profunda consistente en una losa de hormig\u00f3n que se extiende horizontalmente sobre el suelo cubriendo toda la huella de la casa. Generalmente, para mejorar la resistencia y durabilidad de los cimientos, la losa de hormig\u00f3n se refuerza con barras de acero y se engrosa en los bordes.<\/p>\n<p>El trabajo de excavaci\u00f3n necesario para instalar este tipo de cimentaci\u00f3n es m\u00ednimo, ya que las balsas se asientan b\u00e1sicamente sobre un lecho de tierra nivelado. En consecuencia, este tipo de cimentaci\u00f3n suele ser m\u00e1s r\u00e1pido y barato de construir.<\/p>\n<h3>Zapatas individuales o cimentaci\u00f3n de zapata \u00fanica<\/h3>\n<p>Las zapatas individuales son un tipo de cimentaci\u00f3n poco profunda que consiste en un conjunto de zapatas cuadradas, rectangulares o redondas que suelen colocarse bajo tierra. Estas almohadillas suelen ser de hormig\u00f3n armado y estar separadas entre s\u00ed uniformemente. Las zapatas individuales son muy comunes en la construcci\u00f3n tradicional, aunque no son las m\u00e1s frecuentes en las casas modulares.<\/p>\n<p>Las casas modulares suelen construirse con estructuras compuestas por muros de carga y zapatas individuales dise\u00f1adas para soportar columnas estructurales. Aun as\u00ed, en algunas situaciones, como los terrenos en pendiente, las zapatas individuales son una buena soluci\u00f3n para evitar grandes obras de excavaci\u00f3n, aunque para conectar la casa a los cimientos es necesario fijar una estructura horizontal adicional debajo de las paredes de la casa.<\/p>\n<h3>Cimentaci\u00f3n de zapatas en bandas o muros<\/h3>\n<p>Las zapatas en franja o en muro son un tipo muy com\u00fan de cimentaci\u00f3n poco profunda en la construcci\u00f3n modular, son similares a una zapata individual, aunque en este caso, en lugar de estar compuesta por m\u00faltiples zapatas, se construye como una franja de losa continua. Esta zapata se construye justo debajo de los muros de carga de la casa, con una anchura que suele ser de 2 a 3 veces la anchura de los muros.<\/p>\n<h3>Cimientos profundos<\/h3>\n<p>Este tipo de cimentaci\u00f3n s\u00f3lo se utiliza cuando el suelo es d\u00e9bil en la superficie. Para que los cimientos funcionen correctamente y proporcionen el apoyo necesario a la casa modular, es necesario que descansen sobre un terreno s\u00f3lido. Cuando las primeras capas del suelo son d\u00e9biles y carecen de la resistencia necesaria para soportar los cimientos, ser\u00e1 necesario excavar m\u00e1s profundamente en el terreno hasta encontrar un suelo mejor.<\/p>\n<p>Hay distintos tipos de cimientos profundos, aunque en los edificios residenciales los m\u00e1s comunes son los cimientos de pilotes o pilotes atornillados. Los pilotes son cilindros largos que pueden construirse in situ o prefabricarse y suelen estar hechos de distintos materiales, como hormig\u00f3n, acero o madera.<\/p>\n<h3>Cimientos de s\u00f3tanos<\/h3>\n<p>Definitivamente, es posible construir una casa modular sobre cimientos de s\u00f3tano. Este tipo de cimentaci\u00f3n requiere una cantidad significativa de trabajo de excavaci\u00f3n, lo que en consecuencia aumentar\u00e1 el coste de la construcci\u00f3n. Sin embargo, suele seguir siendo rentable, ya que ofrece metros cuadrados adicionales que pueden utilizarse como espacio habitable o como almac\u00e9n.<\/p>\n<p>El s\u00f3tano se compone de dos elementos estructurales diferentes: una cimentaci\u00f3n en balsa y los muros que, en la mayor\u00eda de los casos, son todos de hormig\u00f3n armado. Los m\u00f3dulos conformes a la casa modular se colocan sobre las paredes del s\u00f3tano.<\/p>\n<p><img fetchpriority=\"high\" decoding=\"async\" class=\"alignnone wp-image-29240 size-large\" src=\"https:\/\/staging.spassio.com\/wp-content\/uploads\/2022\/09\/construction-contractors-1024x682.jpg\" alt=\"\" width=\"1024\" height=\"682\" srcset=\"https:\/\/staging.spassio.com\/wp-content\/uploads\/2022\/09\/construction-contractors-1024x682.jpg 1024w, https:\/\/staging.spassio.com\/wp-content\/uploads\/2022\/09\/construction-contractors-300x200.jpg 300w, https:\/\/staging.spassio.com\/wp-content\/uploads\/2022\/09\/construction-contractors-768x512.jpg 768w, https:\/\/staging.spassio.com\/wp-content\/uploads\/2022\/09\/construction-contractors-900x600.jpg 900w, https:\/\/staging.spassio.com\/wp-content\/uploads\/2022\/09\/construction-contractors-496x331.jpg 496w, https:\/\/staging.spassio.com\/wp-content\/uploads\/2022\/09\/construction-contractors.jpg 1280w\" sizes=\"(max-width: 1024px) 100vw, 1024px\" \/><\/p>\n<h2>\u00bfCu\u00e1l es la mejor cimentaci\u00f3n para una casa modular?<\/h2>\n<p>Cada uno de los tipos de cimentaci\u00f3n descritos anteriormente puede ofrecer un buen apoyo a una casa construida con construcci\u00f3n modular, aunque el mejor tipo de cimentaci\u00f3n variar\u00e1 de una casa modular a otra. He aqu\u00ed algunos de los aspectos m\u00e1s importantes a tener en cuenta al elegir el mejor tipo de cimentaci\u00f3n para una casa modular:<\/p>\n<ul>\n<li><strong>La<\/strong> composici\u00f3n del suelo: La composici\u00f3n del suelo es uno de los aspectos m\u00e1s importantes que hay que tener en cuenta, ya que los Cimientos deben descansar sobre un suelo s\u00f3lido. Identificar las capas d\u00e9biles puede ser muy \u00fatil para determinar la necesidad de una cimentaci\u00f3n profunda. Sin embargo, identificar elementos como las rocas tambi\u00e9n puede ser beneficioso, ya que puede ahorrarnos las dificultades que encontrar\u00edamos si decidi\u00e9ramos excavar.<\/li>\n<li><strong>La estructura de la Casa<\/strong> modular: Saber si la casa modular est\u00e1 construida con una estructura de muros de carga o de columnas ayudar\u00e1 a elegir un tipo de cimentaci\u00f3n que les satisfaga sin a\u00f1adir un coste extra a la construcci\u00f3n.<\/li>\n<li><strong>La topograf\u00eda<\/strong> del terreno: Tener en cuenta la topograf\u00eda puede ayudarnos a elegir el tipo de cimentaci\u00f3n m\u00e1s econ\u00f3mico e incluso respetuoso con el medio ambiente. Los terrenos llanos suelen ofrecernos un punto de partida m\u00e1s f\u00e1cil, aunque eso no significa que siempre debamos excavar para allanar el terreno. Jugar con la topograf\u00eda y los distintos tipos de Cimientos puede ofrecer soluciones realmente rentables.<\/li>\n<li>La <strong>experiencia del Fabricante<\/strong>: Para garantizar que los cimientos son s\u00f3lidos y seguros, su selecci\u00f3n debe correr a cargo de los arquitectos e ingenieros responsables. El fabricante de casas modulares suele encargarse de estos servicios. En los casos en que los Cimientos sean construidos por un trabajador externo, el fabricante seguir\u00e1 proporcionando la orientaci\u00f3n necesaria para garantizar que el tipo elegido sea el m\u00e1s adecuado.<\/li>\n<\/ul>\n<p>Referencias:<br \/>\n<a style=\"color: #3eb6a8;\" href=\"#_ftnref1\" name=\"_ftn1\">[1]<\/a>Pujadas Gispert, E. Cimientos prefabricados para viviendas aplicados a m\u00f3dulos de habitaciones Universitat Polit\u00e8cnica de Catalunya <a href=\"https:\/\/core.ac.uk\/download\/pdf\/81577177.pdf\">https:\/\/core.ac.uk\/download\/pdf\/81577177.pdf<\/a><br \/>\nImagen destacada: <a href=\"https:\/\/staging.spassio.com\/models\/mevena-modern-exclusive-v1\/\">Modern Exclusive V1 de Mevena<\/a><\/p>\n","protected":false},"excerpt":{"rendered":"<p>Todas las casas modulares tienen que estar unidas a unos cimientos permanentes y, a pesar de construirse fuera de las instalaciones, no se considera que la casa modular est\u00e9 completa hasta que los m\u00f3dulos prefabricados est\u00e1n unidos a los cimientos. El objetivo principal de los cimientos es dar estabilidad a la casa modular creando una [&hellip;]<\/p>\n","protected":false},"author":194,"featured_media":29240,"parent":0,"menu_order":0,"comment_status":"closed","ping_status":"closed","template":"","meta":{"content-type":"","_FSMCFIC_featured_image_caption":"","_FSMCFIC_featured_image_nocaption":"","_FSMCFIC_featured_image_hide":"","footnotes":""},"class_list":["post-60930","page","type-page","status-publish","has-post-thumbnail","hentry"],"_wp_attached_file":null,"_wp_attachment_metadata":null,"_wp_attachment_backup_sizes":null,"siteground_optimizer_webp_conversion_attempts":null,"siteground_optimizer_is_converted_to_webp":null,"siteground_optimizer_optimization_attempts":null,"siteground_optimizer_optimization_failed":null,"wpml_media_processed":null,"_wp_attachment_image_alt":null,"siteground_optimizer_is_optimized":null,"siteground_optimizer_webp_conversion_failed":null,"_elementor_source_image_hash":null,"siteground_optimizer_compression_level":null,"_elementor_inline_svg":null,"_imagify_optimization_level":null,"_imagify_status":null,"_imagify_data":null,"siteground_optimizer_original_filesize":null,"wpse_external_file_url":null,"fave_currency":null,"fave_currency_info":null,"fave_property_id":null,"fave_property_map":null,"fave_property_location":null,"houzez_geolocation_lat":null,"houzez_geolocation_long":null,"fave_property_map_street_view":null,"fave_featured":null,"fave_loggedintoview":null,"fave_agent_display_option":null,"fave_prop_homeslider":null,"fave_single_top_area":null,"fave_single_content_area":null,"_yoast_wpseo_primary_property_type":null,"_yoast_wpseo_primary_property_feature":null,"_yoast_wpseo_primary_property_label":null,"_yoast_wpseo_primary_property_country":null,"houzez_manual_expire":null,"_houzez_expiration_date_status":null,"houzez_total_property_views":null,"houzez_views_by_date":null,"houzez_recently_viewed":null,"fave_property_price":null,"fave_property_price_prefix":null,"fave_property_size":null,"fave_property_bathrooms":null,"fave_property_garage":null,"fave_levels":null,"fave_roof-type":null,"fave_construction-type":null,"fave_video_url":null,"fave_video_image":null,"fave_payment_status":null,"fave_property_agency":null,"fave_countries":null,"fave_sleeps":null,"_yoast_wpseo_primary_property_status":null,"fave_property_images":null,"fave_attachments":null,"technical_description":null,"houzez_featured_listing_date":null,"fave_property_size_prefix":null,"fave_property_bedrooms":null,"fave_property_price_postfix":null,"fave_production-time-in-weeks":null,"fave_building-time-in-days":null,"fave_window-glazing":null,"_yoast_wpseo_primary_feature-2":null,"_yoast_wpseo_primary_feature-3":null,"fave_warranty-in-years":null,"fave_property_land":null,"fave_property_land_postfix":null,"wpsebeba57d406-00de-d339-8c02-3956a916f506":null,"_oembed_eefb35903900c5c166d55ccf7fc62a8a":null,"_oembed_30948e80c1a853da0b519e72c40d2e13":null,"_oembed_0b78a31d7c7e6041adc064d46c40f98b":null,"_oembed_42c2c13b5902a21593b1d521556aea88":null,"_oembed_4fb58e495f37e206f97738a42dbe566f":null,"_oembed_b2828bee61bd9076cd21ece641de7abc":null,"_oembed_0c92428c960763e658977ce4918863f4":null,"_oembed_02b72dc3d26bdba6ff900a268ade2517":null,"_oembed_8c819834f7fc0b74364aa34a8193f46f":null,"_oembed_088962b77808b37d57abe5c8143f9652":null,"_oembed_dfae0e674c59ba061a82b330fc7fdea0":null,"_oembed_74e5075f66c4cd04b0e118feb24f6636":null,"fave_mortgage_cal":null,"_air_wp_sync_record_id":null,"_air_wp_sync_hash":null,"_air_wp_sync_importer_id":null,"_air_wp_sync_updated_at":null,"external_listing_link":null,"fave_property_map_address":null,"fave_multi_units_ids":null,"$wpml_language$":null,"fave_virtual_tour":null,"fave_gross-external-area":null,"_houzez_expiration_date":null,"_houzez_expiration_date_options":null,"floor_plans":null,"_oembed_a17db82fa378d53b4dc6ed46e5344499":null,"_oembed_da390569a339f4d7147d95cfb8c04c12":null,"_oembed_6a3eda5947bcc098660397ca8e21a941":null,"fave_roof-angle":null,"fave_seo-content":null,"_oembed_a7b8941eeee966e7350aede20b4d62be":null,"_oembed_time_a7b8941eeee966e7350aede20b4d62be":null,"additional_features":null,"fave_multi_units":null,"_oembed_716f56b62500685a7dd15ea2ec7579bd":null,"_oembed_time_716f56b62500685a7dd15ea2ec7579bd":null,"_oembed_8ececd3dd2598a4aedb5dfc82df2a0f6":null,"_oembed_time_8ececd3dd2598a4aedb5dfc82df2a0f6":null,"_oembed_4cef7884ea6ef16d48cd8675b12e440d":null,"fave_property_garage_size":null,"_oembed_5c1eaf7b40f4e3a3089b38beb88ba480":null,"fave_property_zip":null,"_oembed_ccdd6e0304386ece64b3b91f572b0be4":null,"_oembed_ae30d19e3e861b389146a1ccc2828104":null,"fave_property_rooms":null,"fave_property_year":null,"two_page_speed":null,"fave_year_established":null,"Status":null,"_oembed_5b2d8d2cf33b469c98e488ea5b118c30":null,"WPML Language Code":null,"_links":{"self":[{"href":"https:\/\/staging.spassio.com\/es\/wp-json\/wp\/v2\/pages\/60930","targetHints":{"allow":["GET"]}}],"collection":[{"href":"https:\/\/staging.spassio.com\/es\/wp-json\/wp\/v2\/pages"}],"about":[{"href":"https:\/\/staging.spassio.com\/es\/wp-json\/wp\/v2\/types\/page"}],"author":[{"embeddable":true,"href":"https:\/\/staging.spassio.com\/es\/wp-json\/wp\/v2\/users\/194"}],"replies":[{"embeddable":true,"href":"https:\/\/staging.spassio.com\/es\/wp-json\/wp\/v2\/comments?post=60930"}],"version-history":[{"count":0,"href":"https:\/\/staging.spassio.com\/es\/wp-json\/wp\/v2\/pages\/60930\/revisions"}],"wp:featuredmedia":[{"embeddable":true,"href":"https:\/\/staging.spassio.com\/es\/wp-json\/wp\/v2\/media\/29240"}],"wp:attachment":[{"href":"https:\/\/staging.spassio.com\/es\/wp-json\/wp\/v2\/media?parent=60930"}],"curies":[{"name":"wp","href":"https:\/\/api.w.org\/{rel}","templated":true}]}}