{"id":60932,"date":"2022-08-21T20:20:22","date_gmt":"2022-08-21T19:20:22","guid":{"rendered":"https:\/\/staging.spassio.com\/?page_id=60932"},"modified":"2023-09-02T18:59:32","modified_gmt":"2023-09-02T17:59:32","slug":"guia-busqueda-compra-terreno-edificable","status":"publish","type":"page","link":"https:\/\/staging.spassio.com\/es\/guia-busqueda-compra-terreno-edificable\/","title":{"rendered":"Gu\u00eda para la b\u00fasqueda y la compra de terreno edificable"},"content":{"rendered":"<p>Esta gu\u00eda te ayudar\u00e1 a hacerte una idea clara de los requisitos paso a paso para encontrar y comprar un terreno para construir una casa prefabricada en el Reino Unido y Europa. Encontrar el <em>terreno<\/em> adecuado <em>para construir una prefabricada<\/em> puede ser un reto para un comprador primerizo, ya que esta t\u00e9cnica de construcci\u00f3n es bastante nueva y para la mayor\u00eda los requisitos son todav\u00eda extra\u00f1os. Sin embargo, el tipo de terreno necesario para levantar una <a href=\"\/\">casa prefabricada<\/a> es similar al de una parcela de construcci\u00f3n tradicional.<\/p>\n<p>Una gu\u00eda paso a paso para encontrar y comprar terrenos:<\/p>\n<ol>\n<li>Elige un lugar<\/li>\n<li>Identificar las caracter\u00edsticas \u00f3ptimas del terreno para construir un prefabricado<\/li>\n<li>Centrarse en las parcelas edificables<\/li>\n<li>Comprueba si la parcela est\u00e1 atendida<\/li>\n<li>Obtener asesoramiento jur\u00eddico<\/li>\n<li>Conoce el coste del suelo y compara precios<\/li>\n<li>Compra y registra tu nueva propiedad<\/li>\n<\/ol>\n<p>Seguir un paso a la vez te llevar\u00e1 a encontrar la parcela perfecta. D\u00f3nde empezar tu b\u00fasqueda de propiedades es una elecci\u00f3n m\u00e1s personal, puedes ponerte en contacto con un agente local o navegar por sitios web inmobiliarios online.<\/p>\n<h2>1.Elige un lugar<\/h2>\n<p>La ubicaci\u00f3n es el primer paso a tener en cuenta cuando empiezas a buscar un terreno para comprar. La ubicaci\u00f3n ideal depende de tus preferencias, necesidades y situaci\u00f3n personal. Sin embargo, en las zonas muy pobladas del Reino Unido y Europa, encontrar un terreno libre puede ser todo un reto. Por eso, en la mayor\u00eda de los casos, el solar ideal no es s\u00f3lo el lugar de nuestros sue\u00f1os, sino un compromiso entre nuestras preferencias y la disponibilidad del mercado.<\/p>\n<h3>\u00bfCu\u00e1l es el mejor lugar para comprar terrenos?<\/h3>\n<p>Una buena ubicaci\u00f3n es diferente para cada persona, aunque aqu\u00ed tienes algunos consejos que te ayudar\u00e1n a averiguar c\u00f3mo es una buena ubicaci\u00f3n para ti:<\/p>\n<p><strong>Proximidad a instalaciones relevantes<\/strong>: Analiza lo importante que es para ti estar cerca de tiendas de comestibles, lugares de ocio o centros comerciales. Adem\u00e1s, si te desplazas al trabajo o tienes hijos que van al colegio, puede que valores la proximidad a esas instalaciones.<\/p>\n<p><strong>Transporte<\/strong>: A la hora de elegir un lugar, debes tener muy en cuenta el medio de transporte que prefieres. Comprueba si el terreno est\u00e1 cerca de transportes p\u00fablicos, carreteras o v\u00edas peatonales.<\/p>\n<p><strong>Barrio<\/strong>: Identifica qu\u00e9 barrios se adaptan mejor a ti y considera lo segura que es la zona.<\/p>\n<p>&nbsp;<\/p>\n<h2>2.Identifica las caracter\u00edsticas \u00f3ptimas del terreno para construir una prefabricada<\/h2>\n<p>Los requisitos del terreno para construir una casa prefabricada son bastante similares a los que se prefieren para <a href=\"https:\/\/staging.spassio.com\/prefab-better-than-traditional-building\/\">construir una casa tradicional<\/a>. Sin embargo, dado que las casas prefabricadas est\u00e1n pensadas para construirse principalmente fuera de las instalaciones, de forma r\u00e1pida y asequible, estas caracter\u00edsticas cobran mayor importancia.<\/p>\n<p>Cuanto m\u00e1s llanos, mejor: Los terrenos inclinados requieren un trabajo extra que se traduce en una construcci\u00f3n m\u00e1s larga y costosa. Una pendiente menor es especialmente importante si piensas adquirir una casa prefabricada predise\u00f1ada.<\/p>\n<p><strong>Accesible<\/strong>: Una parcela accesible facilita el transporte de los materiales y la maquinaria para levantar la casa, lo que suele contribuir a una construcci\u00f3n m\u00e1s fluida, r\u00e1pida y barata. Aun as\u00ed, al construir una prefabricada, la accesibilidad es clave, ya que lo que se entrega en la obra son secciones prefabricadas de amplias dimensiones.<\/p>\n<p>Condiciones del <strong>suelo<\/strong>: Las condiciones del suelo determinar\u00e1n qu\u00e9 tipo de Cimientos necesitar\u00e1 la casa. Conseguir una prueba geot\u00e9cnica puede ser muy \u00fatil en caso de duda, ya que los suelos duros son muy dif\u00edciles de excavar y los muy blandos pueden requerir una excavaci\u00f3n profunda para encontrar un terreno s\u00f3lido. Todas estas obras adicionales elevar\u00e1n el precio total de la construcci\u00f3n.<\/p>\n<p><strong>Orientaci\u00f3n<\/strong>: La orientaci\u00f3n del terreno es clave para garantizar una vivienda c\u00f3moda una vez construida la casa. La orientaci\u00f3n ideal del terreno depender\u00e1 de las condiciones clim\u00e1ticas de la zona donde construyamos, aunque los aspectos m\u00e1s importantes a tener en cuenta son la luz solar, la sombra, el viento y las inundaciones.<\/p>\n<h2>3.Centrarse en las parcelas edificables<\/h2>\n<p>Hay distintos tipos de parcelas en el mercado y no todas son edificables. Aunque cada pa\u00eds organiza sus tipos de parcelas de forma diferente, todos tienen alg\u00fan tipo de desarrollo urban\u00edstico en el que el terreno se clasifica y categoriza seg\u00fan el tipo de edificio que puede levantarse en esa zona.<\/p>\n<p>Antes de comprar un terreno, consulta con la autoridad urban\u00edstica local para verificar que la parcela es edificable e identificar posibles problemas urban\u00edsticos. Ten en cuenta que para obtener la aprobaci\u00f3n urban\u00edstica tendr\u00e1s que cumplir varias normativas que limitan aspectos como el uso, el tama\u00f1o y la altura del edificio.<\/p>\n<figure id=\"attachment_28847\" aria-describedby=\"caption-attachment-28847\" style=\"width: 1000px\" class=\"wp-caption alignnone\"><img fetchpriority=\"high\" decoding=\"async\" class=\"wp-image-28847 size-full\" src=\"https:\/\/staging.spassio.com\/wp-content\/uploads\/2022\/08\/tini-tini-m-003-prefab-house-plot-land.webp\" alt=\"gu\u00eda de terrenos para casas prefabricadas\" width=\"1000\" height=\"562\" srcset=\"https:\/\/staging.spassio.com\/wp-content\/uploads\/2022\/08\/tini-tini-m-003-prefab-house-plot-land.webp 1000w, https:\/\/staging.spassio.com\/wp-content\/uploads\/2022\/08\/tini-tini-m-003-prefab-house-plot-land-300x169.webp 300w, https:\/\/staging.spassio.com\/wp-content\/uploads\/2022\/08\/tini-tini-m-003-prefab-house-plot-land-768x432.webp 768w, https:\/\/staging.spassio.com\/wp-content\/uploads\/2022\/08\/tini-tini-m-003-prefab-house-plot-land-496x279.webp 496w\" sizes=\"(max-width: 1000px) 100vw, 1000px\" \/><figcaption id=\"caption-attachment-28847\" class=\"wp-caption-text\">Imagen cortes\u00eda de Tini: <a href=\"https:\/\/staging.spassio.com\/models\/tini-tini-m\/\">Modelo Tini M<\/a><\/figcaption><\/figure>\n<h2><\/h2>\n<h2>4.Comprueba si la parcela dispone de servicios<\/h2>\n<p>Una parcela con servicios es una parcela que ya est\u00e1 conectada a los servicios b\u00e1sicos, como electricidad, agua, alcantarillado e incluso carreteras. Al buscar un terreno para construir una casa prefabricada nueva, es muy recomendable tener en cuenta este hecho. Sin duda puedes construir una prefabricada en una parcela sin servicios, aunque conectar el terreno a los distintos servicios lleva tiempo y dinero, por lo que debes tenerlo en cuenta de antemano.<\/p>\n<h2>5.Obtener asesoramiento jur\u00eddico<\/h2>\n<p>Siempre se recomienda buscar asesoramiento jur\u00eddico antes de comprar el terreno para disminuir los riesgos. Un abogado con experiencia te ayudar\u00e1 a identificar si hay problemas relacionados con el t\u00edtulo o la descripci\u00f3n de la propiedad; a determinar la necesidad de una escritura; y a detectar aspectos tan importantes como deudas, cargas, grav\u00e1menes o embargos.<\/p>\n<h3>\u00bfCu\u00e1les son los riesgos de comprar un terreno?<\/h3>\n<p>No adquirir asesoramiento jur\u00eddico tiene el <em>riesgo de comprar un terreno<\/em> con problemas graves como:<\/p>\n<p><strong>Disputas<\/strong> por los l\u00edmites: Algunas parcelas no est\u00e1n claramente delimitadas y los propietarios de las viviendas vecinas no est\u00e1n de acuerdo sobre los l\u00edmites de cada linde. No es recomendable comprar terrenos con este tipo de problemas, ya que estos litigios suelen tardar mucho en resolverse.<\/p>\n<p><strong>Convenios<\/strong> restrictivos: Un terreno con cl\u00e1usulas restrictivas puede limitar tu libertad de construir la casa que deseas. Aseg\u00farate de que el terreno que vas a comprar no tiene cl\u00e1usulas restrictivas o, si las tiene, t\u00f3mate tu tiempo para identificar si ser\u00e1n un inconveniente para ti.<\/p>\n<p><strong>Problemas de<\/strong> derecho de acceso: El t\u00edtulo legal del terreno debe concederte pleno derecho legal de acceso a tu terreno; de lo contrario, es posible que no tengas acceso legal a tu propiedad y que se deniegue cualquier obra de construcci\u00f3n.<\/p>\n<h3>\u00bfQu\u00e9 preguntas debo hacer al comprar una vivienda?<\/h3>\n<p>Antes de seguir adelante con la compra de un terreno, debes hacerte algunas preguntas que te ayudar\u00e1n a identificar los riesgos:<\/p>\n<ul>\n<li>\u00bfPor qu\u00e9 vende el propietario el terreno?<\/li>\n<li>\u00bfExisten problemas con el terreno?<\/li>\n<li>\u00bfExiste alguna restricci\u00f3n que pueda limitar cualquier desarrollo futuro?<\/li>\n<li>\u00bfEst\u00e1n los l\u00edmites clara y legalmente definidos y\/o marcados?<\/li>\n<li>\u00bfHay permiso de obras?<\/li>\n<li>\u00bfCu\u00e1les son los derechos de acceso?<\/li>\n<li>\u00bfEst\u00e1 el terreno debidamente conectado a los servicios b\u00e1sicos y a los servicios p\u00fablicos?<\/li>\n<li>\u00bfQu\u00e9 prev\u00e9n los planes urban\u00edsticos para el futuro del barrio?<\/li>\n<\/ul>\n<h2>6.Conoce el coste del suelo y compara precios<\/h2>\n<p>El coste del suelo var\u00eda enormemente, ya que hay m\u00faltiples aspectos que afectan a su valor. La ubicaci\u00f3n suele influir mucho en el precio de compra. Por tanto, investigar sobre el precio medio de la zona ser\u00e1 de gran ayuda a la hora de comparar precios y negociar el precio final de venta.<\/p>\n<p>Sin embargo, todos los aspectos comentados anteriormente afectar\u00e1n directamente al valor:<\/p>\n<p>Las tierras <strong>llanas<\/strong> suelen ser m\u00e1s caras: Las parcelas con terrenos llanos y buenas condiciones de suelo suelen ser m\u00e1s caras. Aun as\u00ed, suelen merecer la pena, ya que las obras ser\u00e1n m\u00e1s fluidas.<\/p>\n<p>Las parcelas <strong>edificables con servicios suelen costar m\u00e1s<\/strong>: Del mismo modo, las parcelas con permiso de obras, acceso a servicios y limitaciones reducidas suelen ser m\u00e1s demandadas y, por tanto, m\u00e1s caras. Aun as\u00ed, son una inversi\u00f3n buena y segura.<\/p>\n<p>Las <strong>parcelas con problemas legales pueden ser m\u00e1s baratas<\/strong>: Ten cuidado con los precios sorprendentemente bajos, podr\u00eda haber alg\u00fan problema legal relacionado con ellos.<\/p>\n<h2>7.Compra y registra tu nueva propiedad<\/h2>\n<p>Una vez que hayas encontrado el terreno ideal para construir tu nueva <a href=\"\/\">casa prefabricada<\/a> y tengas claros los costes y las condiciones, llega el momento de comprarlo. Cuando te conviertas en propietario del terreno, se recomienda registrarlo y obtener un plano de titularidad. Aunque el registro de la propiedad no es obligatorio en el Reino Unido y en algunos pa\u00edses europeos, puede que el banco lo exija si quieres optar a una Hipoteca.<\/p>\n<h3>D\u00f3nde buscar terrenos<\/h3>\n<p>Hay distintas formas de buscar un terreno, puedes ponerte en contacto con agentes inmobiliarios locales, consultar peri\u00f3dicos y revistas o, como es m\u00e1s habitual hoy en d\u00eda, investigar por Internet. Una b\u00fasqueda en Internet te dar\u00e1 una idea general de lo que hay disponible en tu zona y cu\u00e1nto cuesta.<\/p>\n<p>Aqu\u00ed tienes algunos sitios web para encontrar terrenos como comprador local o extranjero:<\/p>\n<h3>Comprar terrenos en el Reino Unido<\/h3>\n<p>Rightmove &#8211; <a href=\"https:\/\/www.rightmove.co.uk\" target=\"_blank\" rel=\"noopener\">https:\/\/www.rightmove.co.uk<\/a><br \/>\nBuildStore B\u00fasqueda de Parcelas &#8211; <a href=\"https:\/\/plotsearch.buildstore.co.uk\/findingland\/\" target=\"_blank\" rel=\"noopener\">https:\/\/plotsearch.buildstore.co.uk\/findingland\/<\/a><\/p>\n<h3>Comprar terrenos en Francia<\/h3>\n<p>SeLoger construire &#8211; <a href=\"https:\/\/www.seloger-construire.com\/projet-construction\/terrain\/pays\/france\" target=\"_blank\" rel=\"noopener\">https:\/\/www.seloger-construire.com\/projet-construction\/terrain\/pays\/france<\/a><br \/>\nPAP Particuler \u00e0 Particuler &#8211; <a href=\"https:\/\/www.pap.fr\/annonce\/vente-terrains\" target=\"_blank\" rel=\"noopener\">https:\/\/www.pap.fr\/annonce\/vente-terrains<\/a><\/p>\n<h3>Comprar suelo en Espa\u00f1a<\/h3>\n<p>terrenos.es &#8211; <a href=\"https:\/\/terrenos.es\" target=\"_blank\" rel=\"noopener\">https:\/\/terrenos.es<\/a><br \/>\nLandex &#8211; <a href=\"https:\/\/www.landex.es\" target=\"_blank\" rel=\"noopener\">https:\/\/www.landex.es<\/a><\/p>\n<h3>Comprar terrenos en Europa<\/h3>\n<p>Properstar &#8211; <a href=\"https:\/\/www.properstar.com\" target=\"_blank\" rel=\"noopener\">https:\/\/www.properstar.com<\/a><br \/>\nTranio &#8211; <a href=\"https:\/\/tranio.com\/europe\/land\/\" target=\"_blank\" rel=\"noopener\">https:\/\/tranio.com\/europe\/land\/<\/a><\/p>\n","protected":false},"excerpt":{"rendered":"<p>Esta gu\u00eda te ayudar\u00e1 a hacerte una idea clara de los requisitos paso a paso para encontrar y comprar un terreno para construir una casa prefabricada en el Reino Unido y Europa. Encontrar el terreno adecuado para construir una prefabricada puede ser un reto para un comprador primerizo, ya que esta t\u00e9cnica de construcci\u00f3n es [&hellip;]<\/p>\n","protected":false},"author":194,"featured_media":28847,"parent":0,"menu_order":0,"comment_status":"closed","ping_status":"closed","template":"","meta":{"content-type":"","_FSMCFIC_featured_image_caption":"","_FSMCFIC_featured_image_nocaption":"","_FSMCFIC_featured_image_hide":"","footnotes":""},"class_list":["post-60932","page","type-page","status-publish","has-post-thumbnail","hentry"],"_wp_attached_file":null,"_wp_attachment_metadata":null,"_wp_attachment_backup_sizes":null,"siteground_optimizer_webp_conversion_attempts":null,"siteground_optimizer_is_converted_to_webp":null,"siteground_optimizer_optimization_attempts":null,"siteground_optimizer_optimization_failed":null,"wpml_media_processed":null,"_wp_attachment_image_alt":null,"siteground_optimizer_is_optimized":null,"siteground_optimizer_webp_conversion_failed":null,"_elementor_source_image_hash":null,"siteground_optimizer_compression_level":null,"_elementor_inline_svg":null,"_imagify_optimization_level":null,"_imagify_status":null,"_imagify_data":null,"siteground_optimizer_original_filesize":null,"wpse_external_file_url":null,"fave_currency":null,"fave_currency_info":null,"fave_property_id":null,"fave_property_map":null,"fave_property_location":null,"houzez_geolocation_lat":null,"houzez_geolocation_long":null,"fave_property_map_street_view":null,"fave_featured":null,"fave_loggedintoview":null,"fave_agent_display_option":null,"fave_prop_homeslider":null,"fave_single_top_area":null,"fave_single_content_area":null,"_yoast_wpseo_primary_property_type":null,"_yoast_wpseo_primary_property_feature":null,"_yoast_wpseo_primary_property_label":null,"_yoast_wpseo_primary_property_country":null,"houzez_manual_expire":null,"_houzez_expiration_date_status":null,"houzez_total_property_views":null,"houzez_views_by_date":null,"houzez_recently_viewed":null,"fave_property_price":null,"fave_property_price_prefix":null,"fave_property_size":null,"fave_property_bathrooms":null,"fave_property_garage":null,"fave_levels":null,"fave_roof-type":null,"fave_construction-type":null,"fave_video_url":null,"fave_video_image":null,"fave_payment_status":null,"fave_property_agency":null,"fave_countries":null,"fave_sleeps":null,"_yoast_wpseo_primary_property_status":null,"fave_property_images":null,"fave_attachments":null,"technical_description":null,"houzez_featured_listing_date":null,"fave_property_size_prefix":null,"fave_property_bedrooms":null,"fave_property_price_postfix":null,"fave_production-time-in-weeks":null,"fave_building-time-in-days":null,"fave_window-glazing":null,"_yoast_wpseo_primary_feature-2":null,"_yoast_wpseo_primary_feature-3":null,"fave_warranty-in-years":null,"fave_property_land":null,"fave_property_land_postfix":null,"wpsebeba57d406-00de-d339-8c02-3956a916f506":null,"_oembed_eefb35903900c5c166d55ccf7fc62a8a":null,"_oembed_30948e80c1a853da0b519e72c40d2e13":null,"_oembed_0b78a31d7c7e6041adc064d46c40f98b":null,"_oembed_42c2c13b5902a21593b1d521556aea88":null,"_oembed_4fb58e495f37e206f97738a42dbe566f":null,"_oembed_b2828bee61bd9076cd21ece641de7abc":null,"_oembed_0c92428c960763e658977ce4918863f4":null,"_oembed_02b72dc3d26bdba6ff900a268ade2517":null,"_oembed_8c819834f7fc0b74364aa34a8193f46f":null,"_oembed_088962b77808b37d57abe5c8143f9652":null,"_oembed_dfae0e674c59ba061a82b330fc7fdea0":null,"_oembed_74e5075f66c4cd04b0e118feb24f6636":null,"fave_mortgage_cal":null,"_air_wp_sync_record_id":null,"_air_wp_sync_hash":null,"_air_wp_sync_importer_id":null,"_air_wp_sync_updated_at":null,"external_listing_link":null,"fave_property_map_address":null,"fave_multi_units_ids":null,"$wpml_language$":null,"fave_virtual_tour":null,"fave_gross-external-area":null,"_houzez_expiration_date":null,"_houzez_expiration_date_options":null,"floor_plans":null,"_oembed_a17db82fa378d53b4dc6ed46e5344499":null,"_oembed_da390569a339f4d7147d95cfb8c04c12":null,"_oembed_6a3eda5947bcc098660397ca8e21a941":null,"fave_roof-angle":null,"fave_seo-content":null,"_oembed_a7b8941eeee966e7350aede20b4d62be":null,"_oembed_time_a7b8941eeee966e7350aede20b4d62be":null,"additional_features":null,"fave_multi_units":null,"_oembed_716f56b62500685a7dd15ea2ec7579bd":null,"_oembed_time_716f56b62500685a7dd15ea2ec7579bd":null,"_oembed_8ececd3dd2598a4aedb5dfc82df2a0f6":null,"_oembed_time_8ececd3dd2598a4aedb5dfc82df2a0f6":null,"_oembed_4cef7884ea6ef16d48cd8675b12e440d":null,"fave_property_garage_size":null,"_oembed_5c1eaf7b40f4e3a3089b38beb88ba480":null,"fave_property_zip":null,"_oembed_ccdd6e0304386ece64b3b91f572b0be4":null,"_oembed_ae30d19e3e861b389146a1ccc2828104":null,"fave_property_rooms":null,"fave_property_year":null,"two_page_speed":null,"fave_year_established":null,"Status":null,"_oembed_5b2d8d2cf33b469c98e488ea5b118c30":null,"WPML Language Code":null,"_links":{"self":[{"href":"https:\/\/staging.spassio.com\/es\/wp-json\/wp\/v2\/pages\/60932","targetHints":{"allow":["GET"]}}],"collection":[{"href":"https:\/\/staging.spassio.com\/es\/wp-json\/wp\/v2\/pages"}],"about":[{"href":"https:\/\/staging.spassio.com\/es\/wp-json\/wp\/v2\/types\/page"}],"author":[{"embeddable":true,"href":"https:\/\/staging.spassio.com\/es\/wp-json\/wp\/v2\/users\/194"}],"replies":[{"embeddable":true,"href":"https:\/\/staging.spassio.com\/es\/wp-json\/wp\/v2\/comments?post=60932"}],"version-history":[{"count":0,"href":"https:\/\/staging.spassio.com\/es\/wp-json\/wp\/v2\/pages\/60932\/revisions"}],"wp:featuredmedia":[{"embeddable":true,"href":"https:\/\/staging.spassio.com\/es\/wp-json\/wp\/v2\/media\/28847"}],"wp:attachment":[{"href":"https:\/\/staging.spassio.com\/es\/wp-json\/wp\/v2\/media?parent=60932"}],"curies":[{"name":"wp","href":"https:\/\/api.w.org\/{rel}","templated":true}]}}