{"id":60937,"date":"2022-10-03T08:09:49","date_gmt":"2022-10-03T07:09:49","guid":{"rendered":"https:\/\/staging.spassio.com\/?page_id=60937"},"modified":"2023-09-03T09:48:56","modified_gmt":"2023-09-03T08:48:56","slug":"casas-prefabricadas-predisenadas-a-medida-que-elegir","status":"publish","type":"page","link":"https:\/\/staging.spassio.com\/es\/casas-prefabricadas-predisenadas-a-medida-que-elegir\/","title":{"rendered":"Modelos de casas prefabricadas a medida o predise\u00f1adas: \u00bfCu\u00e1l elegir?"},"content":{"rendered":"<p>Al comprar una casa prefabricada, puedes elegir entre dos opciones de dise\u00f1o: <strong>a medida o predise\u00f1ada<\/strong>. La diferencia m\u00e1s notable entre ambos sigue estando en la libertad de personalizaci\u00f3n, aunque seguir un proceso distinto en la fase de dise\u00f1o influye en la construcci\u00f3n general. Por tanto, elegir entre dise\u00f1ar un prefabricado desde cero o seleccionarlo de un cat\u00e1logo debe basarse en nuestras prioridades.<\/p>\n<p><strong>\u00bfQu\u00e9 es una casa prefabricada a medida?<\/strong><\/p>\n<p>Una <a href=\"\/\">casa prefabricada<\/a> a medida es una casa dise\u00f1ada desde cero teniendo en cuenta las necesidades del usuario. El proyecto de la casa puede ser dise\u00f1ado por la <a href=\"https:\/\/staging.spassio.com\/manufacturers\/\">empresa de prefabricados<\/a> o por un estudio de arquitectura independiente. Cada elemento de la casa se desarrolla individualmente seg\u00fan las especificaciones exactas del cliente, creando un espacio \u00fanico y personalizado.<\/p>\n<p>Dise\u00f1ar una casa a medida es muy atractivo para quienes pueden visualizar f\u00e1cilmente la casa de sus sue\u00f1os. Aunque tambi\u00e9n puede ser una gran oportunidad para un cliente con situaciones no habituales, como topograf\u00edas de parcela dif\u00edciles o requisitos de dise\u00f1o muy espec\u00edficos, ya que los arquitectos adaptar\u00e1n el dise\u00f1o a las necesidades del cliente.<\/p>\n<p><strong>\u00bfQu\u00e9 es un Modelo prefabricado predise\u00f1ado?<br \/>\n<\/strong><\/p>\n<p>Un Modelo prefabricado predise\u00f1ado es una casa que ya ha sido dise\u00f1ada y est\u00e1 disponible para que cualquiera la compre. Las casas prefabricadas predise\u00f1adas tambi\u00e9n se conocen como casas prefabricadas de cat\u00e1logo, ya que el proceso de compra comienza cuando el cliente compara distintas fotos de las casas disponibles para encontrar la que mejor satisfaga sus necesidades y deseos.<\/p>\n<p>Elegir una prefabricada predise\u00f1ada simplifica mucho el proceso de compra de una vivienda nueva, ya que sigue un procedimiento muy visual e intuitivo. Aun as\u00ed, a pesar de elegir un Modelo ya desarrollado, el cliente puede personalizar distintos elementos para adaptar la casa a su gusto.<\/p>\n<figure id=\"attachment_29581\" aria-describedby=\"caption-attachment-29581\" style=\"width: 1170px\" class=\"wp-caption aligncenter\"><img fetchpriority=\"high\" decoding=\"async\" class=\"wp-image-29581 size-full\" src=\"https:\/\/staging.spassio.com\/wp-content\/uploads\/2022\/10\/akso-haus-stella-pre-design-prefab-home.webp\" alt=\"casa prefabricada predise\u00f1ada\" width=\"1170\" height=\"785\" srcset=\"https:\/\/staging.spassio.com\/wp-content\/uploads\/2022\/10\/akso-haus-stella-pre-design-prefab-home.webp 1170w, https:\/\/staging.spassio.com\/wp-content\/uploads\/2022\/10\/akso-haus-stella-pre-design-prefab-home-300x201.webp 300w, https:\/\/staging.spassio.com\/wp-content\/uploads\/2022\/10\/akso-haus-stella-pre-design-prefab-home-1024x687.webp 1024w, https:\/\/staging.spassio.com\/wp-content\/uploads\/2022\/10\/akso-haus-stella-pre-design-prefab-home-768x515.webp 768w, https:\/\/staging.spassio.com\/wp-content\/uploads\/2022\/10\/akso-haus-stella-pre-design-prefab-home-894x600.webp 894w, https:\/\/staging.spassio.com\/wp-content\/uploads\/2022\/10\/akso-haus-stella-pre-design-prefab-home-496x333.webp 496w\" sizes=\"(max-width: 1170px) 100vw, 1170px\" \/><figcaption id=\"caption-attachment-29581\" class=\"wp-caption-text\">Imagen cortes\u00eda de: <a href=\"https:\/\/staging.spassio.com\/models\/akso-haus-stella-1-112-offset-gabled-roof\/\">Akso-Haus-modelo Stella 1-112 Tejado a dos aguas desplazado<\/a><\/figcaption><\/figure>\n<h2>Principales diferencias entre las casas prefabricadas a medida y las predise\u00f1adas<\/h2>\n<p>Una vez construida, no es posible distinguir entre una casa prefabricada que se ha dise\u00f1ado desde cero y una que se ha seleccionado de un cat\u00e1logo. Ambos parecer\u00e1n una construcci\u00f3n bonita y de buena calidad. En cambio, su diferencia ser\u00e1 visible en el proceso de construcci\u00f3n.<\/p>\n<p><strong>Posibilidades de dise\u00f1o: \u00bfPuedes personalizarlos?<\/strong><\/p>\n<p>Las posibilidades de dise\u00f1o de un prefabricado son mucho m\u00e1s amplias si <strong>eliges un Modelo a medida<\/strong>. En este caso, pr\u00e1cticamente no hay limitaciones de dise\u00f1o, ya que los arquitectos trabajar\u00e1n para desarrollar la casa que el cliente desea. Esta flexibilidad de dise\u00f1o es especialmente \u00fatil cuando se construye una casa en un solar con topograf\u00edas complicadas, ya que los dise\u00f1adores pueden encontrar el mejor dise\u00f1o de casa para aprovechar este inconveniente y convertirlo en una oportunidad para crear una arquitectura \u00fanica <a href=\"#_ftn1\" name=\"_ftnref1\">[1]<\/a>, <a href=\"#_ftn2\" name=\"_ftnref2\">[2]<\/a>.<\/p>\n<p><strong>Calidad de los materiales: \u00bfDe qu\u00e9 est\u00e1n hechos?<\/strong><\/p>\n<p>Las casas prefabricadas a medida no se construyen necesariamente con materiales de mayor calidad, aunque el hecho de estar hechas a medida concede a los clientes la posibilidad de elegir los materiales de su preferencia. Los clientes interesados en utilizar materiales duraderos y de alta calidad pueden seleccionar cada uno de ellos a su gusto al comprar <strong>casas a medida<\/strong>.<\/p>\n<p>Elegir una <strong>prefabricada predise\u00f1ada<\/strong> sigue siendo una garant\u00eda de que los materiales de construcci\u00f3n proporcionar\u00e1n un entorno seguro y duradero, ya que todas las casas prefabricadas permanentes se construyen de acuerdo con la normativa de construcci\u00f3n vigente y esto garantiza una buena selecci\u00f3n de materiales <a href=\"#_ftn3\" name=\"_ftnref3\">[3]<\/a>. Aun as\u00ed, no hay mucho margen para que el cliente mejore su calidad o incluso seleccione otras opciones, como utilizar materiales sostenibles, a menos que el <a href=\"https:\/\/staging.spassio.com\/manufacturers\/\">fabricante<\/a> las proporcione.<\/p>\n<p><strong>La producci\u00f3n: \u00bfCu\u00e1nto dura el proceso?<\/strong><\/p>\n<p>Los prefabricados a medida requieren fases de dise\u00f1o m\u00e1s largas, ya que hay que dise\u00f1ar toda la casa desde cero. La duraci\u00f3n de esta fase var\u00eda de un cliente a otro, en funci\u00f3n de la complejidad del dise\u00f1o o de las modificaciones necesarias para conseguir la casa deseada <a href=\"#_ftn4\" name=\"_ftnref4\">[4]<\/a>. Aunque, por lo general, es m\u00e1s largo de lo que ser\u00eda si la casa estuviera predise\u00f1ada.<\/p>\n<p>La producci\u00f3n de un <strong>prefabricado predise\u00f1ado<\/strong> se simplifica mucho y la duraci\u00f3n total se reduce enormemente. En este caso, la fase de dise\u00f1o consiste en seleccionar un Modelo de casa y personalizar algunos de sus elementos, lo que suele traducirse en un plazo de tiempo r\u00e1pido. Adem\u00e1s, la fabricaci\u00f3n de los m\u00f3dulos suele ser m\u00e1s met\u00f3dica y puede completarse en menos tiempo, ya que una menor personalizaci\u00f3n permite al fabricante ce\u00f1irse a las mecanizaciones estandarizadas.<\/p>\n<p><strong>Precio: \u00bfCu\u00e1nto costar\u00e1 la casa?<\/strong><\/p>\n<p>Las casas prefabricadas tienen un coste medio de unos <strong>90.000\u20ac<\/strong>, aunque m\u00faltiples variables modifican este valor y una de ellas es el proceso de dise\u00f1o: Las prefabricadas a medida requieren mucho m\u00e1s tiempo y dedicaci\u00f3n para su construcci\u00f3n y dise\u00f1o, lo que se traduce en un precio de construcci\u00f3n m\u00e1s elevado.<\/p>\n<p>Los <strong>Modelos prefabricados predise\u00f1ados<\/strong> no son \u00fanicos y, por tanto, pueden construirse en un proceso que se asemeja mucho a la producci\u00f3n en serie. Una gran ventaja de este tipo de dise\u00f1o es que el cliente sabe cu\u00e1nto costar\u00e1 fabricar la casa en cuanto se selecciona el Modelo. Algunas modificaciones pueden aumentar un poco este valor, aunque este coste tambi\u00e9n se establece claramente al seleccionarlas.<\/p>\n<h2>\u00bfDeber\u00edas conseguir un cat\u00e1logo prefabricado o dise\u00f1arlo desde cero?<\/h2>\n<p>Elegir entre un Modelo predise\u00f1ado o un dise\u00f1o a medida puede ser dif\u00edcil, ya que cada opci\u00f3n de dise\u00f1o ofrece ventajas e inconvenientes diferentes. Ambas opciones te proporcionar\u00e1n la casa de buena calidad con la que has estado so\u00f1ando, aunque para satisfacer plenamente tus necesidades puede ser \u00fatil identificar tus prioridades m\u00e1s importantes.<\/p>\n<ul>\n<li><b>Te cuesta imaginar c\u00f3mo ser\u00e1 un plano una vez construido<\/b>: En este caso, puede ser muy \u00fatil elegir un Modelo predise\u00f1ado. Se muestran con im\u00e1genes y a veces incluso puedes visitar una muestra. De este modo, cuando elijas un dise\u00f1o, sabr\u00e1s exactamente lo que obtendr\u00e1s.<\/li>\n<li><strong>Tienes<\/strong> en mente un dise\u00f1o muy espec\u00edfico: Si tienes en mente un dise\u00f1o muy espec\u00edfico, te beneficiar\u00e1s de construirlo desde cero.<\/li>\n<li><strong>Tu propiedad tiene una topograf\u00eda escarpada<\/strong>: La mayor\u00eda de los prefabricados predise\u00f1ados est\u00e1n dise\u00f1ados para colocarse sobre una superficie plana. Si tu propiedad tiene una pendiente considerable, una prefabricada a medida puede ser una soluci\u00f3n mejor, ya que el dise\u00f1o general puede pensarse para adaptarse a la ubicaci\u00f3n \u00fanica.<\/li>\n<li>Buscas <strong>caracter\u00edsticas \u00fanicas como la sostenibilidad o la<\/strong> eficiencia energ\u00e9tica: Aunque la sostenibilidad y la eficiencia energ\u00e9tica son etiquetas com\u00fanmente asociadas a los prefabricados, no todos los prefabricados se construyen con estrictas normas medioambientales o de eficiencia energ\u00e9tica. Elegir un dise\u00f1o a medida puede ser una buena forma de definir las caracter\u00edsticas exactas que quieres que ofrezca tu casa.<\/li>\n<li><strong>Necesitas una casa<\/strong> cuanto antes: Si tienes prisa, elegir un Modelo predise\u00f1ado facilitar\u00e1 el proceso y puede que te ahorre algo de tiempo.<\/li>\n<li><strong>Tienes un presupuesto ajustado<\/strong>: Elegir un Modelo predise\u00f1ado es m\u00e1s asequible que construirlo desde cero y el coste total puede ajustarse mejor a tus posibilidades.<\/li>\n<\/ul>\n<figure id=\"attachment_29583\" aria-describedby=\"caption-attachment-29583\" style=\"width: 1170px\" class=\"wp-caption alignnone\"><img decoding=\"async\" class=\"wp-image-29583 size-full\" src=\"https:\/\/staging.spassio.com\/wp-content\/uploads\/2022\/10\/cmb-housings-solutions-bespoke-prefab-home.webp\" alt=\"casa prefabricada a medida\" width=\"1170\" height=\"720\" srcset=\"https:\/\/staging.spassio.com\/wp-content\/uploads\/2022\/10\/cmb-housings-solutions-bespoke-prefab-home.webp 1170w, https:\/\/staging.spassio.com\/wp-content\/uploads\/2022\/10\/cmb-housings-solutions-bespoke-prefab-home-300x185.webp 300w, https:\/\/staging.spassio.com\/wp-content\/uploads\/2022\/10\/cmb-housings-solutions-bespoke-prefab-home-1024x630.webp 1024w, https:\/\/staging.spassio.com\/wp-content\/uploads\/2022\/10\/cmb-housings-solutions-bespoke-prefab-home-768x473.webp 768w, https:\/\/staging.spassio.com\/wp-content\/uploads\/2022\/10\/cmb-housings-solutions-bespoke-prefab-home-975x600.webp 975w, https:\/\/staging.spassio.com\/wp-content\/uploads\/2022\/10\/cmb-housings-solutions-bespoke-prefab-home-496x305.webp 496w\" sizes=\"(max-width: 1170px) 100vw, 1170px\" \/><figcaption id=\"caption-attachment-29583\" class=\"wp-caption-text\">Imagen cortes\u00eda de: <a href=\"https:\/\/staging.spassio.com\/models\/cmb-housing-solutions-primum\/\">CMB Housing Solutions-modelo Primum<\/a><\/figcaption><\/figure>\n<h2>Preguntas frecuentes<\/h2>\n<p><strong>\u00bfC\u00f3mo puede un Modelo a medida obtener las ventajas de la construcci\u00f3n prefabricada?<\/strong><\/p>\n<p>En comparaci\u00f3n con los modelos predise\u00f1ados, los prefabricados a medida son m\u00e1s caros y tienen un proceso de construcci\u00f3n m\u00e1s largo. Sin embargo, los prefabricados a medida siguen siendo m\u00e1s baratos y r\u00e1pidos de construir que la construcci\u00f3n tradicional, y esto es un resultado directo de la prefabricaci\u00f3n. A pesar de ser totalmente personalizadas, estas casas siguen construy\u00e9ndose en un entorno similar al de una f\u00e1brica, donde la mayor\u00eda de los trabajos est\u00e1n mecanizados, lo que reduce el tiempo y el trabajo humano.<\/p>\n<p><strong>\u00bfEs posible conseguir una casa prefabricada singular dise\u00f1ada por el arquitecto que t\u00fa elijas?<\/strong><\/p>\n<p>Generalmente s\u00ed, aunque esto puede variar de un fabricante de prefabricados a otro. En este caso, el arquitecto que elijas colaborar\u00e1 con el equipo de dise\u00f1o del fabricante para garantizar que el dise\u00f1o permita una construcci\u00f3n, transporte y montaje eficientes.<\/p>\n<p><strong>\u00bfC\u00f3mo puede un Modelo predise\u00f1ado obtener alg\u00fan grado de personalizaci\u00f3n?<\/strong><\/p>\n<p>La mayor\u00eda de los fabricantes que ofrecen modelos predise\u00f1ados animan al cliente a personalizar algunos elementos de la casa para adaptarla a sus necesidades y deseos. Las personalizaciones m\u00e1s comunes incluyen la elecci\u00f3n de los materiales del suelo, la distribuci\u00f3n y el acabado de la cocina o los colores.<\/p>\n<p><strong>\u00bfC\u00f3mo se puede adaptar un Modelo predise\u00f1ado a las condiciones locales?<\/strong><\/p>\n<p>S\u00ed, a pesar de estar predise\u00f1ados, todos los prefabricados tienen que cumplir la normativa local sobre construcci\u00f3n y, por tanto, un Modelo predise\u00f1ado se adaptar\u00e1 a los requisitos espec\u00edficos del lugar donde vaya a instalarse.<\/p>\n<p><strong>Referencias<\/strong>:<br \/>\n[<a style=\"color: #3eb6a8;\" href=\"#_ftnref1\" name=\"_ftn1\">1]<\/a>Gu\u00eda paso a paso The Wee House Co. https:\/\/theweehousecompany.co.uk\/modular-home-step-by-step-guide\/<br \/>\n<a style=\"color: #3eb6a8;\" href=\"#_ftnref2\" name=\"_ftn2\">[2]<\/a>Dise\u00f1o Aito <a href=\"https:\/\/www.loghouse.fi\/services\/log-house-design\/\">https:\/\/www.loghouse.fi\/services\/log-house-design\/<\/a><br \/>\n[<a style=\"color: #3eb6a8;\" href=\"#_ftnref3\" name=\"_ftn3\">3]<\/a>(2020, julio) Manual del Reglamento de Edificaci\u00f3n. Un c\u00f3digo de buenas pr\u00e1cticas para su uso en Inglaterra Gobierno de Su Majestad <a href=\"http:\/\/www.gov.uk\/mhclg\">www.gov.uk\/mhclg<\/a><br \/>\n<a style=\"color: #3eb6a8;\" href=\"#_ftnref4\" name=\"_ftn4\">[4]<\/a>Proyectos a medida tini <a href=\"https:\/\/en.tiniliving.com\/proyectos-a-medida\">https:\/\/en.tiniliving.com\/proyectos-a-medida<\/a><\/p>\n","protected":false},"excerpt":{"rendered":"<p>Al comprar una casa prefabricada, puedes elegir entre dos opciones de dise\u00f1o: a medida o predise\u00f1ada. La diferencia m\u00e1s notable entre ambos sigue estando en la libertad de personalizaci\u00f3n, aunque seguir un proceso distinto en la fase de dise\u00f1o influye en la construcci\u00f3n general. Por tanto, elegir entre dise\u00f1ar un prefabricado desde cero o seleccionarlo [&hellip;]<\/p>\n","protected":false},"author":194,"featured_media":29581,"parent":0,"menu_order":0,"comment_status":"closed","ping_status":"closed","template":"","meta":{"content-type":"","_FSMCFIC_featured_image_caption":"","_FSMCFIC_featured_image_nocaption":"","_FSMCFIC_featured_image_hide":"","footnotes":""},"class_list":["post-60937","page","type-page","status-publish","has-post-thumbnail","hentry"],"_wp_attached_file":null,"_wp_attachment_metadata":null,"_wp_attachment_backup_sizes":null,"siteground_optimizer_webp_conversion_attempts":null,"siteground_optimizer_is_converted_to_webp":null,"siteground_optimizer_optimization_attempts":null,"siteground_optimizer_optimization_failed":null,"wpml_media_processed":null,"_wp_attachment_image_alt":null,"siteground_optimizer_is_optimized":null,"siteground_optimizer_webp_conversion_failed":null,"_elementor_source_image_hash":null,"siteground_optimizer_compression_level":null,"_elementor_inline_svg":null,"_imagify_optimization_level":null,"_imagify_status":null,"_imagify_data":null,"siteground_optimizer_original_filesize":null,"wpse_external_file_url":null,"fave_currency":null,"fave_currency_info":null,"fave_property_id":null,"fave_property_map":null,"fave_property_location":null,"houzez_geolocation_lat":null,"houzez_geolocation_long":null,"fave_property_map_street_view":null,"fave_featured":null,"fave_loggedintoview":null,"fave_agent_display_option":null,"fave_prop_homeslider":null,"fave_single_top_area":null,"fave_single_content_area":null,"_yoast_wpseo_primary_property_type":null,"_yoast_wpseo_primary_property_feature":null,"_yoast_wpseo_primary_property_label":null,"_yoast_wpseo_primary_property_country":null,"houzez_manual_expire":null,"_houzez_expiration_date_status":null,"houzez_total_property_views":null,"houzez_views_by_date":null,"houzez_recently_viewed":null,"fave_property_price":null,"fave_property_price_prefix":null,"fave_property_size":null,"fave_property_bathrooms":null,"fave_property_garage":null,"fave_levels":null,"fave_roof-type":null,"fave_construction-type":null,"fave_video_url":null,"fave_video_image":null,"fave_payment_status":null,"fave_property_agency":null,"fave_countries":null,"fave_sleeps":null,"_yoast_wpseo_primary_property_status":null,"fave_property_images":null,"fave_attachments":null,"technical_description":null,"houzez_featured_listing_date":null,"fave_property_size_prefix":null,"fave_property_bedrooms":null,"fave_property_price_postfix":null,"fave_production-time-in-weeks":null,"fave_building-time-in-days":null,"fave_window-glazing":null,"_yoast_wpseo_primary_feature-2":null,"_yoast_wpseo_primary_feature-3":null,"fave_warranty-in-years":null,"fave_property_land":null,"fave_property_land_postfix":null,"wpsebeba57d406-00de-d339-8c02-3956a916f506":null,"_oembed_eefb35903900c5c166d55ccf7fc62a8a":null,"_oembed_30948e80c1a853da0b519e72c40d2e13":null,"_oembed_0b78a31d7c7e6041adc064d46c40f98b":null,"_oembed_42c2c13b5902a21593b1d521556aea88":null,"_oembed_4fb58e495f37e206f97738a42dbe566f":null,"_oembed_b2828bee61bd9076cd21ece641de7abc":null,"_oembed_0c92428c960763e658977ce4918863f4":null,"_oembed_02b72dc3d26bdba6ff900a268ade2517":null,"_oembed_8c819834f7fc0b74364aa34a8193f46f":null,"_oembed_088962b77808b37d57abe5c8143f9652":null,"_oembed_dfae0e674c59ba061a82b330fc7fdea0":null,"_oembed_74e5075f66c4cd04b0e118feb24f6636":null,"fave_mortgage_cal":null,"_air_wp_sync_record_id":null,"_air_wp_sync_hash":null,"_air_wp_sync_importer_id":null,"_air_wp_sync_updated_at":null,"external_listing_link":null,"fave_property_map_address":null,"fave_multi_units_ids":null,"$wpml_language$":null,"fave_virtual_tour":null,"fave_gross-external-area":null,"_houzez_expiration_date":null,"_houzez_expiration_date_options":null,"floor_plans":null,"_oembed_a17db82fa378d53b4dc6ed46e5344499":null,"_oembed_da390569a339f4d7147d95cfb8c04c12":null,"_oembed_6a3eda5947bcc098660397ca8e21a941":null,"fave_roof-angle":null,"fave_seo-content":null,"_oembed_a7b8941eeee966e7350aede20b4d62be":null,"_oembed_time_a7b8941eeee966e7350aede20b4d62be":null,"additional_features":null,"fave_multi_units":null,"_oembed_716f56b62500685a7dd15ea2ec7579bd":null,"_oembed_time_716f56b62500685a7dd15ea2ec7579bd":null,"_oembed_8ececd3dd2598a4aedb5dfc82df2a0f6":null,"_oembed_time_8ececd3dd2598a4aedb5dfc82df2a0f6":null,"_oembed_4cef7884ea6ef16d48cd8675b12e440d":null,"fave_property_garage_size":null,"_oembed_5c1eaf7b40f4e3a3089b38beb88ba480":null,"fave_property_zip":null,"_oembed_ccdd6e0304386ece64b3b91f572b0be4":null,"_oembed_ae30d19e3e861b389146a1ccc2828104":null,"fave_property_rooms":null,"fave_property_year":null,"two_page_speed":null,"fave_year_established":null,"Status":null,"_oembed_5b2d8d2cf33b469c98e488ea5b118c30":null,"WPML Language Code":null,"_links":{"self":[{"href":"https:\/\/staging.spassio.com\/es\/wp-json\/wp\/v2\/pages\/60937","targetHints":{"allow":["GET"]}}],"collection":[{"href":"https:\/\/staging.spassio.com\/es\/wp-json\/wp\/v2\/pages"}],"about":[{"href":"https:\/\/staging.spassio.com\/es\/wp-json\/wp\/v2\/types\/page"}],"author":[{"embeddable":true,"href":"https:\/\/staging.spassio.com\/es\/wp-json\/wp\/v2\/users\/194"}],"replies":[{"embeddable":true,"href":"https:\/\/staging.spassio.com\/es\/wp-json\/wp\/v2\/comments?post=60937"}],"version-history":[{"count":0,"href":"https:\/\/staging.spassio.com\/es\/wp-json\/wp\/v2\/pages\/60937\/revisions"}],"wp:featuredmedia":[{"embeddable":true,"href":"https:\/\/staging.spassio.com\/es\/wp-json\/wp\/v2\/media\/29581"}],"wp:attachment":[{"href":"https:\/\/staging.spassio.com\/es\/wp-json\/wp\/v2\/media?parent=60937"}],"curies":[{"name":"wp","href":"https:\/\/api.w.org\/{rel}","templated":true}]}}