{"id":60941,"date":"2023-02-19T17:06:24","date_gmt":"2023-02-19T16:06:24","guid":{"rendered":"https:\/\/staging.spassio.com\/?page_id=60941"},"modified":"2023-09-03T09:55:23","modified_gmt":"2023-09-03T08:55:23","slug":"que-es-casa-prefabricada-llave-en-mano","status":"publish","type":"page","link":"https:\/\/staging.spassio.com\/es\/que-es-casa-prefabricada-llave-en-mano\/","title":{"rendered":"Qu\u00e9 es una casa prefabricada llave en mano"},"content":{"rendered":"<p>Una <strong>prefabricada llave en<\/strong> mano se define como una casa que se te entrega totalmente terminada y lista para funcionar. Sin embargo, el t\u00e9rmino &#8220;llave en mano&#8221; suele dar lugar a confusi\u00f3n, ya que lo que se entiende por una casa totalmente terminada var\u00eda enormemente de un fabricante a otro.<\/p>\n<p>La raz\u00f3n principal por la que los fabricantes ofrecen una entrega llave en mano es simplificar el proceso de compra y construcci\u00f3n para el cliente y, aunque los elementos o servicios que eligen ampliar var\u00edan de una empresa a otra, hay un paquete b\u00e1sico que siempre cabe esperar, aunque tenga un aspecto ligeramente distinto.<\/p>\n<h2>\u00bfQu\u00e9 puedes esperar de una casa prefabricada llave en mano?<\/h2>\n<p>A pesar de las distintas interpretaciones del t\u00e9rmino &#8220;llave en mano&#8221;, siempre puedes esperar que una prefabricada llave en mano est\u00e9 equipada de tal forma que no sea necesario ning\u00fan trabajo de construcci\u00f3n una vez que te entreguen la casa.<\/p>\n<h3>El paquete b\u00e1sico llave en mano<\/h3>\n<p>El paquete que se ofrece es \u00fanico y diferente para cada fabricante, pero hay algunos elementos que son constantes y siempre se pueden esperar entre todas las casas prefabricadas llave en mano. Los elementos enumerados a continuaci\u00f3n garantizan que la casa est\u00e9 terminada y sin necesidad de obras adicionales. Por tanto, siempre se incluyen en un prefabricado llave en mano.<\/p>\n<ul>\n<li><strong>Accesorios<\/strong>: Los accesorios son aquellos muebles que est\u00e1n integrados en la construcci\u00f3n de la casa y no se pueden mover libremente. El equipamiento m\u00ednimo que incluyen todos los prefabricados llave en mano son armarios y encimeras de ba\u00f1o y cocina.<\/li>\n<li><strong>Acabados interiores<\/strong>: Debes esperar que los suelos est\u00e9n perfectamente acabados con baldosas o suelos de madera, seg\u00fan el material que elijas. Las paredes tambi\u00e9n se entregan totalmente acabadas, con todos los interruptores y enchufes necesarios instalados. Sin embargo, no todas las prefabricadas llave en mano vienen con las paredes interiores pintadas.<\/li>\n<li><strong>Acabados<\/strong> exteriores: El exterior de una prefabricada llave en mano parece totalmente acabado, ya que incluye todos los revestimientos, tejas, puertas y ventanas necesarios.<\/li>\n<li><strong>Electricidad y fontaner\u00eda<\/strong>: Absolutamente todos los prefabricados llave en mano se entregan con todos los trabajos necesarios de electricidad y fontaner\u00eda totalmente terminados. La casa siempre est\u00e1 perfectamente cableada, con tuber\u00edas de gas si es necesario y todos los conductos de fontaner\u00eda, as\u00ed como los accesorios de fontaner\u00eda, como lavabos, inodoros o duchas, instalados y listos para usar.<\/li>\n<li><strong>Iluminaci\u00f3n y l\u00e1m<\/strong>paras: Aunque no esperes que la casa incluya l\u00e1mparas de ambiente o de foco independientes, la iluminaci\u00f3n general siempre est\u00e1 incluida, ya que la proporcionan l\u00e1mparas LED integradas en el techo o las paredes.<\/li>\n<\/ul>\n<h3>Principales servicios que suele incluir una Casa Prefabricada Llave en Mano<\/h3>\n<p>Generalmente, llave en mano define los elementos de construcci\u00f3n y los acabados incluidos en la casa. Sin embargo, es habitual que <a href=\"https:\/\/staging.spassio.com\/manufacturers\/\">los fabricantes<\/a> incluyan tambi\u00e9n algunos servicios que contribuyen a que el proceso de construcci\u00f3n de una casa sea m\u00e1s sencillo.<\/p>\n<p>Dado que el t\u00e9rmino prefabricado incluye diversos tipos de construcci\u00f3n, los servicios necesarios para completar el proceso de construcci\u00f3n pueden variar. No obstante, los servicios que incluyen pr\u00e1cticamente todas las casas prefabricadas llave en mano son los siguientes:<\/p>\n<ul>\n<li><strong>Estudio de viabilidad<\/strong>: Se trata de un servicio habitual que ofrece el fabricante para identificar cualquier limitaci\u00f3n en tu propiedad que pudiera interferir en la entrega o instalaci\u00f3n de la casa.<\/li>\n<li>Dise\u00f1o <strong>de<\/strong> la casa: Todos los fabricantes cuentan con un equipo de dise\u00f1o que te guiar\u00e1 en la personalizaci\u00f3n de tu casa, tanto si eliges un modelo predise\u00f1ado como un dise\u00f1o a medida. Este servicio lo ofrecen dise\u00f1adores y\/o arquitectos que te ayudan a adaptar el dise\u00f1o de la casa a tus necesidades y estilo personal.<\/li>\n<li><strong>Fabricaci\u00f3n<\/strong> fuera de las instalaciones: Sin duda, todos los fabricantes construir\u00e1n la casa fuera de las instalaciones, en un entorno similar al de una f\u00e1brica. El producto entregado siempre incluye al menos el paquete m\u00ednimo llave en mano.<\/li>\n<li><strong>Transporte<\/strong>: Las casas prefabricadas llave en mano suelen ser entregadas por el fabricante, independientemente de la distancia recorrida. Sin embargo, el coste del Transporte se calcula aparte.<\/li>\n<li>Montaje <strong>y acabados in situ<\/strong>: En la mayor\u00eda de los casos, el Fabricante montar\u00e1 la casa una vez en su propiedad. Los prefabricados que requieren un montaje m\u00e1s minucioso, como <a href=\"https:\/\/staging.spassio.com\/categories\/panel-built-houses\/\">los paneles prefabricados<\/a> o los proyectos modulares, necesitan algunos trabajos de acabado que tambi\u00e9n proporciona el fabricante.<\/li>\n<\/ul>\n<h2>\u00bfQu\u00e9 te gustar\u00eda que incluyera tu prefabricado llave en mano?<\/h2>\n<p>Aunque todos los <strong>fabricantes &#8220;llave en mano<\/strong> &#8221; entregan sus prefabricados con el paquete y los servicios b\u00e1sicos, esta oferta tiene un aspecto muy distinto en cada empresa. A continuaci\u00f3n hemos enumerado algunas de las principales empresas que ofrecen servicios llave en mano en Europa y el Reino Unido, para que te hagas una idea de c\u00f3mo es la llave en mano para todas ellas.<\/p>\n<p><strong>Casas Pasi\u00f3n Inteligente<\/strong><\/p>\n<figure id=\"attachment_33964\" aria-describedby=\"caption-attachment-33964\" style=\"width: 800px\" class=\"wp-caption alignnone\"><img fetchpriority=\"high\" decoding=\"async\" class=\"wp-image-33964 size-full\" src=\"https:\/\/staging.spassio.com\/wp-content\/uploads\/2023\/02\/passion-houses-turnkey-prefab.jpg\" alt=\"casa prefabricada llave en mano\" width=\"800\" height=\"536\" srcset=\"https:\/\/staging.spassio.com\/wp-content\/uploads\/2023\/02\/passion-houses-turnkey-prefab.jpg 800w, https:\/\/staging.spassio.com\/wp-content\/uploads\/2023\/02\/passion-houses-turnkey-prefab-300x201.jpg 300w, https:\/\/staging.spassio.com\/wp-content\/uploads\/2023\/02\/passion-houses-turnkey-prefab-768x515.jpg 768w, https:\/\/staging.spassio.com\/wp-content\/uploads\/2023\/02\/passion-houses-turnkey-prefab-496x332.jpg 496w\" sizes=\"(max-width: 800px) 100vw, 800px\" \/><figcaption id=\"caption-attachment-33964\" class=\"wp-caption-text\">Con sede en Estonia, <a href=\"https:\/\/staging.spassio.com\/manufacturer\/wamp-group\/\">Passion Smart<\/a> Houses optimiza su <strong>paquete b\u00e1sico llave en<\/strong> mano seg\u00fan las normas de eficiencia energ\u00e9tica. Para ello, utiliza materiales de primera calidad, Ventanas de triple vidrio y aislamiento n\u00f3rdico. Adem\u00e1s de los elementos b\u00e1sicos llave en mano, este fabricante incluye un sistema completo de climatizaci\u00f3n con la ventaja de estar preparado para conectarse a paneles solares en el futuro si se desea.<\/figcaption><\/figure>\n<p>&nbsp;<\/p>\n<p><strong>Klein HAUS<\/strong><\/p>\n<figure id=\"attachment_33965\" aria-describedby=\"caption-attachment-33965\" style=\"width: 800px\" class=\"wp-caption alignnone\"><img decoding=\"async\" class=\"wp-image-33965 size-full\" src=\"https:\/\/staging.spassio.com\/wp-content\/uploads\/2023\/02\/klein-house-turnkey-prefab.jpg\" alt=\"\" width=\"800\" height=\"600\" srcset=\"https:\/\/staging.spassio.com\/wp-content\/uploads\/2023\/02\/klein-house-turnkey-prefab.jpg 800w, https:\/\/staging.spassio.com\/wp-content\/uploads\/2023\/02\/klein-house-turnkey-prefab-300x225.jpg 300w, https:\/\/staging.spassio.com\/wp-content\/uploads\/2023\/02\/klein-house-turnkey-prefab-768x576.jpg 768w, https:\/\/staging.spassio.com\/wp-content\/uploads\/2023\/02\/klein-house-turnkey-prefab-592x444.jpg 592w, https:\/\/staging.spassio.com\/wp-content\/uploads\/2023\/02\/klein-house-turnkey-prefab-584x438.jpg 584w, https:\/\/staging.spassio.com\/wp-content\/uploads\/2023\/02\/klein-house-turnkey-prefab-120x90.jpg 120w, https:\/\/staging.spassio.com\/wp-content\/uploads\/2023\/02\/klein-house-turnkey-prefab-496x372.jpg 496w\" sizes=\"(max-width: 800px) 100vw, 800px\" \/><figcaption id=\"caption-attachment-33965\" class=\"wp-caption-text\">El objetivo principal de la empresa holandesa <a href=\"https:\/\/staging.spassio.com\/manufacturer\/kleinhaus\/\">Klein HAUS<\/a> es ofrecer una selecci\u00f3n de casas prefabricadas modernas a un precio razonable y listas para instalar. Por ello, ampl\u00edan los servicios ofrecidos &#8220;llave en mano&#8221; e incluyen todas las obras de instalaci\u00f3n de los Cimientos. Adem\u00e1s, una vez instalada, la casa est\u00e1 lista para que el cliente se mude a ella, ya que est\u00e1 totalmente amueblada y equipada con sistemas de calefacci\u00f3n.<\/figcaption><\/figure>\n<p>&nbsp;<\/p>\n<p><strong>Brette Haus<\/strong><\/p>\n<figure id=\"attachment_33966\" aria-describedby=\"caption-attachment-33966\" style=\"width: 800px\" class=\"wp-caption alignnone\"><img decoding=\"async\" class=\"wp-image-33966 size-full\" src=\"https:\/\/staging.spassio.com\/wp-content\/uploads\/2023\/02\/brette-haus-turnkey-prefab.jpg\" alt=\"\" width=\"800\" height=\"528\" srcset=\"https:\/\/staging.spassio.com\/wp-content\/uploads\/2023\/02\/brette-haus-turnkey-prefab.jpg 800w, https:\/\/staging.spassio.com\/wp-content\/uploads\/2023\/02\/brette-haus-turnkey-prefab-300x198.jpg 300w, https:\/\/staging.spassio.com\/wp-content\/uploads\/2023\/02\/brette-haus-turnkey-prefab-768x507.jpg 768w, https:\/\/staging.spassio.com\/wp-content\/uploads\/2023\/02\/brette-haus-turnkey-prefab-496x327.jpg 496w\" sizes=\"(max-width: 800px) 100vw, 800px\" \/><figcaption id=\"caption-attachment-33966\" class=\"wp-caption-text\"><a href=\"https:\/\/staging.spassio.com\/manufacturer\/brette-haus\/\">Brette Haus<\/a> es un fabricante let\u00f3n \u00fanico cuya oferta incluye casas prefabricadas plegables. Sin embargo, ser plegable es m\u00e1s que una singularidad, ya que estos dise\u00f1os est\u00e1n pensados para montarse f\u00e1cil y r\u00e1pidamente. Para potenciar estas caracter\u00edsticas, Brette House ofrece la posibilidad de adquirir una <strong>casa llave en mano<\/strong> que se te entrega ya amueblada.<\/figcaption><\/figure>\n<p>&nbsp;<\/p>\n<p><strong>Casa Wee<\/strong><\/p>\n<figure id=\"attachment_33967\" aria-describedby=\"caption-attachment-33967\" style=\"width: 800px\" class=\"wp-caption alignnone\"><img loading=\"lazy\" decoding=\"async\" class=\"wp-image-33967 size-full\" src=\"https:\/\/staging.spassio.com\/wp-content\/uploads\/2023\/02\/wee-house-turnkey-prefab.jpg\" alt=\"\" width=\"800\" height=\"532\" srcset=\"https:\/\/staging.spassio.com\/wp-content\/uploads\/2023\/02\/wee-house-turnkey-prefab.jpg 800w, https:\/\/staging.spassio.com\/wp-content\/uploads\/2023\/02\/wee-house-turnkey-prefab-300x200.jpg 300w, https:\/\/staging.spassio.com\/wp-content\/uploads\/2023\/02\/wee-house-turnkey-prefab-768x511.jpg 768w, https:\/\/staging.spassio.com\/wp-content\/uploads\/2023\/02\/wee-house-turnkey-prefab-496x330.jpg 496w\" sizes=\"(max-width: 800px) 100vw, 800px\" \/><figcaption id=\"caption-attachment-33967\" class=\"wp-caption-text\">The <a href=\"https:\/\/staging.spassio.com\/manufacturer\/the-wee-house-company\/\">Wee<\/a> House dise\u00f1a casas encantadoras de aspecto tradicional y te las entrega sin estr\u00e9s. Ofrecen m\u00faltiples servicios complementarios para los clientes establecidos en el Reino Unido continental, como solicitar la autorizaci\u00f3n urban\u00edstica en tu nombre o encargarse de las obras necesarias in situ. Adem\u00e1s del amplio paquete de servicios, estas casas tambi\u00e9n incluyen sistemas de calefacci\u00f3n y electrodom\u00e9sticos, todos ellos inteligentemente dise\u00f1ados para ayudarte a reducir tu factura el\u00e9ctrica.<\/figcaption><\/figure>\n<p>&nbsp;<\/p>\n<p><strong>Nomad Container<\/strong><\/p>\n<figure id=\"attachment_33968\" aria-describedby=\"caption-attachment-33968\" style=\"width: 800px\" class=\"wp-caption alignnone\"><img loading=\"lazy\" decoding=\"async\" class=\"wp-image-33968 size-full\" src=\"https:\/\/staging.spassio.com\/wp-content\/uploads\/2023\/02\/nomad-container-turnkey-prefab.jpg\" alt=\"\" width=\"800\" height=\"449\" srcset=\"https:\/\/staging.spassio.com\/wp-content\/uploads\/2023\/02\/nomad-container-turnkey-prefab.jpg 800w, https:\/\/staging.spassio.com\/wp-content\/uploads\/2023\/02\/nomad-container-turnkey-prefab-300x168.jpg 300w, https:\/\/staging.spassio.com\/wp-content\/uploads\/2023\/02\/nomad-container-turnkey-prefab-768x431.jpg 768w, https:\/\/staging.spassio.com\/wp-content\/uploads\/2023\/02\/nomad-container-turnkey-prefab-496x278.jpg 496w\" sizes=\"(max-width: 800px) 100vw, 800px\" \/><figcaption id=\"caption-attachment-33968\" class=\"wp-caption-text\"><a href=\"https:\/\/staging.spassio.com\/manufacturer\/nomad-container\/\">Nomad Container<\/a> es un Fabricante con sede en Ruman\u00eda que ofrece opciones de entrega llave en mano como soluci\u00f3n para ayudarte a optimizar el coste de la casa. Su <strong>casa prefabricada llave en<\/strong> mano se basa en el paquete y los servicios b\u00e1sicos, aunque ofrecen un alto grado de personalizaci\u00f3n para asegurarse de que se adapta a tus necesidades.<\/figcaption><\/figure>\n<p><strong>Tini Living<\/strong><\/p>\n<figure id=\"attachment_33969\" aria-describedby=\"caption-attachment-33969\" style=\"width: 800px\" class=\"wp-caption alignnone\"><img loading=\"lazy\" decoding=\"async\" class=\"wp-image-33969 size-full\" src=\"https:\/\/staging.spassio.com\/wp-content\/uploads\/2023\/02\/tini-living-turnkey-prefab.jpg\" alt=\"\" width=\"800\" height=\"532\" srcset=\"https:\/\/staging.spassio.com\/wp-content\/uploads\/2023\/02\/tini-living-turnkey-prefab.jpg 800w, https:\/\/staging.spassio.com\/wp-content\/uploads\/2023\/02\/tini-living-turnkey-prefab-300x200.jpg 300w, https:\/\/staging.spassio.com\/wp-content\/uploads\/2023\/02\/tini-living-turnkey-prefab-768x511.jpg 768w, https:\/\/staging.spassio.com\/wp-content\/uploads\/2023\/02\/tini-living-turnkey-prefab-496x330.jpg 496w\" sizes=\"(max-width: 800px) 100vw, 800px\" \/><figcaption id=\"caption-attachment-33969\" class=\"wp-caption-text\"><a href=\"https:\/\/staging.spassio.com\/manufacturer\/tini\/\">Tini<\/a> Living ofrece una entrega llave en mano muy completa que incluye algunas piezas de mobiliario, como el somier con sus mesillas de noche para un dormitorio completo. Otros elementos adicionales, como un frigor\u00edfico integrado o sistemas de calefacci\u00f3n y refrigeraci\u00f3n, tambi\u00e9n forman parte de su generoso paquete. Aun as\u00ed, lo que hace que destaquen las prefabricadas llave en mano de esta empresa es la instalaci\u00f3n fotovoltaica adicional. Tambi\u00e9n se ofrecen servicios adicionales, como la construcci\u00f3n de los Cimientos in situ, para los clientes con sede en Madrid (Espa\u00f1a).<\/figcaption><\/figure>\n<p>&nbsp;<\/p>\n<p><strong>Eestihouse<\/strong><\/p>\n<figure id=\"attachment_33971\" aria-describedby=\"caption-attachment-33971\" style=\"width: 800px\" class=\"wp-caption alignnone\"><img loading=\"lazy\" decoding=\"async\" class=\"wp-image-33971 size-full\" src=\"https:\/\/staging.spassio.com\/wp-content\/uploads\/2023\/02\/eestihouse-turnkey-prefab.jpg\" alt=\"\" width=\"800\" height=\"453\" srcset=\"https:\/\/staging.spassio.com\/wp-content\/uploads\/2023\/02\/eestihouse-turnkey-prefab.jpg 800w, https:\/\/staging.spassio.com\/wp-content\/uploads\/2023\/02\/eestihouse-turnkey-prefab-300x170.jpg 300w, https:\/\/staging.spassio.com\/wp-content\/uploads\/2023\/02\/eestihouse-turnkey-prefab-768x435.jpg 768w, https:\/\/staging.spassio.com\/wp-content\/uploads\/2023\/02\/eestihouse-turnkey-prefab-496x281.jpg 496w\" sizes=\"(max-width: 800px) 100vw, 800px\" \/><figcaption id=\"caption-attachment-33971\" class=\"wp-caption-text\">La empresa estonia <a href=\"https:\/\/staging.spassio.com\/manufacturer\/eestihouse\/\">Eestihouse<\/a> ha dise\u00f1ado su paquete llave en mano como una soluci\u00f3n para ahorrarte tiempo y dinero. Sus casas est\u00e1n especialmente pensadas como un lugar de escapada o una inversi\u00f3n de alquiler tur\u00edstico que puede instalarse r\u00e1pida, f\u00e1cilmente y a bajo coste. Por eso, su paquete llave en mano incluye una casa totalmente terminada con algunas piezas de mobiliario, como el somier.<\/figcaption><\/figure>\n<p>&nbsp;<\/p>\n<p><strong>A\u00f1adir una habitaci\u00f3n<\/strong><\/p>\n<figure id=\"attachment_33973\" aria-describedby=\"caption-attachment-33973\" style=\"width: 800px\" class=\"wp-caption alignnone\"><img loading=\"lazy\" decoding=\"async\" class=\"wp-image-33973 size-full\" src=\"https:\/\/staging.spassio.com\/wp-content\/uploads\/2023\/02\/addaroom-turnkey-prefab.jpg\" alt=\"\" width=\"800\" height=\"421\" srcset=\"https:\/\/staging.spassio.com\/wp-content\/uploads\/2023\/02\/addaroom-turnkey-prefab.jpg 800w, https:\/\/staging.spassio.com\/wp-content\/uploads\/2023\/02\/addaroom-turnkey-prefab-300x158.jpg 300w, https:\/\/staging.spassio.com\/wp-content\/uploads\/2023\/02\/addaroom-turnkey-prefab-768x404.jpg 768w, https:\/\/staging.spassio.com\/wp-content\/uploads\/2023\/02\/addaroom-turnkey-prefab-496x261.jpg 496w\" sizes=\"(max-width: 800px) 100vw, 800px\" \/><figcaption id=\"caption-attachment-33973\" class=\"wp-caption-text\"><a href=\"https:\/\/staging.spassio.com\/manufacturer\/add-a-room-as\/\">Add a Room<\/a> es un fabricante dan\u00e9s con un dise\u00f1o opcional llave en mano como soluci\u00f3n para simplificar el proceso de construcci\u00f3n de una casa. Para ello, acompa\u00f1an a sus clientes durante todo el proceso, desde el principio, cuando dise\u00f1an la casa, hasta su entrega. Se encargan de la solicitud de Licencia de obras por ti y ayudan a coordinar a los distintos profesionales y tiene lugar in situ.<\/figcaption><\/figure>\n","protected":false},"excerpt":{"rendered":"<p>Una prefabricada llave en mano se define como una casa que se te entrega totalmente terminada y lista para funcionar. Sin embargo, el t\u00e9rmino &#8220;llave en mano&#8221; suele dar lugar a confusi\u00f3n, ya que lo que se entiende por una casa totalmente terminada var\u00eda enormemente de un fabricante a otro. La raz\u00f3n principal por la [&hellip;]<\/p>\n","protected":false},"author":194,"featured_media":49920,"parent":0,"menu_order":0,"comment_status":"closed","ping_status":"closed","template":"","meta":{"content-type":"","_FSMCFIC_featured_image_caption":"","_FSMCFIC_featured_image_nocaption":"","_FSMCFIC_featured_image_hide":"","footnotes":""},"class_list":["post-60941","page","type-page","status-publish","has-post-thumbnail","hentry"],"_wp_attached_file":null,"_wp_attachment_metadata":null,"_wp_attachment_backup_sizes":null,"siteground_optimizer_webp_conversion_attempts":null,"siteground_optimizer_is_converted_to_webp":null,"siteground_optimizer_optimization_attempts":null,"siteground_optimizer_optimization_failed":null,"wpml_media_processed":null,"_wp_attachment_image_alt":null,"siteground_optimizer_is_optimized":null,"siteground_optimizer_webp_conversion_failed":null,"_elementor_source_image_hash":null,"siteground_optimizer_compression_level":null,"_elementor_inline_svg":null,"_imagify_optimization_level":null,"_imagify_status":null,"_imagify_data":null,"siteground_optimizer_original_filesize":null,"wpse_external_file_url":null,"fave_currency":null,"fave_currency_info":null,"fave_property_id":null,"fave_property_map":null,"fave_property_location":null,"houzez_geolocation_lat":null,"houzez_geolocation_long":null,"fave_property_map_street_view":null,"fave_featured":null,"fave_loggedintoview":null,"fave_agent_display_option":null,"fave_prop_homeslider":null,"fave_single_top_area":null,"fave_single_content_area":null,"_yoast_wpseo_primary_property_type":null,"_yoast_wpseo_primary_property_feature":null,"_yoast_wpseo_primary_property_label":null,"_yoast_wpseo_primary_property_country":null,"houzez_manual_expire":null,"_houzez_expiration_date_status":null,"houzez_total_property_views":null,"houzez_views_by_date":null,"houzez_recently_viewed":null,"fave_property_price":null,"fave_property_price_prefix":null,"fave_property_size":null,"fave_property_bathrooms":null,"fave_property_garage":null,"fave_levels":null,"fave_roof-type":null,"fave_construction-type":null,"fave_video_url":null,"fave_video_image":null,"fave_payment_status":null,"fave_property_agency":null,"fave_countries":null,"fave_sleeps":null,"_yoast_wpseo_primary_property_status":null,"fave_property_images":null,"fave_attachments":null,"technical_description":null,"houzez_featured_listing_date":null,"fave_property_size_prefix":null,"fave_property_bedrooms":null,"fave_property_price_postfix":null,"fave_production-time-in-weeks":null,"fave_building-time-in-days":null,"fave_window-glazing":null,"_yoast_wpseo_primary_feature-2":null,"_yoast_wpseo_primary_feature-3":null,"fave_warranty-in-years":null,"fave_property_land":null,"fave_property_land_postfix":null,"wpsebeba57d406-00de-d339-8c02-3956a916f506":null,"_oembed_eefb35903900c5c166d55ccf7fc62a8a":null,"_oembed_30948e80c1a853da0b519e72c40d2e13":null,"_oembed_0b78a31d7c7e6041adc064d46c40f98b":null,"_oembed_42c2c13b5902a21593b1d521556aea88":null,"_oembed_4fb58e495f37e206f97738a42dbe566f":null,"_oembed_b2828bee61bd9076cd21ece641de7abc":null,"_oembed_0c92428c960763e658977ce4918863f4":null,"_oembed_02b72dc3d26bdba6ff900a268ade2517":null,"_oembed_8c819834f7fc0b74364aa34a8193f46f":null,"_oembed_088962b77808b37d57abe5c8143f9652":null,"_oembed_dfae0e674c59ba061a82b330fc7fdea0":null,"_oembed_74e5075f66c4cd04b0e118feb24f6636":null,"fave_mortgage_cal":null,"_air_wp_sync_record_id":null,"_air_wp_sync_hash":null,"_air_wp_sync_importer_id":null,"_air_wp_sync_updated_at":null,"external_listing_link":null,"fave_property_map_address":null,"fave_multi_units_ids":null,"$wpml_language$":null,"fave_virtual_tour":null,"fave_gross-external-area":null,"_houzez_expiration_date":null,"_houzez_expiration_date_options":null,"floor_plans":null,"_oembed_a17db82fa378d53b4dc6ed46e5344499":null,"_oembed_da390569a339f4d7147d95cfb8c04c12":null,"_oembed_6a3eda5947bcc098660397ca8e21a941":null,"fave_roof-angle":null,"fave_seo-content":null,"_oembed_a7b8941eeee966e7350aede20b4d62be":null,"_oembed_time_a7b8941eeee966e7350aede20b4d62be":null,"additional_features":null,"fave_multi_units":null,"_oembed_716f56b62500685a7dd15ea2ec7579bd":null,"_oembed_time_716f56b62500685a7dd15ea2ec7579bd":null,"_oembed_8ececd3dd2598a4aedb5dfc82df2a0f6":null,"_oembed_time_8ececd3dd2598a4aedb5dfc82df2a0f6":null,"_oembed_4cef7884ea6ef16d48cd8675b12e440d":null,"fave_property_garage_size":null,"_oembed_5c1eaf7b40f4e3a3089b38beb88ba480":null,"fave_property_zip":null,"_oembed_ccdd6e0304386ece64b3b91f572b0be4":null,"_oembed_ae30d19e3e861b389146a1ccc2828104":null,"fave_property_rooms":null,"fave_property_year":null,"two_page_speed":null,"fave_year_established":null,"Status":null,"_oembed_5b2d8d2cf33b469c98e488ea5b118c30":null,"WPML Language Code":null,"_links":{"self":[{"href":"https:\/\/staging.spassio.com\/es\/wp-json\/wp\/v2\/pages\/60941","targetHints":{"allow":["GET"]}}],"collection":[{"href":"https:\/\/staging.spassio.com\/es\/wp-json\/wp\/v2\/pages"}],"about":[{"href":"https:\/\/staging.spassio.com\/es\/wp-json\/wp\/v2\/types\/page"}],"author":[{"embeddable":true,"href":"https:\/\/staging.spassio.com\/es\/wp-json\/wp\/v2\/users\/194"}],"replies":[{"embeddable":true,"href":"https:\/\/staging.spassio.com\/es\/wp-json\/wp\/v2\/comments?post=60941"}],"version-history":[{"count":0,"href":"https:\/\/staging.spassio.com\/es\/wp-json\/wp\/v2\/pages\/60941\/revisions"}],"wp:featuredmedia":[{"embeddable":true,"href":"https:\/\/staging.spassio.com\/es\/wp-json\/wp\/v2\/media\/49920"}],"wp:attachment":[{"href":"https:\/\/staging.spassio.com\/es\/wp-json\/wp\/v2\/media?parent=60941"}],"curies":[{"name":"wp","href":"https:\/\/api.w.org\/{rel}","templated":true}]}}