{"id":60943,"date":"2023-04-02T17:04:06","date_gmt":"2023-04-02T16:04:06","guid":{"rendered":"https:\/\/staging.spassio.com\/?page_id=60943"},"modified":"2023-09-03T09:58:30","modified_gmt":"2023-09-03T08:58:30","slug":"tiny-houses-ventajas-inconvenientes","status":"publish","type":"page","link":"https:\/\/staging.spassio.com\/es\/tiny-houses-ventajas-inconvenientes\/","title":{"rendered":"\u00bfQu\u00e9 son las Tiny house? Ventajas e inconvenientes de elegir una casa sobre ruedas"},"content":{"rendered":"<p>Las Tiny house son un tipo de vivienda prefabricada que se caracteriza por su reducido tama\u00f1o y la posibilidad de trasladarse de un lugar a otro. Estas construcciones pueden utilizarse como primera residencia, casa de vacaciones o como inversi\u00f3n inmobiliaria de alquiler. Pueden estar constantemente en movimiento o instalarse a largo plazo en el mismo lugar. Independientemente del estilo de vida que acoja la casa, las casas diminutas siempre se construyen con el mismo tipo de construcci\u00f3n.<\/p>\n<h2>\u00bfCu\u00e1l es la diferencia entre una Tiny house y una casa peque\u00f1a?<\/h2>\n<p>Aunque las <a href=\"https:\/\/staging.spassio.com\/categories\/tiny-houses\/\">casas diminutas<\/a> son siempre peque\u00f1as, no todas las casas peque\u00f1as son casas diminutas. Es habitual intercambiar los distintos t\u00e9rminos utilizados para describir las viviendas peque\u00f1as, aunque comprender las caracter\u00edsticas de cada uno de estos conceptos es esencial, ya que se construyen con fines diferentes.<\/p>\n<ul>\n<li><strong>Tiny house<\/strong>: Tipo de casa prefabricada dise\u00f1ada para ser f\u00e1cilmente transportable y que, por tanto, siempre se construye sobre ruedas. El peque\u00f1o tama\u00f1o caracter\u00edstico de estas casas viene definido por la necesidad de cumplir la normativa vial, ya que son viviendas remolcables.<\/li>\n<li><strong>Caba\u00f1a<\/strong>: Una Cabina es un peque\u00f1o tipo de casa prefabricada permanente. Esta peque\u00f1a casa prefabricada, que s\u00f3lo tiene un dormitorio, se instala siempre sobre cimientos.<\/li>\n<li><strong>ADU (Unidades de Vivienda Accesorias)<\/strong>: Tambi\u00e9n conocido como <a href=\"https:\/\/staging.spassio.com\/building-annexe-garden\/\">anexo de jard\u00edn<\/a> o piso de la abuela, este concepto describe el uso de la casa m\u00e1s que el tipo de construcci\u00f3n. Una Tiny house, una <a href=\"https:\/\/staging.spassio.com\/categories\/cabins\/\">caba\u00f1a<\/a> o incluso una casita construida con m\u00e9todos tradicionales podr\u00eda ser una buena ADU, siempre que se dise\u00f1en como viviendas independientes que comparten la propiedad con una casa principal.<\/li>\n<\/ul>\n<h2>\u00bfCu\u00e1les son las ventajas de las Tiny house?<\/h2>\n<p>Las Tiny house se distinguen notablemente de las construcciones tradicionales porque no es habitual que una casa se construya sobre ruedas. Sin embargo, las caracter\u00edsticas de este tipo de casa han contribuido en gran medida a la popularidad del movimiento Tiny house, ya que les otorgan algunas ventajas muy atractivas.<\/p>\n<h3>Las casas diminutas se construyen pensando en la movilidad<\/h3>\n<p>La ventaja m\u00e1s notable de este tipo de casa es la posibilidad de transportarla f\u00e1cilmente a distintos lugares. A pesar de sus bonitos dise\u00f1os con aspecto de casa, las casas diminutas son casas m\u00f3viles y se pueden trasladar y aparcar donde quieras.<\/p>\n<p>Dado que las Tiny house se dise\u00f1an como casas m\u00f3viles, la mayor\u00eda se construyen como unidades autosuficientes capaces de funcionar sin conexi\u00f3n a la red. Estas caracter\u00edsticas te permiten viajar con tu casa a cualquier destino, incluido un entorno natural remoto.<\/p>\n<figure id=\"attachment_34835\" aria-describedby=\"caption-attachment-34835\" style=\"width: 1000px\" class=\"wp-caption alignnone\"><img fetchpriority=\"high\" decoding=\"async\" class=\"wp-image-34835 size-full\" src=\"https:\/\/staging.spassio.com\/wp-content\/uploads\/2023\/03\/what-are-tinyy-houses-the-pros-cons-of-choosing-a-house-on-wheels.webp\" alt=\"\u00bfQu\u00e9 son las Tiny house? Ventajas e inconvenientes de elegir una casa sobre ruedas\" width=\"1000\" height=\"563\" srcset=\"https:\/\/staging.spassio.com\/wp-content\/uploads\/2023\/03\/what-are-tinyy-houses-the-pros-cons-of-choosing-a-house-on-wheels.webp 1000w, https:\/\/staging.spassio.com\/wp-content\/uploads\/2023\/03\/what-are-tinyy-houses-the-pros-cons-of-choosing-a-house-on-wheels-300x169.webp 300w, https:\/\/staging.spassio.com\/wp-content\/uploads\/2023\/03\/what-are-tinyy-houses-the-pros-cons-of-choosing-a-house-on-wheels-768x432.webp 768w, https:\/\/staging.spassio.com\/wp-content\/uploads\/2023\/03\/what-are-tinyy-houses-the-pros-cons-of-choosing-a-house-on-wheels-496x279.webp 496w\" sizes=\"(max-width: 1000px) 100vw, 1000px\" \/><figcaption id=\"caption-attachment-34835\" class=\"wp-caption-text\">La <a href=\"https:\/\/staging.spassio.com\/models\/tiny-eco-homes-uk-elegance-range\/\">casita Elegance<\/a> Range remolcada.<\/figcaption><\/figure>\n<h3>Son una soluci\u00f3n de alojamiento rentable<\/h3>\n<p>Como construcciones prefabricadas, las casas diminutas son mucho m\u00e1s asequibles que construir una casa tradicional. Al ser prefabricados, los trabajos de construcci\u00f3n se realizan fuera de las obras, en un entorno industrializado. Como resultado, el tiempo de construcci\u00f3n y la mano de obra manual se reducen considerablemente, al igual que el coste total de la construcci\u00f3n.<\/p>\n<p>Adem\u00e1s, las casas diminutas son notablemente m\u00e1s baratas que otras casas prefabricadas, principalmente porque al ser m\u00e1s peque\u00f1as disminuyen los costes totales, pero tambi\u00e9n porque se construyen sobre ruedas y, por tanto, no necesitan cimientos. No estar atado a una propiedad concreta reduce directamente los costes, como la compra de terrenos o la jardiner\u00eda.<\/p>\n<h3>Una vida diminuta puede ayudar a mejorar el bienestar mental<\/h3>\n<p>El tama\u00f1o de la mayor\u00eda de las casas diminutas es inferior a 20 m2, es decir, 5 veces menor que el tama\u00f1o medio de las casas en Europa y el Reino Unido <a href=\"#_ftn1\" name=\"_ftnref1\">[1]<\/a>. Para la mayor\u00eda, vivir en min\u00fasculas significa llevar una vida mucho m\u00e1s sencilla, lo que repercute positivamente en nuestra salud y bienestar.<\/p>\n<p>Al llevar un estilo de vida minimalista, aprendes a priorizar y a desordenar, lo que se ha demostrado que est\u00e1 muy relacionado con nuestro bienestar mental <a href=\"#_ftn2\" name=\"_ftnref2\">[2]<\/a>. Adem\u00e1s, a pesar de su reducido tama\u00f1o, las <a href=\"https:\/\/staging.spassio.com\/categories\/tiny-houses\/\">Tiny house<\/a> se construyen pensando en la funcionalidad y la comodidad. Ofrecen distribuciones y soluciones de almacenamiento muy creativas, para ayudar a mantener la casa ordenada y libre de desorden.<\/p>\n<h3>Las Tiny house son un tipo de construcci\u00f3n sostenible<\/h3>\n<p>Las casas diminutas son respetuosas con el medio ambiente, ya que se construyen totalmente fuera de las instalaciones, y la mano de obra y el almacenamiento se realizan en el mismo lugar. Esta centralizaci\u00f3n del proceso hace que las casas diminutas sean m\u00e1s sostenibles que la construcci\u00f3n tradicional, ya que reduce enormemente las necesidades de transporte y los residuos de materiales.<\/p>\n<p>Las Tiny house tambi\u00e9n contribuyen al medio ambiente por ser edificios peque\u00f1os. Tienen una huella ecol\u00f3gica menor y consumen menos energ\u00eda, por lo que son m\u00e1s eficientes energ\u00e9ticamente. Aunque la mayor\u00eda de estas caracter\u00edsticas no son m\u00e1s que una consecuencia positiva del proceso de construcci\u00f3n, algunos fabricantes deciden dise\u00f1ar conscientemente sus casas diminutas para que sean a\u00fan m\u00e1s sostenibles, optando por materiales naturales o a\u00f1adiendo elementos como paneles solares.<\/p>\n<figure id=\"attachment_34836\" aria-describedby=\"caption-attachment-34836\" style=\"width: 1000px\" class=\"wp-caption alignnone\"><img decoding=\"async\" class=\"wp-image-34836 size-full\" src=\"https:\/\/staging.spassio.com\/wp-content\/uploads\/2023\/03\/tiny-house-with-solar-panelsescape-model-a17.webp\" alt=\"Tiny house con paneles solares\" width=\"1000\" height=\"668\" srcset=\"https:\/\/staging.spassio.com\/wp-content\/uploads\/2023\/03\/tiny-house-with-solar-panelsescape-model-a17.webp 1000w, https:\/\/staging.spassio.com\/wp-content\/uploads\/2023\/03\/tiny-house-with-solar-panelsescape-model-a17-300x200.webp 300w, https:\/\/staging.spassio.com\/wp-content\/uploads\/2023\/03\/tiny-house-with-solar-panelsescape-model-a17-768x513.webp 768w, https:\/\/staging.spassio.com\/wp-content\/uploads\/2023\/03\/tiny-house-with-solar-panelsescape-model-a17-898x600.webp 898w, https:\/\/staging.spassio.com\/wp-content\/uploads\/2023\/03\/tiny-house-with-solar-panelsescape-model-a17-496x331.webp 496w\" sizes=\"(max-width: 1000px) 100vw, 1000px\" \/><figcaption id=\"caption-attachment-34836\" class=\"wp-caption-text\">La <a href=\"https:\/\/staging.spassio.com\/models\/escape-a17\/\">Tiny house Escape A17<\/a> con paneles solares<\/figcaption><\/figure>\n<h2>Retos y limitaciones de las casas diminutas<\/h2>\n<p>Las Tiny house tienen caracter\u00edsticas distintivas que las diferencian y contribuyen a su creciente popularidad. Sin embargo, estas diferencias tambi\u00e9n tienen posibles inconvenientes. Puesto que las casas diminutas no son una opci\u00f3n perfecta para todos, es esencial comprender sus limitaciones.<\/p>\n<ul>\n<li><strong>Puede ser dif\u00edcil encontrar un lugar a largo plazo<\/strong>: A pesar de que el dise\u00f1o de la Tiny house est\u00e1 optimizado para que la casa pueda trasladarse f\u00e1cilmente y colocarse pr\u00e1cticamente en cualquier sitio, no todos los lugares lo permiten. El lugar donde puedes colocar una Tiny house viene determinado por los c\u00f3digos de construcci\u00f3n y las normas de zonificaci\u00f3n de tu ubicaci\u00f3n concreta. Pueden ser bastante limitantes.<\/li>\n<li>No se construyen <strong>sobre Cimientos<\/strong>: Estar construidas sobre ruedas ofrece una gran libertad a estas casas, aunque tambi\u00e9n tiene sus inconvenientes. Los Cimientos dan estabilidad a la construcci\u00f3n creando una base s\u00f3lida que mantiene la casa en su sitio. No estar sujeto a cimientos rebaja autom\u00e1ticamente la calidad de la construcci\u00f3n.<\/li>\n<li><strong>El espacio vital interior es limitado<\/strong>: El reducido espacio que ofrece una casa diminuta inspira a quienes buscan estilos de vida minimalistas, aunque tambi\u00e9n tiene sus contras. Cada cent\u00edmetro de la casa est\u00e1 optimizado para que la vida cotidiana sea lo m\u00e1s c\u00f3moda posible, pero no hay espacio para actividades fuera de lo com\u00fan. Por tanto, actividades como recibir invitados pueden no ser las m\u00e1s c\u00f3modas.<\/li>\n<\/ul>\n<h2>\u00bfC\u00f3mo funcionan las casas diminutas?<\/h2>\n<p>Ser una casa sobre ruedas significa que no sigue el mismo conjunto de normas definidas para las construcciones permanentes, pero tampoco se trata igual que un veh\u00edculo. He aqu\u00ed algunas de las cosas m\u00e1s importantes que debes saber si piensas comprar una Tiny house:<\/p>\n<ul>\n<li>La normativa sobre las Tiny house depende totalmente de la ubicaci\u00f3n. Puesto que no existe una normativa espec\u00edfica dise\u00f1ada para las casas diminutas, si est\u00e1s pensando en comprar una casa diminuta en Europa y el Reino Unido, lo primero que debes hacer es consultar a los funcionarios de urbanismo de tu localidad.<\/li>\n<li>Instalar una Tiny house a largo plazo en una propiedad suele requerir un permiso. Colocar una Tiny house en tu jard\u00edn no es como aparcar un coche. A menudo requiere un permiso que var\u00eda de un lugar a otro. En algunos pa\u00edses, como Holanda o Alemania, las Tiny house se consideran edificios residenciales y, por tanto, deben cumplir la normativa sobre construcci\u00f3n <a href=\"#_ftn3\" name=\"_ftnref3\">[3].<\/a><\/li>\n<li>Las normas de tr\u00e1fico son estrictas con las casas diminutas. Construir sobre ruedas no es suficiente. Para mover una casa diminuta por las carreteras europeas, la casa tiene que cumplir unas normas muy estrictas de tama\u00f1o y peso. La pauta general es 4 m de alto, 2,55 m de ancho y 3,5 T, pero puede variar de un pa\u00eds a otro.<\/li>\n<li>Necesitas un tipo espec\u00edfico de veh\u00edculo para remolcar una Tiny house. Las Tiny house est\u00e1n pensadas para ser remolcadas por sus propietarios, pero no todos los veh\u00edculos son capaces de hacerlo. Esto se debe a que el veh\u00edculo debe ser lo suficientemente fuerte como para arrastrar 3,5T. Adem\u00e1s, ten en cuenta que si el peso total es superior a 3,5T, podr\u00edas necesitar un permiso de conducir especializado.<\/li>\n<\/ul>\n<p>Referencias:<br \/>\n[<a style=\"color: #3eb6a8;\" href=\"#_ftnref1\" name=\"_ftn1\">1]<\/a>Wilson, L. \u00bfQu\u00e9 tama\u00f1o tiene una casa? Tama\u00f1o medio de las casas por pa\u00eds &#8211; 2023 Reduce esa huella <a href=\"https:\/\/shrinkthatfootprint.com\/how-big-is-a-house\/\">https:\/\/shrinkthatfootprint.com\/how-big-is-a-house\/<\/a><br \/>\n<a style=\"color: #3eb6a8;\" href=\"#_ftnref2\" name=\"_ftn1\">[2]<\/a>Hammers-Crowell J. (2022, 14 de junio) C\u00f3mo afecta el desorden a la salud Hospital Highland <a href=\"https:\/\/highlandhosp.com\/how-clutter-impacts-health\/\">https:\/\/highlandhosp.com\/how-clutter-impacts-health\/<\/a><br \/>\n<a style=\"color: #3eb6a8;\" href=\"#_ftnref3\" name=\"_ftn1\">[3]<\/a>Comparaci\u00f3n de las culturas de las Tiny houses: Alemania, EE.UU. y Pa\u00edses Bajos LiveEO <a href=\"https:\/\/live-eo.com\/tiny-house-cultures\/\">https:\/\/live-eo.com\/tiny-house-cultures\/<\/a><\/p>\n","protected":false},"excerpt":{"rendered":"<p>Las Tiny house son un tipo de vivienda prefabricada que se caracteriza por su reducido tama\u00f1o y la posibilidad de trasladarse de un lugar a otro. Estas construcciones pueden utilizarse como primera residencia, casa de vacaciones o como inversi\u00f3n inmobiliaria de alquiler. Pueden estar constantemente en movimiento o instalarse a largo plazo en el mismo [&hellip;]<\/p>\n","protected":false},"author":194,"featured_media":34836,"parent":0,"menu_order":0,"comment_status":"closed","ping_status":"closed","template":"","meta":{"content-type":"","_FSMCFIC_featured_image_caption":"","_FSMCFIC_featured_image_nocaption":"","_FSMCFIC_featured_image_hide":"","footnotes":""},"class_list":["post-60943","page","type-page","status-publish","has-post-thumbnail","hentry"],"_wp_attached_file":null,"_wp_attachment_metadata":null,"_wp_attachment_backup_sizes":null,"siteground_optimizer_webp_conversion_attempts":null,"siteground_optimizer_is_converted_to_webp":null,"siteground_optimizer_optimization_attempts":null,"siteground_optimizer_optimization_failed":null,"wpml_media_processed":null,"_wp_attachment_image_alt":null,"siteground_optimizer_is_optimized":null,"siteground_optimizer_webp_conversion_failed":null,"_elementor_source_image_hash":null,"siteground_optimizer_compression_level":null,"_elementor_inline_svg":null,"_imagify_optimization_level":null,"_imagify_status":null,"_imagify_data":null,"siteground_optimizer_original_filesize":null,"wpse_external_file_url":null,"fave_currency":null,"fave_currency_info":null,"fave_property_id":null,"fave_property_map":null,"fave_property_location":null,"houzez_geolocation_lat":null,"houzez_geolocation_long":null,"fave_property_map_street_view":null,"fave_featured":null,"fave_loggedintoview":null,"fave_agent_display_option":null,"fave_prop_homeslider":null,"fave_single_top_area":null,"fave_single_content_area":null,"_yoast_wpseo_primary_property_type":null,"_yoast_wpseo_primary_property_feature":null,"_yoast_wpseo_primary_property_label":null,"_yoast_wpseo_primary_property_country":null,"houzez_manual_expire":null,"_houzez_expiration_date_status":null,"houzez_total_property_views":null,"houzez_views_by_date":null,"houzez_recently_viewed":null,"fave_property_price":null,"fave_property_price_prefix":null,"fave_property_size":null,"fave_property_bathrooms":null,"fave_property_garage":null,"fave_levels":null,"fave_roof-type":null,"fave_construction-type":null,"fave_video_url":null,"fave_video_image":null,"fave_payment_status":null,"fave_property_agency":null,"fave_countries":null,"fave_sleeps":null,"_yoast_wpseo_primary_property_status":null,"fave_property_images":null,"fave_attachments":null,"technical_description":null,"houzez_featured_listing_date":null,"fave_property_size_prefix":null,"fave_property_bedrooms":null,"fave_property_price_postfix":null,"fave_production-time-in-weeks":null,"fave_building-time-in-days":null,"fave_window-glazing":null,"_yoast_wpseo_primary_feature-2":null,"_yoast_wpseo_primary_feature-3":null,"fave_warranty-in-years":null,"fave_property_land":null,"fave_property_land_postfix":null,"wpsebeba57d406-00de-d339-8c02-3956a916f506":null,"_oembed_eefb35903900c5c166d55ccf7fc62a8a":null,"_oembed_30948e80c1a853da0b519e72c40d2e13":null,"_oembed_0b78a31d7c7e6041adc064d46c40f98b":null,"_oembed_42c2c13b5902a21593b1d521556aea88":null,"_oembed_4fb58e495f37e206f97738a42dbe566f":null,"_oembed_b2828bee61bd9076cd21ece641de7abc":null,"_oembed_0c92428c960763e658977ce4918863f4":null,"_oembed_02b72dc3d26bdba6ff900a268ade2517":null,"_oembed_8c819834f7fc0b74364aa34a8193f46f":null,"_oembed_088962b77808b37d57abe5c8143f9652":null,"_oembed_dfae0e674c59ba061a82b330fc7fdea0":null,"_oembed_74e5075f66c4cd04b0e118feb24f6636":null,"fave_mortgage_cal":null,"_air_wp_sync_record_id":null,"_air_wp_sync_hash":null,"_air_wp_sync_importer_id":null,"_air_wp_sync_updated_at":null,"external_listing_link":null,"fave_property_map_address":null,"fave_multi_units_ids":null,"$wpml_language$":null,"fave_virtual_tour":null,"fave_gross-external-area":null,"_houzez_expiration_date":null,"_houzez_expiration_date_options":null,"floor_plans":null,"_oembed_a17db82fa378d53b4dc6ed46e5344499":null,"_oembed_da390569a339f4d7147d95cfb8c04c12":null,"_oembed_6a3eda5947bcc098660397ca8e21a941":null,"fave_roof-angle":null,"fave_seo-content":null,"_oembed_a7b8941eeee966e7350aede20b4d62be":null,"_oembed_time_a7b8941eeee966e7350aede20b4d62be":null,"additional_features":null,"fave_multi_units":null,"_oembed_716f56b62500685a7dd15ea2ec7579bd":null,"_oembed_time_716f56b62500685a7dd15ea2ec7579bd":null,"_oembed_8ececd3dd2598a4aedb5dfc82df2a0f6":null,"_oembed_time_8ececd3dd2598a4aedb5dfc82df2a0f6":null,"_oembed_4cef7884ea6ef16d48cd8675b12e440d":null,"fave_property_garage_size":null,"_oembed_5c1eaf7b40f4e3a3089b38beb88ba480":null,"fave_property_zip":null,"_oembed_ccdd6e0304386ece64b3b91f572b0be4":null,"_oembed_ae30d19e3e861b389146a1ccc2828104":null,"fave_property_rooms":null,"fave_property_year":null,"two_page_speed":null,"fave_year_established":null,"Status":null,"_oembed_5b2d8d2cf33b469c98e488ea5b118c30":null,"WPML Language Code":null,"_links":{"self":[{"href":"https:\/\/staging.spassio.com\/es\/wp-json\/wp\/v2\/pages\/60943","targetHints":{"allow":["GET"]}}],"collection":[{"href":"https:\/\/staging.spassio.com\/es\/wp-json\/wp\/v2\/pages"}],"about":[{"href":"https:\/\/staging.spassio.com\/es\/wp-json\/wp\/v2\/types\/page"}],"author":[{"embeddable":true,"href":"https:\/\/staging.spassio.com\/es\/wp-json\/wp\/v2\/users\/194"}],"replies":[{"embeddable":true,"href":"https:\/\/staging.spassio.com\/es\/wp-json\/wp\/v2\/comments?post=60943"}],"version-history":[{"count":0,"href":"https:\/\/staging.spassio.com\/es\/wp-json\/wp\/v2\/pages\/60943\/revisions"}],"wp:featuredmedia":[{"embeddable":true,"href":"https:\/\/staging.spassio.com\/es\/wp-json\/wp\/v2\/media\/34836"}],"wp:attachment":[{"href":"https:\/\/staging.spassio.com\/es\/wp-json\/wp\/v2\/media?parent=60943"}],"curies":[{"name":"wp","href":"https:\/\/api.w.org\/{rel}","templated":true}]}}