{"id":61124,"date":"2023-01-10T18:13:09","date_gmt":"2023-01-10T17:13:09","guid":{"rendered":"https:\/\/staging.spassio.com\/?page_id=61124"},"modified":"2024-01-12T15:17:54","modified_gmt":"2024-01-12T14:17:54","slug":"preguntas-frecuentes","status":"publish","type":"page","link":"https:\/\/staging.spassio.com\/es\/preguntas-frecuentes\/","title":{"rendered":"Preguntas m\u00e1s frecuentes"},"content":{"rendered":"\t\t<div data-elementor-type=\"wp-page\" data-elementor-id=\"61124\" class=\"elementor elementor-61124 elementor-33021\" data-elementor-post-type=\"page\">\n\t\t\t\t\t\t<section class=\"elementor-section elementor-top-section elementor-element elementor-element-3ab61b71 elementor-section-content-middle elementor-section-boxed elementor-section-height-default elementor-section-height-default exad-glass-effect-no exad-sticky-section-no\" data-id=\"3ab61b71\" data-element_type=\"section\">\n\t\t\t\t\t\t<div class=\"elementor-container elementor-column-gap-no\">\n\t\t\t\t\t<div class=\"elementor-column elementor-col-100 elementor-top-column elementor-element elementor-element-3c5af711 exad-glass-effect-no exad-sticky-section-no\" data-id=\"3c5af711\" data-element_type=\"column\">\n\t\t\t<div class=\"elementor-widget-wrap elementor-element-populated\">\n\t\t\t\t\t\t<div class=\"elementor-element elementor-element-1a671b5d elementor-widget__width-inherit exad-sticky-section-no exad-glass-effect-no elementor-widget elementor-widget-toggle\" data-id=\"1a671b5d\" data-element_type=\"widget\" data-widget_type=\"toggle.default\">\n\t\t\t\t<div class=\"elementor-widget-container\">\n\t\t\t\t\t\t\t<div class=\"elementor-toggle\">\n\t\t\t\t\t\t\t<div class=\"elementor-toggle-item\">\n\t\t\t\t\t<div id=\"elementor-tab-title-4421\" class=\"elementor-tab-title\" data-tab=\"1\" role=\"button\" aria-controls=\"elementor-tab-content-4421\" aria-expanded=\"false\">\n\t\t\t\t\t\t\t\t\t\t\t\t<span class=\"elementor-toggle-icon elementor-toggle-icon-right\" aria-hidden=\"true\">\n\t\t\t\t\t\t\t\t\t\t\t\t\t\t\t<span class=\"elementor-toggle-icon-closed\"><i class=\"fas fa-caret-right\"><\/i><\/span>\n\t\t\t\t\t\t\t\t<span class=\"elementor-toggle-icon-opened\"><i class=\"elementor-toggle-icon-opened fas fa-caret-up\"><\/i><\/span>\n\t\t\t\t\t\t\t\t\t\t\t\t\t<\/span>\n\t\t\t\t\t\t\t\t\t\t\t\t<a class=\"elementor-toggle-title\" tabindex=\"0\">\u00bfQu\u00e9 es Spassio?<\/a>\n\t\t\t\t\t<\/div>\n\n\t\t\t\t\t<div id=\"elementor-tab-content-4421\" class=\"elementor-tab-content elementor-clearfix\" data-tab=\"1\" role=\"region\" aria-labelledby=\"elementor-tab-title-4421\"><p>Spassio es un portal en l\u00ednea que conecta a compradores con <a href=\"https:\/\/staging.spassio.com\/manufacturers\/\">fabricantes de casas prefabricadas<\/a> de Europa. No fabricamos las casas. Proporcionamos una plataforma para que los usuarios comparen f\u00e1cilmente diferentes modelos y fabricantes.<\/p>\n<\/div>\n\t\t\t\t<\/div>\n\t\t\t\t\t\t\t<div class=\"elementor-toggle-item\">\n\t\t\t\t\t<div id=\"elementor-tab-title-4422\" class=\"elementor-tab-title\" data-tab=\"2\" role=\"button\" aria-controls=\"elementor-tab-content-4422\" aria-expanded=\"false\">\n\t\t\t\t\t\t\t\t\t\t\t\t<span class=\"elementor-toggle-icon elementor-toggle-icon-right\" aria-hidden=\"true\">\n\t\t\t\t\t\t\t\t\t\t\t\t\t\t\t<span class=\"elementor-toggle-icon-closed\"><i class=\"fas fa-caret-right\"><\/i><\/span>\n\t\t\t\t\t\t\t\t<span class=\"elementor-toggle-icon-opened\"><i class=\"elementor-toggle-icon-opened fas fa-caret-up\"><\/i><\/span>\n\t\t\t\t\t\t\t\t\t\t\t\t\t<\/span>\n\t\t\t\t\t\t\t\t\t\t\t\t<a class=\"elementor-toggle-title\" tabindex=\"0\">\u00bfQui\u00e9n puede utilizar Spassio?<\/a>\n\t\t\t\t\t<\/div>\n\n\t\t\t\t\t<div id=\"elementor-tab-content-4422\" class=\"elementor-tab-content elementor-clearfix\" data-tab=\"2\" role=\"region\" aria-labelledby=\"elementor-tab-title-4422\"><p>El portal en l\u00ednea Spassio se dirige a toda persona interesada en comprar una casa prefabricada. Inicia tu b\u00fasqueda para encontrar a un fabricante que satisfaga tus necesidades.<\/p>\n<\/div>\n\t\t\t\t<\/div>\n\t\t\t\t\t\t\t<div class=\"elementor-toggle-item\">\n\t\t\t\t\t<div id=\"elementor-tab-title-4423\" class=\"elementor-tab-title\" data-tab=\"3\" role=\"button\" aria-controls=\"elementor-tab-content-4423\" aria-expanded=\"false\">\n\t\t\t\t\t\t\t\t\t\t\t\t<span class=\"elementor-toggle-icon elementor-toggle-icon-right\" aria-hidden=\"true\">\n\t\t\t\t\t\t\t\t\t\t\t\t\t\t\t<span class=\"elementor-toggle-icon-closed\"><i class=\"fas fa-caret-right\"><\/i><\/span>\n\t\t\t\t\t\t\t\t<span class=\"elementor-toggle-icon-opened\"><i class=\"elementor-toggle-icon-opened fas fa-caret-up\"><\/i><\/span>\n\t\t\t\t\t\t\t\t\t\t\t\t\t<\/span>\n\t\t\t\t\t\t\t\t\t\t\t\t<a class=\"elementor-toggle-title\" tabindex=\"0\">\u00bfSpassio s\u00f3lo trabaja con fabricantes europeos?<\/a>\n\t\t\t\t\t<\/div>\n\n\t\t\t\t\t<div id=\"elementor-tab-content-4423\" class=\"elementor-tab-content elementor-clearfix\" data-tab=\"3\" role=\"region\" aria-labelledby=\"elementor-tab-title-4423\"><p>S\u00ed, actualmente Spassio s\u00f3lo trabaja con fabricantes de prefabricados con sede en Europa.<\/p>\n<\/div>\n\t\t\t\t<\/div>\n\t\t\t\t\t\t\t<div class=\"elementor-toggle-item\">\n\t\t\t\t\t<div id=\"elementor-tab-title-4424\" class=\"elementor-tab-title\" data-tab=\"4\" role=\"button\" aria-controls=\"elementor-tab-content-4424\" aria-expanded=\"false\">\n\t\t\t\t\t\t\t\t\t\t\t\t<span class=\"elementor-toggle-icon elementor-toggle-icon-right\" aria-hidden=\"true\">\n\t\t\t\t\t\t\t\t\t\t\t\t\t\t\t<span class=\"elementor-toggle-icon-closed\"><i class=\"fas fa-caret-right\"><\/i><\/span>\n\t\t\t\t\t\t\t\t<span class=\"elementor-toggle-icon-opened\"><i class=\"elementor-toggle-icon-opened fas fa-caret-up\"><\/i><\/span>\n\t\t\t\t\t\t\t\t\t\t\t\t\t<\/span>\n\t\t\t\t\t\t\t\t\t\t\t\t<a class=\"elementor-toggle-title\" tabindex=\"0\">\u00bfPuedo comprar una casa prefabricada a un fabricante en Spassio y que me la entreguen fuera de Europa?<\/a>\n\t\t\t\t\t<\/div>\n\n\t\t\t\t\t<div id=\"elementor-tab-content-4424\" class=\"elementor-tab-content elementor-clearfix\" data-tab=\"4\" role=\"region\" aria-labelledby=\"elementor-tab-title-4424\"><p>Algunos fabricantes de Spassio pueden entregar sus casas fuera de Europa. Pero esto puedes confirmarlo con el fabricante.<\/p>\n<\/div>\n\t\t\t\t<\/div>\n\t\t\t\t\t\t\t<div class=\"elementor-toggle-item\">\n\t\t\t\t\t<div id=\"elementor-tab-title-4425\" class=\"elementor-tab-title\" data-tab=\"5\" role=\"button\" aria-controls=\"elementor-tab-content-4425\" aria-expanded=\"false\">\n\t\t\t\t\t\t\t\t\t\t\t\t<span class=\"elementor-toggle-icon elementor-toggle-icon-right\" aria-hidden=\"true\">\n\t\t\t\t\t\t\t\t\t\t\t\t\t\t\t<span class=\"elementor-toggle-icon-closed\"><i class=\"fas fa-caret-right\"><\/i><\/span>\n\t\t\t\t\t\t\t\t<span class=\"elementor-toggle-icon-opened\"><i class=\"elementor-toggle-icon-opened fas fa-caret-up\"><\/i><\/span>\n\t\t\t\t\t\t\t\t\t\t\t\t\t<\/span>\n\t\t\t\t\t\t\t\t\t\t\t\t<a class=\"elementor-toggle-title\" tabindex=\"0\">\u00bfQu\u00e9 tipos de casas prefabricadas hay en Spassio?<\/a>\n\t\t\t\t\t<\/div>\n\n\t\t\t\t\t<div id=\"elementor-tab-content-4425\" class=\"elementor-tab-content elementor-clearfix\" data-tab=\"5\" role=\"region\" aria-labelledby=\"elementor-tab-title-4425\"><p>Spassio trabaja con varios fabricantes con distintos tipos y modelos de casas prefabricadas. Esto incluye <a href=\"https:\/\/staging.spassio.com\/categories\/tiny-houses\/\">tiny houses<\/a>, cabinas, <a href=\"https:\/\/staging.spassio.com\/categories\/panel-built-houses\/\">casas de paneles montados in-situ<\/a>, casas de troncos de madera y <a href=\"https:\/\/staging.spassio.com\/categories\/modular-houses\/\">casas modulares<\/a>. Hay una amplia gama de opciones que se adaptan a diferentes necesidades y presupuestos.<\/p>\n<\/div>\n\t\t\t\t<\/div>\n\t\t\t\t\t\t\t<div class=\"elementor-toggle-item\">\n\t\t\t\t\t<div id=\"elementor-tab-title-4426\" class=\"elementor-tab-title\" data-tab=\"6\" role=\"button\" aria-controls=\"elementor-tab-content-4426\" aria-expanded=\"false\">\n\t\t\t\t\t\t\t\t\t\t\t\t<span class=\"elementor-toggle-icon elementor-toggle-icon-right\" aria-hidden=\"true\">\n\t\t\t\t\t\t\t\t\t\t\t\t\t\t\t<span class=\"elementor-toggle-icon-closed\"><i class=\"fas fa-caret-right\"><\/i><\/span>\n\t\t\t\t\t\t\t\t<span class=\"elementor-toggle-icon-opened\"><i class=\"elementor-toggle-icon-opened fas fa-caret-up\"><\/i><\/span>\n\t\t\t\t\t\t\t\t\t\t\t\t\t<\/span>\n\t\t\t\t\t\t\t\t\t\t\t\t<a class=\"elementor-toggle-title\" tabindex=\"0\">\u00bfQu\u00e9 informaci\u00f3n puedo encontrar en Spassio?<\/a>\n\t\t\t\t\t<\/div>\n\n\t\t\t\t\t<div id=\"elementor-tab-content-4426\" class=\"elementor-tab-content elementor-clearfix\" data-tab=\"6\" role=\"region\" aria-labelledby=\"elementor-tab-title-4426\"><p>Spassio proporciona informaci\u00f3n detallada sobre distintos modelos y fabricantes de casas prefabricadas. Incluye planos, im\u00e1genes, precios y especificaciones. Tambi\u00e9n puedes encontrar opiniones y valoraciones de otros usuarios que te ayudar\u00e1n a tomar una decisi\u00f3n informada.<\/p>\n<\/div>\n\t\t\t\t<\/div>\n\t\t\t\t\t\t\t<div class=\"elementor-toggle-item\">\n\t\t\t\t\t<div id=\"elementor-tab-title-4427\" class=\"elementor-tab-title\" data-tab=\"7\" role=\"button\" aria-controls=\"elementor-tab-content-4427\" aria-expanded=\"false\">\n\t\t\t\t\t\t\t\t\t\t\t\t<span class=\"elementor-toggle-icon elementor-toggle-icon-right\" aria-hidden=\"true\">\n\t\t\t\t\t\t\t\t\t\t\t\t\t\t\t<span class=\"elementor-toggle-icon-closed\"><i class=\"fas fa-caret-right\"><\/i><\/span>\n\t\t\t\t\t\t\t\t<span class=\"elementor-toggle-icon-opened\"><i class=\"elementor-toggle-icon-opened fas fa-caret-up\"><\/i><\/span>\n\t\t\t\t\t\t\t\t\t\t\t\t\t<\/span>\n\t\t\t\t\t\t\t\t\t\t\t\t<a class=\"elementor-toggle-title\" tabindex=\"0\">\u00bfC\u00f3mo puedo comprar una casa prefabricada a trav\u00e9s de Spassio?<\/a>\n\t\t\t\t\t<\/div>\n\n\t\t\t\t\t<div id=\"elementor-tab-content-4427\" class=\"elementor-tab-content elementor-clearfix\" data-tab=\"7\" role=\"region\" aria-labelledby=\"elementor-tab-title-4427\"><p>Una vez que hayas investigado y comparado diferentes opciones en Spassio. Ponte en contacto con el fabricante para iniciar el proceso de compra. Spassio no facilita la venta de viviendas. Ponemos en contacto a los compradores interesados con los fabricantes.<\/p>\n<\/div>\n\t\t\t\t<\/div>\n\t\t\t\t\t\t\t<div class=\"elementor-toggle-item\">\n\t\t\t\t\t<div id=\"elementor-tab-title-4428\" class=\"elementor-tab-title\" data-tab=\"8\" role=\"button\" aria-controls=\"elementor-tab-content-4428\" aria-expanded=\"false\">\n\t\t\t\t\t\t\t\t\t\t\t\t<span class=\"elementor-toggle-icon elementor-toggle-icon-right\" aria-hidden=\"true\">\n\t\t\t\t\t\t\t\t\t\t\t\t\t\t\t<span class=\"elementor-toggle-icon-closed\"><i class=\"fas fa-caret-right\"><\/i><\/span>\n\t\t\t\t\t\t\t\t<span class=\"elementor-toggle-icon-opened\"><i class=\"elementor-toggle-icon-opened fas fa-caret-up\"><\/i><\/span>\n\t\t\t\t\t\t\t\t\t\t\t\t\t<\/span>\n\t\t\t\t\t\t\t\t\t\t\t\t<a class=\"elementor-toggle-title\" tabindex=\"0\">\u00bfSon negociables los precios de Spassio?<\/a>\n\t\t\t\t\t<\/div>\n\n\t\t\t\t\t<div id=\"elementor-tab-content-4428\" class=\"elementor-tab-content elementor-clearfix\" data-tab=\"8\" role=\"region\" aria-labelledby=\"elementor-tab-title-4428\"><p>Los precios que figuran en Spassio los facilitan los fabricantes. Los precios no son negociables a trav\u00e9s de Spassio. Sin embargo, tal vez puedas discutir el precio con el fabricante.<\/p>\n<\/div>\n\t\t\t\t<\/div>\n\t\t\t\t\t\t\t<div class=\"elementor-toggle-item\">\n\t\t\t\t\t<div id=\"elementor-tab-title-4429\" class=\"elementor-tab-title\" data-tab=\"9\" role=\"button\" aria-controls=\"elementor-tab-content-4429\" aria-expanded=\"false\">\n\t\t\t\t\t\t\t\t\t\t\t\t<span class=\"elementor-toggle-icon elementor-toggle-icon-right\" aria-hidden=\"true\">\n\t\t\t\t\t\t\t\t\t\t\t\t\t\t\t<span class=\"elementor-toggle-icon-closed\"><i class=\"fas fa-caret-right\"><\/i><\/span>\n\t\t\t\t\t\t\t\t<span class=\"elementor-toggle-icon-opened\"><i class=\"elementor-toggle-icon-opened fas fa-caret-up\"><\/i><\/span>\n\t\t\t\t\t\t\t\t\t\t\t\t\t<\/span>\n\t\t\t\t\t\t\t\t\t\t\t\t<a class=\"elementor-toggle-title\" tabindex=\"0\">\u00bfExiste alguna garant\u00eda sobre las casas prefabricadas de los fabricantes en Spassio?<\/a>\n\t\t\t\t\t<\/div>\n\n\t\t\t\t\t<div id=\"elementor-tab-content-4429\" class=\"elementor-tab-content elementor-clearfix\" data-tab=\"9\" role=\"region\" aria-labelledby=\"elementor-tab-title-4429\"><p>Los fabricantes proporcionan la garant\u00eda de las <a href=\"\/\">casas prefabricadas<\/a>. Consulta con el fabricante para obtener m\u00e1s informaci\u00f3n sobre sus pol\u00edticas o garant\u00edas.<\/p>\n<\/div>\n\t\t\t\t<\/div>\n\t\t\t\t\t\t\t<div class=\"elementor-toggle-item\">\n\t\t\t\t\t<div id=\"elementor-tab-title-44210\" class=\"elementor-tab-title\" data-tab=\"10\" role=\"button\" aria-controls=\"elementor-tab-content-44210\" aria-expanded=\"false\">\n\t\t\t\t\t\t\t\t\t\t\t\t<span class=\"elementor-toggle-icon elementor-toggle-icon-right\" aria-hidden=\"true\">\n\t\t\t\t\t\t\t\t\t\t\t\t\t\t\t<span class=\"elementor-toggle-icon-closed\"><i class=\"fas fa-caret-right\"><\/i><\/span>\n\t\t\t\t\t\t\t\t<span class=\"elementor-toggle-icon-opened\"><i class=\"elementor-toggle-icon-opened fas fa-caret-up\"><\/i><\/span>\n\t\t\t\t\t\t\t\t\t\t\t\t\t<\/span>\n\t\t\t\t\t\t\t\t\t\t\t\t<a class=\"elementor-toggle-title\" tabindex=\"0\">Soy un fabricante de prefabricados, \u00bfc\u00f3mo puedo anunciarme en vuestra plataforma?<\/a>\n\t\t\t\t\t<\/div>\n\n\t\t\t\t\t<div id=\"elementor-tab-content-44210\" class=\"elementor-tab-content elementor-clearfix\" data-tab=\"10\" role=\"region\" aria-labelledby=\"elementor-tab-title-44210\"><p>Si quieres anunciar tus modelos prefabricados en Spassio.com, env\u00edanos un correo electr\u00f3nico a <a href=\"mailto:in**@*****io.com\" data-original-string=\"T4xRmeECI5XGu9UkYSMrOg==df9e6Sbi3Iye2GjzmXdoa1sFOLBnPKRTuZrmce4YIjNfls=\" title=\"Este contacto ha sido codificado por Anti-Spam by CleanTalk. Haz clic para decodificar. Para finalizar la decodificaci\u00f3n, aseg\u00farate de que JavaScript est\u00e1 activado en tu navegador.\" target=\"_new\"><span \n                data-original-string='68PUKFSgo7M\/y9TKMoN7Vg==df9h1D65JmDfXRCy09AfBqoye0fiGxSbT8Kab1\/SpygF3U='\n                class='apbct-email-encoder'\n                title='Este contacto ha sido codificado por Anti-Spam by CleanTalk. Haz clic para decodificar. Para finalizar la decodificaci\u00f3n, aseg\u00farate de que JavaScript est\u00e1 activado en tu navegador.'>in<span class=\"apbct-blur\">**<\/span>@<span class=\"apbct-blur\">*****<\/span>io.com<\/span><\/a> para hablar de tus opciones.<\/p>\n<\/div>\n\t\t\t\t<\/div>\n\t\t\t\t\t\t\t\t\t\t<script type=\"application\/ld+json\">{\"@context\":\"https:\\\/\\\/schema.org\",\"@type\":\"FAQPage\",\"mainEntity\":[{\"@type\":\"Question\",\"name\":\"\\u00bfQu\\u00e9 es Spassio?\",\"acceptedAnswer\":{\"@type\":\"Answer\",\"text\":\"<p>Spassio es un portal en l\\u00ednea que conecta a compradores con <a href=\\\"https:\\\/\\\/staging.spassio.com\\\/manufacturers\\\/\\\">fabricantes de casas prefabricadas<\\\/a> de Europa. No fabricamos las casas. Proporcionamos una plataforma para que los usuarios comparen f\\u00e1cilmente diferentes modelos y fabricantes.<\\\/p>\\n\"}},{\"@type\":\"Question\",\"name\":\"\\u00bfQui\\u00e9n puede utilizar Spassio?\",\"acceptedAnswer\":{\"@type\":\"Answer\",\"text\":\"<p>El portal en l\\u00ednea Spassio se dirige a toda persona interesada en comprar una casa prefabricada. Inicia tu b\\u00fasqueda para encontrar a un fabricante que satisfaga tus necesidades.<\\\/p>\\n\"}},{\"@type\":\"Question\",\"name\":\"\\u00bfSpassio s\\u00f3lo trabaja con fabricantes europeos?\",\"acceptedAnswer\":{\"@type\":\"Answer\",\"text\":\"<p>S\\u00ed, actualmente Spassio s\\u00f3lo trabaja con fabricantes de prefabricados con sede en Europa.<\\\/p>\\n\"}},{\"@type\":\"Question\",\"name\":\"\\u00bfPuedo comprar una casa prefabricada a un fabricante en Spassio y que me la entreguen fuera de Europa?\",\"acceptedAnswer\":{\"@type\":\"Answer\",\"text\":\"<p>Algunos fabricantes de Spassio pueden entregar sus casas fuera de Europa. Pero esto puedes confirmarlo con el fabricante.<\\\/p>\\n\"}},{\"@type\":\"Question\",\"name\":\"\\u00bfQu\\u00e9 tipos de casas prefabricadas hay en Spassio?\",\"acceptedAnswer\":{\"@type\":\"Answer\",\"text\":\"<p>Spassio trabaja con varios fabricantes con distintos tipos y modelos de casas prefabricadas. Esto incluye <a href=\\\"https:\\\/\\\/staging.spassio.com\\\/categories\\\/tiny-houses\\\/\\\">tiny houses<\\\/a>, cabinas, <a href=\\\"https:\\\/\\\/staging.spassio.com\\\/categories\\\/panel-built-houses\\\/\\\">casas de paneles montados in-situ<\\\/a>, casas de troncos de madera y <a href=\\\"https:\\\/\\\/staging.spassio.com\\\/categories\\\/modular-houses\\\/\\\">casas modulares<\\\/a>. Hay una amplia gama de opciones que se adaptan a diferentes necesidades y presupuestos.<\\\/p>\\n\"}},{\"@type\":\"Question\",\"name\":\"\\u00bfQu\\u00e9 informaci\\u00f3n puedo encontrar en Spassio?\",\"acceptedAnswer\":{\"@type\":\"Answer\",\"text\":\"<p>Spassio proporciona informaci\\u00f3n detallada sobre distintos modelos y fabricantes de casas prefabricadas. Incluye planos, im\\u00e1genes, precios y especificaciones. Tambi\\u00e9n puedes encontrar opiniones y valoraciones de otros usuarios que te ayudar\\u00e1n a tomar una decisi\\u00f3n informada.<\\\/p>\\n\"}},{\"@type\":\"Question\",\"name\":\"\\u00bfC\\u00f3mo puedo comprar una casa prefabricada a trav\\u00e9s de Spassio?\",\"acceptedAnswer\":{\"@type\":\"Answer\",\"text\":\"<p>Una vez que hayas investigado y comparado diferentes opciones en Spassio. Ponte en contacto con el fabricante para iniciar el proceso de compra. Spassio no facilita la venta de viviendas. Ponemos en contacto a los compradores interesados con los fabricantes.<\\\/p>\\n\"}},{\"@type\":\"Question\",\"name\":\"\\u00bfSon negociables los precios de Spassio?\",\"acceptedAnswer\":{\"@type\":\"Answer\",\"text\":\"<p>Los precios que figuran en Spassio los facilitan los fabricantes. Los precios no son negociables a trav\\u00e9s de Spassio. Sin embargo, tal vez puedas discutir el precio con el fabricante.<\\\/p>\\n\"}},{\"@type\":\"Question\",\"name\":\"\\u00bfExiste alguna garant\\u00eda sobre las casas prefabricadas de los fabricantes en Spassio?\",\"acceptedAnswer\":{\"@type\":\"Answer\",\"text\":\"<p>Los fabricantes proporcionan la garant\\u00eda de las <a href=\\\"\\\/\\\">casas prefabricadas<\\\/a>. Consulta con el fabricante para obtener m\\u00e1s informaci\\u00f3n sobre sus pol\\u00edticas o garant\\u00edas.<\\\/p>\\n\"}},{\"@type\":\"Question\",\"name\":\"Soy un fabricante de prefabricados, \\u00bfc\\u00f3mo puedo anunciarme en vuestra plataforma?\",\"acceptedAnswer\":{\"@type\":\"Answer\",\"text\":\"<p>Si quieres anunciar tus modelos prefabricados en Spassio.com, env\\u00edanos un correo electr\\u00f3nico a <a href=\\\"mailto:in**@*****io.com\\\" data-original-string=\\\"41eDwHMA\\\/lgIYYceHkOscA==df93drWGWwUw4NtqDHQBdfA8fCcgtNVnkOwXCwSihQhdxU=\\\" title=\\\"Este contacto ha sido codificado por Anti-Spam by CleanTalk. Haz clic para decodificar. Para finalizar la decodificaci\\u00f3n, aseg\\u00farate de que JavaScript est\\u00e1 activado en tu navegador.\\\" target=\\\"_new\\\"><span \\n                data-original-string='nh8IeQ3pvLT+olA3kV2gag==df9X9uulsrM7SvlEdStYUfHY\\\/r6Gub+HvDAwEAxd36CRgM='\\n                class='apbct-email-encoder'\\n                title='Este contacto ha sido codificado por Anti-Spam by CleanTalk. Haz clic para decodificar. Para finalizar la decodificaci\\u00f3n, aseg\\u00farate de que JavaScript est\\u00e1 activado en tu navegador.'>in<span class=\\\"apbct-blur\\\">**<\\\/span>@<span class=\\\"apbct-blur\\\">*****<\\\/span>io.com<\\\/span><\\\/a> para hablar de tus opciones.<\\\/p>\\n\"}}]}<\/script>\n\t\t\t\t\t<\/div>\n\t\t\t\t\t\t<\/div>\n\t\t\t\t<\/div>\n\t\t\t\t\t<\/div>\n\t\t<\/div>\n\t\t\t\t\t<\/div>\n\t\t<\/section>\n\t\t\t\t<\/div>\n\t\t","protected":false},"excerpt":{"rendered":"<p>\u00bfQu\u00e9 es Spassio?Spassio es un portal en l\u00ednea que conecta a compradores con fabricantes de casas prefabricadas de Europa. No somos fabricantes. Nuestra plataforma permite a los usuarios comparar f\u00e1cilmente decenas de modelos y fabricantes. \u00bfQui\u00e9n puede utilizar Spassio?El portal en l\u00ednea Spassio facilitada a cualquier persona interesada la b\u00fasqeuda y adquisici\u00f3n de una casa [&hellip;]<\/p>\n","protected":false},"author":45,"featured_media":0,"parent":0,"menu_order":0,"comment_status":"closed","ping_status":"closed","template":"template\/template-page.php","meta":{"content-type":"","_FSMCFIC_featured_image_caption":"","_FSMCFIC_featured_image_nocaption":"","_FSMCFIC_featured_image_hide":"","footnotes":""},"class_list":["post-61124","page","type-page","status-publish","hentry"],"_wp_attached_file":null,"_wp_attachment_metadata":null,"_wp_attachment_backup_sizes":null,"siteground_optimizer_webp_conversion_attempts":null,"siteground_optimizer_is_converted_to_webp":null,"siteground_optimizer_optimization_attempts":null,"siteground_optimizer_optimization_failed":null,"wpml_media_processed":null,"_wp_attachment_image_alt":null,"siteground_optimizer_is_optimized":null,"siteground_optimizer_webp_conversion_failed":null,"_elementor_source_image_hash":null,"siteground_optimizer_compression_level":null,"_elementor_inline_svg":null,"_imagify_optimization_level":null,"_imagify_status":null,"_imagify_data":null,"siteground_optimizer_original_filesize":null,"wpse_external_file_url":null,"fave_currency":null,"fave_currency_info":null,"fave_property_id":null,"fave_property_map":null,"fave_property_location":null,"houzez_geolocation_lat":null,"houzez_geolocation_long":null,"fave_property_map_street_view":null,"fave_featured":null,"fave_loggedintoview":null,"fave_agent_display_option":null,"fave_prop_homeslider":null,"fave_single_top_area":null,"fave_single_content_area":null,"_yoast_wpseo_primary_property_type":null,"_yoast_wpseo_primary_property_feature":null,"_yoast_wpseo_primary_property_label":null,"_yoast_wpseo_primary_property_country":null,"houzez_manual_expire":null,"_houzez_expiration_date_status":null,"houzez_total_property_views":null,"houzez_views_by_date":null,"houzez_recently_viewed":null,"fave_property_price":null,"fave_property_price_prefix":null,"fave_property_size":null,"fave_property_bathrooms":null,"fave_property_garage":null,"fave_levels":null,"fave_roof-type":null,"fave_construction-type":null,"fave_video_url":null,"fave_video_image":null,"fave_payment_status":null,"fave_property_agency":null,"fave_countries":null,"fave_sleeps":null,"_yoast_wpseo_primary_property_status":null,"fave_property_images":null,"fave_attachments":null,"technical_description":null,"houzez_featured_listing_date":null,"fave_property_size_prefix":null,"fave_property_bedrooms":null,"fave_property_price_postfix":null,"fave_production-time-in-weeks":null,"fave_building-time-in-days":null,"fave_window-glazing":null,"_yoast_wpseo_primary_feature-2":null,"_yoast_wpseo_primary_feature-3":null,"fave_warranty-in-years":null,"fave_property_land":null,"fave_property_land_postfix":null,"wpsebeba57d406-00de-d339-8c02-3956a916f506":null,"_oembed_eefb35903900c5c166d55ccf7fc62a8a":null,"_oembed_30948e80c1a853da0b519e72c40d2e13":null,"_oembed_0b78a31d7c7e6041adc064d46c40f98b":null,"_oembed_42c2c13b5902a21593b1d521556aea88":null,"_oembed_4fb58e495f37e206f97738a42dbe566f":null,"_oembed_b2828bee61bd9076cd21ece641de7abc":null,"_oembed_0c92428c960763e658977ce4918863f4":null,"_oembed_02b72dc3d26bdba6ff900a268ade2517":null,"_oembed_8c819834f7fc0b74364aa34a8193f46f":null,"_oembed_088962b77808b37d57abe5c8143f9652":null,"_oembed_dfae0e674c59ba061a82b330fc7fdea0":null,"_oembed_74e5075f66c4cd04b0e118feb24f6636":null,"fave_mortgage_cal":null,"_air_wp_sync_record_id":null,"_air_wp_sync_hash":null,"_air_wp_sync_importer_id":null,"_air_wp_sync_updated_at":null,"external_listing_link":null,"fave_property_map_address":null,"fave_multi_units_ids":null,"$wpml_language$":null,"fave_virtual_tour":null,"fave_gross-external-area":null,"_houzez_expiration_date":null,"_houzez_expiration_date_options":null,"floor_plans":null,"_oembed_a17db82fa378d53b4dc6ed46e5344499":null,"_oembed_da390569a339f4d7147d95cfb8c04c12":null,"_oembed_6a3eda5947bcc098660397ca8e21a941":null,"fave_roof-angle":null,"fave_seo-content":null,"_oembed_a7b8941eeee966e7350aede20b4d62be":null,"_oembed_time_a7b8941eeee966e7350aede20b4d62be":null,"additional_features":null,"fave_multi_units":null,"_oembed_716f56b62500685a7dd15ea2ec7579bd":null,"_oembed_time_716f56b62500685a7dd15ea2ec7579bd":null,"_oembed_8ececd3dd2598a4aedb5dfc82df2a0f6":null,"_oembed_time_8ececd3dd2598a4aedb5dfc82df2a0f6":null,"_oembed_4cef7884ea6ef16d48cd8675b12e440d":null,"fave_property_garage_size":null,"_oembed_5c1eaf7b40f4e3a3089b38beb88ba480":null,"fave_property_zip":null,"_oembed_ccdd6e0304386ece64b3b91f572b0be4":null,"_oembed_ae30d19e3e861b389146a1ccc2828104":null,"fave_property_rooms":null,"fave_property_year":null,"two_page_speed":null,"fave_year_established":null,"Status":null,"_oembed_5b2d8d2cf33b469c98e488ea5b118c30":null,"WPML Language Code":null,"_links":{"self":[{"href":"https:\/\/staging.spassio.com\/es\/wp-json\/wp\/v2\/pages\/61124","targetHints":{"allow":["GET"]}}],"collection":[{"href":"https:\/\/staging.spassio.com\/es\/wp-json\/wp\/v2\/pages"}],"about":[{"href":"https:\/\/staging.spassio.com\/es\/wp-json\/wp\/v2\/types\/page"}],"author":[{"embeddable":true,"href":"https:\/\/staging.spassio.com\/es\/wp-json\/wp\/v2\/users\/45"}],"replies":[{"embeddable":true,"href":"https:\/\/staging.spassio.com\/es\/wp-json\/wp\/v2\/comments?post=61124"}],"version-history":[{"count":0,"href":"https:\/\/staging.spassio.com\/es\/wp-json\/wp\/v2\/pages\/61124\/revisions"}],"wp:attachment":[{"href":"https:\/\/staging.spassio.com\/es\/wp-json\/wp\/v2\/media?parent=61124"}],"curies":[{"name":"wp","href":"https:\/\/api.w.org\/{rel}","templated":true}]}}