{"id":40766,"date":"2022-08-01T17:40:43","date_gmt":"2022-08-01T16:40:43","guid":{"rendered":"https:\/\/staging.spassio.com\/quest-ce-que-le-prefabrique\/"},"modified":"2024-01-05T11:44:39","modified_gmt":"2024-01-05T10:44:39","slug":"quest-ce-que-le-prefabrique","status":"publish","type":"page","link":"https:\/\/staging.spassio.com\/fr\/quest-ce-que-le-prefabrique\/","title":{"rendered":"Qu&#8217;est-ce que le pr\u00e9fabriqu\u00e9 ?"},"content":{"rendered":"<p>Le terme &#8220;pr\u00e9fabriqu\u00e9&#8221; indique que les \u00e9l\u00e9ments utilis\u00e9s pour construire une maison ont \u00e9t\u00e9 fabriqu\u00e9s hors site. Les b\u00e2timents pr\u00e9fabriqu\u00e9s peuvent \u00eatre enti\u00e8rement pr\u00e9fabriqu\u00e9s, mais dans la plupart des cas, un petit pourcentage du processus de construction a lieu sur le site o\u00f9 les \u00e9l\u00e9ments pr\u00e9fabriqu\u00e9s sont assembl\u00e9s. La construction d&#8217;une maison pr\u00e9fabriqu\u00e9e offre plusieurs avantages.<\/p>\n<p><strong>Principaux avantages de la construction pr\u00e9fabriqu\u00e9e :<\/strong><\/p>\n<ul>\n<li>Le processus de construction des pr\u00e9fabriqu\u00e9s est plus rapide<\/li>\n<li>La pr\u00e9fabrication conna\u00eet rarement des retards<\/li>\n<li>La construction pr\u00e9fabriqu\u00e9e est plus durable<\/li>\n<li>Les maisons pr\u00e9fabriqu\u00e9es sont de meilleure qualit\u00e9<\/li>\n<li>La pr\u00e9fabrication est moins ch\u00e8re que la construction traditionnelle<\/li>\n<\/ul>\n<p>Tous ces avantages de la construction pr\u00e9fabriqu\u00e9e contribuent \u00e0 une certitude majeure du processus de construction. Dans ce guide, vous trouverez tout ce qu&#8217;il faut savoir pour comprendre ce qu&#8217;est la construction pr\u00e9fabriqu\u00e9e et pourquoi elle gagne tant en popularit\u00e9.<\/p>\n<h2>Qu&#8217;est-ce qu&#8217;une maison pr\u00e9fabriqu\u00e9e ?<\/h2>\n<p>Une maison pr\u00e9fabriqu\u00e9e est une maison construite en utilisant une m\u00e9thode de pr\u00e9fabrication pour fabriquer les principaux \u00e9l\u00e9ments de construction (comme les murs, le toit ou le plancher) ou la maison enti\u00e8re. Le terme &#8220;pr\u00e9fabriqu\u00e9&#8221; indique qu&#8217;une grande partie du processus de construction se d\u00e9roule dans un environnement semblable \u00e0 celui d&#8217;une usine. Cependant, il existe diff\u00e9rents types de techniques de construction pr\u00e9fabriqu\u00e9e et, en fonction de la technique de pr\u00e9fabrication utilis\u00e9e, nous pouvons construire un type de maison pr\u00e9fabriqu\u00e9e ou un autre.<\/p>\n<h2>Types de maisons pr\u00e9fabriqu\u00e9es<\/h2>\n<p><strong>Maisons modulaires<\/strong>: Un type de pr\u00e9fabriqu\u00e9 qui est construit en pi\u00e8ces d\u00e9tach\u00e9es appel\u00e9es modules. Chaque module est une section tridimensionnelle pr\u00e9fabriqu\u00e9e de la maison qui, une fois construite, est exp\u00e9di\u00e9e sur le chantier o\u00f9 elle est assembl\u00e9e de mani\u00e8re simple et rapide. Une maison modulaire peut \u00eatre construite \u00e0 partir d&#8217;un ou de plusieurs modules, en fonction de la taille de la maison.<\/p>\n<p><strong>Maisons \u00e0 panneaux<\/strong>: \u00c9galement connues sous le nom de maisons \u00e0 panneaux, ces maisons sont construites avec des panneaux pr\u00e9fabriqu\u00e9s qui sont con\u00e7us comme des murs, des toits ou des planchers. Les panneaux sont des syst\u00e8mes complets comprenant tous les \u00e9l\u00e9ments n\u00e9cessaires, tels que le c\u00e2blage, la plomberie et l&#8217;isolation thermique. Par cons\u00e9quent, une fois assembl\u00e9s, ils d\u00e9finissent une maison qui est pratiquement pr\u00eate \u00e0 \u00eatre habit\u00e9e.<\/p>\n<p>Maison <strong>en rondins<\/strong>: Une approche moderne de la traditionnelle cabine en rondins. Ces maisons sont construites en posant horizontalement des rondins pr\u00e9fabriqu\u00e9s. Ces rondins sont con\u00e7us et fa\u00e7onn\u00e9s en usine, ce qui facilite le processus de construction et am\u00e9liore les performances de la maison.<\/p>\n<p><strong>Tiny houses<\/strong>: Ce type de maison pr\u00e9fabriqu\u00e9e est tr\u00e8s populaire car il offre une solution de construction \u00e0 la fois abordable et unique. G\u00e9n\u00e9ralement construites enti\u00e8rement en usine et plac\u00e9es sur des roues, les tiny houses offrent l&#8217;avantage d&#8217;\u00eatre d\u00e9pla\u00e7ables, ce qui favorise un mode de vie empreint de libert\u00e9 et de minimalisme.<\/p>\n<figure id=\"attachment_26555\" aria-describedby=\"caption-attachment-26555\" style=\"width: 1000px\" class=\"wp-caption alignnone\"><img fetchpriority=\"high\" decoding=\"async\" class=\"wp-image-26555 size-full\" src=\"https:\/\/staging.spassio.com\/wp-content\/uploads\/2022\/06\/the-wee-house-company-two-bedroom-open-plan-modular-home-001.jpeg\" alt=\"\" width=\"1000\" height=\"563\" srcset=\"https:\/\/staging.spassio.com\/wp-content\/uploads\/2022\/06\/the-wee-house-company-two-bedroom-open-plan-modular-home-001.jpeg 1000w, https:\/\/staging.spassio.com\/wp-content\/uploads\/2022\/06\/the-wee-house-company-two-bedroom-open-plan-modular-home-001-300x169.jpeg 300w, https:\/\/staging.spassio.com\/wp-content\/uploads\/2022\/06\/the-wee-house-company-two-bedroom-open-plan-modular-home-001-768x432.jpeg 768w, https:\/\/staging.spassio.com\/wp-content\/uploads\/2022\/06\/the-wee-house-company-two-bedroom-open-plan-modular-home-001-496x279.jpeg 496w\" sizes=\"(max-width: 1000px) 100vw, 1000px\" \/><figcaption id=\"caption-attachment-26555\" class=\"wp-caption-text\">Avec l&#8217;aimable autorisation de Wee House Company<\/figcaption><\/figure>\n<h2>Quels sont les avantages de la pr\u00e9fabrication ?<\/h2>\n<p>Comme la construction pr\u00e9fabriqu\u00e9e a lieu dans une usine de fabrication, elle utilise g\u00e9n\u00e9ralement des outils hautement m\u00e9canis\u00e9s dans un processus qui ressemble souvent \u00e0 une cha\u00eene de montage plut\u00f4t qu&#8217;\u00e0 des m\u00e9thodes de construction traditionnelles. Ce processus de construction moderne offre certains avantages par rapport aux m\u00e9thodes de construction sur site.<\/p>\n<h3>Le processus de construction des pr\u00e9fabriqu\u00e9s est plus rapide<\/h3>\n<p>La construction d&#8217;une maison \u00e0 l&#8217;aide de m\u00e9thodes de pr\u00e9fabrication acc\u00e9l\u00e8re consid\u00e9rablement la vitesse de construction par rapport \u00e0 la construction traditionnelle. Alors que la construction d&#8217;une maison selon les m\u00e9thodes traditionnelles prend au moins 6 mois, la construction globale d&#8217;une maison pr\u00e9fabriqu\u00e9e ne prend g\u00e9n\u00e9ralement que 16 semaines<a href=\"#_ftn1\" name=\"_ftnref1\">[1]<\/a>.<\/p>\n<p>L&#8217;acc\u00e9l\u00e9ration du processus de construction est le r\u00e9sultat direct de l&#8217;industrialisation du processus de construction pr\u00e9fabriqu\u00e9e. La pr\u00e9fabrication est une proc\u00e9dure qui se d\u00e9roule dans un environnement de fabrication o\u00f9 plusieurs \u00e9tapes sont hautement m\u00e9canis\u00e9es, ce qui acc\u00e9l\u00e8re le calendrier de construction.<\/p>\n<h3>La pr\u00e9fabrication conna\u00eet rarement des retards<\/h3>\n<p>Outre l&#8217;acc\u00e9l\u00e9ration naturelle du processus de construction, la pr\u00e9fabrication pr\u00e9sente l&#8217;avantage d&#8217;offrir un calendrier de construction fiable. Les retards les plus courants dans la construction traditionnelle sont g\u00e9n\u00e9ralement dus \u00e0 des \u00e9v\u00e9nements m\u00e9t\u00e9orologiques inattendus et \u00e0 des probl\u00e8mes de transport.<\/p>\n<p>La construction de pr\u00e9fabriqu\u00e9s ayant lieu dans une usine de fabrication \u00e0 l&#8217;abri des intemp\u00e9ries, les conditions de travail sont excellentes tout au long de l&#8217;ann\u00e9e, ce qui permet de respecter les d\u00e9lais de construction dans la quasi-totalit\u00e9 des cas. En outre, les transports \u00e9tant fortement r\u00e9duits, les retards de circulation sont pratiquement inexistants.<\/p>\n<h3>La construction pr\u00e9fabriqu\u00e9e est plus durable<\/h3>\n<p>L&#8217;industrie de la construction a un impact n\u00e9gatif important sur l&#8217;environnement, le transport et les d\u00e9chets en \u00e9tant les principales causes. Rien qu&#8217;au Royaume-Uni, les d\u00e9chets de construction repr\u00e9sentent des millions de tonnes chaque ann\u00e9e<a href=\"#_ftn2\" name=\"_ftnref2\">[2<\/a>]. La construction d&#8217;une maison \u00e0 l&#8217;aide de m\u00e9thodes de construction pr\u00e9fabriqu\u00e9es est, en g\u00e9n\u00e9ral, plus respectueuse de l&#8217;environnement que la construction d&#8217;une maison sur place \u00e0 l&#8217;aide de techniques de construction traditionnelles.<\/p>\n<p>La construction pr\u00e9fabriqu\u00e9e est plus durable car elle r\u00e9duit les transports et les d\u00e9chets gr\u00e2ce \u00e0 la centralisation des travaux. Cette centralisation limite la n\u00e9cessit\u00e9 d&#8217;acheminer des machines lourdes sur le site de travail, facilite le transport en vrac des mat\u00e9riaux et permet le recyclage et l&#8217;utilisation des mat\u00e9riaux restants.<\/p>\n<h3>Les maisons pr\u00e9fabriqu\u00e9es sont de meilleure qualit\u00e9<\/h3>\n<p>Toutes les maisons pr\u00e9fabriqu\u00e9es permanentes doivent respecter les m\u00eames r\u00e8gles de construction locales que celles qui s&#8217;appliquent aux maisons construites selon des m\u00e9thodes traditionnelles. Par cons\u00e9quent, toutes les maisons pr\u00e9fabriqu\u00e9es sont toujours construites selon des normes de qualit\u00e9 au moins \u00e9gales \u00e0 celles des maisons construites sur place. Toutefois, dans la plupart des cas, les maisons pr\u00e9fabriqu\u00e9es d\u00e9passent ces normes.<\/p>\n<p>Comme tous les processus pr\u00e9fabriqu\u00e9s se d\u00e9roulent dans un environnement semblable \u00e0 celui d&#8217;une usine, chaque \u00e9tape de la fabrication est d\u00e9velopp\u00e9e au m\u00eame endroit selon un processus hautement m\u00e9canis\u00e9 et soigneusement contr\u00f4l\u00e9. Ce cadre r\u00e9duit consid\u00e9rablement les \u00e9ventuelles erreurs humaines et de construction qui pourraient avoir un impact n\u00e9gatif sur la qualit\u00e9 globale de la maison.<\/p>\n<h3>La pr\u00e9fabrication est moins ch\u00e8re que la construction traditionnelle<\/h3>\n<p>En r\u00e8gle g\u00e9n\u00e9rale, la construction d&#8217;une maison pr\u00e9fabriqu\u00e9e est moins co\u00fbteuse que la construction de la m\u00eame maison sur place \u00e0 l&#8217;aide de m\u00e9thodes traditionnelles. La r\u00e9duction des co\u00fbts est le r\u00e9sultat direct de la centralisation et de la m\u00e9canisation du processus de construction.<\/p>\n<p>La centralisation des travaux permet de r\u00e9duire les besoins en transport, puisque les travailleurs n&#8217;ont plus \u00e0 se d\u00e9placer et que tous les mat\u00e9riaux sont livr\u00e9s en vrac \u00e0 la m\u00eame adresse. En outre, les d\u00e9penses de main-d&#8217;\u0153uvre sont r\u00e9duites gr\u00e2ce \u00e0 la m\u00e9canisation de plusieurs travaux de construction et \u00e0 l&#8217;acc\u00e9l\u00e9ration du processus global de construction.<\/p>\n<h2>Quel est le prix moyen d&#8217;une maison pr\u00e9fabriqu\u00e9e ?<\/h2>\n<p>Le prix moyen d&#8217;une maison pr\u00e9fabriqu\u00e9e est d&#8217;environ 90 000 \u20ac, mais ce chiffre peut varier \u00e9norm\u00e9ment d&#8217;un type de pr\u00e9fabriqu\u00e9 \u00e0 l&#8217;autre. Les tiny houses sont le type de pr\u00e9fabriqu\u00e9 le plus abordable avec un prix moyen de 63 139\u20ac. D&#8217;autres types de pr\u00e9fabriqu\u00e9s qui sont construits de mani\u00e8re permanente sur des fondations ont un prix moyen plus \u00e9lev\u00e9, c&#8217;est le cas des maisons modulaires dont le prix moyen est d&#8217;environ 106 200\u20ac.<\/p>\n<p>Cependant, m\u00eame pour un m\u00eame type de maison pr\u00e9fabriqu\u00e9e, la fourchette de prix est large. Ce prix d\u00e9pend de la taille de la maison, des mat\u00e9riaux utilis\u00e9s, de la qualit\u00e9 des finitions et m\u00eame de l&#8217;emplacement de la maison.<\/p>\n<h3>Peut-on financer une maison pr\u00e9fabriqu\u00e9e avec un pr\u00eat immobilier ?<\/h3>\n<p>Le financement d&#8217;une <a href=\"https:\/\/staging.spassio.com\/mortgage-prefab-house\/\">maison pr\u00e9fabriqu\u00e9e par un pr\u00eat immobilier<\/a> est possible. Toutefois, la proc\u00e9dure de demande d&#8217;un pr\u00eat \u00e0 la construction pour une maison pr\u00e9fabriqu\u00e9e n&#8217;est pas la m\u00eame que celle que vous suivriez pour financer une maison construite sur place de mani\u00e8re traditionnelle.<\/p>\n<p>Chaque pays dispose de diff\u00e9rents types de pr\u00eats pour la construction de maisons pr\u00e9fabriqu\u00e9es. N\u00e9anmoins, la chose la plus importante \u00e0 prendre en compte lors d&#8217;une demande de pr\u00eat immobilier pour la construction d&#8217;une maison pr\u00e9fabriqu\u00e9e au Royaume-Uni et en Europe est la qualit\u00e9 de la construction. Il est essentiel de prouver que la maison est construite conform\u00e9ment aux exigences minimales d\u00e9finies dans les r\u00e9glementations locales en mati\u00e8re de construction.<\/p>\n<p><strong>FAQ<\/strong><\/p>\n<h2>Quelle est la dur\u00e9e de vie des maisons pr\u00e9fabriqu\u00e9es par rapport \u00e0 la construction traditionnelle ?<\/h2>\n<p>Les maisons pr\u00e9fabriqu\u00e9es sont construites avec des mat\u00e9riaux con\u00e7us pour durer environ 50 ans, une dur\u00e9e tr\u00e8s similaire \u00e0 celle pr\u00e9vue pour les maisons construites de mani\u00e8re traditionnelle. La dur\u00e9e de vie globale d&#8217;une maison varie en fonction des mat\u00e9riaux choisis mais aussi de la qualit\u00e9 de la construction. Par cons\u00e9quent, comme les maisons pr\u00e9fabriqu\u00e9es sont souvent de meilleure qualit\u00e9, leur durabilit\u00e9 peut \u00eatre l\u00e9g\u00e8rement sup\u00e9rieure \u00e0 celle des constructions traditionnelles.<\/p>\n<h2>Quels types de maisons pr\u00e9fabriqu\u00e9es peut-on acheter ?<\/h2>\n<p>Les types de maisons pr\u00e9fabriqu\u00e9es les plus courants que l&#8217;on peut acheter aujourd&#8217;hui au Royaume-Uni et en Europe sont les maisons modulaires, les maisons \u00e0 panneaux, les petites maisons, les maisons en rondins et les cabanes.<\/p>\n<h2>Les maisons pr\u00e9fabriqu\u00e9es sont-elles un bon investissement ?<\/h2>\n<p>Sans aucun doute. Une fois construite, une maison pr\u00e9fabriqu\u00e9e ressemble \u00e0 une maison traditionnelle, ce qui en fait un investissement au moins aussi bon qu&#8217;une maison traditionnelle. Cependant, comme la construction d&#8217;une maison pr\u00e9fabriqu\u00e9e est plus abordable et que leur qualit\u00e9 est souvent sup\u00e9rieure, ces types de maisons constituent un excellent choix d&#8217;investissement.<\/p>\n<h2>Les maisons pr\u00e9fabriqu\u00e9es sont-elles plus durables que les maisons traditionnelles ?<\/h2>\n<p>Oui, la construction pr\u00e9fabriqu\u00e9e est g\u00e9n\u00e9ralement une solution de construction plus durable, car elle r\u00e9duit consid\u00e9rablement les besoins en transport et le gaspillage de mat\u00e9riaux.<\/p>\n<p>R\u00e9f\u00e9rences :<\/p>\n<p><a style=\"color: #3eb6a8;\" href=\"#_ftnref1\" name=\"_ftn1\">[1]<\/a>(2022, 10 janvier) Comment les maisons modulaires s&#8217;attaquent-elles \u00e0 la crise environnementale ? Vista panels Ltd https:\/\/www.vistapanels.co.uk\/how-will-modular-homes-tackle-the-environmental-crisis\/<br \/>\n[<a style=\"color: #3eb6a8;\" href=\"#_ftnref2\" name=\"_ftn2\">2]<\/a>(2021, 31 ao\u00fbt) Dobrowolska, K. Gestion des d\u00e9chets de construction et de d\u00e9molition Archdesk https:\/\/archdesk.com\/blog\/construction-and-demolition-waste-management\/<\/p>\n","protected":false},"excerpt":{"rendered":"<p>Le terme &#8220;pr\u00e9fabriqu\u00e9&#8221; indique que les \u00e9l\u00e9ments utilis\u00e9s pour construire une maison ont \u00e9t\u00e9 fabriqu\u00e9s hors site. Les b\u00e2timents pr\u00e9fabriqu\u00e9s peuvent \u00eatre enti\u00e8rement pr\u00e9fabriqu\u00e9s, mais dans la plupart des cas, un petit pourcentage du processus de construction a lieu sur le site o\u00f9 les \u00e9l\u00e9ments pr\u00e9fabriqu\u00e9s sont assembl\u00e9s. La construction d&#8217;une maison pr\u00e9fabriqu\u00e9e offre plusieurs [&hellip;]<\/p>\n","protected":false},"author":194,"featured_media":26555,"parent":0,"menu_order":0,"comment_status":"closed","ping_status":"closed","template":"","meta":{"content-type":"","_FSMCFIC_featured_image_caption":"","_FSMCFIC_featured_image_nocaption":"","_FSMCFIC_featured_image_hide":"","footnotes":""},"class_list":["post-40766","page","type-page","status-publish","has-post-thumbnail","hentry"],"_wp_attached_file":null,"_wp_attachment_metadata":null,"_wp_attachment_backup_sizes":null,"siteground_optimizer_webp_conversion_attempts":null,"siteground_optimizer_is_converted_to_webp":null,"siteground_optimizer_optimization_attempts":null,"siteground_optimizer_optimization_failed":null,"wpml_media_processed":null,"_wp_attachment_image_alt":null,"siteground_optimizer_is_optimized":null,"siteground_optimizer_webp_conversion_failed":null,"_elementor_source_image_hash":null,"siteground_optimizer_compression_level":null,"_elementor_inline_svg":null,"_imagify_optimization_level":null,"_imagify_status":null,"_imagify_data":null,"siteground_optimizer_original_filesize":null,"wpse_external_file_url":null,"fave_currency":null,"fave_currency_info":null,"fave_property_id":null,"fave_property_map":null,"fave_property_location":null,"houzez_geolocation_lat":null,"houzez_geolocation_long":null,"fave_property_map_street_view":null,"fave_featured":null,"fave_loggedintoview":null,"fave_agent_display_option":null,"fave_prop_homeslider":null,"fave_single_top_area":null,"fave_single_content_area":null,"_yoast_wpseo_primary_property_type":null,"_yoast_wpseo_primary_property_feature":null,"_yoast_wpseo_primary_property_label":null,"_yoast_wpseo_primary_property_country":null,"houzez_manual_expire":null,"_houzez_expiration_date_status":null,"houzez_total_property_views":null,"houzez_views_by_date":null,"houzez_recently_viewed":null,"fave_property_price":null,"fave_property_price_prefix":null,"fave_property_size":null,"fave_property_bathrooms":null,"fave_property_garage":null,"fave_levels":null,"fave_roof-type":null,"fave_construction-type":null,"fave_video_url":null,"fave_video_image":null,"fave_payment_status":null,"fave_property_agency":null,"fave_countries":null,"fave_sleeps":null,"_yoast_wpseo_primary_property_status":null,"fave_property_images":null,"fave_attachments":null,"technical_description":null,"houzez_featured_listing_date":null,"fave_property_size_prefix":null,"fave_property_bedrooms":null,"fave_property_price_postfix":null,"fave_production-time-in-weeks":null,"fave_building-time-in-days":null,"fave_window-glazing":null,"_yoast_wpseo_primary_feature-2":null,"_yoast_wpseo_primary_feature-3":null,"fave_warranty-in-years":null,"fave_property_land":null,"fave_property_land_postfix":null,"wpsebeba57d406-00de-d339-8c02-3956a916f506":null,"_oembed_eefb35903900c5c166d55ccf7fc62a8a":null,"_oembed_30948e80c1a853da0b519e72c40d2e13":null,"_oembed_0b78a31d7c7e6041adc064d46c40f98b":null,"_oembed_42c2c13b5902a21593b1d521556aea88":null,"_oembed_4fb58e495f37e206f97738a42dbe566f":null,"_oembed_b2828bee61bd9076cd21ece641de7abc":null,"_oembed_0c92428c960763e658977ce4918863f4":null,"_oembed_02b72dc3d26bdba6ff900a268ade2517":null,"_oembed_8c819834f7fc0b74364aa34a8193f46f":null,"_oembed_088962b77808b37d57abe5c8143f9652":null,"_oembed_dfae0e674c59ba061a82b330fc7fdea0":null,"_oembed_74e5075f66c4cd04b0e118feb24f6636":null,"fave_mortgage_cal":null,"_air_wp_sync_record_id":null,"_air_wp_sync_hash":null,"_air_wp_sync_importer_id":null,"_air_wp_sync_updated_at":null,"external_listing_link":null,"fave_property_map_address":null,"fave_multi_units_ids":null,"$wpml_language$":null,"fave_virtual_tour":null,"fave_gross-external-area":null,"_houzez_expiration_date":null,"_houzez_expiration_date_options":null,"floor_plans":null,"_oembed_a17db82fa378d53b4dc6ed46e5344499":null,"_oembed_da390569a339f4d7147d95cfb8c04c12":null,"_oembed_6a3eda5947bcc098660397ca8e21a941":null,"fave_roof-angle":null,"fave_seo-content":null,"_oembed_a7b8941eeee966e7350aede20b4d62be":null,"_oembed_time_a7b8941eeee966e7350aede20b4d62be":null,"additional_features":null,"fave_multi_units":null,"_oembed_716f56b62500685a7dd15ea2ec7579bd":null,"_oembed_time_716f56b62500685a7dd15ea2ec7579bd":null,"_oembed_8ececd3dd2598a4aedb5dfc82df2a0f6":null,"_oembed_time_8ececd3dd2598a4aedb5dfc82df2a0f6":null,"_oembed_4cef7884ea6ef16d48cd8675b12e440d":null,"fave_property_garage_size":null,"_oembed_5c1eaf7b40f4e3a3089b38beb88ba480":null,"fave_property_zip":null,"_oembed_ccdd6e0304386ece64b3b91f572b0be4":null,"_oembed_ae30d19e3e861b389146a1ccc2828104":null,"fave_property_rooms":null,"fave_property_year":null,"two_page_speed":null,"fave_year_established":null,"Status":null,"_oembed_5b2d8d2cf33b469c98e488ea5b118c30":null,"WPML Language Code":null,"_links":{"self":[{"href":"https:\/\/staging.spassio.com\/fr\/wp-json\/wp\/v2\/pages\/40766","targetHints":{"allow":["GET"]}}],"collection":[{"href":"https:\/\/staging.spassio.com\/fr\/wp-json\/wp\/v2\/pages"}],"about":[{"href":"https:\/\/staging.spassio.com\/fr\/wp-json\/wp\/v2\/types\/page"}],"author":[{"embeddable":true,"href":"https:\/\/staging.spassio.com\/fr\/wp-json\/wp\/v2\/users\/194"}],"replies":[{"embeddable":true,"href":"https:\/\/staging.spassio.com\/fr\/wp-json\/wp\/v2\/comments?post=40766"}],"version-history":[{"count":0,"href":"https:\/\/staging.spassio.com\/fr\/wp-json\/wp\/v2\/pages\/40766\/revisions"}],"wp:featuredmedia":[{"embeddable":true,"href":"https:\/\/staging.spassio.com\/fr\/wp-json\/wp\/v2\/media\/26555"}],"wp:attachment":[{"href":"https:\/\/staging.spassio.com\/fr\/wp-json\/wp\/v2\/media?parent=40766"}],"curies":[{"name":"wp","href":"https:\/\/api.w.org\/{rel}","templated":true}]}}