{"id":40788,"date":"2022-08-21T20:20:22","date_gmt":"2022-08-21T19:20:22","guid":{"rendered":"https:\/\/staging.spassio.com\/guide-pour-la-recherche-et-lachat-de-terrains\/"},"modified":"2023-12-23T17:45:57","modified_gmt":"2023-12-23T16:45:57","slug":"guide-recherche-et-achat-terrains-constructibles","status":"publish","type":"page","link":"https:\/\/staging.spassio.com\/fr\/guide-recherche-et-achat-terrains-constructibles\/","title":{"rendered":"Guide pour la recherche et l&#8217;achat de terrains"},"content":{"rendered":"<p>Ce guide vous aidera \u00e0 vous faire une id\u00e9e pr\u00e9cise des conditions \u00e0 remplir, \u00e9tape par \u00e9tape, pour trouver et acheter un terrain afin d&#8217;y construire une maison pr\u00e9fabriqu\u00e9e au Royaume-Uni et en Europe. Trouver le bon <em>terrain pour construire un pr\u00e9fabriqu\u00e9<\/em> peut s&#8217;av\u00e9rer difficile pour un premier acheteur, car cette technique de construction est relativement nouvelle et les exigences sont encore \u00e9trang\u00e8res \u00e0 la plupart d&#8217;entre eux. Cependant, le type de terrain n\u00e9cessaire \u00e0 la construction d&#8217;une <a href=\"\/\">maison pr\u00e9fabriqu\u00e9e<\/a> est similaire \u00e0 celui d&#8217;une construction traditionnelle.<\/p>\n<h2>Un guide \u00e9tape par \u00e9tape pour trouver et acheter un terrain :<\/h2>\n<table style=\"border-collapse: collapse; width: 100%;\" border=\"1\">\n<tbody>\n<tr>\n<th>Num\u00e9ro<\/th>\n<th>Description<\/th>\n<th>Consid\u00e9rations Cl\u00e9s<\/th>\n<\/tr>\n<tr>\n<td>1<\/td>\n<td>Choisir un lieu<\/td>\n<td>Pr\u00e9f\u00e9rences et besoins, Disponibilit\u00e9 sur le march\u00e9<\/td>\n<\/tr>\n<tr>\n<td>2<\/td>\n<td>Identifier les caract\u00e9ristiques optimales du terrain pour construire un pr\u00e9fabriqu\u00e9<\/td>\n<td>Plat, Accessibilit\u00e9, Conditions du sol, Orientation<\/td>\n<\/tr>\n<tr>\n<td>3<\/td>\n<td>Se concentrer sur les parcelles constructibles<\/td>\n<td>Consulter l&#8217;autorit\u00e9 locale de planification, V\u00e9rifier les r\u00e9glementations de construction<\/td>\n<\/tr>\n<tr>\n<td>4<\/td>\n<td>V\u00e9rifier si la parcelle est viabilis\u00e9e<\/td>\n<td>Connexion aux services et utilit\u00e9s de base<\/td>\n<\/tr>\n<tr>\n<td>5<\/td>\n<td>Obtenir des conseils juridiques<\/td>\n<td>Probl\u00e8mes de titre, Servitudes, Droit d&#8217;acc\u00e8s<\/td>\n<\/tr>\n<tr>\n<td>6<\/td>\n<td>Conna\u00eetre le co\u00fbt du terrain et comparer les prix<\/td>\n<td>Rechercher les prix moyens dans la zone<\/td>\n<\/tr>\n<tr>\n<td>7<\/td>\n<td>Achat et enregistrement de votre nouvelle propri\u00e9t\u00e9<\/td>\n<td>Enregistrer le terrain et obtenir un plan de titre<\/td>\n<\/tr>\n<\/tbody>\n<\/table>\n<p>&nbsp;<\/p>\n<p>En proc\u00e9dant \u00e9tape par \u00e9tape, vous parviendrez \u00e0 trouver la parcelle id\u00e9ale. Vous pouvez contacter un agent local ou consulter des sites Internet consacr\u00e9s \u00e0 l&#8217;immobilier.1. choisir un lieuL&#8217;emplacement est la premi\u00e8re \u00e9tape \u00e0 prendre en compte lorsque vous commencez \u00e0 chercher un terrain \u00e0 acheter. L&#8217;emplacement id\u00e9al d\u00e9pend de vos pr\u00e9f\u00e9rences, de vos besoins et de votre situation personnelle. Toutefois, dans les r\u00e9gions tr\u00e8s peupl\u00e9es du Royaume-Uni et de l&#8217;Europe, il peut \u00eatre difficile de trouver un terrain vacant. Par cons\u00e9quent, dans la plupart des cas, le terrain \u00e0 b\u00e2tir id\u00e9al n&#8217;est pas seulement l&#8217;endroit dont nous r\u00eavons, mais un compromis entre nos pr\u00e9f\u00e9rences et les disponibilit\u00e9s du march\u00e9.Quel est le meilleur endroit pour acheter un terrain ?Un bon emplacement diff\u00e8re d&#8217;une personne \u00e0 l&#8217;autre, mais voici quelques conseils qui vous aideront \u00e0 d\u00e9terminer \u00e0 quoi ressemble un bon emplacement pour vous :<strong>Proximit\u00e9 des installations utiles<\/strong>: Analysez s&#8217;il est important pour vous d&#8217;\u00eatre proche d&#8217;une \u00e9picerie, d&#8217;un centre de loisirs ou d&#8217;un centre commercial. De m\u00eame, si vous vous rendez au travail ou si vous avez des enfants qui vont \u00e0 l&#8217;\u00e9cole, vous appr\u00e9cierez peut-\u00eatre la proximit\u00e9 de ces \u00e9tablissements.<strong>Transport<\/strong>: Le mode de transport que vous pr\u00e9f\u00e9rez doit \u00eatre soigneusement pris en compte lors du choix du lieu. V\u00e9rifiez si le terrain se trouve \u00e0 proximit\u00e9 de transports publics, d&#8217;autoroutes ou de voies pi\u00e9tonnes.<strong>Quartier<\/strong>: Identifiez les quartiers qui vous conviennent le mieux et \u00e9valuez le degr\u00e9 de s\u00e9curit\u00e9 de la zone.<\/p>\n<p>2. identifier les caract\u00e9ristiques optimales du terrain pour construire un pr\u00e9fabriqu\u00e9Les exigences en mati\u00e8re de terrain pour la construction d&#8217;une maison pr\u00e9fabriqu\u00e9e sont assez similaires \u00e0 celles qui s&#8217;appliquent \u00e0 la <a href=\"https:\/\/staging.spassio.com\/prefab-better-than-traditional-building\/\">construction d&#8217;une maison traditionnelle<\/a>. Toutefois, \u00e9tant donn\u00e9 que les maisons pr\u00e9fabriqu\u00e9es sont destin\u00e9es \u00e0 \u00eatre construites principalement hors site, de mani\u00e8re rapide et abordable, ces caract\u00e9ristiques deviennent plus significatives.Plus le terrain est plat, mieux c&#8217;est : les terrains en pente n\u00e9cessitent des travaux suppl\u00e9mentaires qui se traduisent par une construction plus longue et plus co\u00fbteuse. Une faible pente est particuli\u00e8rement importante si vous envisagez d&#8217;acqu\u00e9rir une maison pr\u00e9fabriqu\u00e9e.<strong>Accessibilit\u00e9<\/strong>: Un terrain accessible facilite le transport des mat\u00e9riaux et des machines n\u00e9cessaires \u00e0 l&#8217;\u00e9dification de la maison, ce qui contribue g\u00e9n\u00e9ralement \u00e0 une construction plus ais\u00e9e, plus rapide et moins co\u00fbteuse. Toutefois, lors de la construction d&#8217;un b\u00e2timent pr\u00e9fabriqu\u00e9, l&#8217;accessibilit\u00e9 est essentielle, car ce qui est livr\u00e9 sur le chantier, ce sont des sections pr\u00e9fabriqu\u00e9es de dimensions \u00e9tendues.<strong>\u00c9tat du sol<\/strong>: Les conditions du sol d\u00e9termineront le type de fondations dont la maison aura besoin. L&#8217;obtention d&#8217;un test g\u00e9otechnique peut s&#8217;av\u00e9rer tr\u00e8s utile en cas de doute, car les sols durs sont tr\u00e8s difficiles \u00e0 creuser et les sols tr\u00e8s mous peuvent n\u00e9cessiter une excavation profonde pour trouver un sol solide. Tous ces travaux suppl\u00e9mentaires augmenteront le prix global de la construction.<strong>Orientation<\/strong>: L&#8217;orientation du terrain est essentielle pour garantir une situation de vie confortable une fois la maison construite. L&#8217;orientation id\u00e9ale du terrain d\u00e9pend des conditions climatiques de la r\u00e9gion o\u00f9 l&#8217;on construit, mais les aspects les plus importants \u00e0 prendre en compte sont l&#8217;ensoleillement, l&#8217;ombre, le vent et les inondations.<\/p>\n<p>3. se concentrer sur les terrains constructiblesIl existe diff\u00e9rents types de terrains sur le march\u00e9 et tous ne sont pas constructibles. Bien que chaque pays organise diff\u00e9remment ses types de parcelles, ils disposent tous d&#8217;une certaine forme de planification o\u00f9 les terrains sont class\u00e9s et cat\u00e9goris\u00e9s en fonction du type de b\u00e2timent qui peut \u00eatre construit dans cette zone.Avant d&#8217;acheter un terrain, consultez les autorit\u00e9s locales charg\u00e9es de l&#8217;am\u00e9nagement du territoire afin de v\u00e9rifier qu&#8217;il est constructible et d&#8217;identifier les \u00e9ventuels probl\u00e8mes de planification. N&#8217;oubliez pas que pour obtenir un permis de construire, vous devrez respecter plusieurs r\u00e8gles limitant des aspects tels que l&#8217;utilisation, la taille et la hauteur du b\u00e2timent.<\/p>\n<figure id=\"attachment_28847\" aria-describedby=\"caption-attachment-28847\" style=\"width: 1000px\" class=\"wp-caption alignnone\"><img fetchpriority=\"high\" decoding=\"async\" class=\"wp-image-28847 size-full\" src=\"https:\/\/staging.spassio.com\/wp-content\/uploads\/2022\/08\/tini-tini-m-003-prefab-house-plot-land.webp\" alt=\"guide de la maison pr\u00e9fabriqu\u00e9e sur le terrain\" width=\"1000\" height=\"562\" srcset=\"https:\/\/staging.spassio.com\/wp-content\/uploads\/2022\/08\/tini-tini-m-003-prefab-house-plot-land.webp 1000w, https:\/\/staging.spassio.com\/wp-content\/uploads\/2022\/08\/tini-tini-m-003-prefab-house-plot-land-300x169.webp 300w, https:\/\/staging.spassio.com\/wp-content\/uploads\/2022\/08\/tini-tini-m-003-prefab-house-plot-land-768x432.webp 768w, https:\/\/staging.spassio.com\/wp-content\/uploads\/2022\/08\/tini-tini-m-003-prefab-house-plot-land-496x279.webp 496w\" sizes=\"(max-width: 1000px) 100vw, 1000px\" \/><figcaption id=\"caption-attachment-28847\" class=\"wp-caption-text\">Avec l&#8217;aimable autorisation de Tini : <a href=\"https:\/\/staging.spassio.com\/models\/tini-tini-m\/\">mod\u00e8le Tini M<\/a><\/figcaption><\/figure>\n<p>4. v\u00e9rifier si la parcelle est viabilis\u00e9eUn terrain viabilis\u00e9 est une parcelle de terrain d\u00e9j\u00e0 raccord\u00e9e aux services de base tels que l&#8217;\u00e9lectricit\u00e9, l&#8217;eau, les \u00e9gouts et m\u00eame les routes. Lors de la recherche d&#8217;un terrain pour construire une nouvelle maison pr\u00e9fabriqu\u00e9e, il est fortement recommand\u00e9 de tenir compte de ce fait. Il est tout \u00e0 fait possible de construire un pr\u00e9fabriqu\u00e9 sur un terrain non viabilis\u00e9, mais le raccordement du terrain aux diff\u00e9rents services prend du temps et de l&#8217;argent, il faut donc en \u00eatre conscient \u00e0 l&#8217;avance.<\/p>\n<p>5. obtenir des conseils juridiquesIl est toujours recommand\u00e9 de demander un avis juridique avant d&#8217;acheter un terrain afin de r\u00e9duire les risques. Un avocat exp\u00e9riment\u00e9 vous aidera \u00e0 d\u00e9terminer s&#8217;il existe des probl\u00e8mes concernant le titre de propri\u00e9t\u00e9 ou la description du bien, \u00e0 d\u00e9terminer la n\u00e9cessit\u00e9 d&#8217;un acte de propri\u00e9t\u00e9 et \u00e0 rep\u00e9rer des aspects aussi importants que les dettes, les charges, les privil\u00e8ges ou les embargos.Quels sont les risques li\u00e9s \u00e0 l&#8217;achat d&#8217;un terrain ?Si vous n&#8217;obtenez pas de conseils juridiques, vous risquez <em>d&#8217;acheter un terrain<\/em> pr\u00e9sentant de graves probl\u00e8mes, tels que<strong>Conflits de limites<\/strong>: Certaines parcelles ne sont pas clairement d\u00e9limit\u00e9es et les propri\u00e9taires des terrains voisins ne sont pas d&#8217;accord sur les limites de chaque terrain. Il n&#8217;est pas recommand\u00e9 d&#8217;acheter un terrain pr\u00e9sentant ce type de probl\u00e8me, car ces litiges sont souvent longs \u00e0 r\u00e9soudre.Les <strong>clauses<\/strong> restrictives : Un terrain soumis \u00e0 des clauses restrictives peut limiter votre libert\u00e9 de construire la maison que vous souhaitez. Assurez-vous que le terrain que vous achetez ne comporte pas de clauses restrictives ou, si c&#8217;est le cas, prenez le temps de d\u00e9terminer si elles vous g\u00eaneront.<strong>Probl\u00e8mes de droit d&#8217;acc\u00e8s<\/strong>: Le titre de propri\u00e9t\u00e9 doit vous accorder un droit d&#8217;acc\u00e8s total \u00e0 votre terrain, faute de quoi vous risquez de ne pas pouvoir acc\u00e9der l\u00e9galement \u00e0 votre propri\u00e9t\u00e9 et de vous voir refuser tout travail de construction.Quelles questions dois-je poser lors de l&#8217;achat d&#8217;un bien immobilier ?Avant d&#8217;acheter un terrain, vous devez vous poser certaines questions qui vous aideront \u00e0 identifier les risques :<\/p>\n<ul>\n<li>Pourquoi le propri\u00e9taire vend-il son terrain ?<\/li>\n<li>Existe-t-il des probl\u00e8mes li\u00e9s au terrain ?<\/li>\n<li>Existe-t-il des restrictions susceptibles de limiter tout d\u00e9veloppement futur ?<\/li>\n<li>Les limites sont-elles clairement et l\u00e9galement d\u00e9finies et\/ou marqu\u00e9es ?<\/li>\n<li>Un permis de construire a-t-il \u00e9t\u00e9 d\u00e9livr\u00e9 ?<\/li>\n<li>Quels sont les droits d&#8217;acc\u00e8s ?<\/li>\n<li>Le terrain est-il correctement raccord\u00e9 aux services de base et aux services publics ?<\/li>\n<li>Que pr\u00e9voient les plans d&#8217;urbanisme pour l&#8217;avenir du quartier ?<\/li>\n<\/ul>\n<p>6. conna\u00eetre le co\u00fbt du terrain et comparer les prixLe co\u00fbt d&#8217;un terrain varie \u00e9norm\u00e9ment en raison des multiples aspects qui influencent sa valeur. L&#8217;emplacement a g\u00e9n\u00e9ralement une grande influence sur le prix d&#8217;achat. Par cons\u00e9quent, des recherches sur le prix moyen dans la r\u00e9gion seront tr\u00e8s utiles pour comparer les prix et n\u00e9gocier le prix de vente final.Cependant, tous les aspects \u00e9voqu\u00e9s pr\u00e9c\u00e9demment auront une incidence directe sur la valeur :Les terrains plats <strong>sont g\u00e9n\u00e9ralement plus chers<\/strong>: Les terrains plats et les bonnes conditions de sol sont souvent plus chers. N\u00e9anmoins, cela en vaut g\u00e9n\u00e9ralement la peine, car les travaux de construction se d\u00e9rouleront plus facilement.Les <strong>terrains viabilis\u00e9s constructibles co\u00fbtent souvent plus cher<\/strong>: De m\u00eame, les terrains dot\u00e9s d&#8217;un permis de construire, d&#8217;un acc\u00e8s aux services et de limitations r\u00e9duites sont g\u00e9n\u00e9ralement plus demand\u00e9s et donc plus chers. Il s&#8217;agit n\u00e9anmoins d&#8217;un bon investissement s\u00fbr.Les <strong>terrains pr\u00e9sentant des probl\u00e8mes juridiques peuvent \u00eatre moins chers<\/strong>: M\u00e9fiez-vous des prix \u00e9tonnamment bas, car ils peuvent \u00eatre li\u00e9s \u00e0 des probl\u00e8mes juridiques.7. acheter et enregistrer votre nouvelle propri\u00e9t\u00e9Une fois que vous avez trouv\u00e9 le terrain id\u00e9al pour construire votre nouvelle <a href=\"\/\">maison pr\u00e9fabriqu\u00e9e<\/a> et que vous connaissez les co\u00fbts et les conditions, il est temps de l&#8217;acheter. Lorsque vous devenez propri\u00e9taire d&#8217;un terrain, il est recommand\u00e9 de l&#8217;enregistrer et d&#8217;obtenir un plan cadastral. Bien que le cadastre ne soit pas obligatoire au Royaume-Uni et dans certains pays europ\u00e9ens, il peut \u00eatre exig\u00e9 par la banque si vous envisagez de b\u00e9n\u00e9ficier d&#8217;un pr\u00eat hypoth\u00e9caire.O\u00f9 chercher des terrainsIl existe diff\u00e9rentes mani\u00e8res de rechercher un terrain : vous pouvez contacter des agences immobili\u00e8res locales, consulter des journaux et des magazines ou, ce qui est plus courant aujourd&#8217;hui, faire des recherches en ligne. Une recherche en ligne vous donnera une id\u00e9e g\u00e9n\u00e9rale de ce qui est disponible dans votre r\u00e9gion et de son co\u00fbt.Voici quelques sites web pour trouver un terrain en tant qu&#8217;acheteur local ou \u00e9tranger :<\/p>\n<h2>Facteurs \u00e0 consid\u00e9rer lors de l&#8217;achat d&#8217;un terrain<\/h2>\n<table style=\"border-collapse: collapse; width: 100%;\" border=\"1\">\n<tbody>\n<tr>\n<th>Facteur<\/th>\n<th>Importance dans l&#8217;achat de terrain<\/th>\n<th>Notes suppl\u00e9mentaires<\/th>\n<\/tr>\n<tr>\n<td>Emplacement<\/td>\n<td>Crucial pour la commodit\u00e9 personnelle et la valeur de revente<\/td>\n<td>Proximit\u00e9 des installations, des transports et s\u00e9curit\u00e9 du quartier<\/td>\n<\/tr>\n<tr>\n<td>Caract\u00e9ristiques du terrain<\/td>\n<td>Essentiel pour la faisabilit\u00e9 et le co\u00fbt de la construction<\/td>\n<td>Plat, accessible, conditions du sol et orientation sont cl\u00e9s<\/td>\n<\/tr>\n<tr>\n<td>Constructibilit\u00e9<\/td>\n<td>Doit \u00eatre confirm\u00e9e avant l&#8217;achat<\/td>\n<td>Consulter l&#8217;autorit\u00e9 locale de planification pour les r\u00e9glementations et autorisations<\/td>\n<\/tr>\n<tr>\n<td>Connexion aux services<\/td>\n<td>Fortement recommand\u00e9e pour faciliter la construction<\/td>\n<td>Les parcelles non viabilis\u00e9es n\u00e9cessitent plus de temps et d&#8217;investissement<\/td>\n<\/tr>\n<tr>\n<td>Consid\u00e9rations juridiques<\/td>\n<td>Critique pour \u00e9viter les litiges futurs<\/td>\n<td>Comprend la clart\u00e9 du titre, les servitudes restrictives et les droits d&#8217;acc\u00e8s<\/td>\n<\/tr>\n<tr>\n<td>Co\u00fbt<\/td>\n<td>Varie en fonction des facteurs ci-dessus<\/td>\n<td>Influenc\u00e9 par l&#8217;emplacement, la constructibilit\u00e9 et les caract\u00e9ristiques du terrain<\/td>\n<\/tr>\n<tr>\n<td>Enregistrement<\/td>\n<td>Recommand\u00e9 pour la propri\u00e9t\u00e9 l\u00e9gale<\/td>\n<td>Important pour les demandes de pr\u00eat hypoth\u00e9caire et la propri\u00e9t\u00e9 officielle<\/td>\n<\/tr>\n<\/tbody>\n<\/table>\n<p>Acheter un terrain au Royaume-UniRightmove &#8211; <a href=\"https:\/\/www.rightmove.co.uk\" target=\"_blank\" rel=\"noopener\">https:\/\/www.rightmove.co.uk<\/a><br \/>\nBuildStore PlotSearch &#8211; <a href=\"https:\/\/plotsearch.buildstore.co.uk\/findingland\/\" target=\"_blank\" rel=\"noopener\">https:\/\/plotsearch.buildstore.co.uk\/findingland\/<\/a>Acheter un terrain en FranceSeLoger construire &#8211; <a href=\"https:\/\/www.seloger-construire.com\/projet-construction\/terrain\/pays\/france\" target=\"_blank\" rel=\"noopener\">https:\/\/www.seloger-construire.com\/projet-construction\/terrain\/pays\/france<\/a><br \/>\nPAP Particuler \u00e0 Particuler &#8211; <a href=\"https:\/\/www.pap.fr\/annonce\/vente-terrains\" target=\"_blank\" rel=\"noopener\">https:\/\/www.pap.fr\/annonce\/vente-terrains<\/a>Acheter un terrain en Espagneterrenos.es &#8211; <a href=\"https:\/\/terrenos.es\" target=\"_blank\" rel=\"noopener\">https:\/\/terrenos.es<\/a><br \/>\nLandex &#8211; <a href=\"https:\/\/www.landex.es\" target=\"_blank\" rel=\"noopener\">https:\/\/www.landex.es<\/a>Acheter un terrain en EuropeProperstar &#8211; <a href=\"https:\/\/www.properstar.com\" target=\"_blank\" rel=\"noopener\">https:\/\/www.properstar.com<\/a><br \/>\nTranio &#8211; <a href=\"https:\/\/tranio.com\/europe\/land\/\" target=\"_blank\" rel=\"noopener\">https:\/\/tranio.com\/europe\/land\/<\/a><\/p>\n","protected":false},"excerpt":{"rendered":"<p>Ce guide vous aidera \u00e0 vous faire une id\u00e9e pr\u00e9cise des conditions \u00e0 remplir, \u00e9tape par \u00e9tape, pour trouver et acheter un terrain afin d&#8217;y construire une maison pr\u00e9fabriqu\u00e9e au Royaume-Uni et en Europe. Trouver le bon terrain pour construire un pr\u00e9fabriqu\u00e9 peut s&#8217;av\u00e9rer difficile pour un premier acheteur, car cette technique de construction est [&hellip;]<\/p>\n","protected":false},"author":194,"featured_media":28847,"parent":0,"menu_order":0,"comment_status":"closed","ping_status":"closed","template":"","meta":{"content-type":"","_FSMCFIC_featured_image_caption":"","_FSMCFIC_featured_image_nocaption":"","_FSMCFIC_featured_image_hide":"","footnotes":""},"class_list":["post-40788","page","type-page","status-publish","has-post-thumbnail","hentry"],"_wp_attached_file":null,"_wp_attachment_metadata":null,"_wp_attachment_backup_sizes":null,"siteground_optimizer_webp_conversion_attempts":null,"siteground_optimizer_is_converted_to_webp":null,"siteground_optimizer_optimization_attempts":null,"siteground_optimizer_optimization_failed":null,"wpml_media_processed":null,"_wp_attachment_image_alt":null,"siteground_optimizer_is_optimized":null,"siteground_optimizer_webp_conversion_failed":null,"_elementor_source_image_hash":null,"siteground_optimizer_compression_level":null,"_elementor_inline_svg":null,"_imagify_optimization_level":null,"_imagify_status":null,"_imagify_data":null,"siteground_optimizer_original_filesize":null,"wpse_external_file_url":null,"fave_currency":null,"fave_currency_info":null,"fave_property_id":null,"fave_property_map":null,"fave_property_location":null,"houzez_geolocation_lat":null,"houzez_geolocation_long":null,"fave_property_map_street_view":null,"fave_featured":null,"fave_loggedintoview":null,"fave_agent_display_option":null,"fave_prop_homeslider":null,"fave_single_top_area":null,"fave_single_content_area":null,"_yoast_wpseo_primary_property_type":null,"_yoast_wpseo_primary_property_feature":null,"_yoast_wpseo_primary_property_label":null,"_yoast_wpseo_primary_property_country":null,"houzez_manual_expire":null,"_houzez_expiration_date_status":null,"houzez_total_property_views":null,"houzez_views_by_date":null,"houzez_recently_viewed":null,"fave_property_price":null,"fave_property_price_prefix":null,"fave_property_size":null,"fave_property_bathrooms":null,"fave_property_garage":null,"fave_levels":null,"fave_roof-type":null,"fave_construction-type":null,"fave_video_url":null,"fave_video_image":null,"fave_payment_status":null,"fave_property_agency":null,"fave_countries":null,"fave_sleeps":null,"_yoast_wpseo_primary_property_status":null,"fave_property_images":null,"fave_attachments":null,"technical_description":null,"houzez_featured_listing_date":null,"fave_property_size_prefix":null,"fave_property_bedrooms":null,"fave_property_price_postfix":null,"fave_production-time-in-weeks":null,"fave_building-time-in-days":null,"fave_window-glazing":null,"_yoast_wpseo_primary_feature-2":null,"_yoast_wpseo_primary_feature-3":null,"fave_warranty-in-years":null,"fave_property_land":null,"fave_property_land_postfix":null,"wpsebeba57d406-00de-d339-8c02-3956a916f506":null,"_oembed_eefb35903900c5c166d55ccf7fc62a8a":null,"_oembed_30948e80c1a853da0b519e72c40d2e13":null,"_oembed_0b78a31d7c7e6041adc064d46c40f98b":null,"_oembed_42c2c13b5902a21593b1d521556aea88":null,"_oembed_4fb58e495f37e206f97738a42dbe566f":null,"_oembed_b2828bee61bd9076cd21ece641de7abc":null,"_oembed_0c92428c960763e658977ce4918863f4":null,"_oembed_02b72dc3d26bdba6ff900a268ade2517":null,"_oembed_8c819834f7fc0b74364aa34a8193f46f":null,"_oembed_088962b77808b37d57abe5c8143f9652":null,"_oembed_dfae0e674c59ba061a82b330fc7fdea0":null,"_oembed_74e5075f66c4cd04b0e118feb24f6636":null,"fave_mortgage_cal":null,"_air_wp_sync_record_id":null,"_air_wp_sync_hash":null,"_air_wp_sync_importer_id":null,"_air_wp_sync_updated_at":null,"external_listing_link":null,"fave_property_map_address":null,"fave_multi_units_ids":null,"$wpml_language$":null,"fave_virtual_tour":null,"fave_gross-external-area":null,"_houzez_expiration_date":null,"_houzez_expiration_date_options":null,"floor_plans":null,"_oembed_a17db82fa378d53b4dc6ed46e5344499":null,"_oembed_da390569a339f4d7147d95cfb8c04c12":null,"_oembed_6a3eda5947bcc098660397ca8e21a941":null,"fave_roof-angle":null,"fave_seo-content":null,"_oembed_a7b8941eeee966e7350aede20b4d62be":null,"_oembed_time_a7b8941eeee966e7350aede20b4d62be":null,"additional_features":null,"fave_multi_units":null,"_oembed_716f56b62500685a7dd15ea2ec7579bd":null,"_oembed_time_716f56b62500685a7dd15ea2ec7579bd":null,"_oembed_8ececd3dd2598a4aedb5dfc82df2a0f6":null,"_oembed_time_8ececd3dd2598a4aedb5dfc82df2a0f6":null,"_oembed_4cef7884ea6ef16d48cd8675b12e440d":null,"fave_property_garage_size":null,"_oembed_5c1eaf7b40f4e3a3089b38beb88ba480":null,"fave_property_zip":null,"_oembed_ccdd6e0304386ece64b3b91f572b0be4":null,"_oembed_ae30d19e3e861b389146a1ccc2828104":null,"fave_property_rooms":null,"fave_property_year":null,"two_page_speed":null,"fave_year_established":null,"Status":null,"_oembed_5b2d8d2cf33b469c98e488ea5b118c30":null,"WPML Language Code":null,"_links":{"self":[{"href":"https:\/\/staging.spassio.com\/fr\/wp-json\/wp\/v2\/pages\/40788","targetHints":{"allow":["GET"]}}],"collection":[{"href":"https:\/\/staging.spassio.com\/fr\/wp-json\/wp\/v2\/pages"}],"about":[{"href":"https:\/\/staging.spassio.com\/fr\/wp-json\/wp\/v2\/types\/page"}],"author":[{"embeddable":true,"href":"https:\/\/staging.spassio.com\/fr\/wp-json\/wp\/v2\/users\/194"}],"replies":[{"embeddable":true,"href":"https:\/\/staging.spassio.com\/fr\/wp-json\/wp\/v2\/comments?post=40788"}],"version-history":[{"count":0,"href":"https:\/\/staging.spassio.com\/fr\/wp-json\/wp\/v2\/pages\/40788\/revisions"}],"wp:featuredmedia":[{"embeddable":true,"href":"https:\/\/staging.spassio.com\/fr\/wp-json\/wp\/v2\/media\/28847"}],"wp:attachment":[{"href":"https:\/\/staging.spassio.com\/fr\/wp-json\/wp\/v2\/media?parent=40788"}],"curies":[{"name":"wp","href":"https:\/\/api.w.org\/{rel}","templated":true}]}}