{"id":40792,"date":"2022-09-03T19:27:01","date_gmt":"2022-09-03T18:27:01","guid":{"rendered":"https:\/\/staging.spassio.com\/guide-des-fondations-pour-maisons-modulaires\/"},"modified":"2023-08-09T15:23:24","modified_gmt":"2023-08-09T14:23:24","slug":"guide-fondations-pour-maisons-modulaires","status":"publish","type":"page","link":"https:\/\/staging.spassio.com\/fr\/guide-fondations-pour-maisons-modulaires\/","title":{"rendered":"Guide des fondations pour maisons modulaires"},"content":{"rendered":"<p>Toutes les maisons modulaires doivent \u00eatre fix\u00e9es \u00e0 des fondations permanentes et, bien qu&#8217;elles soient construites hors site, ce n&#8217;est que lorsque les modules pr\u00e9fabriqu\u00e9s sont fix\u00e9s aux fondations que la maison modulaire est consid\u00e9r\u00e9e comme achev\u00e9e. L&#8217;objectif principal de la fondation est d&#8217;assurer la stabilit\u00e9 de la <a href=\"https:\/\/staging.spassio.com\/categories\/modular-houses\/\">maison modulaire<\/a> en cr\u00e9ant une base solide. Pour ce faire, il est essentiel de choisir le bon type de fondation en tenant compte de facteurs tels que les caract\u00e9ristiques du sol ou la conception structurelle de la maison.<\/p>\n<h2>Principales informations sur les fondations des maisons modulaires<\/h2>\n<h3>1. il est recommand\u00e9 d&#8217;obtenir une \u00e9tude de sol<\/h3>\n<p>Au Royaume-Uni et dans la plupart des pays europ\u00e9ens, une \u00e9tude de sol n&#8217;est pas obligatoire, mais elle est fortement recommand\u00e9e. Un test g\u00e9otechnique offre une composition d\u00e9taill\u00e9e des couches profondes du sol. Disposer de ces informations au pr\u00e9alable permet d&#8217;identifier le meilleur type de <a href=\"https:\/\/staging.spassio.com\/glossary\/foundation\/\">fondation<\/a> et d&#8217;\u00e9viter le risque de rencontrer des \u00e9l\u00e9ments inattendus lors de l&#8217;excavation.<\/p>\n<h3>2. le fabricant de maisons modulaires se charge souvent de la construction des fondations<\/h3>\n<p>Certains fabricants de maisons modulaires prennent en charge l&#8217;ensemble du processus de construction, y compris l&#8217;installation des fondations sur place. Les fabricants qui n&#8217;offrent pas ce service vous demanderont de faire appel \u00e0 un entrepreneur pour construire les fondations, mais ils vous conseilleront tout de m\u00eame sur le choix des fondations et le processus de construction.<\/p>\n<h3>3. les modules sont directement attach\u00e9s \u00e0 la fondation<\/h3>\n<p>Les modules conformes \u00e0 la maison modulaire sont fabriqu\u00e9s dans un environnement semblable \u00e0 celui d&#8217;une usine et livr\u00e9s sur le chantier une fois termin\u00e9s. Ils y sont soulev\u00e9s \u00e0 l&#8217;aide d&#8217;une grue et g\u00e9n\u00e9ralement fix\u00e9s aux fondations \u00e0 l&#8217;aide de connecteurs ou de boulons. Le connecteur ou le boulon est g\u00e9n\u00e9ralement soud\u00e9 au module et \u00e0 la fondation<a href=\"#_ftn1\" name=\"_ftnref1\">[1]<\/a>.<\/p>\n<h2>Quel type de fondation est n\u00e9cessaire pour une maison modulaire ?<\/h2>\n<p>Il existe cinq grands types de fondations permanentes couramment utilis\u00e9es pour la construction modulaire, qui ne diff\u00e8rent pas des fondations utilis\u00e9es pour \u00e9lever une maison traditionnelle construite sur place.<\/p>\n<h3>Fondation sur radier<\/h3>\n<p>Les fondations sur radier sont des fondations peu profondes constitu\u00e9es d&#8217;une dalle de b\u00e9ton pos\u00e9e horizontalement sur le sol et couvrant toute l&#8217;emprise au sol de la maison. G\u00e9n\u00e9ralement, pour am\u00e9liorer la r\u00e9sistance et la durabilit\u00e9 de la fondation, la dalle de b\u00e9ton est renforc\u00e9e par des barres d&#8217;acier et \u00e9paissie sur les bords.<\/p>\n<p>Les travaux d&#8217;excavation n\u00e9cessaires \u00e0 l&#8217;installation de ce type de fondation sont minimes puisque les radeaux reposent sur un lit de terre nivel\u00e9. Par cons\u00e9quent, ce type de fondation est g\u00e9n\u00e9ralement plus rapide et moins co\u00fbteux \u00e0 construire.<\/p>\n<h3>Semelle individuelle ou fondation \u00e0 plot unique<\/h3>\n<p>Les semelles individuelles sont un type de fondations peu profondes qui consistent en un ensemble de plots carr\u00e9s, rectangulaires ou ronds qui sont g\u00e9n\u00e9ralement plac\u00e9s sous le sol. Ces socles sont le plus souvent constitu\u00e9s de b\u00e9ton arm\u00e9 et sont r\u00e9guli\u00e8rement s\u00e9par\u00e9s les uns des autres. Les semelles individuelles sont tr\u00e8s courantes dans la construction traditionnelle, mais ne sont pas les plus fr\u00e9quentes dans les maisons modulaires.<\/p>\n<p>Les maisons modulaires sont le plus souvent construites avec des structures compos\u00e9es de murs porteurs et de socles simples con\u00e7us pour supporter des colonnes structurelles. Toutefois, dans certaines situations telles que les terrains en pente, les semelles individuelles sont une bonne solution pour \u00e9viter des travaux d&#8217;excavation importants, bien que pour relier la maison aux fondations, il soit n\u00e9cessaire de fixer une structure horizontale suppl\u00e9mentaire sous les murs de la maison.<\/p>\n<h3>Fondations par bandes ou par murs<\/h3>\n<p>Les semelles en bande ou les semelles murales sont un type tr\u00e8s courant de fondations peu profondes dans la construction modulaire. Elles sont similaires \u00e0 une semelle individuelle, mais dans ce cas, au lieu d&#8217;\u00eatre compos\u00e9es de plusieurs semelles, elles sont construites comme une bande de dalles continues. Cette semelle est construite juste en dessous des murs porteurs de la maison avec une largeur qui est g\u00e9n\u00e9ralement de 2 \u00e0 3 fois la largeur des murs.<\/p>\n<h3>Fondations profondes<\/h3>\n<p>Ce type de fondation n&#8217;est utilis\u00e9 que lorsque le sol est faible en surface. Pour que les fondations fonctionnent correctement et apportent le soutien n\u00e9cessaire \u00e0 la maison modulaire, il est n\u00e9cessaire qu&#8217;elles reposent sur un terrain solide. Lorsque les premi\u00e8res couches du sol sont faibles et n&#8217;ont pas la force n\u00e9cessaire pour soutenir les fondations, il faudra creuser plus profond\u00e9ment dans le sol jusqu&#8217;\u00e0 ce que l&#8217;on trouve un sol de meilleure qualit\u00e9.<\/p>\n<p>Il existe diff\u00e9rents types de fondations profondes, mais dans les b\u00e2timents r\u00e9sidentiels, les fondations sur pieux ou sur pieux viss\u00e9s sont les plus courantes. Les pieux sont de longs cylindres qui peuvent \u00eatre construits sur place ou pr\u00e9fabriqu\u00e9s et sont g\u00e9n\u00e9ralement constitu\u00e9s de diff\u00e9rents mat\u00e9riaux tels que le b\u00e9ton, l&#8217;acier ou le bois.<\/p>\n<h3>Fondations des sous-sols<\/h3>\n<p>Il est tout \u00e0 fait possible de construire une maison modulaire sur un sous-sol. Ce type de fondation n\u00e9cessite des travaux d&#8217;excavation importants, ce qui augmente le co\u00fbt de la construction. Cependant, elle reste g\u00e9n\u00e9ralement rentable car elle offre des m\u00e8tres carr\u00e9s suppl\u00e9mentaires qui peuvent \u00eatre utilis\u00e9s comme espace de vie ou de stockage.<\/p>\n<p>Le sous-sol est compos\u00e9 de deux \u00e9l\u00e9ments structurels diff\u00e9rents : une fondation en radier et les murs qui sont, dans la plupart des cas, tous construits en b\u00e9ton arm\u00e9. Les modules conformes \u00e0 la maison modulaire sont plac\u00e9s sur les murs du sous-sol.<\/p>\n<p><img fetchpriority=\"high\" decoding=\"async\" class=\"alignnone wp-image-29240 size-large\" src=\"https:\/\/staging.spassio.com\/wp-content\/uploads\/2022\/09\/construction-contractors-1024x682.jpg\" alt=\"\" width=\"1024\" height=\"682\" srcset=\"https:\/\/staging.spassio.com\/wp-content\/uploads\/2022\/09\/construction-contractors-1024x682.jpg 1024w, https:\/\/staging.spassio.com\/wp-content\/uploads\/2022\/09\/construction-contractors-300x200.jpg 300w, https:\/\/staging.spassio.com\/wp-content\/uploads\/2022\/09\/construction-contractors-768x512.jpg 768w, https:\/\/staging.spassio.com\/wp-content\/uploads\/2022\/09\/construction-contractors-900x600.jpg 900w, https:\/\/staging.spassio.com\/wp-content\/uploads\/2022\/09\/construction-contractors-496x331.jpg 496w, https:\/\/staging.spassio.com\/wp-content\/uploads\/2022\/09\/construction-contractors.jpg 1280w\" sizes=\"(max-width: 1024px) 100vw, 1024px\" \/><\/p>\n<h2>Quelles sont les meilleures fondations pour une maison modulaire ?<\/h2>\n<p>Chacun des types de fondations d\u00e9crits ci-dessus peut offrir un bon support \u00e0 une maison construite de mani\u00e8re modulaire, bien que le meilleur type de fondation varie d&#8217;une maison modulaire \u00e0 l&#8217;autre. Voici quelques-uns des aspects les plus importants \u00e0 prendre en compte lors du choix du meilleur type de fondation pour une maison modulaire :<\/p>\n<ul>\n<li><strong>La composition du sol<\/strong>: La composition du sol est l&#8217;un des aspects les plus importants \u00e0 prendre en consid\u00e9ration, car les fondations doivent reposer sur un sol solide. L&#8217;identification des couches faibles peut \u00eatre tr\u00e8s utile pour d\u00e9terminer la n\u00e9cessit\u00e9 d&#8217;une fondation profonde. Cependant, l&#8217;identification d&#8217;\u00e9l\u00e9ments tels que les roches peut \u00e9galement \u00eatre b\u00e9n\u00e9fique, car elle permet d&#8217;\u00e9viter les difficult\u00e9s que nous rencontrerions si nous d\u00e9cidions de faire des fouilles.<\/li>\n<li><strong>La structure de la maison modulaire<\/strong>: Savoir si la maison modulaire est construite avec une structure de murs porteurs ou une structure \u00e0 colonnes permet de choisir un type de fondation qui les satisfait sans ajouter de co\u00fbt suppl\u00e9mentaire \u00e0 la construction.<\/li>\n<li><strong>La topographie du terrain<\/strong>: La prise en compte de la topographie peut nous aider \u00e0 choisir le type de fondation le plus \u00e9conomique et m\u00eame le plus respectueux de l&#8217;environnement. Les terrains plats nous offrent g\u00e9n\u00e9ralement un point de d\u00e9part plus facile, ce qui ne signifie pas qu&#8217;il faille toujours creuser pour aplanir le terrain. En jouant avec la topographie et les diff\u00e9rents types de fondations, il est possible de trouver des solutions vraiment rentables.<\/li>\n<li>L&#8217;<strong>expertise du fabricant<\/strong>: Pour garantir la solidit\u00e9 et la s\u00e9curit\u00e9 des fondations, leur s\u00e9lection doit \u00eatre effectu\u00e9e par les architectes et les ing\u00e9nieurs responsables. Le fabricant de maisons modulaires se charge g\u00e9n\u00e9ralement de ces services. Dans les cas o\u00f9 les fondations sont construites par un travailleur externe, le fabricant fournira toujours les conseils n\u00e9cessaires pour s&#8217;assurer que le type choisi est le plus appropri\u00e9.<\/li>\n<\/ul>\n<p>R\u00e9f\u00e9rences :<br \/>\n<a style=\"color: #3eb6a8;\" href=\"#_ftnref1\" name=\"_ftn1\">[1]<\/a>Pujadas Gispert, E. Fondations pr\u00e9fabriqu\u00e9es pour l&#8217;habitat appliqu\u00e9es aux modules de pi\u00e8ces Universitat Polit\u00e8cnica de Catalunya <a href=\"https:\/\/core.ac.uk\/download\/pdf\/81577177.pdf\">https:\/\/core.ac.uk\/download\/pdf\/81577177.pdf<\/a><br \/>\nImage en vedette : <a href=\"https:\/\/staging.spassio.com\/models\/mevena-modern-exclusive-v1\/\">Modern Exclusive V1 par Mevena<\/a><\/p>\n","protected":false},"excerpt":{"rendered":"<p>Toutes les maisons modulaires doivent \u00eatre fix\u00e9es \u00e0 des fondations permanentes et, bien qu&#8217;elles soient construites hors site, ce n&#8217;est que lorsque les modules pr\u00e9fabriqu\u00e9s sont fix\u00e9s aux fondations que la maison modulaire est consid\u00e9r\u00e9e comme achev\u00e9e. L&#8217;objectif principal de la fondation est d&#8217;assurer la stabilit\u00e9 de la maison modulaire en cr\u00e9ant une base solide. [&hellip;]<\/p>\n","protected":false},"author":194,"featured_media":29240,"parent":0,"menu_order":0,"comment_status":"closed","ping_status":"closed","template":"","meta":{"content-type":"","_FSMCFIC_featured_image_caption":"","_FSMCFIC_featured_image_nocaption":"","_FSMCFIC_featured_image_hide":"","footnotes":""},"class_list":["post-40792","page","type-page","status-publish","has-post-thumbnail","hentry"],"_wp_attached_file":null,"_wp_attachment_metadata":null,"_wp_attachment_backup_sizes":null,"siteground_optimizer_webp_conversion_attempts":null,"siteground_optimizer_is_converted_to_webp":null,"siteground_optimizer_optimization_attempts":null,"siteground_optimizer_optimization_failed":null,"wpml_media_processed":null,"_wp_attachment_image_alt":null,"siteground_optimizer_is_optimized":null,"siteground_optimizer_webp_conversion_failed":null,"_elementor_source_image_hash":null,"siteground_optimizer_compression_level":null,"_elementor_inline_svg":null,"_imagify_optimization_level":null,"_imagify_status":null,"_imagify_data":null,"siteground_optimizer_original_filesize":null,"wpse_external_file_url":null,"fave_currency":null,"fave_currency_info":null,"fave_property_id":null,"fave_property_map":null,"fave_property_location":null,"houzez_geolocation_lat":null,"houzez_geolocation_long":null,"fave_property_map_street_view":null,"fave_featured":null,"fave_loggedintoview":null,"fave_agent_display_option":null,"fave_prop_homeslider":null,"fave_single_top_area":null,"fave_single_content_area":null,"_yoast_wpseo_primary_property_type":null,"_yoast_wpseo_primary_property_feature":null,"_yoast_wpseo_primary_property_label":null,"_yoast_wpseo_primary_property_country":null,"houzez_manual_expire":null,"_houzez_expiration_date_status":null,"houzez_total_property_views":null,"houzez_views_by_date":null,"houzez_recently_viewed":null,"fave_property_price":null,"fave_property_price_prefix":null,"fave_property_size":null,"fave_property_bathrooms":null,"fave_property_garage":null,"fave_levels":null,"fave_roof-type":null,"fave_construction-type":null,"fave_video_url":null,"fave_video_image":null,"fave_payment_status":null,"fave_property_agency":null,"fave_countries":null,"fave_sleeps":null,"_yoast_wpseo_primary_property_status":null,"fave_property_images":null,"fave_attachments":null,"technical_description":null,"houzez_featured_listing_date":null,"fave_property_size_prefix":null,"fave_property_bedrooms":null,"fave_property_price_postfix":null,"fave_production-time-in-weeks":null,"fave_building-time-in-days":null,"fave_window-glazing":null,"_yoast_wpseo_primary_feature-2":null,"_yoast_wpseo_primary_feature-3":null,"fave_warranty-in-years":null,"fave_property_land":null,"fave_property_land_postfix":null,"wpsebeba57d406-00de-d339-8c02-3956a916f506":null,"_oembed_eefb35903900c5c166d55ccf7fc62a8a":null,"_oembed_30948e80c1a853da0b519e72c40d2e13":null,"_oembed_0b78a31d7c7e6041adc064d46c40f98b":null,"_oembed_42c2c13b5902a21593b1d521556aea88":null,"_oembed_4fb58e495f37e206f97738a42dbe566f":null,"_oembed_b2828bee61bd9076cd21ece641de7abc":null,"_oembed_0c92428c960763e658977ce4918863f4":null,"_oembed_02b72dc3d26bdba6ff900a268ade2517":null,"_oembed_8c819834f7fc0b74364aa34a8193f46f":null,"_oembed_088962b77808b37d57abe5c8143f9652":null,"_oembed_dfae0e674c59ba061a82b330fc7fdea0":null,"_oembed_74e5075f66c4cd04b0e118feb24f6636":null,"fave_mortgage_cal":null,"_air_wp_sync_record_id":null,"_air_wp_sync_hash":null,"_air_wp_sync_importer_id":null,"_air_wp_sync_updated_at":null,"external_listing_link":null,"fave_property_map_address":null,"fave_multi_units_ids":null,"$wpml_language$":null,"fave_virtual_tour":null,"fave_gross-external-area":null,"_houzez_expiration_date":null,"_houzez_expiration_date_options":null,"floor_plans":null,"_oembed_a17db82fa378d53b4dc6ed46e5344499":null,"_oembed_da390569a339f4d7147d95cfb8c04c12":null,"_oembed_6a3eda5947bcc098660397ca8e21a941":null,"fave_roof-angle":null,"fave_seo-content":null,"_oembed_a7b8941eeee966e7350aede20b4d62be":null,"_oembed_time_a7b8941eeee966e7350aede20b4d62be":null,"additional_features":null,"fave_multi_units":null,"_oembed_716f56b62500685a7dd15ea2ec7579bd":null,"_oembed_time_716f56b62500685a7dd15ea2ec7579bd":null,"_oembed_8ececd3dd2598a4aedb5dfc82df2a0f6":null,"_oembed_time_8ececd3dd2598a4aedb5dfc82df2a0f6":null,"_oembed_4cef7884ea6ef16d48cd8675b12e440d":null,"fave_property_garage_size":null,"_oembed_5c1eaf7b40f4e3a3089b38beb88ba480":null,"fave_property_zip":null,"_oembed_ccdd6e0304386ece64b3b91f572b0be4":null,"_oembed_ae30d19e3e861b389146a1ccc2828104":null,"fave_property_rooms":null,"fave_property_year":null,"two_page_speed":null,"fave_year_established":null,"Status":null,"_oembed_5b2d8d2cf33b469c98e488ea5b118c30":null,"WPML Language Code":null,"_links":{"self":[{"href":"https:\/\/staging.spassio.com\/fr\/wp-json\/wp\/v2\/pages\/40792","targetHints":{"allow":["GET"]}}],"collection":[{"href":"https:\/\/staging.spassio.com\/fr\/wp-json\/wp\/v2\/pages"}],"about":[{"href":"https:\/\/staging.spassio.com\/fr\/wp-json\/wp\/v2\/types\/page"}],"author":[{"embeddable":true,"href":"https:\/\/staging.spassio.com\/fr\/wp-json\/wp\/v2\/users\/194"}],"replies":[{"embeddable":true,"href":"https:\/\/staging.spassio.com\/fr\/wp-json\/wp\/v2\/comments?post=40792"}],"version-history":[{"count":0,"href":"https:\/\/staging.spassio.com\/fr\/wp-json\/wp\/v2\/pages\/40792\/revisions"}],"wp:featuredmedia":[{"embeddable":true,"href":"https:\/\/staging.spassio.com\/fr\/wp-json\/wp\/v2\/media\/29240"}],"wp:attachment":[{"href":"https:\/\/staging.spassio.com\/fr\/wp-json\/wp\/v2\/media?parent=40792"}],"curies":[{"name":"wp","href":"https:\/\/api.w.org\/{rel}","templated":true}]}}