{"id":40982,"date":"2023-04-02T17:04:06","date_gmt":"2023-04-02T16:04:06","guid":{"rendered":"https:\/\/staging.spassio.com\/quest-ce-quune-petite-maison-le-pour-et-le-contre-du-choix-dune-maison-sur-roues\/"},"modified":"2023-08-09T15:26:59","modified_gmt":"2023-08-09T14:26:59","slug":"avantages-inconvenients-tiny-houses","status":"publish","type":"page","link":"https:\/\/staging.spassio.com\/fr\/avantages-inconvenients-tiny-houses\/","title":{"rendered":"Qu&#8217;est-ce qu&#8217;une tiny house ? Le pour et le contre du choix d&#8217;une maison sur roues"},"content":{"rendered":"<p>Les tiny houses sont un type de maisons pr\u00e9fabriqu\u00e9es caract\u00e9ris\u00e9es par leur petite taille et la possibilit\u00e9 d&#8217;\u00eatre d\u00e9plac\u00e9es d&#8217;un endroit \u00e0 l&#8217;autre. Ces constructions peuvent \u00eatre utilis\u00e9es comme r\u00e9sidence principale, comme r\u00e9sidence secondaire ou comme investissement locatif. Elles peuvent \u00eatre constamment en mouvement ou install\u00e9es \u00e0 long terme au m\u00eame endroit. Quel que soit le mode de vie qu&#8217;elles accueillent, les tiny houses sont toujours construites avec le m\u00eame type de construction.<\/p>\n<h2>Quelle est la diff\u00e9rence entre une tiny house et une petite maison ?<\/h2>\n<p>Si les <a href=\"https:\/\/staging.spassio.com\/categories\/tiny-houses\/\">petites maisons<\/a> sont toujours petites, toutes les petites maisons ne sont pas des tiny houses. Il est courant d&#8217;intervertir les diff\u00e9rents termes utilis\u00e9s pour d\u00e9crire les petites habitations, bien qu&#8217;il soit essentiel de comprendre les caract\u00e9ristiques de chacun de ces concepts, car ils sont construits \u00e0 des fins diff\u00e9rentes.<\/p>\n<ul>\n<li><strong>Tiny house<\/strong>: type de maison pr\u00e9fabriqu\u00e9e con\u00e7ue pour \u00eatre facilement transportable et donc toujours construite sur des roues. La petite taille caract\u00e9ristique de ces maisons est d\u00e9finie par la n\u00e9cessit\u00e9 de se conformer \u00e0 la r\u00e9glementation routi\u00e8re, puisqu&#8217;il s&#8217;agit d&#8217;habitations tractables.<\/li>\n<li><strong>Cabine<\/strong>: Une cabine est un type de petite maison pr\u00e9fabriqu\u00e9e permanente. Cette petite maison pr\u00e9fabriqu\u00e9e, qui ne comporte qu&#8217;une seule chambre, est toujours install\u00e9e sur des fondations.<\/li>\n<li><strong>ADUs (Accessory Dwelling Units)<\/strong>: \u00c9galement connu sous le nom d&#8217;<a href=\"https:\/\/staging.spassio.com\/building-annexe-garden\/\">annexe de jardin<\/a> ou d&#8217;appartement de jardin, ce concept d\u00e9crit l&#8217;utilisation de la maison plut\u00f4t que le type de construction. Une tiny house, une <a href=\"https:\/\/staging.spassio.com\/categories\/cabins\/\">cabine<\/a> ou m\u00eame une petite maison construite selon des m\u00e9thodes traditionnelles peuvent constituer une bonne UAD, \u00e0 condition qu&#8217;elles soient con\u00e7ues comme des habitations ind\u00e9pendantes partageant la propri\u00e9t\u00e9 avec une maison principale.<\/li>\n<\/ul>\n<h2>Quels sont les avantages des tiny houses ?<\/h2>\n<p>Les tiny houses se distinguent nettement des b\u00e2timents traditionnels, car il est rare qu&#8217;une maison soit construite sur des roues. Cependant, les caract\u00e9ristiques de ce type de maison ont fortement contribu\u00e9 \u00e0 la popularit\u00e9 du mouvement des tiny houses car elles leur conf\u00e8rent des avantages tr\u00e8s int\u00e9ressants.<\/p>\n<h3>Les tiny houses sont construites en tenant compte de la mobilit\u00e9<\/h3>\n<p>L&#8217;avantage le plus notable de ce type de maison est la possibilit\u00e9 de la transporter facilement \u00e0 diff\u00e9rents endroits. Bien qu&#8217;elles aient l&#8217;apparence d&#8217;une belle maison, les tiny houses sont des maisons mobiles qui peuvent \u00eatre d\u00e9plac\u00e9es et gar\u00e9es o\u00f9 vous le souhaitez.<\/p>\n<p>Les tiny houses \u00e9tant con\u00e7ues comme des maisons mobiles, la plupart d&#8217;entre elles sont construites comme des unit\u00e9s autosuffisantes capables de fonctionner hors r\u00e9seau. Ces caract\u00e9ristiques vous permettent de voyager avec votre maison vers n&#8217;importe quelle destination, y compris un environnement naturel \u00e9loign\u00e9.<\/p>\n<figure id=\"attachment_34835\" aria-describedby=\"caption-attachment-34835\" style=\"width: 1000px\" class=\"wp-caption alignnone\"><img fetchpriority=\"high\" decoding=\"async\" class=\"wp-image-34835 size-full\" src=\"https:\/\/staging.spassio.com\/wp-content\/uploads\/2023\/03\/what-are-tinyy-houses-the-pros-cons-of-choosing-a-house-on-wheels.webp\" alt=\"Qu'est-ce qu'une tiny house ? Le pour et le contre du choix d'une maison sur roues\" width=\"1000\" height=\"563\" srcset=\"https:\/\/staging.spassio.com\/wp-content\/uploads\/2023\/03\/what-are-tinyy-houses-the-pros-cons-of-choosing-a-house-on-wheels.webp 1000w, https:\/\/staging.spassio.com\/wp-content\/uploads\/2023\/03\/what-are-tinyy-houses-the-pros-cons-of-choosing-a-house-on-wheels-300x169.webp 300w, https:\/\/staging.spassio.com\/wp-content\/uploads\/2023\/03\/what-are-tinyy-houses-the-pros-cons-of-choosing-a-house-on-wheels-768x432.webp 768w, https:\/\/staging.spassio.com\/wp-content\/uploads\/2023\/03\/what-are-tinyy-houses-the-pros-cons-of-choosing-a-house-on-wheels-496x279.webp 496w\" sizes=\"(max-width: 1000px) 100vw, 1000px\" \/><figcaption id=\"caption-attachment-34835\" class=\"wp-caption-text\">La <a href=\"https:\/\/staging.spassio.com\/models\/tiny-eco-homes-uk-elegance-range\/\">tiny House Elegance Range<\/a> remorqu\u00e9e.<\/figcaption><\/figure>\n<h3>Elles constituent une solution de logement rentable<\/h3>\n<p>En tant que constructions pr\u00e9fabriqu\u00e9es, les tiny houses sont beaucoup plus abordables que la construction d&#8217;une maison traditionnelle. La pr\u00e9fabrication signifie que les travaux de construction se d\u00e9roulent hors site, dans un environnement industrialis\u00e9. Par cons\u00e9quent, le temps de construction et le travail manuel sont fortement r\u00e9duits, de m\u00eame que le co\u00fbt global de la construction.<\/p>\n<p>En outre, les tiny houses sont remarquablement moins chers que les autres maisons pr\u00e9fabriqu\u00e9es, principalement parce que leur taille r\u00e9duite diminue le co\u00fbt total, mais aussi parce qu&#8217;elles sont construites sur des roues et n&#8217;ont donc pas besoin de fondations. Le fait de ne pas \u00eatre li\u00e9 \u00e0 une propri\u00e9t\u00e9 sp\u00e9cifique permet de r\u00e9duire directement les co\u00fbts, tels que l&#8217;achat d&#8217;un terrain ou l&#8217;am\u00e9nagement paysager.<\/p>\n<h3>L&#8217;habitat r\u00e9duit peut contribuer \u00e0 am\u00e9liorer le bien-\u00eatre mental<\/h3>\n<p>La taille de la plupart des tiny houses est inf\u00e9rieure \u00e0 20 m\u00b2, soit 5 fois moins que la taille moyenne des maisons en Europe et au Royaume-Uni <a href=\"#_ftn1\" name=\"_ftnref1\">[1]<\/a>. Pour la plupart des gens, la vie en miniature est synonyme d&#8217;une vie beaucoup plus simple qui a un impact positif sur notre sant\u00e9 et notre bien-\u00eatre.<\/p>\n<p>En adoptant un mode de vie minimal, vous apprenez \u00e0 \u00e9tablir des priorit\u00e9s et \u00e0 d\u00e9sencombrer, ce qui s&#8217;est av\u00e9r\u00e9 tr\u00e8s li\u00e9 \u00e0 notre bien-\u00eatre mental <a href=\"#_ftn2\" name=\"_ftnref2\">[2]<\/a>. En outre, malgr\u00e9 leur taille r\u00e9duite, les <a href=\"https:\/\/staging.spassio.com\/categories\/tiny-houses\/\">tiny houses<\/a> sont construites dans un souci de fonctionnalit\u00e9 et de confort. Elles proposent des am\u00e9nagements et des solutions de rangement tr\u00e8s cr\u00e9atifs, pour aider \u00e0 garder la maison rang\u00e9e et libre de tout encombrement.<\/p>\n<h3>Les tiny houses sont un type de construction durable<\/h3>\n<p>Les tiny houses sont respectueuses de l&#8217;environnement car elles sont enti\u00e8rement construites hors site, la main-d&#8217;\u0153uvre et le stockage se faisant au m\u00eame endroit. Cette centralisation du processus rend les tiny houses plus durables que les constructions traditionnelles, car elle r\u00e9duit consid\u00e9rablement les besoins en transport et les d\u00e9chets de mat\u00e9riaux.<\/p>\n<p>Les tiny houses contribuent \u00e9galement \u00e0 la protection de l&#8217;environnement en tant que petits b\u00e2timents. Elles ont une empreinte \u00e9cologique plus faible et consomment moins d&#8217;\u00e9nergie, ce qui les rend plus efficaces sur le plan \u00e9nerg\u00e9tique. Si la plupart de ces caract\u00e9ristiques ne sont qu&#8217;une cons\u00e9quence positive du processus de construction, certains fabricants choisissent d\u00e9lib\u00e9r\u00e9ment de rendre leurs tiny houses encore plus durables en optant pour des mat\u00e9riaux naturels ou en ajoutant des \u00e9l\u00e9ments tels que des panneaux solaires.<\/p>\n<figure id=\"attachment_34836\" aria-describedby=\"caption-attachment-34836\" style=\"width: 1000px\" class=\"wp-caption alignnone\"><img decoding=\"async\" class=\"wp-image-34836 size-full\" src=\"https:\/\/staging.spassio.com\/wp-content\/uploads\/2023\/03\/tiny-house-with-solar-panelsescape-model-a17.webp\" alt=\"Tiny house avec panneaux solaires\" width=\"1000\" height=\"668\" srcset=\"https:\/\/staging.spassio.com\/wp-content\/uploads\/2023\/03\/tiny-house-with-solar-panelsescape-model-a17.webp 1000w, https:\/\/staging.spassio.com\/wp-content\/uploads\/2023\/03\/tiny-house-with-solar-panelsescape-model-a17-300x200.webp 300w, https:\/\/staging.spassio.com\/wp-content\/uploads\/2023\/03\/tiny-house-with-solar-panelsescape-model-a17-768x513.webp 768w, https:\/\/staging.spassio.com\/wp-content\/uploads\/2023\/03\/tiny-house-with-solar-panelsescape-model-a17-898x600.webp 898w, https:\/\/staging.spassio.com\/wp-content\/uploads\/2023\/03\/tiny-house-with-solar-panelsescape-model-a17-496x331.webp 496w\" sizes=\"(max-width: 1000px) 100vw, 1000px\" \/><figcaption id=\"caption-attachment-34836\" class=\"wp-caption-text\">La <a href=\"https:\/\/staging.spassio.com\/models\/escape-a17\/\">tiny house Escape A17<\/a> avec panneaux solaires<\/figcaption><\/figure>\n<h2>D\u00e9fis et limites des tiny houses<\/h2>\n<p>Les tiny houses ont des caract\u00e9ristiques qui les distinguent et qui contribuent \u00e0 leur popularit\u00e9 croissante. Toutefois, ces diff\u00e9rences pr\u00e9sentent \u00e9galement des inconv\u00e9nients potentiels. Les tiny houses n&#8217;\u00e9tant pas un choix id\u00e9al pour tous, il est essentiel de comprendre leurs limites.<\/p>\n<ul>\n<li>Il <strong>peut \u00eatre difficile de trouver un emplacement \u00e0 long terme<\/strong>: Bien que la conception de la tiny house soit optimis\u00e9e pour que la maison puisse \u00eatre facilement d\u00e9plac\u00e9e et plac\u00e9e \u00e0 peu pr\u00e8s n&#8217;importe o\u00f9, tous les endroits ne le permettent pas. L&#8217;endroit o\u00f9 vous pouvez placer une tiny house est d\u00e9termin\u00e9 par les codes de construction et les r\u00e8gles de zonage de votre lieu d&#8217;habitation. Ceux-ci peuvent \u00eatre assez restrictifs.<\/li>\n<li><strong>Elles ne reposent pas sur des fondations<\/strong>: Le fait d&#8217;\u00eatre construites sur des roues offre une grande libert\u00e9 \u00e0 ces maisons, mais cela pr\u00e9sente aussi des inconv\u00e9nients. Les fondations assurent la stabilit\u00e9 de la construction en cr\u00e9ant une base solide qui maintient la maison en place. Le fait de ne pas \u00eatre rattach\u00e9 \u00e0 des fondations entra\u00eene automatiquement une baisse de la qualit\u00e9 de la construction.<\/li>\n<li>L&#8217;<strong>espace de vie int\u00e9rieur est limit\u00e9<\/strong>: L&#8217;espace r\u00e9duit qu&#8217;offre une tiny house inspire ceux qui recherchent un mode de vie minimaliste, mais il a aussi ses inconv\u00e9nients. Chaque centim\u00e8tre de la maison est optimis\u00e9 pour rendre la vie quotidienne aussi confortable que possible, mais il n&#8217;y a pas d&#8217;espace pour les activit\u00e9s hors du commun. Par cons\u00e9quent, les activit\u00e9s telles que recevoir des invit\u00e9s peuvent ne pas \u00eatre les plus confortables.<\/li>\n<\/ul>\n<h2>Comment fonctionnent les tiny houses ?<\/h2>\n<p>Le fait d&#8217;\u00eatre une maison sur roues signifie qu&#8217;elle n&#8217;est pas soumise aux m\u00eames r\u00e9glementations que les constructions permanentes, mais elle n&#8217;est pas non plus trait\u00e9e comme un v\u00e9hicule. Voici quelques-unes des choses les plus importantes \u00e0 savoir si vous envisagez d&#8217;acheter une tiny house :<\/p>\n<ul>\n<li>Les r\u00e9glementations relatives aux tiny houses d\u00e9pendent enti\u00e8rement de l&#8217;endroit o\u00f9 elles se trouvent. Comme il n&#8217;existe pas de r\u00e9glementation sp\u00e9cifique pour les tiny houses, si vous envisagez d&#8217;acheter une tiny house en Europe et au Royaume-Uni, la premi\u00e8re chose \u00e0 faire est de consulter les responsables locaux de l&#8217;urbanisme.<\/li>\n<li>L&#8217;installation d&#8217;une tiny house \u00e0 long terme dans une propri\u00e9t\u00e9 n\u00e9cessite g\u00e9n\u00e9ralement un permis. Placer une tiny house dans son jardin, ce n&#8217;est pas comme garer une voiture. Elle n\u00e9cessite souvent un permis qui varie d&#8217;un endroit \u00e0 l&#8217;autre. Dans certains pays, comme les Pays-Bas ou l&#8217;Allemagne, les tiny houses sont consid\u00e9r\u00e9es comme des b\u00e2timents r\u00e9sidentiels et doivent donc respecter les r\u00e8gles de construction <a href=\"#_ftn3\" name=\"_ftnref3\">[3]<\/a>.<\/li>\n<li>Les r\u00e8gles de circulation sont strictes pour les tiny houses. Il ne suffit pas d&#8217;\u00eatre construit sur des roues. Pour pouvoir circuler sur les routes europ\u00e9ennes, une tiny house doit respecter des r\u00e8gles tr\u00e8s strictes en mati\u00e8re de taille et de poids. La ligne directrice g\u00e9n\u00e9rale est 4m de haut, 2,55m de large et 3,5T mais cela peut varier d&#8217;un pays \u00e0 l&#8217;autre.<\/li>\n<li>Vous avez besoin d&#8217;un type de v\u00e9hicule sp\u00e9cifique pour remorquer une tiny house. Les tiny houses sont con\u00e7ues pour \u00eatre remorqu\u00e9es par leurs propri\u00e9taires, mais tous les v\u00e9hicules ne sont pas en mesure de le faire. En effet, le v\u00e9hicule doit \u00eatre suffisamment solide pour tirer 3,5 tonnes. N&#8217;oubliez pas non plus que si le poids total est sup\u00e9rieur \u00e0 3,5 tonnes, vous pourriez avoir besoin d&#8217;un permis de conduire sp\u00e9cialis\u00e9.<\/li>\n<\/ul>\n<p>R\u00e9f\u00e9rences :<br \/>\n<a style=\"color: #3eb6a8;\" href=\"#_ftnref1\" name=\"_ftn1\">[1]<\/a>Wilson, L. How big is a house ? Taille moyenne des maisons par pays &#8211; 2023 R\u00e9duire l&#8217;empreinte \u00e9cologique <a href=\"https:\/\/shrinkthatfootprint.com\/how-big-is-a-house\/\">https:\/\/shrinkthatfootprint.com\/how-big-is-a-house\/<\/a><br \/>\n[<a style=\"color: #3eb6a8;\" href=\"#_ftnref2\" name=\"_ftn1\">2]<\/a>Hammers-Crowell J. (2022, 14 juin) How clutter impacts health Highland hospital <a href=\"https:\/\/highlandhosp.com\/how-clutter-impacts-health\/\">https:\/\/highlandhosp.com\/how-clutter-impacts-health\/<\/a><br \/>\n<a style=\"color: #3eb6a8;\" href=\"#_ftnref3\" name=\"_ftn1\">[3]<\/a>Comparaison des cultures de petites maisons &#8211; Allemagne, \u00c9tats-Unis, Pays-Bas LiveEO <a href=\"https:\/\/live-eo.com\/tiny-house-cultures\/\">https:\/\/live-eo.com\/tiny-house-cultures\/<\/a><\/p>\n","protected":false},"excerpt":{"rendered":"<p>Les tiny houses sont un type de maisons pr\u00e9fabriqu\u00e9es caract\u00e9ris\u00e9es par leur petite taille et la possibilit\u00e9 d&#8217;\u00eatre d\u00e9plac\u00e9es d&#8217;un endroit \u00e0 l&#8217;autre. Ces constructions peuvent \u00eatre utilis\u00e9es comme r\u00e9sidence principale, comme r\u00e9sidence secondaire ou comme investissement locatif. Elles peuvent \u00eatre constamment en mouvement ou install\u00e9es \u00e0 long terme au m\u00eame endroit. Quel que soit [&hellip;]<\/p>\n","protected":false},"author":194,"featured_media":34836,"parent":0,"menu_order":0,"comment_status":"closed","ping_status":"closed","template":"","meta":{"content-type":"","_FSMCFIC_featured_image_caption":"","_FSMCFIC_featured_image_nocaption":"","_FSMCFIC_featured_image_hide":"","footnotes":""},"class_list":["post-40982","page","type-page","status-publish","has-post-thumbnail","hentry"],"_wp_attached_file":null,"_wp_attachment_metadata":null,"_wp_attachment_backup_sizes":null,"siteground_optimizer_webp_conversion_attempts":null,"siteground_optimizer_is_converted_to_webp":null,"siteground_optimizer_optimization_attempts":null,"siteground_optimizer_optimization_failed":null,"wpml_media_processed":null,"_wp_attachment_image_alt":null,"siteground_optimizer_is_optimized":null,"siteground_optimizer_webp_conversion_failed":null,"_elementor_source_image_hash":null,"siteground_optimizer_compression_level":null,"_elementor_inline_svg":null,"_imagify_optimization_level":null,"_imagify_status":null,"_imagify_data":null,"siteground_optimizer_original_filesize":null,"wpse_external_file_url":null,"fave_currency":null,"fave_currency_info":null,"fave_property_id":null,"fave_property_map":null,"fave_property_location":null,"houzez_geolocation_lat":null,"houzez_geolocation_long":null,"fave_property_map_street_view":null,"fave_featured":null,"fave_loggedintoview":null,"fave_agent_display_option":null,"fave_prop_homeslider":null,"fave_single_top_area":null,"fave_single_content_area":null,"_yoast_wpseo_primary_property_type":null,"_yoast_wpseo_primary_property_feature":null,"_yoast_wpseo_primary_property_label":null,"_yoast_wpseo_primary_property_country":null,"houzez_manual_expire":null,"_houzez_expiration_date_status":null,"houzez_total_property_views":null,"houzez_views_by_date":null,"houzez_recently_viewed":null,"fave_property_price":null,"fave_property_price_prefix":null,"fave_property_size":null,"fave_property_bathrooms":null,"fave_property_garage":null,"fave_levels":null,"fave_roof-type":null,"fave_construction-type":null,"fave_video_url":null,"fave_video_image":null,"fave_payment_status":null,"fave_property_agency":null,"fave_countries":null,"fave_sleeps":null,"_yoast_wpseo_primary_property_status":null,"fave_property_images":null,"fave_attachments":null,"technical_description":null,"houzez_featured_listing_date":null,"fave_property_size_prefix":null,"fave_property_bedrooms":null,"fave_property_price_postfix":null,"fave_production-time-in-weeks":null,"fave_building-time-in-days":null,"fave_window-glazing":null,"_yoast_wpseo_primary_feature-2":null,"_yoast_wpseo_primary_feature-3":null,"fave_warranty-in-years":null,"fave_property_land":null,"fave_property_land_postfix":null,"wpsebeba57d406-00de-d339-8c02-3956a916f506":null,"_oembed_eefb35903900c5c166d55ccf7fc62a8a":null,"_oembed_30948e80c1a853da0b519e72c40d2e13":null,"_oembed_0b78a31d7c7e6041adc064d46c40f98b":null,"_oembed_42c2c13b5902a21593b1d521556aea88":null,"_oembed_4fb58e495f37e206f97738a42dbe566f":null,"_oembed_b2828bee61bd9076cd21ece641de7abc":null,"_oembed_0c92428c960763e658977ce4918863f4":null,"_oembed_02b72dc3d26bdba6ff900a268ade2517":null,"_oembed_8c819834f7fc0b74364aa34a8193f46f":null,"_oembed_088962b77808b37d57abe5c8143f9652":null,"_oembed_dfae0e674c59ba061a82b330fc7fdea0":null,"_oembed_74e5075f66c4cd04b0e118feb24f6636":null,"fave_mortgage_cal":null,"_air_wp_sync_record_id":null,"_air_wp_sync_hash":null,"_air_wp_sync_importer_id":null,"_air_wp_sync_updated_at":null,"external_listing_link":null,"fave_property_map_address":null,"fave_multi_units_ids":null,"$wpml_language$":null,"fave_virtual_tour":null,"fave_gross-external-area":null,"_houzez_expiration_date":null,"_houzez_expiration_date_options":null,"floor_plans":null,"_oembed_a17db82fa378d53b4dc6ed46e5344499":null,"_oembed_da390569a339f4d7147d95cfb8c04c12":null,"_oembed_6a3eda5947bcc098660397ca8e21a941":null,"fave_roof-angle":null,"fave_seo-content":null,"_oembed_a7b8941eeee966e7350aede20b4d62be":null,"_oembed_time_a7b8941eeee966e7350aede20b4d62be":null,"additional_features":null,"fave_multi_units":null,"_oembed_716f56b62500685a7dd15ea2ec7579bd":null,"_oembed_time_716f56b62500685a7dd15ea2ec7579bd":null,"_oembed_8ececd3dd2598a4aedb5dfc82df2a0f6":null,"_oembed_time_8ececd3dd2598a4aedb5dfc82df2a0f6":null,"_oembed_4cef7884ea6ef16d48cd8675b12e440d":null,"fave_property_garage_size":null,"_oembed_5c1eaf7b40f4e3a3089b38beb88ba480":null,"fave_property_zip":null,"_oembed_ccdd6e0304386ece64b3b91f572b0be4":null,"_oembed_ae30d19e3e861b389146a1ccc2828104":null,"fave_property_rooms":null,"fave_property_year":null,"two_page_speed":null,"fave_year_established":null,"Status":null,"_oembed_5b2d8d2cf33b469c98e488ea5b118c30":null,"WPML Language Code":null,"_links":{"self":[{"href":"https:\/\/staging.spassio.com\/fr\/wp-json\/wp\/v2\/pages\/40982","targetHints":{"allow":["GET"]}}],"collection":[{"href":"https:\/\/staging.spassio.com\/fr\/wp-json\/wp\/v2\/pages"}],"about":[{"href":"https:\/\/staging.spassio.com\/fr\/wp-json\/wp\/v2\/types\/page"}],"author":[{"embeddable":true,"href":"https:\/\/staging.spassio.com\/fr\/wp-json\/wp\/v2\/users\/194"}],"replies":[{"embeddable":true,"href":"https:\/\/staging.spassio.com\/fr\/wp-json\/wp\/v2\/comments?post=40982"}],"version-history":[{"count":0,"href":"https:\/\/staging.spassio.com\/fr\/wp-json\/wp\/v2\/pages\/40982\/revisions"}],"wp:featuredmedia":[{"embeddable":true,"href":"https:\/\/staging.spassio.com\/fr\/wp-json\/wp\/v2\/media\/34836"}],"wp:attachment":[{"href":"https:\/\/staging.spassio.com\/fr\/wp-json\/wp\/v2\/media?parent=40982"}],"curies":[{"name":"wp","href":"https:\/\/api.w.org\/{rel}","templated":true}]}}