{"id":40990,"date":"2023-02-19T17:57:05","date_gmt":"2023-02-19T16:57:05","guid":{"rendered":"https:\/\/staging.spassio.com\/comment-construire-votre-propre-maison-avec-la-construction-prefabriquee\/"},"modified":"2023-08-09T15:21:15","modified_gmt":"2023-08-09T14:21:15","slug":"comment-construire-maison-prefabriquee","status":"publish","type":"page","link":"https:\/\/staging.spassio.com\/fr\/comment-construire-maison-prefabriquee\/","title":{"rendered":"Comment construire votre propre maison avec la construction pr\u00e9fabriqu\u00e9e"},"content":{"rendered":"<p>Construire sa propre maison n\u00e9cessite une planification minutieuse et une bonne compr\u00e9hension des diff\u00e9rentes \u00e9tapes de la construction. En choisissant de construire votre maison avec des techniques pr\u00e9fabriqu\u00e9es, vous simplifiez grandement la logistique, car la plupart des travaux de construction sont r\u00e9alis\u00e9s selon une m\u00e9thode hautement industrialis\u00e9e.<\/p>\n<p>Le processus global de construction d&#8217;une maison peut varier l\u00e9g\u00e8rement en fonction de l&#8217;endroit o\u00f9 vous vous trouvez et du type de projet, mais tous les pr\u00e9fabriqu\u00e9s suivent une ligne directrice g\u00e9n\u00e9rale. En comprenant cette d\u00e9marche, vous savez ce qui est requis \u00e0 chaque \u00e9tape et vous \u00eates en mesure de prendre les d\u00e9cisions les plus avantageuses pour votre projet sans vous sentir d\u00e9pass\u00e9 par le processus.<\/p>\n<h2>Commencez par d\u00e9finir vos priorit\u00e9s afin d&#8217;identifier le meilleur mod\u00e8le ou fabricant de pr\u00e9fabriqu\u00e9s.<\/h2>\n<p>L&#8217;une des d\u00e9cisions les plus importantes \u00e0 prendre lors de la construction de votre propre maison \u00e0 l&#8217;aide de m\u00e9thodes pr\u00e9fabriqu\u00e9es est de <strong>choisir le bon fabricant<\/strong>. Compte tenu de l&#8217;industrialisation de la construction pr\u00e9fabriqu\u00e9e, les fabricants ont tendance \u00e0 \u00eatre assez sp\u00e9cialis\u00e9s, ce qui limite la vari\u00e9t\u00e9 des options qu&#8217;ils peuvent offrir.<\/p>\n<p>Il est donc essentiel de choisir le bon fabricant pour votre projet de construction. Pour ce faire, prenez le temps de d\u00e9finir vos priorit\u00e9s.<\/p>\n<ul>\n<li><strong>D\u00e9cidez si vous pr\u00e9f\u00e9rez le sur-mesure ou le pr\u00e9-con\u00e7u<\/strong>: Si vous vous sentez plus \u00e0 l&#8217;aise pour choisir la maison de vos r\u00eaves \u00e0 partir d&#8217;un catalogue pr\u00e9sentant les diff\u00e9rents mod\u00e8les disponibles, votre processus commencera par la s\u00e9lection du mod\u00e8le pr\u00e9fabriqu\u00e9 le plus appropri\u00e9. Toutefois, si vous pr\u00e9f\u00e9rez construire votre maison \u00e0 partir de z\u00e9ro, votre processus commencera par le choix d&#8217;un fabricant.<\/li>\n<li><strong>Pr\u00e9cisez l&#8217;espace dont vous avez besoin<\/strong>: Le nombre de personnes vivant dans la maison ou les activit\u00e9s qui se d\u00e9roulent \u00e0 l&#8217;int\u00e9rieur sont quelques-uns des aspects cl\u00e9s \u00e0 prendre en compte. D\u00e9terminez le nombre de pi\u00e8ces et de salles de bains dont vous avez besoin pour loger votre m\u00e9nage afin d&#8217;identifier les mod\u00e8les pr\u00e9con\u00e7us ad\u00e9quats ou de conna\u00eetre les dimensions de votre nouvelle maison.<\/li>\n<li><strong>D\u00e9terminez le type de maison dont vous avez besoin<\/strong>: Les pr\u00e9fabriqu\u00e9s se pr\u00e9sentent sous diff\u00e9rentes formes, tailles et styles ; certains ressemblent \u00e0 des constructions traditionnelles, tandis que d&#8217;autres sont des habitations non permanentes plus petites, construites sur des roues. D\u00e9terminez le type de maison qui vous convient le mieux en fonction de votre mode de vie. Consultez \u00e9galement les autorit\u00e9s locales charg\u00e9es de l&#8217;am\u00e9nagement du territoire pour savoir quel type de construction peut \u00eatre \u00e9rig\u00e9 sur votre terrain et quelles sont les r\u00e8gles de construction \u00e0 respecter.<\/li>\n<li><strong>Fixez votre budget<\/strong>: Il est essentiel de d\u00e9finir votre capacit\u00e9 financi\u00e8re et de limiter votre budget \u00e0 l&#8217;avance afin d&#8217;\u00e9viter tout stress ou retard suppl\u00e9mentaire \u00e0 l&#8217;avenir. \u00c0 ce stade, il peut \u00eatre tr\u00e8s utile d&#8217;\u00e9tablir un contact avec un pr\u00eateur pour savoir de combien d&#8217;argent vous disposez. En gardant votre budget \u00e0 l&#8217;esprit, recherchez les mod\u00e8les ou les fabricants dont les co\u00fbts de construction se situent dans votre fourchette de prix.<\/li>\n<\/ul>\n<p>En comprenant bien vos pr\u00e9f\u00e9rences et vos possibilit\u00e9s, vous pouvez choisir le bon fabricant pour <a href=\"https:\/\/staging.spassio.com\/fr\/modeles-de-maisons-prefabriquees-sur-mesure-ou-pre-concues-lequel-choisir\/\">construire un mod\u00e8le pr\u00e9con\u00e7u<\/a> ou concevoir votre maison \u00e0 partir de z\u00e9ro. Des outils tels que la fonction de recherche propos\u00e9e par Spassio constituent un bon point de d\u00e9part.<\/p>\n<h2>1. Obtenir un relev\u00e9 de terrain pour d\u00e9finir la meilleure approche de conception<\/h2>\n<p>Il est courant que les fabricants proposent une \u00e9tude de faisabilit\u00e9 avant la conception afin de d\u00e9terminer le type de maison qu&#8217;ils peuvent construire sur votre propri\u00e9t\u00e9. Afin d&#8217;identifier la meilleure fa\u00e7on d&#8217;aborder la conception de la maison et de r\u00e9duire les inconv\u00e9nients inattendus lors de la livraison et du montage, il est courant d&#8217;<strong>effectuer des \u00e9tudes de sol, des \u00e9tudes des voies d&#8217;acc\u00e8s ou m\u00eame des analyses bioclimatiques<\/strong>.<\/p>\n<p>Outre ces aspects techniques, vous devez \u00e9galement proc\u00e9der \u00e0 une reconnaissance personnelle du bien. Identifiez les points de vue que vous aimeriez voir adopter dans votre projet. De plus, vous devez avoir une id\u00e9e pr\u00e9cise des zones que vous pr\u00e9f\u00e9rez \u00e9viter, telles qu&#8217;une vue moins belle ou une source de bruit excessive.<\/p>\n<h2>2. Concevoir la maison de vos r\u00eaves<\/h2>\n<figure id=\"attachment_33983\" aria-describedby=\"caption-attachment-33983\" style=\"width: 1024px\" class=\"wp-caption alignnone\"><img fetchpriority=\"high\" decoding=\"async\" class=\"wp-image-33983 size-full\" src=\"https:\/\/staging.spassio.com\/wp-content\/uploads\/2023\/02\/build-house-prefab-construction.jpg\" alt=\"Comment construire sa propre maison avec la construction pr\u00e9fabriqu\u00e9e\" width=\"1024\" height=\"768\" srcset=\"https:\/\/staging.spassio.com\/wp-content\/uploads\/2023\/02\/build-house-prefab-construction.jpg 1024w, https:\/\/staging.spassio.com\/wp-content\/uploads\/2023\/02\/build-house-prefab-construction-300x225.jpg 300w, https:\/\/staging.spassio.com\/wp-content\/uploads\/2023\/02\/build-house-prefab-construction-768x576.jpg 768w, https:\/\/staging.spassio.com\/wp-content\/uploads\/2023\/02\/build-house-prefab-construction-592x444.jpg 592w, https:\/\/staging.spassio.com\/wp-content\/uploads\/2023\/02\/build-house-prefab-construction-584x438.jpg 584w, https:\/\/staging.spassio.com\/wp-content\/uploads\/2023\/02\/build-house-prefab-construction-800x600.jpg 800w, https:\/\/staging.spassio.com\/wp-content\/uploads\/2023\/02\/build-house-prefab-construction-120x90.jpg 120w, https:\/\/staging.spassio.com\/wp-content\/uploads\/2023\/02\/build-house-prefab-construction-496x372.jpg 496w\" sizes=\"(max-width: 1024px) 100vw, 1024px\" \/><figcaption id=\"caption-attachment-33983\" class=\"wp-caption-text\"><a href=\"https:\/\/staging.spassio.com\/fr\/manufacturer\/nordcabin\/\">NordCabin<\/a><\/figcaption><\/figure>\n<p>Ce <strong>processus de conception<\/strong> est l\u00e9g\u00e8rement diff\u00e9rent selon que votre point de d\u00e9part est un mod\u00e8le pr\u00e9con\u00e7u ou un pr\u00e9fabriqu\u00e9 sur mesure. Si vous avez opt\u00e9 pour un plan d\u00e9j\u00e0 con\u00e7u, \u00e0 ce stade, vous passerez en revue les diff\u00e9rentes options personnalisables propos\u00e9es par le fabricant afin de d\u00e9terminer celles qui vous conviennent le mieux.<\/p>\n<p>Gr\u00e2ce aux informations obtenues lors de l&#8217;\u00e9tude du terrain, le fabricant vous indiquera l&#8217;emplacement et l&#8217;orientation les plus appropri\u00e9s de la maison, ainsi que les fondations les plus adapt\u00e9es \u00e0 votre projet.<\/p>\n<p>Si vous avez choisi de concevoir votre maison de A \u00e0 Z, \u00e0 ce stade, vous travaillez avec l&#8217;\u00e9quipe d&#8217;architectes du constructeur que vous avez choisi pour d\u00e9finir les plans de construction. Ils d\u00e9cideront avec soin de chaque d\u00e9tail de votre maison, de sa forme et de sa taille aux mat\u00e9riaux de construction utilis\u00e9s.<\/p>\n<p>Profitez de la libert\u00e9 dont vous disposez pour cr\u00e9er une maison qui vous facilite la vie. Recr\u00e9ez vos sc\u00e8nes domestiques les plus courantes afin de d\u00e9terminer la taille optimale de chaque espace ou le degr\u00e9 d&#8217;intimit\u00e9 requis.<\/p>\n<h2>3. Pr\u00e9-commandez votre maison et pr\u00e9parez-vous \u00e0 commencer la construction<\/h2>\n<p>Une fois que tous les d\u00e9tails de la conception ont \u00e9t\u00e9 arr\u00eat\u00e9s, le fabricant pr\u00e9pare un contrat qui comprend tous les d\u00e9tails de la construction, les calendriers de livraison et les politiques de garantie. Avec la signature de ce document, il vous est demand\u00e9 de verser un acompte allant de 10 % \u00e0 50 % afin que le fabricant puisse commencer les travaux de construction hors site.<\/p>\n<p>Si vous avez besoin d&#8217;un financement, n&#8217;oubliez pas que vos entreprises de pr\u00e9fabrication peuvent tr\u00e8s probablement vous aider en vous fournissant des informations sur les banques les plus appropri\u00e9es ou m\u00eame en proposant elles-m\u00eames un financement, comme le font <a href=\"https:\/\/staging.spassio.com\/fr\/manufacturer\/nomad-container\/\">Nomad Container<\/a> ou <a href=\"https:\/\/staging.spassio.com\/fr\/manufacturer\/vmodul\/\">Vmodul<\/a>.<\/p>\n<p>Pour commencer les travaux de construction sur le site, vous devrez tr\u00e8s probablement obtenir un permis de construire, car la plupart des pays d&#8217;Europe, ainsi que le Royaume-Uni, exigent cette proc\u00e9dure. Certains <a href=\"https:\/\/staging.spassio.com\/fr\/fabricants-de-maisons-prefabriquees\/\">fabricants de pr\u00e9fabriqu\u00e9s<\/a> proposent ces services, mais dans la plupart des cas, c&#8217;est le client qui doit s&#8217;en charger.<\/p>\n<p>Les exigences varient en fonction du lieu, mais dans certains pays comme l&#8217;Espagne, vous devez obtenir la signature d&#8217;un architecte local certifi\u00e9 <a href=\"#_ftn1\" name=\"_ftnref1\">[1]<\/a>. Si vous construisez une maison en Espagne avec un constructeur international, vous devrez peut-\u00eatre faire appel \u00e0 un architecte pour valider la conception de la maison et obtenir les permis.<\/p>\n<h2>4. Pr\u00e9parer le terrain et construire les fondations<\/h2>\n<p>L&#8217;un des principaux avantages de la construction d&#8217;une maison pr\u00e9fabriqu\u00e9e r\u00e9side dans le fait que la majeure partie du processus de construction se d\u00e9roule hors site, dans un environnement semblable \u00e0 celui d&#8217;une usine. Ainsi, la <strong>pr\u00e9paration du terrain peut se faire en m\u00eame temps que la construction de la maison<\/strong>, ce qui permet de gagner \u00e9norm\u00e9ment de temps.<\/p>\n<p>Pour recevoir la maison pr\u00e9fabriqu\u00e9e, le terrain doit \u00eatre pr\u00e9par\u00e9 en fonction du type de pr\u00e9fabriqu\u00e9 et de sa conception sp\u00e9cifique.<\/p>\n<p>La pr\u00e9paration du terrain n\u00e9cessite le nivellement de la zone et, dans la plupart des cas, la construction de fondations. Certains fabricants sont \u00e9quip\u00e9s pour fournir ces services, mais dans la plupart des cas, il est n\u00e9cessaire d&#8217;engager des professionnels suppl\u00e9mentaires tels qu&#8217;un entrepreneur et un coordinateur de projet.<\/p>\n<p>Dans ce cas, choisissez un professionnel local qui pourra superviser de pr\u00e8s le processus et r\u00e9soudre tout probl\u00e8me de construction \u00e9ventuel d\u00e8s que possible afin de r\u00e9duire les co\u00fbts suppl\u00e9mentaires et les complications.<\/p>\n<h2>5. Livraison et montage de la maison pr\u00e9fabriqu\u00e9e<\/h2>\n<p>D\u00e8s que la fabrication de la maison est termin\u00e9e, le <strong>pr\u00e9fabriqu\u00e9 est livr\u00e9 et assembl\u00e9<\/strong> sur le terrain qui a \u00e9t\u00e9 pr\u00e9alablement pr\u00e9par\u00e9. La taille et la forme du produit fabriqu\u00e9 varient d&#8217;un type de pr\u00e9fabriqu\u00e9 \u00e0 l&#8217;autre.<\/p>\n<p>Par exemple, un fabricant de cabanes construira la maison enti\u00e8re en une seule pi\u00e8ce pr\u00eate \u00e0 l&#8217;emploi, tandis qu&#8217;un fabricant de panneaux construira des syst\u00e8mes bidimensionnels qui devront \u00eatre assembl\u00e9s sur place.<\/p>\n<p>Dans la plupart des cas, le m\u00eame fabricant se charge de la livraison des unit\u00e9s pr\u00e9fabriqu\u00e9es, g\u00e9n\u00e9ralement par camion, et les installe ou les assemble \u00e0 l&#8217;aide d&#8217;une grue sur le terrain. Pour obtenir une maison enti\u00e8rement fonctionnelle, certains travaux de finition suppl\u00e9mentaires, tels que le raccordement aux principaux services publics, doivent \u00eatre r\u00e9alis\u00e9s.<\/p>\n<p>En fonction de votre contrat avec le fabricant, l&#8217;\u00e9quipe de construction qui installe la maison peut se charger de ces travaux, bien qu&#8217;ils soient souvent pris en charge par l&#8217;entrepreneur local.<\/p>\n<h2>Cl\u00f4turer le processus de construction pour emm\u00e9nager dans votre nouvelle maison<\/h2>\n<p>Maintenant que votre maison est assembl\u00e9e et en \u00e9tat de marche, il est temps de la pr\u00e9parer pour le jour de l&#8217;emm\u00e9nagement. Vous pouvez commencer \u00e0 d\u00e9corer l&#8217;int\u00e9rieur \u00e0 votre go\u00fbt, ainsi qu&#8217;\u00e0 am\u00e9nager l&#8217;espace et \u00e0 jardiner afin de rendre la maison telle que vous l&#8217;avez imagin\u00e9e.<\/p>\n<p>Toutefois, certains pays d&#8217;Europe, ainsi que le Royaume-Uni, peuvent exiger une derni\u00e8re \u00e9tape, telle qu&#8217;un certificat d&#8217;occupation. Pour obtenir cet agr\u00e9ment, la <strong>maison nouvellement construite<\/strong> est inspect\u00e9e par un agent agr\u00e9\u00e9 qui doit v\u00e9rifier la s\u00e9curit\u00e9 du b\u00e2timent. Outre l&#8217;inspection l\u00e9gale, il est important d&#8217;inspecter \u00e9galement la maison pour v\u00e9rifier qu&#8217;elle fonctionne bien et qu&#8217;elle a \u00e9t\u00e9 construite dans les moindres d\u00e9tails comme convenu dans le contrat.<\/p>\n<p>R\u00e9f\u00e9rences :<\/p>\n<p><a style=\"color: #3eb6a8;\" href=\"#_ftnref1\" name=\"_ftn1\">[1]<\/a>Tout ce qu&#8217;il faut savoir avant d&#8217;acheter une maison pr\u00e9fabriqu\u00e9e en Espagne Pacheco &amp; Asociados <a href=\"https:\/\/www.spanisharchitect.info\/2017\/08\/24\/everything-you-need-to-know-before-buying-a-prefabricated-house-in-spain\/\">https:\/\/www.spanisharchitect.info\/2017\/08\/24\/everything-you-need-to-know-before-buying-a-prefabricated-house-in-spain\/<\/a><\/p>\n","protected":false},"excerpt":{"rendered":"<p>Construire sa propre maison n\u00e9cessite une planification minutieuse et une bonne compr\u00e9hension des diff\u00e9rentes \u00e9tapes de la construction. En choisissant de construire votre maison avec des techniques pr\u00e9fabriqu\u00e9es, vous simplifiez grandement la logistique, car la plupart des travaux de construction sont r\u00e9alis\u00e9s selon une m\u00e9thode hautement industrialis\u00e9e. Le processus global de construction d&#8217;une maison peut [&hellip;]<\/p>\n","protected":false},"author":194,"featured_media":33983,"parent":0,"menu_order":0,"comment_status":"closed","ping_status":"closed","template":"","meta":{"content-type":"","_FSMCFIC_featured_image_caption":"","_FSMCFIC_featured_image_nocaption":"","_FSMCFIC_featured_image_hide":"","footnotes":""},"class_list":["post-40990","page","type-page","status-publish","has-post-thumbnail","hentry"],"_wp_attached_file":null,"_wp_attachment_metadata":null,"_wp_attachment_backup_sizes":null,"siteground_optimizer_webp_conversion_attempts":null,"siteground_optimizer_is_converted_to_webp":null,"siteground_optimizer_optimization_attempts":null,"siteground_optimizer_optimization_failed":null,"wpml_media_processed":null,"_wp_attachment_image_alt":null,"siteground_optimizer_is_optimized":null,"siteground_optimizer_webp_conversion_failed":null,"_elementor_source_image_hash":null,"siteground_optimizer_compression_level":null,"_elementor_inline_svg":null,"_imagify_optimization_level":null,"_imagify_status":null,"_imagify_data":null,"siteground_optimizer_original_filesize":null,"wpse_external_file_url":null,"fave_currency":null,"fave_currency_info":null,"fave_property_id":null,"fave_property_map":null,"fave_property_location":null,"houzez_geolocation_lat":null,"houzez_geolocation_long":null,"fave_property_map_street_view":null,"fave_featured":null,"fave_loggedintoview":null,"fave_agent_display_option":null,"fave_prop_homeslider":null,"fave_single_top_area":null,"fave_single_content_area":null,"_yoast_wpseo_primary_property_type":null,"_yoast_wpseo_primary_property_feature":null,"_yoast_wpseo_primary_property_label":null,"_yoast_wpseo_primary_property_country":null,"houzez_manual_expire":null,"_houzez_expiration_date_status":null,"houzez_total_property_views":null,"houzez_views_by_date":null,"houzez_recently_viewed":null,"fave_property_price":null,"fave_property_price_prefix":null,"fave_property_size":null,"fave_property_bathrooms":null,"fave_property_garage":null,"fave_levels":null,"fave_roof-type":null,"fave_construction-type":null,"fave_video_url":null,"fave_video_image":null,"fave_payment_status":null,"fave_property_agency":null,"fave_countries":null,"fave_sleeps":null,"_yoast_wpseo_primary_property_status":null,"fave_property_images":null,"fave_attachments":null,"technical_description":null,"houzez_featured_listing_date":null,"fave_property_size_prefix":null,"fave_property_bedrooms":null,"fave_property_price_postfix":null,"fave_production-time-in-weeks":null,"fave_building-time-in-days":null,"fave_window-glazing":null,"_yoast_wpseo_primary_feature-2":null,"_yoast_wpseo_primary_feature-3":null,"fave_warranty-in-years":null,"fave_property_land":null,"fave_property_land_postfix":null,"wpsebeba57d406-00de-d339-8c02-3956a916f506":null,"_oembed_eefb35903900c5c166d55ccf7fc62a8a":null,"_oembed_30948e80c1a853da0b519e72c40d2e13":null,"_oembed_0b78a31d7c7e6041adc064d46c40f98b":null,"_oembed_42c2c13b5902a21593b1d521556aea88":null,"_oembed_4fb58e495f37e206f97738a42dbe566f":null,"_oembed_b2828bee61bd9076cd21ece641de7abc":null,"_oembed_0c92428c960763e658977ce4918863f4":null,"_oembed_02b72dc3d26bdba6ff900a268ade2517":null,"_oembed_8c819834f7fc0b74364aa34a8193f46f":null,"_oembed_088962b77808b37d57abe5c8143f9652":null,"_oembed_dfae0e674c59ba061a82b330fc7fdea0":null,"_oembed_74e5075f66c4cd04b0e118feb24f6636":null,"fave_mortgage_cal":null,"_air_wp_sync_record_id":null,"_air_wp_sync_hash":null,"_air_wp_sync_importer_id":null,"_air_wp_sync_updated_at":null,"external_listing_link":null,"fave_property_map_address":null,"fave_multi_units_ids":null,"$wpml_language$":null,"fave_virtual_tour":null,"fave_gross-external-area":null,"_houzez_expiration_date":null,"_houzez_expiration_date_options":null,"floor_plans":null,"_oembed_a17db82fa378d53b4dc6ed46e5344499":null,"_oembed_da390569a339f4d7147d95cfb8c04c12":null,"_oembed_6a3eda5947bcc098660397ca8e21a941":null,"fave_roof-angle":null,"fave_seo-content":null,"_oembed_a7b8941eeee966e7350aede20b4d62be":null,"_oembed_time_a7b8941eeee966e7350aede20b4d62be":null,"additional_features":null,"fave_multi_units":null,"_oembed_716f56b62500685a7dd15ea2ec7579bd":null,"_oembed_time_716f56b62500685a7dd15ea2ec7579bd":null,"_oembed_8ececd3dd2598a4aedb5dfc82df2a0f6":null,"_oembed_time_8ececd3dd2598a4aedb5dfc82df2a0f6":null,"_oembed_4cef7884ea6ef16d48cd8675b12e440d":null,"fave_property_garage_size":null,"_oembed_5c1eaf7b40f4e3a3089b38beb88ba480":null,"fave_property_zip":null,"_oembed_ccdd6e0304386ece64b3b91f572b0be4":null,"_oembed_ae30d19e3e861b389146a1ccc2828104":null,"fave_property_rooms":null,"fave_property_year":null,"two_page_speed":null,"fave_year_established":null,"Status":null,"_oembed_5b2d8d2cf33b469c98e488ea5b118c30":null,"WPML Language Code":null,"_links":{"self":[{"href":"https:\/\/staging.spassio.com\/fr\/wp-json\/wp\/v2\/pages\/40990","targetHints":{"allow":["GET"]}}],"collection":[{"href":"https:\/\/staging.spassio.com\/fr\/wp-json\/wp\/v2\/pages"}],"about":[{"href":"https:\/\/staging.spassio.com\/fr\/wp-json\/wp\/v2\/types\/page"}],"author":[{"embeddable":true,"href":"https:\/\/staging.spassio.com\/fr\/wp-json\/wp\/v2\/users\/194"}],"replies":[{"embeddable":true,"href":"https:\/\/staging.spassio.com\/fr\/wp-json\/wp\/v2\/comments?post=40990"}],"version-history":[{"count":0,"href":"https:\/\/staging.spassio.com\/fr\/wp-json\/wp\/v2\/pages\/40990\/revisions"}],"wp:featuredmedia":[{"embeddable":true,"href":"https:\/\/staging.spassio.com\/fr\/wp-json\/wp\/v2\/media\/33983"}],"wp:attachment":[{"href":"https:\/\/staging.spassio.com\/fr\/wp-json\/wp\/v2\/media?parent=40990"}],"curies":[{"name":"wp","href":"https:\/\/api.w.org\/{rel}","templated":true}]}}