{"id":40992,"date":"2023-01-22T11:29:28","date_gmt":"2023-01-22T10:29:28","guid":{"rendered":"https:\/\/staging.spassio.com\/comment-choisir-un-fabricant-delements-prefabriques\/"},"modified":"2023-12-07T17:06:17","modified_gmt":"2023-12-07T16:06:17","slug":"comment-choisir-fabricant-maisons-prefabriques","status":"publish","type":"page","link":"https:\/\/staging.spassio.com\/fr\/comment-choisir-fabricant-maisons-prefabriques\/","title":{"rendered":"Comment choisir un fabricant de maisons pr\u00e9fabriqu\u00e9es"},"content":{"rendered":"<p>Pour <strong>choisir le bon fabricant de pr\u00e9fabriqu\u00e9s<\/strong> pour votre projet, il faut d&#8217;abord comparer diff\u00e9rentes entreprises et \u00e9valuer celles qui peuvent vous fournir la maison que vous recherchez.<\/p>\n<p>Les maisons pr\u00e9fabriqu\u00e9es \u00e9tant construites selon un processus hautement m\u00e9canis\u00e9, la maison est con\u00e7ue en tenant compte de la fabrication. Par cons\u00e9quent, lorsque vous choisissez une entreprise de pr\u00e9fabrication, vous choisissez une \u00e9quipe compl\u00e8te d&#8217;architectes, de concepteurs et de constructeurs, ce qui fait de cette s\u00e9lection une \u00e9tape critique dans le processus de construction de maisons pr\u00e9fabriqu\u00e9es.<\/p>\n<figure id=\"attachment_33325\" aria-describedby=\"caption-attachment-33325\" style=\"width: 1024px\" class=\"wp-caption alignnone\"><img fetchpriority=\"high\" decoding=\"async\" class=\"wp-image-33325 size-large\" src=\"https:\/\/staging.spassio.com\/wp-content\/uploads\/2023\/01\/choose-prefab-manufacturer-1024x768.jpg\" alt=\"choisir un fabricant de pr\u00e9fabriqu\u00e9s\" width=\"1024\" height=\"768\" srcset=\"https:\/\/staging.spassio.com\/wp-content\/uploads\/2023\/01\/choose-prefab-manufacturer-1024x768.jpg 1024w, https:\/\/staging.spassio.com\/wp-content\/uploads\/2023\/01\/choose-prefab-manufacturer-300x225.jpg 300w, https:\/\/staging.spassio.com\/wp-content\/uploads\/2023\/01\/choose-prefab-manufacturer-768x576.jpg 768w, https:\/\/staging.spassio.com\/wp-content\/uploads\/2023\/01\/choose-prefab-manufacturer-1536x1152.jpg 1536w, https:\/\/staging.spassio.com\/wp-content\/uploads\/2023\/01\/choose-prefab-manufacturer-592x444.jpg 592w, https:\/\/staging.spassio.com\/wp-content\/uploads\/2023\/01\/choose-prefab-manufacturer-584x438.jpg 584w, https:\/\/staging.spassio.com\/wp-content\/uploads\/2023\/01\/choose-prefab-manufacturer-800x600.jpg 800w, https:\/\/staging.spassio.com\/wp-content\/uploads\/2023\/01\/choose-prefab-manufacturer-120x90.jpg 120w, https:\/\/staging.spassio.com\/wp-content\/uploads\/2023\/01\/choose-prefab-manufacturer-496x372.jpg 496w, https:\/\/staging.spassio.com\/wp-content\/uploads\/2023\/01\/choose-prefab-manufacturer.jpg 1600w\" sizes=\"(max-width: 1024px) 100vw, 1024px\" \/><figcaption id=\"caption-attachment-33325\" class=\"wp-caption-text\">Fig. 1. A l&#8217;int\u00e9rieur de l&#8217;usine de fabrication de Modern Modular<\/figcaption><\/figure>\n<h2>Examinez le type de maison propos\u00e9 par le fabricant<\/h2>\n<p>Compte tenu de la m\u00e9canisation du processus de construction des pr\u00e9fabriqu\u00e9s, les fabricants ont tendance \u00e0 \u00eatre tr\u00e8s sp\u00e9cialis\u00e9s. C&#8217;est pourquoi ils s&#8217;en tiennent g\u00e9n\u00e9ralement \u00e0 une esth\u00e9tique et \u00e0 un type de pr\u00e9fabriqu\u00e9 sp\u00e9cifiques.<\/p>\n<p>Pour choisir un fabricant, il faut d&#8217;abord comprendre le type de maison que l&#8217;on recherche et le comparer \u00e0 ce que propose le fabricant :<\/p>\n<ul>\n<li>L&#8217;esth\u00e9tique g\u00e9n\u00e9rale : La plupart des maisons propos\u00e9es par chaque fabricant sont construites selon le m\u00eame style architectural. Certains fabricants choisissent de construire leurs maisons dans un style traditionnel, d&#8217;autres optent pour un style rustique et d&#8217;autres encore pr\u00e9f\u00e8rent concevoir des maisons \u00e0 l&#8217;aspect moderne. Un rapide coup d&#8217;\u0153il sur le <a href=\"https:\/\/staging.spassio.com\/manufacturers\/\">profil d&#8217;une entreprise<\/a> vous donnera une id\u00e9e de l&#8217;esth\u00e9tique g\u00e9n\u00e9rale du fabricant.<\/li>\n<li>Les pr\u00e9fabriqu\u00e9s sur fondations ou sur roues : La plupart des fabricants con\u00e7oivent leurs pr\u00e9fabriqu\u00e9s pour qu&#8217;ils soient construits hors site mais assembl\u00e9s sur des fondations permanentes. Par cons\u00e9quent, la maison n&#8217;est pas diff\u00e9rente d&#8217;une structure construite de mani\u00e8re traditionnelle et n\u00e9cessite un permis de construire. Certains fabricants proposent toutefois une option alternative qui est plac\u00e9e sur des roues. Ces pr\u00e9fabriqu\u00e9s ressemblent davantage \u00e0 des maisons mobiles qu&#8217;\u00e0 des constructions traditionnelles et peuvent g\u00e9n\u00e9ralement \u00eatre achet\u00e9s sans permis de construire.<\/li>\n<li>Projets pr\u00e9con\u00e7us ou sur mesure : Les fabricants peuvent proposer deux options de conception : les projets <a href=\"https:\/\/staging.spassio.com\/manufacturer\/nomad-container\/\">pr\u00e9con\u00e7us ou les projets sur mesure<\/a>. Les pr\u00e9fabriqu\u00e9s pr\u00e9-con\u00e7us sont affich\u00e9s dans une liste de type catalogue, pour que le client puisse faire son choix, tandis que les pr\u00e9fabriqu\u00e9s sur mesure sont con\u00e7us \u00e0 partir de z\u00e9ro par le fabricant, selon les sp\u00e9cifications uniques du client. Certains fabricants sont \u00e9quip\u00e9s pour offrir les deux choix, mais la plupart d&#8217;entre eux se concentrent sur l&#8217;un ou l&#8217;autre.<\/li>\n<\/ul>\n<h2>Voir ce qui est inclus dans l&#8217;emballage du fabricant<\/h2>\n<p>Tous les fabricants con\u00e7oivent et construisent leurs maisons dans un environnement semblable \u00e0 celui d&#8217;une usine. Cependant, les \u00e9l\u00e9ments et les services inclus dans leur package peuvent varier \u00e9norm\u00e9ment d&#8217;un fabricant \u00e0 l&#8217;autre.<\/p>\n<p>Lors du choix d&#8217;un fabricant, il est essentiel de voir les possibilit\u00e9s de forfaits offertes par chaque fabricant afin de savoir lequel nous convient le mieux.<\/p>\n<ul>\n<li>L&#8217;ensemble de la maison : Les pr\u00e9fabriqu\u00e9s peuvent \u00eatre livr\u00e9s soit enti\u00e8rement meubl\u00e9s, comme le <a href=\"https:\/\/staging.spassio.com\/models\/keu-mobile-home-keu\/\">mod\u00e8le Keu<\/a> qui est pr\u00eat \u00e0 \u00eatre habit\u00e9, soit comme une maison vide et fonctionnelle qui attend d&#8217;\u00eatre d\u00e9cor\u00e9e par le propri\u00e9taire. Analysez l&#8217;option qui vous convient le mieux et voyez quel fabricant propose votre choix pr\u00e9f\u00e9r\u00e9. La plupart des \u00e9l\u00e9ments inclus dans le paquet maison peuvent \u00eatre personnalis\u00e9s. Toutefois, le degr\u00e9 de personnalisation varie d&#8217;une entreprise \u00e0 l&#8217;autre : il peut s&#8217;agir de personnaliser les finitions, d&#8217;opter pour des mat\u00e9riaux de meilleure qualit\u00e9 ou m\u00eame de concevoir toute la maison \u00e0 partir de z\u00e9ro.<\/li>\n<li>Logistique : En g\u00e9n\u00e9ral, l&#8217;exp\u00e9dition de l&#8217;unit\u00e9 pr\u00e9fabriqu\u00e9e sur le terrain, ainsi que son montage sur les fondations, sont g\u00e9r\u00e9s par le fabricant. Mais ce n&#8217;est pas toujours le cas. V\u00e9rifier qu&#8217;une \u00e9quipe fournie par le fabricant sera sur place pour assembler la maison peut faire une grande diff\u00e9rence.<\/li>\n<li>Pr\u00e9paration du terrain et travaux sur place : En g\u00e9n\u00e9ral, les fabricants ne fournissent pas ces services. Par cons\u00e9quent, il est n\u00e9cessaire de faire appel \u00e0 des professionnels suppl\u00e9mentaires, tels qu&#8217;un entrepreneur local, pour pr\u00e9parer le terrain et r\u00e9aliser les travaux de construction sur place. Cependant, certains fabricants, comme <a href=\"https:\/\/staging.spassio.com\/manufacturer\/vmodul\/\">VMODUL<\/a>, choisissent d&#8217;\u00e9largir leur offre et de prendre en charge toutes les \u00e9tapes, de l&#8217;obtention du permis de construire \u00e0 la pr\u00e9paration du terrain et \u00e0 la finition des travaux sur le site. En g\u00e9n\u00e9ral, les travaux tels que l&#8217;am\u00e9nagement paysager, le jardinage et la construction de piscines ne sont pas inclus par les fabricants, mais nous vous encourageons \u00e0 prendre contact avec eux, car c&#8217;est le meilleur moyen de savoir ce qu&#8217;ils peuvent faire pour vous.<\/li>\n<\/ul>\n<figure id=\"attachment_33324\" aria-describedby=\"caption-attachment-33324\" style=\"width: 1024px\" class=\"wp-caption alignnone\"><img decoding=\"async\" class=\"wp-image-33324 size-large\" src=\"https:\/\/staging.spassio.com\/wp-content\/uploads\/2023\/01\/transportation-koleliba-prefab-house-1024x768.jpg\" alt=\"Transport d'une maison pr\u00e9fabriqu\u00e9e Koleliba\" width=\"1024\" height=\"768\" srcset=\"https:\/\/staging.spassio.com\/wp-content\/uploads\/2023\/01\/transportation-koleliba-prefab-house-1024x768.jpg 1024w, https:\/\/staging.spassio.com\/wp-content\/uploads\/2023\/01\/transportation-koleliba-prefab-house-300x225.jpg 300w, https:\/\/staging.spassio.com\/wp-content\/uploads\/2023\/01\/transportation-koleliba-prefab-house-768x576.jpg 768w, https:\/\/staging.spassio.com\/wp-content\/uploads\/2023\/01\/transportation-koleliba-prefab-house-1536x1152.jpg 1536w, https:\/\/staging.spassio.com\/wp-content\/uploads\/2023\/01\/transportation-koleliba-prefab-house-592x444.jpg 592w, https:\/\/staging.spassio.com\/wp-content\/uploads\/2023\/01\/transportation-koleliba-prefab-house-584x438.jpg 584w, https:\/\/staging.spassio.com\/wp-content\/uploads\/2023\/01\/transportation-koleliba-prefab-house-800x600.jpg 800w, https:\/\/staging.spassio.com\/wp-content\/uploads\/2023\/01\/transportation-koleliba-prefab-house-120x90.jpg 120w, https:\/\/staging.spassio.com\/wp-content\/uploads\/2023\/01\/transportation-koleliba-prefab-house-496x372.jpg 496w, https:\/\/staging.spassio.com\/wp-content\/uploads\/2023\/01\/transportation-koleliba-prefab-house.jpg 1600w\" sizes=\"(max-width: 1024px) 100vw, 1024px\" \/><figcaption id=\"caption-attachment-33324\" class=\"wp-caption-text\">Fig. 2. Transport d&#8217;une maison pr\u00e9fabriqu\u00e9e <a href=\"https:\/\/staging.spassio.com\/manufacturer\/koleliba\/\">Koleliba<\/a> du fabricant au terrain<\/figcaption><\/figure>\n<h2>Assurez-vous que le fabricant peut vous livrer<\/h2>\n<p>Un fabricant qui peut fournir le type de maison que vous recherchez avec les caract\u00e9ristiques sp\u00e9cifiques qui sont importantes pour vous est certainement un bon choix. Toutefois, certains aspects suppl\u00e9mentaires peuvent transformer le choix d&#8217;un bon fabricant en un choix optimal.<\/p>\n<ul>\n<li>Possibilit\u00e9 de visiter un mod\u00e8le pr\u00e9fabriqu\u00e9 d\u00e9j\u00e0 construit : Certaines entreprises, comme <a href=\"https:\/\/staging.spassio.com\/manufacturer\/suuna\/\">\u0160uuna<\/a>, proposent ce service suppl\u00e9mentaire pour vous aider \u00e0 vous faire une id\u00e9e pr\u00e9cise de l&#8217;espace fini.<\/li>\n<li>Des politiques de garantie et des services d&#8217;entretien exceptionnels : Toutes les entreprises de pr\u00e9fabrication offrent une certaine forme de garantie sur les produits, m\u00eame si les politiques varient \u00e9norm\u00e9ment. La dur\u00e9e de cette p\u00e9riode est diff\u00e9rente selon les parties de la maison, la structure \u00e9tant toujours la plus longue. Recherchez les fabricants qui offrent une meilleure couverture et qui proposent des services d&#8217;entretien et de r\u00e9paration non seulement pendant la p\u00e9riode de garantie, mais aussi apr\u00e8s son expiration.<\/li>\n<li>Une grande exp\u00e9rience dans le secteur : Bien que de longues ann\u00e9es d&#8217;activit\u00e9 ne soient pas n\u00e9cessairement une preuve d&#8217;excellence, plus une entreprise a r\u00e9alis\u00e9 de projets, plus la probabilit\u00e9 de rencontrer des probl\u00e8mes inattendus pendant la construction de votre nouvelle maison est faible.<\/li>\n<li>Excellente r\u00e9putation : L&#8217;un des moyens les plus utiles pour savoir si vous choisissez un fabricant r\u00e9put\u00e9 est de lire les commentaires de ses anciens clients. En outre, certaines entreprises telles que <a href=\"https:\/\/staging.spassio.com\/manufacturer\/brette-haus\/\">Brette Haus<\/a> et <a href=\"https:\/\/staging.spassio.com\/manufacturer\/nomad-container\/\">Nomad Container<\/a> ont \u00e9t\u00e9 r\u00e9compens\u00e9es ou reconnues par diff\u00e9rents m\u00e9dias, ce qui peut \u00eatre un signe de fiabilit\u00e9.<\/li>\n<\/ul>\n","protected":false},"excerpt":{"rendered":"<p>Pour choisir le bon fabricant de pr\u00e9fabriqu\u00e9s pour votre projet, il faut d&#8217;abord comparer diff\u00e9rentes entreprises et \u00e9valuer celles qui peuvent vous fournir la maison que vous recherchez. Les maisons pr\u00e9fabriqu\u00e9es \u00e9tant construites selon un processus hautement m\u00e9canis\u00e9, la maison est con\u00e7ue en tenant compte de la fabrication. Par cons\u00e9quent, lorsque vous choisissez une entreprise [&hellip;]<\/p>\n","protected":false},"author":194,"featured_media":40083,"parent":0,"menu_order":0,"comment_status":"closed","ping_status":"closed","template":"","meta":{"content-type":"","_FSMCFIC_featured_image_caption":"","_FSMCFIC_featured_image_nocaption":"","_FSMCFIC_featured_image_hide":"","footnotes":""},"class_list":["post-40992","page","type-page","status-publish","has-post-thumbnail","hentry"],"_wp_attached_file":null,"_wp_attachment_metadata":null,"_wp_attachment_backup_sizes":null,"siteground_optimizer_webp_conversion_attempts":null,"siteground_optimizer_is_converted_to_webp":null,"siteground_optimizer_optimization_attempts":null,"siteground_optimizer_optimization_failed":null,"wpml_media_processed":null,"_wp_attachment_image_alt":null,"siteground_optimizer_is_optimized":null,"siteground_optimizer_webp_conversion_failed":null,"_elementor_source_image_hash":null,"siteground_optimizer_compression_level":null,"_elementor_inline_svg":null,"_imagify_optimization_level":null,"_imagify_status":null,"_imagify_data":null,"siteground_optimizer_original_filesize":null,"wpse_external_file_url":null,"fave_currency":null,"fave_currency_info":null,"fave_property_id":null,"fave_property_map":null,"fave_property_location":null,"houzez_geolocation_lat":null,"houzez_geolocation_long":null,"fave_property_map_street_view":null,"fave_featured":null,"fave_loggedintoview":null,"fave_agent_display_option":null,"fave_prop_homeslider":null,"fave_single_top_area":null,"fave_single_content_area":null,"_yoast_wpseo_primary_property_type":null,"_yoast_wpseo_primary_property_feature":null,"_yoast_wpseo_primary_property_label":null,"_yoast_wpseo_primary_property_country":null,"houzez_manual_expire":null,"_houzez_expiration_date_status":null,"houzez_total_property_views":null,"houzez_views_by_date":null,"houzez_recently_viewed":null,"fave_property_price":null,"fave_property_price_prefix":null,"fave_property_size":null,"fave_property_bathrooms":null,"fave_property_garage":null,"fave_levels":null,"fave_roof-type":null,"fave_construction-type":null,"fave_video_url":null,"fave_video_image":null,"fave_payment_status":null,"fave_property_agency":null,"fave_countries":null,"fave_sleeps":null,"_yoast_wpseo_primary_property_status":null,"fave_property_images":null,"fave_attachments":null,"technical_description":null,"houzez_featured_listing_date":null,"fave_property_size_prefix":null,"fave_property_bedrooms":null,"fave_property_price_postfix":null,"fave_production-time-in-weeks":null,"fave_building-time-in-days":null,"fave_window-glazing":null,"_yoast_wpseo_primary_feature-2":null,"_yoast_wpseo_primary_feature-3":null,"fave_warranty-in-years":null,"fave_property_land":null,"fave_property_land_postfix":null,"wpsebeba57d406-00de-d339-8c02-3956a916f506":null,"_oembed_eefb35903900c5c166d55ccf7fc62a8a":null,"_oembed_30948e80c1a853da0b519e72c40d2e13":null,"_oembed_0b78a31d7c7e6041adc064d46c40f98b":null,"_oembed_42c2c13b5902a21593b1d521556aea88":null,"_oembed_4fb58e495f37e206f97738a42dbe566f":null,"_oembed_b2828bee61bd9076cd21ece641de7abc":null,"_oembed_0c92428c960763e658977ce4918863f4":null,"_oembed_02b72dc3d26bdba6ff900a268ade2517":null,"_oembed_8c819834f7fc0b74364aa34a8193f46f":null,"_oembed_088962b77808b37d57abe5c8143f9652":null,"_oembed_dfae0e674c59ba061a82b330fc7fdea0":null,"_oembed_74e5075f66c4cd04b0e118feb24f6636":null,"fave_mortgage_cal":null,"_air_wp_sync_record_id":null,"_air_wp_sync_hash":null,"_air_wp_sync_importer_id":null,"_air_wp_sync_updated_at":null,"external_listing_link":null,"fave_property_map_address":null,"fave_multi_units_ids":null,"$wpml_language$":null,"fave_virtual_tour":null,"fave_gross-external-area":null,"_houzez_expiration_date":null,"_houzez_expiration_date_options":null,"floor_plans":null,"_oembed_a17db82fa378d53b4dc6ed46e5344499":null,"_oembed_da390569a339f4d7147d95cfb8c04c12":null,"_oembed_6a3eda5947bcc098660397ca8e21a941":null,"fave_roof-angle":null,"fave_seo-content":null,"_oembed_a7b8941eeee966e7350aede20b4d62be":null,"_oembed_time_a7b8941eeee966e7350aede20b4d62be":null,"additional_features":null,"fave_multi_units":null,"_oembed_716f56b62500685a7dd15ea2ec7579bd":null,"_oembed_time_716f56b62500685a7dd15ea2ec7579bd":null,"_oembed_8ececd3dd2598a4aedb5dfc82df2a0f6":null,"_oembed_time_8ececd3dd2598a4aedb5dfc82df2a0f6":null,"_oembed_4cef7884ea6ef16d48cd8675b12e440d":null,"fave_property_garage_size":null,"_oembed_5c1eaf7b40f4e3a3089b38beb88ba480":null,"fave_property_zip":null,"_oembed_ccdd6e0304386ece64b3b91f572b0be4":null,"_oembed_ae30d19e3e861b389146a1ccc2828104":null,"fave_property_rooms":null,"fave_property_year":null,"two_page_speed":null,"fave_year_established":null,"Status":null,"_oembed_5b2d8d2cf33b469c98e488ea5b118c30":null,"WPML Language Code":null,"_links":{"self":[{"href":"https:\/\/staging.spassio.com\/fr\/wp-json\/wp\/v2\/pages\/40992","targetHints":{"allow":["GET"]}}],"collection":[{"href":"https:\/\/staging.spassio.com\/fr\/wp-json\/wp\/v2\/pages"}],"about":[{"href":"https:\/\/staging.spassio.com\/fr\/wp-json\/wp\/v2\/types\/page"}],"author":[{"embeddable":true,"href":"https:\/\/staging.spassio.com\/fr\/wp-json\/wp\/v2\/users\/194"}],"replies":[{"embeddable":true,"href":"https:\/\/staging.spassio.com\/fr\/wp-json\/wp\/v2\/comments?post=40992"}],"version-history":[{"count":0,"href":"https:\/\/staging.spassio.com\/fr\/wp-json\/wp\/v2\/pages\/40992\/revisions"}],"wp:featuredmedia":[{"embeddable":true,"href":"https:\/\/staging.spassio.com\/fr\/wp-json\/wp\/v2\/media\/40083"}],"wp:attachment":[{"href":"https:\/\/staging.spassio.com\/fr\/wp-json\/wp\/v2\/media?parent=40992"}],"curies":[{"name":"wp","href":"https:\/\/api.w.org\/{rel}","templated":true}]}}