{"id":40996,"date":"2023-02-19T17:06:24","date_gmt":"2023-02-19T16:06:24","guid":{"rendered":"https:\/\/staging.spassio.com\/quest-ce-quune-maison-prefabriquee-cle-en-main\/"},"modified":"2024-10-23T13:40:46","modified_gmt":"2024-10-23T12:40:46","slug":"maison-prefabriquee-cle-en-main-explication","status":"publish","type":"page","link":"https:\/\/staging.spassio.com\/fr\/maison-prefabriquee-cle-en-main-explication\/","title":{"rendered":"Qu&#8217;est-ce qu&#8217;une maison pr\u00e9fabriqu\u00e9e cl\u00e9 en main ?"},"content":{"rendered":"<p>Une maison <strong>pr\u00e9fabriqu\u00e9e cl\u00e9 en main<\/strong> est une maison qui vous est livr\u00e9e enti\u00e8rement finie et pr\u00eate \u00e0 fonctionner. Cependant, l&#8217;expression &#8220;cl\u00e9 en main&#8221; pr\u00eate souvent \u00e0 confusion, car la notion de maison enti\u00e8rement achev\u00e9e varie \u00e9norm\u00e9ment d&#8217;un fabricant \u00e0 l&#8217;autre.<\/p>\n<p>La principale raison pour laquelle les fabricants proposent une livraison cl\u00e9 en main est de simplifier le processus d&#8217;achat et de construction pour le client. Bien que les \u00e9l\u00e9ments ou les services qu&#8217;ils choisissent de d\u00e9velopper varient d&#8217;une entreprise \u00e0 l&#8217;autre, il existe un ensemble de base auquel on peut toujours s&#8217;attendre, m\u00eame s&#8217;il se pr\u00e9sente sous une forme l\u00e9g\u00e8rement diff\u00e9rente.<\/p>\n<h2>Que peut-on attendre d&#8217;une maison pr\u00e9fabriqu\u00e9e cl\u00e9 en main ?<\/h2>\n<p>Malgr\u00e9 les diff\u00e9rentes interpr\u00e9tations du terme &#8220;cl\u00e9 en main&#8221;, vous pouvez toujours vous attendre \u00e0 ce qu&#8217;une maison pr\u00e9fabriqu\u00e9e cl\u00e9 en main soit \u00e9quip\u00e9e de mani\u00e8re \u00e0 ce qu&#8217;aucun travail de construction ne soit n\u00e9cessaire une fois que la maison vous est livr\u00e9e.<\/p>\n<h3>Le paquet de base cl\u00e9 en main<\/h3>\n<p>L&#8217;offre est unique et diff\u00e9rente pour chaque fabricant, mais certains \u00e9l\u00e9ments sont constants et peuvent toujours \u00eatre attendus dans toutes les maisons pr\u00e9fabriqu\u00e9es cl\u00e9s en main. Les \u00e9l\u00e9ments \u00e9num\u00e9r\u00e9s ci-dessous garantissent que la maison est achev\u00e9e et ne n\u00e9cessite pas de travaux de construction suppl\u00e9mentaires. C&#8217;est pourquoi ces \u00e9l\u00e9ments sont toujours inclus dans un pr\u00e9fabriqu\u00e9 cl\u00e9 en main.<\/p>\n<ul>\n<li><strong>Accessoires<\/strong>: Les accessoires sont les meubles qui sont int\u00e9gr\u00e9s dans la construction de la maison et qui ne peuvent pas \u00eatre d\u00e9plac\u00e9s librement. Les installations minimales incluses dans tous les pr\u00e9fabriqu\u00e9s cl\u00e9s en main sont les armoires et les comptoirs de la salle de bain et de la cuisine.<\/li>\n<li><strong>Finitions int\u00e9rieures<\/strong>: Vous devez vous attendre \u00e0 ce que les sols soient parfaitement finis, avec du carrelage ou des planchers en bois, selon le mat\u00e9riau que vous aurez choisi. Les murs sont \u00e9galement livr\u00e9s enti\u00e8rement finis avec tous les interrupteurs et prises n\u00e9cessaires. Cependant, tous les pr\u00e9fabriqu\u00e9s cl\u00e9s en main ne sont pas livr\u00e9s avec les murs int\u00e9rieurs peints.<\/li>\n<li><strong>Finitions ext\u00e9rieures<\/strong>: L&#8217;ext\u00e9rieur d&#8217;un b\u00e2timent pr\u00e9fabriqu\u00e9 cl\u00e9 en main semble enti\u00e8rement fini puisqu&#8217;il comprend tous les rev\u00eatements, les tuiles, les portes et les fen\u00eatres n\u00e9cessaires.<\/li>\n<li><strong>\u00c9lectricit\u00e9 et plomberie<\/strong>: Absolument tous les pr\u00e9fabriqu\u00e9s cl\u00e9s en main sont livr\u00e9s avec tous les travaux d&#8217;\u00e9lectricit\u00e9 et de plomberie n\u00e9cessaires. La maison est toujours parfaitement c\u00e2bl\u00e9e, avec les conduites de gaz si n\u00e9cessaire et tous les conduits de plomberie, ainsi que les appareils sanitaires tels que les \u00e9viers, les toilettes ou les douches, install\u00e9s et pr\u00eats \u00e0 l&#8217;emploi.<\/li>\n<li><strong>\u00c9clairage et lampes<\/strong>: Bien qu&#8217;il ne faille pas s&#8217;attendre \u00e0 ce que la maison comporte des lampes d&#8217;ambiance ou de mise au point sur pied, l&#8217;\u00e9clairage g\u00e9n\u00e9ral est toujours inclus, car il est assur\u00e9 par des luminaires \u00e0 LED int\u00e9gr\u00e9s au plafond ou aux murs.<\/li>\n<\/ul>\n<h3>Principaux services g\u00e9n\u00e9ralement inclus dans une maison pr\u00e9fabriqu\u00e9e cl\u00e9 en main<\/h3>\n<p>En g\u00e9n\u00e9ral, le terme &#8220;cl\u00e9 en main&#8221; d\u00e9finit les \u00e9l\u00e9ments de construction et les finitions inclus dans la maison. Cependant, il est courant que les <a href=\"https:\/\/staging.spassio.com\/manufacturers\/\">fabricants<\/a> incluent \u00e9galement certains services contribuant \u00e0 un processus de construction de maison sans stress.<\/p>\n<p>\u00c9tant donn\u00e9 que le terme &#8220;pr\u00e9fabriqu\u00e9&#8221; recouvre diff\u00e9rents types de construction, les services n\u00e9cessaires pour mener \u00e0 bien le processus de construction peuvent varier. N\u00e9anmoins, la quasi-totalit\u00e9 des maisons pr\u00e9fabriqu\u00e9es cl\u00e9s en main offrent les services suivants :<\/p>\n<ul>\n<li><strong>\u00c9tude de faisabilit\u00e9<\/strong>: Il s&#8217;agit d&#8217;un service commun offert par le fabricant pour identifier les limitations sur votre propri\u00e9t\u00e9 qui pourraient interf\u00e9rer avec la livraison ou l&#8217;installation de la maison.<\/li>\n<li><strong>Conception de la maison<\/strong>: Tous les fabricants disposent d&#8217;une \u00e9quipe de conception qui vous guidera dans la personnalisation de votre maison, que vous ayez choisi un mod\u00e8le pr\u00e9con\u00e7u ou une conception sur mesure. Ce service est propos\u00e9 par des designers et\/ou des architectes qui vous aident \u00e0 adapter la conception de la maison \u00e0 vos besoins et \u00e0 votre style personnel.<\/li>\n<li><strong>Fabrication hors site<\/strong>: Il ne fait aucun doute que tous les fabricants construiront la maison hors site dans un environnement semblable \u00e0 celui d&#8217;une usine. Le produit livr\u00e9 comprend toujours au moins le paquet minimum cl\u00e9 en main.<\/li>\n<li><strong>Transport<\/strong>: Les maisons pr\u00e9fabriqu\u00e9es cl\u00e9s en main sont le plus souvent livr\u00e9es par le fabricant, quelle que soit la distance parcourue. Toutefois, les frais de transport sont calcul\u00e9s s\u00e9par\u00e9ment.<\/li>\n<li><strong>Assemblage et finitions sur place<\/strong>: Dans la plupart des cas, le fabricant assemble la maison une fois sur son site. Les pr\u00e9fabriqu\u00e9s qui n\u00e9cessitent un assemblage plus approfondi, tels que les <a href=\"https:\/\/staging.spassio.com\/categories\/panel-built-houses\/\">panneaux<\/a> ou les projets modulaires, requi\u00e8rent des travaux de finition qui sont \u00e9galement fournis par le fabricant.<\/li>\n<\/ul>\n<h2>Que souhaitez-vous que votre pr\u00e9fabriqu\u00e9 cl\u00e9 en main comprenne ?<\/h2>\n<p>Si tous les <strong>fabricants de maisons cl\u00e9s en main<\/strong> livrent leurs pr\u00e9fabriqu\u00e9s avec un ensemble de services de base, cette offre est tr\u00e8s diff\u00e9rente d&#8217;une entreprise \u00e0 l&#8217;autre. Nous avons dress\u00e9 ci-dessous une liste des principales entreprises proposant des services cl\u00e9s en main en Europe et au Royaume-Uni, afin de vous aider \u00e0 vous faire une id\u00e9e de ce \u00e0 quoi ressemble un service cl\u00e9 en main pour chacune d&#8217;entre elles.<\/p>\n<p><strong>Passion Smart Houses<\/strong><\/p>\n<figure id=\"attachment_33964\" aria-describedby=\"caption-attachment-33964\" style=\"width: 800px\" class=\"wp-caption alignnone\"><img fetchpriority=\"high\" decoding=\"async\" class=\"wp-image-33964 size-full\" src=\"https:\/\/staging.spassio.com\/wp-content\/uploads\/2023\/02\/passion-houses-turnkey-prefab.jpg\" alt=\"maison pr\u00e9fabriqu\u00e9e cl\u00e9 en main\" width=\"800\" height=\"536\" srcset=\"https:\/\/staging.spassio.com\/wp-content\/uploads\/2023\/02\/passion-houses-turnkey-prefab.jpg 800w, https:\/\/staging.spassio.com\/wp-content\/uploads\/2023\/02\/passion-houses-turnkey-prefab-300x201.jpg 300w, https:\/\/staging.spassio.com\/wp-content\/uploads\/2023\/02\/passion-houses-turnkey-prefab-768x515.jpg 768w, https:\/\/staging.spassio.com\/wp-content\/uploads\/2023\/02\/passion-houses-turnkey-prefab-496x332.jpg 496w\" sizes=\"(max-width: 800px) 100vw, 800px\" \/><figcaption id=\"caption-attachment-33964\" class=\"wp-caption-text\">Bas\u00e9e en Estonie, <a href=\"https:\/\/staging.spassio.com\/manufacturer\/wamp-group\/\">Passion Smart Houses<\/a> optimise son <strong>offre de base cl\u00e9 en main<\/strong> en fonction des normes d&#8217;efficacit\u00e9 \u00e9nerg\u00e9tique. Pour ce faire, il utilise des mat\u00e9riaux de premi\u00e8re qualit\u00e9, des fen\u00eatres \u00e0 triple vitrage et une isolation nordique. Outre les \u00e9l\u00e9ments de base cl\u00e9s en main, ce fabricant propose un syst\u00e8me complet de chauffage, de ventilation et de climatisation, avec l&#8217;avantage d&#8217;\u00eatre pr\u00eat \u00e0 se connecter \u00e0 des panneaux solaires \u00e0 l&#8217;avenir, si on le souhaite.<\/figcaption><\/figure>\n<p>&nbsp;<\/p>\n<p><strong>Klein Haus<\/strong><\/p>\n<figure id=\"attachment_33965\" aria-describedby=\"caption-attachment-33965\" style=\"width: 800px\" class=\"wp-caption alignnone\"><img decoding=\"async\" class=\"wp-image-33965 size-full\" src=\"https:\/\/staging.spassio.com\/wp-content\/uploads\/2023\/02\/klein-house-turnkey-prefab.jpg\" alt=\"\" width=\"800\" height=\"600\" srcset=\"https:\/\/staging.spassio.com\/wp-content\/uploads\/2023\/02\/klein-house-turnkey-prefab.jpg 800w, https:\/\/staging.spassio.com\/wp-content\/uploads\/2023\/02\/klein-house-turnkey-prefab-300x225.jpg 300w, https:\/\/staging.spassio.com\/wp-content\/uploads\/2023\/02\/klein-house-turnkey-prefab-768x576.jpg 768w, https:\/\/staging.spassio.com\/wp-content\/uploads\/2023\/02\/klein-house-turnkey-prefab-592x444.jpg 592w, https:\/\/staging.spassio.com\/wp-content\/uploads\/2023\/02\/klein-house-turnkey-prefab-584x438.jpg 584w, https:\/\/staging.spassio.com\/wp-content\/uploads\/2023\/02\/klein-house-turnkey-prefab-120x90.jpg 120w, https:\/\/staging.spassio.com\/wp-content\/uploads\/2023\/02\/klein-house-turnkey-prefab-496x372.jpg 496w\" sizes=\"(max-width: 800px) 100vw, 800px\" \/><figcaption id=\"caption-attachment-33965\" class=\"wp-caption-text\">L&#8217;objectif premier de l&#8217;entreprise n\u00e9erlandaise <a href=\"https:\/\/staging.spassio.com\/manufacturer\/kleinhaus\/\">Klein Haus<\/a> est de proposer une s\u00e9lection de maisons pr\u00e9fabriqu\u00e9es modernes \u00e0 un prix raisonnable et pr\u00eates \u00e0 \u00eatre install\u00e9es. C&#8217;est pourquoi ils \u00e9largissent les services cl\u00e9s en main propos\u00e9s et incluent tous les travaux d&#8217;installation des fondations. De plus, une fois install\u00e9e, la maison est pr\u00eate \u00e0 accueillir le client car elle est enti\u00e8rement meubl\u00e9e et \u00e9quip\u00e9e de syst\u00e8mes de chauffage.<\/figcaption><\/figure>\n<p>&nbsp;<\/p>\n<p><strong>Brette Haus<\/strong><\/p>\n<figure id=\"attachment_33966\" aria-describedby=\"caption-attachment-33966\" style=\"width: 800px\" class=\"wp-caption alignnone\"><img decoding=\"async\" class=\"wp-image-33966 size-full\" src=\"https:\/\/staging.spassio.com\/wp-content\/uploads\/2023\/02\/brette-haus-turnkey-prefab.jpg\" alt=\"\" width=\"800\" height=\"528\" srcset=\"https:\/\/staging.spassio.com\/wp-content\/uploads\/2023\/02\/brette-haus-turnkey-prefab.jpg 800w, https:\/\/staging.spassio.com\/wp-content\/uploads\/2023\/02\/brette-haus-turnkey-prefab-300x198.jpg 300w, https:\/\/staging.spassio.com\/wp-content\/uploads\/2023\/02\/brette-haus-turnkey-prefab-768x507.jpg 768w, https:\/\/staging.spassio.com\/wp-content\/uploads\/2023\/02\/brette-haus-turnkey-prefab-496x327.jpg 496w\" sizes=\"(max-width: 800px) 100vw, 800px\" \/><figcaption id=\"caption-attachment-33966\" class=\"wp-caption-text\"><a href=\"https:\/\/staging.spassio.com\/manufacturer\/brette-haus\/\">Brette Haus<\/a> est un fabricant letton unique en son genre qui propose des maisons pr\u00e9fabriqu\u00e9es pliables. Le fait d&#8217;\u00eatre pliable est plus qu&#8217;une singularit\u00e9, car ces mod\u00e8les sont con\u00e7us pour \u00eatre assembl\u00e9s facilement et rapidement. Pour renforcer ces caract\u00e9ristiques, Brette House offre la possibilit\u00e9 d&#8217;acheter une <strong>maison cl\u00e9 en main<\/strong> qui vous est livr\u00e9e d\u00e9j\u00e0 meubl\u00e9e.<\/figcaption><\/figure>\n<p>&nbsp;<\/p>\n<p><strong>Wee House<\/strong><\/p>\n<figure id=\"attachment_33967\" aria-describedby=\"caption-attachment-33967\" style=\"width: 800px\" class=\"wp-caption alignnone\"><img loading=\"lazy\" decoding=\"async\" class=\"wp-image-33967 size-full\" src=\"https:\/\/staging.spassio.com\/wp-content\/uploads\/2023\/02\/wee-house-turnkey-prefab.jpg\" alt=\"\" width=\"800\" height=\"532\" srcset=\"https:\/\/staging.spassio.com\/wp-content\/uploads\/2023\/02\/wee-house-turnkey-prefab.jpg 800w, https:\/\/staging.spassio.com\/wp-content\/uploads\/2023\/02\/wee-house-turnkey-prefab-300x200.jpg 300w, https:\/\/staging.spassio.com\/wp-content\/uploads\/2023\/02\/wee-house-turnkey-prefab-768x511.jpg 768w, https:\/\/staging.spassio.com\/wp-content\/uploads\/2023\/02\/wee-house-turnkey-prefab-496x330.jpg 496w\" sizes=\"(max-width: 800px) 100vw, 800px\" \/><figcaption id=\"caption-attachment-33967\" class=\"wp-caption-text\">The <a href=\"https:\/\/staging.spassio.com\/manufacturer\/the-wee-house-company\/\">Wee House<\/a> con\u00e7oit de charmantes maisons d&#8217;aspect traditionnel et les livre sans stress. Ils offrent de nombreux services suppl\u00e9mentaires aux clients bas\u00e9s au Royaume-Uni, tels que la demande de permis de construire en votre nom ou la prise en charge des travaux n\u00e9cessaires sur le site. Outre l&#8217;ensemble des services propos\u00e9s, ces maisons comprennent \u00e9galement des syst\u00e8mes de chauffage et des appareils \u00e9lectrom\u00e9nagers, tous intelligemment con\u00e7us pour vous aider \u00e0 r\u00e9duire votre facture d&#8217;\u00e9lectricit\u00e9.<\/figcaption><\/figure>\n<p>&nbsp;<\/p>\n<p><strong>Nomad Container<\/strong><\/p>\n<figure id=\"attachment_33968\" aria-describedby=\"caption-attachment-33968\" style=\"width: 800px\" class=\"wp-caption alignnone\"><img loading=\"lazy\" decoding=\"async\" class=\"wp-image-33968 size-full\" src=\"https:\/\/staging.spassio.com\/wp-content\/uploads\/2023\/02\/nomad-container-turnkey-prefab.jpg\" alt=\"\" width=\"800\" height=\"449\" srcset=\"https:\/\/staging.spassio.com\/wp-content\/uploads\/2023\/02\/nomad-container-turnkey-prefab.jpg 800w, https:\/\/staging.spassio.com\/wp-content\/uploads\/2023\/02\/nomad-container-turnkey-prefab-300x168.jpg 300w, https:\/\/staging.spassio.com\/wp-content\/uploads\/2023\/02\/nomad-container-turnkey-prefab-768x431.jpg 768w, https:\/\/staging.spassio.com\/wp-content\/uploads\/2023\/02\/nomad-container-turnkey-prefab-496x278.jpg 496w\" sizes=\"(max-width: 800px) 100vw, 800px\" \/><figcaption id=\"caption-attachment-33968\" class=\"wp-caption-text\"><a href=\"https:\/\/staging.spassio.com\/manufacturer\/nomad-container\/\">Nomad Container<\/a> est un fabricant bas\u00e9 en Roumanie qui propose des options de livraison cl\u00e9 en main pour vous aider \u00e0 optimiser le co\u00fbt de la maison. Leur <strong>maison pr\u00e9fabriqu\u00e9e cl\u00e9 en main<\/strong> est bas\u00e9e sur l&#8217;offre et les services de base, bien qu&#8217;ils proposent une personnalisation pouss\u00e9e pour s&#8217;assurer qu&#8217;elle s&#8217;adapte \u00e0 vos besoins.<\/figcaption><\/figure>\n<p><strong>Tini Living<\/strong><\/p>\n<figure id=\"attachment_33969\" aria-describedby=\"caption-attachment-33969\" style=\"width: 800px\" class=\"wp-caption alignnone\"><img loading=\"lazy\" decoding=\"async\" class=\"wp-image-33969 size-full\" src=\"https:\/\/staging.spassio.com\/wp-content\/uploads\/2023\/02\/tini-living-turnkey-prefab.jpg\" alt=\"\" width=\"800\" height=\"532\" srcset=\"https:\/\/staging.spassio.com\/wp-content\/uploads\/2023\/02\/tini-living-turnkey-prefab.jpg 800w, https:\/\/staging.spassio.com\/wp-content\/uploads\/2023\/02\/tini-living-turnkey-prefab-300x200.jpg 300w, https:\/\/staging.spassio.com\/wp-content\/uploads\/2023\/02\/tini-living-turnkey-prefab-768x511.jpg 768w, https:\/\/staging.spassio.com\/wp-content\/uploads\/2023\/02\/tini-living-turnkey-prefab-496x330.jpg 496w\" sizes=\"(max-width: 800px) 100vw, 800px\" \/><figcaption id=\"caption-attachment-33969\" class=\"wp-caption-text\"><a href=\"https:\/\/staging.spassio.com\/manufacturer\/tini-living\/\">Tini Living<\/a> propose une livraison cl\u00e9 en main tr\u00e8s compl\u00e8te qui inclut quelques pi\u00e8ces de mobilier, comme le cadre de lit avec ses tables de chevet pour une chambre \u00e0 coucher compl\u00e8te. D&#8217;autres \u00e9l\u00e9ments suppl\u00e9mentaires, tels qu&#8217;un r\u00e9frig\u00e9rateur int\u00e9gr\u00e9 ou des syst\u00e8mes de chauffage et de refroidissement, font \u00e9galement partie de leur g\u00e9n\u00e9reuse dotation. Mais ce qui distingue les pr\u00e9fabriqu\u00e9s cl\u00e9s en main de cette entreprise, c&#8217;est l&#8217;installation photovolta\u00efque suppl\u00e9mentaire. Des services suppl\u00e9mentaires, tels que la construction des fondations sur place, sont \u00e9galement disponibles pour les clients bas\u00e9s \u00e0 Madrid, en Espagne.<\/figcaption><\/figure>\n<p>&nbsp;<\/p>\n<p><strong>Eestihouse<\/strong><\/p>\n<figure id=\"attachment_33971\" aria-describedby=\"caption-attachment-33971\" style=\"width: 800px\" class=\"wp-caption alignnone\"><img loading=\"lazy\" decoding=\"async\" class=\"wp-image-33971 size-full\" src=\"https:\/\/staging.spassio.com\/wp-content\/uploads\/2023\/02\/eestihouse-turnkey-prefab.jpg\" alt=\"\" width=\"800\" height=\"453\" srcset=\"https:\/\/staging.spassio.com\/wp-content\/uploads\/2023\/02\/eestihouse-turnkey-prefab.jpg 800w, https:\/\/staging.spassio.com\/wp-content\/uploads\/2023\/02\/eestihouse-turnkey-prefab-300x170.jpg 300w, https:\/\/staging.spassio.com\/wp-content\/uploads\/2023\/02\/eestihouse-turnkey-prefab-768x435.jpg 768w, https:\/\/staging.spassio.com\/wp-content\/uploads\/2023\/02\/eestihouse-turnkey-prefab-496x281.jpg 496w\" sizes=\"(max-width: 800px) 100vw, 800px\" \/><figcaption id=\"caption-attachment-33971\" class=\"wp-caption-text\">La soci\u00e9t\u00e9 estonienne <a href=\"https:\/\/staging.spassio.com\/manufacturer\/eestihouse\/\">Eestihouse<\/a> a con\u00e7u son paquet cl\u00e9 en main comme une solution qui vous permet d&#8217;\u00e9conomiser du temps et de l&#8217;argent. Leurs maisons sont sp\u00e9cialement con\u00e7ues comme un lieu d&#8217;escapade ou un investissement locatif touristique qui peut \u00eatre install\u00e9 rapidement, facilement et \u00e0 faible co\u00fbt. C&#8217;est pourquoi leur offre cl\u00e9 en main comprend une maison enti\u00e8rement finie avec quelques pi\u00e8ces de mobilier telles que le cadre de lit.<\/figcaption><\/figure>\n<p>&nbsp;<\/p>\n<p><strong>Add a Room<\/strong><\/p>\n<figure id=\"attachment_33973\" aria-describedby=\"caption-attachment-33973\" style=\"width: 800px\" class=\"wp-caption alignnone\"><img loading=\"lazy\" decoding=\"async\" class=\"wp-image-33973 size-full\" src=\"https:\/\/staging.spassio.com\/wp-content\/uploads\/2023\/02\/addaroom-turnkey-prefab.jpg\" alt=\"\" width=\"800\" height=\"421\" srcset=\"https:\/\/staging.spassio.com\/wp-content\/uploads\/2023\/02\/addaroom-turnkey-prefab.jpg 800w, https:\/\/staging.spassio.com\/wp-content\/uploads\/2023\/02\/addaroom-turnkey-prefab-300x158.jpg 300w, https:\/\/staging.spassio.com\/wp-content\/uploads\/2023\/02\/addaroom-turnkey-prefab-768x404.jpg 768w, https:\/\/staging.spassio.com\/wp-content\/uploads\/2023\/02\/addaroom-turnkey-prefab-496x261.jpg 496w\" sizes=\"(max-width: 800px) 100vw, 800px\" \/><figcaption id=\"caption-attachment-33973\" class=\"wp-caption-text\"><a href=\"https:\/\/staging.spassio.com\/manufacturer\/add-a-room-as\/\">Add a Room<\/a> est un fabricant danois qui propose une solution cl\u00e9 en main pour simplifier le processus de construction d&#8217;une maison. Pour ce faire, ils accompagnent leurs clients tout au long du processus, depuis la conception de la maison jusqu&#8217;\u00e0 sa livraison. Ils s&#8217;occupent de la demande de permis de construire pour vous et aident \u00e0 coordonner les diff\u00e9rents professionnels et se rendent sur place.<\/figcaption><\/figure>\n","protected":false},"excerpt":{"rendered":"<p>Une maison pr\u00e9fabriqu\u00e9e cl\u00e9 en main est une maison qui vous est livr\u00e9e enti\u00e8rement finie et pr\u00eate \u00e0 fonctionner. Cependant, l&#8217;expression &#8220;cl\u00e9 en main&#8221; pr\u00eate souvent \u00e0 confusion, car la notion de maison enti\u00e8rement achev\u00e9e varie \u00e9norm\u00e9ment d&#8217;un fabricant \u00e0 l&#8217;autre. La principale raison pour laquelle les fabricants proposent une livraison cl\u00e9 en main est [&hellip;]<\/p>\n","protected":false},"author":194,"featured_media":40292,"parent":0,"menu_order":0,"comment_status":"closed","ping_status":"closed","template":"","meta":{"content-type":"","_FSMCFIC_featured_image_caption":"","_FSMCFIC_featured_image_nocaption":"","_FSMCFIC_featured_image_hide":"","footnotes":""},"class_list":["post-40996","page","type-page","status-publish","has-post-thumbnail","hentry"],"_wp_attached_file":null,"_wp_attachment_metadata":null,"_wp_attachment_backup_sizes":null,"siteground_optimizer_webp_conversion_attempts":null,"siteground_optimizer_is_converted_to_webp":null,"siteground_optimizer_optimization_attempts":null,"siteground_optimizer_optimization_failed":null,"wpml_media_processed":null,"_wp_attachment_image_alt":null,"siteground_optimizer_is_optimized":null,"siteground_optimizer_webp_conversion_failed":null,"_elementor_source_image_hash":null,"siteground_optimizer_compression_level":null,"_elementor_inline_svg":null,"_imagify_optimization_level":null,"_imagify_status":null,"_imagify_data":null,"siteground_optimizer_original_filesize":null,"wpse_external_file_url":null,"fave_currency":null,"fave_currency_info":null,"fave_property_id":null,"fave_property_map":null,"fave_property_location":null,"houzez_geolocation_lat":null,"houzez_geolocation_long":null,"fave_property_map_street_view":null,"fave_featured":null,"fave_loggedintoview":null,"fave_agent_display_option":null,"fave_prop_homeslider":null,"fave_single_top_area":null,"fave_single_content_area":null,"_yoast_wpseo_primary_property_type":null,"_yoast_wpseo_primary_property_feature":null,"_yoast_wpseo_primary_property_label":null,"_yoast_wpseo_primary_property_country":null,"houzez_manual_expire":null,"_houzez_expiration_date_status":null,"houzez_total_property_views":null,"houzez_views_by_date":null,"houzez_recently_viewed":null,"fave_property_price":null,"fave_property_price_prefix":null,"fave_property_size":null,"fave_property_bathrooms":null,"fave_property_garage":null,"fave_levels":null,"fave_roof-type":null,"fave_construction-type":null,"fave_video_url":null,"fave_video_image":null,"fave_payment_status":null,"fave_property_agency":null,"fave_countries":null,"fave_sleeps":null,"_yoast_wpseo_primary_property_status":null,"fave_property_images":null,"fave_attachments":null,"technical_description":null,"houzez_featured_listing_date":null,"fave_property_size_prefix":null,"fave_property_bedrooms":null,"fave_property_price_postfix":null,"fave_production-time-in-weeks":null,"fave_building-time-in-days":null,"fave_window-glazing":null,"_yoast_wpseo_primary_feature-2":null,"_yoast_wpseo_primary_feature-3":null,"fave_warranty-in-years":null,"fave_property_land":null,"fave_property_land_postfix":null,"wpsebeba57d406-00de-d339-8c02-3956a916f506":null,"_oembed_eefb35903900c5c166d55ccf7fc62a8a":null,"_oembed_30948e80c1a853da0b519e72c40d2e13":null,"_oembed_0b78a31d7c7e6041adc064d46c40f98b":null,"_oembed_42c2c13b5902a21593b1d521556aea88":null,"_oembed_4fb58e495f37e206f97738a42dbe566f":null,"_oembed_b2828bee61bd9076cd21ece641de7abc":null,"_oembed_0c92428c960763e658977ce4918863f4":null,"_oembed_02b72dc3d26bdba6ff900a268ade2517":null,"_oembed_8c819834f7fc0b74364aa34a8193f46f":null,"_oembed_088962b77808b37d57abe5c8143f9652":null,"_oembed_dfae0e674c59ba061a82b330fc7fdea0":null,"_oembed_74e5075f66c4cd04b0e118feb24f6636":null,"fave_mortgage_cal":null,"_air_wp_sync_record_id":null,"_air_wp_sync_hash":null,"_air_wp_sync_importer_id":null,"_air_wp_sync_updated_at":null,"external_listing_link":null,"fave_property_map_address":null,"fave_multi_units_ids":null,"$wpml_language$":null,"fave_virtual_tour":null,"fave_gross-external-area":null,"_houzez_expiration_date":null,"_houzez_expiration_date_options":null,"floor_plans":null,"_oembed_a17db82fa378d53b4dc6ed46e5344499":null,"_oembed_da390569a339f4d7147d95cfb8c04c12":null,"_oembed_6a3eda5947bcc098660397ca8e21a941":null,"fave_roof-angle":null,"fave_seo-content":null,"_oembed_a7b8941eeee966e7350aede20b4d62be":null,"_oembed_time_a7b8941eeee966e7350aede20b4d62be":null,"additional_features":null,"fave_multi_units":null,"_oembed_716f56b62500685a7dd15ea2ec7579bd":null,"_oembed_time_716f56b62500685a7dd15ea2ec7579bd":null,"_oembed_8ececd3dd2598a4aedb5dfc82df2a0f6":null,"_oembed_time_8ececd3dd2598a4aedb5dfc82df2a0f6":null,"_oembed_4cef7884ea6ef16d48cd8675b12e440d":null,"fave_property_garage_size":null,"_oembed_5c1eaf7b40f4e3a3089b38beb88ba480":null,"fave_property_zip":null,"_oembed_ccdd6e0304386ece64b3b91f572b0be4":null,"_oembed_ae30d19e3e861b389146a1ccc2828104":null,"fave_property_rooms":null,"fave_property_year":null,"two_page_speed":null,"fave_year_established":null,"Status":null,"_oembed_5b2d8d2cf33b469c98e488ea5b118c30":null,"WPML Language Code":null,"_links":{"self":[{"href":"https:\/\/staging.spassio.com\/fr\/wp-json\/wp\/v2\/pages\/40996","targetHints":{"allow":["GET"]}}],"collection":[{"href":"https:\/\/staging.spassio.com\/fr\/wp-json\/wp\/v2\/pages"}],"about":[{"href":"https:\/\/staging.spassio.com\/fr\/wp-json\/wp\/v2\/types\/page"}],"author":[{"embeddable":true,"href":"https:\/\/staging.spassio.com\/fr\/wp-json\/wp\/v2\/users\/194"}],"replies":[{"embeddable":true,"href":"https:\/\/staging.spassio.com\/fr\/wp-json\/wp\/v2\/comments?post=40996"}],"version-history":[{"count":0,"href":"https:\/\/staging.spassio.com\/fr\/wp-json\/wp\/v2\/pages\/40996\/revisions"}],"wp:featuredmedia":[{"embeddable":true,"href":"https:\/\/staging.spassio.com\/fr\/wp-json\/wp\/v2\/media\/40292"}],"wp:attachment":[{"href":"https:\/\/staging.spassio.com\/fr\/wp-json\/wp\/v2\/media?parent=40996"}],"curies":[{"name":"wp","href":"https:\/\/api.w.org\/{rel}","templated":true}]}}