{"id":40998,"date":"2023-01-10T18:13:09","date_gmt":"2023-01-10T17:13:09","guid":{"rendered":"https:\/\/staging.spassio.com\/a-propos-de\/"},"modified":"2024-01-12T15:18:18","modified_gmt":"2024-01-12T14:18:18","slug":"questions-frequentes","status":"publish","type":"page","link":"https:\/\/staging.spassio.com\/fr\/questions-frequentes\/","title":{"rendered":"Questions fr\u00e9quemment pos\u00e9es"},"content":{"rendered":"\t\t<div data-elementor-type=\"wp-page\" data-elementor-id=\"40998\" class=\"elementor elementor-40998 elementor-33021\" data-elementor-post-type=\"page\">\n\t\t\t\t\t\t<section class=\"elementor-section elementor-top-section elementor-element elementor-element-3ab61b71 elementor-section-content-middle elementor-section-boxed elementor-section-height-default elementor-section-height-default exad-glass-effect-no exad-sticky-section-no\" data-id=\"3ab61b71\" data-element_type=\"section\">\n\t\t\t\t\t\t<div class=\"elementor-container elementor-column-gap-no\">\n\t\t\t\t\t<div class=\"elementor-column elementor-col-100 elementor-top-column elementor-element elementor-element-3c5af711 exad-glass-effect-no exad-sticky-section-no\" data-id=\"3c5af711\" data-element_type=\"column\">\n\t\t\t<div class=\"elementor-widget-wrap elementor-element-populated\">\n\t\t\t\t\t\t<div class=\"elementor-element elementor-element-1a671b5d elementor-widget__width-inherit exad-sticky-section-no exad-glass-effect-no elementor-widget elementor-widget-toggle\" data-id=\"1a671b5d\" data-element_type=\"widget\" data-widget_type=\"toggle.default\">\n\t\t\t\t<div class=\"elementor-widget-container\">\n\t\t\t\t\t\t\t<div class=\"elementor-toggle\">\n\t\t\t\t\t\t\t<div class=\"elementor-toggle-item\">\n\t\t\t\t\t<div id=\"elementor-tab-title-4421\" class=\"elementor-tab-title\" data-tab=\"1\" role=\"button\" aria-controls=\"elementor-tab-content-4421\" aria-expanded=\"false\">\n\t\t\t\t\t\t\t\t\t\t\t\t<span class=\"elementor-toggle-icon elementor-toggle-icon-right\" aria-hidden=\"true\">\n\t\t\t\t\t\t\t\t\t\t\t\t\t\t\t<span class=\"elementor-toggle-icon-closed\"><i class=\"fas fa-caret-right\"><\/i><\/span>\n\t\t\t\t\t\t\t\t<span class=\"elementor-toggle-icon-opened\"><i class=\"elementor-toggle-icon-opened fas fa-caret-up\"><\/i><\/span>\n\t\t\t\t\t\t\t\t\t\t\t\t\t<\/span>\n\t\t\t\t\t\t\t\t\t\t\t\t<a class=\"elementor-toggle-title\" tabindex=\"0\">Qu'est-ce que Spassio ?<\/a>\n\t\t\t\t\t<\/div>\n\n\t\t\t\t\t<div id=\"elementor-tab-content-4421\" class=\"elementor-tab-content elementor-clearfix\" data-tab=\"1\" role=\"region\" aria-labelledby=\"elementor-tab-title-4421\"><p>Spassio est un portail en ligne qui met en relation les acheteurs et les <a href=\"https:\/\/staging.spassio.com\/manufacturers\/\">fabricants de maisons pr\u00e9fabriqu\u00e9es<\/a> en Europe. Nous ne produisons pas nous-m\u00eames de maisons pr\u00e9fabriqu\u00e9es. Nous fournissons une plateforme permettant aux utilisateurs de comparer facilement diff\u00e9rents mod\u00e8les et fabricants.<\/p>\n<\/div>\n\t\t\t\t<\/div>\n\t\t\t\t\t\t\t<div class=\"elementor-toggle-item\">\n\t\t\t\t\t<div id=\"elementor-tab-title-4422\" class=\"elementor-tab-title\" data-tab=\"2\" role=\"button\" aria-controls=\"elementor-tab-content-4422\" aria-expanded=\"false\">\n\t\t\t\t\t\t\t\t\t\t\t\t<span class=\"elementor-toggle-icon elementor-toggle-icon-right\" aria-hidden=\"true\">\n\t\t\t\t\t\t\t\t\t\t\t\t\t\t\t<span class=\"elementor-toggle-icon-closed\"><i class=\"fas fa-caret-right\"><\/i><\/span>\n\t\t\t\t\t\t\t\t<span class=\"elementor-toggle-icon-opened\"><i class=\"elementor-toggle-icon-opened fas fa-caret-up\"><\/i><\/span>\n\t\t\t\t\t\t\t\t\t\t\t\t\t<\/span>\n\t\t\t\t\t\t\t\t\t\t\t\t<a class=\"elementor-toggle-title\" tabindex=\"0\">Qui peut utiliser Spassio ?<\/a>\n\t\t\t\t\t<\/div>\n\n\t\t\t\t\t<div id=\"elementor-tab-content-4422\" class=\"elementor-tab-content elementor-clearfix\" data-tab=\"2\" role=\"region\" aria-labelledby=\"elementor-tab-title-4422\"><p>Le portail en ligne Spassio permet \u00e0 toute personne int\u00e9ress\u00e9e par l&#8217;achat d&#8217;une maison pr\u00e9fabriqu\u00e9e. Commencer leurs recherches pour trouver un fabricant qui r\u00e9ponde \u00e0 leurs besoins.<\/p>\n<\/div>\n\t\t\t\t<\/div>\n\t\t\t\t\t\t\t<div class=\"elementor-toggle-item\">\n\t\t\t\t\t<div id=\"elementor-tab-title-4423\" class=\"elementor-tab-title\" data-tab=\"3\" role=\"button\" aria-controls=\"elementor-tab-content-4423\" aria-expanded=\"false\">\n\t\t\t\t\t\t\t\t\t\t\t\t<span class=\"elementor-toggle-icon elementor-toggle-icon-right\" aria-hidden=\"true\">\n\t\t\t\t\t\t\t\t\t\t\t\t\t\t\t<span class=\"elementor-toggle-icon-closed\"><i class=\"fas fa-caret-right\"><\/i><\/span>\n\t\t\t\t\t\t\t\t<span class=\"elementor-toggle-icon-opened\"><i class=\"elementor-toggle-icon-opened fas fa-caret-up\"><\/i><\/span>\n\t\t\t\t\t\t\t\t\t\t\t\t\t<\/span>\n\t\t\t\t\t\t\t\t\t\t\t\t<a class=\"elementor-toggle-title\" tabindex=\"0\">Spassio ne travaille-t-il qu'avec des fabricants europ\u00e9ens ?<\/a>\n\t\t\t\t\t<\/div>\n\n\t\t\t\t\t<div id=\"elementor-tab-content-4423\" class=\"elementor-tab-content elementor-clearfix\" data-tab=\"3\" role=\"region\" aria-labelledby=\"elementor-tab-title-4423\"><p>Oui, actuellement Spassio ne travaille qu&#8217;avec des fabricants de pr\u00e9fabriqu\u00e9s bas\u00e9s en Europe.<\/p>\n<\/div>\n\t\t\t\t<\/div>\n\t\t\t\t\t\t\t<div class=\"elementor-toggle-item\">\n\t\t\t\t\t<div id=\"elementor-tab-title-4424\" class=\"elementor-tab-title\" data-tab=\"4\" role=\"button\" aria-controls=\"elementor-tab-content-4424\" aria-expanded=\"false\">\n\t\t\t\t\t\t\t\t\t\t\t\t<span class=\"elementor-toggle-icon elementor-toggle-icon-right\" aria-hidden=\"true\">\n\t\t\t\t\t\t\t\t\t\t\t\t\t\t\t<span class=\"elementor-toggle-icon-closed\"><i class=\"fas fa-caret-right\"><\/i><\/span>\n\t\t\t\t\t\t\t\t<span class=\"elementor-toggle-icon-opened\"><i class=\"elementor-toggle-icon-opened fas fa-caret-up\"><\/i><\/span>\n\t\t\t\t\t\t\t\t\t\t\t\t\t<\/span>\n\t\t\t\t\t\t\t\t\t\t\t\t<a class=\"elementor-toggle-title\" tabindex=\"0\">Puis-je acheter une maison pr\u00e9fabriqu\u00e9e aupr\u00e8s d'un fabricant sur Spassio et la faire livrer en dehors de l'Europe ?<\/a>\n\t\t\t\t\t<\/div>\n\n\t\t\t\t\t<div id=\"elementor-tab-content-4424\" class=\"elementor-tab-content elementor-clearfix\" data-tab=\"4\" role=\"region\" aria-labelledby=\"elementor-tab-title-4424\"><p>Certains fabricants pr\u00e9sents sur Spassio peuvent \u00eatre en mesure de livrer leurs maisons en dehors de l&#8217;Europe. Mais cela doit \u00eatre confirm\u00e9 par le fabricant.<\/p>\n<\/div>\n\t\t\t\t<\/div>\n\t\t\t\t\t\t\t<div class=\"elementor-toggle-item\">\n\t\t\t\t\t<div id=\"elementor-tab-title-4425\" class=\"elementor-tab-title\" data-tab=\"5\" role=\"button\" aria-controls=\"elementor-tab-content-4425\" aria-expanded=\"false\">\n\t\t\t\t\t\t\t\t\t\t\t\t<span class=\"elementor-toggle-icon elementor-toggle-icon-right\" aria-hidden=\"true\">\n\t\t\t\t\t\t\t\t\t\t\t\t\t\t\t<span class=\"elementor-toggle-icon-closed\"><i class=\"fas fa-caret-right\"><\/i><\/span>\n\t\t\t\t\t\t\t\t<span class=\"elementor-toggle-icon-opened\"><i class=\"elementor-toggle-icon-opened fas fa-caret-up\"><\/i><\/span>\n\t\t\t\t\t\t\t\t\t\t\t\t\t<\/span>\n\t\t\t\t\t\t\t\t\t\t\t\t<a class=\"elementor-toggle-title\" tabindex=\"0\">Quels sont les types de maisons pr\u00e9fabriqu\u00e9es disponibles sur Spassio ?<\/a>\n\t\t\t\t\t<\/div>\n\n\t\t\t\t\t<div id=\"elementor-tab-content-4425\" class=\"elementor-tab-content elementor-clearfix\" data-tab=\"5\" role=\"region\" aria-labelledby=\"elementor-tab-title-4425\"><p>Spassio travaille avec diff\u00e9rents fabricants qui proposent diff\u00e9rents types et mod\u00e8les de maisons pr\u00e9fabriqu\u00e9es. Cela comprend les <a href=\"https:\/\/staging.spassio.com\/categories\/tiny-houses\/\">petites maisons<\/a>, les cabanes, les <a href=\"https:\/\/staging.spassio.com\/categories\/modular-houses\/\">maisons<\/a> \u00e0 <a href=\"https:\/\/staging.spassio.com\/categories\/panel-built-houses\/\">panneaux<\/a>, les <a href=\"https:\/\/staging.spassio.com\/categories\/modular-houses\/\">maisons<\/a> en bois et les <a href=\"https:\/\/staging.spassio.com\/categories\/modular-houses\/\">maisons modulaires<\/a>. Il existe un large \u00e9ventail d&#8217;options pour r\u00e9pondre aux diff\u00e9rents besoins et budgets.<\/p>\n<\/div>\n\t\t\t\t<\/div>\n\t\t\t\t\t\t\t<div class=\"elementor-toggle-item\">\n\t\t\t\t\t<div id=\"elementor-tab-title-4426\" class=\"elementor-tab-title\" data-tab=\"6\" role=\"button\" aria-controls=\"elementor-tab-content-4426\" aria-expanded=\"false\">\n\t\t\t\t\t\t\t\t\t\t\t\t<span class=\"elementor-toggle-icon elementor-toggle-icon-right\" aria-hidden=\"true\">\n\t\t\t\t\t\t\t\t\t\t\t\t\t\t\t<span class=\"elementor-toggle-icon-closed\"><i class=\"fas fa-caret-right\"><\/i><\/span>\n\t\t\t\t\t\t\t\t<span class=\"elementor-toggle-icon-opened\"><i class=\"elementor-toggle-icon-opened fas fa-caret-up\"><\/i><\/span>\n\t\t\t\t\t\t\t\t\t\t\t\t\t<\/span>\n\t\t\t\t\t\t\t\t\t\t\t\t<a class=\"elementor-toggle-title\" tabindex=\"0\">Quelles informations puis-je trouver sur Spassio ?<\/a>\n\t\t\t\t\t<\/div>\n\n\t\t\t\t\t<div id=\"elementor-tab-content-4426\" class=\"elementor-tab-content elementor-clearfix\" data-tab=\"6\" role=\"region\" aria-labelledby=\"elementor-tab-title-4426\"><p>Spassio fournit des informations d\u00e9taill\u00e9es sur les diff\u00e9rents mod\u00e8les et fabricants de maisons pr\u00e9fabriqu\u00e9es. Elle comprend des plans d&#8217;\u00e9tage, des images, des prix et des sp\u00e9cifications. Vous pouvez \u00e9galement trouver des avis et des \u00e9valuations d&#8217;autres utilisateurs pour vous aider \u00e0 prendre une d\u00e9cision en connaissance de cause.<\/p>\n<\/div>\n\t\t\t\t<\/div>\n\t\t\t\t\t\t\t<div class=\"elementor-toggle-item\">\n\t\t\t\t\t<div id=\"elementor-tab-title-4427\" class=\"elementor-tab-title\" data-tab=\"7\" role=\"button\" aria-controls=\"elementor-tab-content-4427\" aria-expanded=\"false\">\n\t\t\t\t\t\t\t\t\t\t\t\t<span class=\"elementor-toggle-icon elementor-toggle-icon-right\" aria-hidden=\"true\">\n\t\t\t\t\t\t\t\t\t\t\t\t\t\t\t<span class=\"elementor-toggle-icon-closed\"><i class=\"fas fa-caret-right\"><\/i><\/span>\n\t\t\t\t\t\t\t\t<span class=\"elementor-toggle-icon-opened\"><i class=\"elementor-toggle-icon-opened fas fa-caret-up\"><\/i><\/span>\n\t\t\t\t\t\t\t\t\t\t\t\t\t<\/span>\n\t\t\t\t\t\t\t\t\t\t\t\t<a class=\"elementor-toggle-title\" tabindex=\"0\">Comment acheter une maison pr\u00e9fabriqu\u00e9e par l'interm\u00e9diaire de Spassio ?<\/a>\n\t\t\t\t\t<\/div>\n\n\t\t\t\t\t<div id=\"elementor-tab-content-4427\" class=\"elementor-tab-content elementor-clearfix\" data-tab=\"7\" role=\"region\" aria-labelledby=\"elementor-tab-title-4427\"><p>Une fois que vous avez recherch\u00e9 et compar\u00e9 diff\u00e9rentes options sur Spassio. Contactez le fabricant pour entamer le processus d&#8217;achat. Spassio ne facilite pas la vente de logements. Nous mettons en relation les acheteurs int\u00e9ress\u00e9s et les fabricants.<\/p>\n<\/div>\n\t\t\t\t<\/div>\n\t\t\t\t\t\t\t<div class=\"elementor-toggle-item\">\n\t\t\t\t\t<div id=\"elementor-tab-title-4428\" class=\"elementor-tab-title\" data-tab=\"8\" role=\"button\" aria-controls=\"elementor-tab-content-4428\" aria-expanded=\"false\">\n\t\t\t\t\t\t\t\t\t\t\t\t<span class=\"elementor-toggle-icon elementor-toggle-icon-right\" aria-hidden=\"true\">\n\t\t\t\t\t\t\t\t\t\t\t\t\t\t\t<span class=\"elementor-toggle-icon-closed\"><i class=\"fas fa-caret-right\"><\/i><\/span>\n\t\t\t\t\t\t\t\t<span class=\"elementor-toggle-icon-opened\"><i class=\"elementor-toggle-icon-opened fas fa-caret-up\"><\/i><\/span>\n\t\t\t\t\t\t\t\t\t\t\t\t\t<\/span>\n\t\t\t\t\t\t\t\t\t\t\t\t<a class=\"elementor-toggle-title\" tabindex=\"0\">Les prix sur Spassio sont-ils n\u00e9gociables ?<\/a>\n\t\t\t\t\t<\/div>\n\n\t\t\t\t\t<div id=\"elementor-tab-content-4428\" class=\"elementor-tab-content elementor-clearfix\" data-tab=\"8\" role=\"region\" aria-labelledby=\"elementor-tab-title-4428\"><p>Les prix indiqu\u00e9s sur Spassio sont fournis par les fabricants. Les prix ne sont pas n\u00e9gociables par l&#8217;interm\u00e9diaire de Spassio. Toutefois, vous pouvez discuter du prix avec le fabricant.<\/p>\n<\/div>\n\t\t\t\t<\/div>\n\t\t\t\t\t\t\t<div class=\"elementor-toggle-item\">\n\t\t\t\t\t<div id=\"elementor-tab-title-4429\" class=\"elementor-tab-title\" data-tab=\"9\" role=\"button\" aria-controls=\"elementor-tab-content-4429\" aria-expanded=\"false\">\n\t\t\t\t\t\t\t\t\t\t\t\t<span class=\"elementor-toggle-icon elementor-toggle-icon-right\" aria-hidden=\"true\">\n\t\t\t\t\t\t\t\t\t\t\t\t\t\t\t<span class=\"elementor-toggle-icon-closed\"><i class=\"fas fa-caret-right\"><\/i><\/span>\n\t\t\t\t\t\t\t\t<span class=\"elementor-toggle-icon-opened\"><i class=\"elementor-toggle-icon-opened fas fa-caret-up\"><\/i><\/span>\n\t\t\t\t\t\t\t\t\t\t\t\t\t<\/span>\n\t\t\t\t\t\t\t\t\t\t\t\t<a class=\"elementor-toggle-title\" tabindex=\"0\">Existe-t-il une garantie sur les maisons pr\u00e9fabriqu\u00e9es des fabricants de Spassio ?<\/a>\n\t\t\t\t\t<\/div>\n\n\t\t\t\t\t<div id=\"elementor-tab-content-4429\" class=\"elementor-tab-content elementor-clearfix\" data-tab=\"9\" role=\"region\" aria-labelledby=\"elementor-tab-title-4429\"><p>Les fabricants fournissent la garantie sur les <a href=\"\/\">maisons pr\u00e9fabriqu\u00e9es<\/a>. Renseignez-vous aupr\u00e8s du fabricant pour obtenir plus d&#8217;informations sur ses politiques ou ses garanties.<\/p>\n<\/div>\n\t\t\t\t<\/div>\n\t\t\t\t\t\t\t<div class=\"elementor-toggle-item\">\n\t\t\t\t\t<div id=\"elementor-tab-title-44210\" class=\"elementor-tab-title\" data-tab=\"10\" role=\"button\" aria-controls=\"elementor-tab-content-44210\" aria-expanded=\"false\">\n\t\t\t\t\t\t\t\t\t\t\t\t<span class=\"elementor-toggle-icon elementor-toggle-icon-right\" aria-hidden=\"true\">\n\t\t\t\t\t\t\t\t\t\t\t\t\t\t\t<span class=\"elementor-toggle-icon-closed\"><i class=\"fas fa-caret-right\"><\/i><\/span>\n\t\t\t\t\t\t\t\t<span class=\"elementor-toggle-icon-opened\"><i class=\"elementor-toggle-icon-opened fas fa-caret-up\"><\/i><\/span>\n\t\t\t\t\t\t\t\t\t\t\t\t\t<\/span>\n\t\t\t\t\t\t\t\t\t\t\t\t<a class=\"elementor-toggle-title\" tabindex=\"0\">Je suis un fabricant de pr\u00e9fabriqu\u00e9s, comment puis-je faire de la publicit\u00e9 sur votre plateforme ?<\/a>\n\t\t\t\t\t<\/div>\n\n\t\t\t\t\t<div id=\"elementor-tab-content-44210\" class=\"elementor-tab-content elementor-clearfix\" data-tab=\"10\" role=\"region\" aria-labelledby=\"elementor-tab-title-44210\"><p>Si vous souhaitez annoncer vos mod\u00e8les pr\u00e9fabriqu\u00e9s sur Spassio.com, veuillez nous envoyer un e-mail \u00e0 <a href=\"mailto:in**@*****io.com\" data-original-string=\"8NmVvzkyYabhTEyuU0MtdQ==df9ghr8OgwDYvyGTQ6rWVdJVIF53rOsjzcbfe3Ar7a+5vY=\" title=\"This contact has been encoded by Anti-Spam by CleanTalk. Click to decode. To finish the decoding make sure that JavaScript is enabled in your browser.\" target=\"_new\"><span \n                data-original-string='cnoPO7g3e3bdlE5LJUEymA==df9lxetyKJlHA61qbtpAo2F42QrG0QM4J8sJ647ZdhydrM='\n                class='apbct-email-encoder'\n                title='This contact has been encoded by Anti-Spam by CleanTalk. Click to decode. To finish the decoding make sure that JavaScript is enabled in your browser.'>in<span class=\"apbct-blur\">**<\/span>@<span class=\"apbct-blur\">*****<\/span>io.com<\/span><\/a> pour discuter de vos options.<\/p>\n<\/div>\n\t\t\t\t<\/div>\n\t\t\t\t\t\t\t\t\t\t<script type=\"application\/ld+json\">{\"@context\":\"https:\\\/\\\/schema.org\",\"@type\":\"FAQPage\",\"mainEntity\":[{\"@type\":\"Question\",\"name\":\"Qu'est-ce que Spassio ?\",\"acceptedAnswer\":{\"@type\":\"Answer\",\"text\":\"<p>Spassio est un portail en ligne qui met en relation les acheteurs et les <a href=\\\"https:\\\/\\\/staging.spassio.com\\\/manufacturers\\\/\\\">fabricants de maisons pr\\u00e9fabriqu\\u00e9es<\\\/a> en Europe. Nous ne produisons pas nous-m\\u00eames de maisons pr\\u00e9fabriqu\\u00e9es. Nous fournissons une plateforme permettant aux utilisateurs de comparer facilement diff\\u00e9rents mod\\u00e8les et fabricants.<\\\/p>\\n\"}},{\"@type\":\"Question\",\"name\":\"Qui peut utiliser Spassio ?\",\"acceptedAnswer\":{\"@type\":\"Answer\",\"text\":\"<p>Le portail en ligne Spassio permet \\u00e0 toute personne int\\u00e9ress\\u00e9e par l&#8217;achat d&#8217;une maison pr\\u00e9fabriqu\\u00e9e. Commencer leurs recherches pour trouver un fabricant qui r\\u00e9ponde \\u00e0 leurs besoins.<\\\/p>\\n\"}},{\"@type\":\"Question\",\"name\":\"Spassio ne travaille-t-il qu'avec des fabricants europ\\u00e9ens ?\",\"acceptedAnswer\":{\"@type\":\"Answer\",\"text\":\"<p>Oui, actuellement Spassio ne travaille qu&#8217;avec des fabricants de pr\\u00e9fabriqu\\u00e9s bas\\u00e9s en Europe.<\\\/p>\\n\"}},{\"@type\":\"Question\",\"name\":\"Puis-je acheter une maison pr\\u00e9fabriqu\\u00e9e aupr\\u00e8s d'un fabricant sur Spassio et la faire livrer en dehors de l'Europe ?\",\"acceptedAnswer\":{\"@type\":\"Answer\",\"text\":\"<p>Certains fabricants pr\\u00e9sents sur Spassio peuvent \\u00eatre en mesure de livrer leurs maisons en dehors de l&#8217;Europe. Mais cela doit \\u00eatre confirm\\u00e9 par le fabricant.<\\\/p>\\n\"}},{\"@type\":\"Question\",\"name\":\"Quels sont les types de maisons pr\\u00e9fabriqu\\u00e9es disponibles sur Spassio ?\",\"acceptedAnswer\":{\"@type\":\"Answer\",\"text\":\"<p>Spassio travaille avec diff\\u00e9rents fabricants qui proposent diff\\u00e9rents types et mod\\u00e8les de maisons pr\\u00e9fabriqu\\u00e9es. Cela comprend les <a href=\\\"https:\\\/\\\/staging.spassio.com\\\/categories\\\/tiny-houses\\\/\\\">petites maisons<\\\/a>, les cabanes, les <a href=\\\"https:\\\/\\\/staging.spassio.com\\\/categories\\\/modular-houses\\\/\\\">maisons<\\\/a> \\u00e0 <a href=\\\"https:\\\/\\\/staging.spassio.com\\\/categories\\\/panel-built-houses\\\/\\\">panneaux<\\\/a>, les <a href=\\\"https:\\\/\\\/staging.spassio.com\\\/categories\\\/modular-houses\\\/\\\">maisons<\\\/a> en bois et les <a href=\\\"https:\\\/\\\/staging.spassio.com\\\/categories\\\/modular-houses\\\/\\\">maisons modulaires<\\\/a>. Il existe un large \\u00e9ventail d&#8217;options pour r\\u00e9pondre aux diff\\u00e9rents besoins et budgets.<\\\/p>\\n\"}},{\"@type\":\"Question\",\"name\":\"Quelles informations puis-je trouver sur Spassio ?\",\"acceptedAnswer\":{\"@type\":\"Answer\",\"text\":\"<p>Spassio fournit des informations d\\u00e9taill\\u00e9es sur les diff\\u00e9rents mod\\u00e8les et fabricants de maisons pr\\u00e9fabriqu\\u00e9es. Elle comprend des plans d&#8217;\\u00e9tage, des images, des prix et des sp\\u00e9cifications. Vous pouvez \\u00e9galement trouver des avis et des \\u00e9valuations d&#8217;autres utilisateurs pour vous aider \\u00e0 prendre une d\\u00e9cision en connaissance de cause.<\\\/p>\\n\"}},{\"@type\":\"Question\",\"name\":\"Comment acheter une maison pr\\u00e9fabriqu\\u00e9e par l'interm\\u00e9diaire de Spassio ?\",\"acceptedAnswer\":{\"@type\":\"Answer\",\"text\":\"<p>Une fois que vous avez recherch\\u00e9 et compar\\u00e9 diff\\u00e9rentes options sur Spassio. Contactez le fabricant pour entamer le processus d&#8217;achat. Spassio ne facilite pas la vente de logements. Nous mettons en relation les acheteurs int\\u00e9ress\\u00e9s et les fabricants.<\\\/p>\\n\"}},{\"@type\":\"Question\",\"name\":\"Les prix sur Spassio sont-ils n\\u00e9gociables ?\",\"acceptedAnswer\":{\"@type\":\"Answer\",\"text\":\"<p>Les prix indiqu\\u00e9s sur Spassio sont fournis par les fabricants. Les prix ne sont pas n\\u00e9gociables par l&#8217;interm\\u00e9diaire de Spassio. Toutefois, vous pouvez discuter du prix avec le fabricant.<\\\/p>\\n\"}},{\"@type\":\"Question\",\"name\":\"Existe-t-il une garantie sur les maisons pr\\u00e9fabriqu\\u00e9es des fabricants de Spassio ?\",\"acceptedAnswer\":{\"@type\":\"Answer\",\"text\":\"<p>Les fabricants fournissent la garantie sur les <a href=\\\"\\\/\\\">maisons pr\\u00e9fabriqu\\u00e9es<\\\/a>. Renseignez-vous aupr\\u00e8s du fabricant pour obtenir plus d&#8217;informations sur ses politiques ou ses garanties.<\\\/p>\\n\"}},{\"@type\":\"Question\",\"name\":\"Je suis un fabricant de pr\\u00e9fabriqu\\u00e9s, comment puis-je faire de la publicit\\u00e9 sur votre plateforme ?\",\"acceptedAnswer\":{\"@type\":\"Answer\",\"text\":\"<p>Si vous souhaitez annoncer vos mod\\u00e8les pr\\u00e9fabriqu\\u00e9s sur Spassio.com, veuillez nous envoyer un e-mail \\u00e0 <a href=\\\"mailto:in**@*****io.com\\\" data-original-string=\\\"vcB67uzTYRFLn4J\\\/7sHMXg==df9\\\/NQoPG3U+Tm5E2WkENHVCrWYz6zftBEB0PY0JaHp0jY=\\\" title=\\\"This contact has been encoded by Anti-Spam by CleanTalk. Click to decode. To finish the decoding make sure that JavaScript is enabled in your browser.\\\" target=\\\"_new\\\"><span \\n                data-original-string='ljm59NrIX8Ah9c4zOrN4ag==df9ySnpjb35Bczh6+e+GzX5DOaWEvsyeMPcDnYDXyfudB0='\\n                class='apbct-email-encoder'\\n                title='This contact has been encoded by Anti-Spam by CleanTalk. Click to decode. To finish the decoding make sure that JavaScript is enabled in your browser.'>in<span class=\\\"apbct-blur\\\">**<\\\/span>@<span class=\\\"apbct-blur\\\">*****<\\\/span>io.com<\\\/span><\\\/a> pour discuter de vos options.<\\\/p>\\n\"}}]}<\/script>\n\t\t\t\t\t<\/div>\n\t\t\t\t\t\t<\/div>\n\t\t\t\t<\/div>\n\t\t\t\t\t<\/div>\n\t\t<\/div>\n\t\t\t\t\t<\/div>\n\t\t<\/section>\n\t\t\t\t<\/div>\n\t\t","protected":false},"excerpt":{"rendered":"<p>Qu&#8217;est-ce que Spassio ?Spassio est un portail en ligne qui met en relation les acheteurs et les fabricants de maisons pr\u00e9fabriqu\u00e9es en Europe. Nous ne produisons pas nous-m\u00eames de maisons pr\u00e9fabriqu\u00e9es. Nous fournissons une plateforme permettant aux utilisateurs de comparer facilement diff\u00e9rents mod\u00e8les et fabricants. Qui peut utiliser Spassio ?Le portail en ligne Spassio permet [&hellip;]<\/p>\n","protected":false},"author":45,"featured_media":0,"parent":0,"menu_order":0,"comment_status":"closed","ping_status":"closed","template":"template\/template-page.php","meta":{"content-type":"","_FSMCFIC_featured_image_caption":"","_FSMCFIC_featured_image_nocaption":"","_FSMCFIC_featured_image_hide":"","footnotes":""},"class_list":["post-40998","page","type-page","status-publish","hentry"],"_wp_attached_file":null,"_wp_attachment_metadata":null,"_wp_attachment_backup_sizes":null,"siteground_optimizer_webp_conversion_attempts":null,"siteground_optimizer_is_converted_to_webp":null,"siteground_optimizer_optimization_attempts":null,"siteground_optimizer_optimization_failed":null,"wpml_media_processed":null,"_wp_attachment_image_alt":null,"siteground_optimizer_is_optimized":null,"siteground_optimizer_webp_conversion_failed":null,"_elementor_source_image_hash":null,"siteground_optimizer_compression_level":null,"_elementor_inline_svg":null,"_imagify_optimization_level":null,"_imagify_status":null,"_imagify_data":null,"siteground_optimizer_original_filesize":null,"wpse_external_file_url":null,"fave_currency":null,"fave_currency_info":null,"fave_property_id":null,"fave_property_map":null,"fave_property_location":null,"houzez_geolocation_lat":null,"houzez_geolocation_long":null,"fave_property_map_street_view":null,"fave_featured":null,"fave_loggedintoview":null,"fave_agent_display_option":null,"fave_prop_homeslider":null,"fave_single_top_area":null,"fave_single_content_area":null,"_yoast_wpseo_primary_property_type":null,"_yoast_wpseo_primary_property_feature":null,"_yoast_wpseo_primary_property_label":null,"_yoast_wpseo_primary_property_country":null,"houzez_manual_expire":null,"_houzez_expiration_date_status":null,"houzez_total_property_views":null,"houzez_views_by_date":null,"houzez_recently_viewed":null,"fave_property_price":null,"fave_property_price_prefix":null,"fave_property_size":null,"fave_property_bathrooms":null,"fave_property_garage":null,"fave_levels":null,"fave_roof-type":null,"fave_construction-type":null,"fave_video_url":null,"fave_video_image":null,"fave_payment_status":null,"fave_property_agency":null,"fave_countries":null,"fave_sleeps":null,"_yoast_wpseo_primary_property_status":null,"fave_property_images":null,"fave_attachments":null,"technical_description":null,"houzez_featured_listing_date":null,"fave_property_size_prefix":null,"fave_property_bedrooms":null,"fave_property_price_postfix":null,"fave_production-time-in-weeks":null,"fave_building-time-in-days":null,"fave_window-glazing":null,"_yoast_wpseo_primary_feature-2":null,"_yoast_wpseo_primary_feature-3":null,"fave_warranty-in-years":null,"fave_property_land":null,"fave_property_land_postfix":null,"wpsebeba57d406-00de-d339-8c02-3956a916f506":null,"_oembed_eefb35903900c5c166d55ccf7fc62a8a":null,"_oembed_30948e80c1a853da0b519e72c40d2e13":null,"_oembed_0b78a31d7c7e6041adc064d46c40f98b":null,"_oembed_42c2c13b5902a21593b1d521556aea88":null,"_oembed_4fb58e495f37e206f97738a42dbe566f":null,"_oembed_b2828bee61bd9076cd21ece641de7abc":null,"_oembed_0c92428c960763e658977ce4918863f4":null,"_oembed_02b72dc3d26bdba6ff900a268ade2517":null,"_oembed_8c819834f7fc0b74364aa34a8193f46f":null,"_oembed_088962b77808b37d57abe5c8143f9652":null,"_oembed_dfae0e674c59ba061a82b330fc7fdea0":null,"_oembed_74e5075f66c4cd04b0e118feb24f6636":null,"fave_mortgage_cal":null,"_air_wp_sync_record_id":null,"_air_wp_sync_hash":null,"_air_wp_sync_importer_id":null,"_air_wp_sync_updated_at":null,"external_listing_link":null,"fave_property_map_address":null,"fave_multi_units_ids":null,"$wpml_language$":null,"fave_virtual_tour":null,"fave_gross-external-area":null,"_houzez_expiration_date":null,"_houzez_expiration_date_options":null,"floor_plans":null,"_oembed_a17db82fa378d53b4dc6ed46e5344499":null,"_oembed_da390569a339f4d7147d95cfb8c04c12":null,"_oembed_6a3eda5947bcc098660397ca8e21a941":null,"fave_roof-angle":null,"fave_seo-content":null,"_oembed_a7b8941eeee966e7350aede20b4d62be":null,"_oembed_time_a7b8941eeee966e7350aede20b4d62be":null,"additional_features":null,"fave_multi_units":null,"_oembed_716f56b62500685a7dd15ea2ec7579bd":null,"_oembed_time_716f56b62500685a7dd15ea2ec7579bd":null,"_oembed_8ececd3dd2598a4aedb5dfc82df2a0f6":null,"_oembed_time_8ececd3dd2598a4aedb5dfc82df2a0f6":null,"_oembed_4cef7884ea6ef16d48cd8675b12e440d":null,"fave_property_garage_size":null,"_oembed_5c1eaf7b40f4e3a3089b38beb88ba480":null,"fave_property_zip":null,"_oembed_ccdd6e0304386ece64b3b91f572b0be4":null,"_oembed_ae30d19e3e861b389146a1ccc2828104":null,"fave_property_rooms":null,"fave_property_year":null,"two_page_speed":null,"fave_year_established":null,"Status":null,"_oembed_5b2d8d2cf33b469c98e488ea5b118c30":null,"WPML Language Code":null,"_links":{"self":[{"href":"https:\/\/staging.spassio.com\/fr\/wp-json\/wp\/v2\/pages\/40998","targetHints":{"allow":["GET"]}}],"collection":[{"href":"https:\/\/staging.spassio.com\/fr\/wp-json\/wp\/v2\/pages"}],"about":[{"href":"https:\/\/staging.spassio.com\/fr\/wp-json\/wp\/v2\/types\/page"}],"author":[{"embeddable":true,"href":"https:\/\/staging.spassio.com\/fr\/wp-json\/wp\/v2\/users\/45"}],"replies":[{"embeddable":true,"href":"https:\/\/staging.spassio.com\/fr\/wp-json\/wp\/v2\/comments?post=40998"}],"version-history":[{"count":0,"href":"https:\/\/staging.spassio.com\/fr\/wp-json\/wp\/v2\/pages\/40998\/revisions"}],"wp:attachment":[{"href":"https:\/\/staging.spassio.com\/fr\/wp-json\/wp\/v2\/media?parent=40998"}],"curies":[{"name":"wp","href":"https:\/\/api.w.org\/{rel}","templated":true}]}}