{"id":41004,"date":"2022-10-13T11:21:43","date_gmt":"2022-10-13T10:21:43","guid":{"rendered":"https:\/\/staging.spassio.com\/exigences-relatives-aux-maisons-modulaires-pour-un-transport-reussi\/"},"modified":"2023-08-09T09:57:04","modified_gmt":"2023-08-09T08:57:04","slug":"exigences-relatives-maisons-modulaires-transport-reussi","status":"publish","type":"page","link":"https:\/\/staging.spassio.com\/fr\/exigences-relatives-maisons-modulaires-transport-reussi\/","title":{"rendered":"Exigences relatives aux maisons modulaires pour un transport r\u00e9ussi"},"content":{"rendered":"<p>L&#8217;ensemble de la construction de la maison modulaire est coordonn\u00e9 de mani\u00e8re \u00e0 int\u00e9grer toutes les exigences en mati\u00e8re de transport : Chaque module est con\u00e7u pour s&#8217;adapter aux dimensions qui permettront son transport, et sa structure est suffisamment solide pour r\u00e9sister aux contraintes subies pendant le transport. La plupart des <a href=\"https:\/\/staging.spassio.com\/fr\/fabricants-de-maisons-prefabriquees\/\">fabricants de maisons modulaires en Europe et au Royaume-Uni<\/a> suivent une proc\u00e9dure similaire pour livrer les modules de l&#8217;usine au terrain. Cependant, chaque projet est g\u00e9n\u00e9ralement \u00e9valu\u00e9 individuellement afin d&#8217;adapter la construction de la maison modulaire aux conditions de la route.<\/p>\n<figure id=\"attachment_30013\" aria-describedby=\"caption-attachment-30013\" style=\"width: 1024px\" class=\"wp-caption alignnone\"><img fetchpriority=\"high\" decoding=\"async\" class=\"my-img-border wp-image-30013 size-large\" src=\"https:\/\/staging.spassio.com\/wp-content\/uploads\/2022\/10\/modular-home-transportation-1024x699.jpg\" alt=\"transport de maisons modulaires\" width=\"1024\" height=\"699\" srcset=\"https:\/\/staging.spassio.com\/wp-content\/uploads\/2022\/10\/modular-home-transportation-1024x699.jpg 1024w, https:\/\/staging.spassio.com\/wp-content\/uploads\/2022\/10\/modular-home-transportation-300x205.jpg 300w, https:\/\/staging.spassio.com\/wp-content\/uploads\/2022\/10\/modular-home-transportation-768x524.jpg 768w, https:\/\/staging.spassio.com\/wp-content\/uploads\/2022\/10\/modular-home-transportation-1536x1049.jpg 1536w, https:\/\/staging.spassio.com\/wp-content\/uploads\/2022\/10\/modular-home-transportation-879x600.jpg 879w, https:\/\/staging.spassio.com\/wp-content\/uploads\/2022\/10\/modular-home-transportation-496x339.jpg 496w, https:\/\/staging.spassio.com\/wp-content\/uploads\/2022\/10\/modular-home-transportation.jpg 1999w\" sizes=\"(max-width: 1024px) 100vw, 1024px\" \/><figcaption id=\"caption-attachment-30013\" class=\"wp-caption-text\">Cr\u00e9dit photo : Akso Haus O\u00dc<\/figcaption><\/figure>\n<h2>Comment les maisons modulaires sont-elles transport\u00e9es sur le site ?<\/h2>\n<p>La plupart des <a href=\"https:\/\/staging.spassio.com\/fr\/fabricants-de-maisons-prefabriquees\/\">fabricants de maisons modulaires<\/a> exp\u00e9dient les modules par la route et le processus de construction modulaire standardis\u00e9 est con\u00e7u pour s&#8217;adapter aux exigences de la r\u00e9glementation routi\u00e8re. L&#8217;une des adaptations les plus essentielles consiste \u00e0 limiter les dimensions des modules pour r\u00e9pondre \u00e0 ces exigences. Ces dimensions varient l\u00e9g\u00e8rement d&#8217;un projet \u00e0 l&#8217;autre, mais en Europe et au Royaume-Uni, elles sont d&#8217;environ 5,3 m\u00e8tres de large, 14,5 m\u00e8tres de long et 3,8 m\u00e8tres de haut <a href=\"#_ftn1\" name=\"_ftnref1\">[1]<\/a>.<\/p>\n<p>Le transport routier se fait par camion, en utilisant des remorques lourdes de diff\u00e9rentes dimensions pour s&#8217;adapter \u00e0 la fois aux modules et aux limitations de la route. Par exemple, l&#8217;<a href=\"https:\/\/staging.spassio.com\/fr\/manufacturer\/akso-haus\/\">entreprise de maisons modulaires Akso Haus<\/a> utilise des remorques de 25 m\u00e8tres de long pour transporter ses modules les plus lourds, bien qu&#8217;elle puisse descendre jusqu&#8217;\u00e0 des remorques de 22 m\u00e8tres de long lorsque l&#8217;accessibilit\u00e9 du terrain l&#8217;exige <a href=\"#_ftn2\" name=\"_ftnref2\">[2]<\/a>.<\/p>\n<p>Dans certaines situations o\u00f9 l&#8217;accessibilit\u00e9 est limit\u00e9e, d&#8217;autres modes de transport peuvent \u00eatre n\u00e9cessaires :<\/p>\n<ul>\n<li><strong>Navire cargo<\/strong>: Le transport d&#8217;une maison modulaire par bateau est assez courant lorsque les modules sont livr\u00e9s sur un autre continent ou sur une \u00eele. L&#8217;utilisation d&#8217;un navire Ro-Ro (Roll-on\/Roll-off) est tr\u00e8s pratique pour les longues distances car elle limite les man\u0153uvres du module. Les modules quittent l&#8217;usine sur une remorque lourde qui sera ensuite conduite dans le ferry, et ce n&#8217;est que lorsque la remorque atteint la destination finale que les modules sont d\u00e9charg\u00e9s <a href=\"#_ftn3\" name=\"_ftnref1\">[3]<\/a>.<\/li>\n<li><strong>Rail<\/strong>: Bien que la livraison des modules par train soit possible, il ne s&#8217;agit pas d&#8217;un mode de livraison courant. Il est rare que l&#8217;entreprise de fabrication et le terrain soient situ\u00e9s \u00e0 proximit\u00e9 du chemin de fer. Par cons\u00e9quent, les modules doivent \u00eatre transport\u00e9s par route vers et depuis la gare ferroviaire. Les modules doivent \u00eatre man\u0153uvr\u00e9s plusieurs fois, au risque d&#8217;\u00eatre endommag\u00e9s, ce qui augmente les co\u00fbts et rend le transport ferroviaire moins pratique <a href=\"#_ftn4\" name=\"_ftnref4\">[4]<\/a>.<\/li>\n<li><strong>H\u00e9licopt\u00e8re<\/strong>: Il s&#8217;agit d&#8217;une pratique tr\u00e8s peu courante car elle est trop co\u00fbteuse et complexe, mais elle reste possible et certains fabricants l&#8217;adoptent si n\u00e9cessaire. Les endroits extr\u00eamement inaccessibles, comme le sommet d&#8217;une montagne, peuvent b\u00e9n\u00e9ficier de la commodit\u00e9 de la construction hors site gr\u00e2ce \u00e0 des solutions telles que la livraison par h\u00e9licopt\u00e8re <a href=\"#_ftn4\" name=\"_ftnref4\">[4]<\/a>.<\/li>\n<\/ul>\n<p>S&#8217;il est possible de livrer une <a href=\"https:\/\/staging.spassio.com\/fr\/categories\/maisons-modulaires\/\">maison modulaire<\/a> avec diff\u00e9rents modes de transport, tous les fabricants n&#8217;offrent pas toutes les possibilit\u00e9s. Dans la plupart des cas, les entreprises modulaires n&#8217;envisagent que la livraison par la route. N\u00e9anmoins, consultez toujours votre fabricant pour conna\u00eetre les diff\u00e9rentes options disponibles pour atteindre votre propri\u00e9t\u00e9.<\/p>\n<h2>Exigences et limites du transport des maisons modulaires<\/h2>\n<p>Pour garantir le succ\u00e8s de la <strong>livraison des maisons modulaires<\/strong>, il est essentiel de planifier et de pr\u00e9parer soigneusement l&#8217;itin\u00e9raire de transport. La remorque transportant le module est de dimensions consid\u00e9rables et, bien que la taille des modules soit limit\u00e9e pour permettre leur transit sur la plupart des routes, toutes les routes ne sont pas pr\u00e9par\u00e9es pour l&#8217;accueillir. Le premier \u00e9l\u00e9ment \u00e0 prendre en compte lors de la planification de l&#8217;itin\u00e9raire est la dimension des routes.<\/p>\n<p>Les routes doivent \u00eatre larges et sans virages serr\u00e9s ou \u00e9troits, de l&#8217;usine \u00e0 la propri\u00e9t\u00e9. La largeur minimale requise pour ce type de camion est de 3,5 m\u00e8tres <a href=\"#_ftn1\" name=\"_ftnref1\">[1]<\/a>, mais cette valeur augmente jusqu&#8217;\u00e0 une largeur d&#8217;au moins 7,2 m\u00e8tres dans les virages <a href=\"#_ftn3\" name=\"_ftnref3\">[3]<\/a>. En outre, les routes emprunt\u00e9es par les camions doivent \u00eatre totalement exemptes d&#8217;obstacles r\u00e9duisant la largeur ou la hauteur de la route, car ceux-ci pourraient endommager les modules ou m\u00eame menacer la livraison.<\/p>\n<p>Certains obstacles, tels que des arbres ou des cl\u00f4tures, peuvent \u00eatre \u00e9limin\u00e9s avant la <strong>livraison du module<\/strong>, mais toutes les limitations possibles doivent \u00eatre soigneusement analys\u00e9es \u00e0 l&#8217;avance. Les obstacles les plus difficiles \u00e0 franchir sont g\u00e9n\u00e9ralement ceux qui r\u00e9duisent la hauteur de la route, car il n&#8217;y a g\u00e9n\u00e9ralement pas moyen de les contourner. La hauteur minimale requise pour la livraison des modules est de 4,5 m\u00e8tres <a href=\"#_ftn6\" name=\"_ftnref6\">[6]<\/a>, il est donc essentiel de pr\u00eater une attention particuli\u00e8re aux \u00e9l\u00e9ments tels que les tunnels, les ponts ou les lignes \u00e9lectriques.<\/p>\n<h2>Conditions sur site pour la livraison de maisons modulaires<\/h2>\n<p>Une fois que les modules arrivent sur le terrain, ils sont assembl\u00e9s sur les fondations \u00e0 l&#8217;aide d&#8217;une grue pour terminer la construction de la maison modulaire. Compte tenu de la taille et du poids des modules, la grue doit \u00eatre correctement stabilis\u00e9e dans une zone disposant d&#8217;un espace de man\u0153uvre suffisant. La surface n\u00e9cessaire pour la grue est d&#8217;environ huit m\u00e8tres sur huit <a href=\"#_ftn6\" name=\"_ftnref6\">[6]<\/a>.<\/p>\n<p>L&#8217;assemblage des modules est g\u00e9n\u00e9ralement tr\u00e8s simplifi\u00e9, \u00e9tant donn\u00e9 que les modules pr\u00e9fabriqu\u00e9s sont livr\u00e9s avec tous les joints et raccords d\u00e9j\u00e0 pr\u00e9par\u00e9s <a href=\"#_ftn7\" name=\"_ftnref7\">[7]<\/a>. En g\u00e9n\u00e9ral, le transport des modules et la man\u0153uvre des grues sont effectu\u00e9s par des entreprises sp\u00e9cialis\u00e9es. Toutefois, dans la plupart des cas, ils sont sous-trait\u00e9s et supervis\u00e9s par le <a href=\"https:\/\/staging.spassio.com\/fr\/fabricants-de-maisons-prefabriquees\/\">fabricant de maisons modulaires<\/a>, qui est pr\u00e9sent lors des travaux d&#8217;assemblage et de finition.<\/p>\n<figure id=\"attachment_30014\" aria-describedby=\"caption-attachment-30014\" style=\"width: 1024px\" class=\"wp-caption alignnone\"><img decoding=\"async\" class=\"my-img-border wp-image-30014 size-large\" src=\"https:\/\/staging.spassio.com\/wp-content\/uploads\/2022\/10\/onsite-crane-modularhome-delivery-1024x512.jpg\" alt=\"grue sur site livraison de maisons modulaires\" width=\"1024\" height=\"512\" srcset=\"https:\/\/staging.spassio.com\/wp-content\/uploads\/2022\/10\/onsite-crane-modularhome-delivery-1024x512.jpg 1024w, https:\/\/staging.spassio.com\/wp-content\/uploads\/2022\/10\/onsite-crane-modularhome-delivery-300x150.jpg 300w, https:\/\/staging.spassio.com\/wp-content\/uploads\/2022\/10\/onsite-crane-modularhome-delivery-768x384.jpg 768w, https:\/\/staging.spassio.com\/wp-content\/uploads\/2022\/10\/onsite-crane-modularhome-delivery-496x248.jpg 496w, https:\/\/staging.spassio.com\/wp-content\/uploads\/2022\/10\/onsite-crane-modularhome-delivery.jpg 1051w\" sizes=\"(max-width: 1024px) 100vw, 1024px\" \/><figcaption id=\"caption-attachment-30014\" class=\"wp-caption-text\">Cr\u00e9dit photo : Cube https:\/\/casasprefabricadascube.com\/<\/figcaption><\/figure>\n<h2>Combien co\u00fbte l&#8217;exp\u00e9dition d&#8217;une maison modulaire ?<\/h2>\n<p>Le co\u00fbt du transport routier de chacun des modules de l&#8217;usine \u00e0 la propri\u00e9t\u00e9 est d&#8217;environ 8,11 \u20ac\/km en Europe et au Royaume-Uni <a href=\"#_ftn6\" name=\"_ftnref6\">[6]<\/a>. Toutefois, ce prix peut facilement fluctuer d&#8217;un projet \u00e0 l&#8217;autre en fonction de l&#8217;itin\u00e9raire de transport, des difficult\u00e9s rencontr\u00e9es sur les routes ou du type de v\u00e9hicules utilis\u00e9s dans ce processus. Le <a href=\"https:\/\/staging.spassio.com\/fr\/manufacturer\/sia-frame-house-group\/\">fabricant Frame House<\/a>, par exemple, explique que les frais d&#8217;exp\u00e9dition d&#8217;une maison peuvent varier en fonction de la destination et des itin\u00e9raires emprunt\u00e9s <a href=\"#_ftn1\" name=\"_ftnref1\">[1]<\/a>.<\/p>\n<p>En g\u00e9n\u00e9ral, le fabricant \u00e9tablit le quota de livraison, qui comprend tout, depuis le chargement des modules sur la remorque jusqu&#8217;\u00e0 la man\u0153uvre de la grue et l&#8217;assemblage. Toutefois, les services suppl\u00e9mentaires, comme l&#8217;\u00e9valuation du transport r\u00e9alis\u00e9e au tout d\u00e9but du processus de construction, ne sont g\u00e9n\u00e9ralement pas inclus dans le devis d&#8217;exp\u00e9dition, car ils sont g\u00e9n\u00e9ralement factur\u00e9s s\u00e9par\u00e9ment d\u00e8s le d\u00e9part. Pourtant, la plupart des fabricants choisissent de rembourser ce co\u00fbt en le d\u00e9duisant du co\u00fbt de construction <a href=\"#_ftn6\" name=\"_ftnref6\">[6]<\/a>.<\/p>\n<p>R\u00e9f\u00e9rences :<br \/>\n<a style=\"color: #3eb6a8;\" href=\"#_ftnref1\" name=\"_ftn1\">[1]<\/a>Quelle est la taille des modules pr\u00e9fabriqu\u00e9s et comment sont-ils transport\u00e9s ? ProNor Baltics <a href=\"http:\/\/pronor.ee\/how-big-are-prefab-modules-and-how-are-they-transported\/\">http:\/\/pronor.ee\/how-big-are-prefab-modules-and-how-are-they-transported\/<\/a><br \/>\n<a style=\"color: #3eb6a8;\" href=\"#_ftnref2\" name=\"_ftn2\">[2]<\/a>Akso Haus (2022, 24 ao\u00fbt) Maison modulaire transport et enqu\u00eate sur le transport https:\/\/www.aksohaus.ee\/en\/modular-house-transportation-and-transportation-survey\/<br \/>\n<a style=\"color: #3eb6a8;\" href=\"#_ftnref3\" name=\"_ftn3\">[3]<\/a>Akerman, I. et Jonsson, R. European modular system for road freight transport &#8211; experiences and possibilities Report 2007:2 E TFK &#8211; TransportForsK AB <a href=\"https:\/\/unece.org\/DAM\/trans\/wp24\/wp24-presentations\/documents\/pres08-11.pdf\">https:\/\/unece.org\/DAM\/trans\/wp24\/wp24-presentations\/documents\/pres08-11.pdf<\/a><br \/>\n[<a style=\"color: #3eb6a8;\" href=\"#_ftnref4\" name=\"_ftn4\">4]<\/a>Agha, A., Shibani, A., Hassan, D., et Zalans, B. (2021) Modular Construction in the United Kingdom Housing Sector : Barriers and Implications Journal of Architectural Engineering Technology, 10(2), [236]. https:\/\/doi.org\/10.4172\/2168-9717.1000236\/<br \/>\n<a style=\"color: #3eb6a8;\" href=\"#_ftnref5\" name=\"_ftn5\">[5]<\/a>Bertram, N., Fuchs, S., Mischke, J., Palter, R., Strube, G., and Woetzel, J. (2019, June) Modular construction : Des <a href=\"https:\/\/www.mckinsey.com\/~\/media\/mckinsey\/business%20functions\/operations\/our%20insights\/modular%20construction%20from%20projects%20to%20products%20new\/modular-construction-from-projects-to-products-full-report-new.pdf\">projets aux produits McKinsey &amp; Company <\/a><br \/>\n<a style=\"color: #3eb6a8;\" href=\"#_ftnref6\" name=\"_ftn6\">[6]<\/a>B\u00e2timent Blokki &#8211; FAQ Blokki <a href=\"https:\/\/www.blokki.cz\/en\/faq#:~:text=transport%20and%20unload\">https:\/\/www.blokki.cz\/en\/faq#:~:%20and%<\/a><br \/>\n<a style=\"color: #3eb6a8;\" href=\"#_ftnref7\" name=\"_ftn7\">[7]<\/a>Montage Prefabhome Fabricant de maisons pr\u00e9fabriqu\u00e9es <a href=\"https:\/\/prefabhome.eu\/en\/transport-and-montage\/montage\">https:\/\/prefabhome.eu\/en\/transport-and-montage\/montage<\/a><\/p>\n<p>&nbsp;<\/p>\n","protected":false},"excerpt":{"rendered":"<p>L&#8217;ensemble de la construction de la maison modulaire est coordonn\u00e9 de mani\u00e8re \u00e0 int\u00e9grer toutes les exigences en mati\u00e8re de transport : Chaque module est con\u00e7u pour s&#8217;adapter aux dimensions qui permettront son transport, et sa structure est suffisamment solide pour r\u00e9sister aux contraintes subies pendant le transport. La plupart des fabricants de maisons modulaires [&hellip;]<\/p>\n","protected":false},"author":194,"featured_media":30013,"parent":0,"menu_order":0,"comment_status":"closed","ping_status":"closed","template":"","meta":{"content-type":"","_FSMCFIC_featured_image_caption":"","_FSMCFIC_featured_image_nocaption":"","_FSMCFIC_featured_image_hide":"","footnotes":""},"class_list":["post-41004","page","type-page","status-publish","has-post-thumbnail","hentry"],"_wp_attached_file":null,"_wp_attachment_metadata":null,"_wp_attachment_backup_sizes":null,"siteground_optimizer_webp_conversion_attempts":null,"siteground_optimizer_is_converted_to_webp":null,"siteground_optimizer_optimization_attempts":null,"siteground_optimizer_optimization_failed":null,"wpml_media_processed":null,"_wp_attachment_image_alt":null,"siteground_optimizer_is_optimized":null,"siteground_optimizer_webp_conversion_failed":null,"_elementor_source_image_hash":null,"siteground_optimizer_compression_level":null,"_elementor_inline_svg":null,"_imagify_optimization_level":null,"_imagify_status":null,"_imagify_data":null,"siteground_optimizer_original_filesize":null,"wpse_external_file_url":null,"fave_currency":null,"fave_currency_info":null,"fave_property_id":null,"fave_property_map":null,"fave_property_location":null,"houzez_geolocation_lat":null,"houzez_geolocation_long":null,"fave_property_map_street_view":null,"fave_featured":null,"fave_loggedintoview":null,"fave_agent_display_option":null,"fave_prop_homeslider":null,"fave_single_top_area":null,"fave_single_content_area":null,"_yoast_wpseo_primary_property_type":null,"_yoast_wpseo_primary_property_feature":null,"_yoast_wpseo_primary_property_label":null,"_yoast_wpseo_primary_property_country":null,"houzez_manual_expire":null,"_houzez_expiration_date_status":null,"houzez_total_property_views":null,"houzez_views_by_date":null,"houzez_recently_viewed":null,"fave_property_price":null,"fave_property_price_prefix":null,"fave_property_size":null,"fave_property_bathrooms":null,"fave_property_garage":null,"fave_levels":null,"fave_roof-type":null,"fave_construction-type":null,"fave_video_url":null,"fave_video_image":null,"fave_payment_status":null,"fave_property_agency":null,"fave_countries":null,"fave_sleeps":null,"_yoast_wpseo_primary_property_status":null,"fave_property_images":null,"fave_attachments":null,"technical_description":null,"houzez_featured_listing_date":null,"fave_property_size_prefix":null,"fave_property_bedrooms":null,"fave_property_price_postfix":null,"fave_production-time-in-weeks":null,"fave_building-time-in-days":null,"fave_window-glazing":null,"_yoast_wpseo_primary_feature-2":null,"_yoast_wpseo_primary_feature-3":null,"fave_warranty-in-years":null,"fave_property_land":null,"fave_property_land_postfix":null,"wpsebeba57d406-00de-d339-8c02-3956a916f506":null,"_oembed_eefb35903900c5c166d55ccf7fc62a8a":null,"_oembed_30948e80c1a853da0b519e72c40d2e13":null,"_oembed_0b78a31d7c7e6041adc064d46c40f98b":null,"_oembed_42c2c13b5902a21593b1d521556aea88":null,"_oembed_4fb58e495f37e206f97738a42dbe566f":null,"_oembed_b2828bee61bd9076cd21ece641de7abc":null,"_oembed_0c92428c960763e658977ce4918863f4":null,"_oembed_02b72dc3d26bdba6ff900a268ade2517":null,"_oembed_8c819834f7fc0b74364aa34a8193f46f":null,"_oembed_088962b77808b37d57abe5c8143f9652":null,"_oembed_dfae0e674c59ba061a82b330fc7fdea0":null,"_oembed_74e5075f66c4cd04b0e118feb24f6636":null,"fave_mortgage_cal":null,"_air_wp_sync_record_id":null,"_air_wp_sync_hash":null,"_air_wp_sync_importer_id":null,"_air_wp_sync_updated_at":null,"external_listing_link":null,"fave_property_map_address":null,"fave_multi_units_ids":null,"$wpml_language$":null,"fave_virtual_tour":null,"fave_gross-external-area":null,"_houzez_expiration_date":null,"_houzez_expiration_date_options":null,"floor_plans":null,"_oembed_a17db82fa378d53b4dc6ed46e5344499":null,"_oembed_da390569a339f4d7147d95cfb8c04c12":null,"_oembed_6a3eda5947bcc098660397ca8e21a941":null,"fave_roof-angle":null,"fave_seo-content":null,"_oembed_a7b8941eeee966e7350aede20b4d62be":null,"_oembed_time_a7b8941eeee966e7350aede20b4d62be":null,"additional_features":null,"fave_multi_units":null,"_oembed_716f56b62500685a7dd15ea2ec7579bd":null,"_oembed_time_716f56b62500685a7dd15ea2ec7579bd":null,"_oembed_8ececd3dd2598a4aedb5dfc82df2a0f6":null,"_oembed_time_8ececd3dd2598a4aedb5dfc82df2a0f6":null,"_oembed_4cef7884ea6ef16d48cd8675b12e440d":null,"fave_property_garage_size":null,"_oembed_5c1eaf7b40f4e3a3089b38beb88ba480":null,"fave_property_zip":null,"_oembed_ccdd6e0304386ece64b3b91f572b0be4":null,"_oembed_ae30d19e3e861b389146a1ccc2828104":null,"fave_property_rooms":null,"fave_property_year":null,"two_page_speed":null,"fave_year_established":null,"Status":null,"_oembed_5b2d8d2cf33b469c98e488ea5b118c30":null,"WPML Language Code":null,"_links":{"self":[{"href":"https:\/\/staging.spassio.com\/fr\/wp-json\/wp\/v2\/pages\/41004","targetHints":{"allow":["GET"]}}],"collection":[{"href":"https:\/\/staging.spassio.com\/fr\/wp-json\/wp\/v2\/pages"}],"about":[{"href":"https:\/\/staging.spassio.com\/fr\/wp-json\/wp\/v2\/types\/page"}],"author":[{"embeddable":true,"href":"https:\/\/staging.spassio.com\/fr\/wp-json\/wp\/v2\/users\/194"}],"replies":[{"embeddable":true,"href":"https:\/\/staging.spassio.com\/fr\/wp-json\/wp\/v2\/comments?post=41004"}],"version-history":[{"count":0,"href":"https:\/\/staging.spassio.com\/fr\/wp-json\/wp\/v2\/pages\/41004\/revisions"}],"wp:featuredmedia":[{"embeddable":true,"href":"https:\/\/staging.spassio.com\/fr\/wp-json\/wp\/v2\/media\/30013"}],"wp:attachment":[{"href":"https:\/\/staging.spassio.com\/fr\/wp-json\/wp\/v2\/media?parent=41004"}],"curies":[{"name":"wp","href":"https:\/\/api.w.org\/{rel}","templated":true}]}}