{"id":41010,"date":"2022-10-03T08:09:49","date_gmt":"2022-10-03T07:09:49","guid":{"rendered":"https:\/\/staging.spassio.com\/modeles-de-maisons-prefabriquees-sur-mesure-ou-pre-concues-lequel-choisir\/"},"modified":"2023-08-09T15:25:55","modified_gmt":"2023-08-09T14:25:55","slug":"maisons-prefabriquees-sur-mesure-ou-preconcues-que-choisir","status":"publish","type":"page","link":"https:\/\/staging.spassio.com\/fr\/maisons-prefabriquees-sur-mesure-ou-preconcues-que-choisir\/","title":{"rendered":"Mod\u00e8les de maisons pr\u00e9fabriqu\u00e9es sur mesure ou pr\u00e9-con\u00e7ues : Lequel choisir ?"},"content":{"rendered":"<p>Lors de l&#8217;achat d&#8217;une maison pr\u00e9fabriqu\u00e9e, vous avez le choix entre deux options de conception : <strong>sur mesure ou pr\u00e9con\u00e7ue<\/strong>. La diff\u00e9rence la plus notable entre les deux r\u00e9side dans la libert\u00e9 de personnalisation, bien que le fait de suivre un processus diff\u00e9rent au stade de la conception influe sur l&#8217;ensemble de la construction. Par cons\u00e9quent, le choix de concevoir un pr\u00e9fabriqu\u00e9 \u00e0 partir de z\u00e9ro ou de le s\u00e9lectionner dans un catalogue doit \u00eatre bas\u00e9 sur nos priorit\u00e9s.<\/p>\n<p><strong>Qu&#8217;est-ce qu&#8217;une maison pr\u00e9fabriqu\u00e9e sur mesure ?<\/strong><\/p>\n<p>Une maison <a href=\"\/\">pr\u00e9fabriqu\u00e9e<\/a> sur mesure est une maison con\u00e7ue \u00e0 partir de z\u00e9ro en tenant compte des besoins de l&#8217;utilisateur. Le projet de maison peut \u00eatre con\u00e7u par l&#8217;<a href=\"https:\/\/staging.spassio.com\/manufacturers\/\">entreprise de pr\u00e9fabrication<\/a> ou par un cabinet d&#8217;architectes ind\u00e9pendant. Chaque \u00e9l\u00e9ment de la maison est d\u00e9velopp\u00e9 individuellement selon les sp\u00e9cifications exactes du client, cr\u00e9ant ainsi un espace unique et personnalis\u00e9.<\/p>\n<p>La conception d&#8217;une maison sur mesure est tr\u00e8s attrayante pour ceux qui peuvent facilement visualiser la maison de leurs r\u00eaves. Cependant, il peut \u00e9galement s&#8217;agir d&#8217;une excellente opportunit\u00e9 pour un client confront\u00e9 \u00e0 des situations peu courantes, telles que des topographies de terrain difficiles ou des exigences de conception tr\u00e8s sp\u00e9cifiques, puisque les architectes adapteront la conception aux besoins du client.<\/p>\n<p><strong>Qu&#8217;est-ce qu&#8217;un mod\u00e8le pr\u00e9-con\u00e7u ?<br \/>\n<\/strong><\/p>\n<p>Un mod\u00e8le pr\u00e9-con\u00e7u est une maison qui a d\u00e9j\u00e0 \u00e9t\u00e9 con\u00e7ue et qui peut \u00eatre achet\u00e9e par n&#8217;importe qui. Les maisons pr\u00e9con\u00e7ues sont \u00e9galement connues sous le nom de pr\u00e9fabriqu\u00e9s sur catalogue, car le processus d&#8217;achat commence par la comparaison, par le client, de diff\u00e9rentes photos des maisons disponibles afin de trouver celle qui r\u00e9pond le mieux \u00e0 ses besoins et \u00e0 ses d\u00e9sirs.<\/p>\n<p>Le choix d&#8217;un pr\u00e9fabriqu\u00e9 pr\u00e9-con\u00e7u simplifie grandement le processus d&#8217;achat d&#8217;une nouvelle maison puisqu&#8217;il suit une proc\u00e9dure tr\u00e8s visuelle et intuitive. Bien qu&#8217;ayant choisi un mod\u00e8le d\u00e9j\u00e0 d\u00e9velopp\u00e9, le client peut personnaliser diff\u00e9rents \u00e9l\u00e9ments afin d&#8217;adapter la maison \u00e0 ses go\u00fbts.<\/p>\n<figure id=\"attachment_29581\" aria-describedby=\"caption-attachment-29581\" style=\"width: 1170px\" class=\"wp-caption aligncenter\"><img fetchpriority=\"high\" decoding=\"async\" class=\"wp-image-29581 size-full\" src=\"https:\/\/staging.spassio.com\/wp-content\/uploads\/2022\/10\/akso-haus-stella-pre-design-prefab-home.webp\" alt=\"pr\u00e9-conception maison pr\u00e9fabriqu\u00e9e\" width=\"1170\" height=\"785\" srcset=\"https:\/\/staging.spassio.com\/wp-content\/uploads\/2022\/10\/akso-haus-stella-pre-design-prefab-home.webp 1170w, https:\/\/staging.spassio.com\/wp-content\/uploads\/2022\/10\/akso-haus-stella-pre-design-prefab-home-300x201.webp 300w, https:\/\/staging.spassio.com\/wp-content\/uploads\/2022\/10\/akso-haus-stella-pre-design-prefab-home-1024x687.webp 1024w, https:\/\/staging.spassio.com\/wp-content\/uploads\/2022\/10\/akso-haus-stella-pre-design-prefab-home-768x515.webp 768w, https:\/\/staging.spassio.com\/wp-content\/uploads\/2022\/10\/akso-haus-stella-pre-design-prefab-home-894x600.webp 894w, https:\/\/staging.spassio.com\/wp-content\/uploads\/2022\/10\/akso-haus-stella-pre-design-prefab-home-496x333.webp 496w\" sizes=\"(max-width: 1170px) 100vw, 1170px\" \/><figcaption id=\"caption-attachment-29581\" class=\"wp-caption-text\">Avec l&#8217;aimable autorisation de : <a href=\"https:\/\/staging.spassio.com\/models\/akso-haus-stella-1-112-offset-gabled-roof\/\">Akso-Haus-mod\u00e8le Stella 1-112 Offset Gabled Roof<\/a><\/figcaption><\/figure>\n<h2>Principales diff\u00e9rences entre les maisons sur mesure et les maisons pr\u00e9fabriqu\u00e9es pr\u00e9-con\u00e7ues<\/h2>\n<p>Une fois construite, il n&#8217;est pas possible de faire la diff\u00e9rence entre une maison pr\u00e9fabriqu\u00e9e con\u00e7ue \u00e0 partir de z\u00e9ro et une autre s\u00e9lectionn\u00e9e dans un catalogue. Elles auront toutes deux l&#8217;air d&#8217;une belle construction de bonne qualit\u00e9. Leur diff\u00e9rence sera plut\u00f4t visible dans le processus de construction.<\/p>\n<p><strong>Possibilit\u00e9s de conception : Peut-on les personnaliser ?<\/strong><\/p>\n<p>Les possibilit\u00e9s de conception d&#8217;un pr\u00e9fabriqu\u00e9 sont beaucoup plus vastes que celles d <strong>&#8216;un mod\u00e8le sur mesure<\/strong>. Dans ce cas, il n&#8217;y a pratiquement aucune limite de conception puisque les architectes s&#8217;efforceront de concevoir la maison que le client souhaite. Cette flexibilit\u00e9 de conception est particuli\u00e8rement utile lors de la construction d&#8217;une maison sur un terrain \u00e0 la topographie compliqu\u00e9e, car les concepteurs peuvent trouver la meilleure conception de maison pour utiliser cet inconv\u00e9nient et le transformer en une opportunit\u00e9 de cr\u00e9er une architecture unique <a href=\"#_ftn1\" name=\"_ftnref1\">[1]<\/a>, <a href=\"#_ftn2\" name=\"_ftnref2\">[2]<\/a>.<\/p>\n<p><strong>Qualit\u00e9 des mat\u00e9riaux : De quoi sont-ils faits ?<\/strong><\/p>\n<p>Les maisons pr\u00e9fabriqu\u00e9es sur mesure ne sont pas n\u00e9cessairement construites avec des mat\u00e9riaux de meilleure qualit\u00e9, mais le fait qu&#8217;elles soient faites sur mesure donne aux clients la possibilit\u00e9 de choisir les mat\u00e9riaux de leur choix. Les clients qui souhaitent utiliser des mat\u00e9riaux durables et de haute qualit\u00e9 peuvent s\u00e9lectionner chacun d&#8217;entre eux \u00e0 leur guise lors de l&#8217;achat de <strong>maisons sur mesure<\/strong>.<\/p>\n<p>Le choix d&#8217;une maison pr\u00e9fabriqu\u00e9e <strong>pr\u00e9-con\u00e7ue<\/strong> reste une garantie que les mat\u00e9riaux de construction offriront un environnement s\u00fbr et durable, car toutes les maisons pr\u00e9fabriqu\u00e9es permanentes sont construites conform\u00e9ment aux r\u00e9glementations en vigueur en mati\u00e8re de construction, ce qui garantit une bonne s\u00e9lection des mat\u00e9riaux <a href=\"#_ftn3\" name=\"_ftnref3\">[3]<\/a>. Cependant, le client n&#8217;a pas beaucoup de marge de man\u0153uvre pour am\u00e9liorer la qualit\u00e9 ou m\u00eame choisir d&#8217;autres options telles que l&#8217;utilisation de mat\u00e9riaux durables, \u00e0 moins que le <a href=\"https:\/\/staging.spassio.com\/manufacturers\/\">fabricant<\/a> ne les fournisse.<\/p>\n<p><strong>Production : Combien de temps dure le processus ?<\/strong><\/p>\n<p>Les pr\u00e9fabriqu\u00e9s sur mesure n\u00e9cessitent des phases de conception plus longues, car l&#8217;ensemble de la maison doit \u00eatre con\u00e7u \u00e0 partir de z\u00e9ro. La dur\u00e9e de cette phase varie d&#8217;un client \u00e0 l&#8217;autre, en fonction de la complexit\u00e9 de la conception ou des modifications n\u00e9cessaires pour obtenir la maison souhait\u00e9e <a href=\"#_ftn4\" name=\"_ftnref4\">[4]<\/a>. Toutefois, elle est g\u00e9n\u00e9ralement plus longue que si la maison avait \u00e9t\u00e9 con\u00e7ue \u00e0 l&#8217;avance.<\/p>\n<p>La production d&#8217;un <strong>pr\u00e9fabriqu\u00e9 pr\u00e9-con\u00e7u<\/strong> est tr\u00e8s simplifi\u00e9e et la dur\u00e9e totale est consid\u00e9rablement r\u00e9duite. Dans ce cas, la phase de conception consiste \u00e0 s\u00e9lectionner un mod\u00e8le de maison et \u00e0 personnaliser certains de ses \u00e9l\u00e9ments, ce qui se traduit g\u00e9n\u00e9ralement par un d\u00e9lai rapide. En outre, la fabrication des modules est g\u00e9n\u00e9ralement plus m\u00e9thodique et peut \u00eatre r\u00e9alis\u00e9e dans un d\u00e9lai plus court, \u00e9tant donn\u00e9 qu&#8217;une moindre personnalisation permet au fabricant de s&#8217;en tenir \u00e0 des m\u00e9canisations standardis\u00e9es.<\/p>\n<p><strong>Prix : combien co\u00fbtera la maison ?<\/strong><\/p>\n<p>Les maisons pr\u00e9fabriqu\u00e9es ont un co\u00fbt moyen d&#8217;environ <strong>90 000 \u20ac<\/strong>, bien que de nombreuses variables modifient cette valeur, notamment le processus de conception : Les maisons pr\u00e9fabriqu\u00e9es sur mesure n\u00e9cessitent beaucoup plus de temps et de d\u00e9vouement pour leur construction et leur conception, ce qui se traduit par un prix de construction plus \u00e9lev\u00e9.<\/p>\n<p>Les <strong>mod\u00e8les pr\u00e9fabriqu\u00e9s<\/strong> ne sont pas uniques et peuvent donc \u00eatre construits selon un processus qui ressemble beaucoup \u00e0 la production de masse. Un grand avantage de ce type de conception est que le client sait combien co\u00fbtera la fabrication de la maison d\u00e8s que le mod\u00e8le est s\u00e9lectionn\u00e9. Certaines modifications peuvent augmenter l\u00e9g\u00e8rement cette valeur, mais ce co\u00fbt est \u00e9galement clairement \u00e9tabli lors de leur s\u00e9lection.<\/p>\n<h2>Faut-il acheter une maison pr\u00e9fabriqu\u00e9e sur catalogue pr\u00e9fabriqu\u00e9 ou bien la concevoir de A \u00e0 Z ?<\/h2>\n<p>Il peut \u00eatre difficile de choisir entre un mod\u00e8le pr\u00e9con\u00e7u et une conception sur mesure, car chaque option pr\u00e9sente des avantages et des inconv\u00e9nients diff\u00e9rents. Les deux choix vous permettront d&#8217;obtenir la maison de bonne qualit\u00e9 dont vous r\u00eavez, mais pour satisfaire pleinement vos besoins, il peut \u00eatre utile d&#8217;identifier vos priorit\u00e9s les plus importantes.<\/p>\n<ul>\n<li><b>Vous avez du mal \u00e0 imaginer \u00e0 quoi ressemblera un plan d&#8217;\u00e9tage une fois construit<\/b>: Dans ce cas, il peut \u00eatre tr\u00e8s utile de choisir un mod\u00e8le pr\u00e9con\u00e7u. Ils sont pr\u00e9sent\u00e9s sous forme d&#8217;images et, parfois, vous pouvez m\u00eame visiter une maison t\u00e9moin. Ainsi, lorsque vous choisissez un mod\u00e8le, vous savez exactement ce que vous obtiendrez.<\/li>\n<li>Vous avez un <strong>projet tr\u00e8s sp\u00e9cifique en<\/strong> t\u00eate : Si vous avez en t\u00eate un design tr\u00e8s particulier, vous aurez int\u00e9r\u00eat \u00e0 le cr\u00e9er de toutes pi\u00e8ces.<\/li>\n<li><strong>Votre propri\u00e9t\u00e9 pr\u00e9sente une topographie escarp\u00e9e<\/strong>: La plupart des pr\u00e9fabriqu\u00e9s sont con\u00e7us pour \u00eatre plac\u00e9s sur une surface plane. Si votre propri\u00e9t\u00e9 est tr\u00e8s escarp\u00e9e, un b\u00e2timent pr\u00e9fabriqu\u00e9 sur mesure peut \u00eatre une meilleure solution car la conception g\u00e9n\u00e9rale peut \u00eatre pens\u00e9e pour s&#8217;adapter \u00e0 l&#8217;emplacement unique.<\/li>\n<li><strong>Vous recherchez des caract\u00e9ristiques uniques telles que la durabilit\u00e9 ou l&#8217;efficacit\u00e9 \u00e9nerg\u00e9tique<\/strong>: Bien que la durabilit\u00e9 et l&#8217;efficacit\u00e9 \u00e9nerg\u00e9tique soient des notions commun\u00e9ment associ\u00e9es aux pr\u00e9fabriqu\u00e9s, tous les pr\u00e9fabriqu\u00e9s ne sont pas construits selon des normes strictes en mati\u00e8re d&#8217;environnement ou d&#8217;efficacit\u00e9 \u00e9nerg\u00e9tique. Le choix d&#8217;une conception sur mesure peut \u00eatre un bon moyen de d\u00e9finir les caract\u00e9ristiques exactes que vous souhaitez pour votre maison.<\/li>\n<li><strong>Vous avez besoin d&#8217;une maison<\/strong> le plus rapidement possible : Si vous \u00eates press\u00e9, le choix d&#8217;un mod\u00e8le pr\u00e9con\u00e7u facilitera le processus et vous fera peut-\u00eatre gagner du temps.<\/li>\n<li><strong>Vous avez un budget serr\u00e9<\/strong>: Le choix d&#8217;un mod\u00e8le pr\u00e9d\u00e9fini est plus abordable que la construction \u00e0 partir de z\u00e9ro et le co\u00fbt total peut \u00eatre mieux adapt\u00e9 \u00e0 vos possibilit\u00e9s.<\/li>\n<\/ul>\n<figure id=\"attachment_29583\" aria-describedby=\"caption-attachment-29583\" style=\"width: 1170px\" class=\"wp-caption alignnone\"><img decoding=\"async\" class=\"wp-image-29583 size-full\" src=\"https:\/\/staging.spassio.com\/wp-content\/uploads\/2022\/10\/cmb-housings-solutions-bespoke-prefab-home.webp\" alt=\"maison pr\u00e9fabriqu\u00e9e sur mesure\" width=\"1170\" height=\"720\" srcset=\"https:\/\/staging.spassio.com\/wp-content\/uploads\/2022\/10\/cmb-housings-solutions-bespoke-prefab-home.webp 1170w, https:\/\/staging.spassio.com\/wp-content\/uploads\/2022\/10\/cmb-housings-solutions-bespoke-prefab-home-300x185.webp 300w, https:\/\/staging.spassio.com\/wp-content\/uploads\/2022\/10\/cmb-housings-solutions-bespoke-prefab-home-1024x630.webp 1024w, https:\/\/staging.spassio.com\/wp-content\/uploads\/2022\/10\/cmb-housings-solutions-bespoke-prefab-home-768x473.webp 768w, https:\/\/staging.spassio.com\/wp-content\/uploads\/2022\/10\/cmb-housings-solutions-bespoke-prefab-home-975x600.webp 975w, https:\/\/staging.spassio.com\/wp-content\/uploads\/2022\/10\/cmb-housings-solutions-bespoke-prefab-home-496x305.webp 496w\" sizes=\"(max-width: 1170px) 100vw, 1170px\" \/><figcaption id=\"caption-attachment-29583\" class=\"wp-caption-text\">Avec l&#8217;aimable autorisation de : <a href=\"https:\/\/staging.spassio.com\/models\/cmb-housing-solutions-primum\/\">CMB Housing Solutions &#8211; mod\u00e8le Primum<\/a><\/figcaption><\/figure>\n<h2>Questions fr\u00e9quemment pos\u00e9es<\/h2>\n<p><strong>Comment un mod\u00e8le sur mesure peut-il b\u00e9n\u00e9ficier des avantages de la construction pr\u00e9fabriqu\u00e9e ?<\/strong><\/p>\n<p>Par rapport aux mod\u00e8les pr\u00e9con\u00e7us, les pr\u00e9fabriqu\u00e9s sur mesure sont plus co\u00fbteux et le processus de construction est plus long. Cependant, les pr\u00e9fabriqu\u00e9s sur mesure sont toujours moins chers et plus rapides \u00e0 construire que les constructions traditionnelles, ce qui est un r\u00e9sultat direct de la pr\u00e9fabrication. Bien qu&#8217;elles soient enti\u00e8rement personnalis\u00e9es, ces maisons sont encore construites dans un environnement semblable \u00e0 celui d&#8217;une usine, o\u00f9 la plupart des travaux sont m\u00e9canis\u00e9s, ce qui permet de r\u00e9duire le temps et le travail humain.<\/p>\n<p><strong>Est-il possible de faire concevoir une maison pr\u00e9fabriqu\u00e9e singuli\u00e8re par l&#8217;architecte de son choix ?<\/strong><\/p>\n<p>En g\u00e9n\u00e9ral, oui, mais cela peut varier d&#8217;un fabricant de pr\u00e9fabriqu\u00e9s \u00e0 l&#8217;autre. Dans ce cas, l&#8217;architecte de votre choix travaillera en collaboration avec l&#8217;\u00e9quipe de conception du fabricant pour s&#8217;assurer que la conception permet une construction, un transport et un assemblage efficaces.<\/p>\n<p><strong>Comment un mod\u00e8le pr\u00e9d\u00e9fini peut-il \u00eatre personnalis\u00e9 ?<\/strong><\/p>\n<p>La plupart des fabricants proposant des mod\u00e8les pr\u00e9con\u00e7us encouragent le client \u00e0 personnaliser certains \u00e9l\u00e9ments de la maison afin de l&#8217;adapter \u00e0 ses besoins et \u00e0 ses d\u00e9sirs. Les personnalisations les plus courantes sont le choix des mat\u00e9riaux de rev\u00eatement de sol, la distribution et la finition de la cuisine ou les couleurs.<\/p>\n<p><strong>Comment adapter un mod\u00e8le pr\u00e9\u00e9tabli aux conditions locales ?<\/strong><\/p>\n<p>Oui, m\u00eame s&#8217;il est con\u00e7u \u00e0 l&#8217;avance, chaque b\u00e2timent pr\u00e9fabriqu\u00e9 doit respecter les r\u00e8gles de construction locales. Par cons\u00e9quent, un mod\u00e8le pr\u00e9fabriqu\u00e9 sera adapt\u00e9 aux exigences sp\u00e9cifiques de l&#8217;endroit o\u00f9 il sera install\u00e9.<\/p>\n<p><strong>R\u00e9f\u00e9rences<\/strong>:<br \/>\n<a style=\"color: #3eb6a8;\" href=\"#_ftnref1\" name=\"_ftn1\">[1]<\/a>Guide \u00e9tape par \u00e9tape The Wee House Co. https:\/\/theweehousecompany.co.uk\/modular-home-step-by-step-guide\/<br \/>\n<a style=\"color: #3eb6a8;\" href=\"#_ftnref2\" name=\"_ftn2\">[2]<\/a>Design Aito <a href=\"https:\/\/www.loghouse.fi\/services\/log-house-design\/\">https:\/\/www.loghouse.fi\/services\/log-house-design\/<\/a><br \/>\n<a style=\"color: #3eb6a8;\" href=\"#_ftnref3\" name=\"_ftn3\">[3]<\/a>(2020, juillet) Manuel des r\u00e8gles de construction. Un code de pratique \u00e0 utiliser en Angleterre HM Government <a href=\"http:\/\/www.gov.uk\/mhclg\">www.gov.uk\/mhclg<\/a><br \/>\n<a style=\"color: #3eb6a8;\" href=\"#_ftnref4\" name=\"_ftn4\">[4]<\/a>Projets sur mesure tini <a href=\"https:\/\/en.tiniliving.com\/proyectos-a-medida\">https:\/\/en.tiniliving.com\/proyectos-a-medida<\/a><\/p>\n","protected":false},"excerpt":{"rendered":"<p>Lors de l&#8217;achat d&#8217;une maison pr\u00e9fabriqu\u00e9e, vous avez le choix entre deux options de conception : sur mesure ou pr\u00e9con\u00e7ue. La diff\u00e9rence la plus notable entre les deux r\u00e9side dans la libert\u00e9 de personnalisation, bien que le fait de suivre un processus diff\u00e9rent au stade de la conception influe sur l&#8217;ensemble de la construction. Par [&hellip;]<\/p>\n","protected":false},"author":194,"featured_media":29581,"parent":0,"menu_order":0,"comment_status":"closed","ping_status":"closed","template":"","meta":{"content-type":"","_FSMCFIC_featured_image_caption":"","_FSMCFIC_featured_image_nocaption":"","_FSMCFIC_featured_image_hide":"","footnotes":""},"class_list":["post-41010","page","type-page","status-publish","has-post-thumbnail","hentry"],"_wp_attached_file":null,"_wp_attachment_metadata":null,"_wp_attachment_backup_sizes":null,"siteground_optimizer_webp_conversion_attempts":null,"siteground_optimizer_is_converted_to_webp":null,"siteground_optimizer_optimization_attempts":null,"siteground_optimizer_optimization_failed":null,"wpml_media_processed":null,"_wp_attachment_image_alt":null,"siteground_optimizer_is_optimized":null,"siteground_optimizer_webp_conversion_failed":null,"_elementor_source_image_hash":null,"siteground_optimizer_compression_level":null,"_elementor_inline_svg":null,"_imagify_optimization_level":null,"_imagify_status":null,"_imagify_data":null,"siteground_optimizer_original_filesize":null,"wpse_external_file_url":null,"fave_currency":null,"fave_currency_info":null,"fave_property_id":null,"fave_property_map":null,"fave_property_location":null,"houzez_geolocation_lat":null,"houzez_geolocation_long":null,"fave_property_map_street_view":null,"fave_featured":null,"fave_loggedintoview":null,"fave_agent_display_option":null,"fave_prop_homeslider":null,"fave_single_top_area":null,"fave_single_content_area":null,"_yoast_wpseo_primary_property_type":null,"_yoast_wpseo_primary_property_feature":null,"_yoast_wpseo_primary_property_label":null,"_yoast_wpseo_primary_property_country":null,"houzez_manual_expire":null,"_houzez_expiration_date_status":null,"houzez_total_property_views":null,"houzez_views_by_date":null,"houzez_recently_viewed":null,"fave_property_price":null,"fave_property_price_prefix":null,"fave_property_size":null,"fave_property_bathrooms":null,"fave_property_garage":null,"fave_levels":null,"fave_roof-type":null,"fave_construction-type":null,"fave_video_url":null,"fave_video_image":null,"fave_payment_status":null,"fave_property_agency":null,"fave_countries":null,"fave_sleeps":null,"_yoast_wpseo_primary_property_status":null,"fave_property_images":null,"fave_attachments":null,"technical_description":null,"houzez_featured_listing_date":null,"fave_property_size_prefix":null,"fave_property_bedrooms":null,"fave_property_price_postfix":null,"fave_production-time-in-weeks":null,"fave_building-time-in-days":null,"fave_window-glazing":null,"_yoast_wpseo_primary_feature-2":null,"_yoast_wpseo_primary_feature-3":null,"fave_warranty-in-years":null,"fave_property_land":null,"fave_property_land_postfix":null,"wpsebeba57d406-00de-d339-8c02-3956a916f506":null,"_oembed_eefb35903900c5c166d55ccf7fc62a8a":null,"_oembed_30948e80c1a853da0b519e72c40d2e13":null,"_oembed_0b78a31d7c7e6041adc064d46c40f98b":null,"_oembed_42c2c13b5902a21593b1d521556aea88":null,"_oembed_4fb58e495f37e206f97738a42dbe566f":null,"_oembed_b2828bee61bd9076cd21ece641de7abc":null,"_oembed_0c92428c960763e658977ce4918863f4":null,"_oembed_02b72dc3d26bdba6ff900a268ade2517":null,"_oembed_8c819834f7fc0b74364aa34a8193f46f":null,"_oembed_088962b77808b37d57abe5c8143f9652":null,"_oembed_dfae0e674c59ba061a82b330fc7fdea0":null,"_oembed_74e5075f66c4cd04b0e118feb24f6636":null,"fave_mortgage_cal":null,"_air_wp_sync_record_id":null,"_air_wp_sync_hash":null,"_air_wp_sync_importer_id":null,"_air_wp_sync_updated_at":null,"external_listing_link":null,"fave_property_map_address":null,"fave_multi_units_ids":null,"$wpml_language$":null,"fave_virtual_tour":null,"fave_gross-external-area":null,"_houzez_expiration_date":null,"_houzez_expiration_date_options":null,"floor_plans":null,"_oembed_a17db82fa378d53b4dc6ed46e5344499":null,"_oembed_da390569a339f4d7147d95cfb8c04c12":null,"_oembed_6a3eda5947bcc098660397ca8e21a941":null,"fave_roof-angle":null,"fave_seo-content":null,"_oembed_a7b8941eeee966e7350aede20b4d62be":null,"_oembed_time_a7b8941eeee966e7350aede20b4d62be":null,"additional_features":null,"fave_multi_units":null,"_oembed_716f56b62500685a7dd15ea2ec7579bd":null,"_oembed_time_716f56b62500685a7dd15ea2ec7579bd":null,"_oembed_8ececd3dd2598a4aedb5dfc82df2a0f6":null,"_oembed_time_8ececd3dd2598a4aedb5dfc82df2a0f6":null,"_oembed_4cef7884ea6ef16d48cd8675b12e440d":null,"fave_property_garage_size":null,"_oembed_5c1eaf7b40f4e3a3089b38beb88ba480":null,"fave_property_zip":null,"_oembed_ccdd6e0304386ece64b3b91f572b0be4":null,"_oembed_ae30d19e3e861b389146a1ccc2828104":null,"fave_property_rooms":null,"fave_property_year":null,"two_page_speed":null,"fave_year_established":null,"Status":null,"_oembed_5b2d8d2cf33b469c98e488ea5b118c30":null,"WPML Language Code":null,"_links":{"self":[{"href":"https:\/\/staging.spassio.com\/fr\/wp-json\/wp\/v2\/pages\/41010","targetHints":{"allow":["GET"]}}],"collection":[{"href":"https:\/\/staging.spassio.com\/fr\/wp-json\/wp\/v2\/pages"}],"about":[{"href":"https:\/\/staging.spassio.com\/fr\/wp-json\/wp\/v2\/types\/page"}],"author":[{"embeddable":true,"href":"https:\/\/staging.spassio.com\/fr\/wp-json\/wp\/v2\/users\/194"}],"replies":[{"embeddable":true,"href":"https:\/\/staging.spassio.com\/fr\/wp-json\/wp\/v2\/comments?post=41010"}],"version-history":[{"count":0,"href":"https:\/\/staging.spassio.com\/fr\/wp-json\/wp\/v2\/pages\/41010\/revisions"}],"wp:featuredmedia":[{"embeddable":true,"href":"https:\/\/staging.spassio.com\/fr\/wp-json\/wp\/v2\/media\/29581"}],"wp:attachment":[{"href":"https:\/\/staging.spassio.com\/fr\/wp-json\/wp\/v2\/media?parent=41010"}],"curies":[{"name":"wp","href":"https:\/\/api.w.org\/{rel}","templated":true}]}}