{"id":63432,"date":"2023-10-17T11:41:18","date_gmt":"2023-10-17T10:41:18","guid":{"rendered":"https:\/\/staging.spassio.com\/?page_id=63432"},"modified":"2025-11-13T09:54:12","modified_gmt":"2025-11-13T08:54:12","slug":"about","status":"publish","type":"page","link":"https:\/\/staging.spassio.com\/fr\/about\/","title":{"rendered":"\u00c0 propos de"},"content":{"rendered":"\t\t<div data-elementor-type=\"wp-page\" data-elementor-id=\"63432\" class=\"elementor elementor-63432 elementor-63389\" data-elementor-post-type=\"page\">\n\t\t\t\t<div class=\"elementor-element elementor-element-79ed607 e-flex e-con-boxed e-con e-parent\" data-id=\"79ed607\" data-element_type=\"container\" data-settings=\"{&quot;background_background&quot;:&quot;classic&quot;}\">\n\t\t\t\t\t<div class=\"e-con-inner\">\n\t\t\t\t<div class=\"elementor-element elementor-element-34a06fa exad-sticky-section-no exad-glass-effect-no elementor-widget elementor-widget-houzez_elementor_space\" data-id=\"34a06fa\" data-element_type=\"widget\" data-widget_type=\"houzez_elementor_space.default\">\n\t\t\t\t<div class=\"elementor-widget-container\">\n\t\t\t\t\t        <div class=\"houzez-spacer\">\n            <div class=\"houzez-spacer-inner\"><\/div>\n        <\/div>\n        \t\t\t\t<\/div>\n\t\t\t\t<\/div>\n\t\t\t\t\t<\/div>\n\t\t\t\t<\/div>\n\t\t<div class=\"elementor-element elementor-element-qyozvcoia e-flex e-con-boxed elementor-invisible e-con e-parent\" data-id=\"qyozvcoia\" data-element_type=\"container\" data-settings=\"{&quot;background_background&quot;:&quot;gradient&quot;,&quot;animation&quot;:&quot;fadeIn&quot;}\">\n\t\t\t\t\t<div class=\"e-con-inner\">\n\t\t<div class=\"elementor-element elementor-element-ip2wqzl9f e-con-full e-flex e-con e-child\" data-id=\"ip2wqzl9f\" data-element_type=\"container\">\n\t\t<div class=\"elementor-element elementor-element-krkthky1m e-con-full e-flex e-con e-child\" data-id=\"krkthky1m\" data-element_type=\"container\">\n\t\t<div class=\"elementor-element elementor-element-c9txvyvq1 e-con-full e-flex e-con e-child\" data-id=\"c9txvyvq1\" data-element_type=\"container\">\n\t\t\t\t<div class=\"elementor-element elementor-element-3704c33 exad-sticky-section-no exad-glass-effect-no elementor-widget elementor-widget-houzez_elementor_section_title\" data-id=\"3704c33\" data-element_type=\"widget\" data-widget_type=\"houzez_elementor_section_title.default\">\n\t\t\t\t<div class=\"elementor-widget-container\">\n\t\t\t\t\t            <div class=\"houzez_section_title_wrap section-title-module\">\n                                    <h2 class=\"houzez_section_title\">About Spassio<\/h2>\n                \n                            <\/div>\n            \t\t\t\t<\/div>\n\t\t\t\t<\/div>\n\t\t\t\t<div class=\"elementor-element elementor-element-cza460lis exad-sticky-section-no exad-glass-effect-no elementor-widget elementor-widget-text-editor\" data-id=\"cza460lis\" data-element_type=\"widget\" data-widget_type=\"text-editor.default\">\n\t\t\t\t<div class=\"elementor-widget-container\">\n\t\t\t\t\t\t\t\t\t<div class=\"elementor-element elementor-element-ed98977 exad-sticky-section-no exad-glass-effect-no elementor-widget elementor-widget-heading\" data-id=\"ed98977\" data-element_type=\"widget\" data-widget_type=\"heading.default\"><div class=\"elementor-widget-container\">Bienvenue sur Spassio, la plateforme de r\u00e9f\u00e9rence pour tous ceux qui cherchent \u00e0 comparer les mod\u00e8les et les fabricants de maisons pr\u00e9fabriqu\u00e9es.<\/div><div> <\/div><div class=\"elementor-widget-container\">Choisir la maison pr\u00e9fabriqu\u00e9e id\u00e9ale peut s&#8217;av\u00e9rer une t\u00e2che ardue, compte tenu des innombrables options disponibles. C&#8217;est l\u00e0 que Spassio intervient, en fournissant des ressources et des informations pr\u00e9cieuses pour prendre une d\u00e9cision en toute connaissance de cause. Nous avons compil\u00e9 une vaste base de donn\u00e9es de mod\u00e8les de maisons pr\u00e9fabriqu\u00e9es et de fabricants dans toute l&#8217;Europe, ce qui facilite la comparaison des diff\u00e9rentes options et l&#8217;acc\u00e8s \u00e0 celles qui vous conviennent le mieux.<\/div><div> <\/div><\/div><div class=\"elementor-element elementor-element-5e840230 exad-sticky-section-no exad-glass-effect-no elementor-widget elementor-widget-text-editor\" data-id=\"5e840230\" data-element_type=\"widget\" data-widget_type=\"text-editor.default\"><div class=\"elementor-widget-container\">Notre interface conviviale vous permet de filtrer par taille, style, prix et emplacement, afin que vous puissiez facilement trouver la maison que vous recherchez. Vous pouvez comparer diff\u00e9rents mod\u00e8les c\u00f4te \u00e0 c\u00f4te et vous faire une id\u00e9e pr\u00e9cise des caract\u00e9ristiques et des avantages de chacun d&#8217;entre eux.  <\/div><\/div>\t\t\t\t\t\t\t\t<\/div>\n\t\t\t\t<\/div>\n\t\t\t\t<\/div>\n\t\t<div class=\"elementor-element elementor-element-zgd4qasx2 e-con-full e-flex e-con e-child\" data-id=\"zgd4qasx2\" data-element_type=\"container\">\n\t\t\t\t<div class=\"elementor-element elementor-element-h4gyiut4r exad-sticky-section-no exad-glass-effect-no elementor-invisible elementor-widget elementor-widget-image\" data-id=\"h4gyiut4r\" data-element_type=\"widget\" data-settings=\"{&quot;_animation&quot;:&quot;fadeInRight&quot;}\" data-widget_type=\"image.default\">\n\t\t\t\t<div class=\"elementor-widget-container\">\n\t\t\t\t\t\t\t\t\t\t\t\t\t\t\t<img fetchpriority=\"high\" decoding=\"async\" width=\"1024\" height=\"683\" src=\"https:\/\/staging.spassio.com\/wp-content\/uploads\/2025\/11\/IMG01934.jpg\" class=\"attachment-large size-large wp-image-178256\" alt=\"\" srcset=\"https:\/\/staging.spassio.com\/wp-content\/uploads\/2025\/11\/IMG01934.jpg 2400w, https:\/\/staging.spassio.com\/wp-content\/uploads\/2025\/11\/IMG01934-1536x1024.jpg 1536w, https:\/\/staging.spassio.com\/wp-content\/uploads\/2025\/11\/IMG01934-2048x1365.jpg 2048w\" sizes=\"(max-width: 1024px) 100vw, 1024px\" \/>\t\t\t\t\t\t\t\t\t\t\t\t\t\t\t<\/div>\n\t\t\t\t<\/div>\n\t\t\t\t<\/div>\n\t\t\t\t<\/div>\n\t\t\t\t<\/div>\n\t\t\t\t\t<\/div>\n\t\t\t\t<\/div>\n\t\t<div class=\"elementor-element elementor-element-x6vx0mz8s e-flex e-con-boxed elementor-invisible e-con e-parent\" data-id=\"x6vx0mz8s\" data-element_type=\"container\" data-settings=\"{&quot;background_background&quot;:&quot;gradient&quot;,&quot;animation&quot;:&quot;fadeIn&quot;}\">\n\t\t\t\t\t<div class=\"e-con-inner\">\n\t\t<div class=\"elementor-element elementor-element-yq7b4n0yl e-con-full e-flex e-con e-child\" data-id=\"yq7b4n0yl\" data-element_type=\"container\">\n\t\t<div class=\"elementor-element elementor-element-40mmeuimr e-con-full e-flex e-con e-child\" data-id=\"40mmeuimr\" data-element_type=\"container\">\n\t\t<div class=\"elementor-element elementor-element-3riphba7n e-con-full e-flex e-con e-child\" data-id=\"3riphba7n\" data-element_type=\"container\">\n\t\t\t\t<div class=\"elementor-element elementor-element-l8eguzu1y exad-sticky-section-no exad-glass-effect-no elementor-invisible elementor-widget elementor-widget-image\" data-id=\"l8eguzu1y\" data-element_type=\"widget\" data-settings=\"{&quot;_animation&quot;:&quot;fadeInLeft&quot;}\" data-widget_type=\"image.default\">\n\t\t\t\t<div class=\"elementor-widget-container\">\n\t\t\t\t\t\t\t\t\t\t\t\t\t\t\t<img decoding=\"async\" width=\"1024\" height=\"683\" src=\"https:\/\/staging.spassio.com\/wp-content\/uploads\/2025\/11\/IMG02035.jpg\" class=\"attachment-large size-large wp-image-178401\" alt=\"\" srcset=\"https:\/\/staging.spassio.com\/wp-content\/uploads\/2025\/11\/IMG02035.jpg 2400w, https:\/\/staging.spassio.com\/wp-content\/uploads\/2025\/11\/IMG02035-1536x1024.jpg 1536w, https:\/\/staging.spassio.com\/wp-content\/uploads\/2025\/11\/IMG02035-2048x1365.jpg 2048w\" sizes=\"(max-width: 1024px) 100vw, 1024px\" \/>\t\t\t\t\t\t\t\t\t\t\t\t\t\t\t<\/div>\n\t\t\t\t<\/div>\n\t\t\t\t<\/div>\n\t\t<div class=\"elementor-element elementor-element-3glbfp3cg e-con-full e-flex e-con e-child\" data-id=\"3glbfp3cg\" data-element_type=\"container\">\n\t\t\t\t<div class=\"elementor-element elementor-element-v3g5ga87h exad-sticky-section-no exad-glass-effect-no elementor-widget elementor-widget-text-editor\" data-id=\"v3g5ga87h\" data-element_type=\"widget\" data-widget_type=\"text-editor.default\">\n\t\t\t\t<div class=\"elementor-widget-container\">\n\t\t\t\t\t\t\t\t\t<p>La plateforme vous fournit \u00e9galement des informations pr\u00e9cises sur les fabricants de pr\u00e9fabriqu\u00e9s, ce qui vous permet de contacter facilement ceux qui r\u00e9pondent \u00e0 vos besoins uniques. En outre, Spassio a \u00e9galement lanc\u00e9 un hub d&#8217;apprentissage utile avec des dizaines d&#8217;articles sous forme de guides et d&#8217;articles de blog, vous donnant encore plus de ressources pour vous aider \u00e0 faire le meilleur choix. <\/p><p>En r\u00e9sum\u00e9, notre objectif est de renforcer vos connaissances et vos d\u00e9cisions en vous fournissant des informations fiables et une vue d&#8217;ensemble du march\u00e9 des maisons pr\u00e9fabriqu\u00e9es. Que vous soyez un primo-acc\u00e9dant ou un promoteur immobilier exp\u00e9riment\u00e9, notre plateforme vous fournit les outils dont vous avez besoin pour trouver la maison parfaite pour votre style de vie et votre budget.<\/p><p>Avec Spassio, il n&#8217;a jamais \u00e9t\u00e9 aussi facile de trouver la maison pr\u00e9fabriqu\u00e9e de vos r\u00eaves. Commencez \u00e0 explorer notre vaste base de donn\u00e9es et faites le premier pas vers votre maison pr\u00e9fabriqu\u00e9e id\u00e9ale !<\/p>\t\t\t\t\t\t\t\t<\/div>\n\t\t\t\t<\/div>\n\t\t\t\t<\/div>\n\t\t\t\t<\/div>\n\t\t\t\t<\/div>\n\t\t\t\t\t<\/div>\n\t\t\t\t<\/div>\n\t\t\t\t<\/div>\n\t\t","protected":false},"excerpt":{"rendered":"<p>About Spassio Bienvenue sur Spassio, la plateforme de r\u00e9f\u00e9rence pour tous ceux qui cherchent \u00e0 comparer les mod\u00e8les et les fabricants de maisons pr\u00e9fabriqu\u00e9es. Choisir la maison pr\u00e9fabriqu\u00e9e id\u00e9ale peut s&#8217;av\u00e9rer une t\u00e2che ardue, compte tenu des innombrables options disponibles. C&#8217;est l\u00e0 que Spassio intervient, en fournissant des ressources et des informations pr\u00e9cieuses pour prendre [&hellip;]<\/p>\n","protected":false},"author":45,"featured_media":0,"parent":0,"menu_order":0,"comment_status":"closed","ping_status":"closed","template":"elementor_header_footer","meta":{"content-type":"","_FSMCFIC_featured_image_caption":"","_FSMCFIC_featured_image_nocaption":"","_FSMCFIC_featured_image_hide":"","footnotes":""},"class_list":["post-63432","page","type-page","status-publish","hentry"],"_wp_attached_file":null,"_wp_attachment_metadata":null,"_wp_attachment_backup_sizes":null,"siteground_optimizer_webp_conversion_attempts":null,"siteground_optimizer_is_converted_to_webp":null,"siteground_optimizer_optimization_attempts":null,"siteground_optimizer_optimization_failed":null,"wpml_media_processed":null,"_wp_attachment_image_alt":null,"siteground_optimizer_is_optimized":null,"siteground_optimizer_webp_conversion_failed":null,"_elementor_source_image_hash":null,"siteground_optimizer_compression_level":null,"_elementor_inline_svg":null,"_imagify_optimization_level":null,"_imagify_status":null,"_imagify_data":null,"siteground_optimizer_original_filesize":null,"wpse_external_file_url":null,"fave_currency":null,"fave_currency_info":null,"fave_property_id":null,"fave_property_map":null,"fave_property_location":null,"houzez_geolocation_lat":null,"houzez_geolocation_long":null,"fave_property_map_street_view":null,"fave_featured":null,"fave_loggedintoview":null,"fave_agent_display_option":null,"fave_prop_homeslider":null,"fave_single_top_area":null,"fave_single_content_area":null,"_yoast_wpseo_primary_property_type":null,"_yoast_wpseo_primary_property_feature":null,"_yoast_wpseo_primary_property_label":null,"_yoast_wpseo_primary_property_country":null,"houzez_manual_expire":null,"_houzez_expiration_date_status":null,"houzez_total_property_views":null,"houzez_views_by_date":null,"houzez_recently_viewed":null,"fave_property_price":null,"fave_property_price_prefix":null,"fave_property_size":null,"fave_property_bathrooms":null,"fave_property_garage":null,"fave_levels":null,"fave_roof-type":null,"fave_construction-type":null,"fave_video_url":null,"fave_video_image":null,"fave_payment_status":null,"fave_property_agency":null,"fave_countries":null,"fave_sleeps":null,"_yoast_wpseo_primary_property_status":null,"fave_property_images":null,"fave_attachments":null,"technical_description":null,"houzez_featured_listing_date":null,"fave_property_size_prefix":null,"fave_property_bedrooms":null,"fave_property_price_postfix":null,"fave_production-time-in-weeks":null,"fave_building-time-in-days":null,"fave_window-glazing":null,"_yoast_wpseo_primary_feature-2":null,"_yoast_wpseo_primary_feature-3":null,"fave_warranty-in-years":null,"fave_property_land":null,"fave_property_land_postfix":null,"wpsebeba57d406-00de-d339-8c02-3956a916f506":null,"_oembed_eefb35903900c5c166d55ccf7fc62a8a":null,"_oembed_30948e80c1a853da0b519e72c40d2e13":null,"_oembed_0b78a31d7c7e6041adc064d46c40f98b":null,"_oembed_42c2c13b5902a21593b1d521556aea88":null,"_oembed_4fb58e495f37e206f97738a42dbe566f":null,"_oembed_b2828bee61bd9076cd21ece641de7abc":null,"_oembed_0c92428c960763e658977ce4918863f4":null,"_oembed_02b72dc3d26bdba6ff900a268ade2517":null,"_oembed_8c819834f7fc0b74364aa34a8193f46f":null,"_oembed_088962b77808b37d57abe5c8143f9652":null,"_oembed_dfae0e674c59ba061a82b330fc7fdea0":null,"_oembed_74e5075f66c4cd04b0e118feb24f6636":null,"fave_mortgage_cal":null,"_air_wp_sync_record_id":null,"_air_wp_sync_hash":null,"_air_wp_sync_importer_id":null,"_air_wp_sync_updated_at":null,"external_listing_link":null,"fave_property_map_address":null,"fave_multi_units_ids":null,"$wpml_language$":null,"fave_virtual_tour":null,"fave_gross-external-area":null,"_houzez_expiration_date":null,"_houzez_expiration_date_options":null,"floor_plans":null,"_oembed_a17db82fa378d53b4dc6ed46e5344499":null,"_oembed_da390569a339f4d7147d95cfb8c04c12":null,"_oembed_6a3eda5947bcc098660397ca8e21a941":null,"fave_roof-angle":null,"fave_seo-content":null,"_oembed_a7b8941eeee966e7350aede20b4d62be":null,"_oembed_time_a7b8941eeee966e7350aede20b4d62be":null,"additional_features":null,"fave_multi_units":null,"_oembed_716f56b62500685a7dd15ea2ec7579bd":null,"_oembed_time_716f56b62500685a7dd15ea2ec7579bd":null,"_oembed_8ececd3dd2598a4aedb5dfc82df2a0f6":null,"_oembed_time_8ececd3dd2598a4aedb5dfc82df2a0f6":null,"_oembed_4cef7884ea6ef16d48cd8675b12e440d":null,"fave_property_garage_size":null,"_oembed_5c1eaf7b40f4e3a3089b38beb88ba480":null,"fave_property_zip":null,"_oembed_ccdd6e0304386ece64b3b91f572b0be4":null,"_oembed_ae30d19e3e861b389146a1ccc2828104":null,"fave_property_rooms":null,"fave_property_year":null,"two_page_speed":null,"fave_year_established":null,"Status":null,"_oembed_5b2d8d2cf33b469c98e488ea5b118c30":null,"WPML Language Code":null,"_links":{"self":[{"href":"https:\/\/staging.spassio.com\/fr\/wp-json\/wp\/v2\/pages\/63432","targetHints":{"allow":["GET"]}}],"collection":[{"href":"https:\/\/staging.spassio.com\/fr\/wp-json\/wp\/v2\/pages"}],"about":[{"href":"https:\/\/staging.spassio.com\/fr\/wp-json\/wp\/v2\/types\/page"}],"author":[{"embeddable":true,"href":"https:\/\/staging.spassio.com\/fr\/wp-json\/wp\/v2\/users\/45"}],"replies":[{"embeddable":true,"href":"https:\/\/staging.spassio.com\/fr\/wp-json\/wp\/v2\/comments?post=63432"}],"version-history":[{"count":3,"href":"https:\/\/staging.spassio.com\/fr\/wp-json\/wp\/v2\/pages\/63432\/revisions"}],"predecessor-version":[{"id":178740,"href":"https:\/\/staging.spassio.com\/fr\/wp-json\/wp\/v2\/pages\/63432\/revisions\/178740"}],"wp:attachment":[{"href":"https:\/\/staging.spassio.com\/fr\/wp-json\/wp\/v2\/media?parent=63432"}],"curies":[{"name":"wp","href":"https:\/\/api.w.org\/{rel}","templated":true}]}}