{"id":93431,"date":"2024-08-18T21:24:16","date_gmt":"2024-08-18T20:24:16","guid":{"rendered":"https:\/\/staging.spassio.com\/?page_id=93431"},"modified":"2025-10-10T13:53:26","modified_gmt":"2025-10-10T12:53:26","slug":"how-are-modular-homes-set-up","status":"publish","type":"page","link":"https:\/\/staging.spassio.com\/fr\/guides\/how-are-modular-homes-set-up\/","title":{"rendered":"Comment les maisons Modular A sont-elles construites ? Un guide complet"},"content":{"rendered":"<h2><img fetchpriority=\"high\" decoding=\"async\" class=\"alignnone wp-image-93476 aligncenter\" src=\"https:\/\/staging.spassio.com\/wp-content\/uploads\/2024\/08\/00067_scandi_modular-onsite_crane-300x251.jpg\" alt=\"\" width=\"578\" height=\"484\" srcset=\"https:\/\/staging.spassio.com\/wp-content\/uploads\/2024\/08\/00067_scandi_modular-onsite_crane-300x251.jpg 300w, https:\/\/staging.spassio.com\/wp-content\/uploads\/2024\/08\/00067_scandi_modular-onsite_crane-768x644.jpg 768w, https:\/\/staging.spassio.com\/wp-content\/uploads\/2024\/08\/00067_scandi_modular-onsite_crane.jpg 940w, https:\/\/staging.spassio.com\/wp-content\/uploads\/2024\/08\/00067_scandi_modular-onsite_crane-716x600.jpg 716w, https:\/\/staging.spassio.com\/wp-content\/uploads\/2024\/08\/00067_scandi_modular-onsite_crane-496x416.jpg 496w\" sizes=\"(max-width: 578px) 100vw, 578px\" \/><\/h2>\n<h2>Introduction aux Modular Homes<\/h2>\n<p>Les maisons modulaires r\u00e9volutionnent le secteur de la construction gr\u00e2ce \u00e0 leur efficacit\u00e9, leur durabilit\u00e9 et leur rentabilit\u00e9. Contrairement \u00e0 la construction traditionnelle, ce type de maison pr\u00e9fabriqu\u00e9e est construit en sections volum\u00e9triques dans une usine, ce qui garantit le contr\u00f4le de la qualit\u00e9 et r\u00e9duit le temps de construction. Ces sections sont transport\u00e9es sur le site et assembl\u00e9es pour former une maison compl\u00e8te.  <\/p>\n<p>Ce guide vous accompagnera dans le processus d&#8217;installation d\u00e9taill\u00e9 des maisons modulaires, de la planification avant la construction aux touches finales, en vous fournissant les connaissances n\u00e9cessaires pour prendre des d\u00e9cisions \u00e9clair\u00e9es sur l&#8217;achat et l&#8217;installation d&#8217;une maison modulaire.<\/p>\n<h2>Planification de la pr\u00e9-construction<\/h2>\n<h3>Choisir un mod\u00e8le de maison modulaire<\/h3>\n<p>La premi\u00e8re \u00e9tape de l&#8217;installation d&#8217;une <a href=\"https:\/\/staging.spassio.com\/fr\/categories\/maisons-modulaires\/\">maison modulaire<\/a> consiste \u00e0 choisir le design qui correspond \u00e0 vos besoins et \u00e0 vos pr\u00e9f\u00e9rences. Les maisons modulaires offrent une gamme de conceptions, du style contemporain au style traditionnel, et peuvent \u00eatre personnalis\u00e9es pour s&#8217;adapter \u00e0 votre mode de vie. Consultez un <a href=\"https:\/\/staging.spassio.com\/fr\/prefab-construction\/modulaire\/\">fabricant de maisons modulaires<\/a> pour explorer les options de conception, les plans d&#8217;\u00e9tage et les fonctions de personnalisation disponibles.  <\/p>\n<h3>Pr\u00e9paration du site<\/h3>\n<p>La pr\u00e9paration du site est essentielle \u00e0 la r\u00e9ussite de l&#8217;installation d&#8217;une maison modulaire. Il s&#8217;agit de d\u00e9blayer le terrain, de le niveler et d&#8217;assurer un drainage ad\u00e9quat. Une <g id=\"gid_0\">fondation<\/g>, sous forme de sous-sol, de vide sanitaire ou de dalle de b\u00e9ton, est ensuite construite pour soutenir les sections modulaires. La pr\u00e9paration du site comprend \u00e9galement la mise en place des Raccordements aux services publics tels que l&#8217;eau, l&#8217;\u00e9lectricit\u00e9 et les \u00e9gouts.   <\/p>\n<h3>Obtention des permis<\/h3>\n<p>Avant le d\u00e9but de la construction, obtenez les permis n\u00e9cessaires aupr\u00e8s des autorit\u00e9s locales. Ces permis garantissent que votre maison modulaire est conforme aux codes de construction et aux r\u00e8glements de zonage. Le <a href=\"https:\/\/staging.spassio.com\/fr\/tout-savoir-achat-maison-prefabriquee\/#:~:text=you%20will%20most%20likely%20need%20to%20apply%20for%20a%20building%20permit\">processus d&#8217;obtention des permis<\/a> peut inclure des inspections du site et des approbations de la part de divers services. Travaillez donc en \u00e9troite collaboration avec votre fournisseur de maisons modulaires pour franchir cette \u00e9tape.  <\/p>\n<h2>Transport et livraison<\/h2>\n<h3>Logistique du transport des sections de maisons modulaires<\/h3>\n<p>Une fois les sections modulaires achev\u00e9es en usine, elles sont emball\u00e9es et transport\u00e9es sur le site de construction. Cette \u00e9tape n\u00e9cessite une planification m\u00e9ticuleuse afin de garantir une livraison s\u00fbre et dans les d\u00e9lais. La logistique du transport comprend l&#8217;obtention des permis routiers n\u00e9cessaires, l&#8217;organisation de voitures pilotes en cas de besoin et la coordination avec les autorit\u00e9s locales pour g\u00e9rer le trafic pendant la livraison. Les sections modulaires sont transport\u00e9es \u00e0 l&#8217;aide de camions \u00e0 plateau, et chaque section est prot\u00e9g\u00e9e pour \u00e9viter tout dommage pendant le transport.   <\/p>\n<figure id=\"attachment_92271\" aria-describedby=\"caption-attachment-92271\" style=\"width: 1200px\" class=\"wp-caption alignnone\"><a href=\"https:\/\/staging.spassio.com\/es\/manufacturer\/norges-hus-modular-building\/\"><img decoding=\"async\" class=\"wp-image-92271 size-full\" src=\"https:\/\/staging.spassio.com\/wp-content\/uploads\/2024\/08\/norges-hus-modular-building_banner-1.jpg\" alt=\"\" width=\"1200\" height=\"900\" srcset=\"https:\/\/staging.spassio.com\/wp-content\/uploads\/2024\/08\/norges-hus-modular-building_banner-1.jpg 1200w, https:\/\/staging.spassio.com\/wp-content\/uploads\/2024\/08\/norges-hus-modular-building_banner-1-300x225.jpg 300w, https:\/\/staging.spassio.com\/wp-content\/uploads\/2024\/08\/norges-hus-modular-building_banner-1-1024x768.jpg 1024w, https:\/\/staging.spassio.com\/wp-content\/uploads\/2024\/08\/norges-hus-modular-building_banner-1-768x576.jpg 768w, https:\/\/staging.spassio.com\/wp-content\/uploads\/2024\/08\/norges-hus-modular-building_banner-1-592x444.jpg 592w, https:\/\/staging.spassio.com\/wp-content\/uploads\/2024\/08\/norges-hus-modular-building_banner-1-584x438.jpg 584w, https:\/\/staging.spassio.com\/wp-content\/uploads\/2024\/08\/norges-hus-modular-building_banner-1-800x600.jpg 800w, https:\/\/staging.spassio.com\/wp-content\/uploads\/2024\/08\/norges-hus-modular-building_banner-1-120x90.jpg 120w, https:\/\/staging.spassio.com\/wp-content\/uploads\/2024\/08\/norges-hus-modular-building_banner-1-496x372.jpg 496w\" sizes=\"(max-width: 1200px) 100vw, 1200px\" \/><\/a><figcaption id=\"caption-attachment-92271\" class=\"wp-caption-text\">Norges Hus Modular Building<\/figcaption><\/figure>\n<h2>Assemblage sur place<\/h2>\n<h3>Processus d\u00e9taill\u00e9 d&#8217;assemblage des sections de la maison Modular One<\/h3>\n<ul>\n<li>Le montage sur place est l&#8217;\u00e9tape o\u00f9 la maison modulaire est assembl\u00e9e. Voici un aper\u00e7u du processus, \u00e9tape par \u00e9tape : <\/li>\n<li>Pr\u00e9paration des fondations : Veillez \u00e0 ce que les fondations soient pr\u00eates et durcies avant l&#8217;arriv\u00e9e des sections modulaires.<\/li>\n<li>Grue des sections : Une Grue soul\u00e8ve chaque section modulaire du camion et la place sur la fondation. La pr\u00e9cision est essentielle pour s&#8217;assurer que les sections s&#8217;alignent correctement. <\/li>\n<li>Assemblage des sections : Les sections sont solidement fix\u00e9es \u00e0 l&#8217;aide de boulons et de connecteurs sp\u00e9ciaux. Ce processus comprend l&#8217;\u00e9tanch\u00e9it\u00e9 des joints et le raccordement des syst\u00e8mes de plomberie et d&#8217;\u00e9lectricit\u00e9 entre les sections. <\/li>\n<li>Toit et finitions ext\u00e9rieures : une fois les sections en place, le toit est parfois install\u00e9 et les finitions ext\u00e9rieures, telles que le bardage et les garnitures, sont achev\u00e9es.<\/li>\n<\/ul>\n<figure id=\"attachment_93401\" aria-describedby=\"caption-attachment-93401\" style=\"width: 819px\" class=\"wp-caption aligncenter\"><img decoding=\"async\" class=\"wp-image-93401 size-large\" src=\"https:\/\/staging.spassio.com\/wp-content\/uploads\/2024\/08\/00065_scandi_modular-onsite-assembly-819x1024.jpg\" alt=\"assemblage modulaire sur site\" width=\"819\" height=\"1024\" srcset=\"https:\/\/staging.spassio.com\/wp-content\/uploads\/2024\/08\/00065_scandi_modular-onsite-assembly-819x1024.jpg 819w, https:\/\/staging.spassio.com\/wp-content\/uploads\/2024\/08\/00065_scandi_modular-onsite-assembly-240x300.jpg 240w, https:\/\/staging.spassio.com\/wp-content\/uploads\/2024\/08\/00065_scandi_modular-onsite-assembly-768x960.jpg 768w, https:\/\/staging.spassio.com\/wp-content\/uploads\/2024\/08\/00065_scandi_modular-onsite-assembly-480x600.jpg 480w, https:\/\/staging.spassio.com\/wp-content\/uploads\/2024\/08\/00065_scandi_modular-onsite-assembly-496x620.jpg 496w, https:\/\/staging.spassio.com\/wp-content\/uploads\/2024\/08\/00065_scandi_modular-onsite-assembly.jpg 1080w\" sizes=\"(max-width: 819px) 100vw, 819px\" \/><figcaption id=\"caption-attachment-93401\" class=\"wp-caption-text\">Assemblage sur site d&#8217;une maison modulaire Scandi<\/figcaption><\/figure>\n<h3>Garantir l&#8217;int\u00e9grit\u00e9 structurelle<\/h3>\n<p>Pendant le montage, il est essentiel de proc\u00e9der \u00e0 des inspections pour s&#8217;assurer de l&#8217;int\u00e9grit\u00e9 structurelle de la maison. Il s&#8217;agit notamment de v\u00e9rifier que toutes les connexions sont s\u00fbres, que les murs sont align\u00e9s et qu&#8217;il n&#8217;y a pas de lacunes ou de d\u00e9salignements. Tout probl\u00e8me d\u00e9couvert lors des inspections doit \u00eatre r\u00e9solu imm\u00e9diatement afin d&#8217;\u00e9viter des probl\u00e8mes ult\u00e9rieurs.  <\/p>\n<h2>Touches finales<\/h2>\n<h3>Compl\u00e9ter le Home One avec des finitions int\u00e9rieures<\/h3>\n<p>En g\u00e9n\u00e9ral, les maisons modulaires sont finies hors site. N\u00e9anmoins, dans certains cas, c&#8217;est apr\u00e8s l&#8217;assemblage des sections modulaires que commence la finition int\u00e9rieure. Il s&#8217;agit notamment d&#8217;installer les rev\u00eatements de sol, les armoires, les comptoirs et les accessoires. Les murs int\u00e9rieurs sont peints et les boiseries n\u00e9cessaires sont achev\u00e9es. Les propri\u00e9taires peuvent choisir parmi une vari\u00e9t\u00e9 de finitions pour personnaliser leur maison modulaire.    <\/p>\n<h3>Raccordements aux services publics et am\u00e9nagement paysager<\/h3>\n<p>La touche finale consiste \u00e0 am\u00e9nager le terrain et \u00e0 raccorder tous les services publics. Cela comprend l&#8217;installation des all\u00e9es, des trottoirs et de l&#8217;\u00e9clairage ext\u00e9rieur. Les Raccordements aux services publics pour l&#8217;eau, l&#8217;\u00e9lectricit\u00e9 et les eaux us\u00e9es sont achev\u00e9s et les syst\u00e8mes sont test\u00e9s pour s&#8217;assurer qu&#8217;ils fonctionnent correctement.  <\/p>\n<h2>\u00c9tudes de cas<\/h2>\n<h3>Exemples de projets de maisons modulaires r\u00e9ussis<\/h3>\n<p>Pour illustrer le succ\u00e8s et l&#8217;efficacit\u00e9 des maisons modulaires, examinez les \u00e9tudes de cas suivantes :<\/p>\n<ul>\n<li>Une maison modulaire de banlieue pr\u00e8s de Nuremberg : Dans un petit village bavarois, Blokki a achev\u00e9 sa maison de 2,5 m\u00b2 \u00e0 la fin de l&#8217;ann\u00e9e 2023. Cette maison modulaire a \u00e9t\u00e9 construite sur un terrain de 650 m\u00b2 comprenant un toit en pente, des chambres agrandies et un bureau. Chauff\u00e9e par un chauffage \u00e9lectrique au sol et un po\u00eale \u00e0 bois, avec un chauffe-eau solaire, elle s&#8217;harmonise avec son environnement et r\u00e9pond aux strictes r\u00e9glementations locales.  <img loading=\"lazy\" decoding=\"async\" class=\"size-full wp-image-93421 aligncenter\" src=\"https:\/\/staging.spassio.com\/wp-content\/uploads\/2024\/08\/blokki-case-study-modular.jpg\" alt=\"Blokki 2.5 \u00e9tude de cas maison modulaire\" width=\"791\" height=\"500\" srcset=\"https:\/\/staging.spassio.com\/wp-content\/uploads\/2024\/08\/blokki-case-study-modular.jpg 791w, https:\/\/staging.spassio.com\/wp-content\/uploads\/2024\/08\/blokki-case-study-modular-300x190.jpg 300w, https:\/\/staging.spassio.com\/wp-content\/uploads\/2024\/08\/blokki-case-study-modular-768x485.jpg 768w, https:\/\/staging.spassio.com\/wp-content\/uploads\/2024\/08\/blokki-case-study-modular-496x314.jpg 496w\" sizes=\"(max-width: 791px) 100vw, 791px\" \/><\/li>\n<li>Cabine rurale en Bulgarie : Ce couple a choisi de construire une minuscule maison familiale dans la belle campagne d&#8217;Etropole pour y r\u00e9sider en permanence et y travailler \u00e0 distance. Con\u00e7ue et construite par Koleliba en 2022, cette maison de 3 x 10 m\u00e8tres comprend un espace de vie spacieux, une salle de bain semblable \u00e0 un spa, une cuisine enti\u00e8rement \u00e9quip\u00e9e, un canap\u00e9-lit en L d\u00e9pliable, une niche de chambre \u00e0 coucher semi-divis\u00e9e et un espace de bureau, offrant une \u00e9vasion parfaite pour se d\u00e9tendre et profiter de la nature. <img loading=\"lazy\" decoding=\"async\" class=\"size-full wp-image-30396 aligncenter\" src=\"https:\/\/staging.spassio.com\/wp-content\/uploads\/2022\/10\/koleliba-family-tiny-floorplan-01.jpeg\" alt=\"\" width=\"1000\" height=\"667\" srcset=\"https:\/\/staging.spassio.com\/wp-content\/uploads\/2022\/10\/koleliba-family-tiny-floorplan-01.jpeg 1000w, https:\/\/staging.spassio.com\/wp-content\/uploads\/2022\/10\/koleliba-family-tiny-floorplan-01-300x200.jpeg 300w, https:\/\/staging.spassio.com\/wp-content\/uploads\/2022\/10\/koleliba-family-tiny-floorplan-01-768x512.jpeg 768w, https:\/\/staging.spassio.com\/wp-content\/uploads\/2022\/10\/koleliba-family-tiny-floorplan-01-900x600.jpeg 900w, https:\/\/staging.spassio.com\/wp-content\/uploads\/2022\/10\/koleliba-family-tiny-floorplan-01-496x331.jpeg 496w\" sizes=\"(max-width: 1000px) 100vw, 1000px\" \/><\/li>\n<\/ul>\n<h2>Conclusion<\/h2>\n<p>Les maisons modulaires offrent une alternative moderne, efficace et durable aux habitations traditionnelles. En comprenant le processus d&#8217;installation d\u00e9taill\u00e9 &#8211; de la planification avant la construction \u00e0 la touche finale &#8211; vous pouvez prendre des d\u00e9cisions \u00e9clair\u00e9es quant \u00e0 l&#8217;investissement dans une maison modulaire. Avec des avantages tels que la r\u00e9duction du temps de construction, les \u00e9conomies de co\u00fbts et la durabilit\u00e9 environnementale, les maisons modulaires sont un choix judicieux pour ceux qui recherchent des solutions de logement innovantes et personnalisables.  <\/p>\n<p><strong>Statistiques \u00e0 retenir :<\/strong><\/p>\n<ul>\n<li style=\"list-style-type: none;\">\n<ul>\n<li>Les maisons modulaires peuvent r\u00e9duire le temps de construction jusqu&#8217;\u00e0 50 % par rapport aux maisons traditionnelles.<\/li>\n<li>Les maisons pr\u00e9fabriqu\u00e9es peuvent r\u00e9duire les d\u00e9chets de construction jusqu&#8217;\u00e0 90 %.<\/li>\n<li>Les maisons modulaires permettent de r\u00e9duire de 40 % les \u00e9missions de CO2 pendant la construction.<\/li>\n<li>Le co\u00fbt des maisons modulaires peut \u00eatre inf\u00e9rieur de 10 \u00e0 20 % \u00e0 celui des maisons traditionnelles.<\/li>\n<\/ul>\n<\/li>\n<\/ul>\n<p><strong>Liens utiles :<\/strong><\/p>\n<p><a href=\"https:\/\/staging.spassio.com\/fr\/categories\/maisons-modulaires\/\">Modular Homes sur Spassio<\/a><br \/>\n<a href=\"https:\/\/staging.spassio.com\/fr\/production-livraison-maisons-modulaires-norges-hus\/\">Dans les coulisses : De la production \u00e0 la livraison des maisons modulaires Norges Hus<\/a><br \/>\n<a href=\"https:\/\/staging.spassio.com\/fr\/cout-construction-maison-modulaire\/\">Combien co\u00fbte la construction d&#8217;une maison modulaire ?<\/a><br \/>\n<a href=\"https:\/\/staging.spassio.com\/fr\/maisons-modulaires-le-nouveau-standard-en-construction\/\">La construction de maisons modulaires va devenir la nouvelle norme<\/a><\/p>\n","protected":false},"excerpt":{"rendered":"<p>Introduction aux Modular Homes Les maisons modulaires r\u00e9volutionnent le secteur de la construction gr\u00e2ce \u00e0 leur efficacit\u00e9, leur durabilit\u00e9 et leur rentabilit\u00e9. Contrairement \u00e0 la construction traditionnelle, ce type de maison pr\u00e9fabriqu\u00e9e est construit en sections volum\u00e9triques dans une usine, ce qui garantit le contr\u00f4le de la qualit\u00e9 et r\u00e9duit le temps de construction. Ces [&hellip;]<\/p>\n","protected":false},"author":194,"featured_media":93413,"parent":41002,"menu_order":0,"comment_status":"closed","ping_status":"closed","template":"","meta":{"content-type":"","_FSMCFIC_featured_image_caption":"","_FSMCFIC_featured_image_nocaption":"","_FSMCFIC_featured_image_hide":"","footnotes":""},"class_list":["post-93431","page","type-page","status-publish","has-post-thumbnail","hentry"],"_wp_attached_file":null,"_wp_attachment_metadata":null,"_wp_attachment_backup_sizes":null,"siteground_optimizer_webp_conversion_attempts":null,"siteground_optimizer_is_converted_to_webp":null,"siteground_optimizer_optimization_attempts":null,"siteground_optimizer_optimization_failed":null,"wpml_media_processed":null,"_wp_attachment_image_alt":null,"siteground_optimizer_is_optimized":null,"siteground_optimizer_webp_conversion_failed":null,"_elementor_source_image_hash":null,"siteground_optimizer_compression_level":null,"_elementor_inline_svg":null,"_imagify_optimization_level":null,"_imagify_status":null,"_imagify_data":null,"siteground_optimizer_original_filesize":null,"wpse_external_file_url":null,"fave_currency":null,"fave_currency_info":null,"fave_property_id":null,"fave_property_map":null,"fave_property_location":null,"houzez_geolocation_lat":null,"houzez_geolocation_long":null,"fave_property_map_street_view":null,"fave_featured":null,"fave_loggedintoview":null,"fave_agent_display_option":null,"fave_prop_homeslider":null,"fave_single_top_area":null,"fave_single_content_area":null,"_yoast_wpseo_primary_property_type":null,"_yoast_wpseo_primary_property_feature":null,"_yoast_wpseo_primary_property_label":null,"_yoast_wpseo_primary_property_country":null,"houzez_manual_expire":null,"_houzez_expiration_date_status":null,"houzez_total_property_views":null,"houzez_views_by_date":null,"houzez_recently_viewed":null,"fave_property_price":null,"fave_property_price_prefix":null,"fave_property_size":null,"fave_property_bathrooms":null,"fave_property_garage":null,"fave_levels":null,"fave_roof-type":null,"fave_construction-type":null,"fave_video_url":null,"fave_video_image":null,"fave_payment_status":null,"fave_property_agency":null,"fave_countries":null,"fave_sleeps":null,"_yoast_wpseo_primary_property_status":null,"fave_property_images":null,"fave_attachments":null,"technical_description":null,"houzez_featured_listing_date":null,"fave_property_size_prefix":null,"fave_property_bedrooms":null,"fave_property_price_postfix":null,"fave_production-time-in-weeks":null,"fave_building-time-in-days":null,"fave_window-glazing":null,"_yoast_wpseo_primary_feature-2":null,"_yoast_wpseo_primary_feature-3":null,"fave_warranty-in-years":null,"fave_property_land":null,"fave_property_land_postfix":null,"wpsebeba57d406-00de-d339-8c02-3956a916f506":null,"_oembed_eefb35903900c5c166d55ccf7fc62a8a":null,"_oembed_30948e80c1a853da0b519e72c40d2e13":null,"_oembed_0b78a31d7c7e6041adc064d46c40f98b":null,"_oembed_42c2c13b5902a21593b1d521556aea88":null,"_oembed_4fb58e495f37e206f97738a42dbe566f":null,"_oembed_b2828bee61bd9076cd21ece641de7abc":null,"_oembed_0c92428c960763e658977ce4918863f4":null,"_oembed_02b72dc3d26bdba6ff900a268ade2517":null,"_oembed_8c819834f7fc0b74364aa34a8193f46f":null,"_oembed_088962b77808b37d57abe5c8143f9652":null,"_oembed_dfae0e674c59ba061a82b330fc7fdea0":null,"_oembed_74e5075f66c4cd04b0e118feb24f6636":null,"fave_mortgage_cal":null,"_air_wp_sync_record_id":null,"_air_wp_sync_hash":null,"_air_wp_sync_importer_id":null,"_air_wp_sync_updated_at":null,"external_listing_link":null,"fave_property_map_address":null,"fave_multi_units_ids":null,"$wpml_language$":null,"fave_virtual_tour":null,"fave_gross-external-area":null,"_houzez_expiration_date":null,"_houzez_expiration_date_options":null,"floor_plans":null,"_oembed_a17db82fa378d53b4dc6ed46e5344499":null,"_oembed_da390569a339f4d7147d95cfb8c04c12":null,"_oembed_6a3eda5947bcc098660397ca8e21a941":null,"fave_roof-angle":null,"fave_seo-content":null,"_oembed_a7b8941eeee966e7350aede20b4d62be":null,"_oembed_time_a7b8941eeee966e7350aede20b4d62be":null,"additional_features":null,"fave_multi_units":null,"_oembed_716f56b62500685a7dd15ea2ec7579bd":null,"_oembed_time_716f56b62500685a7dd15ea2ec7579bd":null,"_oembed_8ececd3dd2598a4aedb5dfc82df2a0f6":null,"_oembed_time_8ececd3dd2598a4aedb5dfc82df2a0f6":null,"_oembed_4cef7884ea6ef16d48cd8675b12e440d":null,"fave_property_garage_size":null,"_oembed_5c1eaf7b40f4e3a3089b38beb88ba480":null,"fave_property_zip":null,"_oembed_ccdd6e0304386ece64b3b91f572b0be4":null,"_oembed_ae30d19e3e861b389146a1ccc2828104":null,"fave_property_rooms":null,"fave_property_year":null,"two_page_speed":null,"fave_year_established":null,"Status":null,"_oembed_5b2d8d2cf33b469c98e488ea5b118c30":null,"WPML Language Code":null,"_links":{"self":[{"href":"https:\/\/staging.spassio.com\/fr\/wp-json\/wp\/v2\/pages\/93431","targetHints":{"allow":["GET"]}}],"collection":[{"href":"https:\/\/staging.spassio.com\/fr\/wp-json\/wp\/v2\/pages"}],"about":[{"href":"https:\/\/staging.spassio.com\/fr\/wp-json\/wp\/v2\/types\/page"}],"author":[{"embeddable":true,"href":"https:\/\/staging.spassio.com\/fr\/wp-json\/wp\/v2\/users\/194"}],"replies":[{"embeddable":true,"href":"https:\/\/staging.spassio.com\/fr\/wp-json\/wp\/v2\/comments?post=93431"}],"version-history":[{"count":1,"href":"https:\/\/staging.spassio.com\/fr\/wp-json\/wp\/v2\/pages\/93431\/revisions"}],"predecessor-version":[{"id":173243,"href":"https:\/\/staging.spassio.com\/fr\/wp-json\/wp\/v2\/pages\/93431\/revisions\/173243"}],"up":[{"embeddable":true,"href":"https:\/\/staging.spassio.com\/fr\/wp-json\/wp\/v2\/pages\/41002"}],"wp:featuredmedia":[{"embeddable":true,"href":"https:\/\/staging.spassio.com\/fr\/wp-json\/wp\/v2\/media\/93413"}],"wp:attachment":[{"href":"https:\/\/staging.spassio.com\/fr\/wp-json\/wp\/v2\/media?parent=93431"}],"curies":[{"name":"wp","href":"https:\/\/api.w.org\/{rel}","templated":true}]}}