{"id":69848,"date":"2022-11-18T13:45:28","date_gmt":"2022-11-18T12:45:28","guid":{"rendered":"https:\/\/staging.spassio.com\/?page_id=69848"},"modified":"2024-02-16T16:07:30","modified_gmt":"2024-02-16T15:07:30","slug":"hoeveel-kost-prefab-huis-bouwen","status":"publish","type":"page","link":"https:\/\/staging.spassio.com\/nl\/hoeveel-kost-prefab-huis-bouwen\/","title":{"rendered":"Hoeveel kost het om een prefab huis te bouwen?"},"content":{"rendered":"<figure id=\"attachment_31540\" aria-describedby=\"caption-attachment-31540\" style=\"width: 1024px\" class=\"wp-caption alignnone\"><img fetchpriority=\"high\" decoding=\"async\" class=\"wp-image-31540 size-large\" src=\"https:\/\/staging.spassio.com\/wp-content\/uploads\/2022\/11\/COMMOD-Production-hall-3-1024x683.jpeg\" alt=\"Productie prefab Fabrikant\" width=\"1024\" height=\"683\" srcset=\"https:\/\/staging.spassio.com\/wp-content\/uploads\/2022\/11\/COMMOD-Production-hall-3-1024x683.jpeg 1024w, https:\/\/staging.spassio.com\/wp-content\/uploads\/2022\/11\/COMMOD-Production-hall-3-300x200.jpeg 300w, https:\/\/staging.spassio.com\/wp-content\/uploads\/2022\/11\/COMMOD-Production-hall-3-768x512.jpeg 768w, https:\/\/staging.spassio.com\/wp-content\/uploads\/2022\/11\/COMMOD-Production-hall-3-1536x1025.jpeg 1536w, https:\/\/staging.spassio.com\/wp-content\/uploads\/2022\/11\/COMMOD-Production-hall-3-900x600.jpeg 900w, https:\/\/staging.spassio.com\/wp-content\/uploads\/2022\/11\/COMMOD-Production-hall-3-496x331.jpeg 496w, https:\/\/staging.spassio.com\/wp-content\/uploads\/2022\/11\/COMMOD-Production-hall-3.jpeg 2000w\" sizes=\"(max-width: 1024px) 100vw, 1024px\" \/><figcaption id=\"caption-attachment-31540\" class=\"wp-caption-text\">Afbeelding met dank aan: <a href=\"https:\/\/staging.spassio.com\/manufacturer\/commod-house\/\">COMMOD HOUSE<\/a><\/figcaption><\/figure>\n<p>De meeste fabrikanten tonen openlijk de kosten van hun prefab modellen, een waarde die in Europa en het VK rond de \u20ac 90.000 schommelt. De meeste geadverteerde getallen zijn echter de zogenaamde basisprijs en zijn meestal slechts een startprijs. Deze prijs kan op voorhand bepaald worden omdat hij verwijst naar de off-site werkzaamheden van een vooraf ontworpen model, hoewel de uiteindelijke kosten extra bouwfasen omvatten. Het is essentieel om deze niet weergegeven kosten te identificeren, omdat deze in de meeste gevallen de basisprijs kunnen verdubbelen of zelfs verdrievoudigen <a href=\"#_ftn1\" name=\"_ftnref1\">[1]<\/a>.<\/p>\n<h2>Wat is inbegrepen in de basisprijs van een prefab huis?<\/h2>\n<p>De basisprijs omvat gewoonlijk alle benodigde materialen en arbeidskrachten die nodig zijn om de bouw van het huis op locatie te voltooien, zoals gedefinieerd door de fabrikant. Fabrikanten kunnen vooraf een basisprijs vaststellen omdat hun voorontworpen modellen geprefabriceerd zijn. Prefabricage garandeert een gecontroleerde omgeving zonder onverwachte situaties zoals bij traditionele bouw.<\/p>\n<p>Dit zijn de meest voorkomende functies die in de basisprijs zijn inbegrepen.<\/p>\n<ul>\n<li>Structuur van het huis<\/li>\n<li>Eventueel noodzakelijke lagen zoals isolatie of waterdichte barri\u00e8res.<\/li>\n<li>Sanitair, bedrading en armaturen<\/li>\n<li>Verwarmingssystemen en\/of koelsystemen<\/li>\n<li>Binnenafwerking (muren, vloeren, plafonds)<\/li>\n<li>Buitenafwerking (bevelsiding, dakbedekking)<\/li>\n<li>Deuren en ramen<\/li>\n<\/ul>\n<p>Wat er bij de basisprijs inbegrepen is, kan per bedrijf enorm verschillen. Prefab-bedrijven zoals <a href=\"https:\/\/staging.spassio.com\/manufacturer\/kleinhaus\/\">Klein<\/a>, <a href=\"https:\/\/staging.spassio.com\/manufacturer\/commod-house\/\">Commod House<\/a> of <a href=\"https:\/\/staging.spassio.com\/manufacturer\/ruum-tiny-houses\/\">Ruum Tiny Houses<\/a> houden zich bijvoorbeeld aan de vorige inclusieve lijst. Andere bedrijven, zoals <a href=\"https:\/\/staging.spassio.com\/manufacturer\/woodville\/\">Woodville<\/a> of <a href=\"https:\/\/staging.spassio.com\/manufacturer\/tiny-home-romania\/\">Tiny Home Romania<\/a>, laten hun klanten zelf beslissen wat standaard inbegrepen is. Ze bieden verschillende startprijzen voor de aankoop van een leeg huis, een gemeubileerd huis of zelfs een instapklaar huis.<\/p>\n<h2>Hoe schat u de werkelijke uiteindelijke kosten van een prefab constructie?<\/h2>\n<p>Om te weten hoeveel ons prefab huis echt zal kosten, kunnen we de waarde niet vereenvoudigen tot een kostprijs per vierkante meter. In plaats daarvan moeten we elke fase van de prefabbouw analyseren, omdat de kosten ervan afhangen van verschillende variabelen die niet overschat kunnen worden. Toch heeft prefabbouw een groot voordeel bij het berekenen van de kosten: de zekerheid van de uiteindelijke waarde.<\/p>\n<figure id=\"attachment_31541\" aria-describedby=\"caption-attachment-31541\" style=\"width: 1000px\" class=\"wp-caption alignnone\"><a href=\"https:\/\/staging.spassio.com\/models\/woodville-mohma-standard\/\"><img decoding=\"async\" class=\"wp-image-31541 size-full\" src=\"https:\/\/staging.spassio.com\/wp-content\/uploads\/2022\/11\/how-musch-cost-build-prefab-house-woodville-mohma-standard.webp\" alt=\"Hoeveel kost het om een prefab huis te bouwen?\" width=\"1000\" height=\"563\" srcset=\"https:\/\/staging.spassio.com\/wp-content\/uploads\/2022\/11\/how-musch-cost-build-prefab-house-woodville-mohma-standard.webp 1000w, https:\/\/staging.spassio.com\/wp-content\/uploads\/2022\/11\/how-musch-cost-build-prefab-house-woodville-mohma-standard-300x169.webp 300w, https:\/\/staging.spassio.com\/wp-content\/uploads\/2022\/11\/how-musch-cost-build-prefab-house-woodville-mohma-standard-768x432.webp 768w, https:\/\/staging.spassio.com\/wp-content\/uploads\/2022\/11\/how-musch-cost-build-prefab-house-woodville-mohma-standard-496x279.webp 496w\" sizes=\"(max-width: 1000px) 100vw, 1000px\" \/><\/a><figcaption id=\"caption-attachment-31541\" class=\"wp-caption-text\">Afbeelding met dank aan: COMMOD HOUSE &#8211; <a href=\"https:\/\/staging.spassio.com\/models\/woodville-mohma-standard\/\">model mohma Standard<\/a><\/figcaption><\/figure>\n<p>Al die bouwfasen die buiten de bouwplaats plaatsvinden, hebben zelden te maken met kostenwijzigingen zodra de prijs is vastgesteld. Daarom zijn de gebruikelijke kosten die traditionele bouw met zich meebrengt aanzienlijk lager bij het bouwen van een prefab.<\/p>\n<h3>1. Het land kopen (indien nodig) en advies inwinnen<\/h3>\n<p>Tenzij u een prefab op wielen aanschaft, hebt u een stuk land nodig om het huis te installeren. Als u geen stuk land bezit, moet u de kosten van een nieuw aangekocht stuk land in uw budget opnemen. De kosten van het onroerend goed zullen enorm vari\u00ebren, afhankelijk van de locatie, grootte en topografie. De <a href=\"https:\/\/staging.spassio.com\/guide-to-finding-and-buying-land\/\">keuze van het perceel<\/a> mag echter niet alleen gebaseerd zijn op de kosten, aangezien de kenmerken van het land een directe invloed kunnen hebben op de uiteindelijke bouwprijs.<\/p>\n<p>Zo zijn vlakke en gemakkelijk toegankelijke percelen vaak duurder om te kopen, maar kiezen voor een goedkoper perceel zonder deze kenmerken zal uiteindelijk veel duurder uitvallen. Prefabs worden voornamelijk op locatie gebouwd, en hun levering en montage vereisen zeer specifieke kenmerken. Om er zeker van te zijn dat de kosten van de grond goed ge\u00efnvesteerd zijn, is het aan te raden om vooraf advies in te winnen bij de Fabrikant. In de meeste gevallen brengt dit advies extra kosten met zich mee die aan het budget moeten worden toegevoegd.<\/p>\n<h3>2. Ontwerp en productie in huis<\/h3>\n<p>De meest voor de hand liggende en gemakkelijk te bepalen kosten zijn de fabricagekosten van het huis. Dit is de eerste waarde die we tegenkomen als we door de catalogus van prefabwoningen bladeren. Zoals eerder uitgelegd, is deze waarde strak gebonden aan de specificaties van elke Fabrikant, hoewel deze vaak kunnen worden aangepast. Hoewel we meestal vanaf het begin op de hoogte zijn van de basisprijs, weten we daarom pas zeker wat de productiekosten zijn als de ontwerpfase is voltooid.<\/p>\n<p>De ontwerpfase is de eerste stap die we doorlopen, zelfs met vooraf ontworpen modellen. In deze fase wordt de klant aangemoedigd om het ontwerp van het huis, de materialen en de inclusieve elementen zorgvuldig te analyseren om er zeker van te zijn dat deze aan hun verwachtingen voldoen. De meeste fabrikanten bieden een goede selectie van aanpassingen, upgrades en uitbreidingen voor het basisontwerp. Deze hebben vaak extra kosten en zullen de initi\u00eble basisprijs verhogen. Hoe meer u een huis personaliseert, hoe hoger de productiekosten zullen zijn.<\/p>\n<h3>3. 3. Voorbereiding van het land<\/h3>\n<p>Voordat de prefab onderdelen op het perceel geleverd kunnen worden, moet het land voldoende voorbereid worden. Deze voorbereiding wordt in de meeste gevallen gedaan door een apart bouwbedrijf dat het gebied voorbereidt volgens de specificaties van de fabrikant van de prefab. Het meest opvallende werk in deze fase is de <a href=\"https:\/\/staging.spassio.com\/guide-to-foundation-for-modular-home\/\">bouw van de funderingen<\/a>, waarvan de kosten vari\u00ebren afhankelijk van het type fundering en de eigenschappen van de grond.<\/p>\n<p>Toch is het bouwrijp maken van het land pas voltooid als het eigendom is aangesloten op de basisdiensten en nutsvoorzieningen, zoals elektriciteit, water, riolering, gas en telecommunicatie. Het is waarschijnlijk dat het perceel al onderhouden is, maar als dat niet het geval is, zal de totale prijs snel stijgen, aangezien het in Europa en het Verenigd Koninkrijk ongeveer \u20ac 6.000 tot \u20ac 35.000 kost <a href=\"#_ftn2\" name=\"_ftnref2\">[2]<\/a>.<\/p>\n<h2>4. Transport en montage van het huis<\/h2>\n<p>Zodra de off-site werkzaamheden voltooid zijn, worden de geprefabriceerde onderdelen bij de woning afgeleverd om gemonteerd te worden. Een derde partij zorgt meestal voor de <a href=\"https:\/\/staging.spassio.com\/modular-home-requirements-successful-transportation\/\">logistiek van verzending<\/a> en assemblage. Het is echter gebruikelijk dat de <a href=\"https:\/\/staging.spassio.com\/manufacturers\/\">fabrikant van de prefab<\/a> deze diensten beheert en deze kosten opneemt in de offerte die aan het einde van de ontwerpfase wordt opgesteld. De kosten zijn afhankelijk van de afstand, de toegangskenmerken, het type voertuigen dat gebruikt wordt en de tijd die nodig is om het huis ter plaatse te monteren en af te werken.<\/p>\n<h3>5. Bouwvergunningen en belastingen<\/h3>\n<p>In Groot-Brittanni\u00eb en de meeste Europese landen is voor prefabs, net als voor elk ander permanent huis, een bouwvergunning nodig. De kosten en vereisten van de Bouwvergunning kunnen van plaats tot plaats sterk verschillen. In Groot-Brittanni\u00eb wordt de bouwvergunning bijvoorbeeld bepaald door een vaste waarde. Afhankelijk van de kenmerken van de constructie en kan dit overal vanaf \u00a3334<a href=\"#_ftn3\" name=\"_ftnref3\">[3]<\/a> zijn. Belastingen verschillen ook enorm van land tot land, maar de eerste belasting waar u overal rekening mee moet houden is de btw.<\/p>\n<p>Over het algemeen is de geadverteerde basisprijs van een huis exclusief btw. De hoogte van de btw verschilt van land tot land: in Spanje is de btw voor de aankoop van een huis bijvoorbeeld 10%, maar in Tsjechi\u00eb is de btw 15% <a href=\"#_ftn4\" name=\"_ftnref4\">[4]<\/a>. Hoewel er andere belastingen van toepassing kunnen zijn, wordt er in Frankrijk van u verwacht dat u een belasting betaalt om de diensten op het onroerend goed aan te sluiten <a href=\"#_ftn5\" name=\"_ftnref5\">[5]<\/a>. Om een duidelijk idee te krijgen van de belastingen en legalisatiekosten die op uw locatie van toepassing zijn, kunt u het beste uw prefab Fabrikant vragen en de planningsautoriteiten van uw regio raadplegen.<\/p>\n<p><strong>Veelgestelde vragen<br \/>\n<\/strong><\/p>\n<h2>Is er een bouwvergunning nodig voor prefabwoningen?<\/h2>\n<p>Voor de meeste prefabwoningen die in Europa en het VK worden gebouwd, is een bouwvergunning nodig. Het soort vergunningen en de kosten verschillen echter van land tot land.<\/p>\n<h2>Moet ik het water en de riolering op mijn huis aansluiten, of wordt dit voor mij gedaan?<\/h2>\n<p>De serviceaansluiting wordt meestal voor u gedaan door de fabrikant van de prefab of door de aannemer die verantwoordelijk is voor de werkzaamheden op locatie.<\/p>\n<p><strong>Referenties<\/strong><br \/>\n<a style=\"color: #3eb6a8;\" href=\"#_ftnref1\" name=\"_ftn1\">[1]<\/a>Collinson, P. (2018, november 30) &#8220;Britse huizenbouwrevolutie&#8221;: 65.000 prefabwoningen gaan in productie The Guardian <a href=\"https:\/\/www.theguardian.com\/society\/2018\/nov\/30\/uk-housebuilding-revolution-65000-prefab-homes-go-into-production\">https:\/\/www.theguardian.com\/society\/2018\/nov\/30\/uk-housebuilding-revolution-65000-prefab-homes-go-into-production<\/a><br \/>\n<a style=\"color: #3eb6a8;\" href=\"#_ftnref2\" name=\"_ftn2\">[2]<\/a>Hoe percelen met diensten te leveren Recht om te bouwen <a href=\"https:\/\/righttobuildtoolkit.org.uk\/briefing-notes\/how-to-deliver-serviced-plots\/#\">https:\/\/righttobuildtoolkit.org.uk\/briefing-notes\/how-to-deliver-serviced-plots\/#<\/a><br \/>\n[<a style=\"color: #3eb6a8;\" href=\"#_ftnref3\" name=\"_ftn3\">3]<\/a>Department for Levelling Up, Housing and Communities en Ministry of Housing, Communities &amp; Local Government (2021, augustus 20) Vergoedingen voor planningsaanvragen GOV.UK <a href=\"https:\/\/www.gov.uk\/guidance\/fees-for-planning-applications\">https:\/\/www.gov.uk\/guidance\/fees-for-planning-applications<\/a><br \/>\n<a style=\"color: #3eb6a8;\" href=\"#_ftnref4\" name=\"_ftn4\">[4]<\/a>JUDr. Mojm\u00edr Je\u017eek, Ph.D. Fiscaal kader voor de verwerving van onroerend goed in Tsjechi\u00eb ECOVIS JE\u017dEK, ADVOK\u00c1TN\u00cd KANCEL\u00c1\u0158 S.R.O. <a href=\"https:\/\/www.ecovislegal.cz\/en\/other-legal-areas\/tax-framework-for-real-estate-acquisition-in-the-czech-republic\/\">https:\/\/www.ecovislegal.cz\/en\/other-legal-areas\/tax-framework-for-real-estate-acquisition-in-the-czech-republic\/<\/a><br \/>\n<a style=\"color: #3eb6a8;\" href=\"#_ftnref5\" name=\"_ftn5\">[5]<\/a>Belastingen op ruimtelijke ordening in Frankrijk &#8211; Taxes d&#8217;Urbanisme Frans onroerend goed https:\/\/www.french-property.com\/guides\/france\/building\/planning\/planning-taxes<\/p>\n","protected":false},"excerpt":{"rendered":"<p>De meeste fabrikanten tonen openlijk de kosten van hun prefab modellen, een waarde die in Europa en het VK rond de \u20ac 90.000 schommelt. De meeste geadverteerde getallen zijn echter de zogenaamde basisprijs en zijn meestal slechts een startprijs. Deze prijs kan op voorhand bepaald worden omdat hij verwijst naar de off-site werkzaamheden van een [&hellip;]<\/p>\n","protected":false},"author":194,"featured_media":69850,"parent":0,"menu_order":0,"comment_status":"closed","ping_status":"closed","template":"","meta":{"content-type":"","_FSMCFIC_featured_image_caption":"","_FSMCFIC_featured_image_nocaption":"","_FSMCFIC_featured_image_hide":"","footnotes":""},"class_list":["post-69848","page","type-page","status-publish","has-post-thumbnail","hentry"],"_wp_attached_file":null,"_wp_attachment_metadata":null,"_wp_attachment_backup_sizes":null,"siteground_optimizer_webp_conversion_attempts":null,"siteground_optimizer_is_converted_to_webp":null,"siteground_optimizer_optimization_attempts":null,"siteground_optimizer_optimization_failed":null,"wpml_media_processed":null,"_wp_attachment_image_alt":null,"siteground_optimizer_is_optimized":null,"siteground_optimizer_webp_conversion_failed":null,"_elementor_source_image_hash":null,"siteground_optimizer_compression_level":null,"_elementor_inline_svg":null,"_imagify_optimization_level":null,"_imagify_status":null,"_imagify_data":null,"siteground_optimizer_original_filesize":null,"wpse_external_file_url":null,"fave_currency":null,"fave_currency_info":null,"fave_property_id":null,"fave_property_map":null,"fave_property_location":null,"houzez_geolocation_lat":null,"houzez_geolocation_long":null,"fave_property_map_street_view":null,"fave_featured":null,"fave_loggedintoview":null,"fave_agent_display_option":null,"fave_prop_homeslider":null,"fave_single_top_area":null,"fave_single_content_area":null,"_yoast_wpseo_primary_property_type":null,"_yoast_wpseo_primary_property_feature":null,"_yoast_wpseo_primary_property_label":null,"_yoast_wpseo_primary_property_country":null,"houzez_manual_expire":null,"_houzez_expiration_date_status":null,"houzez_total_property_views":null,"houzez_views_by_date":null,"houzez_recently_viewed":null,"fave_property_price":null,"fave_property_price_prefix":null,"fave_property_size":null,"fave_property_bathrooms":null,"fave_property_garage":null,"fave_levels":null,"fave_roof-type":null,"fave_construction-type":null,"fave_video_url":null,"fave_video_image":null,"fave_payment_status":null,"fave_property_agency":null,"fave_countries":null,"fave_sleeps":null,"_yoast_wpseo_primary_property_status":null,"fave_property_images":null,"fave_attachments":null,"technical_description":null,"houzez_featured_listing_date":null,"fave_property_size_prefix":null,"fave_property_bedrooms":null,"fave_property_price_postfix":null,"fave_production-time-in-weeks":null,"fave_building-time-in-days":null,"fave_window-glazing":null,"_yoast_wpseo_primary_feature-2":null,"_yoast_wpseo_primary_feature-3":null,"fave_warranty-in-years":null,"fave_property_land":null,"fave_property_land_postfix":null,"wpsebeba57d406-00de-d339-8c02-3956a916f506":null,"_oembed_eefb35903900c5c166d55ccf7fc62a8a":null,"_oembed_30948e80c1a853da0b519e72c40d2e13":null,"_oembed_0b78a31d7c7e6041adc064d46c40f98b":null,"_oembed_42c2c13b5902a21593b1d521556aea88":null,"_oembed_4fb58e495f37e206f97738a42dbe566f":null,"_oembed_b2828bee61bd9076cd21ece641de7abc":null,"_oembed_0c92428c960763e658977ce4918863f4":null,"_oembed_02b72dc3d26bdba6ff900a268ade2517":null,"_oembed_8c819834f7fc0b74364aa34a8193f46f":null,"_oembed_088962b77808b37d57abe5c8143f9652":null,"_oembed_dfae0e674c59ba061a82b330fc7fdea0":null,"_oembed_74e5075f66c4cd04b0e118feb24f6636":null,"fave_mortgage_cal":null,"_air_wp_sync_record_id":null,"_air_wp_sync_hash":null,"_air_wp_sync_importer_id":null,"_air_wp_sync_updated_at":null,"external_listing_link":null,"fave_property_map_address":null,"fave_multi_units_ids":null,"$wpml_language$":null,"fave_virtual_tour":null,"fave_gross-external-area":null,"_houzez_expiration_date":null,"_houzez_expiration_date_options":null,"floor_plans":null,"_oembed_a17db82fa378d53b4dc6ed46e5344499":null,"_oembed_da390569a339f4d7147d95cfb8c04c12":null,"_oembed_6a3eda5947bcc098660397ca8e21a941":null,"fave_roof-angle":null,"fave_seo-content":null,"_oembed_a7b8941eeee966e7350aede20b4d62be":null,"_oembed_time_a7b8941eeee966e7350aede20b4d62be":null,"additional_features":null,"fave_multi_units":null,"_oembed_716f56b62500685a7dd15ea2ec7579bd":null,"_oembed_time_716f56b62500685a7dd15ea2ec7579bd":null,"_oembed_8ececd3dd2598a4aedb5dfc82df2a0f6":null,"_oembed_time_8ececd3dd2598a4aedb5dfc82df2a0f6":null,"_oembed_4cef7884ea6ef16d48cd8675b12e440d":null,"fave_property_garage_size":null,"_oembed_5c1eaf7b40f4e3a3089b38beb88ba480":null,"fave_property_zip":null,"_oembed_ccdd6e0304386ece64b3b91f572b0be4":null,"_oembed_ae30d19e3e861b389146a1ccc2828104":null,"fave_property_rooms":null,"fave_property_year":null,"two_page_speed":null,"fave_year_established":null,"Status":null,"_oembed_5b2d8d2cf33b469c98e488ea5b118c30":null,"WPML Language Code":null,"_links":{"self":[{"href":"https:\/\/staging.spassio.com\/nl\/wp-json\/wp\/v2\/pages\/69848","targetHints":{"allow":["GET"]}}],"collection":[{"href":"https:\/\/staging.spassio.com\/nl\/wp-json\/wp\/v2\/pages"}],"about":[{"href":"https:\/\/staging.spassio.com\/nl\/wp-json\/wp\/v2\/types\/page"}],"author":[{"embeddable":true,"href":"https:\/\/staging.spassio.com\/nl\/wp-json\/wp\/v2\/users\/194"}],"replies":[{"embeddable":true,"href":"https:\/\/staging.spassio.com\/nl\/wp-json\/wp\/v2\/comments?post=69848"}],"version-history":[{"count":0,"href":"https:\/\/staging.spassio.com\/nl\/wp-json\/wp\/v2\/pages\/69848\/revisions"}],"wp:featuredmedia":[{"embeddable":true,"href":"https:\/\/staging.spassio.com\/nl\/wp-json\/wp\/v2\/media\/69850"}],"wp:attachment":[{"href":"https:\/\/staging.spassio.com\/nl\/wp-json\/wp\/v2\/media?parent=69848"}],"curies":[{"name":"wp","href":"https:\/\/api.w.org\/{rel}","templated":true}]}}