{"id":77793,"date":"2022-08-01T17:40:43","date_gmt":"2022-08-01T16:40:43","guid":{"rendered":"https:\/\/staging.spassio.com\/?page_id=77793"},"modified":"2024-04-22T13:12:54","modified_gmt":"2024-04-22T12:12:54","slug":"hva-er-prefabrikkerte","status":"publish","type":"page","link":"https:\/\/staging.spassio.com\/no\/hva-er-prefabrikkerte\/","title":{"rendered":"Hva er prefabrikkerte"},"content":{"rendered":"<p>Prefab er et begrep som brukes for \u00e5 indikere at komponentene som brukes til \u00e5 bygge et hus, er produsert utenfor byggeplassen. Prefabrikkerte bygninger kan v\u00e6re 100 % prefabrikkerte, men i de fleste tilfeller foreg\u00e5r en liten del av byggeprosessen p\u00e5 byggeplassen der de prefabrikkerte komponentene settes sammen. \u00c5 bygge et hus i ferdighus har flere fordeler.<\/p>\n<p><strong>De viktigste fordelene med prefabrikkerte bygg:<\/strong><\/p>\n<ul>\n<li>Den prefabrikkerte byggeprosessen er raskere<\/li>\n<li>Prefabrikasjon opplever sjelden forsinkelser<\/li>\n<li>Prefabrikkerte konstruksjoner er mer b\u00e6rekraftige<\/li>\n<li>Prefabrikkerte boliger er av h\u00f8yere kvalitet<\/li>\n<li>Prefabrikasjon er billigere enn tradisjonell bygging<\/li>\n<\/ul>\n<p>Alle disse fordelene med prefabrikkerte bygg bidrar til en st\u00f8rre sikkerhet i byggeprosessen. I denne guiden finner du alt du trenger \u00e5 vite for \u00e5 forst\u00e5 hva ferdighusbygging er og hvorfor det har blitt s\u00e5 popul\u00e6rt.<\/p>\n<h2>Hva er et ferdighus?<\/h2>\n<p>Et ferdighus er et hus som er bygget ved hjelp av en eller annen form for prefabrikasjonsmetode for enten \u00e5 produsere hovedkomponentene (som vegger, tak eller gulv) eller hele huset. Ordet prefab indikerer at en stor del av byggeprosessen foreg\u00e5r i et fabrikklignende milj\u00f8. Det finnes imidlertid forskjellige typer prefabrikkerte byggeteknikker, og avhengig av hvilken prefabrikasjonsteknikk som brukes, kan vi bygge en eller annen type ferdighus.<\/p>\n<h2>Typer av ferdighus<\/h2>\n<p><strong>Modulhus<\/strong>: En type ferdighus som bygges i deler, s\u00e5kalte moduler. Hver modul er en prefabrikert tredimensjonal del av huset som fraktes til byggeplassen der den settes sammen p\u00e5 en rask og enkel m\u00e5te. Et modulhus kan bygges av \u00e9n eller flere moduler, avhengig av husets st\u00f8rrelse.<\/p>\n<p><strong>Panelbygde hus<\/strong>: Disse husene, ogs\u00e5 kjent som panelhus, er bygget med prefabrikkerte paneler som er utformet som vegger, tak eller gulv. Panelene er komplette systemer som er bygget med alle n\u00f8dvendige elementer, for eksempel ledninger, r\u00f8rleggerarbeid og varmeisolasjon. N\u00e5r de er montert, definerer de derfor et hus som er s\u00e5 godt som klart til \u00e5 bli bebodd.<\/p>\n<p><strong>T\u00f8mmerhus<\/strong>: En moderne tiln\u00e6rming til den tradisjonelle t\u00f8mmerhytta. Disse husene bygges ved \u00e5 legge prefabrikkerte t\u00f8mmerstokker horisontalt. Disse t\u00f8mmerstokkene er designet og formet p\u00e5 fabrikk, noe som forenkler byggeprosessen og forbedrer husets ytelse.<\/p>\n<p><strong>Sm\u00e5hus<\/strong>: Denne typen ferdighus er sv\u00e6rt popul\u00e6r siden den tilbyr en byggel\u00f8sning som b\u00e5de er rimelig og unik. Sm\u00e5husene, som vanligvis bygges p\u00e5 fabrikk og plasseres p\u00e5 hjul, har den fordelen at de er flyttbare, noe som bidrar til en livsstil preget av frihet og minimalisme.<\/p>\n<figure id=\"attachment_26555\" aria-describedby=\"caption-attachment-26555\" style=\"width: 1000px\" class=\"wp-caption alignnone\"><img fetchpriority=\"high\" decoding=\"async\" class=\"wp-image-26555 size-full\" src=\"https:\/\/staging.spassio.com\/wp-content\/uploads\/2022\/06\/the-wee-house-company-two-bedroom-open-plan-modular-home-001.jpeg\" alt=\"\" width=\"1000\" height=\"563\" srcset=\"https:\/\/staging.spassio.com\/wp-content\/uploads\/2022\/06\/the-wee-house-company-two-bedroom-open-plan-modular-home-001.jpeg 1000w, https:\/\/staging.spassio.com\/wp-content\/uploads\/2022\/06\/the-wee-house-company-two-bedroom-open-plan-modular-home-001-300x169.jpeg 300w, https:\/\/staging.spassio.com\/wp-content\/uploads\/2022\/06\/the-wee-house-company-two-bedroom-open-plan-modular-home-001-768x432.jpeg 768w, https:\/\/staging.spassio.com\/wp-content\/uploads\/2022\/06\/the-wee-house-company-two-bedroom-open-plan-modular-home-001-496x279.jpeg 496w\" sizes=\"(max-width: 1000px) 100vw, 1000px\" \/><figcaption id=\"caption-attachment-26555\" class=\"wp-caption-text\">Bildet er gjengitt med tillatelse fra Wee House Company<\/figcaption><\/figure>\n<h2>Hva er fordelene med prefabrikasjon?<\/h2>\n<p>Siden ferdighusbyggingen foreg\u00e5r i et produksjonsanlegg, brukes det vanligvis sv\u00e6rt mekaniserte verkt\u00f8y i en prosess som ofte minner mer om et samleb\u00e5nd enn om tradisjonelle byggemetoder. Denne moderne byggeprosessen har noen fordeler sammenlignet med byggemetoder p\u00e5 stedet.<\/p>\n<h3>Den prefabrikkerte byggeprosessen er raskere<\/h3>\n<p>\u00c5 bygge et hus med prefabrikasjonsmetoder gj\u00f8r at byggetiden g\u00e5r enormt mye raskere enn ved tradisjonell bygging. Mens det tar minst 6 m\u00e5neder \u00e5 bygge et hus med tradisjonelle byggemetoder, tar byggingen av et ferdighus vanligvis bare 16 uker<a href=\"#_ftn1\" name=\"_ftnref1\">[1]<\/a>.<\/p>\n<p>Den akselererende byggeprosessen er et direkte resultat av industrialiseringen av prefabrikkerte bygg. Prefabrikasjon er en prosedyre som foreg\u00e5r i et produksjonsmilj\u00f8 der flere trinn er sv\u00e6rt mekaniserte, noe som gj\u00f8r at byggetiden g\u00e5r raskere.<\/p>\n<h3>Prefabrikasjon opplever sjelden forsinkelser<\/h3>\n<p>I tillegg til den naturlige akselerasjonen i byggeprosessen har prefabrikasjon den fordelen at det gir en p\u00e5litelig tidslinje. De vanligste forsinkelsene i tradisjonell bygging skyldes vanligvis uventede v\u00e6rforhold og transportproblemer.<\/p>\n<p>Siden prefab-byggingen foreg\u00e5r i et produksjonsanlegg som er skjermet for v\u00e6r og vind, er arbeidsforholdene sv\u00e6rt gode hele \u00e5ret, noe som sikrer at byggeplanene overholdes i nesten alle tilfeller. Siden transportmulighetene er sterkt redusert, er trafikkforsinkelser s\u00e5 \u00e5 si ikke-eksisterende.<\/p>\n<h3>Prefabrikkerte konstruksjoner er mer b\u00e6rekraftige<\/h3>\n<p>Byggebransjen har en sterk negativ innvirkning p\u00e5 milj\u00f8et, og transport og avfall er de viktigste \u00e5rsakene til dette. Bare i Storbritannia utgj\u00f8r byggeavfall millioner av tonn hvert \u00e5r<a href=\"#_ftn2\" name=\"_ftnref2\">[2]<\/a>. \u00c5 bygge et hus med prefabrikkerte byggemetoder er generelt mer milj\u00f8vennlig enn \u00e5 bygge et hus p\u00e5 stedet med tradisjonelle byggemetoder.<\/p>\n<p>Prefabrikkerte bygg er mer b\u00e6rekraftige siden de reduserer transport og avfall takket v\u00e6re sentraliseringen av arbeidet. Denne sentraliseringen begrenser behovet for \u00e5 frakte tunge maskiner til arbeidsstedet, forenkler massetransport av materialer og gj\u00f8r det mulig \u00e5 resirkulere og utnytte restmaterialer.<\/p>\n<h3>Prefabrikkerte boliger er av h\u00f8yere kvalitet<\/h3>\n<p>Alle permanente ferdighus m\u00e5 f\u00f8lge de samme lokale byggeforskriftene som forventes av et hus bygget med tradisjonelle metoder. Derfor holder alle ferdighus minst samme kvalitetsstandard som hus som bygges p\u00e5 stedet. I de fleste tilfeller overg\u00e5r imidlertid ferdighusene disse standardene.<\/p>\n<p>Siden alle prefabrikkerte prosesser foreg\u00e5r i et fabrikklignende milj\u00f8, utvikles alle produksjonsstadier p\u00e5 samme sted i en sv\u00e6rt mekanisert og n\u00f8ye overv\u00e5ket prosess. Denne innstillingen reduserer muligheten for menneskelige feil og konstruksjonsfeil som kan p\u00e5virke husets generelle kvalitet negativt.<\/p>\n<h3>Prefabrikasjon er billigere enn tradisjonell bygging<\/h3>\n<p>Generelt er det billigere \u00e5 bygge et ferdighus enn \u00e5 bygge det samme huset p\u00e5 stedet med tradisjonelle metoder. Kostnadsreduksjonen er et direkte resultat av sentraliseringen og mekaniseringen av byggeprosessen.<\/p>\n<p>Sentralisering av arbeidene reduserer transportbehovet siden arbeiderne ikke lenger trenger \u00e5 pendle, og alle materialer leveres samlet til samme adresse. I tillegg reduseres l\u00f8nnskostnadene takket v\u00e6re mekanisering av flere byggearbeider og en raskere byggeprosess.<\/p>\n<h2>Hva er gjennomsnittsprisen for et ferdighus?<\/h2>\n<p>Gjennomsnittsprisen p\u00e5 et ferdighus ligger p\u00e5 ca. 90 000 \u20ac, men dette tallet kan variere enormt fra type ferdighus til type ferdighus. Sm\u00e5hus er den rimeligste typen ferdighus med en gjennomsnittspris p\u00e5 63 139 \u20ac. Andre typer ferdighus som er permanent bygget p\u00e5 fundament har en h\u00f8yere gjennomsnittspris, for eksempel modulhus som har en gjennomsnittspris p\u00e5 ca. 106 200 \u20ac.<\/p>\n<p>Men selv innenfor samme type ferdighus er prisspennet stort. Denne prisen avhenger av husets st\u00f8rrelse, materialene som brukes, kvaliteten p\u00e5 finishen og til og med hvor huset skal st\u00e5.<\/p>\n<h3>Kan du finansiere et ferdighus med boligl\u00e5n?<\/h3>\n<p>Det er mulig \u00e5 finansiere et ferdighus <a href=\"https:\/\/staging.spassio.com\/mortgage-prefab-house\/\">med boligl\u00e5n<\/a>. Prosessen med \u00e5 s\u00f8ke om byggel\u00e5n for \u00e5 bygge et ferdighus er imidlertid ikke den samme som for \u00e5 finansiere et hus som er bygget p\u00e5 tradisjonell m\u00e5te p\u00e5 stedet.<\/p>\n<p>Hvert land har ulike typer l\u00e5n til bygging av ferdighus. Det viktigste \u00e5 tenke p\u00e5 n\u00e5r du s\u00f8ker om l\u00e5n til bygging av ferdighus i Storbritannia og Europa, er likevel kvaliteten p\u00e5 konstruksjonen. Det er viktig \u00e5 bevise at huset er bygget i henhold til minimumskravene i de lokale byggeforskriftene.<\/p>\n<p><strong>VANLIGE SP\u00d8RSM\u00c5L<\/strong><\/p>\n<h2>Hvor lenge holder prefabrikkerte hus sammenlignet med tradisjonell bygging?<\/h2>\n<p>Prefabrikkerte hus er bygget av materialer som er designet for \u00e5 vare i ca. 50 \u00e5r, noe som er sv\u00e6rt likt den forventede levetiden for tradisjonelt bygde hus. Den totale levetiden til et hus varierer avhengig av materialvalg, men ogs\u00e5 av kvaliteten p\u00e5 konstruksjonen. Siden prefabrikkerte hus ofte er av h\u00f8yere kvalitet, kan holdbarheten v\u00e6re noe lengre enn ved tradisjonell bygging.<\/p>\n<h2>Hva slags ferdighus kan du kj\u00f8pe?<\/h2>\n<p>De vanligste typene ferdighus du kan kj\u00f8pe i Storbritannia og Europa i dag, er modulhus, panelhus, sm\u00e5hus, t\u00f8mmerhus og hytter.<\/p>\n<h2>Er ferdighus en god investering?<\/h2>\n<p>Definitivt. N\u00e5r et ferdighus er bygget, ser det ut som et tradisjonelt hus, noe som gj\u00f8r det til en minst like god investering som et tradisjonelt hus. Men siden det er rimeligere \u00e5 bygge ferdighus og kvaliteten ofte er overlegen, er denne typen hus et godt investeringsvalg.<\/p>\n<h2>Er ferdighus mer b\u00e6rekraftige enn tradisjonelle boliger?<\/h2>\n<p>Ja, prefabrikkert bygging er generelt en mer b\u00e6rekraftig byggel\u00f8sning, siden det reduserer transportbehovet og kutter ned p\u00e5 sl\u00f8sing med materialer.<\/p>\n<p>Referanser:<\/p>\n<p><a style=\"color: #3eb6a8;\" href=\"#_ftnref1\" name=\"_ftn1\">[1]<\/a>(2022, 10. januar) Hvordan vil modulbaserte boliger takle milj\u00f8krisen? Vista panels Ltd https:\/\/www.vistapanels.co.uk\/how-will-modular-homes-tackle-the-environmental-crisis\/<br \/>\n<a style=\"color: #3eb6a8;\" href=\"#_ftnref2\" name=\"_ftn2\">[2]<\/a>(2021, 31. august) Dobrowolska, K. H\u00e5ndtering av bygge- og rivningsavfall Archdesk https:\/\/archdesk.com\/blog\/construction-and-demolition-waste-management\/<\/p>\n","protected":false},"excerpt":{"rendered":"<p>Prefab er et begrep som brukes for \u00e5 indikere at komponentene som brukes til \u00e5 bygge et hus, er produsert utenfor byggeplassen. Prefabrikkerte bygninger kan v\u00e6re 100 % prefabrikkerte, men i de fleste tilfeller foreg\u00e5r en liten del av byggeprosessen p\u00e5 byggeplassen der de prefabrikkerte komponentene settes sammen. \u00c5 bygge et hus i ferdighus har [&hellip;]<\/p>\n","protected":false},"author":194,"featured_media":77794,"parent":0,"menu_order":0,"comment_status":"closed","ping_status":"closed","template":"","meta":{"content-type":"","_FSMCFIC_featured_image_caption":"","_FSMCFIC_featured_image_nocaption":"","_FSMCFIC_featured_image_hide":"","footnotes":""},"class_list":["post-77793","page","type-page","status-publish","has-post-thumbnail","hentry"],"_wp_attached_file":null,"_wp_attachment_metadata":null,"_wp_attachment_backup_sizes":null,"siteground_optimizer_webp_conversion_attempts":null,"siteground_optimizer_is_converted_to_webp":null,"siteground_optimizer_optimization_attempts":null,"siteground_optimizer_optimization_failed":null,"wpml_media_processed":null,"_wp_attachment_image_alt":null,"siteground_optimizer_is_optimized":null,"siteground_optimizer_webp_conversion_failed":null,"_elementor_source_image_hash":null,"siteground_optimizer_compression_level":null,"_elementor_inline_svg":null,"_imagify_optimization_level":null,"_imagify_status":null,"_imagify_data":null,"siteground_optimizer_original_filesize":null,"wpse_external_file_url":null,"fave_currency":null,"fave_currency_info":null,"fave_property_id":null,"fave_property_map":null,"fave_property_location":null,"houzez_geolocation_lat":null,"houzez_geolocation_long":null,"fave_property_map_street_view":null,"fave_featured":null,"fave_loggedintoview":null,"fave_agent_display_option":null,"fave_prop_homeslider":null,"fave_single_top_area":null,"fave_single_content_area":null,"_yoast_wpseo_primary_property_type":null,"_yoast_wpseo_primary_property_feature":null,"_yoast_wpseo_primary_property_label":null,"_yoast_wpseo_primary_property_country":null,"houzez_manual_expire":null,"_houzez_expiration_date_status":null,"houzez_total_property_views":null,"houzez_views_by_date":null,"houzez_recently_viewed":null,"fave_property_price":null,"fave_property_price_prefix":null,"fave_property_size":null,"fave_property_bathrooms":null,"fave_property_garage":null,"fave_levels":null,"fave_roof-type":null,"fave_construction-type":null,"fave_video_url":null,"fave_video_image":null,"fave_payment_status":null,"fave_property_agency":null,"fave_countries":null,"fave_sleeps":null,"_yoast_wpseo_primary_property_status":null,"fave_property_images":null,"fave_attachments":null,"technical_description":null,"houzez_featured_listing_date":null,"fave_property_size_prefix":null,"fave_property_bedrooms":null,"fave_property_price_postfix":null,"fave_production-time-in-weeks":null,"fave_building-time-in-days":null,"fave_window-glazing":null,"_yoast_wpseo_primary_feature-2":null,"_yoast_wpseo_primary_feature-3":null,"fave_warranty-in-years":null,"fave_property_land":null,"fave_property_land_postfix":null,"wpsebeba57d406-00de-d339-8c02-3956a916f506":null,"_oembed_eefb35903900c5c166d55ccf7fc62a8a":null,"_oembed_30948e80c1a853da0b519e72c40d2e13":null,"_oembed_0b78a31d7c7e6041adc064d46c40f98b":null,"_oembed_42c2c13b5902a21593b1d521556aea88":null,"_oembed_4fb58e495f37e206f97738a42dbe566f":null,"_oembed_b2828bee61bd9076cd21ece641de7abc":null,"_oembed_0c92428c960763e658977ce4918863f4":null,"_oembed_02b72dc3d26bdba6ff900a268ade2517":null,"_oembed_8c819834f7fc0b74364aa34a8193f46f":null,"_oembed_088962b77808b37d57abe5c8143f9652":null,"_oembed_dfae0e674c59ba061a82b330fc7fdea0":null,"_oembed_74e5075f66c4cd04b0e118feb24f6636":null,"fave_mortgage_cal":null,"_air_wp_sync_record_id":null,"_air_wp_sync_hash":null,"_air_wp_sync_importer_id":null,"_air_wp_sync_updated_at":null,"external_listing_link":null,"fave_property_map_address":null,"fave_multi_units_ids":null,"$wpml_language$":null,"fave_virtual_tour":null,"fave_gross-external-area":null,"_houzez_expiration_date":null,"_houzez_expiration_date_options":null,"floor_plans":null,"_oembed_a17db82fa378d53b4dc6ed46e5344499":null,"_oembed_da390569a339f4d7147d95cfb8c04c12":null,"_oembed_6a3eda5947bcc098660397ca8e21a941":null,"fave_roof-angle":null,"fave_seo-content":null,"_oembed_a7b8941eeee966e7350aede20b4d62be":null,"_oembed_time_a7b8941eeee966e7350aede20b4d62be":null,"additional_features":null,"fave_multi_units":null,"_oembed_716f56b62500685a7dd15ea2ec7579bd":null,"_oembed_time_716f56b62500685a7dd15ea2ec7579bd":null,"_oembed_8ececd3dd2598a4aedb5dfc82df2a0f6":null,"_oembed_time_8ececd3dd2598a4aedb5dfc82df2a0f6":null,"_oembed_4cef7884ea6ef16d48cd8675b12e440d":null,"fave_property_garage_size":null,"_oembed_5c1eaf7b40f4e3a3089b38beb88ba480":null,"fave_property_zip":null,"_oembed_ccdd6e0304386ece64b3b91f572b0be4":null,"_oembed_ae30d19e3e861b389146a1ccc2828104":null,"fave_property_rooms":null,"fave_property_year":null,"two_page_speed":null,"fave_year_established":null,"Status":null,"_oembed_5b2d8d2cf33b469c98e488ea5b118c30":null,"WPML Language Code":null,"_links":{"self":[{"href":"https:\/\/staging.spassio.com\/no\/wp-json\/wp\/v2\/pages\/77793","targetHints":{"allow":["GET"]}}],"collection":[{"href":"https:\/\/staging.spassio.com\/no\/wp-json\/wp\/v2\/pages"}],"about":[{"href":"https:\/\/staging.spassio.com\/no\/wp-json\/wp\/v2\/types\/page"}],"author":[{"embeddable":true,"href":"https:\/\/staging.spassio.com\/no\/wp-json\/wp\/v2\/users\/194"}],"replies":[{"embeddable":true,"href":"https:\/\/staging.spassio.com\/no\/wp-json\/wp\/v2\/comments?post=77793"}],"version-history":[{"count":0,"href":"https:\/\/staging.spassio.com\/no\/wp-json\/wp\/v2\/pages\/77793\/revisions"}],"wp:featuredmedia":[{"embeddable":true,"href":"https:\/\/staging.spassio.com\/no\/wp-json\/wp\/v2\/media\/77794"}],"wp:attachment":[{"href":"https:\/\/staging.spassio.com\/no\/wp-json\/wp\/v2\/media?parent=77793"}],"curies":[{"name":"wp","href":"https:\/\/api.w.org\/{rel}","templated":true}]}}