{"id":77799,"date":"2022-08-21T20:20:22","date_gmt":"2022-08-21T19:20:22","guid":{"rendered":"https:\/\/staging.spassio.com\/?page_id=77799"},"modified":"2024-05-01T09:16:07","modified_gmt":"2024-05-01T08:16:07","slug":"guide-kjope-tomter","status":"publish","type":"page","link":"https:\/\/staging.spassio.com\/no\/guide-kjope-tomter\/","title":{"rendered":"Guide til \u00e5 finne og kj\u00f8pe tomter"},"content":{"rendered":"<p>Denne guiden gir deg en oversikt over hva som kreves for \u00e5 finne og kj\u00f8pe en tomt for \u00e5 bygge et ferdighus i Storbritannia og Europa. \u00c5 finne den rette tomten <em>for \u00e5 bygge et ferd<\/em> ighus kan v\u00e6re utfordrende for en f\u00f8rstegangskj\u00f8per, siden denne byggeteknikken er ganske ny og kravene fortsatt er fremmede for de fleste. Den type tomt som kreves for \u00e5 reise et <a href=\"\/\">ferdighus<\/a>, er imidlertid lik en tradisjonell byggetomt.<\/p>\n<h2>En trinnvis guide til \u00e5 finne og kj\u00f8pe land:<\/h2>\n<table style=\"border-collapse: collapse; width: 100%;\" border=\"1\">\n<tbody>\n<tr>\n<th>Antall<\/th>\n<th>Beskrivelse<\/th>\n<th>Viktige hensyn<\/th>\n<\/tr>\n<tr>\n<td>1<\/td>\n<td>Velg et sted<\/td>\n<td>Preferanser og behov, markedstilgjengelighet<\/td>\n<\/tr>\n<tr>\n<td>2<\/td>\n<td>Identifisere optimale tomteegenskaper<\/td>\n<td>Flathet, Tilgjengelighet, Jordbunnsforhold, Orientering<\/td>\n<\/tr>\n<tr>\n<td>3<\/td>\n<td>Fokus p\u00e5 byggbare tomter<\/td>\n<td>R\u00e5df\u00f8r deg med lokale planleggingsmyndigheter, sjekk byggeforskriftene<\/td>\n<\/tr>\n<tr>\n<td>4<\/td>\n<td>Sjekk om tomten er betjent<\/td>\n<td>Tilkobling til grunnleggende tjenester og forsyninger<\/td>\n<\/tr>\n<tr>\n<td>5<\/td>\n<td>Innhente juridisk r\u00e5dgivning<\/td>\n<td>Hjemmelssp\u00f8rsm\u00e5l, Restriksjoner, Tilgangsrettigheter<\/td>\n<\/tr>\n<tr>\n<td>6<\/td>\n<td>Bli kjent med tomtekostnadene og sammenlign priser<\/td>\n<td>Unders\u00f8k gjennomsnittsprisene i omr\u00e5det<\/td>\n<\/tr>\n<tr>\n<td>7<\/td>\n<td>Kj\u00f8p og registrering av ny bolig<\/td>\n<td>Registrere tomter og f\u00e5 en skj\u00f8teplan<\/td>\n<\/tr>\n<\/tbody>\n<\/table>\n<p>Ved \u00e5 ta ett skritt av gangen vil du finne den perfekte tomten. Hvor du starter boligs\u00f8ket, er mer et personlig valg. Du kan kontakte en lokal megler eller s\u00f8ke p\u00e5 bolignettsteder p\u00e5 nettet.<\/p>\n<h2>1. Velg et sted<\/h2>\n<p>Beliggenheten er det f\u00f8rste man m\u00e5 ta hensyn til n\u00e5r man leter etter en tomt \u00e5 kj\u00f8pe. Det ideelle stedet avhenger av dine preferanser, behov og personlige situasjon. I de tett befolkede omr\u00e5dene i Storbritannia og Europa kan det imidlertid v\u00e6re vanskelig \u00e5 finne en ledig tomt. Derfor er den ideelle tomten i de fleste tilfeller ikke bare v\u00e5r dr\u00f8mmetomt, men et kompromiss mellom v\u00e5re preferanser og markedets tilgjengelighet.<\/p>\n<h3>Hvor er det beste stedet \u00e5 kj\u00f8pe land?<\/h3>\n<p>En god beliggenhet er forskjellig fra person til person, men her er noen tips som kan hjelpe deg med \u00e5 finne ut hva som er en god beliggenhet for deg:<\/p>\n<p><strong>N\u00e6rhet til relevante fasiliteter<\/strong>: Analyser hvor viktig det er for deg \u00e5 v\u00e6re i n\u00e6rheten av dagligvarebutikker, underholdningstilbud eller kj\u00f8pesentre. Hvis du pendler til jobb eller har barn som g\u00e5r p\u00e5 skole, kan det ogs\u00e5 v\u00e6re at du setter pris p\u00e5 n\u00e6rhet til disse fasilitetene.<\/p>\n<p><strong>Transport<\/strong>: N\u00e5r du skal velge sted, b\u00f8r du tenke n\u00f8ye gjennom hvilket transportmiddel du foretrekker. Sjekk om tomten ligger i n\u00e6rheten av offentlig transport, motorveier eller gangveier.<\/p>\n<p><strong>Nabolag<\/strong>: Finn ut hvilke nabolag som passer deg best, og vurder hvor trygt omr\u00e5det er.<\/p>\n<h2>2. Identifiser de optimale tomteegenskapene for \u00e5 bygge et prefabrikkert hus.<\/h2>\n<p>Tomtekravene for \u00e5 bygge et ferdighus er ganske like de som kreves for \u00e5 <a href=\"https:\/\/staging.spassio.com\/prefab-better-than-traditional-building\/\">bygge et tradisjonelt<\/a> hus. Med tanke p\u00e5 at ferdighusene i hovedsak er ment \u00e5 bygges raskt og rimelig utenfor byggeplassen, f\u00e5r disse egenskapene st\u00f8rre betydning.<\/p>\n<p>Jo flatere, jo bedre: Skr\u00e5nende terreng krever ekstra arbeid, noe som f\u00f8rer til en lengre og dyrere konstruksjon. En mindre helling er spesielt viktig hvis du planlegger \u00e5 kj\u00f8pe et prefabrikkert hus.<\/p>\n<p><strong>Tilgjengelig<\/strong>: En tilgjengelig tomt gj\u00f8r det enklere \u00e5 transportere materialer og maskiner for \u00e5 reise huset, noe som vanligvis bidrar til en smidigere, raskere og billigere bygging. N\u00e5r man bygger et ferdighus, er det likevel viktig med tilgjengelighet, siden det som leveres p\u00e5 byggeplassen er prefabrikkerte seksjoner med store dimensjoner.<\/p>\n<p><strong>Grunnforhold<\/strong>: Grunnforholdene vil avgj\u00f8re hva slags fundament huset trenger. Hvis du er i tvil, kan det v\u00e6re sv\u00e6rt nyttig \u00e5 f\u00e5 utf\u00f8rt en geoteknisk test, siden harde jordarter er sv\u00e6rt vanskelige \u00e5 grave ut, og sv\u00e6rt bl\u00f8te jordarter kan gj\u00f8re det n\u00f8dvendig \u00e5 grave dypt for \u00e5 finne fast grunn. Alle disse ekstraarbeidene vil \u00f8ke den totale byggeprisen.<\/p>\n<p><strong>Orientering<\/strong>: Orienteringen av tomten er avgj\u00f8rende for \u00e5 sikre en komfortabel bosituasjon n\u00e5r huset er bygget. Den ideelle orienteringen av tomten vil avhenge av klimaforholdene i omr\u00e5det der vi bygger, men de viktigste aspektene \u00e5 ta hensyn til er sollys, skygge, vind og flom.<\/p>\n<h2>3. Fokus p\u00e5 byggbare tomter<\/h2>\n<p>Det finnes ulike typer tomter p\u00e5 markedet, og ikke alle er byggbare. Selv om alle land organiserer sine tomter p\u00e5 forskjellige m\u00e5ter, har de alle en eller annen form for planlegging der tomter klassifiseres og kategoriseres i henhold til hva slags bygninger som kan oppf\u00f8res p\u00e5 omr\u00e5det.<\/p>\n<p>F\u00f8r du kj\u00f8per en tomt, b\u00f8r du r\u00e5df\u00f8re deg med de lokale planleggingsmyndighetene for \u00e5 sjekke om tomten er byggbar og identifisere eventuelle planproblemer. Husk at for \u00e5 f\u00e5 byggetillatelse m\u00e5 du oppfylle en rekke krav som blant annet begrenser bruken, st\u00f8rrelsen og h\u00f8yden p\u00e5 bygningen.<\/p>\n<figure id=\"attachment_28847\" aria-describedby=\"caption-attachment-28847\" style=\"width: 1000px\" class=\"wp-caption alignnone\"><img fetchpriority=\"high\" decoding=\"async\" class=\"wp-image-28847 size-full\" src=\"https:\/\/staging.spassio.com\/wp-content\/uploads\/2022\/08\/tini-tini-m-003-prefab-house-plot-land.webp\" alt=\"guide til prefabrikkerte hustomter\" width=\"1000\" height=\"562\" srcset=\"https:\/\/staging.spassio.com\/wp-content\/uploads\/2022\/08\/tini-tini-m-003-prefab-house-plot-land.webp 1000w, https:\/\/staging.spassio.com\/wp-content\/uploads\/2022\/08\/tini-tini-m-003-prefab-house-plot-land-300x169.webp 300w, https:\/\/staging.spassio.com\/wp-content\/uploads\/2022\/08\/tini-tini-m-003-prefab-house-plot-land-768x432.webp 768w, https:\/\/staging.spassio.com\/wp-content\/uploads\/2022\/08\/tini-tini-m-003-prefab-house-plot-land-496x279.webp 496w\" sizes=\"(max-width: 1000px) 100vw, 1000px\" \/><figcaption id=\"caption-attachment-28847\" class=\"wp-caption-text\">Bildet er gjengitt med tillatelse fra Tini: <a href=\"https:\/\/staging.spassio.com\/models\/tini-tini-m\/\">modell Tini M<\/a><\/figcaption><\/figure>\n<h2>4. Sjekk om tomten er betjent<\/h2>\n<p>En ferdig regulert tomt er en tomt som allerede er tilkoblet grunnleggende tjenester som str\u00f8m, vann, avl\u00f8p og til og med veier. N\u00e5r du er p\u00e5 utkikk etter en tomt for \u00e5 bygge et nytt ferdighus, b\u00f8r du ta dette i betraktning. Du kan bygge et ferdighus p\u00e5 en tomt som ikke er regulert, men det tar tid og penger \u00e5 koble tomten til de ulike tjenestene, s\u00e5 du b\u00f8r v\u00e6re klar over det p\u00e5 forh\u00e5nd.<\/p>\n<h2>5. Innhente juridisk r\u00e5dgivning<\/h2>\n<p>Det anbefales alltid \u00e5 s\u00f8ke juridisk r\u00e5dgivning f\u00f8r du kj\u00f8per tomten for \u00e5 redusere risikoen. En erfaren advokat kan hjelpe deg med \u00e5 finne ut om det er problemer med hjemmelen eller beskrivelsen av eiendommen, avgj\u00f8re om det er behov for skj\u00f8te og avdekke viktige forhold som gjeld, heftelser, panterettigheter og beslagsforbud.<\/p>\n<h3>Hva er risikoen ved \u00e5 kj\u00f8pe land?<\/h3>\n<p>Hvis man ikke innhenter juridisk r\u00e5dgivning, kan man <em>risikere \u00e5 kj\u00f8pe tomter<\/em> med alvorlige problemer som f.eks:<\/p>\n<p><strong>Grensetvister<\/strong>: Noen tomter er ikke avgrenset, og eierne av naboeiendommene er uenige om hvor grensen g\u00e5r. Det anbefales ikke \u00e5 kj\u00f8pe tomter med denne typen problemer, siden det ofte tar lang tid \u00e5 l\u00f8se slike tvister.<\/p>\n<p><strong>Restriktive<\/strong> klausuler: En tomt med restriktive klausuler kan begrense din frihet til \u00e5 bygge det huset du \u00f8nsker. Forsikre deg om at tomten du kj\u00f8per ikke har noen restriksjoner, eller hvis den har det, ta deg tid til \u00e5 finne ut om de vil v\u00e6re til ulempe for deg.<\/p>\n<p>Problemer med <strong>tilgangsrett<\/strong>: Den juridiske eiendomsretten til tomten b\u00f8r gi deg full juridisk rett til tilgang til tomten din, ellers kan det hende at du ikke har lovlig tilgang til eiendommen din, og eventuelle byggearbeider kan bli nektet.<\/p>\n<h3>Hvilke sp\u00f8rsm\u00e5l b\u00f8r jeg stille n\u00e5r jeg kj\u00f8per bolig?<\/h3>\n<p>F\u00f8r du g\u00e5r i gang med \u00e5 kj\u00f8pe en tomt, b\u00f8r du stille deg noen sp\u00f8rsm\u00e5l som kan hjelpe deg med \u00e5 identifisere risikoer:<\/p>\n<ul>\n<li>Hvorfor selger grunneieren tomten?<\/li>\n<li>Er det noen eksisterende problemer med tomten?<\/li>\n<li>Finnes det noen restriksjoner som kan begrense fremtidig utvikling?<\/li>\n<li>Er grensene tydelig og lovlig definert og merket?<\/li>\n<li>Er det gitt byggetillatelse?<\/li>\n<li>Hva er rettighetene til tilgang?<\/li>\n<li>Er tomten riktig tilkoblet grunnleggende tjenester og forsyninger?<\/li>\n<li>Hva legger byplanene opp til for nabolagets fremtid?<\/li>\n<\/ul>\n<h2>6. Gj\u00f8r deg kjent med tomtekostnadene og sammenlign priser<\/h2>\n<p>Tomtekostnadene varierer enormt, siden flere aspekter p\u00e5virker tomteverdien. Beliggenheten har generelt stor innvirkning p\u00e5 kj\u00f8pesummen. Derfor kan det v\u00e6re nyttig \u00e5 unders\u00f8ke gjennomsnittsprisen i omr\u00e5det n\u00e5r du skal sammenligne priser og forhandle om den endelige salgsprisen.<\/p>\n<p>Alle aspektene som er diskutert tidligere, vil imidlertid p\u00e5virke verdien direkte:<\/p>\n<p>Flate <strong>omr\u00e5der er generelt dyrere<\/strong>: Tomter med flatt land og gode jordforhold er ofte dyrere. Likevel er det som regel verdt det, siden byggearbeidene g\u00e5r smidigere.<\/p>\n<p>Tomter som kan <strong>bebygges, koster ofte mer<\/strong>: P\u00e5 samme m\u00e5te er tomter med byggetillatelse, tilgang til tjenester og reduserte begrensninger vanligvis mer etterspurt og derfor dyrere. De er likevel en god og trygg investering.<\/p>\n<p><strong>Tomter med juridiske problemer kan v\u00e6re billigere<\/strong>: V\u00e6r forsiktig med overraskende lave priser, det kan v\u00e6re juridiske problemer knyttet til dem.<\/p>\n<h2>7. Kj\u00f8p og registrer den nye boligen<\/h2>\n<p>N\u00e5r du har funnet den ideelle tomten for \u00e5 bygge ditt nye <a href=\"\/\">ferdighus<\/a> og er klar over kostnader og betingelser, er det p\u00e5 tide \u00e5 kj\u00f8pe den. N\u00e5r du blir eier av tomten, anbefales det at du registrerer den og skaffer deg en skj\u00f8teplan. Selv om tinglysing ikke er obligatorisk i Storbritannia og enkelte andre europeiske land, kan det v\u00e6re p\u00e5krevd av banken hvis du planlegger \u00e5 kvalifisere for et boligl\u00e5n.<\/p>\n<h3>Hvor du kan s\u00f8ke etter land<\/h3>\n<p>Det finnes ulike m\u00e5ter \u00e5 lete etter en tomt p\u00e5, du kan kontakte lokale eiendomsmeglere, lese aviser og magasiner, eller som det er mer vanlig i dag, s\u00f8ke p\u00e5 nettet. Et s\u00f8k p\u00e5 nettet vil gi deg en generell oversikt over hva som er tilgjengelig i ditt omr\u00e5de og hvor mye det koster.<\/p>\n<h3>Sammenligningstabell: Viktige faktorer ved kj\u00f8p av tomt<\/h3>\n<table style=\"border-collapse: collapse; width: 100%;\" border=\"1\">\n<tbody>\n<tr>\n<th>Faktor<\/th>\n<th>Betydningen av \u00e5 kj\u00f8pe tomt<\/th>\n<th>Ytterligere merknader<\/th>\n<\/tr>\n<tr>\n<td>Beliggenhet<\/td>\n<td>Avgj\u00f8rende for personlig bekvemmelighet og videresalgsverdi<\/td>\n<td>N\u00e6rhet til fasiliteter, transport og sikkerhet i nabolaget<\/td>\n<\/tr>\n<tr>\n<td>Egenskaper for land<\/td>\n<td>Avgj\u00f8rende for gjennomf\u00f8rbarhet og byggekostnader<\/td>\n<td>Flathet, tilgjengelighet, jordsmonn og orientering er avgj\u00f8rende.<\/td>\n<\/tr>\n<tr>\n<td>Byggbarhet<\/td>\n<td>M\u00e5 bekreftes f\u00f8r kj\u00f8p<\/td>\n<td>R\u00e5df\u00f8r deg med lokale planleggingsmyndigheter for forskrifter og tillatelser<\/td>\n<\/tr>\n<tr>\n<td>Tilkobling av tjenester<\/td>\n<td>Anbefales p\u00e5 det sterkeste for enkel konstruksjon<\/td>\n<td>Tomter som ikke betjenes, krever ekstra tid og investeringer.<\/td>\n<\/tr>\n<tr>\n<td>Juridiske betraktninger<\/td>\n<td>Avgj\u00f8rende for \u00e5 unng\u00e5 fremtidige tvister<\/td>\n<td>Inkluderer klarhet i eiendomsretten, restriktive klausuler og tilgangsrettigheter.<\/td>\n<\/tr>\n<tr>\n<td>Kostnad<\/td>\n<td>Varierer basert p\u00e5 faktorene ovenfor<\/td>\n<td>P\u00e5virkes av beliggenhet, byggbarhet og tomteegenskaper<\/td>\n<\/tr>\n<tr>\n<td>Registrering<\/td>\n<td>Anbefales for lovlig eierskap<\/td>\n<td>Viktig for s\u00f8knader om boligl\u00e5n og offisielt eierskap<\/td>\n<\/tr>\n<\/tbody>\n<\/table>\n<p>Her er noen nettsteder der du kan finne tomter som lokal eller utenlandsk kj\u00f8per:<\/p>\n<h3>Kj\u00f8p land i Storbritannia<\/h3>\n<p>Rightmove &#8211; <a href=\"https:\/\/www.rightmove.co.uk\" target=\"_blank\" rel=\"noopener\">https:\/\/www.rightmove.co.uk<\/a><br \/>\nBuildStore PlotSearch &#8211; <a href=\"https:\/\/plotsearch.buildstore.co.uk\/findingland\/\" target=\"_blank\" rel=\"noopener\">https:\/\/plotsearch.buildstore.co.uk\/findingland\/<\/a><\/p>\n<h3>Kj\u00f8p land i Frankrike<\/h3>\n<p>SeLoger construire &#8211; <a href=\"https:\/\/www.seloger-construire.com\/projet-construction\/terrain\/pays\/france\" target=\"_blank\" rel=\"noopener\">https:\/\/www.seloger-construire.com\/projet-construction\/terrain\/pays\/france<\/a><br \/>\nPAP Particuler \u00e0 Particuler &#8211; <a href=\"https:\/\/www.pap.fr\/annonce\/vente-terrains\" target=\"_blank\" rel=\"noopener\">https:\/\/www.pap.fr\/annonce\/vente-terrains<\/a><\/p>\n<h3>Kj\u00f8p land i Spania<\/h3>\n<p>terrenos.es &#8211; <a href=\"https:\/\/terrenos.es\" target=\"_blank\" rel=\"noopener\">https:\/\/terrenos.es<\/a><br \/>\nLandex &#8211; <a href=\"https:\/\/www.landex.es\" target=\"_blank\" rel=\"noopener\">https:\/\/www.landex.es<\/a><\/p>\n<h3>Kj\u00f8p land i Europa<\/h3>\n<p>Properstar &#8211; <a href=\"https:\/\/www.properstar.com\" target=\"_blank\" rel=\"noopener\">https:\/\/www.properstar.com<\/a><br \/>\nTranio &#8211; <a href=\"https:\/\/tranio.com\/europe\/land\/\" target=\"_blank\" rel=\"noopener\">https:\/\/tranio.com\/europe\/land\/<\/a><\/p>\n","protected":false},"excerpt":{"rendered":"<p>Denne guiden gir deg en oversikt over hva som kreves for \u00e5 finne og kj\u00f8pe en tomt for \u00e5 bygge et ferdighus i Storbritannia og Europa. \u00c5 finne den rette tomten for \u00e5 bygge et ferd ighus kan v\u00e6re utfordrende for en f\u00f8rstegangskj\u00f8per, siden denne byggeteknikken er ganske ny og kravene fortsatt er fremmede for [&hellip;]<\/p>\n","protected":false},"author":194,"featured_media":77800,"parent":0,"menu_order":0,"comment_status":"closed","ping_status":"closed","template":"","meta":{"content-type":"","_FSMCFIC_featured_image_caption":"","_FSMCFIC_featured_image_nocaption":"","_FSMCFIC_featured_image_hide":"","footnotes":""},"class_list":["post-77799","page","type-page","status-publish","has-post-thumbnail","hentry"],"_wp_attached_file":null,"_wp_attachment_metadata":null,"_wp_attachment_backup_sizes":null,"siteground_optimizer_webp_conversion_attempts":null,"siteground_optimizer_is_converted_to_webp":null,"siteground_optimizer_optimization_attempts":null,"siteground_optimizer_optimization_failed":null,"wpml_media_processed":null,"_wp_attachment_image_alt":null,"siteground_optimizer_is_optimized":null,"siteground_optimizer_webp_conversion_failed":null,"_elementor_source_image_hash":null,"siteground_optimizer_compression_level":null,"_elementor_inline_svg":null,"_imagify_optimization_level":null,"_imagify_status":null,"_imagify_data":null,"siteground_optimizer_original_filesize":null,"wpse_external_file_url":null,"fave_currency":null,"fave_currency_info":null,"fave_property_id":null,"fave_property_map":null,"fave_property_location":null,"houzez_geolocation_lat":null,"houzez_geolocation_long":null,"fave_property_map_street_view":null,"fave_featured":null,"fave_loggedintoview":null,"fave_agent_display_option":null,"fave_prop_homeslider":null,"fave_single_top_area":null,"fave_single_content_area":null,"_yoast_wpseo_primary_property_type":null,"_yoast_wpseo_primary_property_feature":null,"_yoast_wpseo_primary_property_label":null,"_yoast_wpseo_primary_property_country":null,"houzez_manual_expire":null,"_houzez_expiration_date_status":null,"houzez_total_property_views":null,"houzez_views_by_date":null,"houzez_recently_viewed":null,"fave_property_price":null,"fave_property_price_prefix":null,"fave_property_size":null,"fave_property_bathrooms":null,"fave_property_garage":null,"fave_levels":null,"fave_roof-type":null,"fave_construction-type":null,"fave_video_url":null,"fave_video_image":null,"fave_payment_status":null,"fave_property_agency":null,"fave_countries":null,"fave_sleeps":null,"_yoast_wpseo_primary_property_status":null,"fave_property_images":null,"fave_attachments":null,"technical_description":null,"houzez_featured_listing_date":null,"fave_property_size_prefix":null,"fave_property_bedrooms":null,"fave_property_price_postfix":null,"fave_production-time-in-weeks":null,"fave_building-time-in-days":null,"fave_window-glazing":null,"_yoast_wpseo_primary_feature-2":null,"_yoast_wpseo_primary_feature-3":null,"fave_warranty-in-years":null,"fave_property_land":null,"fave_property_land_postfix":null,"wpsebeba57d406-00de-d339-8c02-3956a916f506":null,"_oembed_eefb35903900c5c166d55ccf7fc62a8a":null,"_oembed_30948e80c1a853da0b519e72c40d2e13":null,"_oembed_0b78a31d7c7e6041adc064d46c40f98b":null,"_oembed_42c2c13b5902a21593b1d521556aea88":null,"_oembed_4fb58e495f37e206f97738a42dbe566f":null,"_oembed_b2828bee61bd9076cd21ece641de7abc":null,"_oembed_0c92428c960763e658977ce4918863f4":null,"_oembed_02b72dc3d26bdba6ff900a268ade2517":null,"_oembed_8c819834f7fc0b74364aa34a8193f46f":null,"_oembed_088962b77808b37d57abe5c8143f9652":null,"_oembed_dfae0e674c59ba061a82b330fc7fdea0":null,"_oembed_74e5075f66c4cd04b0e118feb24f6636":null,"fave_mortgage_cal":null,"_air_wp_sync_record_id":null,"_air_wp_sync_hash":null,"_air_wp_sync_importer_id":null,"_air_wp_sync_updated_at":null,"external_listing_link":null,"fave_property_map_address":null,"fave_multi_units_ids":null,"$wpml_language$":null,"fave_virtual_tour":null,"fave_gross-external-area":null,"_houzez_expiration_date":null,"_houzez_expiration_date_options":null,"floor_plans":null,"_oembed_a17db82fa378d53b4dc6ed46e5344499":null,"_oembed_da390569a339f4d7147d95cfb8c04c12":null,"_oembed_6a3eda5947bcc098660397ca8e21a941":null,"fave_roof-angle":null,"fave_seo-content":null,"_oembed_a7b8941eeee966e7350aede20b4d62be":null,"_oembed_time_a7b8941eeee966e7350aede20b4d62be":null,"additional_features":null,"fave_multi_units":null,"_oembed_716f56b62500685a7dd15ea2ec7579bd":null,"_oembed_time_716f56b62500685a7dd15ea2ec7579bd":null,"_oembed_8ececd3dd2598a4aedb5dfc82df2a0f6":null,"_oembed_time_8ececd3dd2598a4aedb5dfc82df2a0f6":null,"_oembed_4cef7884ea6ef16d48cd8675b12e440d":null,"fave_property_garage_size":null,"_oembed_5c1eaf7b40f4e3a3089b38beb88ba480":null,"fave_property_zip":null,"_oembed_ccdd6e0304386ece64b3b91f572b0be4":null,"_oembed_ae30d19e3e861b389146a1ccc2828104":null,"fave_property_rooms":null,"fave_property_year":null,"two_page_speed":null,"fave_year_established":null,"Status":null,"_oembed_5b2d8d2cf33b469c98e488ea5b118c30":null,"WPML Language Code":null,"_links":{"self":[{"href":"https:\/\/staging.spassio.com\/no\/wp-json\/wp\/v2\/pages\/77799","targetHints":{"allow":["GET"]}}],"collection":[{"href":"https:\/\/staging.spassio.com\/no\/wp-json\/wp\/v2\/pages"}],"about":[{"href":"https:\/\/staging.spassio.com\/no\/wp-json\/wp\/v2\/types\/page"}],"author":[{"embeddable":true,"href":"https:\/\/staging.spassio.com\/no\/wp-json\/wp\/v2\/users\/194"}],"replies":[{"embeddable":true,"href":"https:\/\/staging.spassio.com\/no\/wp-json\/wp\/v2\/comments?post=77799"}],"version-history":[{"count":0,"href":"https:\/\/staging.spassio.com\/no\/wp-json\/wp\/v2\/pages\/77799\/revisions"}],"wp:featuredmedia":[{"embeddable":true,"href":"https:\/\/staging.spassio.com\/no\/wp-json\/wp\/v2\/media\/77800"}],"wp:attachment":[{"href":"https:\/\/staging.spassio.com\/no\/wp-json\/wp\/v2\/media?parent=77799"}],"curies":[{"name":"wp","href":"https:\/\/api.w.org\/{rel}","templated":true}]}}