{"id":77804,"date":"2022-09-03T19:27:01","date_gmt":"2022-09-03T18:27:01","guid":{"rendered":"https:\/\/staging.spassio.com\/?page_id=77804"},"modified":"2024-04-22T13:16:20","modified_gmt":"2024-04-22T12:16:20","slug":"guide-fundamentering-modulhus","status":"publish","type":"page","link":"https:\/\/staging.spassio.com\/no\/guide-fundamentering-modulhus\/","title":{"rendered":"Guide til fundamentering av modulhus"},"content":{"rendered":"<p>Alle modulhus m\u00e5 festes til et permanent fundament, og til tross for at de bygges utenfor byggeplassen, er det f\u00f8rst n\u00e5r de prefabrikkerte modulene er festet til fundamentet at modulhuset anses som komplett. Fundamentets hovedm\u00e5l er \u00e5 gi <a href=\"https:\/\/staging.spassio.com\/categories\/modular-houses\/\">modulhuset<\/a> stabilitet ved \u00e5 skape en solid base. Derfor er det viktig \u00e5 velge riktig type fundament ved \u00e5 ta hensyn til faktorer som jordsmonnets egenskaper og husets strukturelle utforming.<\/p>\n<h2>Det viktigste du b\u00f8r vite om fundamentering av modulbaserte boliger<\/h2>\n<h3>1. det anbefales \u00e5 f\u00e5 utf\u00f8rt en jordsmonnsunders\u00f8kelse<\/h3>\n<p>I Storbritannia og de fleste europeiske land er det ikke p\u00e5krevd med en grunnunders\u00f8kelse, men det anbefales p\u00e5 det sterkeste. En geoteknisk test gir en detaljert sammensetning av de dypere jordlagene. N\u00e5r du har denne informasjonen p\u00e5 forh\u00e5nd, er det lettere \u00e5 finne ut hvilken type <a href=\"https:\/\/staging.spassio.com\/glossary\/foundation\/\">fundament<\/a> som er best egnet, og du slipper \u00e5 st\u00f8te p\u00e5 uventede elementer under utgravningen.<\/p>\n<h3>2. modulhusprodusenten har ofte ansvaret for \u00e5 bygge fundamentet til modulhuset<\/h3>\n<p>Noen modulhusprodusenter tar seg av hele byggeprosessen, inkludert montering av fundamentet p\u00e5 stedet. De produsentene som ikke tilbyr denne tjenesten, vil kreve at du engasjerer en entrepren\u00f8r til \u00e5 bygge fundamentet, men de vil likevel tilby veiledning i valg av fundament og byggeprosessen.<\/p>\n<h3>3. modulene er direkte festet til fundamentet.<\/h3>\n<p>Modulene som tilsvarer modulhuset, produseres i et fabrikklignende milj\u00f8 og leveres til byggeplassen n\u00e5r de er ferdige. Der l\u00f8ftes de opp med kran og festes vanligvis til fundamentet med koblinger eller bolter. Koblingen eller bolten er vanligvis sveiset til b\u00e5de modulen og fundamentet<a href=\"#_ftn1\" name=\"_ftnref1\">[1]<\/a>.<\/p>\n<h2>Hvilken type fundament er n\u00f8dvendig for et modulhus?<\/h2>\n<p>Det finnes fem hovedtyper av permanente fundamenter som vanligvis brukes til modulbygging, og som ikke skiller seg fra fundamentene som brukes til \u00e5 reise et tradisjonelt hus som bygges p\u00e5 stedet.<\/p>\n<h3>Fl\u00e5tefundament<\/h3>\n<p>Et fl\u00e5tefundament er en type grunnmur som best\u00e5r av en betongplate som ligger horisontalt p\u00e5 bakken og dekker hele husets grunnflate. For \u00e5 gj\u00f8re fundamentet mer motstandsdyktig og holdbart forsterkes betongplaten vanligvis med st\u00e5lstenger og gj\u00f8res tykkere i kantene.<\/p>\n<p>Gravearbeidet som er n\u00f8dvendig for \u00e5 installere denne typen fundament er minimalt, siden fl\u00e5tene i utgangspunktet st\u00e5r p\u00e5 et jevnt underlag av jord. Derfor er denne typen fundament vanligvis raskere og billigere \u00e5 bygge.<\/p>\n<h3>Individuell fundamentering eller enkeltfundamentering<\/h3>\n<p>Individuelle fundamenter er en type grunne fundamenter som best\u00e5r av et sett kvadratiske, rektangul\u00e6re eller runde plater som vanligvis plasseres under bakken. Disse padsene er som oftest laget av armert betong og er jevnt adskilt fra hverandre. Individuelle fundamenter er sv\u00e6rt vanlig i tradisjonelle hus, men ikke det vanligste i modulhus.<\/p>\n<p>Modulhus er som oftest bygget med konstruksjoner som best\u00e5r av b\u00e6rende vegger og enkeltst\u00e5ende s\u00f8yler. I noen tilfeller, for eksempel p\u00e5 skr\u00e5nende tomter, er individuelle fundamenter likevel en god l\u00f8sning for \u00e5 unng\u00e5 omfattende gravearbeid, men for \u00e5 koble huset til fundamentet er det n\u00f8dvendig \u00e5 feste en ekstra horisontal konstruksjon under husets vegger.<\/p>\n<h3>Fundamenter for stripe- eller veggfundament<\/h3>\n<p>Strip- eller veggfundamenter er en sv\u00e6rt vanlig type grunne fundamenter i modulbyggeri. De ligner p\u00e5 individuelle fundamenter, men i dette tilfellet er de ikke satt sammen av flere plater, men er bygget som en sammenhengende stripe. Dette fundamentet bygges rett under husets b\u00e6rende vegger med en bredde som vanligvis er 2 til 3 ganger veggenes bredde.<\/p>\n<h3>Dype fundamenter<\/h3>\n<p>Denne typen fundament brukes bare n\u00e5r jordsmonnet er svakt p\u00e5 overflaten. For at fundamentet skal fungere som det skal og gi den n\u00f8dvendige st\u00f8tten til modulhuset, er det n\u00f8dvendig at det hviler p\u00e5 fast grunn. N\u00e5r de f\u00f8rste jordlagene er svake og ikke har styrke nok til \u00e5 b\u00e6re fundamentet, m\u00e5 man grave dypere ned i bakken til man finner bedre jord.<\/p>\n<p>Det finnes ulike typer dypfundamenter, men i boligbygg er pele- eller skruepelefundamenter de vanligste. Peler er lange sylindere som kan bygges p\u00e5 stedet eller prefabrikkeres, og som vanligvis er laget av ulike materialer som betong, st\u00e5l eller tre.<\/p>\n<h3>Kjellerfundamenter<\/h3>\n<p>Det er absolutt mulig \u00e5 bygge et modulhus p\u00e5 et kjellerfundament. Denne typen fundament krever en betydelig mengde gravearbeid, noe som vil \u00f8ke byggekostnadene. Men det er som regel likevel kostnadseffektivt, siden det gir ekstra kvadratmeter som kan brukes enten som boareal eller til oppbevaring.<\/p>\n<p>Kjelleren best\u00e5r av to ulike konstruksjonselementer: et fl\u00e5tefundament og veggene, som i de fleste tilfeller er bygget av armert betong. Modulene som passer til modulhuset, plasseres opp\u00e5 kjellerveggene.<\/p>\n<p><img fetchpriority=\"high\" decoding=\"async\" class=\"alignnone wp-image-29240 size-large\" src=\"https:\/\/staging.spassio.com\/wp-content\/uploads\/2022\/09\/construction-contractors-1024x682.jpg\" alt=\"\" width=\"1024\" height=\"682\" srcset=\"https:\/\/staging.spassio.com\/wp-content\/uploads\/2022\/09\/construction-contractors-1024x682.jpg 1024w, https:\/\/staging.spassio.com\/wp-content\/uploads\/2022\/09\/construction-contractors-300x200.jpg 300w, https:\/\/staging.spassio.com\/wp-content\/uploads\/2022\/09\/construction-contractors-768x512.jpg 768w, https:\/\/staging.spassio.com\/wp-content\/uploads\/2022\/09\/construction-contractors-900x600.jpg 900w, https:\/\/staging.spassio.com\/wp-content\/uploads\/2022\/09\/construction-contractors-496x331.jpg 496w, https:\/\/staging.spassio.com\/wp-content\/uploads\/2022\/09\/construction-contractors.jpg 1280w\" sizes=\"(max-width: 1024px) 100vw, 1024px\" \/><\/p>\n<h2>Hva er det beste fundamentet for et modulhus?<\/h2>\n<p>Alle grunnmurstypene som er beskrevet ovenfor, kan gi god st\u00f8tte til et modulhus, selv om den beste grunnmurstypen vil variere fra modulhus til modulhus. Her er noen av de viktigste aspektene du m\u00e5 ta hensyn til n\u00e5r du skal velge den beste fundamenttypen for et modulhus:<\/p>\n<ul>\n<li>Jordsmonnets <strong>sammensetning<\/strong>: Sammensetningen av jordsmonnet er et av de viktigste aspektene \u00e5 ta hensyn til, siden fundamentet m\u00e5 hvile p\u00e5 fast grunn. Identifisering av eventuelle svake lag kan v\u00e6re sv\u00e6rt nyttig for \u00e5 avgj\u00f8re behovet for et dypere fundament. Men det kan ogs\u00e5 v\u00e6re en fordel \u00e5 identifisere elementer som steiner, siden det kan spare oss for vanskeligheter hvis vi bestemmer oss for \u00e5 grave.<\/li>\n<li><strong>Modulhusets<\/strong> konstruksjon: Hvis du vet om modulhuset er bygget med en b\u00e6rende veggkonstruksjon eller en s\u00f8ylekonstruksjon, kan du velge en fundamenttype som tilfredsstiller dine behov uten at det koster ekstra.<\/li>\n<li><strong>Landets topografi<\/strong>: \u00c5 ta hensyn til topografien kan hjelpe oss med \u00e5 velge den mest \u00f8konomiske og til og med milj\u00f8vennlige fundamenttypen. Flatt land gir oss vanligvis et enklere utgangspunkt, men det betyr ikke at vi alltid skal grave for \u00e5 flate ut terrenget. Ved \u00e5 leke med topografien og de ulike fundamenttypene kan man oppn\u00e5 sv\u00e6rt kostnadseffektive l\u00f8sninger.<\/li>\n<li><strong>Produsentens ekspertise<\/strong>: For \u00e5 sikre at fundamentet er solid og trygt, b\u00f8r det velges av ansvarlige arkitekter og ingeni\u00f8rer. Modulhusprodusenten tar seg vanligvis av disse tjenestene. I de tilfellene der fundamentet bygges av en ekstern h\u00e5ndverker, vil produsenten likevel gi n\u00f8dvendig veiledning for \u00e5 sikre at den valgte typen er den best egnede.<\/li>\n<\/ul>\n<p>Referanser:<br \/>\n<a style=\"color: #3eb6a8;\" href=\"#_ftnref1\" name=\"_ftn1\">[1]<\/a>Pujadas Gispert, E. Prefabrikkerte fundamenter for boliger anvendt p\u00e5 rommoduler Universitat Polit\u00e8cnica de Catalunya <a href=\"https:\/\/core.ac.uk\/download\/pdf\/81577177.pdf\">https:\/\/core.ac.uk\/download\/pdf\/81577177.pdf<\/a><br \/>\nUtvalgt bilde: <a href=\"https:\/\/staging.spassio.com\/models\/mevena-modern-exclusive-v1\/\">Modern Exclusive V1 av Mevena<\/a><\/p>\n","protected":false},"excerpt":{"rendered":"<p>Alle modulhus m\u00e5 festes til et permanent fundament, og til tross for at de bygges utenfor byggeplassen, er det f\u00f8rst n\u00e5r de prefabrikkerte modulene er festet til fundamentet at modulhuset anses som komplett. Fundamentets hovedm\u00e5l er \u00e5 gi modulhuset stabilitet ved \u00e5 skape en solid base. Derfor er det viktig \u00e5 velge riktig type fundament [&hellip;]<\/p>\n","protected":false},"author":194,"featured_media":77806,"parent":0,"menu_order":0,"comment_status":"closed","ping_status":"closed","template":"","meta":{"content-type":"","_FSMCFIC_featured_image_caption":"","_FSMCFIC_featured_image_nocaption":"","_FSMCFIC_featured_image_hide":"","footnotes":""},"class_list":["post-77804","page","type-page","status-publish","has-post-thumbnail","hentry"],"_wp_attached_file":null,"_wp_attachment_metadata":null,"_wp_attachment_backup_sizes":null,"siteground_optimizer_webp_conversion_attempts":null,"siteground_optimizer_is_converted_to_webp":null,"siteground_optimizer_optimization_attempts":null,"siteground_optimizer_optimization_failed":null,"wpml_media_processed":null,"_wp_attachment_image_alt":null,"siteground_optimizer_is_optimized":null,"siteground_optimizer_webp_conversion_failed":null,"_elementor_source_image_hash":null,"siteground_optimizer_compression_level":null,"_elementor_inline_svg":null,"_imagify_optimization_level":null,"_imagify_status":null,"_imagify_data":null,"siteground_optimizer_original_filesize":null,"wpse_external_file_url":null,"fave_currency":null,"fave_currency_info":null,"fave_property_id":null,"fave_property_map":null,"fave_property_location":null,"houzez_geolocation_lat":null,"houzez_geolocation_long":null,"fave_property_map_street_view":null,"fave_featured":null,"fave_loggedintoview":null,"fave_agent_display_option":null,"fave_prop_homeslider":null,"fave_single_top_area":null,"fave_single_content_area":null,"_yoast_wpseo_primary_property_type":null,"_yoast_wpseo_primary_property_feature":null,"_yoast_wpseo_primary_property_label":null,"_yoast_wpseo_primary_property_country":null,"houzez_manual_expire":null,"_houzez_expiration_date_status":null,"houzez_total_property_views":null,"houzez_views_by_date":null,"houzez_recently_viewed":null,"fave_property_price":null,"fave_property_price_prefix":null,"fave_property_size":null,"fave_property_bathrooms":null,"fave_property_garage":null,"fave_levels":null,"fave_roof-type":null,"fave_construction-type":null,"fave_video_url":null,"fave_video_image":null,"fave_payment_status":null,"fave_property_agency":null,"fave_countries":null,"fave_sleeps":null,"_yoast_wpseo_primary_property_status":null,"fave_property_images":null,"fave_attachments":null,"technical_description":null,"houzez_featured_listing_date":null,"fave_property_size_prefix":null,"fave_property_bedrooms":null,"fave_property_price_postfix":null,"fave_production-time-in-weeks":null,"fave_building-time-in-days":null,"fave_window-glazing":null,"_yoast_wpseo_primary_feature-2":null,"_yoast_wpseo_primary_feature-3":null,"fave_warranty-in-years":null,"fave_property_land":null,"fave_property_land_postfix":null,"wpsebeba57d406-00de-d339-8c02-3956a916f506":null,"_oembed_eefb35903900c5c166d55ccf7fc62a8a":null,"_oembed_30948e80c1a853da0b519e72c40d2e13":null,"_oembed_0b78a31d7c7e6041adc064d46c40f98b":null,"_oembed_42c2c13b5902a21593b1d521556aea88":null,"_oembed_4fb58e495f37e206f97738a42dbe566f":null,"_oembed_b2828bee61bd9076cd21ece641de7abc":null,"_oembed_0c92428c960763e658977ce4918863f4":null,"_oembed_02b72dc3d26bdba6ff900a268ade2517":null,"_oembed_8c819834f7fc0b74364aa34a8193f46f":null,"_oembed_088962b77808b37d57abe5c8143f9652":null,"_oembed_dfae0e674c59ba061a82b330fc7fdea0":null,"_oembed_74e5075f66c4cd04b0e118feb24f6636":null,"fave_mortgage_cal":null,"_air_wp_sync_record_id":null,"_air_wp_sync_hash":null,"_air_wp_sync_importer_id":null,"_air_wp_sync_updated_at":null,"external_listing_link":null,"fave_property_map_address":null,"fave_multi_units_ids":null,"$wpml_language$":null,"fave_virtual_tour":null,"fave_gross-external-area":null,"_houzez_expiration_date":null,"_houzez_expiration_date_options":null,"floor_plans":null,"_oembed_a17db82fa378d53b4dc6ed46e5344499":null,"_oembed_da390569a339f4d7147d95cfb8c04c12":null,"_oembed_6a3eda5947bcc098660397ca8e21a941":null,"fave_roof-angle":null,"fave_seo-content":null,"_oembed_a7b8941eeee966e7350aede20b4d62be":null,"_oembed_time_a7b8941eeee966e7350aede20b4d62be":null,"additional_features":null,"fave_multi_units":null,"_oembed_716f56b62500685a7dd15ea2ec7579bd":null,"_oembed_time_716f56b62500685a7dd15ea2ec7579bd":null,"_oembed_8ececd3dd2598a4aedb5dfc82df2a0f6":null,"_oembed_time_8ececd3dd2598a4aedb5dfc82df2a0f6":null,"_oembed_4cef7884ea6ef16d48cd8675b12e440d":null,"fave_property_garage_size":null,"_oembed_5c1eaf7b40f4e3a3089b38beb88ba480":null,"fave_property_zip":null,"_oembed_ccdd6e0304386ece64b3b91f572b0be4":null,"_oembed_ae30d19e3e861b389146a1ccc2828104":null,"fave_property_rooms":null,"fave_property_year":null,"two_page_speed":null,"fave_year_established":null,"Status":null,"_oembed_5b2d8d2cf33b469c98e488ea5b118c30":null,"WPML Language Code":null,"_links":{"self":[{"href":"https:\/\/staging.spassio.com\/no\/wp-json\/wp\/v2\/pages\/77804","targetHints":{"allow":["GET"]}}],"collection":[{"href":"https:\/\/staging.spassio.com\/no\/wp-json\/wp\/v2\/pages"}],"about":[{"href":"https:\/\/staging.spassio.com\/no\/wp-json\/wp\/v2\/types\/page"}],"author":[{"embeddable":true,"href":"https:\/\/staging.spassio.com\/no\/wp-json\/wp\/v2\/users\/194"}],"replies":[{"embeddable":true,"href":"https:\/\/staging.spassio.com\/no\/wp-json\/wp\/v2\/comments?post=77804"}],"version-history":[{"count":0,"href":"https:\/\/staging.spassio.com\/no\/wp-json\/wp\/v2\/pages\/77804\/revisions"}],"wp:featuredmedia":[{"embeddable":true,"href":"https:\/\/staging.spassio.com\/no\/wp-json\/wp\/v2\/media\/77806"}],"wp:attachment":[{"href":"https:\/\/staging.spassio.com\/no\/wp-json\/wp\/v2\/media?parent=77804"}],"curies":[{"name":"wp","href":"https:\/\/api.w.org\/{rel}","templated":true}]}}