{"id":77808,"date":"2022-09-19T12:36:31","date_gmt":"2022-09-19T11:36:31","guid":{"rendered":"https:\/\/staging.spassio.com\/?page_id=77808"},"modified":"2024-04-22T13:16:54","modified_gmt":"2024-04-22T12:16:54","slug":"introduksjon-kjop-ferdighus","status":"publish","type":"page","link":"https:\/\/staging.spassio.com\/no\/introduksjon-kjop-ferdighus\/","title":{"rendered":"Introduksjon til kj\u00f8p av ferdighus"},"content":{"rendered":"<p>I denne guiden finner du de grunnleggende retningslinjene for \u00e5 starte prosessen med \u00e5 kj\u00f8pe et ferdighus. Prefabrikkert bygging fungerer ganske annerledes enn tradisjonell bygging, siden det meste av byggeprosessen foreg\u00e5r utenfor byggeplassen i et fabrikklignende milj\u00f8. Derfor vil den trinnvise fremgangsm\u00e5ten vi b\u00f8r f\u00f8lge n\u00e5r vi <a href=\"\/\">kj\u00f8per et<\/a> ferdighus, v\u00e6re unik for denne typen konstruksjon.<\/p>\n<p>Prosessen med \u00e5 kj\u00f8pe et ferdighus:<\/p>\n<ol>\n<li>Se etter en ferdighusprodusent<\/li>\n<li>Finn tomten din<\/li>\n<li>Begynn \u00e5 samarbeide med produsenten<\/li>\n<\/ol>\n<p>Hvis du forst\u00e5r hvordan prefabrikkerte bygg fungerer, f\u00e5r du en id\u00e9 om hva du kan forvente og hvor du skal begynne. Husk imidlertid at prefab er et generisk begrep som definerer en m\u00e5te \u00e5 bygge p\u00e5, men at det finnes ulike typer prefabrikkerte hus. Hver type ferdighus har ulike fordeler, s\u00e5 bli kjent med dem for \u00e5 velge det ferdighuset som passer best for deg.<\/p>\n<h2>Hva b\u00f8r du vite om kj\u00f8p av ferdighus?<\/h2>\n<p>F\u00f8r du g\u00e5r i gang med \u00e5 kj\u00f8pe et <a href=\"\/\">ferdighus<\/a>, er det viktig at du tar deg tid til \u00e5 sette deg inn i hva denne typen konstruksjon g\u00e5r ut p\u00e5, slik at du vet hva du skal se etter og hva du kan forvente.<\/p>\n<h3>Hvordan fungerer ferdighus?<\/h3>\n<ul>\n<li><strong>Produsentene er ganske spesialiserte<\/strong>: Siden ferdighusbygging er sv\u00e6rt systematisert, har de fleste produsenter spesialisert seg p\u00e5 en designstil. Ved \u00e5 velge riktig produsent kan vi f\u00e5 akkurat det vi er ute etter.<\/li>\n<li>Tomtens <strong>egenskaper<\/strong> er viktige: N\u00e5r du bygger et ferdighus, er det viktig \u00e5 velge en egnet tomt for \u00e5 sikre en smidig byggeprosess.<\/li>\n<li><strong>Designfasen b\u00f8r ikke<\/strong> forhastes: Siden det meste av byggingen skjer i et fabrikklignende milj\u00f8, er det ikke mye rom for eieren til \u00e5 se p\u00e5 rommet mens det bygges og endre eventuelle designelementer n\u00e5r byggearbeidene f\u00f8rst er i gang. Bruk litt tid p\u00e5 \u00e5 bestemme deg for designet f\u00f8r du godkjenner det.<\/li>\n<\/ul>\n<h2>Hvor mye m\u00e5 du regne med \u00e5 betale for et ferdighus?<\/h2>\n<p>Det er generelt billigere \u00e5 kj\u00f8pe et ferdighus enn \u00e5 bygge et tradisjonelt hus p\u00e5 stedet, og man kan spare s\u00e5 mye som 20 % av byggekostnadene <a href=\"#_ftn1\" name=\"_ftnref1\">[1]<\/a>. Prisen vil imidlertid avhenge av type ferdighus, husets st\u00f8rrelse og materialene som brukes. Du kan for eksempel finne rimelige ferdighus til en startkostnad p\u00e5 30 000 \u20ac for prefabrikasjon. En prislapp p\u00e5 rundt 200 000 euro er likevel en mer vanlig verdi n\u00e5r man kj\u00f8per et ferdighus i familiest\u00f8rrelse.<\/p>\n<p>Prosessen med \u00e5 kj\u00f8pe et ferdighus:<\/p>\n<h3>1. se etter en ferdighusprodusent<\/h3>\n<p>N\u00e5r du har bestemt deg for hvilken type ferdighus som passer best for deg, er det p\u00e5 tide \u00e5 finne en produsent. Med tanke p\u00e5 prefab-prosessens natur er det viktig \u00e5 velge en prefab-bygger basert p\u00e5 f\u00f8lgende:<\/p>\n<ul>\n<li><strong>Type<\/strong> ferdighus: Finn en produsent som bygger den typen ferdighus du er ute etter.<\/li>\n<li><strong>Stil<\/strong>: Prefabprodusenter har en tendens til \u00e5 spesialisere seg p\u00e5 \u00e9n arkitektonisk stil, definer hvilken estetikk som passer deg best, og se etter en produsent som fokuserer p\u00e5 denne stilen.<\/li>\n<li><strong>Forh\u00e5ndsdesignet eller spesialtilpasset<\/strong>: Noen produsenter tilbyr forh\u00e5ndsdesignede ferdighus, noen fokuserer kun p\u00e5 spesialtilpasset design, og noen f\u00e5 tilbyr begge alternativene. Bestem deg for om en forh\u00e5ndsdesignet planl\u00f8sning passer for deg, eller om du heller vil designe et hus fra bunnen av f\u00f8r du bestemmer deg for en produsent.<\/li>\n<li><strong>Levering<\/strong>: Forsikre deg om at produsenten kan garantere levering til ditt land.<\/li>\n<\/ul>\n<h3>2.Finn tomten din<\/h3>\n<p>Let etter en tomt der du kan bygge ferdighuset ditt, og r\u00e5df\u00f8r deg med produsenten f\u00f8r du kj\u00f8per det. Denne konsultasjonen gir deg mulighet til \u00e5 verifisere at tomten er egnet b\u00e5de juridisk og fysisk til \u00e5 bygge den typen ferdighus du har i tankene.<\/p>\n<p>Som en generell regel er dette de viktigste tingene \u00e5 ta hensyn til n\u00e5r du skal kj\u00f8pe tomt for \u00e5 bygge en ferdighusbolig:<\/p>\n<ul>\n<li><strong>Flat topografi<\/strong>: Noen prefabrikkerte hus, spesielt de som er forh\u00e5ndsdesignet, krever en flat overflate for \u00e5 kunne heves.<\/li>\n<li><strong>Tilgjengelige veier<\/strong>: For \u00e5 sikre at alle prefabrikkerte komponenter kan komme frem til eiendommen, b\u00f8r veiene som f\u00f8rer til tomten v\u00e6re brede og uten hindringer.<\/li>\n<\/ul>\n<h3>3.Begynn \u00e5 samarbeide med produsenten<\/h3>\n<p>S\u00e5 snart du begynner \u00e5 samarbeide med produsenten, begynner du \u00e5 designe ferdighuset og definere byggeprosessen sammen med de ulike fagpersonene som er involvert. Hvert selskap og hvert land f\u00f8lger litt forskjellige prosesser, s\u00e5 det er viktig \u00e5 ta seg god tid til \u00e5 diskutere alle viktige aspekter ved byggeprosessen med produsenten.<\/p>\n<p>Dette er noen av de viktigste tingene \u00e5 ta hensyn til:<\/p>\n<ul>\n<li>Det <strong>kan hende du m\u00e5 leie inn en entrepren\u00f8r<\/strong>: Noen produsenter tar seg av b\u00e5de off-site og on-site bygging, mens andre kun fokuserer p\u00e5 prefabrikasjon av huset. I dette tilfellet m\u00e5 du leie inn en entrepren\u00f8r til \u00e5 utf\u00f8re alt arbeid p\u00e5 stedet, som \u00e5 bygge fundamentet, anlegge landskapet og koble til ledningsnettet.<\/li>\n<li>Det <strong>kan v\u00e6re n\u00f8dvendig \u00e5 engasjere en arkitekt<\/strong>: I noen europeiske land, for eksempel Spania, trenger du en registrert arkitekt for \u00e5 f\u00e5 byggetillatelse<a href=\"#_ftn2\" name=\"_ftnref1\">[2]<\/a>. Noen <a href=\"https:\/\/staging.spassio.com\/manufacturers\/\">ferdighusfirmaer<\/a> kan inkludere denne tjenesten, s\u00e5 avklar med dem hva som er inkludert.<\/li>\n<li><strong>Du m\u00e5 sannsynligvis s\u00f8ke om byggetillatelse<\/strong>: Alle ferdighus, med unntak av de fleste sm\u00e5hus, trenger byggetillatelse. I de fleste land, for eksempel Storbritannia, er det eieren av eiendommen som m\u00e5 s\u00f8ke om denne tillatelsen<a href=\"#_ftn1\" name=\"_ftnref3\">[3]<\/a>. Arkitekten din vil utarbeide de fleste dokumentene for deg, men det er ditt ansvar \u00e5 skaffe de n\u00f8dvendige tillatelsene for \u00e5 kunne bygge.<img fetchpriority=\"high\" decoding=\"async\" class=\"alignnone wp-image-29416 size-large\" src=\"https:\/\/staging.spassio.com\/wp-content\/uploads\/2022\/09\/guide-buying-prefab-1024x576.jpg\" alt=\"kj\u00f8pe et ferdighus\" width=\"1024\" height=\"576\" srcset=\"https:\/\/staging.spassio.com\/wp-content\/uploads\/2022\/09\/guide-buying-prefab-1024x576.jpg 1024w, https:\/\/staging.spassio.com\/wp-content\/uploads\/2022\/09\/guide-buying-prefab-300x169.jpg 300w, https:\/\/staging.spassio.com\/wp-content\/uploads\/2022\/09\/guide-buying-prefab-768x432.jpg 768w, https:\/\/staging.spassio.com\/wp-content\/uploads\/2022\/09\/guide-buying-prefab-1536x864.jpg 1536w, https:\/\/staging.spassio.com\/wp-content\/uploads\/2022\/09\/guide-buying-prefab-1067x600.jpg 1067w, https:\/\/staging.spassio.com\/wp-content\/uploads\/2022\/09\/guide-buying-prefab-496x279.jpg 496w, https:\/\/staging.spassio.com\/wp-content\/uploads\/2022\/09\/guide-buying-prefab.jpg 1920w\" sizes=\"(max-width: 1024px) 100vw, 1024px\" \/><\/li>\n<\/ul>\n<h2>Hvilken type ferdighus b\u00f8r du kj\u00f8pe?<\/h2>\n<p>Det finnes fire hovedtyper av ferdighus. Hver av dem f\u00f8lger forskjellige byggeprosesser, noe som gir b\u00e5de fordeler og ulemper avhengig av v\u00e5re forventninger, behov og preferanser.<\/p>\n<p><strong>Modulbaserte hus<\/strong>: Du kan f\u00e5 en konstruksjon som ser ut som et plassbygd hus med enten et moderne eller tradisjonelt utseende. Siden <a href=\"https:\/\/staging.spassio.com\/categories\/modular-houses\/\">modulhus<\/a> bygges ved \u00e5 sette sammen prefabrikkerte tredimensjonale moduler, g\u00e5r monteringen av huset raskt og enkelt. Det er imidlertid ikke sikkert at et modulhus er et godt valg hvis veiene som f\u00f8rer til eiendommen din ikke er tilgjengelige for de store lastebilene som kreves for \u00e5 transportere modulene.<\/p>\n<p><strong>Panelbygde hus<\/strong>: Ved \u00e5 kj\u00f8pe denne typen ferdighus f\u00e5r vi ogs\u00e5 et hus som ser ut som en tradisjonell konstruksjon i v\u00e5r foretrukne stil. I dette tilfellet er de prefabrikkerte forbindelsene imidlertid ikke volumetriske, men flate: et sett med paneler utformet som vegger, tak og tak. Det betyr at monteringen ikke g\u00e5r like raskt, selv om leveransen ofte er mer fleksibel og en smalere vei kanskje ikke forstyrrer like mye.<\/p>\n<p><strong>T\u00f8mmerhus<\/strong>: T\u00f8mmerstokker kan klargj\u00f8res utenfor byggeplassen og deretter transporteres til byggeplassen som et monteringsklart byggesett. \u00c5 <a href=\"https:\/\/staging.spassio.com\/categories\/log-houses\/\">kj\u00f8pe et t\u00f8mmerhus<\/a> kan derfor v\u00e6re et godt alternativ hvis adkomstveien til tomten er komplisert.<\/p>\n<p><strong>Sm\u00e5hus<\/strong>: Tiny Houses er en unik type ferdighus som b\u00e5de er sm\u00e5 og flyttbare. Det bygges helt utenfor tomten og plasseres vanligvis p\u00e5 hjul, noe som gj\u00f8r det til et godt alternativ for deg som \u00f8nsker en fleksibel og minimal livsstil der du ikke plasserer huset permanent p\u00e5 en bestemt <a href=\"https:\/\/staging.spassio.com\/guide-to-finding-and-buying-land\/\">tomt<\/a>.<\/p>\n<p><strong>VANLIGE SP\u00d8RSM\u00c5L<br \/>\n<\/strong><\/p>\n<h3>Er et ferdighus en god investering?<\/h3>\n<p>Ja, hvis du planlegger \u00e5 investere i bygging av et hus, er det smart \u00e5 velge \u00e5 bygge det ved hjelp av ferdighus. Kvaliteten p\u00e5 ferdighus er like god som kvaliteten p\u00e5 tradisjonelle bygg, men byggekostnadene er lavere. Derfor er det en god investering \u00e5 bygge et ferdighus.<\/p>\n<h3>Taper ferdighus i verdi?<\/h3>\n<p>Permanente ferdighus som modulhus, panelhus, t\u00f8mmerhus eller hytter regnes som fast eiendom og bygges med samme kvalitet som tradisjonelle bygg. Derfor taper de vanligvis ikke verdi.<\/p>\n<h3>Hvordan gj\u00f8r jeg ferdighuset mitt bel\u00e5ningsbart?<\/h3>\n<p>Et <a href=\"https:\/\/staging.spassio.com\/mortgage-prefab-house\/\">ferdighus kan bel\u00e5nes<\/a> hvis det er reist p\u00e5 permanent fundament og bygget i henhold til de lokale byggeforskriftene. Generelt er det enkelt \u00e5 f\u00e5 boligl\u00e5n til ferdighus som modul-, panel- eller t\u00f8mmerhus.<\/p>\n<p>Referanser<br \/>\n<a style=\"color: #3eb6a8;\" href=\"#_ftnref1\" name=\"_ftn1\">[1]<\/a>Bertram, N., Fuchs, S., Mischke, J., Palter, R., Strube, G., &amp; Woetzel, J. (2019, June) Modular construction from projects to products Capital Projects &amp; Infrastructure https:\/\/www.ivvd.nl\/wp-content\/uploads\/2019\/12\/Modular-construction-from-projects-to-products-full-report-NEW.pdf<br \/>\n<a style=\"color: #3eb6a8;\" href=\"#_ftnref2\" name=\"_ftn2\">[2]<\/a>Alt du trenger \u00e5 vite f\u00f8r du kj\u00f8per et ferdighus i Spania Pacheco &amp; Asociados <a href=\"https:\/\/www.spanisharchitect.info\/2017\/08\/24\/everything-you-need-to-know-before-buying-a-prefabricated-house-in-spain\/\">https:\/\/www.spanisharchitect.info\/2017\/08\/24\/everything-you-need-to-know-before-buying-a-prefabricated-house-in-spain\/<\/a><br \/>\n<a style=\"color: #3eb6a8;\" href=\"#_ftnref3\" name=\"_ftn3\">[3]<\/a>Ditt ansvar Planleggingsportal <a href=\"https:\/\/www.planningportal.co.uk\/permission\/responsibilities\">https:\/\/www.planningportal.co.uk\/permission\/responsibilities<\/a><\/p>\n","protected":false},"excerpt":{"rendered":"<p>I denne guiden finner du de grunnleggende retningslinjene for \u00e5 starte prosessen med \u00e5 kj\u00f8pe et ferdighus. Prefabrikkert bygging fungerer ganske annerledes enn tradisjonell bygging, siden det meste av byggeprosessen foreg\u00e5r utenfor byggeplassen i et fabrikklignende milj\u00f8. Derfor vil den trinnvise fremgangsm\u00e5ten vi b\u00f8r f\u00f8lge n\u00e5r vi kj\u00f8per et ferdighus, v\u00e6re unik for denne typen [&hellip;]<\/p>\n","protected":false},"author":194,"featured_media":77810,"parent":0,"menu_order":0,"comment_status":"closed","ping_status":"closed","template":"","meta":{"content-type":"","_FSMCFIC_featured_image_caption":"","_FSMCFIC_featured_image_nocaption":"","_FSMCFIC_featured_image_hide":"","footnotes":""},"class_list":["post-77808","page","type-page","status-publish","has-post-thumbnail","hentry"],"_wp_attached_file":null,"_wp_attachment_metadata":null,"_wp_attachment_backup_sizes":null,"siteground_optimizer_webp_conversion_attempts":null,"siteground_optimizer_is_converted_to_webp":null,"siteground_optimizer_optimization_attempts":null,"siteground_optimizer_optimization_failed":null,"wpml_media_processed":null,"_wp_attachment_image_alt":null,"siteground_optimizer_is_optimized":null,"siteground_optimizer_webp_conversion_failed":null,"_elementor_source_image_hash":null,"siteground_optimizer_compression_level":null,"_elementor_inline_svg":null,"_imagify_optimization_level":null,"_imagify_status":null,"_imagify_data":null,"siteground_optimizer_original_filesize":null,"wpse_external_file_url":null,"fave_currency":null,"fave_currency_info":null,"fave_property_id":null,"fave_property_map":null,"fave_property_location":null,"houzez_geolocation_lat":null,"houzez_geolocation_long":null,"fave_property_map_street_view":null,"fave_featured":null,"fave_loggedintoview":null,"fave_agent_display_option":null,"fave_prop_homeslider":null,"fave_single_top_area":null,"fave_single_content_area":null,"_yoast_wpseo_primary_property_type":null,"_yoast_wpseo_primary_property_feature":null,"_yoast_wpseo_primary_property_label":null,"_yoast_wpseo_primary_property_country":null,"houzez_manual_expire":null,"_houzez_expiration_date_status":null,"houzez_total_property_views":null,"houzez_views_by_date":null,"houzez_recently_viewed":null,"fave_property_price":null,"fave_property_price_prefix":null,"fave_property_size":null,"fave_property_bathrooms":null,"fave_property_garage":null,"fave_levels":null,"fave_roof-type":null,"fave_construction-type":null,"fave_video_url":null,"fave_video_image":null,"fave_payment_status":null,"fave_property_agency":null,"fave_countries":null,"fave_sleeps":null,"_yoast_wpseo_primary_property_status":null,"fave_property_images":null,"fave_attachments":null,"technical_description":null,"houzez_featured_listing_date":null,"fave_property_size_prefix":null,"fave_property_bedrooms":null,"fave_property_price_postfix":null,"fave_production-time-in-weeks":null,"fave_building-time-in-days":null,"fave_window-glazing":null,"_yoast_wpseo_primary_feature-2":null,"_yoast_wpseo_primary_feature-3":null,"fave_warranty-in-years":null,"fave_property_land":null,"fave_property_land_postfix":null,"wpsebeba57d406-00de-d339-8c02-3956a916f506":null,"_oembed_eefb35903900c5c166d55ccf7fc62a8a":null,"_oembed_30948e80c1a853da0b519e72c40d2e13":null,"_oembed_0b78a31d7c7e6041adc064d46c40f98b":null,"_oembed_42c2c13b5902a21593b1d521556aea88":null,"_oembed_4fb58e495f37e206f97738a42dbe566f":null,"_oembed_b2828bee61bd9076cd21ece641de7abc":null,"_oembed_0c92428c960763e658977ce4918863f4":null,"_oembed_02b72dc3d26bdba6ff900a268ade2517":null,"_oembed_8c819834f7fc0b74364aa34a8193f46f":null,"_oembed_088962b77808b37d57abe5c8143f9652":null,"_oembed_dfae0e674c59ba061a82b330fc7fdea0":null,"_oembed_74e5075f66c4cd04b0e118feb24f6636":null,"fave_mortgage_cal":null,"_air_wp_sync_record_id":null,"_air_wp_sync_hash":null,"_air_wp_sync_importer_id":null,"_air_wp_sync_updated_at":null,"external_listing_link":null,"fave_property_map_address":null,"fave_multi_units_ids":null,"$wpml_language$":null,"fave_virtual_tour":null,"fave_gross-external-area":null,"_houzez_expiration_date":null,"_houzez_expiration_date_options":null,"floor_plans":null,"_oembed_a17db82fa378d53b4dc6ed46e5344499":null,"_oembed_da390569a339f4d7147d95cfb8c04c12":null,"_oembed_6a3eda5947bcc098660397ca8e21a941":null,"fave_roof-angle":null,"fave_seo-content":null,"_oembed_a7b8941eeee966e7350aede20b4d62be":null,"_oembed_time_a7b8941eeee966e7350aede20b4d62be":null,"additional_features":null,"fave_multi_units":null,"_oembed_716f56b62500685a7dd15ea2ec7579bd":null,"_oembed_time_716f56b62500685a7dd15ea2ec7579bd":null,"_oembed_8ececd3dd2598a4aedb5dfc82df2a0f6":null,"_oembed_time_8ececd3dd2598a4aedb5dfc82df2a0f6":null,"_oembed_4cef7884ea6ef16d48cd8675b12e440d":null,"fave_property_garage_size":null,"_oembed_5c1eaf7b40f4e3a3089b38beb88ba480":null,"fave_property_zip":null,"_oembed_ccdd6e0304386ece64b3b91f572b0be4":null,"_oembed_ae30d19e3e861b389146a1ccc2828104":null,"fave_property_rooms":null,"fave_property_year":null,"two_page_speed":null,"fave_year_established":null,"Status":null,"_oembed_5b2d8d2cf33b469c98e488ea5b118c30":null,"WPML Language Code":null,"_links":{"self":[{"href":"https:\/\/staging.spassio.com\/no\/wp-json\/wp\/v2\/pages\/77808","targetHints":{"allow":["GET"]}}],"collection":[{"href":"https:\/\/staging.spassio.com\/no\/wp-json\/wp\/v2\/pages"}],"about":[{"href":"https:\/\/staging.spassio.com\/no\/wp-json\/wp\/v2\/types\/page"}],"author":[{"embeddable":true,"href":"https:\/\/staging.spassio.com\/no\/wp-json\/wp\/v2\/users\/194"}],"replies":[{"embeddable":true,"href":"https:\/\/staging.spassio.com\/no\/wp-json\/wp\/v2\/comments?post=77808"}],"version-history":[{"count":0,"href":"https:\/\/staging.spassio.com\/no\/wp-json\/wp\/v2\/pages\/77808\/revisions"}],"wp:featuredmedia":[{"embeddable":true,"href":"https:\/\/staging.spassio.com\/no\/wp-json\/wp\/v2\/media\/77810"}],"wp:attachment":[{"href":"https:\/\/staging.spassio.com\/no\/wp-json\/wp\/v2\/media?parent=77808"}],"curies":[{"name":"wp","href":"https:\/\/api.w.org\/{rel}","templated":true}]}}