{"id":77814,"date":"2022-10-03T08:09:49","date_gmt":"2022-10-03T07:09:49","guid":{"rendered":"https:\/\/staging.spassio.com\/?page_id=77814"},"modified":"2024-04-22T13:17:32","modified_gmt":"2024-04-22T12:17:32","slug":"skreddersydde-vs-prefabrikerte-husmodeller","status":"publish","type":"page","link":"https:\/\/staging.spassio.com\/no\/skreddersydde-vs-prefabrikerte-husmodeller\/","title":{"rendered":"Skreddersydde vs. prefabrikerte husmodeller: Hvilken b\u00f8r du velge?"},"content":{"rendered":"<p>N\u00e5r du kj\u00f8per et ferdighus, kan du velge mellom to designalternativer: <strong>skredders\u00f8m eller forh\u00e5ndsdesign<\/strong>. Den mest i\u00f8ynefallende forskjellen mellom disse to er friheten til \u00e5 skreddersy, selv om det \u00e5 f\u00f8lge en annen prosess i designfasen p\u00e5virker hele konstruksjonen. Derfor er det viktig \u00e5 velge om man skal designe en prefab fra bunnen av eller velge fra en katalog.<\/p>\n<p><strong>Hva er et skreddersydd ferdighus?<\/strong><\/p>\n<p>Et skreddersydd <a href=\"\/\">ferdighus<\/a> er et hus som er designet fra bunnen av med tanke p\u00e5 brukerens behov. Husprosjektet kan tegnes av <a href=\"https:\/\/staging.spassio.com\/manufacturers\/\">ferdighusfirmaet<\/a> eller av et uavhengig arkitektfirma. Hvert element i huset er utviklet individuelt i henhold til kundens n\u00f8yaktige spesifikasjoner, noe som skaper et unikt og personlig rom.<\/p>\n<p>\u00c5 designe et skreddersydd hus er sv\u00e6rt attraktivt for de som enkelt kan visualisere dr\u00f8mmehuset sitt. Men det kan ogs\u00e5 v\u00e6re en god mulighet for kunder med uvanlige situasjoner, for eksempel vanskelige tomtetopografier eller sv\u00e6rt spesifikke designkrav, siden arkitektene tilpasser designet til kundens behov.<\/p>\n<p><strong>Hva er en forh\u00e5ndsdesignet prefabrikkert modell?<br \/>\n<\/strong><\/p>\n<p>En prefabrikkert husmodell er et hus som allerede er designet og tilgjengelig for hvem som helst. Forh\u00e5ndsdesignede ferdighus er ogs\u00e5 kjent som kataloghus, siden kj\u00f8psprosessen begynner med at kunden sammenligner ulike bilder av de tilgjengelige husene for \u00e5 finne det som best tilfredsstiller deres behov og \u00f8nsker.<\/p>\n<p>\u00c5 velge et ferdigdesignet ferdighus forenkler prosessen med \u00e5 kj\u00f8pe et nytt hjem, siden det f\u00f8lger en veldig visuell og intuitiv prosedyre. Til tross for at kunden velger en allerede utviklet modell, kan han eller hun tilpasse ulike elementer for \u00e5 gj\u00f8re huset mer personlig.<\/p>\n<figure id=\"attachment_29581\" aria-describedby=\"caption-attachment-29581\" style=\"width: 1170px\" class=\"wp-caption aligncenter\"><img fetchpriority=\"high\" decoding=\"async\" class=\"wp-image-29581 size-full\" src=\"https:\/\/staging.spassio.com\/wp-content\/uploads\/2022\/10\/akso-haus-stella-pre-design-prefab-home.webp\" alt=\"forh\u00e5ndsdesignet ferdighus\" width=\"1170\" height=\"785\" srcset=\"https:\/\/staging.spassio.com\/wp-content\/uploads\/2022\/10\/akso-haus-stella-pre-design-prefab-home.webp 1170w, https:\/\/staging.spassio.com\/wp-content\/uploads\/2022\/10\/akso-haus-stella-pre-design-prefab-home-300x201.webp 300w, https:\/\/staging.spassio.com\/wp-content\/uploads\/2022\/10\/akso-haus-stella-pre-design-prefab-home-1024x687.webp 1024w, https:\/\/staging.spassio.com\/wp-content\/uploads\/2022\/10\/akso-haus-stella-pre-design-prefab-home-768x515.webp 768w, https:\/\/staging.spassio.com\/wp-content\/uploads\/2022\/10\/akso-haus-stella-pre-design-prefab-home-894x600.webp 894w, https:\/\/staging.spassio.com\/wp-content\/uploads\/2022\/10\/akso-haus-stella-pre-design-prefab-home-496x333.webp 496w\" sizes=\"(max-width: 1170px) 100vw, 1170px\" \/><figcaption id=\"caption-attachment-29581\" class=\"wp-caption-text\">Bildet er gjengitt med tillatelse fra: <a href=\"https:\/\/staging.spassio.com\/models\/akso-haus-stella-1-112-offset-gabled-roof\/\">Akso-Haus Stella 1-112 forskj\u00f8vet sadeltak<\/a><\/figcaption><\/figure>\n<h2>De viktigste forskjellene mellom skreddersydde og prefabrikkerte boliger<\/h2>\n<p>N\u00e5r huset er bygget, er det ikke mulig \u00e5 se forskjell p\u00e5 et ferdighus som er designet fra bunnen av, og et som er hentet fra en katalog. Begge vil se ut som vakre konstruksjoner av god kvalitet. Forskjellen vil i stedet bli synlig i byggeprosessen.<\/p>\n<p><strong>Designmuligheter: Kan du tilpasse dem?<\/strong><\/p>\n<p>Designmulighetene i en prefab er mye st\u00f8rre n\u00e5r du <strong>velger en skreddersydd modell<\/strong>. I dette tilfellet er det stort sett ingen designbegrensninger, siden arkitektene vil jobbe for \u00e5 utvikle det huset kunden \u00f8nsker seg. Denne designfleksibiliteten er spesielt nyttig n\u00e5r man bygger et hus p\u00e5 en tomt med komplisert topografi, siden designerne kan finne den beste husdesignen for \u00e5 utnytte denne ulempen og gj\u00f8re den til en mulighet til \u00e5 skape en unik arkitektur <a href=\"#_ftn1\" name=\"_ftnref1\">[1]<\/a>, <a href=\"#_ftn2\" name=\"_ftnref2\">[2]<\/a>.<\/p>\n<p><strong>Kvaliteten p\u00e5 materialene: Hva er de laget av?<\/strong><\/p>\n<p>Skreddersydde ferdighus er ikke n\u00f8dvendigvis bygget med materialer av h\u00f8yere kvalitet, men det at de er skreddersydde gir kundene mulighet til \u00e5 velge materialer etter eget \u00f8nske. De kundene som er interessert i \u00e5 bruke holdbare materialer av h\u00f8y kvalitet, kan velge hvert enkelt materiale etter eget \u00f8nske n\u00e5r de kj\u00f8per <strong>skreddersydde boliger<\/strong>.<\/p>\n<p>Ved \u00e5 velge et ferdighus er det likevel en garanti for at byggematerialene vil gi et trygt og holdbart milj\u00f8, siden alle permanente ferdighus bygges i henhold til gjeldende <strong>byggeforskrifter<\/strong>, noe som garanterer et godt materialvalg <a href=\"#_ftn3\" name=\"_ftnref3\">[3]<\/a>. Det er likevel ikke mye rom for kunden til \u00e5 forbedre kvaliteten eller velge andre alternativer, for eksempel bruk av b\u00e6rekraftige materialer, med mindre <a href=\"https:\/\/staging.spassio.com\/manufacturers\/\">produsenten<\/a> tilbyr dette.<\/p>\n<p><strong>Produksjon: Hvor lang tid tar prosessen?<\/strong><\/p>\n<p>Skreddersydde ferdighus krever lengre prosjekteringsfaser siden hele huset m\u00e5 designes fra bunnen av. Varigheten av denne fasen varierer fra kunde til kunde, avhengig av kompleksiteten i designet eller hvilke endringer som kreves for \u00e5 oppn\u00e5 det \u00f8nskede huset <a href=\"#_ftn4\" name=\"_ftnref4\">[4]<\/a>. Men den er som regel lengre enn den ville v\u00e6rt hvis huset var ferdig prosjektert.<\/p>\n<p>Produksjonen av en <strong>forh\u00e5ndsdesignet prefab<\/strong> er sv\u00e6rt forenklet, og den totale produksjonstiden reduseres enormt. I dette tilfellet best\u00e5r prosjekteringsfasen av \u00e5 velge en husmodell og tilpasse noen av elementene, noe som vanligvis gir en rask tidsramme. I tillegg er produksjonen av modulene vanligvis mer metodisk og kan fullf\u00f8res p\u00e5 kortere tid, siden f\u00e6rre tilpasninger gj\u00f8r at produsenten kan holde seg til standardiserte mekaniseringer.<\/p>\n<p><strong>Pris: Hvor mye vil huset koste?<\/strong><\/p>\n<p>Prefabrikerte hus koster i gjennomsnitt ca. <strong>90 000 \u20ac<\/strong>, men det er flere variabler som endrer denne verdien, og en av dem er designprosessen: Skreddersydde ferdighus krever mye mer tid og engasjement, noe som resulterer i en h\u00f8yere byggepris.<\/p>\n<p><strong>Forh\u00e5ndsdesignede prefabrikkerte modeller<\/strong> er ikke unike og kan derfor bygges i en prosess som minner mye om masseproduksjon. En stor fordel med denne typen design er at kunden vet hvor mye det vil koste \u00e5 produsere huset s\u00e5 snart modellen er valgt. Noen modifikasjoner kan \u00f8ke denne verdien litt, men denne kostnaden er ogs\u00e5 tydelig angitt n\u00e5r du velger dem.<\/p>\n<h2>Skal du kj\u00f8pe en ferdig katalog eller designe den fra bunnen av?<\/h2>\n<p>Det kan v\u00e6re vanskelig \u00e5 velge mellom en forh\u00e5ndsdesignet modell eller et skreddersydd design, siden hvert designalternativ har ulike fordeler og ulemper. Begge alternativene vil gi deg det kvalitetshuset du har dr\u00f8mt om, men for \u00e5 tilfredsstille behovene dine fullt ut kan det v\u00e6re nyttig \u00e5 identifisere de viktigste prioriteringene dine.<\/p>\n<ul>\n<li><b>Du sliter med \u00e5 forestille deg hvordan en planl\u00f8sning vil se ut n\u00e5r den er bygget<\/b>: I dette tilfellet kan det v\u00e6re sv\u00e6rt nyttig \u00e5 velge en forh\u00e5ndsdesignet modell. Disse vises med bilder, og noen ganger kan du til og med bes\u00f8ke en pr\u00f8ve. P\u00e5 denne m\u00e5ten vet du n\u00f8yaktig hva du f\u00e5r n\u00e5r du velger design.<\/li>\n<li><strong>Du har et veldig spesifikt design i tankene<\/strong>: Hvis du har et helt unikt design i tankene, kan du med fordel bygge det fra bunnen av.<\/li>\n<li><strong>Eiendommen din har en bratt topografi<\/strong>: De fleste prefabrikkerte ferdighus er designet for \u00e5 plasseres p\u00e5 et flatt underlag. Hvis eiendommen din er sv\u00e6rt bratt, kan et skreddersydd ferdighus v\u00e6re en bedre l\u00f8sning, siden den generelle utformingen kan tilpasses den unike beliggenheten.<\/li>\n<li><strong>Du er ute etter unike egenskaper som b\u00e6rekraft eller energieffektivitet<\/strong>: Selv om b\u00e6rekraft og energieffektivitet ofte forbindes med ferdighus, er det ikke alle ferdighus som er bygget etter strenge milj\u00f8- og effektivitetsstandarder. \u00c5 velge et skreddersydd design kan v\u00e6re en god m\u00e5te \u00e5 definere n\u00f8yaktig hvilke funksjoner du \u00f8nsker at boligen skal ha.<\/li>\n<li><strong>Du trenger et hus s\u00e5 snart som mulig<\/strong>: Hvis du har det travelt, vil det \u00e5 velge en forh\u00e5ndsdesignet modell gj\u00f8re prosessen enklere og spare deg for tid.<\/li>\n<li><strong>Du har et stramt budsjett<\/strong>: \u00c5 velge en forh\u00e5ndsdesignet modell er rimeligere enn \u00e5 bygge fra bunnen av, og totalkostnaden kan v\u00e6re bedre tilpasset dine muligheter.<\/li>\n<\/ul>\n<figure id=\"attachment_29583\" aria-describedby=\"caption-attachment-29583\" style=\"width: 1170px\" class=\"wp-caption alignnone\"><img decoding=\"async\" class=\"wp-image-29583 size-full\" src=\"https:\/\/staging.spassio.com\/wp-content\/uploads\/2022\/10\/cmb-housings-solutions-bespoke-prefab-home.webp\" alt=\"skreddersydde-prefabrikerte-hjem\" width=\"1170\" height=\"720\" srcset=\"https:\/\/staging.spassio.com\/wp-content\/uploads\/2022\/10\/cmb-housings-solutions-bespoke-prefab-home.webp 1170w, https:\/\/staging.spassio.com\/wp-content\/uploads\/2022\/10\/cmb-housings-solutions-bespoke-prefab-home-300x185.webp 300w, https:\/\/staging.spassio.com\/wp-content\/uploads\/2022\/10\/cmb-housings-solutions-bespoke-prefab-home-1024x630.webp 1024w, https:\/\/staging.spassio.com\/wp-content\/uploads\/2022\/10\/cmb-housings-solutions-bespoke-prefab-home-768x473.webp 768w, https:\/\/staging.spassio.com\/wp-content\/uploads\/2022\/10\/cmb-housings-solutions-bespoke-prefab-home-975x600.webp 975w, https:\/\/staging.spassio.com\/wp-content\/uploads\/2022\/10\/cmb-housings-solutions-bespoke-prefab-home-496x305.webp 496w\" sizes=\"(max-width: 1170px) 100vw, 1170px\" \/><figcaption id=\"caption-attachment-29583\" class=\"wp-caption-text\">Bildet er gjengitt med tillatelse fra: <a href=\"https:\/\/staging.spassio.com\/models\/cmb-housing-solutions-primum\/\">CMB Housing Solutions Primum<\/a><\/figcaption><\/figure>\n<h2>Ofte stilte sp\u00f8rsm\u00e5l<\/h2>\n<p><strong>Hvordan kan en skreddersydd modell dra nytte av fordelene ved prefabrikkert bygging?<\/strong><\/p>\n<p>Sammenlignet med forh\u00e5ndsdesignede modeller er skreddersydde ferdighus dyrere og har en lengre byggeprosess. Skreddersydde ferdighus er imidlertid fortsatt billigere og raskere \u00e5 bygge enn tradisjonelle bygg, og dette er et direkte resultat av prefabrikasjon. Til tross for at husene er skreddersydde, bygges de likevel i et fabrikklignende milj\u00f8 der det meste av arbeidet er mekanisert, noe som kutter ned p\u00e5 tid og menneskelig arbeidskraft.<\/p>\n<p><strong>Er det mulig \u00e5 f\u00e5 et unikt ferdighus tegnet av arkitekten du \u00f8nsker?<\/strong><\/p>\n<p>Som regel ja, men dette kan variere fra produsent til produsent. I dette tilfellet vil arkitekten du har valgt, samarbeide med produsentens designteam for \u00e5 sikre at designet muliggj\u00f8r effektiv konstruksjon, transport og montering.<\/p>\n<p><strong>Hvordan kan en forh\u00e5ndsdesignet modell f\u00e5 en viss grad av tilpasning?<\/strong><\/p>\n<p>De fleste produsenter som tilbyr forh\u00e5ndsdesignede modeller, oppfordrer kunden til \u00e5 tilpasse enkelte deler av huset slik at det passer til egne behov og \u00f8nsker. De vanligste tilpasningene omfatter valg av gulvmaterialer, kj\u00f8kkeninndeling og finish eller farger.<\/p>\n<p><strong>Hvordan kan en forh\u00e5ndsdesignet modell tilpasses lokale forhold?<\/strong><\/p>\n<p>Ja, til tross for at de er forh\u00e5ndsdesignet, m\u00e5 alle ferdighus overholde de lokale byggeforskriftene, og derfor vil en forh\u00e5ndsdesignet modell bli tilpasset de spesifikke kravene p\u00e5 stedet der den skal st\u00e5.<\/p>\n<p>Referanser:<br \/>\n<a style=\"color: #3eb6a8;\" href=\"#_ftnref1\" name=\"_ftn1\">[1]<\/a>Steg for steg-veiledning The Wee House Co. https:\/\/theweehousecompany.co.uk\/modular-home-step-by-step-guide\/<br \/>\n<a style=\"color: #3eb6a8;\" href=\"#_ftnref2\" name=\"_ftn2\">[2]<\/a>Design Aito <a href=\"https:\/\/www.loghouse.fi\/services\/log-house-design\/\">https:\/\/www.loghouse.fi\/services\/log-house-design\/<\/a><br \/>\n<a style=\"color: #3eb6a8;\" href=\"#_ftnref3\" name=\"_ftn3\">[3]<\/a>(2020, juli) H\u00e5ndbok til byggeforskriftene. En kodeks for bruk i England HM Government <a href=\"http:\/\/www.gov.uk\/mhclg\">www.gov.uk\/mhclg<\/a><br \/>\n<a style=\"color: #3eb6a8;\" href=\"#_ftnref4\" name=\"_ftn4\">[4]<\/a>Skreddersydde prosjekter tini <a href=\"https:\/\/en.tiniliving.com\/proyectos-a-medida\">https:\/\/en.tiniliving.com\/proyectos-a-medida<\/a><\/p>\n","protected":false},"excerpt":{"rendered":"<p>N\u00e5r du kj\u00f8per et ferdighus, kan du velge mellom to designalternativer: skredders\u00f8m eller forh\u00e5ndsdesign. Den mest i\u00f8ynefallende forskjellen mellom disse to er friheten til \u00e5 skreddersy, selv om det \u00e5 f\u00f8lge en annen prosess i designfasen p\u00e5virker hele konstruksjonen. Derfor er det viktig \u00e5 velge om man skal designe en prefab fra bunnen av eller [&hellip;]<\/p>\n","protected":false},"author":194,"featured_media":77815,"parent":0,"menu_order":0,"comment_status":"closed","ping_status":"closed","template":"","meta":{"content-type":"","_FSMCFIC_featured_image_caption":"","_FSMCFIC_featured_image_nocaption":"","_FSMCFIC_featured_image_hide":"","footnotes":""},"class_list":["post-77814","page","type-page","status-publish","has-post-thumbnail","hentry"],"_wp_attached_file":null,"_wp_attachment_metadata":null,"_wp_attachment_backup_sizes":null,"siteground_optimizer_webp_conversion_attempts":null,"siteground_optimizer_is_converted_to_webp":null,"siteground_optimizer_optimization_attempts":null,"siteground_optimizer_optimization_failed":null,"wpml_media_processed":null,"_wp_attachment_image_alt":null,"siteground_optimizer_is_optimized":null,"siteground_optimizer_webp_conversion_failed":null,"_elementor_source_image_hash":null,"siteground_optimizer_compression_level":null,"_elementor_inline_svg":null,"_imagify_optimization_level":null,"_imagify_status":null,"_imagify_data":null,"siteground_optimizer_original_filesize":null,"wpse_external_file_url":null,"fave_currency":null,"fave_currency_info":null,"fave_property_id":null,"fave_property_map":null,"fave_property_location":null,"houzez_geolocation_lat":null,"houzez_geolocation_long":null,"fave_property_map_street_view":null,"fave_featured":null,"fave_loggedintoview":null,"fave_agent_display_option":null,"fave_prop_homeslider":null,"fave_single_top_area":null,"fave_single_content_area":null,"_yoast_wpseo_primary_property_type":null,"_yoast_wpseo_primary_property_feature":null,"_yoast_wpseo_primary_property_label":null,"_yoast_wpseo_primary_property_country":null,"houzez_manual_expire":null,"_houzez_expiration_date_status":null,"houzez_total_property_views":null,"houzez_views_by_date":null,"houzez_recently_viewed":null,"fave_property_price":null,"fave_property_price_prefix":null,"fave_property_size":null,"fave_property_bathrooms":null,"fave_property_garage":null,"fave_levels":null,"fave_roof-type":null,"fave_construction-type":null,"fave_video_url":null,"fave_video_image":null,"fave_payment_status":null,"fave_property_agency":null,"fave_countries":null,"fave_sleeps":null,"_yoast_wpseo_primary_property_status":null,"fave_property_images":null,"fave_attachments":null,"technical_description":null,"houzez_featured_listing_date":null,"fave_property_size_prefix":null,"fave_property_bedrooms":null,"fave_property_price_postfix":null,"fave_production-time-in-weeks":null,"fave_building-time-in-days":null,"fave_window-glazing":null,"_yoast_wpseo_primary_feature-2":null,"_yoast_wpseo_primary_feature-3":null,"fave_warranty-in-years":null,"fave_property_land":null,"fave_property_land_postfix":null,"wpsebeba57d406-00de-d339-8c02-3956a916f506":null,"_oembed_eefb35903900c5c166d55ccf7fc62a8a":null,"_oembed_30948e80c1a853da0b519e72c40d2e13":null,"_oembed_0b78a31d7c7e6041adc064d46c40f98b":null,"_oembed_42c2c13b5902a21593b1d521556aea88":null,"_oembed_4fb58e495f37e206f97738a42dbe566f":null,"_oembed_b2828bee61bd9076cd21ece641de7abc":null,"_oembed_0c92428c960763e658977ce4918863f4":null,"_oembed_02b72dc3d26bdba6ff900a268ade2517":null,"_oembed_8c819834f7fc0b74364aa34a8193f46f":null,"_oembed_088962b77808b37d57abe5c8143f9652":null,"_oembed_dfae0e674c59ba061a82b330fc7fdea0":null,"_oembed_74e5075f66c4cd04b0e118feb24f6636":null,"fave_mortgage_cal":null,"_air_wp_sync_record_id":null,"_air_wp_sync_hash":null,"_air_wp_sync_importer_id":null,"_air_wp_sync_updated_at":null,"external_listing_link":null,"fave_property_map_address":null,"fave_multi_units_ids":null,"$wpml_language$":null,"fave_virtual_tour":null,"fave_gross-external-area":null,"_houzez_expiration_date":null,"_houzez_expiration_date_options":null,"floor_plans":null,"_oembed_a17db82fa378d53b4dc6ed46e5344499":null,"_oembed_da390569a339f4d7147d95cfb8c04c12":null,"_oembed_6a3eda5947bcc098660397ca8e21a941":null,"fave_roof-angle":null,"fave_seo-content":null,"_oembed_a7b8941eeee966e7350aede20b4d62be":null,"_oembed_time_a7b8941eeee966e7350aede20b4d62be":null,"additional_features":null,"fave_multi_units":null,"_oembed_716f56b62500685a7dd15ea2ec7579bd":null,"_oembed_time_716f56b62500685a7dd15ea2ec7579bd":null,"_oembed_8ececd3dd2598a4aedb5dfc82df2a0f6":null,"_oembed_time_8ececd3dd2598a4aedb5dfc82df2a0f6":null,"_oembed_4cef7884ea6ef16d48cd8675b12e440d":null,"fave_property_garage_size":null,"_oembed_5c1eaf7b40f4e3a3089b38beb88ba480":null,"fave_property_zip":null,"_oembed_ccdd6e0304386ece64b3b91f572b0be4":null,"_oembed_ae30d19e3e861b389146a1ccc2828104":null,"fave_property_rooms":null,"fave_property_year":null,"two_page_speed":null,"fave_year_established":null,"Status":null,"_oembed_5b2d8d2cf33b469c98e488ea5b118c30":null,"WPML Language Code":null,"_links":{"self":[{"href":"https:\/\/staging.spassio.com\/no\/wp-json\/wp\/v2\/pages\/77814","targetHints":{"allow":["GET"]}}],"collection":[{"href":"https:\/\/staging.spassio.com\/no\/wp-json\/wp\/v2\/pages"}],"about":[{"href":"https:\/\/staging.spassio.com\/no\/wp-json\/wp\/v2\/types\/page"}],"author":[{"embeddable":true,"href":"https:\/\/staging.spassio.com\/no\/wp-json\/wp\/v2\/users\/194"}],"replies":[{"embeddable":true,"href":"https:\/\/staging.spassio.com\/no\/wp-json\/wp\/v2\/comments?post=77814"}],"version-history":[{"count":0,"href":"https:\/\/staging.spassio.com\/no\/wp-json\/wp\/v2\/pages\/77814\/revisions"}],"wp:featuredmedia":[{"embeddable":true,"href":"https:\/\/staging.spassio.com\/no\/wp-json\/wp\/v2\/media\/77815"}],"wp:attachment":[{"href":"https:\/\/staging.spassio.com\/no\/wp-json\/wp\/v2\/media?parent=77814"}],"curies":[{"name":"wp","href":"https:\/\/api.w.org\/{rel}","templated":true}]}}