{"id":77818,"date":"2022-10-13T11:21:43","date_gmt":"2022-10-13T10:21:43","guid":{"rendered":"https:\/\/staging.spassio.com\/?page_id=77818"},"modified":"2024-04-22T13:18:01","modified_gmt":"2024-04-22T12:18:01","slug":"krav-modulhus-transport","status":"publish","type":"page","link":"https:\/\/staging.spassio.com\/no\/krav-modulhus-transport\/","title":{"rendered":"Krav til modulhus for vellykket transport"},"content":{"rendered":"<p>Den samlede modulhuskonstruksjonen er koordinert for \u00e5 integrere alle transportkrav: Hver modul er designet for \u00e5 passe inn i de dimensjonene som gj\u00f8r det mulig \u00e5 transportere dem, og konstruksjonen er robust nok til \u00e5 t\u00e5le p\u00e5kjenningene under transporten. De fleste <a href=\"https:\/\/staging.spassio.com\/manufacturers\/\">modulhusprodusenter i Europa og Storbritannia<\/a> f\u00f8lger en lignende prosedyre for \u00e5 levere modulene fra fabrikken til tomten. Men hvert prosjekt vurderes som regel individuelt for \u00e5 tilpasse byggingen av modulhuset til forholdene langs ruten.<\/p>\n<figure id=\"attachment_30013\" aria-describedby=\"caption-attachment-30013\" style=\"width: 1024px\" class=\"wp-caption alignnone\"><img fetchpriority=\"high\" decoding=\"async\" class=\"my-img-border wp-image-30013 size-large\" src=\"https:\/\/staging.spassio.com\/wp-content\/uploads\/2022\/10\/modular-home-transportation-1024x699.jpg\" alt=\"transport av modulhus\" width=\"1024\" height=\"699\" srcset=\"https:\/\/staging.spassio.com\/wp-content\/uploads\/2022\/10\/modular-home-transportation-1024x699.jpg 1024w, https:\/\/staging.spassio.com\/wp-content\/uploads\/2022\/10\/modular-home-transportation-300x205.jpg 300w, https:\/\/staging.spassio.com\/wp-content\/uploads\/2022\/10\/modular-home-transportation-768x524.jpg 768w, https:\/\/staging.spassio.com\/wp-content\/uploads\/2022\/10\/modular-home-transportation-1536x1049.jpg 1536w, https:\/\/staging.spassio.com\/wp-content\/uploads\/2022\/10\/modular-home-transportation-879x600.jpg 879w, https:\/\/staging.spassio.com\/wp-content\/uploads\/2022\/10\/modular-home-transportation-496x339.jpg 496w, https:\/\/staging.spassio.com\/wp-content\/uploads\/2022\/10\/modular-home-transportation.jpg 1999w\" sizes=\"(max-width: 1024px) 100vw, 1024px\" \/><figcaption id=\"caption-attachment-30013\" class=\"wp-caption-text\">Bildekreditt: Akso Haus O\u00dc<\/figcaption><\/figure>\n<h2>Hvordan transporteres modulhusene til byggeplassen?<\/h2>\n<p>De fleste <a href=\"https:\/\/staging.spassio.com\/manufacturers\/\">modulhusprodusenter<\/a> frakter modulene til eiendommen med bil, og den standardiserte modulbyggeprosessen er utformet for \u00e5 tilpasse seg kravene i veireglementet. En av de viktigste tilpasningene best\u00e5r i \u00e5 begrense dimensjonene p\u00e5 modulene slik at de passer til disse kravene. Disse st\u00f8rrelsene varierer noe fra prosjekt til prosjekt, men i Europa og Storbritannia er de ca. 5,3 meter brede, 14,5 meter lange og 3,8 meter h\u00f8ye <a href=\"#_ftn1\" name=\"_ftnref1\">[1]<\/a>.<\/p>\n<p>Veitransporten skjer med lastebil, og det brukes tungtransporttilhengere med ulike dimensjoner for \u00e5 tilpasse seg b\u00e5de modulene og veiens begrensninger. <a href=\"https:\/\/staging.spassio.com\/manufacturer\/akso-haus\/\">Modulhusfirmaet Akso Haus<\/a> bruker for eksempel tilhengere med en lengde p\u00e5 opptil 25 meter til \u00e5 transportere de tyngste modulene, men kan nedgradere til 22 meter lange tungtransporttilhengere n\u00e5r fremkommeligheten til eiendommen krever det <a href=\"#_ftn2\" name=\"_ftnref2\">[2]<\/a>.<\/p>\n<p>I enkelte situasjoner med begrenset tilgjengelighet kan det v\u00e6re n\u00f8dvendig med andre transportm\u00e5ter:<\/p>\n<ul>\n<li><strong>Lasteskip<\/strong>: Transport av modulhus med b\u00e5t er ganske vanlig n\u00e5r modulene skal leveres til et annet kontinent eller en \u00f8y. \u00c5 bruke et Ro-Ro-skip (Roll-on\/Roll-off) er sv\u00e6rt praktisk for lange avstander, siden det begrenser modulens man\u00f8vrering. Modulene forlater fabrikken p\u00e5 en tungtransporttilhenger som senere skal kj\u00f8res inn p\u00e5 fergen, og det er f\u00f8rst n\u00e5r tilhengeren n\u00e5r frem til sluttdestinasjonen at modulene losses <a href=\"#_ftn3\" name=\"_ftnref1\">[3]<\/a>.<\/li>\n<li><strong>Jernbane<\/strong>: Det er mulig \u00e5 levere modulene med tog, men dette er ikke et vanlig leveringsalternativ. Det er sjelden at b\u00e5de produksjonsbedriften og tomten ligger ved jernbanen. Derfor m\u00e5 modulene transporteres til og fra jernbanestasjonen med bil. Modulene m\u00e5 man\u00f8vreres flere ganger, noe som risikerer \u00e5 skade dem, \u00f8ker kostnadene og gj\u00f8r jernbanetransport mindre praktisk <a href=\"#_ftn4\" name=\"_ftnref4\">[4]<\/a>.<\/li>\n<li><strong>Helikopter<\/strong>: Dette er sv\u00e6rt uvanlig siden det er sv\u00e6rt dyrt og komplisert, men det er likevel mulig, og noen produsenter velger \u00e5 gj\u00f8re det om n\u00f8dvendig. Ekstremt utilgjengelige steder, for eksempel p\u00e5 toppen av et fjell, kan dra nytte av bekvemmeligheten ved bygging utenfor byggeplassen takket v\u00e6re l\u00f8sninger som helikopterlevering <a href=\"#_ftn4\" name=\"_ftnref4\">[4]<\/a>.<\/li>\n<\/ul>\n<p>Selv om det er mulig \u00e5 levere et <a href=\"https:\/\/staging.spassio.com\/categories\/modular-houses\/\">modulhus<\/a> med ulike transportm\u00e5ter, er det ikke alle produsenter som tilbyr alle muligheter. I de fleste tilfeller vil modulselskapene kun vurdere levering p\u00e5 vei. R\u00e5df\u00f8r deg likevel alltid med produsenten for \u00e5 finne ut hvilke alternativer som finnes for \u00e5 n\u00e5 frem til din eiendom.<\/p>\n<h2>Krav og begrensninger for transport av modulhus<\/h2>\n<p>For at <strong>leveringen<\/strong> av <strong>modulene<\/strong> skal bli vellykket, er det viktig \u00e5 planlegge og forberede transportruten n\u00f8ye. Tilhengeren som b\u00e6rer modulen har betydelige dimensjoner, og selv om modulene er begrenset i st\u00f8rrelse slik at de kan fraktes langs de fleste veier, er det ikke alle veier som er forberedt for det. Det f\u00f8rste du m\u00e5 ta hensyn til n\u00e5r du planlegger ruten, er dimensjonene p\u00e5 veiene.<\/p>\n<p>Veiene skal v\u00e6re brede og uten skarpe eller smale svinger hele veien fra fabrikken til eiendommen. Den minste bredden som kreves for denne typen lastebiler er 3,5 meter <a href=\"#_ftn1\" name=\"_ftnref1\">[1]<\/a>, men denne verdien \u00f8ker opp til en bredde p\u00e5 minst 7,2 meter i svinger <a href=\"#_ftn3\" name=\"_ftnref3\">[3]<\/a>. I tillegg b\u00f8r veiene som lastebilene kj\u00f8rer p\u00e5, v\u00e6re helt fri for hindringer som reduserer bredden eller h\u00f8yden p\u00e5 veien, da disse kan skade modulene eller til og med true leveransen.<\/p>\n<p>Noen hindringer, som tr\u00e6r eller gjerder, kan fjernes f\u00f8r <strong>modulen leveres<\/strong>, men alle mulige begrensninger b\u00f8r analyseres n\u00f8ye p\u00e5 forh\u00e5nd. De mest utfordrende hindringene er vanligvis de som reduserer veih\u00f8yden, siden det vanligvis ikke er noen vei utenom. Minsteh\u00f8yden som kreves for levering av moduler er 4,5 meter <a href=\"#_ftn6\" name=\"_ftnref6\">[6]<\/a>, s\u00e5 det er viktig \u00e5 v\u00e6re spesielt oppmerksom p\u00e5 elementer som tunneler, broer og kraftledninger.<\/p>\n<h2>Betingelser p\u00e5 stedet for levering av modul\u00e6re hjem<\/h2>\n<p>N\u00e5r modulene ankommer tomten, monteres de p\u00e5 fundamentene med en kran for \u00e5 fullf\u00f8re modulhusbyggingen. P\u00e5 grunn av modulenes st\u00f8rrelse og vekt m\u00e5 kranen stabiliseres i et omr\u00e5de med tilstrekkelig man\u00f8vreringsplass. Arealet som kreves for kranen, er omtrent \u00e5tte ganger \u00e5tte meter <a href=\"#_ftn6\" name=\"_ftnref6\">[6]<\/a>.<\/p>\n<p>Monteringen av modulene er vanligvis ganske forenklet, siden de prefabrikkerte modulene leveres med alle skj\u00f8ter og koblinger allerede forberedt <a href=\"#_ftn7\" name=\"_ftnref7\">[7]<\/a>. Vanligvis utf\u00f8res b\u00e5de modultransporten og kranman\u00f8vreringen av spesialiserte selskaper. I de fleste tilfeller er disse imidlertid underleverand\u00f8rer og overv\u00e5kes av <a href=\"https:\/\/staging.spassio.com\/manufacturers\/\">modulhusprodusenten<\/a>, som er til stede under monteringen og etterbehandlingen.<\/p>\n<figure id=\"attachment_30014\" aria-describedby=\"caption-attachment-30014\" style=\"width: 1024px\" class=\"wp-caption alignnone\"><img decoding=\"async\" class=\"my-img-border wp-image-30014 size-large\" src=\"https:\/\/staging.spassio.com\/wp-content\/uploads\/2022\/10\/onsite-crane-modularhome-delivery-1024x512.jpg\" alt=\"levering av modulhus med kran p\u00e5 stedet\" width=\"1024\" height=\"512\" srcset=\"https:\/\/staging.spassio.com\/wp-content\/uploads\/2022\/10\/onsite-crane-modularhome-delivery-1024x512.jpg 1024w, https:\/\/staging.spassio.com\/wp-content\/uploads\/2022\/10\/onsite-crane-modularhome-delivery-300x150.jpg 300w, https:\/\/staging.spassio.com\/wp-content\/uploads\/2022\/10\/onsite-crane-modularhome-delivery-768x384.jpg 768w, https:\/\/staging.spassio.com\/wp-content\/uploads\/2022\/10\/onsite-crane-modularhome-delivery-496x248.jpg 496w, https:\/\/staging.spassio.com\/wp-content\/uploads\/2022\/10\/onsite-crane-modularhome-delivery.jpg 1051w\" sizes=\"(max-width: 1024px) 100vw, 1024px\" \/><figcaption id=\"caption-attachment-30014\" class=\"wp-caption-text\">Image Credit: Cube https:\/\/casasprefabricadascube.com\/<\/figcaption><\/figure>\n<h2>Hvor mye koster det \u00e5 sende et modulhus?<\/h2>\n<p>Kostnaden for \u00e5 frakte hver enkelt modul fra fabrikken til eiendommen med bil er ca. 8,11 \u20ac\/km i Europa og Storbritannia <a href=\"#_ftn6\" name=\"_ftnref6\">[6]<\/a>. Denne prisen kan imidlertid lett variere fra prosjekt til prosjekt, avhengig av transportruten, vanskeligheter p\u00e5 veiene eller hvilken type kj\u00f8ret\u00f8y som brukes i prosessen. <a href=\"https:\/\/staging.spassio.com\/manufacturer\/sia-frame-house-group\/\">Produsenten Frame House<\/a> forklarer for eksempel at kostnadene for frakt av et hus kan variere avhengig av destinasjon og rute <a href=\"#_ftn1\" name=\"_ftnref1\">[1]<\/a>.<\/p>\n<p>Vanligvis er det produsenten som utarbeider leveringskvoten, og den omfatter alt fra lasting av modulene p\u00e5 tilhengeren til kranman\u00f8vrering og montering. Tilleggstjenester, som f.eks. transportvurderingen som utf\u00f8res helt i begynnelsen av byggeprosessen, er imidlertid vanligvis ikke inkludert i frakttilbudet, siden de vanligvis faktureres separat helt i begynnelsen. Likevel velger de fleste produsenter \u00e5 refundere denne kostnaden ved \u00e5 trekke den fra byggekostnaden <a href=\"#_ftn6\" name=\"_ftnref6\">[6]<\/a>.<\/p>\n<p>Referanser:<br \/>\n<a style=\"color: #3eb6a8;\" href=\"#_ftnref1\" name=\"_ftn1\">[1]<\/a>Hvor store er prefabrikkerte moduler og hvordan transporteres de ProNor Baltics <a href=\"http:\/\/pronor.ee\/how-big-are-prefab-modules-and-how-are-they-transported\/\">http:\/\/pronor.ee\/how-big-are-prefab-modules-and-how-are-they-transported\/<\/a><br \/>\n<a style=\"color: #3eb6a8;\" href=\"#_ftnref2\" name=\"_ftn2\">[2]<\/a>Akso Haus (2022, 24. august) Transport av modulhus og transportunders\u00f8kelse https:\/\/www.aksohaus.ee\/en\/modular-house-transportation-and-transportation-survey\/<br \/>\n<a style=\"color: #3eb6a8;\" href=\"#_ftnref3\" name=\"_ftn3\">[3]<\/a>Akerman, I. og Jonsson, R. European modular system for road freight transport &#8211; experiences and possibilities Report 2007:2 E TFK &#8211; TransportForsK AB <a href=\"https:\/\/unece.org\/DAM\/trans\/wp24\/wp24-presentations\/documents\/pres08-11.pdf\">https:\/\/unece.org\/DAM\/trans\/wp24\/wp24-presentations\/documents\/pres08-11.pdf<\/a><br \/>\n<a style=\"color: #3eb6a8;\" href=\"#_ftnref4\" name=\"_ftn4\">[4]<\/a>Agha, A., Shibani, A., Hassan, D. og Zalans, B. (2021) Modular Construction in the United Kingdom Housing Sector: Barriers and Implications Journal of Architectural Engineering Technology, 10(2), [236]. https:\/\/doi.org\/10.4172\/2168-9717.1000236\/<br \/>\n<a style=\"color: #3eb6a8;\" href=\"#_ftnref5\" name=\"_ftn5\">[5]<\/a>Bertram, N., Fuchs, S., Mischke, J., Palter, R., Strube, G. og Woetzel, J. (2019, juni) Modular construction: Fra <a href=\"https:\/\/www.mckinsey.com\/~\/media\/mckinsey\/business%20functions\/operations\/our%20insights\/modular%20construction%20from%20projects%20to%20products%20new\/modular-construction-from-projects-to-products-full-report-new.pdf\">prosjekter til produkter McKinsey &amp; Company <\/a><br \/>\n<a style=\"color: #3eb6a8;\" href=\"#_ftnref6\" name=\"_ftn6\">[6]<\/a>Blokki building &#8211; FAQ Blokki <a href=\"https:\/\/www.blokki.cz\/en\/faq#:~:text=transport%20and%20unload\">https:\/\/www.blokki.cz\/en\/faq#:~:%20and%<\/a><br \/>\n<a style=\"color: #3eb6a8;\" href=\"#_ftnref7\" name=\"_ftn7\">[7]<\/a>Montage ferdighus Rammehus Produsent <a href=\"https:\/\/prefabhome.eu\/en\/transport-and-montage\/montage\">https:\/\/prefabhome.eu\/en\/transport-and-montage\/montage<\/a><\/p>\n<p>&nbsp;<\/p>\n","protected":false},"excerpt":{"rendered":"<p>Den samlede modulhuskonstruksjonen er koordinert for \u00e5 integrere alle transportkrav: Hver modul er designet for \u00e5 passe inn i de dimensjonene som gj\u00f8r det mulig \u00e5 transportere dem, og konstruksjonen er robust nok til \u00e5 t\u00e5le p\u00e5kjenningene under transporten. De fleste modulhusprodusenter i Europa og Storbritannia f\u00f8lger en lignende prosedyre for \u00e5 levere modulene fra [&hellip;]<\/p>\n","protected":false},"author":194,"featured_media":77820,"parent":0,"menu_order":0,"comment_status":"closed","ping_status":"closed","template":"","meta":{"content-type":"","_FSMCFIC_featured_image_caption":"","_FSMCFIC_featured_image_nocaption":"","_FSMCFIC_featured_image_hide":"","footnotes":""},"class_list":["post-77818","page","type-page","status-publish","has-post-thumbnail","hentry"],"_wp_attached_file":null,"_wp_attachment_metadata":null,"_wp_attachment_backup_sizes":null,"siteground_optimizer_webp_conversion_attempts":null,"siteground_optimizer_is_converted_to_webp":null,"siteground_optimizer_optimization_attempts":null,"siteground_optimizer_optimization_failed":null,"wpml_media_processed":null,"_wp_attachment_image_alt":null,"siteground_optimizer_is_optimized":null,"siteground_optimizer_webp_conversion_failed":null,"_elementor_source_image_hash":null,"siteground_optimizer_compression_level":null,"_elementor_inline_svg":null,"_imagify_optimization_level":null,"_imagify_status":null,"_imagify_data":null,"siteground_optimizer_original_filesize":null,"wpse_external_file_url":null,"fave_currency":null,"fave_currency_info":null,"fave_property_id":null,"fave_property_map":null,"fave_property_location":null,"houzez_geolocation_lat":null,"houzez_geolocation_long":null,"fave_property_map_street_view":null,"fave_featured":null,"fave_loggedintoview":null,"fave_agent_display_option":null,"fave_prop_homeslider":null,"fave_single_top_area":null,"fave_single_content_area":null,"_yoast_wpseo_primary_property_type":null,"_yoast_wpseo_primary_property_feature":null,"_yoast_wpseo_primary_property_label":null,"_yoast_wpseo_primary_property_country":null,"houzez_manual_expire":null,"_houzez_expiration_date_status":null,"houzez_total_property_views":null,"houzez_views_by_date":null,"houzez_recently_viewed":null,"fave_property_price":null,"fave_property_price_prefix":null,"fave_property_size":null,"fave_property_bathrooms":null,"fave_property_garage":null,"fave_levels":null,"fave_roof-type":null,"fave_construction-type":null,"fave_video_url":null,"fave_video_image":null,"fave_payment_status":null,"fave_property_agency":null,"fave_countries":null,"fave_sleeps":null,"_yoast_wpseo_primary_property_status":null,"fave_property_images":null,"fave_attachments":null,"technical_description":null,"houzez_featured_listing_date":null,"fave_property_size_prefix":null,"fave_property_bedrooms":null,"fave_property_price_postfix":null,"fave_production-time-in-weeks":null,"fave_building-time-in-days":null,"fave_window-glazing":null,"_yoast_wpseo_primary_feature-2":null,"_yoast_wpseo_primary_feature-3":null,"fave_warranty-in-years":null,"fave_property_land":null,"fave_property_land_postfix":null,"wpsebeba57d406-00de-d339-8c02-3956a916f506":null,"_oembed_eefb35903900c5c166d55ccf7fc62a8a":null,"_oembed_30948e80c1a853da0b519e72c40d2e13":null,"_oembed_0b78a31d7c7e6041adc064d46c40f98b":null,"_oembed_42c2c13b5902a21593b1d521556aea88":null,"_oembed_4fb58e495f37e206f97738a42dbe566f":null,"_oembed_b2828bee61bd9076cd21ece641de7abc":null,"_oembed_0c92428c960763e658977ce4918863f4":null,"_oembed_02b72dc3d26bdba6ff900a268ade2517":null,"_oembed_8c819834f7fc0b74364aa34a8193f46f":null,"_oembed_088962b77808b37d57abe5c8143f9652":null,"_oembed_dfae0e674c59ba061a82b330fc7fdea0":null,"_oembed_74e5075f66c4cd04b0e118feb24f6636":null,"fave_mortgage_cal":null,"_air_wp_sync_record_id":null,"_air_wp_sync_hash":null,"_air_wp_sync_importer_id":null,"_air_wp_sync_updated_at":null,"external_listing_link":null,"fave_property_map_address":null,"fave_multi_units_ids":null,"$wpml_language$":null,"fave_virtual_tour":null,"fave_gross-external-area":null,"_houzez_expiration_date":null,"_houzez_expiration_date_options":null,"floor_plans":null,"_oembed_a17db82fa378d53b4dc6ed46e5344499":null,"_oembed_da390569a339f4d7147d95cfb8c04c12":null,"_oembed_6a3eda5947bcc098660397ca8e21a941":null,"fave_roof-angle":null,"fave_seo-content":null,"_oembed_a7b8941eeee966e7350aede20b4d62be":null,"_oembed_time_a7b8941eeee966e7350aede20b4d62be":null,"additional_features":null,"fave_multi_units":null,"_oembed_716f56b62500685a7dd15ea2ec7579bd":null,"_oembed_time_716f56b62500685a7dd15ea2ec7579bd":null,"_oembed_8ececd3dd2598a4aedb5dfc82df2a0f6":null,"_oembed_time_8ececd3dd2598a4aedb5dfc82df2a0f6":null,"_oembed_4cef7884ea6ef16d48cd8675b12e440d":null,"fave_property_garage_size":null,"_oembed_5c1eaf7b40f4e3a3089b38beb88ba480":null,"fave_property_zip":null,"_oembed_ccdd6e0304386ece64b3b91f572b0be4":null,"_oembed_ae30d19e3e861b389146a1ccc2828104":null,"fave_property_rooms":null,"fave_property_year":null,"two_page_speed":null,"fave_year_established":null,"Status":null,"_oembed_5b2d8d2cf33b469c98e488ea5b118c30":null,"WPML Language Code":null,"_links":{"self":[{"href":"https:\/\/staging.spassio.com\/no\/wp-json\/wp\/v2\/pages\/77818","targetHints":{"allow":["GET"]}}],"collection":[{"href":"https:\/\/staging.spassio.com\/no\/wp-json\/wp\/v2\/pages"}],"about":[{"href":"https:\/\/staging.spassio.com\/no\/wp-json\/wp\/v2\/types\/page"}],"author":[{"embeddable":true,"href":"https:\/\/staging.spassio.com\/no\/wp-json\/wp\/v2\/users\/194"}],"replies":[{"embeddable":true,"href":"https:\/\/staging.spassio.com\/no\/wp-json\/wp\/v2\/comments?post=77818"}],"version-history":[{"count":0,"href":"https:\/\/staging.spassio.com\/no\/wp-json\/wp\/v2\/pages\/77818\/revisions"}],"wp:featuredmedia":[{"embeddable":true,"href":"https:\/\/staging.spassio.com\/no\/wp-json\/wp\/v2\/media\/77820"}],"wp:attachment":[{"href":"https:\/\/staging.spassio.com\/no\/wp-json\/wp\/v2\/media?parent=77818"}],"curies":[{"name":"wp","href":"https:\/\/api.w.org\/{rel}","templated":true}]}}