{"id":77828,"date":"2022-11-18T13:45:28","date_gmt":"2022-11-18T12:45:28","guid":{"rendered":"https:\/\/staging.spassio.com\/?page_id=77828"},"modified":"2024-04-22T13:19:50","modified_gmt":"2024-04-22T12:19:50","slug":"kostnad-bygge-ferdighus","status":"publish","type":"page","link":"https:\/\/staging.spassio.com\/no\/kostnad-bygge-ferdighus\/","title":{"rendered":"Hvor mye koster det \u00e5 bygge et ferdighus?"},"content":{"rendered":"<figure id=\"attachment_31540\" aria-describedby=\"caption-attachment-31540\" style=\"width: 1024px\" class=\"wp-caption alignnone\"><img fetchpriority=\"high\" decoding=\"async\" class=\"wp-image-31540 size-large\" src=\"https:\/\/staging.spassio.com\/wp-content\/uploads\/2022\/11\/COMMOD-Production-hall-3-1024x683.jpeg\" alt=\"Commod prefab produsent produksjon\" width=\"1024\" height=\"683\" srcset=\"https:\/\/staging.spassio.com\/wp-content\/uploads\/2022\/11\/COMMOD-Production-hall-3-1024x683.jpeg 1024w, https:\/\/staging.spassio.com\/wp-content\/uploads\/2022\/11\/COMMOD-Production-hall-3-300x200.jpeg 300w, https:\/\/staging.spassio.com\/wp-content\/uploads\/2022\/11\/COMMOD-Production-hall-3-768x512.jpeg 768w, https:\/\/staging.spassio.com\/wp-content\/uploads\/2022\/11\/COMMOD-Production-hall-3-1536x1025.jpeg 1536w, https:\/\/staging.spassio.com\/wp-content\/uploads\/2022\/11\/COMMOD-Production-hall-3-900x600.jpeg 900w, https:\/\/staging.spassio.com\/wp-content\/uploads\/2022\/11\/COMMOD-Production-hall-3-496x331.jpeg 496w, https:\/\/staging.spassio.com\/wp-content\/uploads\/2022\/11\/COMMOD-Production-hall-3.jpeg 2000w\" sizes=\"(max-width: 1024px) 100vw, 1024px\" \/><figcaption id=\"caption-attachment-31540\" class=\"wp-caption-text\">Bildet er gjengitt med tillatelse fra: <a href=\"https:\/\/staging.spassio.com\/manufacturer\/commod-house\/\">COMMOD HOUSE<\/a><\/figcaption><\/figure>\n<p>De fleste produsentene er \u00e5pne om prisen p\u00e5 sine prefabrikkerte modeller, en verdi som i Europa og Storbritannia ligger p\u00e5 rundt 90 000 euro. De fleste annonserte tallene er imidlertid den s\u00e5kalte basisprisen og er vanligvis bare en startpris. Denne prisen kan fastsettes p\u00e5 forh\u00e5nd fordi den gjelder arbeidene utenfor byggeplassen p\u00e5 en forh\u00e5ndsdesignet modell, selv om den endelige kostnaden inkluderer flere byggetrinn. Det er viktig \u00e5 identifisere disse ikke-opplyste kostnadene, siden de i de fleste tilfeller kan doble eller tredoble grunnprisen <a href=\"#_ftn1\" name=\"_ftnref1\">[1]<\/a>.<\/p>\n<h2>Hva er inkludert i grunnprisen for et ferdighus?<\/h2>\n<p>Grunnprisen inkluderer vanligvis alle n\u00f8dvendige materialer og alt arbeid som kreves for \u00e5 fullf\u00f8re byggingen av huset utenfor byggeplassen, som definert av produsenten. Produsentene kan fastsette en grunnpris p\u00e5 forh\u00e5nd fordi de forh\u00e5ndsdesignede modellene er prefabrikkerte. Prefabrikasjon garanterer et kontrollert milj\u00f8 uten de uventede situasjonene som er vanlige ved tradisjonell bygging.<\/p>\n<p>Dette er de vanligste funksjonene som er inkludert i grunnprisen.<\/p>\n<ul>\n<li>Husets struktur<\/li>\n<li>Eventuelle n\u00f8dvendige lag som isolasjon eller vanntette barrierer.<\/li>\n<li>R\u00f8rleggerarbeid, ledninger og inventar<\/li>\n<li>Varme- og\/eller kj\u00f8lesystemer<\/li>\n<li>Innvendige overflater (vegger, gulv, tak)<\/li>\n<li>Utvendig overflatebehandling (ytterkledning, taktekking)<\/li>\n<li>D\u00f8rer og vinduer<\/li>\n<\/ul>\n<p>Hva som er inkludert i grunnprisen, kan variere enormt fra selskap til selskap. For eksempel kan ferdighusfirmaer som <a href=\"https:\/\/staging.spassio.com\/manufacturer\/kleinhaus\/\">Klein<\/a>, <a href=\"https:\/\/staging.spassio.com\/manufacturer\/commod-house\/\">Commod House<\/a>, eller <a href=\"https:\/\/staging.spassio.com\/manufacturer\/ruum-tiny-houses\/\">Ruum Tiny Houses<\/a> holder seg til den tidligere inkluderende listen. Andre selskaper, som f.eks. <a href=\"https:\/\/staging.spassio.com\/manufacturer\/woodville\/\">Woodville<\/a> eller <a href=\"https:\/\/staging.spassio.com\/manufacturer\/tiny-home-romania\/\">Tiny Home Romania<\/a>lar kundene bestemme hva som skal v\u00e6re inkludert som standard. Tilbyr ulike startpriser for kj\u00f8p av en tom bolig, en m\u00f8blert bolig eller til og med en innflyttingsklar bolig.<\/p>\n<h2>Hvordan beregne den reelle sluttkostnaden for en prefab-konstruksjon?<\/h2>\n<p>For \u00e5 vite hvor mye ferdighuset v\u00e5rt egentlig vil koste, kan vi ikke forenkle verdien til en kostnad per kvadratmeter. I stedet m\u00e5 vi analysere hvert trinn i prefab-byggingen, siden kostnadene avhenger av flere variabler som ikke kan overvurderes. Likevel har prefabrikkerte bygg en stor fordel n\u00e5r du beregner kostnadene: sikkerheten for den endelige verdien.<\/p>\n<figure id=\"attachment_31541\" aria-describedby=\"caption-attachment-31541\" style=\"width: 1000px\" class=\"wp-caption alignnone\"><a href=\"https:\/\/staging.spassio.com\/models\/woodville-mohma-standard\/\"><img decoding=\"async\" class=\"wp-image-31541 size-full\" src=\"https:\/\/staging.spassio.com\/wp-content\/uploads\/2022\/11\/how-musch-cost-build-prefab-house-woodville-mohma-standard.webp\" alt=\"Hvor mye koster det \u00e5 bygge et ferdighus?\" width=\"1000\" height=\"563\" srcset=\"https:\/\/staging.spassio.com\/wp-content\/uploads\/2022\/11\/how-musch-cost-build-prefab-house-woodville-mohma-standard.webp 1000w, https:\/\/staging.spassio.com\/wp-content\/uploads\/2022\/11\/how-musch-cost-build-prefab-house-woodville-mohma-standard-300x169.webp 300w, https:\/\/staging.spassio.com\/wp-content\/uploads\/2022\/11\/how-musch-cost-build-prefab-house-woodville-mohma-standard-768x432.webp 768w, https:\/\/staging.spassio.com\/wp-content\/uploads\/2022\/11\/how-musch-cost-build-prefab-house-woodville-mohma-standard-496x279.webp 496w\" sizes=\"(max-width: 1000px) 100vw, 1000px\" \/><\/a><figcaption id=\"caption-attachment-31541\" class=\"wp-caption-text\">Bildet er gjengitt med tillatelse fra: COMMOD HOUSE &#8211; <a href=\"https:\/\/staging.spassio.com\/models\/woodville-mohma-standard\/\">modell mohma Standard<\/a><\/figcaption><\/figure>\n<p>Alle de byggetrinnene som foreg\u00e5r utenfor byggeplassen, opplever sjelden kostnadsendringer n\u00e5r prisen f\u00f8rst er definert. Derfor er de vanlige merkostnadene ved tradisjonell bygging mye lavere n\u00e5r du bygger et ferdighus.<\/p>\n<h3>1. Kj\u00f8pe tomten (om n\u00f8dvendig) og innhente r\u00e5d.<\/h3>\n<p>Med mindre du kj\u00f8per et ferdighus p\u00e5 hjul, trenger du en tomt for \u00e5 sette opp huset. Hvis du ikke eier et stykke land, m\u00e5 du inkludere kostnadene for et nyervervet land i budsjettet. Kostnadene for eiendommen vil variere enormt avhengig av beliggenhet, st\u00f8rrelse og topografi. <a href=\"https:\/\/staging.spassio.com\/guide-to-finding-and-buying-land\/\">Valget av tomt<\/a> b\u00f8r imidlertid ikke utelukkende baseres p\u00e5 prisen, siden <a href=\"https:\/\/staging.spassio.com\/guide-to-finding-and-buying-land\/\">tomtens<\/a> egenskaper kan ha direkte innvirkning p\u00e5 den endelige byggeprisen.<\/p>\n<p>For eksempel er flate og lett tilgjengelige tomter ofte dyrere \u00e5 kj\u00f8pe, men hvis du velger en billigere tomt uten disse egenskapene, blir det mye dyrere. Prefabrikkerte hus bygges hovedsakelig utenfor byggeplassen, og levering og montering krever helt spesielle egenskaper. For \u00e5 sikre at tomtekostnadene er godt investert, anbefales det \u00e5 s\u00f8ke r\u00e5d hos produsenten p\u00e5 forh\u00e5nd. I de fleste tilfeller har disse r\u00e5dene en ekstra kostnad som b\u00f8r legges til i budsjettet.<\/p>\n<h3>2. Design og egenproduksjon<\/h3>\n<p>Den mest \u00e5penbare og lettest identifiserbare kostnaden er produksjonen av huset. Dette er den f\u00f8rste verdien vi kommer over n\u00e5r vi blar gjennom ferdighuskatalogen. Som tidligere forklart er denne verdien avhengig av produsentens spesifikasjoner, selv om de ofte kan endres. Selv om vi vanligvis er klar over grunnprisen fra begynnelsen av, er det ikke f\u00f8r designfasen er fullf\u00f8rt at vi vet produksjonskostnadene med sikkerhet.<\/p>\n<p>Designfasen er det f\u00f8rste trinnet vi g\u00e5r gjennom, selv med forh\u00e5ndsdesignede modeller. I denne fasen oppfordres kunden til \u00e5 analysere husets design, materialer og inkluderende elementer n\u00f8ye for \u00e5 sikre at disse oppfyller forventningene. De fleste produsenter tilbyr et stort utvalg av tilpasninger, oppgraderinger og tillegg til grunnmodellen. Disse har ofte en ekstra kostnad og vil \u00f8ke den opprinnelige grunnprisen. Jo mer du tilpasser et hus, desto h\u00f8yere blir produksjonskostnadene.<\/p>\n<h3>3. Klargj\u00f8ring av jord<\/h3>\n<p>F\u00f8r de prefabrikkerte komponentene kan leveres til tomten, m\u00e5 tomten v\u00e6re tilstrekkelig klargjort. Denne klargj\u00f8ringen utf\u00f8res i de fleste tilfeller av et eget byggefirma som klargj\u00f8r omr\u00e5det i henhold til prefabprodusentens spesifikasjoner. Det mest merkbare arbeidet i denne fasen er <a href=\"https:\/\/staging.spassio.com\/guide-to-foundation-for-modular-home\/\">byggingen av fundamentene<\/a>, og kostnadene varierer avhengig av fundamenttype og grunnforhold.<\/p>\n<p>Tomten er likevel ikke ferdig klargjort f\u00f8r den er tilkoblet grunnleggende tjenester som str\u00f8m, vann, avl\u00f8p, gass og telekommunikasjon. Det er sannsynlig at tomten allerede er betjent, men hvis den ikke er det, vil totalprisen raskt \u00f8ke, siden det koster mellom 6 000 og 35 000 euro i Europa og Storbritannia <a href=\"#_ftn2\" name=\"_ftnref2\">[2]<\/a>.<\/p>\n<h2>4. Transport og montering av huset<\/h2>\n<p>N\u00e5r arbeidene utenfor byggeplassen er fullf\u00f8rt, leveres de prefabrikkerte delene til eiendommen for montering. En tredjepart h\u00e5ndterer vanligvis <a href=\"https:\/\/staging.spassio.com\/modular-home-requirements-successful-transportation\/\">logistikken rundt forsendelse<\/a> og montering. Det er imidlertid vanlig at <a href=\"https:\/\/staging.spassio.com\/manufacturers\/\">ferdighusprodusenten<\/a> tar seg av disse tjenestene og inkluderer denne kostnaden i tilbudet som defineres ved avslutningen av prosjekteringsfasen. Kostnadene avhenger av avstand, tilkomstforhold, type kj\u00f8ret\u00f8y og tiden det tar \u00e5 montere og ferdigstille huset p\u00e5 stedet.<\/p>\n<h3>5. Byggetillatelser og avgifter<\/h3>\n<p>I Storbritannia og de fleste europeiske land krever ferdighus, som alle andre permanente boliger, byggetillatelse. Kostnadene og kravene til byggetillatelse kan variere sterkt fra sted til sted. I Storbritannia er for eksempel byggetillatelsen definert av en fastsatt verdi. Avhengig av konstruksjonens egenskaper og kan koste alt fra \u00a3334<a href=\"#_ftn3\" name=\"_ftnref3\">[3]<\/a>. Avgiftene varierer ogs\u00e5 enormt fra land til land, men den f\u00f8rste avgiften som b\u00f8r vurderes er merverdiavgiften.<\/p>\n<p>Den annonserte grunnprisen p\u00e5 en bolig inkluderer vanligvis ikke moms. Momsbel\u00f8pet varierer fra land til land: I Spania er det for eksempel 10 % moms p\u00e5 boligkj\u00f8p, mens det i Tsjekkia er 15 % <a href=\"#_ftn4\" name=\"_ftnref4\">[4]<\/a>. Selv om det kan v\u00e6re andre skatter som gjelder, forventes det i Frankrike at du betaler en skatt for \u00e5 koble tjenestene til eiendommen <a href=\"#_ftn5\" name=\"_ftnref5\">[5]<\/a>. For \u00e5 f\u00e5 en klar id\u00e9 om hvilke avgifter og legaliseringskostnader som gjelder der du bor, kan du sp\u00f8rre ferdighusprodusenten og r\u00e5df\u00f8re deg med planleggingsmyndighetene i ditt omr\u00e5de.<\/p>\n<p><strong>Ofte stilte sp\u00f8rsm\u00e5l<br \/>\n<\/strong><\/p>\n<h2>Trenger ferdighus byggetillatelse?<\/h2>\n<p>De fleste ferdighus som bygges i Europa og Storbritannia m\u00e5 ha byggetillatelse f\u00f8r bygging. Type tillatelser og kostnader varierer imidlertid fra land til land.<\/p>\n<h2>M\u00e5 jeg selv koble til vann og avl\u00f8p, eller blir dette gjort for meg?<\/h2>\n<p>Tilkoblingen gj\u00f8res vanligvis for deg av ferdighusprodusenten eller entrepren\u00f8ren som har ansvaret for arbeidene p\u00e5 stedet.<\/p>\n<p><strong>Referanser<\/strong><br \/>\n<a style=\"color: #3eb6a8;\" href=\"#_ftnref1\" name=\"_ftn1\">[1]<\/a>Collinson, P. (2018, 30. november) &#8220;UK housebuilding revolution&#8221;: \u00a365 000 prefabrikkerte boliger settes i produksjon The Guardian <a href=\"https:\/\/www.theguardian.com\/society\/2018\/nov\/30\/uk-housebuilding-revolution-65000-prefab-homes-go-into-production\">https:\/\/www.theguardian.com\/society\/2018\/nov\/30\/uk-housebuilding-revolution-65000-prefab-homes-go-into-production<\/a><br \/>\n<a style=\"color: #3eb6a8;\" href=\"#_ftnref2\" name=\"_ftn2\">[2]<\/a>Hvordan levere bebygde tomter Byggerett <a href=\"https:\/\/righttobuildtoolkit.org.uk\/briefing-notes\/how-to-deliver-serviced-plots\/#\">https:\/\/righttobuildtoolkit.org.uk\/briefing-notes\/how-to-deliver-serviced-plots\/#<\/a><br \/>\n<a style=\"color: #3eb6a8;\" href=\"#_ftnref3\" name=\"_ftn3\">[3]<\/a>Department for Levelling Up, Housing and Communities og Ministry of Housing, Communities &amp; Local Government (2021, August 20) Fees for planning application GOV.UK <a href=\"https:\/\/www.gov.uk\/guidance\/fees-for-planning-applications\">https:\/\/www.gov.uk\/guidance\/fees-for-planning-applications<\/a><br \/>\n<a style=\"color: #3eb6a8;\" href=\"#_ftnref4\" name=\"_ftn4\">[4]<\/a>JUDr. Mojm\u00edr Je\u017eek, dr. philos. Skatteregler for kj\u00f8p av fast eiendom i Tsjekkia ECOVIS JE\u017dEK, ADVOK\u00c1TN\u00cd KANCEL\u00c1\u0158 S.R.O. <a href=\"https:\/\/www.ecovislegal.cz\/en\/other-legal-areas\/tax-framework-for-real-estate-acquisition-in-the-czech-republic\/\">https:\/\/www.ecovislegal.cz\/en\/other-legal-areas\/tax-framework-for-real-estate-acquisition-in-the-czech-republic\/<\/a><br \/>\n<a style=\"color: #3eb6a8;\" href=\"#_ftnref5\" name=\"_ftn5\">[5]<\/a>Planleggingsavgifter i Frankrike &#8211; Taxes d&#8217;Urbanisme French-property https:\/\/www.french-property.com\/guides\/france\/building\/planning\/planning-taxes<\/p>\n","protected":false},"excerpt":{"rendered":"<p>De fleste produsentene er \u00e5pne om prisen p\u00e5 sine prefabrikkerte modeller, en verdi som i Europa og Storbritannia ligger p\u00e5 rundt 90 000 euro. De fleste annonserte tallene er imidlertid den s\u00e5kalte basisprisen og er vanligvis bare en startpris. Denne prisen kan fastsettes p\u00e5 forh\u00e5nd fordi den gjelder arbeidene utenfor byggeplassen p\u00e5 en forh\u00e5ndsdesignet modell, [&hellip;]<\/p>\n","protected":false},"author":194,"featured_media":77830,"parent":0,"menu_order":0,"comment_status":"closed","ping_status":"closed","template":"","meta":{"content-type":"","_FSMCFIC_featured_image_caption":"","_FSMCFIC_featured_image_nocaption":"","_FSMCFIC_featured_image_hide":"","footnotes":""},"class_list":["post-77828","page","type-page","status-publish","has-post-thumbnail","hentry"],"_wp_attached_file":null,"_wp_attachment_metadata":null,"_wp_attachment_backup_sizes":null,"siteground_optimizer_webp_conversion_attempts":null,"siteground_optimizer_is_converted_to_webp":null,"siteground_optimizer_optimization_attempts":null,"siteground_optimizer_optimization_failed":null,"wpml_media_processed":null,"_wp_attachment_image_alt":null,"siteground_optimizer_is_optimized":null,"siteground_optimizer_webp_conversion_failed":null,"_elementor_source_image_hash":null,"siteground_optimizer_compression_level":null,"_elementor_inline_svg":null,"_imagify_optimization_level":null,"_imagify_status":null,"_imagify_data":null,"siteground_optimizer_original_filesize":null,"wpse_external_file_url":null,"fave_currency":null,"fave_currency_info":null,"fave_property_id":null,"fave_property_map":null,"fave_property_location":null,"houzez_geolocation_lat":null,"houzez_geolocation_long":null,"fave_property_map_street_view":null,"fave_featured":null,"fave_loggedintoview":null,"fave_agent_display_option":null,"fave_prop_homeslider":null,"fave_single_top_area":null,"fave_single_content_area":null,"_yoast_wpseo_primary_property_type":null,"_yoast_wpseo_primary_property_feature":null,"_yoast_wpseo_primary_property_label":null,"_yoast_wpseo_primary_property_country":null,"houzez_manual_expire":null,"_houzez_expiration_date_status":null,"houzez_total_property_views":null,"houzez_views_by_date":null,"houzez_recently_viewed":null,"fave_property_price":null,"fave_property_price_prefix":null,"fave_property_size":null,"fave_property_bathrooms":null,"fave_property_garage":null,"fave_levels":null,"fave_roof-type":null,"fave_construction-type":null,"fave_video_url":null,"fave_video_image":null,"fave_payment_status":null,"fave_property_agency":null,"fave_countries":null,"fave_sleeps":null,"_yoast_wpseo_primary_property_status":null,"fave_property_images":null,"fave_attachments":null,"technical_description":null,"houzez_featured_listing_date":null,"fave_property_size_prefix":null,"fave_property_bedrooms":null,"fave_property_price_postfix":null,"fave_production-time-in-weeks":null,"fave_building-time-in-days":null,"fave_window-glazing":null,"_yoast_wpseo_primary_feature-2":null,"_yoast_wpseo_primary_feature-3":null,"fave_warranty-in-years":null,"fave_property_land":null,"fave_property_land_postfix":null,"wpsebeba57d406-00de-d339-8c02-3956a916f506":null,"_oembed_eefb35903900c5c166d55ccf7fc62a8a":null,"_oembed_30948e80c1a853da0b519e72c40d2e13":null,"_oembed_0b78a31d7c7e6041adc064d46c40f98b":null,"_oembed_42c2c13b5902a21593b1d521556aea88":null,"_oembed_4fb58e495f37e206f97738a42dbe566f":null,"_oembed_b2828bee61bd9076cd21ece641de7abc":null,"_oembed_0c92428c960763e658977ce4918863f4":null,"_oembed_02b72dc3d26bdba6ff900a268ade2517":null,"_oembed_8c819834f7fc0b74364aa34a8193f46f":null,"_oembed_088962b77808b37d57abe5c8143f9652":null,"_oembed_dfae0e674c59ba061a82b330fc7fdea0":null,"_oembed_74e5075f66c4cd04b0e118feb24f6636":null,"fave_mortgage_cal":null,"_air_wp_sync_record_id":null,"_air_wp_sync_hash":null,"_air_wp_sync_importer_id":null,"_air_wp_sync_updated_at":null,"external_listing_link":null,"fave_property_map_address":null,"fave_multi_units_ids":null,"$wpml_language$":null,"fave_virtual_tour":null,"fave_gross-external-area":null,"_houzez_expiration_date":null,"_houzez_expiration_date_options":null,"floor_plans":null,"_oembed_a17db82fa378d53b4dc6ed46e5344499":null,"_oembed_da390569a339f4d7147d95cfb8c04c12":null,"_oembed_6a3eda5947bcc098660397ca8e21a941":null,"fave_roof-angle":null,"fave_seo-content":null,"_oembed_a7b8941eeee966e7350aede20b4d62be":null,"_oembed_time_a7b8941eeee966e7350aede20b4d62be":null,"additional_features":null,"fave_multi_units":null,"_oembed_716f56b62500685a7dd15ea2ec7579bd":null,"_oembed_time_716f56b62500685a7dd15ea2ec7579bd":null,"_oembed_8ececd3dd2598a4aedb5dfc82df2a0f6":null,"_oembed_time_8ececd3dd2598a4aedb5dfc82df2a0f6":null,"_oembed_4cef7884ea6ef16d48cd8675b12e440d":null,"fave_property_garage_size":null,"_oembed_5c1eaf7b40f4e3a3089b38beb88ba480":null,"fave_property_zip":null,"_oembed_ccdd6e0304386ece64b3b91f572b0be4":null,"_oembed_ae30d19e3e861b389146a1ccc2828104":null,"fave_property_rooms":null,"fave_property_year":null,"two_page_speed":null,"fave_year_established":null,"Status":null,"_oembed_5b2d8d2cf33b469c98e488ea5b118c30":null,"WPML Language Code":null,"_links":{"self":[{"href":"https:\/\/staging.spassio.com\/no\/wp-json\/wp\/v2\/pages\/77828","targetHints":{"allow":["GET"]}}],"collection":[{"href":"https:\/\/staging.spassio.com\/no\/wp-json\/wp\/v2\/pages"}],"about":[{"href":"https:\/\/staging.spassio.com\/no\/wp-json\/wp\/v2\/types\/page"}],"author":[{"embeddable":true,"href":"https:\/\/staging.spassio.com\/no\/wp-json\/wp\/v2\/users\/194"}],"replies":[{"embeddable":true,"href":"https:\/\/staging.spassio.com\/no\/wp-json\/wp\/v2\/comments?post=77828"}],"version-history":[{"count":0,"href":"https:\/\/staging.spassio.com\/no\/wp-json\/wp\/v2\/pages\/77828\/revisions"}],"wp:featuredmedia":[{"embeddable":true,"href":"https:\/\/staging.spassio.com\/no\/wp-json\/wp\/v2\/media\/77830"}],"wp:attachment":[{"href":"https:\/\/staging.spassio.com\/no\/wp-json\/wp\/v2\/media?parent=77828"}],"curies":[{"name":"wp","href":"https:\/\/api.w.org\/{rel}","templated":true}]}}