{"id":77832,"date":"2022-11-20T23:59:57","date_gmt":"2022-11-20T22:59:57","guid":{"rendered":"https:\/\/staging.spassio.com\/?page_id=77832"},"modified":"2024-04-22T13:23:49","modified_gmt":"2024-04-22T12:23:49","slug":"ferdighus-energieffektivt-spare-penger","status":"publish","type":"page","link":"https:\/\/staging.spassio.com\/no\/ferdighus-energieffektivt-spare-penger\/","title":{"rendered":"Slik gj\u00f8r du et ferdighus mer energieffektivt og sparer penger"},"content":{"rendered":"<p>Den mest effektive m\u00e5ten \u00e5 gj\u00f8re et ferdighus mer energieffektivt og spare penger p\u00e5 str\u00f8mregningen p\u00e5, er \u00e5 integrere alle energieffektivitetsfunksjonene i designet. Det mest kritiske designelementet i et energieffektivt ferdighus er den utvendige klimaskjermen, siden den utgj\u00f8r skillet mellom inne- og uterommet og derfor b\u00f8r v\u00e6re tilstrekkelig isolert og redusere varmetapet s\u00e5 mye som mulig. Det er likevel to andre tiltak som vil forbedre husets energieffektivitet: \u00e5 orientere huset i forhold til de naturlige klimaforholdene i omr\u00e5det og kun bruke energieffektivt utstyr.<\/p>\n<h2>Hva er energieffektivitet?<\/h2>\n<p>Energieffektivitet er kvaliteten p\u00e5 et hus som bruker mindre energi og samtidig gir et komfortabelt bomilj\u00f8. Energieffektive boliger gir et varmt milj\u00f8 i vinterm\u00e5nedene og holder seg kj\u00f8lige i de varmere \u00e5rstidene, samtidig som str\u00f8mregningen er sv\u00e6rt lav.<\/p>\n<h2>Plassering og orientering av et energieffektivt ferdighus<\/h2>\n<p>For \u00e5 oppn\u00e5 et energieffektivt ferdighus er det viktig \u00e5 forst\u00e5 klimaforholdene p\u00e5 tomten der huset skal plasseres. Vi b\u00f8r ta hensyn til temperaturen, solens bane og vindm\u00f8nstrene gjennom \u00e5ret. Denne informasjonen forteller oss hvor huset skal vende og gir oss en f\u00f8rste tiln\u00e6rming til hvordan det b\u00f8r utformes.<\/p>\n<figure id=\"attachment_31561\" aria-describedby=\"caption-attachment-31561\" style=\"width: 1000px\" class=\"wp-caption alignnone\"><a href=\"https:\/\/staging.spassio.com\/models\/ilum-house-lund\/\"><img fetchpriority=\"high\" decoding=\"async\" class=\"wp-image-31561 size-full\" src=\"https:\/\/staging.spassio.com\/wp-content\/uploads\/2022\/11\/prefab-house-energy-efficient-save-money.webp\" alt=\"Slik gj\u00f8r du et ferdighus mer energieffektivt og sparer penger\" width=\"1000\" height=\"750\" srcset=\"https:\/\/staging.spassio.com\/wp-content\/uploads\/2022\/11\/prefab-house-energy-efficient-save-money.webp 1000w, https:\/\/staging.spassio.com\/wp-content\/uploads\/2022\/11\/prefab-house-energy-efficient-save-money-300x225.webp 300w, https:\/\/staging.spassio.com\/wp-content\/uploads\/2022\/11\/prefab-house-energy-efficient-save-money-768x576.webp 768w, https:\/\/staging.spassio.com\/wp-content\/uploads\/2022\/11\/prefab-house-energy-efficient-save-money-592x444.webp 592w, https:\/\/staging.spassio.com\/wp-content\/uploads\/2022\/11\/prefab-house-energy-efficient-save-money-584x438.webp 584w, https:\/\/staging.spassio.com\/wp-content\/uploads\/2022\/11\/prefab-house-energy-efficient-save-money-800x600.webp 800w, https:\/\/staging.spassio.com\/wp-content\/uploads\/2022\/11\/prefab-house-energy-efficient-save-money-120x90.webp 120w, https:\/\/staging.spassio.com\/wp-content\/uploads\/2022\/11\/prefab-house-energy-efficient-save-money-496x372.webp 496w\" sizes=\"(max-width: 1000px) 100vw, 1000px\" \/><\/a><figcaption id=\"caption-attachment-31561\" class=\"wp-caption-text\"><em>Ved \u00e5 plassere de store vindus\u00e5pningene i <a href=\"https:\/\/staging.spassio.com\/models\/ilum-house-lund\/\">Lund Ilum-huset<\/a> mot s\u00f8r s\u00f8rger vi for at solstr\u00e5lene varmer opp de innvendige rommene.<\/em><\/figcaption><\/figure>\n<p>Hvis vi for eksempel bygger et <a href=\"\/\">ferdighus<\/a> i et kaldere klima, som Storbritannia eller Nord-Europa, \u00f8nsker vi \u00e5 slippe inn s\u00e5 mye sol som mulig for \u00e5 varme opp innend\u00f8rsomr\u00e5det naturlig med solstr\u00e5lene. Ved \u00e5 velge en <a href=\"https:\/\/staging.spassio.com\/models\/\">prefab-modell<\/a> med store vinduer i den ene fasaden og orientere denne fasaden mot s\u00f8r, skaper vi en drivhuseffekt som varmer opp inneluften p\u00e5 en behagelig m\u00e5te. I dette tilfellet er det ogs\u00e5 viktig \u00e5 unng\u00e5 \u00e5 plassere for mange vinduer i omr\u00e5der der det bl\u00e5ser mye, eller der solen ikke n\u00e5r frem, siden de vil bidra til varmetap.<\/p>\n<figure id=\"attachment_31561\" aria-describedby=\"caption-attachment-31561\" style=\"width: 1000px\" class=\"wp-caption alignnone\"><a href=\"https:\/\/staging.spassio.com\/models\/ilum-house-lund\/\"><img fetchpriority=\"high\" decoding=\"async\" class=\"wp-image-31561 size-full\" src=\"https:\/\/staging.spassio.com\/wp-content\/uploads\/2022\/11\/prefab-house-energy-efficient-save-money.webp\" alt=\"Slik gj\u00f8r du et ferdighus mer energieffektivt og sparer penger\" width=\"1000\" height=\"750\" srcset=\"https:\/\/staging.spassio.com\/wp-content\/uploads\/2022\/11\/prefab-house-energy-efficient-save-money.webp 1000w, https:\/\/staging.spassio.com\/wp-content\/uploads\/2022\/11\/prefab-house-energy-efficient-save-money-300x225.webp 300w, https:\/\/staging.spassio.com\/wp-content\/uploads\/2022\/11\/prefab-house-energy-efficient-save-money-768x576.webp 768w, https:\/\/staging.spassio.com\/wp-content\/uploads\/2022\/11\/prefab-house-energy-efficient-save-money-592x444.webp 592w, https:\/\/staging.spassio.com\/wp-content\/uploads\/2022\/11\/prefab-house-energy-efficient-save-money-584x438.webp 584w, https:\/\/staging.spassio.com\/wp-content\/uploads\/2022\/11\/prefab-house-energy-efficient-save-money-800x600.webp 800w, https:\/\/staging.spassio.com\/wp-content\/uploads\/2022\/11\/prefab-house-energy-efficient-save-money-120x90.webp 120w, https:\/\/staging.spassio.com\/wp-content\/uploads\/2022\/11\/prefab-house-energy-efficient-save-money-496x372.webp 496w\" sizes=\"(max-width: 1000px) 100vw, 1000px\" \/><\/a><figcaption id=\"caption-attachment-31561\" class=\"wp-caption-text\"><em>Ved \u00e5 plassere de store vindus\u00e5pningene i <a href=\"https:\/\/staging.spassio.com\/models\/ilum-house-lund\/\">Lund Ilum-huset<\/a> mot s\u00f8r s\u00f8rger vi for at solstr\u00e5lene varmer opp de innvendige rommene.<\/em><\/figcaption><\/figure>\n<p>Det motsatte gjelder for hus som ligger i varmere str\u00f8k som Middelhavslandene. I disse tilfellene utnytter vi forst\u00e5elsen av solens bane for \u00e5 unng\u00e5 at sommerens solstr\u00e5ler treffer husets vinduer direkte, samtidig som vi \u00f8nsker dem velkommen i vinterm\u00e5nedene. Siden solen st\u00e5r h\u00f8yere i sommerm\u00e5nedene, kan dette oppn\u00e5s ved \u00e5 orientere vindusfasaden mot s\u00f8r og plassere en pergolakonstruksjon foran for \u00e5 beskytte den mot sommerstr\u00e5lene.<\/p>\n<figure id=\"attachment_31560\" aria-describedby=\"caption-attachment-31560\" style=\"width: 1000px\" class=\"wp-caption alignnone\"><a href=\"https:\/\/staging.spassio.com\/models\/eestihouse-02-m\/\"><img decoding=\"async\" class=\"wp-image-31560 size-full\" src=\"https:\/\/staging.spassio.com\/wp-content\/uploads\/2022\/11\/eestihouse-o2-m-energy-efficiency.webp\" alt=\"\" width=\"1000\" height=\"563\" srcset=\"https:\/\/staging.spassio.com\/wp-content\/uploads\/2022\/11\/eestihouse-o2-m-energy-efficiency.webp 1000w, https:\/\/staging.spassio.com\/wp-content\/uploads\/2022\/11\/eestihouse-o2-m-energy-efficiency-300x169.webp 300w, https:\/\/staging.spassio.com\/wp-content\/uploads\/2022\/11\/eestihouse-o2-m-energy-efficiency-768x432.webp 768w, https:\/\/staging.spassio.com\/wp-content\/uploads\/2022\/11\/eestihouse-o2-m-energy-efficiency-496x279.webp 496w\" sizes=\"(max-width: 1000px) 100vw, 1000px\" \/><\/a><figcaption id=\"caption-attachment-31560\" class=\"wp-caption-text\"><em> <a href=\"https:\/\/staging.spassio.com\/models\/eestihouse-02-m\/\">EestiHouse 02-M<\/a><\/em> har <em>en overbygd terrasse foran hovedvindusfasaden som blokkerer solstr\u00e5lene om sommeren<\/em>.<\/figcaption><\/figure>\n<p>En bioklimatisk forst\u00e5else av huset kan hjelpe oss med \u00e5 velge et energieffektivt design og veilede oss i hvordan vi skal orientere det. Selv om m\u00e5ten vi bygger huset p\u00e5 er avgj\u00f8rende, b\u00f8r vi ogs\u00e5 ta hensyn til andre elementer som tr\u00e6r, fjell og andre bygninger, siden de skaper skygger og beskytter mot vinden.<\/p>\n<h2>Utform en energieffektiv klimaskjerm<\/h2>\n<p>Husets klimaskjerm defineres av det utvendige dekket: veggene, vinduene, taket og gulvet. Siden husets klimaskjerm er den barrieren som skiller det behagelige inneklimaet fra det ytre milj\u00f8et, er det et viktig element \u00e5 ta hensyn til n\u00e5r man skal designe et <a href=\"https:\/\/staging.spassio.com\/glossary\/energy-performance-or-energy-efficiency-of-a-building\/\">energieffektivt<\/a> hus.<\/p>\n<p>Et energieffektivt ferdighus b\u00f8r v\u00e6re godt isolert og dekke alle elementer som inng\u00e5r i klimaskjermen, inkludert tak og gulv. Elementer som isolasjonsmaterialer, type vinduer og husets lufttetthet er viktige \u00e5 ta hensyn til i hele klimaskjermen.<\/p>\n<h3>Krav til isolasjon<\/h3>\n<p>Riktig husisolasjon b\u00f8r ta hensyn til veggene og aldri glemme gulv og tak i varmt og kaldt klima. Det finnes et bredt utvalg av isolasjonsmaterialer \u00e5 velge mellom, men nedenfor f\u00f8lger en liste over de vanligste isolasjonsmaterialene som brukes i ferdighus:<\/p>\n<table style=\"width: 646px;\" border=\"1.5\" cellspacing=\"1\" cellpadding=\"1\">\n<tbody>\n<tr>\n<td style=\"width: 133px; text-align: left;\"><strong>Isolasjonsmateriale<\/strong><\/td>\n<td style=\"width: 267px; text-align: left;\"><strong>Kort beskrivelse<\/strong><\/td>\n<td style=\"width: 222px; text-align: left;\"><strong>U-verdi ved 100 mm (W\/m2K) <a href=\"#_ftn1\" name=\"_ftnref1\">[1]<\/a><a href=\"#_ftn2\" name=\"_ftnref2\">[2<\/a>].<\/strong><\/td>\n<\/tr>\n<tr>\n<td style=\"width: 133px;\">Strukturelt isolerte paneler (SIP)<\/td>\n<td style=\"width: 267px;\">Dette materialet er enkelt \u00e5 montere siden det leveres sammen med konstruksjonsmaterialet og isolasjonen. Vanligvis brukes tre ulike isolasjonsmaterialer i SIP-elementer: ekspandert polystyren (EPS), ekstrudert polystyren (XPS) eller polyuretanskum (PUR).<\/td>\n<td style=\"text-align: center; width: 222px;\">EPS = 3.52XPS = 3PUR = 4.50<\/td>\n<\/tr>\n<tr>\n<td style=\"width: 133px;\">Saueull<\/td>\n<td style=\"width: 267px;\">Dette materialet er naturlig, b\u00e6rekraftig og sv\u00e6rt effektivt. Det kan brukes p\u00e5 b\u00e5de vegger og tak, og til tross for at det er organisk, har det en levetid p\u00e5 60 \u00e5r, er brannsikkert og holder insekter borte.<\/td>\n<td style=\"text-align: center; width: 222px;\">2.63<\/td>\n<\/tr>\n<tr>\n<td style=\"width: 133px;\">Glassull<\/td>\n<td style=\"width: 267px;\">Selv om dette materialet ikke er av naturlig opprinnelse, har det en positiv milj\u00f8effekt siden det er laget av resirkulerte glassflasker.<\/td>\n<td style=\"text-align: center; width: 222px;\">2.85<\/td>\n<\/tr>\n<tr>\n<td style=\"width: 133px;\">Steinull<\/td>\n<td style=\"width: 267px;\">Steinull er et sv\u00e6rt effektivt materiale siden det gir god varmeisolasjon, lydreduksjon og brannsikkerhet.<\/td>\n<td style=\"text-align: center; width: 222px;\">2.85<\/td>\n<\/tr>\n<tr>\n<td style=\"width: 133px;\">Steinull<\/td>\n<td style=\"width: 267px;\">Selv om dette materialet generelt ikke er milj\u00f8vennlig, har det noen fordeler, siden det er ganske effektivt til \u00e5 redusere trekk n\u00e5r det brukes som skum.<\/td>\n<td style=\"text-align: center; width: 222px;\">1.08 &#8211; 1.26<\/td>\n<\/tr>\n<\/tbody>\n<\/table>\n<p>&nbsp;<\/p>\n<p>Tykkelsen p\u00e5 isolasjonen varierer avhengig av materialet og kravene p\u00e5 hvert enkelt sted. Selv om isolasjonsmengden som kreves i alle deler av husets klimaskjerm b\u00f8r beregnes av en arkitekt eller ingeni\u00f8r, kan du f\u00e5 en id\u00e9 om tykkelsen som trengs for hver enkelt del ved hjelp av en grov forst\u00e5else av begrepet varmegjennomgangskoeffisient.<\/p>\n<p>Alle isolasjonsmaterialer har en tilh\u00f8rende varmetransmisjonskoeffisient (U-verdi) som definerer materialets evne til \u00e5 overf\u00f8re varme. Ved \u00e5 se p\u00e5 denne verdien vet vi hvor tykt hvert materiale b\u00f8r v\u00e6re i forhold til de andre. Materialer med lavere <a href=\"https:\/\/staging.spassio.com\/glossary\/u-value-w-m2k\/\">U-verdi<\/a> krever mindre materiale for \u00e5 oppn\u00e5 samme isolasjonsresultat. En korrekt beregning vil likevel ta hensyn til andre aspekter, for eksempel de andre materialene som passer til veggen.<\/p>\n<h3>Energieffektive vinduer<\/h3>\n<p>Vinduene er et viktig element \u00e5 ta hensyn til n\u00e5r man velger et energieffektivt ferdighus, siden vanlige hus mister 10 % av innetemperaturen gjennom disse elementene <a href=\"#_ftn3\" name=\"_ftnref3\">[3]<\/a>. I Europa og Storbritannia kan vi se p\u00e5 etikettene for \u00e5 finne ut om et vindu er energieffektivt:<\/p>\n<p>EUs energimerke: Gir informasjon om hvor energieffektivt et produkt er. Hvert produkt rangeres p\u00e5 en 7-trinns skala, der det minst energieffektive produktet f\u00e5r en r\u00f8d D og det mest energieffektive en m\u00f8rkegr\u00f8nn A+++.<\/p>\n<p>British Fenestration Rating Council (BFRC): Gjelder kun i Storbritannia og har et lignende format som EUs energimerke. I dette tilfellet er det en skala med 8 verdier, der det minst energieffektive vinduet rangeres med en brun G og det mest energieffektive med en lilla A+.<\/p>\n<h3>Betydningen av lufttetthet og ventilasjon<\/h3>\n<p>For \u00e5 sikre et energieffektivt ferdighus er det ikke nok \u00e5 velge riktige vinduer og isolasjonsmaterialer, alt m\u00e5 ogs\u00e5 v\u00e6re lufttett. Hovedm\u00e5let med lufttetting er \u00e5 eliminere u\u00f8nsket luftlekkasje og trekk gjennom husets klimaskjerm. Resultatet er at den behagelige innetemperaturen enkelt kan opprettholdes med mindre energiproduksjon.<\/p>\n<p>For \u00e5 unng\u00e5 luftlekkasje er det viktig \u00e5 v\u00e6re spesielt oppmerksom p\u00e5 de ulike skj\u00f8tene i huset, hvorav de viktigste er mellom vinduer og vegger, vegger og tak eller vegger og gulv. Materialene som brukes til \u00e5 bygge klimaskjermen er likevel avgj\u00f8rende for \u00e5 definere et lufttett rom.<\/p>\n<p>Lufttetthet kan bidra til \u00e5 spare en god del penger p\u00e5 energiregningen. Lufttetting betyr imidlertid ingen luftutskifting, noe som kan f\u00e5 helsemessige konsekvenser. Derfor b\u00f8r et lufttett hus alltid ha et mekanisk ventilasjonssystem, helst med varmegjenvinning, for \u00e5 redusere varmetapet s\u00e5 mye som mulig.<\/p>\n<h2>Velg energieffektivt utstyr<\/h2>\n<p>N\u00e5r vi har valgt riktig orientering for huset og designet en effektiv klimaskjerm, er det p\u00e5 tide \u00e5 velge energieffektivt varme- og kj\u00f8leutstyr. Selv om energieffektive boliger i stor grad reduserer behovet for oppvarming og kj\u00f8ling, bidrar energieffektivt utstyr til \u00e5 oppn\u00e5 \u00f8nsket innetemperatur. Vi kan velge energieffektive apparater for \u00e5 redusere energiforbruket og kostnadene ytterligere.<\/p>\n<p>N\u00e5r vi velger et energieffektivt hus, m\u00e5 vi s\u00f8rge for at energimengden som brukes av de ulike apparatene holdes lav, slik at str\u00f8mregningen holdes p\u00e5 et minimum. For \u00e5 identifisere de mest energieffektive systemene b\u00f8r vi se p\u00e5 EUs energimerke, som fungerer akkurat som vi har beskrevet i vindusdelen: En r\u00f8d D er det minst energieffektive systemet, mens en m\u00f8rkegr\u00f8nn A+++ representerer det mest energieffektive systemet.<\/p>\n<h2>Er ferdighus og modulhus mer energieffektive?<\/h2>\n<p>Prefabrikkerte hus er ikke per definisjon energieffektive, selv om prefabrikasjonsprosessen gj\u00f8r det lettere \u00e5 oppn\u00e5 disse parametrene. Nedenfor finner du noen av de viktigste fordelene ved \u00e5 bygge utenfor byggeplassen:<\/p>\n<ul>\n<li><strong>Kvalitetskontroll<\/strong>: Sentraliseringen av byggearbeidene muliggj\u00f8r ytterligere kvalitetskontroller gjennom hele prosessen, noe som sikrer bedre ytelse p\u00e5 klimaskjermen.<\/li>\n<li><strong>Industrialisert bygningsmilj\u00f8<\/strong>: Siden prefabrikkene bygges i fabrikklignende omgivelser, har de tilgang til sofistikerte verkt\u00f8y og maskiner, noe som gir bedre kvalitet p\u00e5 arbeidet og reduserer sjansen for \u00e5 etterlate \u00e5pne rom som kan for\u00e5rsake trekk.<\/li>\n<\/ul>\n<p>Fordelen med \u00e5 bygge utenfor byggeplassen er at det finnes et godt utvalg av produsenter som tilbyr muligheten til \u00e5 bygge i henhold til energieffektivitetsstandarder. \u00c5 velge et energieffektivt hus \u00f8ker byggekostnadene, selv om det vil redusere str\u00f8mregningen enormt i etterkant. If\u00f8lge BBC kan en gjennomsnittsbolig i Storbritannia spare opptil 555 pund p\u00e5 str\u00f8mregningen ved \u00e5 oppgradere til energieffektivitetsstandarder <a href=\"#_ftn4\" name=\"_ftnref4\">[4]<\/a>.<\/p>\n<p>Referanser:<br \/>\n<a style=\"color: #3eb6a8;\" href=\"#_ftnref1\" name=\"_ftn1\">[1]<\/a>Isolasjonsmaterialer og deres varmeegenskaper Greenspec <a href=\"https:\/\/www.greenspec.co.uk\/building-design\/insulation-materials-thermal-properties\/\">https:\/\/www.greenspec.co.uk\/building-design\/insulation-materials-thermal-properties\/<\/a><br \/>\n<a style=\"color: #3eb6a8;\" href=\"#_ftnref2\" name=\"_ftn2\">[2]<\/a>Sprayfoam gir en unik kombinasjon av h\u00f8ye U-verdier og luftgjennomtrengelighet Fusion Insulation <a href=\"http:\/\/www.fusioninsulation.com\/thermal-insulation.html\">http:\/\/www.fusioninsulation.com\/thermal-insulation.html<\/a><br \/>\n<a style=\"color: #3eb6a8;\" href=\"#_ftnref3\" name=\"_ftn3\">[3]<\/a>Vinduer: Varmetap og varme\u00f8kning Greenspec <a href=\"https:\/\/www.greenspec.co.uk\/building-design\/windows\/\">https:\/\/www.greenspec.co.uk\/building-design\/windows\/<\/a><br \/>\n<a style=\"color: #3eb6a8;\" href=\"#_ftnref4\" name=\"_ftn4\">[4]<\/a>Stallard, E. (2022 October 7) Home insulation: Hvordan kan det redusere str\u00f8mregningen? BBC News <a href=\"https:\/\/www.bbc.com\/news\/explainers-60289396\">https:\/\/www.bbc.com\/news\/explainers-60289396<\/a><\/p>\n","protected":false},"excerpt":{"rendered":"<p>Den mest effektive m\u00e5ten \u00e5 gj\u00f8re et ferdighus mer energieffektivt og spare penger p\u00e5 str\u00f8mregningen p\u00e5, er \u00e5 integrere alle energieffektivitetsfunksjonene i designet. Det mest kritiske designelementet i et energieffektivt ferdighus er den utvendige klimaskjermen, siden den utgj\u00f8r skillet mellom inne- og uterommet og derfor b\u00f8r v\u00e6re tilstrekkelig isolert og redusere varmetapet s\u00e5 mye som [&hellip;]<\/p>\n","protected":false},"author":194,"featured_media":77834,"parent":0,"menu_order":0,"comment_status":"closed","ping_status":"closed","template":"","meta":{"content-type":"","_FSMCFIC_featured_image_caption":"","_FSMCFIC_featured_image_nocaption":"","_FSMCFIC_featured_image_hide":"","footnotes":""},"class_list":["post-77832","page","type-page","status-publish","has-post-thumbnail","hentry"],"_wp_attached_file":null,"_wp_attachment_metadata":null,"_wp_attachment_backup_sizes":null,"siteground_optimizer_webp_conversion_attempts":null,"siteground_optimizer_is_converted_to_webp":null,"siteground_optimizer_optimization_attempts":null,"siteground_optimizer_optimization_failed":null,"wpml_media_processed":null,"_wp_attachment_image_alt":null,"siteground_optimizer_is_optimized":null,"siteground_optimizer_webp_conversion_failed":null,"_elementor_source_image_hash":null,"siteground_optimizer_compression_level":null,"_elementor_inline_svg":null,"_imagify_optimization_level":null,"_imagify_status":null,"_imagify_data":null,"siteground_optimizer_original_filesize":null,"wpse_external_file_url":null,"fave_currency":null,"fave_currency_info":null,"fave_property_id":null,"fave_property_map":null,"fave_property_location":null,"houzez_geolocation_lat":null,"houzez_geolocation_long":null,"fave_property_map_street_view":null,"fave_featured":null,"fave_loggedintoview":null,"fave_agent_display_option":null,"fave_prop_homeslider":null,"fave_single_top_area":null,"fave_single_content_area":null,"_yoast_wpseo_primary_property_type":null,"_yoast_wpseo_primary_property_feature":null,"_yoast_wpseo_primary_property_label":null,"_yoast_wpseo_primary_property_country":null,"houzez_manual_expire":null,"_houzez_expiration_date_status":null,"houzez_total_property_views":null,"houzez_views_by_date":null,"houzez_recently_viewed":null,"fave_property_price":null,"fave_property_price_prefix":null,"fave_property_size":null,"fave_property_bathrooms":null,"fave_property_garage":null,"fave_levels":null,"fave_roof-type":null,"fave_construction-type":null,"fave_video_url":null,"fave_video_image":null,"fave_payment_status":null,"fave_property_agency":null,"fave_countries":null,"fave_sleeps":null,"_yoast_wpseo_primary_property_status":null,"fave_property_images":null,"fave_attachments":null,"technical_description":null,"houzez_featured_listing_date":null,"fave_property_size_prefix":null,"fave_property_bedrooms":null,"fave_property_price_postfix":null,"fave_production-time-in-weeks":null,"fave_building-time-in-days":null,"fave_window-glazing":null,"_yoast_wpseo_primary_feature-2":null,"_yoast_wpseo_primary_feature-3":null,"fave_warranty-in-years":null,"fave_property_land":null,"fave_property_land_postfix":null,"wpsebeba57d406-00de-d339-8c02-3956a916f506":null,"_oembed_eefb35903900c5c166d55ccf7fc62a8a":null,"_oembed_30948e80c1a853da0b519e72c40d2e13":null,"_oembed_0b78a31d7c7e6041adc064d46c40f98b":null,"_oembed_42c2c13b5902a21593b1d521556aea88":null,"_oembed_4fb58e495f37e206f97738a42dbe566f":null,"_oembed_b2828bee61bd9076cd21ece641de7abc":null,"_oembed_0c92428c960763e658977ce4918863f4":null,"_oembed_02b72dc3d26bdba6ff900a268ade2517":null,"_oembed_8c819834f7fc0b74364aa34a8193f46f":null,"_oembed_088962b77808b37d57abe5c8143f9652":null,"_oembed_dfae0e674c59ba061a82b330fc7fdea0":null,"_oembed_74e5075f66c4cd04b0e118feb24f6636":null,"fave_mortgage_cal":null,"_air_wp_sync_record_id":null,"_air_wp_sync_hash":null,"_air_wp_sync_importer_id":null,"_air_wp_sync_updated_at":null,"external_listing_link":null,"fave_property_map_address":null,"fave_multi_units_ids":null,"$wpml_language$":null,"fave_virtual_tour":null,"fave_gross-external-area":null,"_houzez_expiration_date":null,"_houzez_expiration_date_options":null,"floor_plans":null,"_oembed_a17db82fa378d53b4dc6ed46e5344499":null,"_oembed_da390569a339f4d7147d95cfb8c04c12":null,"_oembed_6a3eda5947bcc098660397ca8e21a941":null,"fave_roof-angle":null,"fave_seo-content":null,"_oembed_a7b8941eeee966e7350aede20b4d62be":null,"_oembed_time_a7b8941eeee966e7350aede20b4d62be":null,"additional_features":null,"fave_multi_units":null,"_oembed_716f56b62500685a7dd15ea2ec7579bd":null,"_oembed_time_716f56b62500685a7dd15ea2ec7579bd":null,"_oembed_8ececd3dd2598a4aedb5dfc82df2a0f6":null,"_oembed_time_8ececd3dd2598a4aedb5dfc82df2a0f6":null,"_oembed_4cef7884ea6ef16d48cd8675b12e440d":null,"fave_property_garage_size":null,"_oembed_5c1eaf7b40f4e3a3089b38beb88ba480":null,"fave_property_zip":null,"_oembed_ccdd6e0304386ece64b3b91f572b0be4":null,"_oembed_ae30d19e3e861b389146a1ccc2828104":null,"fave_property_rooms":null,"fave_property_year":null,"two_page_speed":null,"fave_year_established":null,"Status":null,"_oembed_5b2d8d2cf33b469c98e488ea5b118c30":null,"WPML Language Code":null,"_links":{"self":[{"href":"https:\/\/staging.spassio.com\/no\/wp-json\/wp\/v2\/pages\/77832","targetHints":{"allow":["GET"]}}],"collection":[{"href":"https:\/\/staging.spassio.com\/no\/wp-json\/wp\/v2\/pages"}],"about":[{"href":"https:\/\/staging.spassio.com\/no\/wp-json\/wp\/v2\/types\/page"}],"author":[{"embeddable":true,"href":"https:\/\/staging.spassio.com\/no\/wp-json\/wp\/v2\/users\/194"}],"replies":[{"embeddable":true,"href":"https:\/\/staging.spassio.com\/no\/wp-json\/wp\/v2\/comments?post=77832"}],"version-history":[{"count":0,"href":"https:\/\/staging.spassio.com\/no\/wp-json\/wp\/v2\/pages\/77832\/revisions"}],"wp:featuredmedia":[{"embeddable":true,"href":"https:\/\/staging.spassio.com\/no\/wp-json\/wp\/v2\/media\/77834"}],"wp:attachment":[{"href":"https:\/\/staging.spassio.com\/no\/wp-json\/wp\/v2\/media?parent=77832"}],"curies":[{"name":"wp","href":"https:\/\/api.w.org\/{rel}","templated":true}]}}