{"id":77838,"date":"2023-01-22T11:29:28","date_gmt":"2023-01-22T10:29:28","guid":{"rendered":"https:\/\/staging.spassio.com\/?page_id=77838"},"modified":"2024-04-22T13:24:13","modified_gmt":"2024-04-22T12:24:13","slug":"velge-ferdighusprodusent","status":"publish","type":"page","link":"https:\/\/staging.spassio.com\/no\/velge-ferdighusprodusent\/","title":{"rendered":"Hvordan velge en ferdighusprodusent"},"content":{"rendered":"<p>Prosessen med \u00e5 <strong>velge riktig ferdighusprodusent<\/strong> for ditt prosjekt starter med \u00e5 sammenligne ulike selskaper og vurdere hvilke som kan levere det huset du er ute etter.<\/p>\n<p>Siden ferdighusene bygges etter en sv\u00e6rt mekanisert prosess, er huset designet med tanke p\u00e5 produksjon. N\u00e5r du velger et ferdighusfirma, velger du derfor et komplett team av arkitekter, designere og byggherrer, noe som gj\u00f8r dette valget til et kritisk trinn i ferdighusprosessen.<\/p>\n<figure id=\"attachment_33325\" aria-describedby=\"caption-attachment-33325\" style=\"width: 1024px\" class=\"wp-caption alignnone\"><img fetchpriority=\"high\" decoding=\"async\" class=\"wp-image-33325 size-large\" src=\"https:\/\/staging.spassio.com\/wp-content\/uploads\/2023\/01\/choose-prefab-manufacturer-1024x768.jpg\" alt=\"velg produsent av ferdighus\" width=\"1024\" height=\"768\" srcset=\"https:\/\/staging.spassio.com\/wp-content\/uploads\/2023\/01\/choose-prefab-manufacturer-1024x768.jpg 1024w, https:\/\/staging.spassio.com\/wp-content\/uploads\/2023\/01\/choose-prefab-manufacturer-300x225.jpg 300w, https:\/\/staging.spassio.com\/wp-content\/uploads\/2023\/01\/choose-prefab-manufacturer-768x576.jpg 768w, https:\/\/staging.spassio.com\/wp-content\/uploads\/2023\/01\/choose-prefab-manufacturer-1536x1152.jpg 1536w, https:\/\/staging.spassio.com\/wp-content\/uploads\/2023\/01\/choose-prefab-manufacturer-592x444.jpg 592w, https:\/\/staging.spassio.com\/wp-content\/uploads\/2023\/01\/choose-prefab-manufacturer-584x438.jpg 584w, https:\/\/staging.spassio.com\/wp-content\/uploads\/2023\/01\/choose-prefab-manufacturer-800x600.jpg 800w, https:\/\/staging.spassio.com\/wp-content\/uploads\/2023\/01\/choose-prefab-manufacturer-120x90.jpg 120w, https:\/\/staging.spassio.com\/wp-content\/uploads\/2023\/01\/choose-prefab-manufacturer-496x372.jpg 496w, https:\/\/staging.spassio.com\/wp-content\/uploads\/2023\/01\/choose-prefab-manufacturer.jpg 1600w\" sizes=\"(max-width: 1024px) 100vw, 1024px\" \/><figcaption id=\"caption-attachment-33325\" class=\"wp-caption-text\">Fig. 1. P\u00e5 innsiden av Modern Modularfabrikk<\/figcaption><\/figure>\n<h2>Se p\u00e5 hvilken type hus produsenten tilbyr<\/h2>\n<p>P\u00e5 grunn av mekaniseringen av ferdighusbyggingen har produsentene en tendens til \u00e5 v\u00e6re ganske spesialiserte. Derfor holder de seg som regel til en spesifikk estetikk og type prefab.<\/p>\n<p>Prosessen med \u00e5 velge produsent begynner med \u00e5 forst\u00e5 hva slags type hus vi er ute etter og sammenligne det med hva produsenten tilbyr:<\/p>\n<ul>\n<li>Den generelle estetikken: De fleste husene som tilbys av hver produsent er bygget i samme arkitektoniske stil. Noen produsenter velger \u00e5 bygge hus med et tradisjonelt utseende, andre velger en rustikk stil, mens andre igjen foretrekker \u00e5 designe hus med et moderne utseende. En rask gjennomgang av <a href=\"https:\/\/staging.spassio.com\/manufacturers\/\">selskapets profil<\/a> gir deg et inntrykk av produsentens generelle estetikk.<\/li>\n<li>Ferdighus p\u00e5 fundament eller hjul: De fleste produsenter designer sine ferdighus slik at de kan bygges utenfor byggeplassen, men monteres p\u00e5 et permanent fundament. Dermed skiller ikke huset seg fra et tradisjonelt byggverk og krever byggetillatelse. Noen produsenter tilbyr imidlertid et alternativ som i stedet er plassert p\u00e5 hjul. Disse ferdighusene ligner mer p\u00e5 en bobil enn p\u00e5 en tradisjonell konstruksjon, og kan vanligvis kj\u00f8pes uten byggetillatelse.<\/li>\n<li>Forh\u00e5ndsdesignede eller skreddersydde prosjekter: Produsenter kan tilby to designalternativer: forh\u00e5ndsdesignet <a href=\"https:\/\/staging.spassio.com\/manufacturer\/nomad-container\/\">eller skred<\/a>dersydd. Forh\u00e5ndsdesignede ferdighus vises i en kataloglignende liste som kunden kan velge mellom, mens skreddersydde ferdighus designes fra bunnen av av produsenten i henhold til kundens unike spesifikasjoner. Noen produsenter tilbyr begge deler, men de fleste konsentrerer seg om ett av alternativene.<\/li>\n<\/ul>\n<h2>Se hva som er inkludert i produsentens pakke<\/h2>\n<p>Alle produsenter designer og bygger husene sine i et fabrikklignende milj\u00f8. Hvilke elementer og tjenester som inng\u00e5r i pakken, kan imidlertid variere enormt fra produsent til produsent.<\/p>\n<p>N\u00e5r vi velger produsent, er det viktig \u00e5 se hvilke pakkemuligheter hver enkelt produsent tilbyr for \u00e5 finne ut hvilken som passer best for oss.<\/p>\n<ul>\n<li>Husets pakke: Prefab-husene kan leveres enten fullt m\u00f8blert, akkurat som <a href=\"https:\/\/staging.spassio.com\/models\/keu-mobile-home-keu\/\">Keu<\/a> som er klar til \u00e5 bli bebodd, eller som en tom, fungerende huskasse som venter p\u00e5 \u00e5 bli innredet av eieren. Analyser hvilket alternativ som passer best for deg, og se hvilken produsent som tilbyr det du foretrekker. De fleste elementene som inng\u00e5r i huspakken, kan tilpasses. Men graden av tilpasning varierer fra selskap til selskap, og kan variere fra \u00e5 tilpasse finishen til \u00e5 oppgradere til materialer av h\u00f8yere kvalitet eller til og med designe hele huset fra bunnen av.<\/li>\n<li>Logistikk: Vanligvis er det produsenten som st\u00e5r for transporten av den prefabrikkerte enheten til tomten og monteringen p\u00e5 fundamentet. Selv om det ikke alltid er tilfelle. Det kan utgj\u00f8re en stor forskjell om du forsikrer deg om at et team fra produsenten vil v\u00e6re p\u00e5 plass for \u00e5 montere huset.<\/li>\n<li>Forberedelse av tomten og arbeid p\u00e5 stedet: Vanligvis tilbyr ikke produsentene slike tjenester. Derfor er det n\u00f8dvendig med flere fagfolk, for eksempel en lokal entrepren\u00f8r, for \u00e5 klargj\u00f8re tomten og fullf\u00f8re byggearbeidene p\u00e5 stedet. Noen produsenter, som f.eks. <a href=\"https:\/\/staging.spassio.com\/manufacturer\/vmodul\/\">VMODUL<\/a> velger imidlertid \u00e5 utvide pakken og ta seg av alle trinn, fra innhenting av byggetillatelser til klargj\u00f8ring av tomten og ferdigstillelse av arbeidet p\u00e5 stedet. Generelt er arbeider som landskapsarbeid, hagearbeid og bygging av basseng ikke inkludert av produsentene, men vi oppfordrer deg til \u00e5 ta kontakt med dem siden det er den beste m\u00e5ten \u00e5 f\u00e5 vite hva de kan gj\u00f8re for deg.<\/li>\n<\/ul>\n<figure id=\"attachment_33324\" aria-describedby=\"caption-attachment-33324\" style=\"width: 1024px\" class=\"wp-caption alignnone\"><img decoding=\"async\" class=\"wp-image-33324 size-large\" src=\"https:\/\/staging.spassio.com\/wp-content\/uploads\/2023\/01\/transportation-koleliba-prefab-house-1024x768.jpg\" alt=\"Transport av et Koleliba ferdighus\" width=\"1024\" height=\"768\" srcset=\"https:\/\/staging.spassio.com\/wp-content\/uploads\/2023\/01\/transportation-koleliba-prefab-house-1024x768.jpg 1024w, https:\/\/staging.spassio.com\/wp-content\/uploads\/2023\/01\/transportation-koleliba-prefab-house-300x225.jpg 300w, https:\/\/staging.spassio.com\/wp-content\/uploads\/2023\/01\/transportation-koleliba-prefab-house-768x576.jpg 768w, https:\/\/staging.spassio.com\/wp-content\/uploads\/2023\/01\/transportation-koleliba-prefab-house-1536x1152.jpg 1536w, https:\/\/staging.spassio.com\/wp-content\/uploads\/2023\/01\/transportation-koleliba-prefab-house-592x444.jpg 592w, https:\/\/staging.spassio.com\/wp-content\/uploads\/2023\/01\/transportation-koleliba-prefab-house-584x438.jpg 584w, https:\/\/staging.spassio.com\/wp-content\/uploads\/2023\/01\/transportation-koleliba-prefab-house-800x600.jpg 800w, https:\/\/staging.spassio.com\/wp-content\/uploads\/2023\/01\/transportation-koleliba-prefab-house-120x90.jpg 120w, https:\/\/staging.spassio.com\/wp-content\/uploads\/2023\/01\/transportation-koleliba-prefab-house-496x372.jpg 496w, https:\/\/staging.spassio.com\/wp-content\/uploads\/2023\/01\/transportation-koleliba-prefab-house.jpg 1600w\" sizes=\"(max-width: 1024px) 100vw, 1024px\" \/><figcaption id=\"caption-attachment-33324\" class=\"wp-caption-text\">Fig. 2. Transport av en <a href=\"https:\/\/staging.spassio.com\/manufacturer\/koleliba\/\">Koleliba<\/a> ferdighus fra produsenten til tomten<\/figcaption><\/figure>\n<h2>Forsikre deg om at produsenten kan levere til deg<\/h2>\n<p>En produsent som kan levere den hustypen du er p\u00e5 utkikk etter, med de spesifikke egenskapene som er viktige for deg, er definitivt et godt valg. Det er likevel noen ekstra aspekter som kan gj\u00f8re et godt produsentvalg til det beste valget.<\/p>\n<ul>\n<li>Mulighet for \u00e5 bes\u00f8ke en allerede bygget prefabrikkert modell: Noen selskaper som f.eks. <a href=\"https:\/\/staging.spassio.com\/manufacturer\/suuna\/\">\u0160uuna<\/a> tilbyr denne ekstra kundeservicen for \u00e5 hjelpe deg med \u00e5 f\u00e5 en klar forst\u00e5else av hvordan det ferdige rommet ser ut.<\/li>\n<li>Eksepsjonelle garantiordninger og vedlikeholdstjenester: Alle ferdighusprodusenter tilbyr en eller annen form for produktgaranti, selv om retningslinjene varierer enormt. Varigheten av denne perioden er forskjellig for ulike deler av huset, og konstruksjonen er alltid den lengste. Se etter produsenter med bedre dekning som tilbyr vedlikeholds- og reparasjonstjenester, ikke bare i garantiperioden, men ogs\u00e5 etter at den er utl\u00f8pt.<\/li>\n<li>Lang erfaring i bransjen: Selv om lang fartstid ikke n\u00f8dvendigvis er et bevis p\u00e5 dyktighet, er sannsynligheten for \u00e5 st\u00f8te p\u00e5 uventede problemer under byggingen av ditt nye hus mindre jo flere prosjekter et firma har levert.<\/li>\n<li>Godt omd\u00f8mme: En av de mest nyttige m\u00e5tene \u00e5 finne ut om du velger en anerkjent produsent p\u00e5, er \u00e5 lese tidligere kunders vurderinger. Noen selskaper, som f.eks. <a href=\"https:\/\/staging.spassio.com\/manufacturer\/brette-haus\/\">Brette Haus<\/a> og <a href=\"https:\/\/staging.spassio.com\/manufacturer\/nomad-container\/\">Nomad Container<\/a> har blitt bel\u00f8nnet eller anerkjent av ulike medier, noe som kan v\u00e6re et tegn p\u00e5 p\u00e5litelighet.<\/li>\n<\/ul>\n","protected":false},"excerpt":{"rendered":"<p>Prosessen med \u00e5 velge riktig ferdighusprodusent for ditt prosjekt starter med \u00e5 sammenligne ulike selskaper og vurdere hvilke som kan levere det huset du er ute etter. Siden ferdighusene bygges etter en sv\u00e6rt mekanisert prosess, er huset designet med tanke p\u00e5 produksjon. N\u00e5r du velger et ferdighusfirma, velger du derfor et komplett team av arkitekter, [&hellip;]<\/p>\n","protected":false},"author":194,"featured_media":77840,"parent":0,"menu_order":0,"comment_status":"closed","ping_status":"closed","template":"","meta":{"content-type":"","_FSMCFIC_featured_image_caption":"","_FSMCFIC_featured_image_nocaption":"","_FSMCFIC_featured_image_hide":"","footnotes":""},"class_list":["post-77838","page","type-page","status-publish","has-post-thumbnail","hentry"],"_wp_attached_file":null,"_wp_attachment_metadata":null,"_wp_attachment_backup_sizes":null,"siteground_optimizer_webp_conversion_attempts":null,"siteground_optimizer_is_converted_to_webp":null,"siteground_optimizer_optimization_attempts":null,"siteground_optimizer_optimization_failed":null,"wpml_media_processed":null,"_wp_attachment_image_alt":null,"siteground_optimizer_is_optimized":null,"siteground_optimizer_webp_conversion_failed":null,"_elementor_source_image_hash":null,"siteground_optimizer_compression_level":null,"_elementor_inline_svg":null,"_imagify_optimization_level":null,"_imagify_status":null,"_imagify_data":null,"siteground_optimizer_original_filesize":null,"wpse_external_file_url":null,"fave_currency":null,"fave_currency_info":null,"fave_property_id":null,"fave_property_map":null,"fave_property_location":null,"houzez_geolocation_lat":null,"houzez_geolocation_long":null,"fave_property_map_street_view":null,"fave_featured":null,"fave_loggedintoview":null,"fave_agent_display_option":null,"fave_prop_homeslider":null,"fave_single_top_area":null,"fave_single_content_area":null,"_yoast_wpseo_primary_property_type":null,"_yoast_wpseo_primary_property_feature":null,"_yoast_wpseo_primary_property_label":null,"_yoast_wpseo_primary_property_country":null,"houzez_manual_expire":null,"_houzez_expiration_date_status":null,"houzez_total_property_views":null,"houzez_views_by_date":null,"houzez_recently_viewed":null,"fave_property_price":null,"fave_property_price_prefix":null,"fave_property_size":null,"fave_property_bathrooms":null,"fave_property_garage":null,"fave_levels":null,"fave_roof-type":null,"fave_construction-type":null,"fave_video_url":null,"fave_video_image":null,"fave_payment_status":null,"fave_property_agency":null,"fave_countries":null,"fave_sleeps":null,"_yoast_wpseo_primary_property_status":null,"fave_property_images":null,"fave_attachments":null,"technical_description":null,"houzez_featured_listing_date":null,"fave_property_size_prefix":null,"fave_property_bedrooms":null,"fave_property_price_postfix":null,"fave_production-time-in-weeks":null,"fave_building-time-in-days":null,"fave_window-glazing":null,"_yoast_wpseo_primary_feature-2":null,"_yoast_wpseo_primary_feature-3":null,"fave_warranty-in-years":null,"fave_property_land":null,"fave_property_land_postfix":null,"wpsebeba57d406-00de-d339-8c02-3956a916f506":null,"_oembed_eefb35903900c5c166d55ccf7fc62a8a":null,"_oembed_30948e80c1a853da0b519e72c40d2e13":null,"_oembed_0b78a31d7c7e6041adc064d46c40f98b":null,"_oembed_42c2c13b5902a21593b1d521556aea88":null,"_oembed_4fb58e495f37e206f97738a42dbe566f":null,"_oembed_b2828bee61bd9076cd21ece641de7abc":null,"_oembed_0c92428c960763e658977ce4918863f4":null,"_oembed_02b72dc3d26bdba6ff900a268ade2517":null,"_oembed_8c819834f7fc0b74364aa34a8193f46f":null,"_oembed_088962b77808b37d57abe5c8143f9652":null,"_oembed_dfae0e674c59ba061a82b330fc7fdea0":null,"_oembed_74e5075f66c4cd04b0e118feb24f6636":null,"fave_mortgage_cal":null,"_air_wp_sync_record_id":null,"_air_wp_sync_hash":null,"_air_wp_sync_importer_id":null,"_air_wp_sync_updated_at":null,"external_listing_link":null,"fave_property_map_address":null,"fave_multi_units_ids":null,"$wpml_language$":null,"fave_virtual_tour":null,"fave_gross-external-area":null,"_houzez_expiration_date":null,"_houzez_expiration_date_options":null,"floor_plans":null,"_oembed_a17db82fa378d53b4dc6ed46e5344499":null,"_oembed_da390569a339f4d7147d95cfb8c04c12":null,"_oembed_6a3eda5947bcc098660397ca8e21a941":null,"fave_roof-angle":null,"fave_seo-content":null,"_oembed_a7b8941eeee966e7350aede20b4d62be":null,"_oembed_time_a7b8941eeee966e7350aede20b4d62be":null,"additional_features":null,"fave_multi_units":null,"_oembed_716f56b62500685a7dd15ea2ec7579bd":null,"_oembed_time_716f56b62500685a7dd15ea2ec7579bd":null,"_oembed_8ececd3dd2598a4aedb5dfc82df2a0f6":null,"_oembed_time_8ececd3dd2598a4aedb5dfc82df2a0f6":null,"_oembed_4cef7884ea6ef16d48cd8675b12e440d":null,"fave_property_garage_size":null,"_oembed_5c1eaf7b40f4e3a3089b38beb88ba480":null,"fave_property_zip":null,"_oembed_ccdd6e0304386ece64b3b91f572b0be4":null,"_oembed_ae30d19e3e861b389146a1ccc2828104":null,"fave_property_rooms":null,"fave_property_year":null,"two_page_speed":null,"fave_year_established":null,"Status":null,"_oembed_5b2d8d2cf33b469c98e488ea5b118c30":null,"WPML Language Code":null,"_links":{"self":[{"href":"https:\/\/staging.spassio.com\/no\/wp-json\/wp\/v2\/pages\/77838","targetHints":{"allow":["GET"]}}],"collection":[{"href":"https:\/\/staging.spassio.com\/no\/wp-json\/wp\/v2\/pages"}],"about":[{"href":"https:\/\/staging.spassio.com\/no\/wp-json\/wp\/v2\/types\/page"}],"author":[{"embeddable":true,"href":"https:\/\/staging.spassio.com\/no\/wp-json\/wp\/v2\/users\/194"}],"replies":[{"embeddable":true,"href":"https:\/\/staging.spassio.com\/no\/wp-json\/wp\/v2\/comments?post=77838"}],"version-history":[{"count":0,"href":"https:\/\/staging.spassio.com\/no\/wp-json\/wp\/v2\/pages\/77838\/revisions"}],"wp:featuredmedia":[{"embeddable":true,"href":"https:\/\/staging.spassio.com\/no\/wp-json\/wp\/v2\/media\/77840"}],"wp:attachment":[{"href":"https:\/\/staging.spassio.com\/no\/wp-json\/wp\/v2\/media?parent=77838"}],"curies":[{"name":"wp","href":"https:\/\/api.w.org\/{rel}","templated":true}]}}