{"id":77848,"date":"2023-02-19T17:06:24","date_gmt":"2023-02-19T16:06:24","guid":{"rendered":"https:\/\/staging.spassio.com\/?page_id=77848"},"modified":"2024-10-23T13:46:52","modified_gmt":"2024-10-23T12:46:52","slug":"nokkelferdig-ferdighus","status":"publish","type":"page","link":"https:\/\/staging.spassio.com\/no\/nokkelferdig-ferdighus\/","title":{"rendered":"Hva er et n\u00f8kkelferdig ferdighus?"},"content":{"rendered":"<p>Et <strong>n\u00f8kkelferdig ferd<\/strong> ighus defineres som et hus som leveres helt ferdig og klart til bruk. Begrepet n\u00f8kkelferdig f\u00f8rer imidlertid ofte til forvirring, ettersom forst\u00e5elsen av et n\u00f8kkelferdig hus varierer enormt fra produsent til produsent.<\/p>\n<p>Hovedgrunnen til at produsentene tilbyr en n\u00f8kkelferdig leveranse er \u00e5 forenkle kj\u00f8ps- og byggeprosessen for kunden, og selv om varene eller tjenestene de velger \u00e5 utvide med varierer fra selskap til selskap, er det en grunnpakke som alltid kan forventes, selv om den ser litt annerledes ut.<\/p>\n<h2>Hva kan du forvente av et n\u00f8kkelferdig ferdighus?<\/h2>\n<p>Til tross for de ulike tolkningene av begrepet n\u00f8kkelferdig, kan du alltid forvente at et n\u00f8kkelferdig ferdighus er utstyrt p\u00e5 en slik m\u00e5te at det ikke er behov for noe byggearbeid n\u00e5r huset leveres til deg.<\/p>\n<h3>Den n\u00f8kkelferdige grunnpakken<\/h3>\n<p>Pakken som tilbys er unik og forskjellig fra produsent til produsent, men det er likevel noen elementer som er konstante og som alltid kan forventes blant alle n\u00f8kkelferdige ferdighus. Elementene som er oppf\u00f8rt nedenfor, garanterer at huset er ferdig og uten behov for ytterligere byggearbeid. Derfor er disse alltid inkludert i et n\u00f8kkelferdig ferdighus.<\/p>\n<ul>\n<li><strong>Inventar<\/strong>: Inventar er m\u00f8bler som er integrert i husets konstruksjon og som ikke kan flyttes fritt. Alle n\u00f8kkelferdige ferdighus inkluderer som et minimum baderoms- og kj\u00f8kkenskap og benkeplater.<\/li>\n<li><strong>Innvendige overflater<\/strong>: Du kan forvente at gulvene har perfekt finish med enten fliser eller tregulv, avhengig av materialvalg. Veggene leveres ogs\u00e5 helt ferdige med alle n\u00f8dvendige brytere og stikkontakter installert. Det er imidlertid ikke alle n\u00f8kkelferdige ferdighus som leveres med malte innvendige vegger.<\/li>\n<li><strong>Utvendig finish<\/strong>: Et n\u00f8kkelferdig ferdighus ser helt ferdig ut utvendig, med alle n\u00f8dvendige kledninger, takstein, d\u00f8rer og vinduer.<\/li>\n<li><strong>Elektriske installasjoner og r\u00f8rleggerarbeid<\/strong>: Absolutt alle n\u00f8kkelferdige ferdighus leveres med alle n\u00f8dvendige elektro- og VVS-arbeider ferdig utf\u00f8rt. Huset er alltid perfekt kablet, med gassr\u00f8r om n\u00f8dvendig og alle r\u00f8rf\u00f8ringer, samt sanit\u00e6rutstyr som vask, toalett og dusj installert og klart til bruk.<\/li>\n<li><strong>Belysning og lamper<\/strong>: Selv om du ikke kan forvente at huset har frittst\u00e5ende omgivelses- eller fokuslamper, er generell belysning alltid inkludert, ettersom den leveres av LED-lampearmaturer som er integrert i taket eller veggene.<\/li>\n<\/ul>\n<h3>Hovedtjenester som vanligvis er inkludert i et n\u00f8kkelferdig ferdighus<\/h3>\n<p>Med n\u00f8kkelferdig menes som regel hvilke byggeelementer og utf\u00f8relser som inng\u00e5r i huset. Det er imidlertid vanlig at <a href=\"https:\/\/staging.spassio.com\/manufacturers\/\">produsentene<\/a> ogs\u00e5 inkluderer noen tjenester som bidrar til en stressfri byggeprosess.<\/p>\n<p>Siden begrepet prefabrikkerte hus omfatter en rekke ulike konstruksjonstyper, kan tjenestene som trengs for \u00e5 fullf\u00f8re byggeprosessen variere. Tjenestene som inng\u00e5r i s\u00e5 godt som alle n\u00f8kkelferdige ferdighus er likevel f\u00f8lgende:<\/p>\n<ul>\n<li><strong>Mulighetsstudie<\/strong>: Dette er en vanlig tjeneste som tilbys av produsenten for \u00e5 identifisere eventuelle begrensninger p\u00e5 eiendommen din som kan forstyrre leveransen eller installasjonen av huset.<\/li>\n<li><strong>Design<\/strong> av hus: Alle produsenter har et designteam som hjelper deg med \u00e5 tilpasse huset ditt, uansett om du velger en forh\u00e5ndsdesignet modell eller et skreddersydd design. Denne tjenesten tilbys av designere og\/eller arkitekter som hjelper deg med \u00e5 tilpasse husets design til dine behov og din personlige stil.<\/li>\n<li>Produksjon <strong>utenfor byggeplassen<\/strong>: Det er ingen tvil om at alle produsenter vil bygge huset utenfor byggeplassen i et fabrikklignende milj\u00f8. Det leverte produktet omfatter alltid minst den minste n\u00f8kkelferdige pakken.<\/li>\n<li><strong>Transport<\/strong>: N\u00f8kkelferdige ferdighus leveres som oftest av produsenten uavhengig av transportavstand. Transportkostnadene beregnes imidlertid separat.<\/li>\n<li><strong>Montering og ferdigstillelse p\u00e5 byggeplassen<\/strong>: I de fleste tilfeller monterer produsenten huset n\u00e5r det er p\u00e5 plass. De ferdighusene som krever en grundigere montering, for eksempel <a href=\"https:\/\/staging.spassio.com\/categories\/panel-built-houses\/\">panelbygg<\/a> eller modulprosjekter, trenger en del etterarbeid som ogs\u00e5 leveres av produsenten.<\/li>\n<\/ul>\n<h2>Hva \u00f8nsker du at den n\u00f8kkelferdige prefabrikken skal inneholde?<\/h2>\n<p>Selv om alle <strong>n\u00f8kkelferdige produsenter<\/strong> leverer sine ferdighus med grunnpakke og tjenester, ser dette tilbudet ganske forskjellig ut fra selskap til selskap. Nedenfor har vi listet opp noen av de st\u00f8rste selskapene som tilbyr n\u00f8kkelferdige tjenester i Europa og Storbritannia, slik at du kan danne deg et bilde av hvordan n\u00f8kkelferdige tjenester ser ut for dem alle.<\/p>\n<p><strong>Passion Smart Houses<\/strong><\/p>\n<figure id=\"attachment_33964\" aria-describedby=\"caption-attachment-33964\" style=\"width: 800px\" class=\"wp-caption alignnone\"><img fetchpriority=\"high\" decoding=\"async\" class=\"wp-image-33964 size-full\" src=\"https:\/\/staging.spassio.com\/wp-content\/uploads\/2023\/02\/passion-houses-turnkey-prefab.jpg\" alt=\"n\u00f8kkelferdig ferdighus\" width=\"800\" height=\"536\" srcset=\"https:\/\/staging.spassio.com\/wp-content\/uploads\/2023\/02\/passion-houses-turnkey-prefab.jpg 800w, https:\/\/staging.spassio.com\/wp-content\/uploads\/2023\/02\/passion-houses-turnkey-prefab-300x201.jpg 300w, https:\/\/staging.spassio.com\/wp-content\/uploads\/2023\/02\/passion-houses-turnkey-prefab-768x515.jpg 768w, https:\/\/staging.spassio.com\/wp-content\/uploads\/2023\/02\/passion-houses-turnkey-prefab-496x332.jpg 496w\" sizes=\"(max-width: 800px) 100vw, 800px\" \/><figcaption id=\"caption-attachment-33964\" class=\"wp-caption-text\"><a href=\"https:\/\/staging.spassio.com\/manufacturer\/wamp-group\/\">Passion Smart Houses<\/a> er basert i Estland og optimaliserer sin <strong>n\u00f8kkelferdige grunnpakke<\/strong> i henhold til energieffektivitetsstandarder. For \u00e5 oppn\u00e5 dette bruker den f\u00f8rsteklasses materialer, vinduer med tredobbelt glass og nordisk isolasjon. I tillegg til de grunnleggende n\u00f8kkelferdige elementene inkluderer denne produsenten et komplett HVAC-system med den fordelen at det kan kobles til solcellepaneler i fremtiden om \u00f8nskelig.<\/figcaption><\/figure>\n<p>&nbsp;<\/p>\n<p><strong>Klein Haus<\/strong><\/p>\n<figure id=\"attachment_33965\" aria-describedby=\"caption-attachment-33965\" style=\"width: 800px\" class=\"wp-caption alignnone\"><img decoding=\"async\" class=\"wp-image-33965 size-full\" src=\"https:\/\/staging.spassio.com\/wp-content\/uploads\/2023\/02\/klein-house-turnkey-prefab.jpg\" alt=\"\" width=\"800\" height=\"600\" srcset=\"https:\/\/staging.spassio.com\/wp-content\/uploads\/2023\/02\/klein-house-turnkey-prefab.jpg 800w, https:\/\/staging.spassio.com\/wp-content\/uploads\/2023\/02\/klein-house-turnkey-prefab-300x225.jpg 300w, https:\/\/staging.spassio.com\/wp-content\/uploads\/2023\/02\/klein-house-turnkey-prefab-768x576.jpg 768w, https:\/\/staging.spassio.com\/wp-content\/uploads\/2023\/02\/klein-house-turnkey-prefab-592x444.jpg 592w, https:\/\/staging.spassio.com\/wp-content\/uploads\/2023\/02\/klein-house-turnkey-prefab-584x438.jpg 584w, https:\/\/staging.spassio.com\/wp-content\/uploads\/2023\/02\/klein-house-turnkey-prefab-120x90.jpg 120w, https:\/\/staging.spassio.com\/wp-content\/uploads\/2023\/02\/klein-house-turnkey-prefab-496x372.jpg 496w\" sizes=\"(max-width: 800px) 100vw, 800px\" \/><figcaption id=\"caption-attachment-33965\" class=\"wp-caption-text\">Hovedm\u00e5let til det nederlandske selskapet <a href=\"https:\/\/staging.spassio.com\/manufacturer\/kleinhaus\/\">Klein Haus<\/a> er \u00e5 tilby et utvalg av moderne ferdighus til en rimelig pris og klare til montering. Derfor utvider de tilbudet av n\u00f8kkelferdige tjenester og inkluderer alt arbeidet med \u00e5 installere fundamentene. I tillegg er huset fullt m\u00f8blert og utstyrt med varmesystem, slik at kunden kan flytte inn n\u00e5r det er ferdig installert.<\/figcaption><\/figure>\n<p>&nbsp;<\/p>\n<p><strong>Brette Haus<\/strong><\/p>\n<figure id=\"attachment_33966\" aria-describedby=\"caption-attachment-33966\" style=\"width: 800px\" class=\"wp-caption alignnone\"><img decoding=\"async\" class=\"wp-image-33966 size-full\" src=\"https:\/\/staging.spassio.com\/wp-content\/uploads\/2023\/02\/brette-haus-turnkey-prefab.jpg\" alt=\"\" width=\"800\" height=\"528\" srcset=\"https:\/\/staging.spassio.com\/wp-content\/uploads\/2023\/02\/brette-haus-turnkey-prefab.jpg 800w, https:\/\/staging.spassio.com\/wp-content\/uploads\/2023\/02\/brette-haus-turnkey-prefab-300x198.jpg 300w, https:\/\/staging.spassio.com\/wp-content\/uploads\/2023\/02\/brette-haus-turnkey-prefab-768x507.jpg 768w, https:\/\/staging.spassio.com\/wp-content\/uploads\/2023\/02\/brette-haus-turnkey-prefab-496x327.jpg 496w\" sizes=\"(max-width: 800px) 100vw, 800px\" \/><figcaption id=\"caption-attachment-33966\" class=\"wp-caption-text\"><a href=\"https:\/\/staging.spassio.com\/manufacturer\/brette-haus\/\">Brette Haus<\/a> er en unik latvisk produsent som blant annet tilbyr sammenleggbare ferdighus. At de er sammenleggbare, er imidlertid mer enn bare et s\u00e6rtrekk, for disse designene skal v\u00e6re enkle og raske \u00e5 sette sammen. For \u00e5 forsterke disse egenskapene tilbyr Brette House muligheten til \u00e5 kj\u00f8pe et <strong>n\u00f8kkelferdig hus<\/strong> som leveres ferdig m\u00f8blert.<\/figcaption><\/figure>\n<p>&nbsp;<\/p>\n<p><strong>Wee House<\/strong><\/p>\n<figure id=\"attachment_33967\" aria-describedby=\"caption-attachment-33967\" style=\"width: 800px\" class=\"wp-caption alignnone\"><img loading=\"lazy\" decoding=\"async\" class=\"wp-image-33967 size-full\" src=\"https:\/\/staging.spassio.com\/wp-content\/uploads\/2023\/02\/wee-house-turnkey-prefab.jpg\" alt=\"\" width=\"800\" height=\"532\" srcset=\"https:\/\/staging.spassio.com\/wp-content\/uploads\/2023\/02\/wee-house-turnkey-prefab.jpg 800w, https:\/\/staging.spassio.com\/wp-content\/uploads\/2023\/02\/wee-house-turnkey-prefab-300x200.jpg 300w, https:\/\/staging.spassio.com\/wp-content\/uploads\/2023\/02\/wee-house-turnkey-prefab-768x511.jpg 768w, https:\/\/staging.spassio.com\/wp-content\/uploads\/2023\/02\/wee-house-turnkey-prefab-496x330.jpg 496w\" sizes=\"(max-width: 800px) 100vw, 800px\" \/><figcaption id=\"caption-attachment-33967\" class=\"wp-caption-text\">The <a href=\"https:\/\/staging.spassio.com\/manufacturer\/the-wee-house-company\/\">Wee House<\/a> designer sjarmerende, tradisjonelle hus og leverer dem til deg uten stress. De tilbyr en rekke tilleggstjenester for kunder p\u00e5 det britiske fastlandet, for eksempel \u00e5 s\u00f8ke om byggetillatelse p\u00e5 dine vegne eller ta seg av de n\u00f8dvendige arbeidene p\u00e5 stedet. I tillegg til den omfattende servicepakken inkluderer disse husene ogs\u00e5 varmesystemer og hvitevarer som alle er smart utformet for \u00e5 redusere str\u00f8mregningen.<\/figcaption><\/figure>\n<p>&nbsp;<\/p>\n<p><strong>Nomad Container<\/strong><\/p>\n<figure id=\"attachment_33968\" aria-describedby=\"caption-attachment-33968\" style=\"width: 800px\" class=\"wp-caption alignnone\"><img loading=\"lazy\" decoding=\"async\" class=\"wp-image-33968 size-full\" src=\"https:\/\/staging.spassio.com\/wp-content\/uploads\/2023\/02\/nomad-container-turnkey-prefab.jpg\" alt=\"\" width=\"800\" height=\"449\" srcset=\"https:\/\/staging.spassio.com\/wp-content\/uploads\/2023\/02\/nomad-container-turnkey-prefab.jpg 800w, https:\/\/staging.spassio.com\/wp-content\/uploads\/2023\/02\/nomad-container-turnkey-prefab-300x168.jpg 300w, https:\/\/staging.spassio.com\/wp-content\/uploads\/2023\/02\/nomad-container-turnkey-prefab-768x431.jpg 768w, https:\/\/staging.spassio.com\/wp-content\/uploads\/2023\/02\/nomad-container-turnkey-prefab-496x278.jpg 496w\" sizes=\"(max-width: 800px) 100vw, 800px\" \/><figcaption id=\"caption-attachment-33968\" class=\"wp-caption-text\"><a href=\"https:\/\/staging.spassio.com\/manufacturer\/nomad-container\/\">Nomad Container<\/a> er en produsent med base i Romania som tilbyr n\u00f8kkelferdige leveringsalternativer som en l\u00f8sning som hjelper deg med \u00e5 optimalisere kostnadene for huset. Deres <strong>n\u00f8kkelferdige ferdighus<\/strong> er basert p\u00e5 en grunnpakke og tjenester, men de tilbyr en h\u00f8y grad av skredders\u00f8m for \u00e5 sikre at det tilpasses dine behov.<\/figcaption><\/figure>\n<p><strong>Tini Living<\/strong><\/p>\n<figure id=\"attachment_33969\" aria-describedby=\"caption-attachment-33969\" style=\"width: 800px\" class=\"wp-caption alignnone\"><img loading=\"lazy\" decoding=\"async\" class=\"wp-image-33969 size-full\" src=\"https:\/\/staging.spassio.com\/wp-content\/uploads\/2023\/02\/tini-living-turnkey-prefab.jpg\" alt=\"\" width=\"800\" height=\"532\" srcset=\"https:\/\/staging.spassio.com\/wp-content\/uploads\/2023\/02\/tini-living-turnkey-prefab.jpg 800w, https:\/\/staging.spassio.com\/wp-content\/uploads\/2023\/02\/tini-living-turnkey-prefab-300x200.jpg 300w, https:\/\/staging.spassio.com\/wp-content\/uploads\/2023\/02\/tini-living-turnkey-prefab-768x511.jpg 768w, https:\/\/staging.spassio.com\/wp-content\/uploads\/2023\/02\/tini-living-turnkey-prefab-496x330.jpg 496w\" sizes=\"(max-width: 800px) 100vw, 800px\" \/><figcaption id=\"caption-attachment-33969\" class=\"wp-caption-text\"><a href=\"https:\/\/staging.spassio.com\/manufacturer\/tini-living\/\">Tini Living<\/a> tilbyr en sv\u00e6rt komplett n\u00f8kkelferdig leveranse som inkluderer noen m\u00f8bler, for eksempel sengerammen med tilh\u00f8rende nattbord for et komplett soverom. Andre tilleggselementer, som et integrert kj\u00f8leskap eller varme- og kj\u00f8lesystemer, er ogs\u00e5 en del av den gener\u00f8se pakken. Det som likevel gj\u00f8r at dette selskapets n\u00f8kkelferdige ferdighus skiller seg ut, er den ekstra solcelleinstallasjonen. Tilleggstjenester, som for eksempel bygging av fundamenter p\u00e5 stedet, er ogs\u00e5 tilgjengelig for kunder i Madrid.<\/figcaption><\/figure>\n<p>&nbsp;<\/p>\n<p><strong>Eestihouse<\/strong><\/p>\n<figure id=\"attachment_33971\" aria-describedby=\"caption-attachment-33971\" style=\"width: 800px\" class=\"wp-caption alignnone\"><img loading=\"lazy\" decoding=\"async\" class=\"wp-image-33971 size-full\" src=\"https:\/\/staging.spassio.com\/wp-content\/uploads\/2023\/02\/eestihouse-turnkey-prefab.jpg\" alt=\"\" width=\"800\" height=\"453\" srcset=\"https:\/\/staging.spassio.com\/wp-content\/uploads\/2023\/02\/eestihouse-turnkey-prefab.jpg 800w, https:\/\/staging.spassio.com\/wp-content\/uploads\/2023\/02\/eestihouse-turnkey-prefab-300x170.jpg 300w, https:\/\/staging.spassio.com\/wp-content\/uploads\/2023\/02\/eestihouse-turnkey-prefab-768x435.jpg 768w, https:\/\/staging.spassio.com\/wp-content\/uploads\/2023\/02\/eestihouse-turnkey-prefab-496x281.jpg 496w\" sizes=\"(max-width: 800px) 100vw, 800px\" \/><figcaption id=\"caption-attachment-33971\" class=\"wp-caption-text\">Dette estiske selskapet <a href=\"https:\/\/staging.spassio.com\/manufacturer\/eestihouse\/\">Eestihouse<\/a> har utformet sin n\u00f8kkelferdige pakke som en l\u00f8sning som sparer deg for tid og penger. Husene deres er spesielt tenkt som et tilfluktssted eller en investering i turistutleie som kan installeres raskt, enkelt og til en lav kostnad. Derfor inkluderer den n\u00f8kkelferdige pakken deres et helt ferdig hus med noen m\u00f8bler, som f.eks. sengerammen.<\/figcaption><\/figure>\n<p>&nbsp;<\/p>\n<p><strong>Legg til et rom<\/strong><\/p>\n<figure id=\"attachment_33973\" aria-describedby=\"caption-attachment-33973\" style=\"width: 800px\" class=\"wp-caption alignnone\"><img loading=\"lazy\" decoding=\"async\" class=\"wp-image-33973 size-full\" src=\"https:\/\/staging.spassio.com\/wp-content\/uploads\/2023\/02\/addaroom-turnkey-prefab.jpg\" alt=\"\" width=\"800\" height=\"421\" srcset=\"https:\/\/staging.spassio.com\/wp-content\/uploads\/2023\/02\/addaroom-turnkey-prefab.jpg 800w, https:\/\/staging.spassio.com\/wp-content\/uploads\/2023\/02\/addaroom-turnkey-prefab-300x158.jpg 300w, https:\/\/staging.spassio.com\/wp-content\/uploads\/2023\/02\/addaroom-turnkey-prefab-768x404.jpg 768w, https:\/\/staging.spassio.com\/wp-content\/uploads\/2023\/02\/addaroom-turnkey-prefab-496x261.jpg 496w\" sizes=\"(max-width: 800px) 100vw, 800px\" \/><figcaption id=\"caption-attachment-33973\" class=\"wp-caption-text\"><a href=\"https:\/\/staging.spassio.com\/manufacturer\/add-a-room-as\/\">Add a Room<\/a> er en dansk produsent som tilbyr n\u00f8kkelferdige tilvalg som en l\u00f8sning for \u00e5 forenkle husbyggingsprosessen. For \u00e5 gj\u00f8re dette f\u00f8lger de kundene sine gjennom hele prosessen, fra de begynner \u00e5 tegne huset til det leveres. De tar seg av s\u00f8knaden om byggetillatelse for deg og hjelper deg med \u00e5 koordinere de ulike fagpersonene p\u00e5 stedet.<\/figcaption><\/figure>\n","protected":false},"excerpt":{"rendered":"<p>Et n\u00f8kkelferdig ferd ighus defineres som et hus som leveres helt ferdig og klart til bruk. Begrepet n\u00f8kkelferdig f\u00f8rer imidlertid ofte til forvirring, ettersom forst\u00e5elsen av et n\u00f8kkelferdig hus varierer enormt fra produsent til produsent. Hovedgrunnen til at produsentene tilbyr en n\u00f8kkelferdig leveranse er \u00e5 forenkle kj\u00f8ps- og byggeprosessen for kunden, og selv om varene [&hellip;]<\/p>\n","protected":false},"author":194,"featured_media":77850,"parent":0,"menu_order":0,"comment_status":"closed","ping_status":"closed","template":"","meta":{"content-type":"","_FSMCFIC_featured_image_caption":"","_FSMCFIC_featured_image_nocaption":"","_FSMCFIC_featured_image_hide":"","footnotes":""},"class_list":["post-77848","page","type-page","status-publish","has-post-thumbnail","hentry"],"_wp_attached_file":null,"_wp_attachment_metadata":null,"_wp_attachment_backup_sizes":null,"siteground_optimizer_webp_conversion_attempts":null,"siteground_optimizer_is_converted_to_webp":null,"siteground_optimizer_optimization_attempts":null,"siteground_optimizer_optimization_failed":null,"wpml_media_processed":null,"_wp_attachment_image_alt":null,"siteground_optimizer_is_optimized":null,"siteground_optimizer_webp_conversion_failed":null,"_elementor_source_image_hash":null,"siteground_optimizer_compression_level":null,"_elementor_inline_svg":null,"_imagify_optimization_level":null,"_imagify_status":null,"_imagify_data":null,"siteground_optimizer_original_filesize":null,"wpse_external_file_url":null,"fave_currency":null,"fave_currency_info":null,"fave_property_id":null,"fave_property_map":null,"fave_property_location":null,"houzez_geolocation_lat":null,"houzez_geolocation_long":null,"fave_property_map_street_view":null,"fave_featured":null,"fave_loggedintoview":null,"fave_agent_display_option":null,"fave_prop_homeslider":null,"fave_single_top_area":null,"fave_single_content_area":null,"_yoast_wpseo_primary_property_type":null,"_yoast_wpseo_primary_property_feature":null,"_yoast_wpseo_primary_property_label":null,"_yoast_wpseo_primary_property_country":null,"houzez_manual_expire":null,"_houzez_expiration_date_status":null,"houzez_total_property_views":null,"houzez_views_by_date":null,"houzez_recently_viewed":null,"fave_property_price":null,"fave_property_price_prefix":null,"fave_property_size":null,"fave_property_bathrooms":null,"fave_property_garage":null,"fave_levels":null,"fave_roof-type":null,"fave_construction-type":null,"fave_video_url":null,"fave_video_image":null,"fave_payment_status":null,"fave_property_agency":null,"fave_countries":null,"fave_sleeps":null,"_yoast_wpseo_primary_property_status":null,"fave_property_images":null,"fave_attachments":null,"technical_description":null,"houzez_featured_listing_date":null,"fave_property_size_prefix":null,"fave_property_bedrooms":null,"fave_property_price_postfix":null,"fave_production-time-in-weeks":null,"fave_building-time-in-days":null,"fave_window-glazing":null,"_yoast_wpseo_primary_feature-2":null,"_yoast_wpseo_primary_feature-3":null,"fave_warranty-in-years":null,"fave_property_land":null,"fave_property_land_postfix":null,"wpsebeba57d406-00de-d339-8c02-3956a916f506":null,"_oembed_eefb35903900c5c166d55ccf7fc62a8a":null,"_oembed_30948e80c1a853da0b519e72c40d2e13":null,"_oembed_0b78a31d7c7e6041adc064d46c40f98b":null,"_oembed_42c2c13b5902a21593b1d521556aea88":null,"_oembed_4fb58e495f37e206f97738a42dbe566f":null,"_oembed_b2828bee61bd9076cd21ece641de7abc":null,"_oembed_0c92428c960763e658977ce4918863f4":null,"_oembed_02b72dc3d26bdba6ff900a268ade2517":null,"_oembed_8c819834f7fc0b74364aa34a8193f46f":null,"_oembed_088962b77808b37d57abe5c8143f9652":null,"_oembed_dfae0e674c59ba061a82b330fc7fdea0":null,"_oembed_74e5075f66c4cd04b0e118feb24f6636":null,"fave_mortgage_cal":null,"_air_wp_sync_record_id":null,"_air_wp_sync_hash":null,"_air_wp_sync_importer_id":null,"_air_wp_sync_updated_at":null,"external_listing_link":null,"fave_property_map_address":null,"fave_multi_units_ids":null,"$wpml_language$":null,"fave_virtual_tour":null,"fave_gross-external-area":null,"_houzez_expiration_date":null,"_houzez_expiration_date_options":null,"floor_plans":null,"_oembed_a17db82fa378d53b4dc6ed46e5344499":null,"_oembed_da390569a339f4d7147d95cfb8c04c12":null,"_oembed_6a3eda5947bcc098660397ca8e21a941":null,"fave_roof-angle":null,"fave_seo-content":null,"_oembed_a7b8941eeee966e7350aede20b4d62be":null,"_oembed_time_a7b8941eeee966e7350aede20b4d62be":null,"additional_features":null,"fave_multi_units":null,"_oembed_716f56b62500685a7dd15ea2ec7579bd":null,"_oembed_time_716f56b62500685a7dd15ea2ec7579bd":null,"_oembed_8ececd3dd2598a4aedb5dfc82df2a0f6":null,"_oembed_time_8ececd3dd2598a4aedb5dfc82df2a0f6":null,"_oembed_4cef7884ea6ef16d48cd8675b12e440d":null,"fave_property_garage_size":null,"_oembed_5c1eaf7b40f4e3a3089b38beb88ba480":null,"fave_property_zip":null,"_oembed_ccdd6e0304386ece64b3b91f572b0be4":null,"_oembed_ae30d19e3e861b389146a1ccc2828104":null,"fave_property_rooms":null,"fave_property_year":null,"two_page_speed":null,"fave_year_established":null,"Status":null,"_oembed_5b2d8d2cf33b469c98e488ea5b118c30":null,"WPML Language Code":null,"_links":{"self":[{"href":"https:\/\/staging.spassio.com\/no\/wp-json\/wp\/v2\/pages\/77848","targetHints":{"allow":["GET"]}}],"collection":[{"href":"https:\/\/staging.spassio.com\/no\/wp-json\/wp\/v2\/pages"}],"about":[{"href":"https:\/\/staging.spassio.com\/no\/wp-json\/wp\/v2\/types\/page"}],"author":[{"embeddable":true,"href":"https:\/\/staging.spassio.com\/no\/wp-json\/wp\/v2\/users\/194"}],"replies":[{"embeddable":true,"href":"https:\/\/staging.spassio.com\/no\/wp-json\/wp\/v2\/comments?post=77848"}],"version-history":[{"count":0,"href":"https:\/\/staging.spassio.com\/no\/wp-json\/wp\/v2\/pages\/77848\/revisions"}],"wp:featuredmedia":[{"embeddable":true,"href":"https:\/\/staging.spassio.com\/no\/wp-json\/wp\/v2\/media\/77850"}],"wp:attachment":[{"href":"https:\/\/staging.spassio.com\/no\/wp-json\/wp\/v2\/media?parent=77848"}],"curies":[{"name":"wp","href":"https:\/\/api.w.org\/{rel}","templated":true}]}}