{"id":77853,"date":"2023-02-19T17:57:05","date_gmt":"2023-02-19T16:57:05","guid":{"rendered":"https:\/\/staging.spassio.com\/?page_id=77853"},"modified":"2024-04-22T13:26:07","modified_gmt":"2024-04-22T12:26:07","slug":"bygge-hus-ferdighuskonstruksjon","status":"publish","type":"page","link":"https:\/\/staging.spassio.com\/no\/bygge-hus-ferdighuskonstruksjon\/","title":{"rendered":"Slik bygger du ditt eget hus med ferdighuskonstruksjon"},"content":{"rendered":"<p>\u00c5 bygge sitt eget hus krever grundig planlegging og en god forst\u00e5else av de ulike byggetrinnene. N\u00e5r du velger \u00e5 bygge huset ditt med prefabrikkerte teknikker, forenkler du logistikken betraktelig, ettersom det meste av byggearbeidet utf\u00f8res med en sv\u00e6rt industrialisert metode.<\/p>\n<p>Byggeprosessen kan se litt forskjellig ut avhengig av hvor du befinner deg og hva slags prosjekt du skal gjennomf\u00f8re, men alle ferdighus f\u00f8lger noen generelle retningslinjer. N\u00e5r du forst\u00e5r denne fremgangsm\u00e5ten, vet du hva som kreves p\u00e5 hvert trinn og er rustet til \u00e5 ta de beslutningene som er best for prosjektet ditt, uten \u00e5 f\u00f8le deg overveldet av prosessen.<\/p>\n<h2>Begynn med \u00e5 definere prioriteringene dine for \u00e5 finne den beste prefabrikkerte modellen eller produsenten.<\/h2>\n<p>En av de viktigste avgj\u00f8relsene som m\u00e5 tas n\u00e5r du skal bygge ditt eget hus med prefabrikkerte metoder, er \u00e5 <strong>velge riktig produsent<\/strong>. P\u00e5 grunn av industrialiseringen av ferdighusbygging er produsentene ofte ganske spesialiserte, noe som begrenser utvalget av alternativer de kan tilby.<\/p>\n<p>Derfor er det viktig \u00e5 velge riktig produsent til byggeprosjektet ditt. Bruk litt tid p\u00e5 \u00e5 definere prioriteringene dine.<\/p>\n<ul>\n<li><strong>Bestem deg for om du foretrekker skredders\u00f8m eller ferd<\/strong>ighus: Hvis du f\u00f8ler deg mer komfortabel med \u00e5 velge dr\u00f8mmehuset ditt fra en katalog som viser de ulike tilgjengelige modellene, kan du starte prosessen med \u00e5 velge det best egnede ferdighuset. Hvis du derimot foretrekker \u00e5 bygge huset ditt fra bunnen av, begynner prosessen med \u00e5 velge produsent.<\/li>\n<li><strong>Spesifiser hvor mye plass du trenger<\/strong>: Antall personer som bor i huset eller hvilke aktiviteter som foreg\u00e5r innend\u00f8rs, er noen av de viktigste aspektene \u00e5 ta hensyn til. Bestem deg for hvor mange rom og bad du trenger for \u00e5 f\u00e5 plass til husholdningen din, slik at du enten kan finne de riktige forh\u00e5ndsdesignede modellene eller finne ut hvor stort det nydesignede huset ditt b\u00f8r v\u00e6re.<\/li>\n<li>Finn ut <strong>hvilken type hus du trenger<\/strong>: Ferdighus kommer i ulike former, st\u00f8rrelser og stiler; noen ser ut som tradisjonelle hus, mens andre er mindre, ikke-permanente boliger bygget p\u00e5 hjul. Finn ut hvilken hustype som passer best for deg og din livsstil. R\u00e5df\u00f8r deg ogs\u00e5 med de lokale planleggingsmyndighetene for \u00e5 f\u00e5 klarhet i hva slags type konstruksjon som kan bygges p\u00e5 tomten din, og hvilke byggeforskrifter du m\u00e5 forholde deg til.<\/li>\n<li><strong>Sett opp et budsjett<\/strong>: Det er viktig \u00e5 definere din \u00f8konomiske kapasitet og begrense budsjettet p\u00e5 forh\u00e5nd for \u00e5 unng\u00e5 ytterligere stress eller forsinkelser i fremtiden. \u00c5 etablere kontakt med en l\u00e5ngiver p\u00e5 dette tidspunktet kan v\u00e6re sv\u00e6rt nyttig for \u00e5 vite hvor mye penger du har til r\u00e5dighet. Med et budsjett i bakhodet b\u00f8r du se etter modeller eller produsenter som tilbyr byggekostnader innenfor din prisklasse.<\/li>\n<\/ul>\n<p>Med en god forst\u00e5else av dine preferanser og muligheter kan du velge riktig produsent som enten kan <a href=\"https:\/\/staging.spassio.com\/bespoke-vs-pre-designed-prefab-house-models\/\">bygge en forh\u00e5ndsdesignet modell<\/a> eller designe huset ditt fra bunnen av. Verkt\u00f8y som s\u00f8kefunksjonen i Spassio er et godt utgangspunkt.<\/p>\n<h2>1. F\u00e5 en landm\u00e5ling for \u00e5 definere den beste designtiln\u00e6rmingen.<\/h2>\n<p>Det er vanlig at produsentene tilbyr en mulighetsstudie i forkant av prosjekteringen for \u00e5 finne ut hvilken type hus de kan bygge p\u00e5 din tomt. For \u00e5 finne den beste m\u00e5ten \u00e5 utforme huset p\u00e5, og for \u00e5 redusere uventede ulemper under levering og montering, er det vanlig \u00e5 <strong>utf\u00f8re grunnunders\u00f8kelser, studier av adkomstveier eller til og med bioklimatiske analyser<\/strong>.<\/p>\n<p>I tillegg til disse tekniske aspektene b\u00f8r du ogs\u00e5 gj\u00f8re en personlig vurdering av eiendommen. Identifiser de synspunktene du \u00f8nsker at designet ditt skal ta hensyn til. F\u00e5 ogs\u00e5 en klar oppfatning av hvilke omr\u00e5der du helst vil unng\u00e5, for eksempel omr\u00e5der med d\u00e5rlig utsikt eller mye st\u00f8y.<\/p>\n<h2>2. Design dr\u00f8mmehuset ditt<\/h2>\n<figure id=\"attachment_33983\" aria-describedby=\"caption-attachment-33983\" style=\"width: 1024px\" class=\"wp-caption alignnone\"><img fetchpriority=\"high\" decoding=\"async\" class=\"wp-image-33983 size-full\" src=\"https:\/\/staging.spassio.com\/wp-content\/uploads\/2023\/02\/build-house-prefab-construction.jpg\" alt=\"Slik bygger du ditt eget hus med prefabrikkert konstruksjon\" width=\"1024\" height=\"768\" srcset=\"https:\/\/staging.spassio.com\/wp-content\/uploads\/2023\/02\/build-house-prefab-construction.jpg 1024w, https:\/\/staging.spassio.com\/wp-content\/uploads\/2023\/02\/build-house-prefab-construction-300x225.jpg 300w, https:\/\/staging.spassio.com\/wp-content\/uploads\/2023\/02\/build-house-prefab-construction-768x576.jpg 768w, https:\/\/staging.spassio.com\/wp-content\/uploads\/2023\/02\/build-house-prefab-construction-592x444.jpg 592w, https:\/\/staging.spassio.com\/wp-content\/uploads\/2023\/02\/build-house-prefab-construction-584x438.jpg 584w, https:\/\/staging.spassio.com\/wp-content\/uploads\/2023\/02\/build-house-prefab-construction-800x600.jpg 800w, https:\/\/staging.spassio.com\/wp-content\/uploads\/2023\/02\/build-house-prefab-construction-120x90.jpg 120w, https:\/\/staging.spassio.com\/wp-content\/uploads\/2023\/02\/build-house-prefab-construction-496x372.jpg 496w\" sizes=\"(max-width: 1024px) 100vw, 1024px\" \/><figcaption id=\"caption-attachment-33983\" class=\"wp-caption-text\"><a href=\"https:\/\/staging.spassio.com\/manufacturer\/nordcabin\/\">NordCabin<\/a><\/figcaption><\/figure>\n<p>Denne <strong>designprosessen<\/strong> ser litt forskjellig ut avhengig av om du tar utgangspunkt i en forh\u00e5ndsdesignet modell eller en skreddersydd prefab. Hvis du har valgt en allerede designet planl\u00f8sning, vil du i denne fasen g\u00e5 gjennom de ulike tilpasningsmulighetene som produsenten tilbyr, for \u00e5 finne ut hvilke som passer best for deg.<\/p>\n<p>Ved hjelp av informasjonen fra landm\u00e5lingen vil produsenten veilede deg om den mest hensiktsmessige plasseringen og orienteringen av huset, samt hvilke fundamenter som er mest hensiktsmessige for prosjektet ditt.<\/p>\n<p>Hvis du har valgt \u00e5 designe huset ditt fra bunnen av, samarbeider du i denne fasen med arkitektteamet til produsenten du har valgt for \u00e5 definere byggeplanene. De tar n\u00f8ye stilling til alle detaljer i huset ditt, fra form og st\u00f8rrelse til hvilke byggematerialer som skal brukes.<\/p>\n<p>Utnytt friheten du har til \u00e5 skape et hus som gj\u00f8r livet enkelt for deg. Gjenskap de vanligste scenene i hjemmet for \u00e5 finne ut hvor stort omr\u00e5de som er best egnet, eller hvor mye privatliv som er n\u00f8dvendig.<\/p>\n<h2>3. Forh\u00e5ndsbestill huset ditt og gj\u00f8r deg klar til \u00e5 begynne \u00e5 bygge.<\/h2>\n<p>N\u00e5r alle designdetaljer er bestemt, utarbeider produsenten en kontrakt som inneholder alle konstruksjonsdetaljer, leveringsplaner og garantibestemmelser. N\u00e5r du signerer dette dokumentet, blir du bedt om \u00e5 betale et depositum p\u00e5 mellom 10 % og 50 %, slik at produsenten kan starte byggearbeidene utenfor byggeplassen.<\/p>\n<p>Hvis du trenger finansiering, m\u00e5 du huske p\u00e5 at prefabrikkselskapene sannsynligvis kan hjelpe deg ved \u00e5 gi deg informasjon om de mest egnede bankene eller til og med tilby finansiering selv. <a href=\"https:\/\/staging.spassio.com\/manufacturer\/nomad-container\/\">Nomad Container<\/a> eller <a href=\"https:\/\/staging.spassio.com\/manufacturer\/vmodul\/\">Vmodul<\/a> gj\u00f8r.<\/p>\n<p>For \u00e5 starte byggearbeidene p\u00e5 byggeplassen m\u00e5 du sannsynligvis f\u00e5 byggetillatelse, ettersom de fleste land i Europa, samt Storbritannia, krever denne prosedyren. Noen <a href=\"https:\/\/staging.spassio.com\/manufacturers\/\">ferdighusprodusenter<\/a> tilbyr disse tjenestene, men i de fleste tilfeller er det kunden selv som m\u00e5 g\u00e5 gjennom denne prosessen.<\/p>\n<p>Kravene varierer fra land til land, men i noen land, for eksempel Spania, trenger du en signatur fra en sertifisert lokal arkitekt <a href=\"#_ftn1\" name=\"_ftnref1\">[1]<\/a>. Hvis du bygger et hus i Spania sammen med en internasjonal produsent, kan det hende du m\u00e5 leie inn en arkitekt for \u00e5 f\u00e5 godkjent husets design og innhente tillatelser.<\/p>\n<h2>4. Klargj\u00f8r tomten og bygg fundamentet<\/h2>\n<p>En av de st\u00f8rste fordelene med \u00e5 bygge huset ditt med prefabrikkerte byggemetoder er at det meste av byggeprosessen foreg\u00e5r utenfor byggeplassen i et fabrikklignende milj\u00f8. Dermed <strong>kan klargj\u00f8ringen av tomten skje samtidig som huset<\/strong> bygges, noe som sparer enormt mye tid.<\/p>\n<p>For \u00e5 kunne ta imot ferdighuset m\u00e5 tomten klargj\u00f8res i henhold til type ferdighus og spesifikk utforming.<\/p>\n<p>Markberedning krever planering av omr\u00e5det, og i de fleste tilfeller ogs\u00e5 bygging av fundamenter. Noen produsenter er i stand til \u00e5 tilby disse tjenestene, men i de fleste tilfeller er det n\u00f8dvendig \u00e5 leie inn ekstra fagfolk, for eksempel en entrepren\u00f8r og en prosjektkoordinator.<\/p>\n<p>I s\u00e5 fall b\u00f8r du velge en lokal fagmann som kan f\u00f8lge prosessen n\u00f8ye og l\u00f8se eventuelle byggeproblemer s\u00e5 raskt som mulig for \u00e5 redusere ekstra kostnader og komplikasjoner.<\/p>\n<h2>5. Levering og montering av det prefabrikkerte huset<\/h2>\n<p>S\u00e5 snart produksjonen av huset er ferdig, <strong>blir<\/strong> ferdighuset <strong>levert og montert<\/strong> p\u00e5 tomten som p\u00e5 forh\u00e5nd er klargjort. St\u00f8rrelsen og formen p\u00e5 det produserte produktet varierer fra en type prefab til en annen.<\/p>\n<p>For eksempel vil en hytteprodusent bygge hele huset i ett stykke som er klart til bruk, mens en panelprodusent vil konstruere todimensjonale systemer som m\u00e5 monteres p\u00e5 stedet.<\/p>\n<p>I de fleste tilfeller er det den samme produsenten som leverer de prefabrikkerte enhetene, vanligvis med lastebil, og installerer eller monterer dem med kran p\u00e5 eiendommen. For \u00e5 f\u00e5 et fullt funksjonsdyktig hus m\u00e5 det gj\u00f8res en del etterarbeid, for eksempel tilkobling til str\u00f8mnettet.<\/p>\n<p>Avhengig av kontrakten du har med produsenten, kan det samme byggelaget som installerer huset utf\u00f8re disse arbeidene, selv om de ofte h\u00e5ndteres av den lokale entrepren\u00f8ren.<\/p>\n<h2>Avslutte byggeprosessen for \u00e5 flytte inn i det nye huset ditt<\/h2>\n<p>N\u00e5 som huset er montert og fungerer, er det p\u00e5 tide \u00e5 klargj\u00f8re huset til innflyttingsdagen. Du kan begynne \u00e5 innrede interi\u00f8ret etter eget \u00f8nske, og du kan ogs\u00e5 begynne med hagearbeid og landskapsarbeid slik at huset blir akkurat slik du har tenkt deg.<\/p>\n<p>Noen land i Europa, i tillegg til Storbritannia, kan likevel kreve et siste trinn, for eksempel en bruksattest. For \u00e5 f\u00e5 denne godkjenningen m\u00e5 det <strong>nybygde huset<\/strong> inspiseres av en autorisert agent som kontrollerer bygningens sikkerhet. I tillegg til den juridiske inspeksjonen er det viktig at du ogs\u00e5 inspiserer huset for \u00e5 kontrollere at det fungerer som det skal, og at de har bygget alle detaljer som avtalt i kontrakten.<\/p>\n<p>Referanser:<\/p>\n<p><a style=\"color: #3eb6a8;\" href=\"#_ftnref1\" name=\"_ftn1\">[1]<\/a>Alt du trenger \u00e5 vite f\u00f8r du kj\u00f8per et ferdighus i Spania Pacheco &amp; Asociados <a href=\"https:\/\/www.spanisharchitect.info\/2017\/08\/24\/everything-you-need-to-know-before-buying-a-prefabricated-house-in-spain\/\">https:\/\/www.spanisharchitect.info\/2017\/08\/24\/everything-you-need-to-know-before-buying-a-prefabricated-house-in-spain\/<\/a><\/p>\n","protected":false},"excerpt":{"rendered":"<p>\u00c5 bygge sitt eget hus krever grundig planlegging og en god forst\u00e5else av de ulike byggetrinnene. N\u00e5r du velger \u00e5 bygge huset ditt med prefabrikkerte teknikker, forenkler du logistikken betraktelig, ettersom det meste av byggearbeidet utf\u00f8res med en sv\u00e6rt industrialisert metode. Byggeprosessen kan se litt forskjellig ut avhengig av hvor du befinner deg og hva [&hellip;]<\/p>\n","protected":false},"author":194,"featured_media":77855,"parent":0,"menu_order":0,"comment_status":"closed","ping_status":"closed","template":"","meta":{"content-type":"","_FSMCFIC_featured_image_caption":"","_FSMCFIC_featured_image_nocaption":"","_FSMCFIC_featured_image_hide":"","footnotes":""},"class_list":["post-77853","page","type-page","status-publish","has-post-thumbnail","hentry"],"_wp_attached_file":null,"_wp_attachment_metadata":null,"_wp_attachment_backup_sizes":null,"siteground_optimizer_webp_conversion_attempts":null,"siteground_optimizer_is_converted_to_webp":null,"siteground_optimizer_optimization_attempts":null,"siteground_optimizer_optimization_failed":null,"wpml_media_processed":null,"_wp_attachment_image_alt":null,"siteground_optimizer_is_optimized":null,"siteground_optimizer_webp_conversion_failed":null,"_elementor_source_image_hash":null,"siteground_optimizer_compression_level":null,"_elementor_inline_svg":null,"_imagify_optimization_level":null,"_imagify_status":null,"_imagify_data":null,"siteground_optimizer_original_filesize":null,"wpse_external_file_url":null,"fave_currency":null,"fave_currency_info":null,"fave_property_id":null,"fave_property_map":null,"fave_property_location":null,"houzez_geolocation_lat":null,"houzez_geolocation_long":null,"fave_property_map_street_view":null,"fave_featured":null,"fave_loggedintoview":null,"fave_agent_display_option":null,"fave_prop_homeslider":null,"fave_single_top_area":null,"fave_single_content_area":null,"_yoast_wpseo_primary_property_type":null,"_yoast_wpseo_primary_property_feature":null,"_yoast_wpseo_primary_property_label":null,"_yoast_wpseo_primary_property_country":null,"houzez_manual_expire":null,"_houzez_expiration_date_status":null,"houzez_total_property_views":null,"houzez_views_by_date":null,"houzez_recently_viewed":null,"fave_property_price":null,"fave_property_price_prefix":null,"fave_property_size":null,"fave_property_bathrooms":null,"fave_property_garage":null,"fave_levels":null,"fave_roof-type":null,"fave_construction-type":null,"fave_video_url":null,"fave_video_image":null,"fave_payment_status":null,"fave_property_agency":null,"fave_countries":null,"fave_sleeps":null,"_yoast_wpseo_primary_property_status":null,"fave_property_images":null,"fave_attachments":null,"technical_description":null,"houzez_featured_listing_date":null,"fave_property_size_prefix":null,"fave_property_bedrooms":null,"fave_property_price_postfix":null,"fave_production-time-in-weeks":null,"fave_building-time-in-days":null,"fave_window-glazing":null,"_yoast_wpseo_primary_feature-2":null,"_yoast_wpseo_primary_feature-3":null,"fave_warranty-in-years":null,"fave_property_land":null,"fave_property_land_postfix":null,"wpsebeba57d406-00de-d339-8c02-3956a916f506":null,"_oembed_eefb35903900c5c166d55ccf7fc62a8a":null,"_oembed_30948e80c1a853da0b519e72c40d2e13":null,"_oembed_0b78a31d7c7e6041adc064d46c40f98b":null,"_oembed_42c2c13b5902a21593b1d521556aea88":null,"_oembed_4fb58e495f37e206f97738a42dbe566f":null,"_oembed_b2828bee61bd9076cd21ece641de7abc":null,"_oembed_0c92428c960763e658977ce4918863f4":null,"_oembed_02b72dc3d26bdba6ff900a268ade2517":null,"_oembed_8c819834f7fc0b74364aa34a8193f46f":null,"_oembed_088962b77808b37d57abe5c8143f9652":null,"_oembed_dfae0e674c59ba061a82b330fc7fdea0":null,"_oembed_74e5075f66c4cd04b0e118feb24f6636":null,"fave_mortgage_cal":null,"_air_wp_sync_record_id":null,"_air_wp_sync_hash":null,"_air_wp_sync_importer_id":null,"_air_wp_sync_updated_at":null,"external_listing_link":null,"fave_property_map_address":null,"fave_multi_units_ids":null,"$wpml_language$":null,"fave_virtual_tour":null,"fave_gross-external-area":null,"_houzez_expiration_date":null,"_houzez_expiration_date_options":null,"floor_plans":null,"_oembed_a17db82fa378d53b4dc6ed46e5344499":null,"_oembed_da390569a339f4d7147d95cfb8c04c12":null,"_oembed_6a3eda5947bcc098660397ca8e21a941":null,"fave_roof-angle":null,"fave_seo-content":null,"_oembed_a7b8941eeee966e7350aede20b4d62be":null,"_oembed_time_a7b8941eeee966e7350aede20b4d62be":null,"additional_features":null,"fave_multi_units":null,"_oembed_716f56b62500685a7dd15ea2ec7579bd":null,"_oembed_time_716f56b62500685a7dd15ea2ec7579bd":null,"_oembed_8ececd3dd2598a4aedb5dfc82df2a0f6":null,"_oembed_time_8ececd3dd2598a4aedb5dfc82df2a0f6":null,"_oembed_4cef7884ea6ef16d48cd8675b12e440d":null,"fave_property_garage_size":null,"_oembed_5c1eaf7b40f4e3a3089b38beb88ba480":null,"fave_property_zip":null,"_oembed_ccdd6e0304386ece64b3b91f572b0be4":null,"_oembed_ae30d19e3e861b389146a1ccc2828104":null,"fave_property_rooms":null,"fave_property_year":null,"two_page_speed":null,"fave_year_established":null,"Status":null,"_oembed_5b2d8d2cf33b469c98e488ea5b118c30":null,"WPML Language Code":null,"_links":{"self":[{"href":"https:\/\/staging.spassio.com\/no\/wp-json\/wp\/v2\/pages\/77853","targetHints":{"allow":["GET"]}}],"collection":[{"href":"https:\/\/staging.spassio.com\/no\/wp-json\/wp\/v2\/pages"}],"about":[{"href":"https:\/\/staging.spassio.com\/no\/wp-json\/wp\/v2\/types\/page"}],"author":[{"embeddable":true,"href":"https:\/\/staging.spassio.com\/no\/wp-json\/wp\/v2\/users\/194"}],"replies":[{"embeddable":true,"href":"https:\/\/staging.spassio.com\/no\/wp-json\/wp\/v2\/comments?post=77853"}],"version-history":[{"count":0,"href":"https:\/\/staging.spassio.com\/no\/wp-json\/wp\/v2\/pages\/77853\/revisions"}],"wp:featuredmedia":[{"embeddable":true,"href":"https:\/\/staging.spassio.com\/no\/wp-json\/wp\/v2\/media\/77855"}],"wp:attachment":[{"href":"https:\/\/staging.spassio.com\/no\/wp-json\/wp\/v2\/media?parent=77853"}],"curies":[{"name":"wp","href":"https:\/\/api.w.org\/{rel}","templated":true}]}}