{"id":77857,"date":"2023-04-02T17:04:06","date_gmt":"2023-04-02T16:04:06","guid":{"rendered":"https:\/\/staging.spassio.com\/?page_id=77857"},"modified":"2024-04-22T13:27:47","modified_gmt":"2024-04-22T12:27:47","slug":"tiny-houses-fordeler-og-ulemper","status":"publish","type":"page","link":"https:\/\/staging.spassio.com\/no\/tiny-houses-fordeler-og-ulemper\/","title":{"rendered":"Hva er Tiny Houses? Fordeler og ulemper ved \u00e5 velge et hus p\u00e5 hjul"},"content":{"rendered":"<p>Tiny houses er en type ferdighus som kjennetegnes ved at de er sm\u00e5 og kan flyttes fra sted til sted. Disse konstruksjonene kan brukes som prim\u00e6rbolig, fritidsbolig eller som investering i utleieboliger. De kan v\u00e6re i konstant bevegelse eller v\u00e6re installert p\u00e5 samme sted over lengre tid. Uavhengig av hvilken livsstil huset skal romme, er sm\u00e5hus alltid bygget med samme type konstruksjon.<\/p>\n<h2>Hva er forskjellen p\u00e5 et tiny house og et sm\u00e5hus?<\/h2>\n<p>Selv om <a href=\"https:\/\/staging.spassio.com\/categories\/tiny-houses\/\">sm\u00e5hus<\/a> alltid er sm\u00e5, er det ikke alle sm\u00e5hus som er sm\u00e5. Det er vanlig \u00e5 bytte om p\u00e5 de ulike begrepene som brukes for \u00e5 beskrive sm\u00e5hus, men det er viktig \u00e5 forst\u00e5 hva som kjennetegner hvert av disse konseptene, siden de er bygget for ulike form\u00e5l.<\/p>\n<ul>\n<li><strong>Tiny House<\/strong>: En type ferdighus som er designet for \u00e5 v\u00e6re lett \u00e5 transportere, og som derfor alltid er bygget p\u00e5 hjul. Den lille st\u00f8rrelsen som kjennetegner disse husene, er definert av behovet for \u00e5 overholde veibestemmelsene, ettersom det er snakk om boliger som kan slepes.<\/li>\n<li><strong>Hytte<\/strong>: En hytte er en liten type permanent ferdighus. Dette lille prefabrikkerte huset, som bare har ett soverom, er alltid montert p\u00e5 et fundament.<\/li>\n<li><strong>ADU (Accessory Dwelling Units)<\/strong>: Ogs\u00e5 kjent som <a href=\"https:\/\/staging.spassio.com\/building-annexe-garden\/\">hageanneks<\/a> eller bestemorleilighet, beskriver dette konseptet bruken av huset snarere enn konstruksjonstypen. Et lite hus, en <a href=\"https:\/\/staging.spassio.com\/categories\/cabins\/\">hytte<\/a> eller til og med et lite hus bygget med tradisjonelle byggemetoder kan v\u00e6re en god ADU s\u00e5 lenge de er utformet som selvstendige boliger som deler eiendommen med et hovedhus.<\/li>\n<\/ul>\n<h2>Hva er fordelene med sm\u00e5hus?<\/h2>\n<p>Tiny homes skiller seg markant fra tradisjonelle bygninger siden det er uvanlig at et hus bygges p\u00e5 hjul. Egenskapene til denne hustypen har imidlertid bidratt sterkt til populariteten til sm\u00e5husbevegelsen, ettersom de gir dem noen sv\u00e6rt attraktive fordeler.<\/p>\n<h3>Tiny homes er bygget med tanke p\u00e5 mobilitet<\/h3>\n<p>Den st\u00f8rste fordelen med denne typen hus er at det er enkelt \u00e5 transportere det til forskjellige steder. Til tross for at de ser ut som vakre hus, er sm\u00e5husene mobile og kan flyttes og parkeres hvor som helst.<\/p>\n<p>Siden sm\u00e5husene er designet som flyttbare hus, er de fleste av dem bygget som selvforsynte enheter som kan fungere utenfor str\u00f8mnettet. Disse funksjonene gj\u00f8r at du kan reise med huset ditt til et hvilket som helst reisem\u00e5l, inkludert avsidesliggende naturomr\u00e5der.<\/p>\n<figure id=\"attachment_34835\" aria-describedby=\"caption-attachment-34835\" style=\"width: 1000px\" class=\"wp-caption alignnone\"><img fetchpriority=\"high\" decoding=\"async\" class=\"wp-image-34835 size-full\" src=\"https:\/\/staging.spassio.com\/wp-content\/uploads\/2023\/03\/what-are-tinyy-houses-the-pros-cons-of-choosing-a-house-on-wheels.webp\" alt=\"Hva er sm\u00e5hus? Fordeler og ulemper ved \u00e5 velge et hus p\u00e5 hjul\" width=\"1000\" height=\"563\" srcset=\"https:\/\/staging.spassio.com\/wp-content\/uploads\/2023\/03\/what-are-tinyy-houses-the-pros-cons-of-choosing-a-house-on-wheels.webp 1000w, https:\/\/staging.spassio.com\/wp-content\/uploads\/2023\/03\/what-are-tinyy-houses-the-pros-cons-of-choosing-a-house-on-wheels-300x169.webp 300w, https:\/\/staging.spassio.com\/wp-content\/uploads\/2023\/03\/what-are-tinyy-houses-the-pros-cons-of-choosing-a-house-on-wheels-768x432.webp 768w, https:\/\/staging.spassio.com\/wp-content\/uploads\/2023\/03\/what-are-tinyy-houses-the-pros-cons-of-choosing-a-house-on-wheels-496x279.webp 496w\" sizes=\"(max-width: 1000px) 100vw, 1000px\" \/><figcaption id=\"caption-attachment-34835\" class=\"wp-caption-text\">Det <a href=\"https:\/\/staging.spassio.com\/models\/tiny-eco-homes-uk-elegance-range\/\">lille husetElegance Range<\/a> blir tauet.<\/figcaption><\/figure>\n<h3>De er en kostnadseffektiv boligl\u00f8sning<\/h3>\n<p>Som prefabrikkerte konstruksjoner er sm\u00e5hus mye rimeligere enn \u00e5 bygge et tradisjonelt hus. Prefabrikasjon betyr at byggearbeidet foreg\u00e5r utenfor byggeplassen i et industrialisert milj\u00f8. Resultatet er at byggetiden og det manuelle arbeidet reduseres kraftig, og det samme gj\u00f8r de totale byggekostnadene.<\/p>\n<p>Sm\u00e5hus er dessuten betydelig billigere enn andre ferdighus, f\u00f8rst og fremst fordi de er mindre, men ogs\u00e5 fordi de bygges p\u00e5 hjul og derfor ikke trenger fundament. N\u00e5r du ikke er bundet til en bestemt eiendom, reduseres kostnadene direkte, for eksempel ved kj\u00f8p av tomt eller anleggsgartnerarbeid.<\/p>\n<h3>Tiny living kan bidra til \u00f8kt psykisk velv\u00e6re<\/h3>\n<p>St\u00f8rrelsen p\u00e5 de fleste sm\u00e5hus er under 20 kvm, noe som er fem ganger mindre enn den gjennomsnittlige husst\u00f8rrelsen i Europa og Storbritannia <a href=\"#_ftn1\" name=\"_ftnref1\">[1]<\/a>. For de fleste betyr &#8220;tiny living&#8221; en nedskalering til et mye enklere liv, noe som har en positiv innvirkning p\u00e5 helse og velv\u00e6re.<\/p>\n<p>Ved \u00e5 leve minimalistisk l\u00e6rer du \u00e5 prioritere og rydde, noe som har vist seg \u00e5 ha en sterk sammenheng med v\u00e5rt mentale velv\u00e6re <a href=\"#_ftn2\" name=\"_ftnref2\">[2]<\/a>. Til tross for sin beskjedne st\u00f8rrelse er <a href=\"https:\/\/staging.spassio.com\/categories\/tiny-houses\/\">sm\u00e5husene<\/a> bygget med tanke p\u00e5 funksjonalitet og komfort. De tilbyr sv\u00e6rt kreative planl\u00f8sninger og oppbevaringsl\u00f8sninger som bidrar til \u00e5 holde huset ryddig og fritt for rot.<\/p>\n<h3>Sm\u00e5hus er en b\u00e6rekraftig type konstruksjon<\/h3>\n<p>Tiny homes er milj\u00f8vennlige fordi de bygges helt utenfor byggeplassen, med arbeid og lagring p\u00e5 samme sted. Denne sentraliseringen av prosessen gj\u00f8r sm\u00e5husene mer b\u00e6rekraftige enn tradisjonell bygging, ettersom det reduserer transportbehovet og materialavfallet betraktelig.<\/p>\n<p>Sm\u00e5hus bidrar ogs\u00e5 til milj\u00f8et ved \u00e5 v\u00e6re sm\u00e5 bygninger. De har et lavere \u00f8kologisk fotavtrykk og bruker mindre energi, noe som gj\u00f8r dem mer energieffektive. Selv om de fleste av disse funksjonene bare er en positiv konsekvens av byggeprosessen, velger noen produsenter \u00e5 bevisst gj\u00f8re sm\u00e5husene sine enda mer b\u00e6rekraftige ved \u00e5 velge naturlige materialer eller legge til elementer som solcellepaneler.<\/p>\n<figure id=\"attachment_34836\" aria-describedby=\"caption-attachment-34836\" style=\"width: 1000px\" class=\"wp-caption alignnone\"><img decoding=\"async\" class=\"wp-image-34836 size-full\" src=\"https:\/\/staging.spassio.com\/wp-content\/uploads\/2023\/03\/tiny-house-with-solar-panelsescape-model-a17.webp\" alt=\"lite hus med solcellepaneler\" width=\"1000\" height=\"668\" srcset=\"https:\/\/staging.spassio.com\/wp-content\/uploads\/2023\/03\/tiny-house-with-solar-panelsescape-model-a17.webp 1000w, https:\/\/staging.spassio.com\/wp-content\/uploads\/2023\/03\/tiny-house-with-solar-panelsescape-model-a17-300x200.webp 300w, https:\/\/staging.spassio.com\/wp-content\/uploads\/2023\/03\/tiny-house-with-solar-panelsescape-model-a17-768x513.webp 768w, https:\/\/staging.spassio.com\/wp-content\/uploads\/2023\/03\/tiny-house-with-solar-panelsescape-model-a17-898x600.webp 898w, https:\/\/staging.spassio.com\/wp-content\/uploads\/2023\/03\/tiny-house-with-solar-panelsescape-model-a17-496x331.webp 496w\" sizes=\"(max-width: 1000px) 100vw, 1000px\" \/><figcaption id=\"caption-attachment-34836\" class=\"wp-caption-text\"><a href=\"https:\/\/staging.spassio.com\/models\/escape-a17\/\">MiniatyrhusetEscape A17<\/a> med solcellepaneler<\/figcaption><\/figure>\n<h2>Utfordringer og begrensninger ved sm\u00e5hus<\/h2>\n<p>Sm\u00e5hus har s\u00e6rtrekk som skiller dem ut og bidrar til at de blir stadig mer popul\u00e6re. Disse forskjellene har imidlertid ogs\u00e5 potensielle ulemper. Siden sm\u00e5hus ikke er et perfekt valg for alle, er det viktig \u00e5 forst\u00e5 begrensningene.<\/p>\n<ul>\n<li>Det <strong>kan v\u00e6re vanskelig \u00e5 finne en<\/strong> fast plass: Til tross for at sm\u00e5husets design er optimalisert for \u00e5 sikre at huset enkelt kan flyttes og plasseres stort sett hvor som helst, er det ikke alle steder det er mulig. Hvor du kan plassere et lite hus, bestemmes av byggeforskriftene og reguleringsbestemmelsene p\u00e5 det aktuelle stedet. Disse kan v\u00e6re ganske begrensende.<\/li>\n<li><strong>De er ikke bygget p\u00e5 fundament<\/strong>: Det at husene er bygget p\u00e5 hjul gir stor frihet, men det har ogs\u00e5 sine ulemper. Fundamenter gir stabilitet til konstruksjonen ved \u00e5 skape en solid base som holder huset p\u00e5 plass. At det ikke er festet til fundamentet, reduserer automatisk kvaliteten p\u00e5 konstruksjonen.<\/li>\n<li>Boarealet <strong>innend\u00f8rs er begrenset<\/strong>: Den begrensede plassen i et lite hus inspirerer de som \u00f8nsker en minimalistisk livsstil, men det har ogs\u00e5 sine ulemper. Hver centimeter av huset er optimalisert for \u00e5 gj\u00f8re hverdagen s\u00e5 behagelig som mulig, men det er ikke plass til aktiviteter utenom det vanlige. Derfor er det ikke sikkert at aktiviteter som \u00e5 ta imot gjester er de mest behagelige.<\/li>\n<\/ul>\n<h2>Hvordan fungerer sm\u00e5hus?<\/h2>\n<p>At det er et hus p\u00e5 hjul betyr at det ikke f\u00f8lger det samme regelverket som gjelder for permanente konstruksjoner, men det behandles heller ikke som et kj\u00f8ret\u00f8y. Her er noen av de viktigste tingene du b\u00f8r vite hvis du planlegger \u00e5 kj\u00f8pe et lite hus:<\/p>\n<ul>\n<li>Reglene for sm\u00e5hus avhenger helt og holdent av stedet. Siden det ikke finnes noe spesifikt regelverk for sm\u00e5hus, er det f\u00f8rste du b\u00f8r gj\u00f8re hvis du planlegger \u00e5 kj\u00f8pe et lite hus i Europa og Storbritannia, \u00e5 r\u00e5df\u00f8re deg med de lokale planleggingsansvarlige.<\/li>\n<li>Det kreves vanligvis tillatelse for \u00e5 installere et sm\u00e5hus p\u00e5 lang sikt p\u00e5 en eiendom. \u00c5 plassere et lite hus i hagen er ikke som \u00e5 parkere en bil. Det krever ofte en tillatelse som varierer fra sted til sted. I noen land, for eksempel Nederland og Tyskland, behandles sm\u00e5hus som boliger og m\u00e5 derfor oppfylle byggeforskriftene <a href=\"#_ftn3\" name=\"_ftnref3\">[3]<\/a>.<\/li>\n<li>Trafikkreglene er strenge n\u00e5r det gjelder sm\u00e5hus. Det er ikke nok \u00e5 v\u00e6re bygget p\u00e5 hjul. For \u00e5 flytte et lite hus p\u00e5 europeiske veier m\u00e5 huset overholde sv\u00e6rt strenge regler for st\u00f8rrelse og vekt. Den generelle retningslinjen er 4 m h\u00f8y, 2,55 m bred og 3,5 T, men det kan variere fra land til land.<\/li>\n<li>Du trenger en bestemt type kj\u00f8ret\u00f8y for \u00e5 taue et lite hus. Sm\u00e5hus er beregnet p\u00e5 \u00e5 bli tauet av eierne, men ikke alle kj\u00f8ret\u00f8yer er i stand til \u00e5 gj\u00f8re det. Dette er fordi kj\u00f8ret\u00f8yet m\u00e5 v\u00e6re sterkt nok til \u00e5 trekke 3,5 tonn. Husk ogs\u00e5 at hvis totalvekten er over 3,5 tonn, kan det v\u00e6re n\u00f8dvendig med spesialf\u00f8rerkort.<\/li>\n<\/ul>\n<p>Referanser:<br \/>\n<a style=\"color: #3eb6a8;\" href=\"#_ftnref1\" name=\"_ftn1\">[1]<\/a>Wilson, L. Hvor stort er et hus? Gjennomsnittlig husst\u00f8rrelse per land &#8211; 2023 Krymp fotavtrykket <a href=\"https:\/\/shrinkthatfootprint.com\/how-big-is-a-house\/\">https:\/\/shrinkthatfootprint.com\/how-big-is-a-house\/<\/a><br \/>\n<a style=\"color: #3eb6a8;\" href=\"#_ftnref2\" name=\"_ftn1\">[2]<\/a>Hammers-Crowell J. (2022, 14. juni) How clutter impacts health Highland hospital <a href=\"https:\/\/highlandhosp.com\/how-clutter-impacts-health\/\">https:\/\/highlandhosp.com\/how-clutter-impacts-health\/<\/a><br \/>\n<a style=\"color: #3eb6a8;\" href=\"#_ftnref3\" name=\"_ftn1\">[3]<\/a>Tiny House-kulturer i sammenligning &#8211; Tyskland, USA og Nederland LiveEO <a href=\"https:\/\/live-eo.com\/tiny-house-cultures\/\">https:\/\/live-eo.com\/tiny-house-cultures\/<\/a><\/p>\n","protected":false},"excerpt":{"rendered":"<p>Tiny houses er en type ferdighus som kjennetegnes ved at de er sm\u00e5 og kan flyttes fra sted til sted. Disse konstruksjonene kan brukes som prim\u00e6rbolig, fritidsbolig eller som investering i utleieboliger. De kan v\u00e6re i konstant bevegelse eller v\u00e6re installert p\u00e5 samme sted over lengre tid. Uavhengig av hvilken livsstil huset skal romme, er [&hellip;]<\/p>\n","protected":false},"author":194,"featured_media":77859,"parent":0,"menu_order":0,"comment_status":"closed","ping_status":"closed","template":"","meta":{"content-type":"","_FSMCFIC_featured_image_caption":"","_FSMCFIC_featured_image_nocaption":"","_FSMCFIC_featured_image_hide":"","footnotes":""},"class_list":["post-77857","page","type-page","status-publish","has-post-thumbnail","hentry"],"_wp_attached_file":null,"_wp_attachment_metadata":null,"_wp_attachment_backup_sizes":null,"siteground_optimizer_webp_conversion_attempts":null,"siteground_optimizer_is_converted_to_webp":null,"siteground_optimizer_optimization_attempts":null,"siteground_optimizer_optimization_failed":null,"wpml_media_processed":null,"_wp_attachment_image_alt":null,"siteground_optimizer_is_optimized":null,"siteground_optimizer_webp_conversion_failed":null,"_elementor_source_image_hash":null,"siteground_optimizer_compression_level":null,"_elementor_inline_svg":null,"_imagify_optimization_level":null,"_imagify_status":null,"_imagify_data":null,"siteground_optimizer_original_filesize":null,"wpse_external_file_url":null,"fave_currency":null,"fave_currency_info":null,"fave_property_id":null,"fave_property_map":null,"fave_property_location":null,"houzez_geolocation_lat":null,"houzez_geolocation_long":null,"fave_property_map_street_view":null,"fave_featured":null,"fave_loggedintoview":null,"fave_agent_display_option":null,"fave_prop_homeslider":null,"fave_single_top_area":null,"fave_single_content_area":null,"_yoast_wpseo_primary_property_type":null,"_yoast_wpseo_primary_property_feature":null,"_yoast_wpseo_primary_property_label":null,"_yoast_wpseo_primary_property_country":null,"houzez_manual_expire":null,"_houzez_expiration_date_status":null,"houzez_total_property_views":null,"houzez_views_by_date":null,"houzez_recently_viewed":null,"fave_property_price":null,"fave_property_price_prefix":null,"fave_property_size":null,"fave_property_bathrooms":null,"fave_property_garage":null,"fave_levels":null,"fave_roof-type":null,"fave_construction-type":null,"fave_video_url":null,"fave_video_image":null,"fave_payment_status":null,"fave_property_agency":null,"fave_countries":null,"fave_sleeps":null,"_yoast_wpseo_primary_property_status":null,"fave_property_images":null,"fave_attachments":null,"technical_description":null,"houzez_featured_listing_date":null,"fave_property_size_prefix":null,"fave_property_bedrooms":null,"fave_property_price_postfix":null,"fave_production-time-in-weeks":null,"fave_building-time-in-days":null,"fave_window-glazing":null,"_yoast_wpseo_primary_feature-2":null,"_yoast_wpseo_primary_feature-3":null,"fave_warranty-in-years":null,"fave_property_land":null,"fave_property_land_postfix":null,"wpsebeba57d406-00de-d339-8c02-3956a916f506":null,"_oembed_eefb35903900c5c166d55ccf7fc62a8a":null,"_oembed_30948e80c1a853da0b519e72c40d2e13":null,"_oembed_0b78a31d7c7e6041adc064d46c40f98b":null,"_oembed_42c2c13b5902a21593b1d521556aea88":null,"_oembed_4fb58e495f37e206f97738a42dbe566f":null,"_oembed_b2828bee61bd9076cd21ece641de7abc":null,"_oembed_0c92428c960763e658977ce4918863f4":null,"_oembed_02b72dc3d26bdba6ff900a268ade2517":null,"_oembed_8c819834f7fc0b74364aa34a8193f46f":null,"_oembed_088962b77808b37d57abe5c8143f9652":null,"_oembed_dfae0e674c59ba061a82b330fc7fdea0":null,"_oembed_74e5075f66c4cd04b0e118feb24f6636":null,"fave_mortgage_cal":null,"_air_wp_sync_record_id":null,"_air_wp_sync_hash":null,"_air_wp_sync_importer_id":null,"_air_wp_sync_updated_at":null,"external_listing_link":null,"fave_property_map_address":null,"fave_multi_units_ids":null,"$wpml_language$":null,"fave_virtual_tour":null,"fave_gross-external-area":null,"_houzez_expiration_date":null,"_houzez_expiration_date_options":null,"floor_plans":null,"_oembed_a17db82fa378d53b4dc6ed46e5344499":null,"_oembed_da390569a339f4d7147d95cfb8c04c12":null,"_oembed_6a3eda5947bcc098660397ca8e21a941":null,"fave_roof-angle":null,"fave_seo-content":null,"_oembed_a7b8941eeee966e7350aede20b4d62be":null,"_oembed_time_a7b8941eeee966e7350aede20b4d62be":null,"additional_features":null,"fave_multi_units":null,"_oembed_716f56b62500685a7dd15ea2ec7579bd":null,"_oembed_time_716f56b62500685a7dd15ea2ec7579bd":null,"_oembed_8ececd3dd2598a4aedb5dfc82df2a0f6":null,"_oembed_time_8ececd3dd2598a4aedb5dfc82df2a0f6":null,"_oembed_4cef7884ea6ef16d48cd8675b12e440d":null,"fave_property_garage_size":null,"_oembed_5c1eaf7b40f4e3a3089b38beb88ba480":null,"fave_property_zip":null,"_oembed_ccdd6e0304386ece64b3b91f572b0be4":null,"_oembed_ae30d19e3e861b389146a1ccc2828104":null,"fave_property_rooms":null,"fave_property_year":null,"two_page_speed":null,"fave_year_established":null,"Status":null,"_oembed_5b2d8d2cf33b469c98e488ea5b118c30":null,"WPML Language Code":null,"_links":{"self":[{"href":"https:\/\/staging.spassio.com\/no\/wp-json\/wp\/v2\/pages\/77857","targetHints":{"allow":["GET"]}}],"collection":[{"href":"https:\/\/staging.spassio.com\/no\/wp-json\/wp\/v2\/pages"}],"about":[{"href":"https:\/\/staging.spassio.com\/no\/wp-json\/wp\/v2\/types\/page"}],"author":[{"embeddable":true,"href":"https:\/\/staging.spassio.com\/no\/wp-json\/wp\/v2\/users\/194"}],"replies":[{"embeddable":true,"href":"https:\/\/staging.spassio.com\/no\/wp-json\/wp\/v2\/comments?post=77857"}],"version-history":[{"count":0,"href":"https:\/\/staging.spassio.com\/no\/wp-json\/wp\/v2\/pages\/77857\/revisions"}],"wp:featuredmedia":[{"embeddable":true,"href":"https:\/\/staging.spassio.com\/no\/wp-json\/wp\/v2\/media\/77859"}],"wp:attachment":[{"href":"https:\/\/staging.spassio.com\/no\/wp-json\/wp\/v2\/media?parent=77857"}],"curies":[{"name":"wp","href":"https:\/\/api.w.org\/{rel}","templated":true}]}}