{"id":79692,"date":"2023-10-17T11:41:18","date_gmt":"2023-10-17T10:41:18","guid":{"rendered":"https:\/\/staging.spassio.com\/?page_id=79692"},"modified":"2025-11-13T09:54:13","modified_gmt":"2025-11-13T08:54:13","slug":"about","status":"publish","type":"page","link":"https:\/\/staging.spassio.com\/no\/about\/","title":{"rendered":"Om"},"content":{"rendered":"\t\t<div data-elementor-type=\"wp-page\" data-elementor-id=\"79692\" class=\"elementor elementor-79692 elementor-63389\" data-elementor-post-type=\"page\">\n\t\t\t\t<div class=\"elementor-element elementor-element-79ed607 e-flex e-con-boxed e-con e-parent\" data-id=\"79ed607\" data-element_type=\"container\" data-settings=\"{&quot;background_background&quot;:&quot;classic&quot;}\">\n\t\t\t\t\t<div class=\"e-con-inner\">\n\t\t\t\t<div class=\"elementor-element elementor-element-34a06fa exad-sticky-section-no exad-glass-effect-no elementor-widget elementor-widget-houzez_elementor_space\" data-id=\"34a06fa\" data-element_type=\"widget\" data-widget_type=\"houzez_elementor_space.default\">\n\t\t\t\t<div class=\"elementor-widget-container\">\n\t\t\t\t\t        <div class=\"houzez-spacer\">\n            <div class=\"houzez-spacer-inner\"><\/div>\n        <\/div>\n        \t\t\t\t<\/div>\n\t\t\t\t<\/div>\n\t\t\t\t\t<\/div>\n\t\t\t\t<\/div>\n\t\t<div class=\"elementor-element elementor-element-qyozvcoia e-flex e-con-boxed elementor-invisible e-con e-parent\" data-id=\"qyozvcoia\" data-element_type=\"container\" data-settings=\"{&quot;background_background&quot;:&quot;gradient&quot;,&quot;animation&quot;:&quot;fadeIn&quot;}\">\n\t\t\t\t\t<div class=\"e-con-inner\">\n\t\t<div class=\"elementor-element elementor-element-ip2wqzl9f e-con-full e-flex e-con e-child\" data-id=\"ip2wqzl9f\" data-element_type=\"container\">\n\t\t<div class=\"elementor-element elementor-element-krkthky1m e-con-full e-flex e-con e-child\" data-id=\"krkthky1m\" data-element_type=\"container\">\n\t\t<div class=\"elementor-element elementor-element-c9txvyvq1 e-con-full e-flex e-con e-child\" data-id=\"c9txvyvq1\" data-element_type=\"container\">\n\t\t\t\t<div class=\"elementor-element elementor-element-3704c33 exad-sticky-section-no exad-glass-effect-no elementor-widget elementor-widget-houzez_elementor_section_title\" data-id=\"3704c33\" data-element_type=\"widget\" data-widget_type=\"houzez_elementor_section_title.default\">\n\t\t\t\t<div class=\"elementor-widget-container\">\n\t\t\t\t\t            <div class=\"houzez_section_title_wrap section-title-module\">\n                                    <h2 class=\"houzez_section_title\">About Spassio<\/h2>\n                \n                            <\/div>\n            \t\t\t\t<\/div>\n\t\t\t\t<\/div>\n\t\t\t\t<div class=\"elementor-element elementor-element-cza460lis exad-sticky-section-no exad-glass-effect-no elementor-widget elementor-widget-text-editor\" data-id=\"cza460lis\" data-element_type=\"widget\" data-widget_type=\"text-editor.default\">\n\t\t\t\t<div class=\"elementor-widget-container\">\n\t\t\t\t\t\t\t\t\t<div class=\"elementor-element elementor-element-ed98977 exad-sticky-section-no exad-glass-effect-no elementor-widget elementor-widget-heading\" data-id=\"ed98977\" data-element_type=\"widget\" data-widget_type=\"heading.default\"><div class=\"elementor-widget-container\">Velkommen til Spassio, plattformen for alle som \u00f8nsker \u00e5 sammenligne ferdighusmodeller og produsenter.<\/div><div> <\/div><div class=\"elementor-widget-container\">Det kan v\u00e6re vanskelig \u00e5 velge det perfekte ferdighuset, og det finnes utallige alternativer. Det er her Spassio kommer inn i bildet ved \u00e5 tilby verdifulle ressurser og innsikt som gj\u00f8r det mulig \u00e5 ta en velinformert beslutning. Vi har samlet en omfattende database over ferdighusmodeller og -produsenter i hele Europa, noe som gj\u00f8r det enkelt \u00e5 sammenligne ulike alternativer og f\u00e5 tilgang til de som passer deg best.  <\/div><div> <\/div><\/div><div class=\"elementor-element elementor-element-5e840230 exad-sticky-section-no exad-glass-effect-no elementor-widget elementor-widget-text-editor\" data-id=\"5e840230\" data-element_type=\"widget\" data-widget_type=\"text-editor.default\"><div class=\"elementor-widget-container\">V\u00e5rt brukervennlige grensesnitt lar deg filtrere etter st\u00f8rrelse, stil, pris og beliggenhet, slik at du enkelt kan finne huset du leter etter. Du kan sammenligne ulike modeller side om side og f\u00e5 en klar forst\u00e5else av funksjonene og fordelene ved hver enkelt.  <\/div><\/div>\t\t\t\t\t\t\t\t<\/div>\n\t\t\t\t<\/div>\n\t\t\t\t<\/div>\n\t\t<div class=\"elementor-element elementor-element-zgd4qasx2 e-con-full e-flex e-con e-child\" data-id=\"zgd4qasx2\" data-element_type=\"container\">\n\t\t\t\t<div class=\"elementor-element elementor-element-h4gyiut4r exad-sticky-section-no exad-glass-effect-no elementor-invisible elementor-widget elementor-widget-image\" data-id=\"h4gyiut4r\" data-element_type=\"widget\" data-settings=\"{&quot;_animation&quot;:&quot;fadeInRight&quot;}\" data-widget_type=\"image.default\">\n\t\t\t\t<div class=\"elementor-widget-container\">\n\t\t\t\t\t\t\t\t\t\t\t\t\t\t\t<img fetchpriority=\"high\" decoding=\"async\" width=\"1024\" height=\"683\" src=\"https:\/\/staging.spassio.com\/wp-content\/uploads\/2025\/11\/IMG01934.jpg\" class=\"attachment-large size-large wp-image-178258\" alt=\"\" srcset=\"https:\/\/staging.spassio.com\/wp-content\/uploads\/2025\/11\/IMG01934.jpg 2400w, https:\/\/staging.spassio.com\/wp-content\/uploads\/2025\/11\/IMG01934-1536x1024.jpg 1536w, https:\/\/staging.spassio.com\/wp-content\/uploads\/2025\/11\/IMG01934-2048x1365.jpg 2048w\" sizes=\"(max-width: 1024px) 100vw, 1024px\" \/>\t\t\t\t\t\t\t\t\t\t\t\t\t\t\t<\/div>\n\t\t\t\t<\/div>\n\t\t\t\t<\/div>\n\t\t\t\t<\/div>\n\t\t\t\t<\/div>\n\t\t\t\t\t<\/div>\n\t\t\t\t<\/div>\n\t\t<div class=\"elementor-element elementor-element-x6vx0mz8s e-flex e-con-boxed elementor-invisible e-con e-parent\" data-id=\"x6vx0mz8s\" data-element_type=\"container\" data-settings=\"{&quot;background_background&quot;:&quot;gradient&quot;,&quot;animation&quot;:&quot;fadeIn&quot;}\">\n\t\t\t\t\t<div class=\"e-con-inner\">\n\t\t<div class=\"elementor-element elementor-element-yq7b4n0yl e-con-full e-flex e-con e-child\" data-id=\"yq7b4n0yl\" data-element_type=\"container\">\n\t\t<div class=\"elementor-element elementor-element-40mmeuimr e-con-full e-flex e-con e-child\" data-id=\"40mmeuimr\" data-element_type=\"container\">\n\t\t<div class=\"elementor-element elementor-element-3riphba7n e-con-full e-flex e-con e-child\" data-id=\"3riphba7n\" data-element_type=\"container\">\n\t\t\t\t<div class=\"elementor-element elementor-element-l8eguzu1y exad-sticky-section-no exad-glass-effect-no elementor-invisible elementor-widget elementor-widget-image\" data-id=\"l8eguzu1y\" data-element_type=\"widget\" data-settings=\"{&quot;_animation&quot;:&quot;fadeInLeft&quot;}\" data-widget_type=\"image.default\">\n\t\t\t\t<div class=\"elementor-widget-container\">\n\t\t\t\t\t\t\t\t\t\t\t\t\t\t\t<img decoding=\"async\" width=\"1024\" height=\"683\" src=\"https:\/\/staging.spassio.com\/wp-content\/uploads\/2025\/11\/IMG02035.jpg\" class=\"attachment-large size-large wp-image-178403\" alt=\"\" srcset=\"https:\/\/staging.spassio.com\/wp-content\/uploads\/2025\/11\/IMG02035.jpg 2400w, https:\/\/staging.spassio.com\/wp-content\/uploads\/2025\/11\/IMG02035-1536x1024.jpg 1536w, https:\/\/staging.spassio.com\/wp-content\/uploads\/2025\/11\/IMG02035-2048x1365.jpg 2048w\" sizes=\"(max-width: 1024px) 100vw, 1024px\" \/>\t\t\t\t\t\t\t\t\t\t\t\t\t\t\t<\/div>\n\t\t\t\t<\/div>\n\t\t\t\t<\/div>\n\t\t<div class=\"elementor-element elementor-element-3glbfp3cg e-con-full e-flex e-con e-child\" data-id=\"3glbfp3cg\" data-element_type=\"container\">\n\t\t\t\t<div class=\"elementor-element elementor-element-v3g5ga87h exad-sticky-section-no exad-glass-effect-no elementor-widget elementor-widget-text-editor\" data-id=\"v3g5ga87h\" data-element_type=\"widget\" data-widget_type=\"text-editor.default\">\n\t\t\t\t<div class=\"elementor-widget-container\">\n\t\t\t\t\t\t\t\t\t<p>Plattformen gir deg ogs\u00e5 n\u00f8yaktig informasjon om produsenter av prefabrikker, slik at du enkelt kan kontakte de som oppfyller dine unike behov. I tillegg har Spassio lansert en nyttig l\u00e6ringshub med dusinvis av artikler i form av guider og blogginnlegg, slik at du f\u00e5r enda flere ressurser som kan hjelpe deg med \u00e5 ta det beste valget.<\/p><p>M\u00e5let v\u00e5rt er \u00e5 gi deg kunnskap og beslutningsgrunnlag ved \u00e5 gi deg p\u00e5litelig informasjon og en omfattende oversikt over ferdighusmarkedet. Enten du er f\u00f8rstegangskj\u00f8per eller en erfaren eiendomsutvikler, gir plattformen v\u00e5r deg verkt\u00f8yene du trenger for \u00e5 finne den perfekte boligen for din livsstil og ditt budsjett.<\/p><p>Med Spassio har det aldri v\u00e6rt enklere \u00e5 finne ditt dr\u00f8mme ferdighus. Begynn \u00e5 utforske v\u00e5r omfattende database og ta det f\u00f8rste skrittet mot ditt perfekte ferdighus! <\/p>\t\t\t\t\t\t\t\t<\/div>\n\t\t\t\t<\/div>\n\t\t\t\t<\/div>\n\t\t\t\t<\/div>\n\t\t\t\t<\/div>\n\t\t\t\t\t<\/div>\n\t\t\t\t<\/div>\n\t\t\t\t<\/div>\n\t\t","protected":false},"excerpt":{"rendered":"<p>About Spassio Velkommen til Spassio, plattformen for alle som \u00f8nsker \u00e5 sammenligne ferdighusmodeller og produsenter. Det kan v\u00e6re vanskelig \u00e5 velge det perfekte ferdighuset, og det finnes utallige alternativer. Det er her Spassio kommer inn i bildet ved \u00e5 tilby verdifulle ressurser og innsikt som gj\u00f8r det mulig \u00e5 ta en velinformert beslutning. Vi har [&hellip;]<\/p>\n","protected":false},"author":45,"featured_media":0,"parent":0,"menu_order":0,"comment_status":"closed","ping_status":"closed","template":"elementor_header_footer","meta":{"content-type":"","_FSMCFIC_featured_image_caption":"","_FSMCFIC_featured_image_nocaption":"","_FSMCFIC_featured_image_hide":"","footnotes":""},"class_list":["post-79692","page","type-page","status-publish","hentry"],"_wp_attached_file":null,"_wp_attachment_metadata":null,"_wp_attachment_backup_sizes":null,"siteground_optimizer_webp_conversion_attempts":null,"siteground_optimizer_is_converted_to_webp":null,"siteground_optimizer_optimization_attempts":null,"siteground_optimizer_optimization_failed":null,"wpml_media_processed":null,"_wp_attachment_image_alt":null,"siteground_optimizer_is_optimized":null,"siteground_optimizer_webp_conversion_failed":null,"_elementor_source_image_hash":null,"siteground_optimizer_compression_level":null,"_elementor_inline_svg":null,"_imagify_optimization_level":null,"_imagify_status":null,"_imagify_data":null,"siteground_optimizer_original_filesize":null,"wpse_external_file_url":null,"fave_currency":null,"fave_currency_info":null,"fave_property_id":null,"fave_property_map":null,"fave_property_location":null,"houzez_geolocation_lat":null,"houzez_geolocation_long":null,"fave_property_map_street_view":null,"fave_featured":null,"fave_loggedintoview":null,"fave_agent_display_option":null,"fave_prop_homeslider":null,"fave_single_top_area":null,"fave_single_content_area":null,"_yoast_wpseo_primary_property_type":null,"_yoast_wpseo_primary_property_feature":null,"_yoast_wpseo_primary_property_label":null,"_yoast_wpseo_primary_property_country":null,"houzez_manual_expire":null,"_houzez_expiration_date_status":null,"houzez_total_property_views":null,"houzez_views_by_date":null,"houzez_recently_viewed":null,"fave_property_price":null,"fave_property_price_prefix":null,"fave_property_size":null,"fave_property_bathrooms":null,"fave_property_garage":null,"fave_levels":null,"fave_roof-type":null,"fave_construction-type":null,"fave_video_url":null,"fave_video_image":null,"fave_payment_status":null,"fave_property_agency":null,"fave_countries":null,"fave_sleeps":null,"_yoast_wpseo_primary_property_status":null,"fave_property_images":null,"fave_attachments":null,"technical_description":null,"houzez_featured_listing_date":null,"fave_property_size_prefix":null,"fave_property_bedrooms":null,"fave_property_price_postfix":null,"fave_production-time-in-weeks":null,"fave_building-time-in-days":null,"fave_window-glazing":null,"_yoast_wpseo_primary_feature-2":null,"_yoast_wpseo_primary_feature-3":null,"fave_warranty-in-years":null,"fave_property_land":null,"fave_property_land_postfix":null,"wpsebeba57d406-00de-d339-8c02-3956a916f506":null,"_oembed_eefb35903900c5c166d55ccf7fc62a8a":null,"_oembed_30948e80c1a853da0b519e72c40d2e13":null,"_oembed_0b78a31d7c7e6041adc064d46c40f98b":null,"_oembed_42c2c13b5902a21593b1d521556aea88":null,"_oembed_4fb58e495f37e206f97738a42dbe566f":null,"_oembed_b2828bee61bd9076cd21ece641de7abc":null,"_oembed_0c92428c960763e658977ce4918863f4":null,"_oembed_02b72dc3d26bdba6ff900a268ade2517":null,"_oembed_8c819834f7fc0b74364aa34a8193f46f":null,"_oembed_088962b77808b37d57abe5c8143f9652":null,"_oembed_dfae0e674c59ba061a82b330fc7fdea0":null,"_oembed_74e5075f66c4cd04b0e118feb24f6636":null,"fave_mortgage_cal":null,"_air_wp_sync_record_id":null,"_air_wp_sync_hash":null,"_air_wp_sync_importer_id":null,"_air_wp_sync_updated_at":null,"external_listing_link":null,"fave_property_map_address":null,"fave_multi_units_ids":null,"$wpml_language$":null,"fave_virtual_tour":null,"fave_gross-external-area":null,"_houzez_expiration_date":null,"_houzez_expiration_date_options":null,"floor_plans":null,"_oembed_a17db82fa378d53b4dc6ed46e5344499":null,"_oembed_da390569a339f4d7147d95cfb8c04c12":null,"_oembed_6a3eda5947bcc098660397ca8e21a941":null,"fave_roof-angle":null,"fave_seo-content":null,"_oembed_a7b8941eeee966e7350aede20b4d62be":null,"_oembed_time_a7b8941eeee966e7350aede20b4d62be":null,"additional_features":null,"fave_multi_units":null,"_oembed_716f56b62500685a7dd15ea2ec7579bd":null,"_oembed_time_716f56b62500685a7dd15ea2ec7579bd":null,"_oembed_8ececd3dd2598a4aedb5dfc82df2a0f6":null,"_oembed_time_8ececd3dd2598a4aedb5dfc82df2a0f6":null,"_oembed_4cef7884ea6ef16d48cd8675b12e440d":null,"fave_property_garage_size":null,"_oembed_5c1eaf7b40f4e3a3089b38beb88ba480":null,"fave_property_zip":null,"_oembed_ccdd6e0304386ece64b3b91f572b0be4":null,"_oembed_ae30d19e3e861b389146a1ccc2828104":null,"fave_property_rooms":null,"fave_property_year":null,"two_page_speed":null,"fave_year_established":null,"Status":null,"_oembed_5b2d8d2cf33b469c98e488ea5b118c30":null,"WPML Language Code":null,"_links":{"self":[{"href":"https:\/\/staging.spassio.com\/no\/wp-json\/wp\/v2\/pages\/79692","targetHints":{"allow":["GET"]}}],"collection":[{"href":"https:\/\/staging.spassio.com\/no\/wp-json\/wp\/v2\/pages"}],"about":[{"href":"https:\/\/staging.spassio.com\/no\/wp-json\/wp\/v2\/types\/page"}],"author":[{"embeddable":true,"href":"https:\/\/staging.spassio.com\/no\/wp-json\/wp\/v2\/users\/45"}],"replies":[{"embeddable":true,"href":"https:\/\/staging.spassio.com\/no\/wp-json\/wp\/v2\/comments?post=79692"}],"version-history":[{"count":3,"href":"https:\/\/staging.spassio.com\/no\/wp-json\/wp\/v2\/pages\/79692\/revisions"}],"predecessor-version":[{"id":178742,"href":"https:\/\/staging.spassio.com\/no\/wp-json\/wp\/v2\/pages\/79692\/revisions\/178742"}],"wp:attachment":[{"href":"https:\/\/staging.spassio.com\/no\/wp-json\/wp\/v2\/media?parent=79692"}],"curies":[{"name":"wp","href":"https:\/\/api.w.org\/{rel}","templated":true}]}}