{"id":173172,"date":"2024-08-18T21:24:16","date_gmt":"2024-08-18T20:24:16","guid":{"rendered":"https:\/\/staging.spassio.com\/guider\/how-are-modular-homes-set-up\/"},"modified":"2024-08-18T21:24:16","modified_gmt":"2024-08-18T20:24:16","slug":"how-are-modular-homes-set-up","status":"publish","type":"page","link":"https:\/\/staging.spassio.com\/sv\/guider\/how-are-modular-homes-set-up\/","title":{"rendered":"Hur \u00e4r Modular Homes uppbyggda? En omfattande guide"},"content":{"rendered":"<h2><img fetchpriority=\"high\" decoding=\"async\" class=\"alignnone wp-image-93476 aligncenter\" src=\"https:\/\/staging.spassio.com\/wp-content\/uploads\/2024\/08\/00067_scandi_modular-onsite_crane-300x251.jpg\" alt=\"\" width=\"578\" height=\"484\" srcset=\"https:\/\/staging.spassio.com\/wp-content\/uploads\/2024\/08\/00067_scandi_modular-onsite_crane-300x251.jpg 300w, https:\/\/staging.spassio.com\/wp-content\/uploads\/2024\/08\/00067_scandi_modular-onsite_crane-768x644.jpg 768w, https:\/\/staging.spassio.com\/wp-content\/uploads\/2024\/08\/00067_scandi_modular-onsite_crane.jpg 940w, https:\/\/staging.spassio.com\/wp-content\/uploads\/2024\/08\/00067_scandi_modular-onsite_crane-716x600.jpg 716w, https:\/\/staging.spassio.com\/wp-content\/uploads\/2024\/08\/00067_scandi_modular-onsite_crane-496x416.jpg 496w\" sizes=\"(max-width: 578px) 100vw, 578px\" \/><\/h2>\n<h2>Introduktion till Modular Homes<\/h2>\n<p>Modular A revolutionerar byggbranschen med sin effektivitet, h\u00e5llbarhet och kostnadseffektivitet. Till skillnad fr\u00e5n traditionell byggnation byggs denna typ av prefabricerade hem i volymetriska sektioner i en fabriksmilj\u00f6, vilket s\u00e4kerst\u00e4ller kvalitetskontroll och minskar byggtiden. Dessa sektioner transporteras till byggplatsen och monteras ihop till ett komplett hem.  <\/p>\n<p>Den h\u00e4r guiden leder dig genom den detaljerade installationsprocessen f\u00f6r modul\u00e4ra hem, fr\u00e5n planering f\u00f6re byggandet till de sista detaljerna, vilket ger dig kunskapen att fatta v\u00e4lgrundade beslut om att k\u00f6pa och installera ett modul\u00e4rt hem.<\/p>\n<h2>Planering f\u00f6re byggstart<\/h2>\n<h3>Att v\u00e4lja en Modular Home Design<\/h3>\n<p>Det f\u00f6rsta steget i att s\u00e4tta upp ett <a href=\"https:\/\/staging.spassio.com\/sv\/categories\/modulhus\/\">modul\u00e4rt hem<\/a> \u00e4r att v\u00e4lja den design som passar dina behov och preferenser. Modular A erbjuder en rad olika designer, fr\u00e5n modern till traditionell stil, och kan anpassas f\u00f6r att passa din livsstil. Kontakta en <a href=\"https:\/\/staging.spassio.com\/sv\/prefab-construction\/modulhusproducenter\/\">tillverkare av modul\u00e4ra hem<\/a> f\u00f6r att utforska designalternativ, planl\u00f6sningar och tillg\u00e4ngliga anpassningsfunktioner.  <\/p>\n<h3>F\u00f6rberedelse av byggplats<\/h3>\n<p>F\u00f6rberedelse av byggplatsen \u00e4r avg\u00f6rande f\u00f6r en framg\u00e5ngsrik installation av modul\u00e4ra hem. Det inneb\u00e4r att marken m\u00e5ste r\u00f6jas, j\u00e4mnas ut och dr\u00e4neras ordentligt. En <g id=\"gid_0\">grundl\u00e4ggning<\/g>, antingen en k\u00e4llare, krypgrund eller betongplatta, konstrueras sedan f\u00f6r att st\u00f6dja modulsektionerna. F\u00f6rberedelse av byggplatsen omfattar ocks\u00e5 att ordna med anslutningar till allm\u00e4nna f\u00f6rs\u00f6rjningssystem som vatten, el och avlopp.   <\/p>\n<h3>Erh\u00e5llande av tillst\u00e5nd<\/h3>\n<p>Innan byggnationen p\u00e5b\u00f6rjas ska du skaffa n\u00f6dv\u00e4ndiga tillst\u00e5nd fr\u00e5n lokala myndigheter. Dessa tillst\u00e5nd s\u00e4kerst\u00e4ller att ditt modulhus \u00f6verensst\u00e4mmer med byggkoder och zonindelningsbest\u00e4mmelser. <a href=\"https:\/\/staging.spassio.com\/sv\/introduktion-kopa-prefabricerat-hus\/#:~:text=you%20will%20most%20likely%20need%20to%20apply%20for%20a%20building%20permit\">Tillst\u00e5ndsprocessen<\/a> kan omfatta inspektioner p\u00e5 plats och godk\u00e4nnanden fr\u00e5n olika avdelningar, s\u00e5 arbeta n\u00e4ra din leverant\u00f6r av modul\u00e4ra hem f\u00f6r att navigera i detta steg.  <\/p>\n<h2>Transporter och leveranser<\/h2>\n<h3>Logistik f\u00f6r transport av sektioner av Modular Home<\/h3>\n<p>N\u00e4r modulsektionerna \u00e4r f\u00e4rdiga i fabriken paketeras de och transporteras till byggarbetsplatsen. Detta steg kr\u00e4ver minuti\u00f6s planering f\u00f6r att s\u00e4kerst\u00e4lla en s\u00e4ker leverans i r\u00e4tt tid. I logistiken f\u00f6r transporterna ing\u00e5r att s\u00e4kra n\u00f6dv\u00e4ndiga v\u00e4gtillst\u00e5nd, ordna med pilotbilar vid behov och samordna med lokala myndigheter f\u00f6r att hantera trafiken under leveransen. Modulsektionerna transporteras med hj\u00e4lp av flakbilar och varje sektion skyddas f\u00f6r att f\u00f6rhindra skador under transporten.   <\/p>\n<figure id=\"attachment_92271\" aria-describedby=\"caption-attachment-92271\" style=\"width: 1200px\" class=\"wp-caption alignnone\"><a href=\"https:\/\/staging.spassio.com\/sv\/manufacturer\/norges-hus-modular-building\/\"><img decoding=\"async\" class=\"wp-image-92271 size-full\" src=\"https:\/\/staging.spassio.com\/wp-content\/uploads\/2024\/08\/norges-hus-modular-building_banner-1.jpg\" alt=\"\" width=\"1200\" height=\"900\" srcset=\"https:\/\/staging.spassio.com\/wp-content\/uploads\/2024\/08\/norges-hus-modular-building_banner-1.jpg 1200w, https:\/\/staging.spassio.com\/wp-content\/uploads\/2024\/08\/norges-hus-modular-building_banner-1-300x225.jpg 300w, https:\/\/staging.spassio.com\/wp-content\/uploads\/2024\/08\/norges-hus-modular-building_banner-1-1024x768.jpg 1024w, https:\/\/staging.spassio.com\/wp-content\/uploads\/2024\/08\/norges-hus-modular-building_banner-1-768x576.jpg 768w, https:\/\/staging.spassio.com\/wp-content\/uploads\/2024\/08\/norges-hus-modular-building_banner-1-592x444.jpg 592w, https:\/\/staging.spassio.com\/wp-content\/uploads\/2024\/08\/norges-hus-modular-building_banner-1-584x438.jpg 584w, https:\/\/staging.spassio.com\/wp-content\/uploads\/2024\/08\/norges-hus-modular-building_banner-1-800x600.jpg 800w, https:\/\/staging.spassio.com\/wp-content\/uploads\/2024\/08\/norges-hus-modular-building_banner-1-120x90.jpg 120w, https:\/\/staging.spassio.com\/wp-content\/uploads\/2024\/08\/norges-hus-modular-building_banner-1-496x372.jpg 496w\" sizes=\"(max-width: 1200px) 100vw, 1200px\" \/><\/a><figcaption id=\"caption-attachment-92271\" class=\"wp-caption-text\">Norges Hus Modular Building<\/figcaption><\/figure>\n<h2>Montering p\u00e5 plats<\/h2>\n<h3>Detaljerad process f\u00f6r montering av Modular Home-sektioner<\/h3>\n<ul>\n<li>Montering p\u00e5 plats \u00e4r d\u00e4r det modul\u00e4ra hemmet kommer ihop. H\u00e4r \u00e4r en steg-f\u00f6r-steg-uppdelning av processen: <\/li>\n<li>F\u00f6rberedelse av grundl\u00e4ggning: Se till att grundl\u00e4ggningen \u00e4r klar och h\u00e4rdad innan modulsektionerna anl\u00e4nder.<\/li>\n<li>Kranning av sektionerna: En kran lyfter varje modulsektion fr\u00e5n lastbilen och placerar den p\u00e5 grundl\u00e4ggningen. Precision \u00e4r avg\u00f6rande f\u00f6r att s\u00e4kerst\u00e4lla att sektionerna ligger i r\u00e4tt linje. <\/li>\n<li>Sammanfogning av sektioner: Sektionerna f\u00e4sts ordentligt med hj\u00e4lp av bultar och specialanslutningar. Denna process inkluderar t\u00e4tning av fogar och anslutning av r\u00f6r- och elsystem mellan sektionerna. <\/li>\n<li>Tak och utv\u00e4ndig finish: N\u00e4r sektionerna \u00e4r p\u00e5 plats installeras i vissa fall taket och utv\u00e4ndig finish som fasadbekl\u00e4dnad och lister f\u00e4rdigst\u00e4lls.<\/li>\n<\/ul>\n<figure id=\"attachment_93401\" aria-describedby=\"caption-attachment-93401\" style=\"width: 819px\" class=\"wp-caption aligncenter\"><img decoding=\"async\" class=\"wp-image-93401 size-large\" src=\"https:\/\/staging.spassio.com\/wp-content\/uploads\/2024\/08\/00065_scandi_modular-onsite-assembly-819x1024.jpg\" alt=\"modul\u00e4r montering p\u00e5 plats\" width=\"819\" height=\"1024\" srcset=\"https:\/\/staging.spassio.com\/wp-content\/uploads\/2024\/08\/00065_scandi_modular-onsite-assembly-819x1024.jpg 819w, https:\/\/staging.spassio.com\/wp-content\/uploads\/2024\/08\/00065_scandi_modular-onsite-assembly-240x300.jpg 240w, https:\/\/staging.spassio.com\/wp-content\/uploads\/2024\/08\/00065_scandi_modular-onsite-assembly-768x960.jpg 768w, https:\/\/staging.spassio.com\/wp-content\/uploads\/2024\/08\/00065_scandi_modular-onsite-assembly-480x600.jpg 480w, https:\/\/staging.spassio.com\/wp-content\/uploads\/2024\/08\/00065_scandi_modular-onsite-assembly-496x620.jpg 496w, https:\/\/staging.spassio.com\/wp-content\/uploads\/2024\/08\/00065_scandi_modular-onsite-assembly.jpg 1080w\" sizes=\"(max-width: 819px) 100vw, 819px\" \/><figcaption id=\"caption-attachment-93401\" class=\"wp-caption-text\">Montering p\u00e5 plats av ett Scandi modulhus<\/figcaption><\/figure>\n<h3>S\u00e4kerst\u00e4lla strukturell integritet<\/h3>\n<p>Under monteringen \u00e4r det viktigt att utf\u00f6ra inspektioner f\u00f6r att s\u00e4kerst\u00e4lla hemmets strukturella integritet. Detta inkluderar att kontrollera att alla anslutningar \u00e4r s\u00e4kra, att v\u00e4ggarna \u00e4r i linje och att det inte finns n\u00e5gra luckor eller feljusteringar. Eventuella problem som uppt\u00e4cks under inspektionerna b\u00f6r \u00e5tg\u00e4rdas omedelbart f\u00f6r att f\u00f6rhindra framtida problem.  <\/p>\n<h2>De sista detaljerna<\/h2>\n<h3>Komplettera hemmet med inredningsdetaljer<\/h3>\n<p>Vanligtvis \u00e4r modul\u00e4ra hem f\u00e4rdiga p\u00e5 plats. I vissa fall \u00e4r det dock efter att modulsektionerna har monterats som den inv\u00e4ndiga efterbehandlingen b\u00f6rjar. Detta inkluderar installation av golv, sk\u00e5p, b\u00e4nkskivor och armaturer. Inv\u00e4ndiga v\u00e4ggar m\u00e5las och allt n\u00f6dv\u00e4ndigt trimarbete slutf\u00f6rs. Hus\u00e4gare kan v\u00e4lja mellan en m\u00e4ngd olika ytbehandlingar f\u00f6r att anpassa sitt modul\u00e4ra hem.    <\/p>\n<h3>Landskapsarkitektur och anslutning till allm\u00e4nna f\u00f6rs\u00f6rjningssystem<\/h3>\n<p>Den sista handen inneb\u00e4r att anl\u00e4gga landskapet p\u00e5 fastigheten och ansluta alla verktyg. Detta inkluderar installation av uppfarter, g\u00e5ngv\u00e4gar och utomhusbelysning. Anslutning till allm\u00e4nna f\u00f6rs\u00f6rjningssystem f\u00f6r vatten, el och avlopp slutf\u00f6rs och systemen testas f\u00f6r att s\u00e4kerst\u00e4lla att de fungerar korrekt.  <\/p>\n<h2>Fallstudier<\/h2>\n<h3>Exempel p\u00e5 framg\u00e5ngsrika projekt f\u00f6r Modular Home<\/h3>\n<p>F\u00f6r att illustrera framg\u00e5ngen och effektiviteten med modul\u00e4ra hem kan man titta p\u00e5 f\u00f6ljande fallstudier:<\/p>\n<ul>\n<li>F\u00f6rortsbebyggelse Modular Home n\u00e4ra N\u00fcrnberg: I en liten bayersk by f\u00e4rdigst\u00e4llde Blokki sitt 2,5 Blokki-hem i slutet av 2023. Detta modulhus byggdes p\u00e5 en 650 m\u00b2 stor tomt med ett sluttande tak, utbyggda sovrum och ett kontor. Huset v\u00e4rms upp med elektrisk golvv\u00e4rme och en vedspis och har soldriven vattenuppv\u00e4rmning, vilket g\u00f6r att det harmonierar med omgivningen och uppfyller strikta lokala best\u00e4mmelser.  <img loading=\"lazy\" decoding=\"async\" class=\"size-full wp-image-93421 aligncenter\" src=\"https:\/\/staging.spassio.com\/wp-content\/uploads\/2024\/08\/blokki-case-study-modular.jpg\" alt=\"Blokki 2.5 fallstudie modul\u00e4rt hem\" width=\"791\" height=\"500\" srcset=\"https:\/\/staging.spassio.com\/wp-content\/uploads\/2024\/08\/blokki-case-study-modular.jpg 791w, https:\/\/staging.spassio.com\/wp-content\/uploads\/2024\/08\/blokki-case-study-modular-300x190.jpg 300w, https:\/\/staging.spassio.com\/wp-content\/uploads\/2024\/08\/blokki-case-study-modular-768x485.jpg 768w, https:\/\/staging.spassio.com\/wp-content\/uploads\/2024\/08\/blokki-case-study-modular-496x314.jpg 496w\" sizes=\"(max-width: 791px) 100vw, 791px\" \/><\/li>\n<li>Lantlig Stuga i Bulgaria: Detta par valde att bygga ett litet Family Tiny-hus p\u00e5 den vackra landsbygden i Etropole f\u00f6r permanent boende och distansarbete. Det h\u00e4r 3&#215;10 meter stora huset, som designades och byggdes av Koleliba 2022, har ett rymligt vardagsrum, ett spa-liknande badrum, ett fullt utrustat k\u00f6k, en utf\u00e4llbar L-formad b\u00e4ddsoffa, en halvdelad sovrumsnisch och ett kontorsutrymme, vilket ger en perfekt tillflyktsort f\u00f6r att koppla av och njuta av naturen. <img loading=\"lazy\" decoding=\"async\" class=\"size-full wp-image-30396 aligncenter\" src=\"https:\/\/staging.spassio.com\/wp-content\/uploads\/2022\/10\/koleliba-family-tiny-floorplan-01.jpeg\" alt=\"\" width=\"1000\" height=\"667\" srcset=\"https:\/\/staging.spassio.com\/wp-content\/uploads\/2022\/10\/koleliba-family-tiny-floorplan-01.jpeg 1000w, https:\/\/staging.spassio.com\/wp-content\/uploads\/2022\/10\/koleliba-family-tiny-floorplan-01-300x200.jpeg 300w, https:\/\/staging.spassio.com\/wp-content\/uploads\/2022\/10\/koleliba-family-tiny-floorplan-01-768x512.jpeg 768w, https:\/\/staging.spassio.com\/wp-content\/uploads\/2022\/10\/koleliba-family-tiny-floorplan-01-900x600.jpeg 900w, https:\/\/staging.spassio.com\/wp-content\/uploads\/2022\/10\/koleliba-family-tiny-floorplan-01-496x331.jpeg 496w\" sizes=\"(max-width: 1000px) 100vw, 1000px\" \/><\/li>\n<\/ul>\n<h2>Slutsats<\/h2>\n<p>Modulhus erbjuder ett modernt, effektivt och h\u00e5llbart alternativ till traditionella bost\u00e4der. Genom att f\u00f6rst\u00e5 den detaljerade installationsprocessen &#8211; fr\u00e5n planering f\u00f6re byggstart till slutbesiktning &#8211; kan du fatta v\u00e4lgrundade beslut om att investera i ett modulhus. Med f\u00f6rdelar som kortare byggtid, kostnadsbesparingar och milj\u00f6m\u00e4ssig h\u00e5llbarhet \u00e4r modulhus ett smart val f\u00f6r dem som s\u00f6ker innovativa och anpassningsbara bostadsl\u00f6sningar.  <\/p>\n<p><strong>Statistik att komma ih\u00e5g:<\/strong><\/p>\n<ul>\n<li style=\"list-style-type: none;\">\n<ul>\n<li>Modular A kan minska byggtiden med upp till 50% j\u00e4mf\u00f6rt med traditionella hus.<\/li>\n<li>Prefabricerade hem kan minska byggavfallet med upp till 90%.<\/li>\n<li>Modular A kan leda till 40% l\u00e4gre CO2-utsl\u00e4pp under byggtiden.<\/li>\n<li>Kostnaden f\u00f6r modul\u00e4ra hem kan vara 10-20% l\u00e4gre \u00e4n traditionella hem.<\/li>\n<\/ul>\n<\/li>\n<\/ul>\n<p><strong>Anv\u00e4ndbara l\u00e4nkar:<\/strong><\/p>\n<p><a href=\"https:\/\/staging.spassio.com\/sv\/categories\/modulhus\/\">Modular A p\u00e5 Spassio<\/a><br \/>\n<a href=\"https:\/\/staging.spassio.com\/sv\/produktion-leverans-norges-hus-modulhus\/\">Bakom kulisserna: Fr\u00e5n produktion till leverans av Norges Hus modulhus<\/a><br \/>\n<a href=\"https:\/\/staging.spassio.com\/sv\/bygga-tradgardskontor\/\">Hur mycket kostar modulhus att bygga<\/a><br \/>\n<a href=\"https:\/\/staging.spassio.com\/sv\/bygga-modulhus-nya-normalen\/\">Att bygga modulhus kommer att bli det nya normala<\/a><\/p>\n","protected":false},"excerpt":{"rendered":"<p>Introduktion till Modular Homes Modular A revolutionerar byggbranschen med sin effektivitet, h\u00e5llbarhet och kostnadseffektivitet. Till skillnad fr\u00e5n traditionell byggnation byggs denna typ av prefabricerade hem i volymetriska sektioner i en fabriksmilj\u00f6, vilket s\u00e4kerst\u00e4ller kvalitetskontroll och minskar byggtiden. Dessa sektioner transporteras till byggplatsen och monteras ihop till ett komplett hem. Den h\u00e4r guiden leder dig genom [&hellip;]<\/p>\n","protected":false},"author":194,"featured_media":93417,"parent":78049,"menu_order":0,"comment_status":"closed","ping_status":"closed","template":"","meta":{"content-type":"","_FSMCFIC_featured_image_caption":"","_FSMCFIC_featured_image_nocaption":"","_FSMCFIC_featured_image_hide":"","footnotes":""},"class_list":["post-173172","page","type-page","status-publish","has-post-thumbnail","hentry"],"_wp_attached_file":null,"_wp_attachment_metadata":null,"_wp_attachment_backup_sizes":null,"siteground_optimizer_webp_conversion_attempts":null,"siteground_optimizer_is_converted_to_webp":null,"siteground_optimizer_optimization_attempts":null,"siteground_optimizer_optimization_failed":null,"wpml_media_processed":null,"_wp_attachment_image_alt":null,"siteground_optimizer_is_optimized":null,"siteground_optimizer_webp_conversion_failed":null,"_elementor_source_image_hash":null,"siteground_optimizer_compression_level":null,"_elementor_inline_svg":null,"_imagify_optimization_level":null,"_imagify_status":null,"_imagify_data":null,"siteground_optimizer_original_filesize":null,"wpse_external_file_url":null,"fave_currency":null,"fave_currency_info":null,"fave_property_id":null,"fave_property_map":null,"fave_property_location":null,"houzez_geolocation_lat":null,"houzez_geolocation_long":null,"fave_property_map_street_view":null,"fave_featured":null,"fave_loggedintoview":null,"fave_agent_display_option":null,"fave_prop_homeslider":null,"fave_single_top_area":null,"fave_single_content_area":null,"_yoast_wpseo_primary_property_type":null,"_yoast_wpseo_primary_property_feature":null,"_yoast_wpseo_primary_property_label":null,"_yoast_wpseo_primary_property_country":null,"houzez_manual_expire":null,"_houzez_expiration_date_status":null,"houzez_total_property_views":null,"houzez_views_by_date":null,"houzez_recently_viewed":null,"fave_property_price":null,"fave_property_price_prefix":null,"fave_property_size":null,"fave_property_bathrooms":null,"fave_property_garage":null,"fave_levels":null,"fave_roof-type":null,"fave_construction-type":null,"fave_video_url":null,"fave_video_image":null,"fave_payment_status":null,"fave_property_agency":null,"fave_countries":null,"fave_sleeps":null,"_yoast_wpseo_primary_property_status":null,"fave_property_images":null,"fave_attachments":null,"technical_description":null,"houzez_featured_listing_date":null,"fave_property_size_prefix":null,"fave_property_bedrooms":null,"fave_property_price_postfix":null,"fave_production-time-in-weeks":null,"fave_building-time-in-days":null,"fave_window-glazing":null,"_yoast_wpseo_primary_feature-2":null,"_yoast_wpseo_primary_feature-3":null,"fave_warranty-in-years":null,"fave_property_land":null,"fave_property_land_postfix":null,"wpsebeba57d406-00de-d339-8c02-3956a916f506":null,"_oembed_eefb35903900c5c166d55ccf7fc62a8a":null,"_oembed_30948e80c1a853da0b519e72c40d2e13":null,"_oembed_0b78a31d7c7e6041adc064d46c40f98b":null,"_oembed_42c2c13b5902a21593b1d521556aea88":null,"_oembed_4fb58e495f37e206f97738a42dbe566f":null,"_oembed_b2828bee61bd9076cd21ece641de7abc":null,"_oembed_0c92428c960763e658977ce4918863f4":null,"_oembed_02b72dc3d26bdba6ff900a268ade2517":null,"_oembed_8c819834f7fc0b74364aa34a8193f46f":null,"_oembed_088962b77808b37d57abe5c8143f9652":null,"_oembed_dfae0e674c59ba061a82b330fc7fdea0":null,"_oembed_74e5075f66c4cd04b0e118feb24f6636":null,"fave_mortgage_cal":null,"_air_wp_sync_record_id":null,"_air_wp_sync_hash":null,"_air_wp_sync_importer_id":null,"_air_wp_sync_updated_at":null,"external_listing_link":null,"fave_property_map_address":null,"fave_multi_units_ids":null,"$wpml_language$":null,"fave_virtual_tour":null,"fave_gross-external-area":null,"_houzez_expiration_date":null,"_houzez_expiration_date_options":null,"floor_plans":null,"_oembed_a17db82fa378d53b4dc6ed46e5344499":null,"_oembed_da390569a339f4d7147d95cfb8c04c12":null,"_oembed_6a3eda5947bcc098660397ca8e21a941":null,"fave_roof-angle":null,"fave_seo-content":null,"_oembed_a7b8941eeee966e7350aede20b4d62be":null,"_oembed_time_a7b8941eeee966e7350aede20b4d62be":null,"additional_features":null,"fave_multi_units":null,"_oembed_716f56b62500685a7dd15ea2ec7579bd":null,"_oembed_time_716f56b62500685a7dd15ea2ec7579bd":null,"_oembed_8ececd3dd2598a4aedb5dfc82df2a0f6":null,"_oembed_time_8ececd3dd2598a4aedb5dfc82df2a0f6":null,"_oembed_4cef7884ea6ef16d48cd8675b12e440d":null,"fave_property_garage_size":null,"_oembed_5c1eaf7b40f4e3a3089b38beb88ba480":null,"fave_property_zip":null,"_oembed_ccdd6e0304386ece64b3b91f572b0be4":null,"_oembed_ae30d19e3e861b389146a1ccc2828104":null,"fave_property_rooms":null,"fave_property_year":null,"two_page_speed":null,"fave_year_established":null,"Status":null,"_oembed_5b2d8d2cf33b469c98e488ea5b118c30":null,"WPML Language Code":null,"_links":{"self":[{"href":"https:\/\/staging.spassio.com\/sv\/wp-json\/wp\/v2\/pages\/173172","targetHints":{"allow":["GET"]}}],"collection":[{"href":"https:\/\/staging.spassio.com\/sv\/wp-json\/wp\/v2\/pages"}],"about":[{"href":"https:\/\/staging.spassio.com\/sv\/wp-json\/wp\/v2\/types\/page"}],"author":[{"embeddable":true,"href":"https:\/\/staging.spassio.com\/sv\/wp-json\/wp\/v2\/users\/194"}],"replies":[{"embeddable":true,"href":"https:\/\/staging.spassio.com\/sv\/wp-json\/wp\/v2\/comments?post=173172"}],"version-history":[{"count":0,"href":"https:\/\/staging.spassio.com\/sv\/wp-json\/wp\/v2\/pages\/173172\/revisions"}],"up":[{"embeddable":true,"href":"https:\/\/staging.spassio.com\/sv\/wp-json\/wp\/v2\/pages\/78049"}],"wp:featuredmedia":[{"embeddable":true,"href":"https:\/\/staging.spassio.com\/sv\/wp-json\/wp\/v2\/media\/93417"}],"wp:attachment":[{"href":"https:\/\/staging.spassio.com\/sv\/wp-json\/wp\/v2\/media?parent=173172"}],"curies":[{"name":"wp","href":"https:\/\/api.w.org\/{rel}","templated":true}]}}