{"id":77792,"date":"2022-08-01T17:40:43","date_gmt":"2022-08-01T16:40:43","guid":{"rendered":"https:\/\/staging.spassio.com\/?page_id=77792"},"modified":"2024-04-22T13:40:04","modified_gmt":"2024-04-22T12:40:04","slug":"vad-ar-prefabricerad","status":"publish","type":"page","link":"https:\/\/staging.spassio.com\/sv\/vad-ar-prefabricerad\/","title":{"rendered":"Vad \u00e4r prefabricerad"},"content":{"rendered":"<p>Prefab \u00e4r en term som anv\u00e4nds f\u00f6r att ange att de komponenter som anv\u00e4nds f\u00f6r att bygga ett hus har tillverkats p\u00e5 plats. Prefabricerade byggnader kan vara 100% prefabricerade, men i de flesta fall sker en liten andel av byggprocessen p\u00e5 plats d\u00e4r de prefabricerade komponenterna monteras. Att bygga ett hus med prefabricerad konstruktion erbjuder flera f\u00f6rdelar.<\/p>\n<p><strong>De viktigaste f\u00f6rdelarna med prefabricerat byggande:<\/strong><\/p>\n<ul>\n<li>Byggprocessen f\u00f6r prefabricerade hus \u00e4r snabbare<\/li>\n<li>Prefabricering drabbas s\u00e4llan av f\u00f6rseningar<\/li>\n<li>Prefabricerad byggnation \u00e4r mer h\u00e5llbar<\/li>\n<li>Prefabricerade hus \u00e4r av h\u00f6gre kvalitet<\/li>\n<li>Prefabricering \u00e4r billigare \u00e4n traditionell byggnation<\/li>\n<\/ul>\n<p>Alla dessa f\u00f6rdelar med prefabricerad byggnation bidrar till en stor s\u00e4kerhet i byggprocessen. I den h\u00e4r guiden hittar du allt du beh\u00f6ver veta f\u00f6r att f\u00f6rst\u00e5 vad prefabricerat byggande \u00e4r och varf\u00f6r det har blivit s\u00e5 popul\u00e4rt.<\/p>\n<h2>Vad \u00e4r ett prefabricerat hus?<\/h2>\n<p>Ett prefabricerat hus \u00e4r ett hus som byggs med n\u00e5gon form av prefabriceringsmetod f\u00f6r att antingen tillverka de viktigaste byggkomponenterna (som v\u00e4ggar, tak eller golv) eller hela huset. Ordet prefab indikerar att en stor del av byggprocessen utf\u00f6rs i en fabriksliknande milj\u00f6. Det finns dock olika typer av prefabricerade byggtekniker och beroende p\u00e5 vilken prefabriceringsteknik som anv\u00e4nds kan vi bygga en typ av prefabricerat hus eller en annan.<\/p>\n<h2>Typer av prefabricerade hus<\/h2>\n<p><strong>Modulhus<\/strong>: En typ av prefabricerade hus som byggs i delar, s\u00e5 kallade moduler. Varje modul \u00e4r en prefabricerad tredimensionell sektion av huset som n\u00e4r den \u00e4r f\u00e4rdig fraktas till byggplatsen d\u00e4r den monteras p\u00e5 ett snabbt och enkelt s\u00e4tt. Ett modulhus kan byggas av en eller flera moduler beroende p\u00e5 husets storlek.<\/p>\n<p><strong>Panelbyggda hus<\/strong>: Dessa hus, som \u00e4ven kallas panelhus, byggs med prefabricerade paneler som utformas som v\u00e4ggar, tak eller golv. Panelerna \u00e4r kompletta system med alla n\u00f6dv\u00e4ndiga delar, t.ex. kablar, r\u00f6rledningar och v\u00e4rmeisolering. N\u00e4r de v\u00e4l har monterats definierar de d\u00e4rf\u00f6r ett hus som \u00e4r i stort sett klart att bo i.<\/p>\n<p><strong>Timmerhus<\/strong>: Ett modernt f\u00f6rh\u00e5llningss\u00e4tt till den traditionella timmerstugan. Dessa hus byggs genom att prefabricerade stockar l\u00e4ggs horisontellt. Dessa stockar \u00e4r designade och formade i en fabrik, vilket underl\u00e4ttar byggprocessen och f\u00f6rb\u00e4ttrar husets prestanda.<\/p>\n<p><strong>Sm\u00e5 hus<\/strong>: Denna typ av prefabricerade hus \u00e4r mycket popul\u00e4r eftersom den erbjuder en byggnadsl\u00f6sning som \u00e4r b\u00e5de prisv\u00e4rd och unik. Sm\u00e5hus byggs i allm\u00e4nhet helt i en fabrik och placeras p\u00e5 hjul, vilket ger f\u00f6rdelen att de \u00e4r flyttbara, vilket f\u00f6rb\u00e4ttrar en livsstil med frihet och minimalism.<\/p>\n<figure id=\"attachment_26555\" aria-describedby=\"caption-attachment-26555\" style=\"width: 1000px\" class=\"wp-caption alignnone\"><img fetchpriority=\"high\" decoding=\"async\" class=\"wp-image-26555 size-full\" src=\"https:\/\/staging.spassio.com\/wp-content\/uploads\/2022\/06\/the-wee-house-company-two-bedroom-open-plan-modular-home-001.jpeg\" alt=\"\" width=\"1000\" height=\"563\" srcset=\"https:\/\/staging.spassio.com\/wp-content\/uploads\/2022\/06\/the-wee-house-company-two-bedroom-open-plan-modular-home-001.jpeg 1000w, https:\/\/staging.spassio.com\/wp-content\/uploads\/2022\/06\/the-wee-house-company-two-bedroom-open-plan-modular-home-001-300x169.jpeg 300w, https:\/\/staging.spassio.com\/wp-content\/uploads\/2022\/06\/the-wee-house-company-two-bedroom-open-plan-modular-home-001-768x432.jpeg 768w, https:\/\/staging.spassio.com\/wp-content\/uploads\/2022\/06\/the-wee-house-company-two-bedroom-open-plan-modular-home-001-496x279.jpeg 496w\" sizes=\"(max-width: 1000px) 100vw, 1000px\" \/><figcaption id=\"caption-attachment-26555\" class=\"wp-caption-text\">Bild med tillst\u00e5nd av Wee House Company<\/figcaption><\/figure>\n<h2>Vilka \u00e4r f\u00f6rdelarna med prefabricering?<\/h2>\n<p>Eftersom prefabricerad byggnation sker i en tillverkningsanl\u00e4ggning anv\u00e4nds vanligtvis h\u00f6gt mekaniserade verktyg i en process som ofta liknar ett l\u00f6pande band snarare \u00e4n traditionella byggmetoder. Denna moderna byggprocess erbjuder vissa f\u00f6rdelar j\u00e4mf\u00f6rt med byggmetoder p\u00e5 plats.<\/p>\n<h3>Byggprocessen f\u00f6r prefabricerade hus \u00e4r snabbare<\/h3>\n<p>Att bygga ett hus med prefabriceringsmetoder p\u00e5skyndar bygghastigheten enormt j\u00e4mf\u00f6rt med traditionell byggnation. Medan det tar minst 6 m\u00e5nader att bygga ett hus med traditionella byggmetoder, tar det vanligtvis bara 16 veckor att bygga ett prefabricerat hus<a href=\"#_ftn1\" name=\"_ftnref1\">[1]<\/a>.<\/p>\n<p>Den snabbare byggprocessen \u00e4r ett direkt resultat av industrialiseringen av den prefabricerade byggprocessen. Prefabricering \u00e4r ett f\u00f6rfarande som \u00e4ger rum i en tillverkningsmilj\u00f6 d\u00e4r flera steg \u00e4r mekaniserade, vilket p\u00e5skyndar byggprocessen.<\/p>\n<h3>Prefabricering drabbas s\u00e4llan av f\u00f6rseningar<\/h3>\n<p>F\u00f6rutom den naturliga accelerationen av byggprocessen har prefabricering f\u00f6rdelen att erbjuda en p\u00e5litlig byggtid. De vanligaste f\u00f6rseningarna vid traditionell byggnation beror i allm\u00e4nhet p\u00e5 ov\u00e4ntade v\u00e4derf\u00f6rh\u00e5llanden och transportproblem.<\/p>\n<p>Eftersom prefabriceringen sker i en fabrik som \u00e4r skyddad fr\u00e5n v\u00e4der och vind \u00e4r arbetsf\u00f6rh\u00e5llandena utm\u00e4rkta under hela \u00e5ret, vilket g\u00f6r att byggplanerna kan f\u00f6ljas vid n\u00e4stan alla tillf\u00e4llen. Dessutom \u00e4r trafikf\u00f6rseningar i stort sett obefintliga eftersom transporterna \u00e4r mycket begr\u00e4nsade.<\/p>\n<h3>Prefabricerad byggnation \u00e4r mer h\u00e5llbar<\/h3>\n<p>Byggbranschen har en starkt negativ inverkan p\u00e5 milj\u00f6n, d\u00e4r transporter och avfall \u00e4r de fr\u00e4msta orsakerna till detta. Bara i Storbritannien uppg\u00e5r byggavfallet till miljontals ton varje \u00e5r<a href=\"#_ftn2\" name=\"_ftnref2\">[2]<\/a>. Att bygga ett hus med prefabricerade byggmetoder \u00e4r i allm\u00e4nhet mer milj\u00f6v\u00e4nligt \u00e4n att bygga ett hus p\u00e5 plats med traditionella byggtekniker.<\/p>\n<p>Prefabricerad byggnation \u00e4r mer h\u00e5llbar eftersom den minskar transporter och avfall tack vare centraliseringen av arbetena. Denna centralisering minskar behovet av att transportera tunga maskiner till arbetsplatsen, underl\u00e4ttar bulktransporter av material och m\u00f6jligg\u00f6r \u00e5tervinning och anv\u00e4ndning av \u00f6verblivet material.<\/p>\n<h3>Prefabricerade hus \u00e4r av h\u00f6gre kvalitet<\/h3>\n<p>Alla permanenta prefabricerade hus m\u00e5ste f\u00f6lja samma lokala byggregler som f\u00f6rv\u00e4ntas f\u00f6r ett hus som byggts med traditionella metoder. D\u00e4rf\u00f6r byggs alla prefabricerade hus alltid med minst samma kvalitetsstandard som hus som byggs p\u00e5 plats. I de flesta fall \u00f6vertr\u00e4ffar dock prefabricerade hus dessa standarder.<\/p>\n<p>Eftersom alla prefabricerade processer \u00e4ger rum i en fabriksliknande milj\u00f6, utvecklas varje tillverkningssteg p\u00e5 samma plats enligt en process som \u00e4r mycket mekaniserad och noggrant \u00f6vervakad. Denna inst\u00e4llning minskar avsev\u00e4rt risken f\u00f6r m\u00e4nskliga misstag och konstruktionsfel som kan p\u00e5verka husets \u00f6vergripande kvalitet negativt.<\/p>\n<h3>Prefabricering \u00e4r billigare \u00e4n traditionell byggnation<\/h3>\n<p>I allm\u00e4nhet \u00e4r det billigare att bygga ett prefabricerat hus \u00e4n att bygga samma hus p\u00e5 plats med traditionella metoder. Kostnadsminskningen \u00e4r ett direkt resultat av centraliseringen och mekaniseringen av byggprocessen.<\/p>\n<p>Genom att centralisera arbetet minskar transportbehoven eftersom medarbetarna inte l\u00e4ngre beh\u00f6ver pendla och allt material levereras i bulk till samma adress. Dessutom minskar arbetskostnaderna tack vare mekaniseringen av flera byggnadsarbeten och p\u00e5skyndandet av den \u00f6vergripande byggprocessen.<\/p>\n<h2>Vad \u00e4r det genomsnittliga priset f\u00f6r ett prefabricerat hus?<\/h2>\n<p>Genomsnittspriset f\u00f6r ett prefabricerat hus \u00e4r ca 90 000 \u20ac, men denna siffra kan variera enormt fr\u00e5n en typ av prefab till en annan. Sm\u00e5hus \u00e4r den mest prisv\u00e4rda typen av prefabricerade hus med ett genomsnittspris p\u00e5 63 139 euro. Andra typer av prefabricerade hus som \u00e4r permanent byggda p\u00e5 fundament har ett h\u00f6gre genomsnittligt pris, detta \u00e4r fallet med modulhus vars genomsnittliga pris \u00e4r cirka 106 200 \u20ac.<\/p>\n<p>Men \u00e4ven inom samma typ av prefabricerat hus \u00e4r prisspannet brett. Priset beror p\u00e5 husets storlek, vilka material som anv\u00e4nds, kvaliteten p\u00e5 finishen och till och med var huset ska byggas<\/p>\n<h3>Kan du finansiera ett prefabricerat hus med ett bol\u00e5n?<\/h3>\n<p>Det \u00e4r m\u00f6jligt att finansiera ett <a href=\"https:\/\/staging.spassio.com\/mortgage-prefab-house\/\">prefabricerat hus med ett bol\u00e5n<\/a>. Processen f\u00f6r att ans\u00f6ka om ett byggl\u00e5n f\u00f6r att bygga ett prefabricerat hem \u00e4r dock inte densamma som du skulle f\u00f6lja f\u00f6r att finansiera ett hus som byggts med traditionell platsbyggnad.<\/p>\n<p>Varje land har olika typer av l\u00e5n tillg\u00e4ngliga f\u00f6r att bygga prefabricerade hus. Det viktigaste att t\u00e4nka p\u00e5 n\u00e4r man ans\u00f6ker om ett bol\u00e5n f\u00f6r att bygga ett prefabricerat hus i Storbritannien och Europa \u00e4r \u00e4nd\u00e5 kvaliteten p\u00e5 konstruktionen. Det \u00e4r viktigt att bevisa att huset \u00e4r byggt enligt de minimikrav som anges i de lokala byggbest\u00e4mmelserna.<\/p>\n<p><strong>VANLIGA FR\u00c5GOR<\/strong><\/p>\n<h2>Hur l\u00e4nge h\u00e5ller prefabricerade hus j\u00e4mf\u00f6rt med traditionell byggnation?<\/h2>\n<p>Prefabricerade hus byggs med material som \u00e4r avsedda att h\u00e5lla i cirka 50 \u00e5r, en mycket likartad livsl\u00e4ngd som den som f\u00f6rv\u00e4ntas f\u00f6r traditionellt byggda hus. Den totala livsl\u00e4ngden f\u00f6r ett hus varierar beroende p\u00e5 de valda materialen men ocks\u00e5 p\u00e5 kvaliteten p\u00e5 konstruktionen. Eftersom prefabricerade hus ofta \u00e4r av h\u00f6gre kvalitet kan deras h\u00e5llbarhet d\u00e4rf\u00f6r vara n\u00e5got l\u00e4ngre j\u00e4mf\u00f6rt med traditionell byggnation.<\/p>\n<h2>Vilka typer av prefabricerade hus kan man k\u00f6pa?<\/h2>\n<p>De vanligaste typerna av prefabricerade hus som du kan k\u00f6pa i Storbritannien och Europa idag \u00e4r modulhus, panelbyggda hus, sm\u00e5hus, timmerhus och stugor.<\/p>\n<h2>\u00c4r prefabricerade hus en bra investering?<\/h2>\n<p>Definitivt. N\u00e4r ett prefabricerat hus \u00e4r f\u00e4rdigbyggt ser det ut precis som ett traditionellt byggt hus, vilket g\u00f6r det till en minst lika bra investering som ett traditionellt byggt hus. Men eftersom byggandet av ett prefabricerat hus \u00e4r billigare och deras kvalitet ofta \u00f6verl\u00e4gsen, \u00e4r dessa typer av hus ett bra investeringsval.<\/p>\n<h2>\u00c4r prefabricerade hus mer h\u00e5llbara \u00e4n traditionella hus?<\/h2>\n<p>Ja, generellt sett \u00e4r prefabricerat byggande en mer h\u00e5llbar byggl\u00f6sning eftersom det minskar transportbehovet och minskar sl\u00f6seriet med material.<\/p>\n<p>Referenser:<\/p>\n<p><a style=\"color: #3eb6a8;\" href=\"#_ftnref1\" name=\"_ftn1\">[1]<\/a>(2022, 10 januari) Hur kommer modulhus att hantera milj\u00f6krisen? Vista paneler Ltd https:\/\/www.vistapanels.co.uk\/how-will-modular-homes-tackle-the-environmental-crisis\/<br \/>\n<a style=\"color: #3eb6a8;\" href=\"#_ftnref2\" name=\"_ftn2\">[2]<\/a>(2021, August 31) Dobrowolska, K. Hantering av bygg- och rivningsavfall Archdesk https:\/\/archdesk.com\/blog\/construction-and-demolition-waste-management\/<\/p>\n","protected":false},"excerpt":{"rendered":"<p>Prefab \u00e4r en term som anv\u00e4nds f\u00f6r att ange att de komponenter som anv\u00e4nds f\u00f6r att bygga ett hus har tillverkats p\u00e5 plats. Prefabricerade byggnader kan vara 100% prefabricerade, men i de flesta fall sker en liten andel av byggprocessen p\u00e5 plats d\u00e4r de prefabricerade komponenterna monteras. Att bygga ett hus med prefabricerad konstruktion erbjuder [&hellip;]<\/p>\n","protected":false},"author":194,"featured_media":77795,"parent":0,"menu_order":0,"comment_status":"closed","ping_status":"closed","template":"","meta":{"content-type":"","_FSMCFIC_featured_image_caption":"","_FSMCFIC_featured_image_nocaption":"","_FSMCFIC_featured_image_hide":"","footnotes":""},"class_list":["post-77792","page","type-page","status-publish","has-post-thumbnail","hentry"],"_wp_attached_file":null,"_wp_attachment_metadata":null,"_wp_attachment_backup_sizes":null,"siteground_optimizer_webp_conversion_attempts":null,"siteground_optimizer_is_converted_to_webp":null,"siteground_optimizer_optimization_attempts":null,"siteground_optimizer_optimization_failed":null,"wpml_media_processed":null,"_wp_attachment_image_alt":null,"siteground_optimizer_is_optimized":null,"siteground_optimizer_webp_conversion_failed":null,"_elementor_source_image_hash":null,"siteground_optimizer_compression_level":null,"_elementor_inline_svg":null,"_imagify_optimization_level":null,"_imagify_status":null,"_imagify_data":null,"siteground_optimizer_original_filesize":null,"wpse_external_file_url":null,"fave_currency":null,"fave_currency_info":null,"fave_property_id":null,"fave_property_map":null,"fave_property_location":null,"houzez_geolocation_lat":null,"houzez_geolocation_long":null,"fave_property_map_street_view":null,"fave_featured":null,"fave_loggedintoview":null,"fave_agent_display_option":null,"fave_prop_homeslider":null,"fave_single_top_area":null,"fave_single_content_area":null,"_yoast_wpseo_primary_property_type":null,"_yoast_wpseo_primary_property_feature":null,"_yoast_wpseo_primary_property_label":null,"_yoast_wpseo_primary_property_country":null,"houzez_manual_expire":null,"_houzez_expiration_date_status":null,"houzez_total_property_views":null,"houzez_views_by_date":null,"houzez_recently_viewed":null,"fave_property_price":null,"fave_property_price_prefix":null,"fave_property_size":null,"fave_property_bathrooms":null,"fave_property_garage":null,"fave_levels":null,"fave_roof-type":null,"fave_construction-type":null,"fave_video_url":null,"fave_video_image":null,"fave_payment_status":null,"fave_property_agency":null,"fave_countries":null,"fave_sleeps":null,"_yoast_wpseo_primary_property_status":null,"fave_property_images":null,"fave_attachments":null,"technical_description":null,"houzez_featured_listing_date":null,"fave_property_size_prefix":null,"fave_property_bedrooms":null,"fave_property_price_postfix":null,"fave_production-time-in-weeks":null,"fave_building-time-in-days":null,"fave_window-glazing":null,"_yoast_wpseo_primary_feature-2":null,"_yoast_wpseo_primary_feature-3":null,"fave_warranty-in-years":null,"fave_property_land":null,"fave_property_land_postfix":null,"wpsebeba57d406-00de-d339-8c02-3956a916f506":null,"_oembed_eefb35903900c5c166d55ccf7fc62a8a":null,"_oembed_30948e80c1a853da0b519e72c40d2e13":null,"_oembed_0b78a31d7c7e6041adc064d46c40f98b":null,"_oembed_42c2c13b5902a21593b1d521556aea88":null,"_oembed_4fb58e495f37e206f97738a42dbe566f":null,"_oembed_b2828bee61bd9076cd21ece641de7abc":null,"_oembed_0c92428c960763e658977ce4918863f4":null,"_oembed_02b72dc3d26bdba6ff900a268ade2517":null,"_oembed_8c819834f7fc0b74364aa34a8193f46f":null,"_oembed_088962b77808b37d57abe5c8143f9652":null,"_oembed_dfae0e674c59ba061a82b330fc7fdea0":null,"_oembed_74e5075f66c4cd04b0e118feb24f6636":null,"fave_mortgage_cal":null,"_air_wp_sync_record_id":null,"_air_wp_sync_hash":null,"_air_wp_sync_importer_id":null,"_air_wp_sync_updated_at":null,"external_listing_link":null,"fave_property_map_address":null,"fave_multi_units_ids":null,"$wpml_language$":null,"fave_virtual_tour":null,"fave_gross-external-area":null,"_houzez_expiration_date":null,"_houzez_expiration_date_options":null,"floor_plans":null,"_oembed_a17db82fa378d53b4dc6ed46e5344499":null,"_oembed_da390569a339f4d7147d95cfb8c04c12":null,"_oembed_6a3eda5947bcc098660397ca8e21a941":null,"fave_roof-angle":null,"fave_seo-content":null,"_oembed_a7b8941eeee966e7350aede20b4d62be":null,"_oembed_time_a7b8941eeee966e7350aede20b4d62be":null,"additional_features":null,"fave_multi_units":null,"_oembed_716f56b62500685a7dd15ea2ec7579bd":null,"_oembed_time_716f56b62500685a7dd15ea2ec7579bd":null,"_oembed_8ececd3dd2598a4aedb5dfc82df2a0f6":null,"_oembed_time_8ececd3dd2598a4aedb5dfc82df2a0f6":null,"_oembed_4cef7884ea6ef16d48cd8675b12e440d":null,"fave_property_garage_size":null,"_oembed_5c1eaf7b40f4e3a3089b38beb88ba480":null,"fave_property_zip":null,"_oembed_ccdd6e0304386ece64b3b91f572b0be4":null,"_oembed_ae30d19e3e861b389146a1ccc2828104":null,"fave_property_rooms":null,"fave_property_year":null,"two_page_speed":null,"fave_year_established":null,"Status":null,"_oembed_5b2d8d2cf33b469c98e488ea5b118c30":null,"WPML Language Code":null,"_links":{"self":[{"href":"https:\/\/staging.spassio.com\/sv\/wp-json\/wp\/v2\/pages\/77792","targetHints":{"allow":["GET"]}}],"collection":[{"href":"https:\/\/staging.spassio.com\/sv\/wp-json\/wp\/v2\/pages"}],"about":[{"href":"https:\/\/staging.spassio.com\/sv\/wp-json\/wp\/v2\/types\/page"}],"author":[{"embeddable":true,"href":"https:\/\/staging.spassio.com\/sv\/wp-json\/wp\/v2\/users\/194"}],"replies":[{"embeddable":true,"href":"https:\/\/staging.spassio.com\/sv\/wp-json\/wp\/v2\/comments?post=77792"}],"version-history":[{"count":0,"href":"https:\/\/staging.spassio.com\/sv\/wp-json\/wp\/v2\/pages\/77792\/revisions"}],"wp:featuredmedia":[{"embeddable":true,"href":"https:\/\/staging.spassio.com\/sv\/wp-json\/wp\/v2\/media\/77795"}],"wp:attachment":[{"href":"https:\/\/staging.spassio.com\/sv\/wp-json\/wp\/v2\/media?parent=77792"}],"curies":[{"name":"wp","href":"https:\/\/api.w.org\/{rel}","templated":true}]}}