{"id":77801,"date":"2022-08-21T20:20:22","date_gmt":"2022-08-21T19:20:22","guid":{"rendered":"https:\/\/staging.spassio.com\/?page_id=77801"},"modified":"2024-04-22T13:40:28","modified_gmt":"2024-04-22T12:40:28","slug":"guide-kopa-mark","status":"publish","type":"page","link":"https:\/\/staging.spassio.com\/sv\/guide-kopa-mark\/","title":{"rendered":"Guide f\u00f6r att hitta och k\u00f6pa mark"},"content":{"rendered":"<p>Den h\u00e4r guiden hj\u00e4lper dig att f\u00e5 en tydlig uppfattning om de stegvisa kraven f\u00f6r att hitta och k\u00f6pa en bit mark f\u00f6r att bygga ett prefabricerat hus i Storbritannien och Europa. Att hitta r\u00e4tt tomt f\u00f6r <em>att bygga ett prefabricerat<\/em> hus kan vara en utmaning f\u00f6r en f\u00f6rstag\u00e5ngsk\u00f6pare eftersom denna byggteknik \u00e4r ganska ny och f\u00f6r de flesta \u00e4r kraven fortfarande fr\u00e4mmande. Den typ av mark som kr\u00e4vs f\u00f6r att uppf\u00f6ra ett <a href=\"\/\">prefabricerat hus<\/a> liknar dock en traditionell byggtomt.<\/p>\n<h2>En steg-f\u00f6r-steg-guide f\u00f6r att hitta och k\u00f6pa mark:<\/h2>\n<table style=\"border-collapse: collapse; width: 100%;\" border=\"1\">\n<tbody>\n<tr>\n<th>Antal<\/th>\n<th>Beskrivning<\/th>\n<th>Viktiga \u00f6verv\u00e4ganden<\/th>\n<\/tr>\n<tr>\n<td>1<\/td>\n<td>V\u00e4lj en plats<\/td>\n<td>Preferenser och behov, marknadstillg\u00e5ng<\/td>\n<\/tr>\n<tr>\n<td>2<\/td>\n<td>Identifiera optimala markegenskaper<\/td>\n<td>Planhet, Tillg\u00e4nglighet, Markf\u00f6rh\u00e5llanden, Orientering<\/td>\n<\/tr>\n<tr>\n<td>3<\/td>\n<td>Fokus p\u00e5 byggbara tomter<\/td>\n<td>R\u00e5dfr\u00e5ga lokal planeringsmyndighet, Kontrollera byggbest\u00e4mmelser<\/td>\n<\/tr>\n<tr>\n<td>4<\/td>\n<td>Kontrollera om tomten \u00e4r betj\u00e4nad<\/td>\n<td>Anslutning till grundl\u00e4ggande tj\u00e4nster och samh\u00e4llsservice<\/td>\n<\/tr>\n<tr>\n<td>5<\/td>\n<td>Inh\u00e4mta juridisk r\u00e5dgivning<\/td>\n<td>\u00c4gander\u00e4ttsfr\u00e5gor, begr\u00e4nsande klausuler, tilltr\u00e4desr\u00e4tt<\/td>\n<\/tr>\n<tr>\n<td>6<\/td>\n<td>Ta reda p\u00e5 markkostnaden och j\u00e4mf\u00f6r priser<\/td>\n<td>Unders\u00f6ka genomsnittliga priser i omr\u00e5det<\/td>\n<\/tr>\n<tr>\n<td>7<\/td>\n<td>K\u00f6p och registrera din nya fastighet<\/td>\n<td>Registrera mark och f\u00e5 en lagfartsplan<\/td>\n<\/tr>\n<\/tbody>\n<\/table>\n<p>Genom att ta ett steg i taget kommer du att hitta den perfekta tomten. Var du ska b\u00f6rja din bostadss\u00f6kning \u00e4r mer av ett personligt val, du kan kontakta en lokal m\u00e4klare eller bl\u00e4ddra igenom fastighetssajter online.<\/p>\n<h2>1. V\u00e4lj en plats<\/h2>\n<p>L\u00e4get \u00e4r det f\u00f6rsta steget att t\u00e4nka p\u00e5 n\u00e4r man letar efter mark att k\u00f6pa. Den idealiska platsen beror p\u00e5 dina preferenser, behov och personliga situation. I de t\u00e4tbefolkade omr\u00e5dena i Storbritannien och Europa kan det dock vara sv\u00e5rt att hitta en ledig tomt. D\u00e4rf\u00f6r \u00e4r den perfekta tomten i de flesta fall inte bara v\u00e5rt dr\u00f6ml\u00e4ge utan en kompromiss mellan v\u00e5ra preferenser och marknadens tillg\u00e4nglighet.<\/p>\n<h3>Var \u00e4r det b\u00e4sta st\u00e4llet att k\u00f6pa mark?<\/h3>\n<p>Ett bra l\u00e4ge ser olika ut f\u00f6r olika personer, men h\u00e4r \u00e4r n\u00e5gra tips som kan hj\u00e4lpa dig att ta reda p\u00e5 hur ett bra l\u00e4ge ser ut f\u00f6r just dig:<\/p>\n<p><strong>N\u00e4rhet till relevanta faciliteter<\/strong>: Analysera hur viktigt det \u00e4r f\u00f6r dig att ha n\u00e4ra till mataff\u00e4rer, n\u00f6jen eller shoppingcenter. Om du pendlar till jobbet eller har barn som g\u00e5r i skolan kanske du ocks\u00e5 v\u00e4rdes\u00e4tter n\u00e4rheten till dessa faciliteter.<\/p>\n<p><strong>Transport<\/strong>: Ditt f\u00f6redragna transports\u00e4tt b\u00f6r noga \u00f6verv\u00e4gas n\u00e4r du v\u00e4ljer plats. Kontrollera om marken ligger n\u00e4ra allm\u00e4nna kommunikationer, motorv\u00e4gar eller g\u00e5ngv\u00e4gar.<\/p>\n<p><strong>Grannskap<\/strong>: Identifiera vilka grannskap som passar dig b\u00e4st och fundera \u00f6ver hur s\u00e4kert omr\u00e5det \u00e4r.<\/p>\n<h2>2. Identifiera de optimala markegenskaperna f\u00f6r att bygga en prefabricerad<\/h2>\n<p>Markkraven f\u00f6r att bygga ett prefabricerat hus \u00e4r ganska lika de som kr\u00e4vs f\u00f6r att <a href=\"https:\/\/staging.spassio.com\/prefab-better-than-traditional-building\/\">bygga ett traditionellt hus<\/a>. Men med tanke p\u00e5 att prefabricerade hus \u00e4r avsedda att byggas huvudsakligen p\u00e5 plats p\u00e5 ett snabbt och prisv\u00e4rt s\u00e4tt, blir dessa egenskaper mer betydelsefulla.<\/p>\n<p>Ju flackare desto b\u00e4ttre: Lutande mark kr\u00e4ver extra arbete, vilket leder till en l\u00e4ngre och dyrare konstruktion. En mindre lutning \u00e4r s\u00e4rskilt viktig om du planerar att k\u00f6pa ett prefabricerat hus.<\/p>\n<p><strong>Tillg\u00e4nglig<\/strong>: En tillg\u00e4nglig tomt underl\u00e4ttar transporten av material och maskiner f\u00f6r att uppf\u00f6ra huset, vilket vanligtvis bidrar till en smidigare, snabbare och billigare byggnation. N\u00e4r man bygger en prefabricerad byggnad \u00e4r dock tillg\u00e4ngligheten avg\u00f6rande eftersom det som levereras till byggplatsen \u00e4r prefabricerade sektioner med omfattande dimensioner.<\/p>\n<p><strong>Markf\u00f6rh\u00e5llanden<\/strong>: Markf\u00f6rh\u00e5llandena avg\u00f6r vilken typ av grund huset beh\u00f6ver. Ett geotekniskt test kan vara till stor hj\u00e4lp om du \u00e4r os\u00e4ker eftersom h\u00e5rda jordar \u00e4r mycket sv\u00e5ra att gr\u00e4va ut och mycket mjuka jordar kan beh\u00f6va gr\u00e4vas ut djupt f\u00f6r att hitta fast mark. Alla dessa extra arbeten kommer att h\u00f6ja det totala byggpriset.<\/p>\n<p><strong>Orientering<\/strong>: Tomtens orientering \u00e4r avg\u00f6rande f\u00f6r att s\u00e4kerst\u00e4lla en bekv\u00e4m boendesituation n\u00e4r huset v\u00e4l \u00e4r byggt. Den idealiska orienteringen av marken beror p\u00e5 klimatf\u00f6rh\u00e5llandena i det omr\u00e5de d\u00e4r vi bygger, men de viktigaste aspekterna att ta h\u00e4nsyn till \u00e4r solljus, skugga, vind och \u00f6versv\u00e4mningar.<\/p>\n<h2>3. Fokus p\u00e5 byggbara tomter<\/h2>\n<p>Det finns olika typer av tomter p\u00e5 marknaden och alla \u00e4r inte byggbara. \u00c4ven om varje land organiserar sina typer av tomter p\u00e5 olika s\u00e4tt, har de alla n\u00e5gon form av planering d\u00e4r marken klassificeras och kategoriseras efter vilken typ av byggnad som kan uppf\u00f6ras i omr\u00e5det.<\/p>\n<p>Innan du k\u00f6per mark b\u00f6r du r\u00e5dg\u00f6ra med den lokala planeringsmyndigheten f\u00f6r att kontrollera att tomten \u00e4r byggbar och identifiera eventuella planeringsfr\u00e5gor. T\u00e4nk p\u00e5 att f\u00f6r att f\u00e5 planeringsgodk\u00e4nnande m\u00e5ste du uppfylla flera best\u00e4mmelser som begr\u00e4nsar aspekter som anv\u00e4ndning, storlek och h\u00f6jd p\u00e5 byggnaden.<\/p>\n<figure id=\"attachment_28847\" aria-describedby=\"caption-attachment-28847\" style=\"width: 1000px\" class=\"wp-caption alignnone\"><img fetchpriority=\"high\" decoding=\"async\" class=\"wp-image-28847 size-full\" src=\"https:\/\/staging.spassio.com\/wp-content\/uploads\/2022\/08\/tini-tini-m-003-prefab-house-plot-land.webp\" alt=\"prefabricerade hus tomt guide\" width=\"1000\" height=\"562\" srcset=\"https:\/\/staging.spassio.com\/wp-content\/uploads\/2022\/08\/tini-tini-m-003-prefab-house-plot-land.webp 1000w, https:\/\/staging.spassio.com\/wp-content\/uploads\/2022\/08\/tini-tini-m-003-prefab-house-plot-land-300x169.webp 300w, https:\/\/staging.spassio.com\/wp-content\/uploads\/2022\/08\/tini-tini-m-003-prefab-house-plot-land-768x432.webp 768w, https:\/\/staging.spassio.com\/wp-content\/uploads\/2022\/08\/tini-tini-m-003-prefab-house-plot-land-496x279.webp 496w\" sizes=\"(max-width: 1000px) 100vw, 1000px\" \/><figcaption id=\"caption-attachment-28847\" class=\"wp-caption-text\">Bilder med tillst\u00e5nd av Tini: <a href=\"https:\/\/staging.spassio.com\/models\/tini-tini-m\/\">modell Tini M<\/a><\/figcaption><\/figure>\n<h2>4. Kontrollera om tomten \u00e4r underh\u00e5llen<\/h2>\n<p>En f\u00e4rdig tomt \u00e4r en tomt som redan \u00e4r ansluten till grundl\u00e4ggande tj\u00e4nster och service som el, vatten, avlopp och till och med v\u00e4gar. N\u00e4r du letar efter en bit mark f\u00f6r att bygga ett nytt prefabricerat hus, \u00e4r det starkt rekommenderat att ta h\u00e4nsyn till detta faktum. Du kan bygga ett prefabricerat hus p\u00e5 en tomt utan tj\u00e4nster, men att ansluta marken till olika tj\u00e4nster tar tid och pengar, s\u00e5 du b\u00f6r vara medveten om det i f\u00f6rv\u00e4g.<\/p>\n<h2>5. Inh\u00e4mta juridisk r\u00e5dgivning<\/h2>\n<p>Det \u00e4r alltid rekommenderat att s\u00f6ka juridisk r\u00e5dgivning innan man k\u00f6per marken f\u00f6r att minska riskerna. En erfaren advokat hj\u00e4lper till att identifiera om det finns problem med \u00e4gander\u00e4tten eller fastighetsbeskrivningen, avg\u00f6ra om det beh\u00f6vs en lagfart och uppt\u00e4cka s\u00e5 viktiga aspekter som skulder, avgifter, pantr\u00e4tter eller embargon.<\/p>\n<h3>Vilka \u00e4r riskerna med att k\u00f6pa mark?<\/h3>\n<p>Den som inte anlitar juridisk r\u00e5dgivning <em>riskerar att k\u00f6pa mark<\/em> med allvarliga problem, t.ex:<\/p>\n<p><strong>Tvister om gr\u00e4nser<\/strong>: Vissa tomter \u00e4r inte avgr\u00e4nsade och \u00e4garna till de angr\u00e4nsande fastigheterna \u00e4r oense om var gr\u00e4nsen g\u00e5r. Det rekommenderas inte att k\u00f6pa mark med denna typ av problem eftersom dessa tvister ofta tar l\u00e5ng tid att l\u00f6sa.<\/p>\n<p><strong>Restriktiva avtal<\/strong>: En tomt med restriktiva villkor kan begr\u00e4nsa din frihet att bygga det hus du vill ha. Se till att marken du k\u00f6per inte har n\u00e5gra begr\u00e4nsande klausuler eller om den har det, ta dig tid att identifiera om de kommer att vara en ol\u00e4genhet f\u00f6r dig.<\/p>\n<p>Problem med <strong>tilltr\u00e4desr\u00e4tt<\/strong>: Den juridiska \u00e4gander\u00e4tten till marken b\u00f6r ge dig full juridisk r\u00e4tt till tillg\u00e5ng till din mark, annars kanske du inte har laglig tillg\u00e5ng till din fastighet och eventuella byggnadsarbeten kan nekas.<\/p>\n<h3>Vilka fr\u00e5gor b\u00f6r jag st\u00e4lla n\u00e4r jag k\u00f6per en fastighet?<\/h3>\n<p>Innan du g\u00e5r vidare med att k\u00f6pa en tomt finns det n\u00e5gra fr\u00e5gor du b\u00f6r st\u00e4lla som hj\u00e4lper dig att identifiera risker:<\/p>\n<ul>\n<li>Varf\u00f6r s\u00e4ljer fastighets\u00e4garen marken?<\/li>\n<li>Finns det n\u00e5gra befintliga problem med marken?<\/li>\n<li>Finns det n\u00e5gra restriktioner som kan begr\u00e4nsa framtida utveckling?<\/li>\n<li>\u00c4r gr\u00e4nserna tydligt och lagligt definierade och markerade?<\/li>\n<li>Finns det n\u00e5got planeringstillst\u00e5nd?<\/li>\n<li>Vilka \u00e4r r\u00e4ttigheterna till tilltr\u00e4de?<\/li>\n<li>\u00c4r marken korrekt ansluten till grundl\u00e4ggande tj\u00e4nster och f\u00f6rs\u00f6rjningssystem?<\/li>\n<li>Vad f\u00f6rutser stadsplanerna f\u00f6r framtiden f\u00f6r grannskapet?<\/li>\n<\/ul>\n<h2>6. Ta reda p\u00e5 markkostnaden och j\u00e4mf\u00f6r priser<\/h2>\n<p>Kostnaden f\u00f6r mark varierar enormt eftersom flera aspekter p\u00e5verkar dess v\u00e4rde. L\u00e4get har i allm\u00e4nhet ett stort inflytande p\u00e5 k\u00f6peskillingen. Att g\u00f6ra lite efterforskningar om genomsnittspriset i omr\u00e5det kommer d\u00e4rf\u00f6r att vara till stor hj\u00e4lp n\u00e4r du j\u00e4mf\u00f6r priser och f\u00f6rhandlar om det slutliga f\u00f6rs\u00e4ljningspriset.<\/p>\n<p>Alla de aspekter som diskuterats tidigare kommer dock att p\u00e5verka v\u00e4rdet direkt:<\/p>\n<p>Plana tomter <strong>\u00e4r i allm\u00e4nhet dyrare<\/strong>: Tomter med plan mark och goda markf\u00f6rh\u00e5llanden \u00e4r ofta dyrare. Men det l\u00f6nar sig i allm\u00e4nhet eftersom byggnadsarbetet blir smidigare.<\/p>\n<p><strong>Byggbara tomter med service kostar ofta mer<\/strong>: P\u00e5 samma s\u00e4tt \u00e4r tomter med bygglov, tillg\u00e5ng till service och mindre begr\u00e4nsningar vanligtvis mer efterfr\u00e5gade och d\u00e4rf\u00f6r dyrare. \u00c4nd\u00e5 \u00e4r de en bra och s\u00e4ker investering.<\/p>\n<p><strong>Tomter med juridiska problem kan vara billigare<\/strong>: Var f\u00f6rsiktig med \u00f6verraskande l\u00e5ga priser, det kan finnas n\u00e5gra juridiska problem relaterade till dem.<\/p>\n<h2>7. K\u00f6p och registrera din nya fastighet<\/h2>\n<p>N\u00e4r du har hittat den perfekta tomten f\u00f6r att bygga ditt nya <a href=\"\/\">prefabricerade hem<\/a> och \u00e4r klar \u00f6ver kostnaderna och villkoren \u00e4r det dags att k\u00f6pa den. N\u00e4r du blir \u00e4gare till marken rekommenderas att du registrerar den och skaffar en lagfartsplan. \u00c4ven om fastighetsregistrering inte \u00e4r obligatorisk i Storbritannien och vissa europeiska l\u00e4nder kan det kr\u00e4vas av banken om du planerar att kvalificera dig f\u00f6r ett hypoteksl\u00e5n.<\/p>\n<h3>Var man kan s\u00f6ka efter mark<\/h3>\n<p>Det finns olika s\u00e4tt att s\u00f6ka efter en tomt, du kan kontakta lokala fastighetsm\u00e4klare, l\u00e4sa tidningar och tidskrifter, eller som det \u00e4r vanligare nuf\u00f6rtiden, s\u00f6ka p\u00e5 n\u00e4tet. En s\u00f6kning p\u00e5 n\u00e4tet ger dig en allm\u00e4n uppfattning om vad som finns tillg\u00e4ngligt i ditt omr\u00e5de och hur mycket det kostar.<\/p>\n<h3>J\u00e4mf\u00f6relsetabell: Viktiga faktorer vid k\u00f6p av mark<\/h3>\n<table style=\"border-collapse: collapse; width: 100%;\" border=\"1\">\n<tbody>\n<tr>\n<th>Faktor<\/th>\n<th>Betydelsen av att k\u00f6pa mark<\/th>\n<th>Ytterligare anm\u00e4rkningar<\/th>\n<\/tr>\n<tr>\n<td>Plats<\/td>\n<td>Avg\u00f6rande f\u00f6r personlig bekv\u00e4mlighet och andrahandsv\u00e4rde<\/td>\n<td>N\u00e4rhet till faciliteter, transporter och s\u00e4kerhet i grannskapet<\/td>\n<\/tr>\n<tr>\n<td>Markens egenskaper<\/td>\n<td>Avg\u00f6rande f\u00f6r genomf\u00f6rbarheten och kostnaden f\u00f6r byggandet<\/td>\n<td>Planhet, tillg\u00e4nglighet, markf\u00f6rh\u00e5llanden och orientering \u00e4r avg\u00f6rande<\/td>\n<\/tr>\n<tr>\n<td>Byggbarhet<\/td>\n<td>M\u00e5ste bekr\u00e4ftas f\u00f6re k\u00f6pet<\/td>\n<td>Kontakta den lokala planeringsmyndigheten f\u00f6r f\u00f6reskrifter och tillst\u00e5nd<\/td>\n<\/tr>\n<tr>\n<td>Anslutningar f\u00f6r tj\u00e4nster<\/td>\n<td>Rekommenderas starkt f\u00f6r enkel konstruktion<\/td>\n<td>Tomter som inte betj\u00e4nas kr\u00e4ver ytterligare tid och investeringar<\/td>\n<\/tr>\n<tr>\n<td>R\u00e4ttsliga \u00f6verv\u00e4ganden<\/td>\n<td>Avg\u00f6rande f\u00f6r att undvika framtida tvister<\/td>\n<td>Inkluderar titelklarhet, restriktiva avtal och \u00e5tkomstr\u00e4ttigheter<\/td>\n<\/tr>\n<tr>\n<td>Kostnad<\/td>\n<td>Varierar beroende p\u00e5 ovanst\u00e5ende faktorer<\/td>\n<td>P\u00e5verkas av l\u00e4ge, byggbarhet och markens egenskaper<\/td>\n<\/tr>\n<tr>\n<td>Registrering<\/td>\n<td>Rekommenderas f\u00f6r juridiskt \u00e4gande<\/td>\n<td>Viktigt f\u00f6r bol\u00e5neans\u00f6kningar och officiellt \u00e4gande<\/td>\n<\/tr>\n<\/tbody>\n<\/table>\n<p>H\u00e4r \u00e4r n\u00e5gra webbplatser d\u00e4r du kan hitta mark som lokal eller utl\u00e4ndsk k\u00f6pare:<\/p>\n<h3>K\u00f6p mark i Storbritannien<\/h3>\n<p>Rightmove &#8211; <a href=\"https:\/\/www.rightmove.co.uk\" target=\"_blank\" rel=\"noopener\">https:\/\/www.rightmove.co.uk<\/a><br \/>\nBuildStore PlotSearch &#8211; <a href=\"https:\/\/plotsearch.buildstore.co.uk\/findingland\/\" target=\"_blank\" rel=\"noopener\">https:\/\/plotsearch.buildstore.co.uk\/findingland\/<\/a><\/p>\n<h3>K\u00f6p mark i Frankrike<\/h3>\n<p>SeLoger construire &#8211; <a href=\"https:\/\/www.seloger-construire.com\/projet-construction\/terrain\/pays\/france\" target=\"_blank\" rel=\"noopener\">https:\/\/www.seloger-construire.com\/projet-construction\/terrain\/pays\/france<\/a><br \/>\nPAP Particuler \u00e0 Particuler &#8211; <a href=\"https:\/\/www.pap.fr\/annonce\/vente-terrains\" target=\"_blank\" rel=\"noopener\">https:\/\/www.pap.fr\/annonce\/vente-terrains<\/a><\/p>\n<h3>K\u00f6p mark i Spanien<\/h3>\n<p>terrenos.es &#8211; <a href=\"https:\/\/terrenos.es\" target=\"_blank\" rel=\"noopener\">https:\/\/terrenos.es<\/a><br \/>\nLandex &#8211; <a href=\"https:\/\/www.landex.es\" target=\"_blank\" rel=\"noopener\">https:\/\/www.landex.es<\/a><\/p>\n<h3>K\u00f6p mark i Europa<\/h3>\n<p>Properstar &#8211; <a href=\"https:\/\/www.properstar.com\" target=\"_blank\" rel=\"noopener\">https:\/\/www.properstar.com<\/a><br \/>\nTranio &#8211; <a href=\"https:\/\/tranio.com\/europe\/land\/\" target=\"_blank\" rel=\"noopener\">https:\/\/tranio.com\/europe\/land\/<\/a><\/p>\n","protected":false},"excerpt":{"rendered":"<p>Den h\u00e4r guiden hj\u00e4lper dig att f\u00e5 en tydlig uppfattning om de stegvisa kraven f\u00f6r att hitta och k\u00f6pa en bit mark f\u00f6r att bygga ett prefabricerat hus i Storbritannien och Europa. Att hitta r\u00e4tt tomt f\u00f6r att bygga ett prefabricerat hus kan vara en utmaning f\u00f6r en f\u00f6rstag\u00e5ngsk\u00f6pare eftersom denna byggteknik \u00e4r ganska ny [&hellip;]<\/p>\n","protected":false},"author":194,"featured_media":77802,"parent":0,"menu_order":0,"comment_status":"closed","ping_status":"closed","template":"","meta":{"content-type":"","_FSMCFIC_featured_image_caption":"","_FSMCFIC_featured_image_nocaption":"","_FSMCFIC_featured_image_hide":"","footnotes":""},"class_list":["post-77801","page","type-page","status-publish","has-post-thumbnail","hentry"],"_wp_attached_file":null,"_wp_attachment_metadata":null,"_wp_attachment_backup_sizes":null,"siteground_optimizer_webp_conversion_attempts":null,"siteground_optimizer_is_converted_to_webp":null,"siteground_optimizer_optimization_attempts":null,"siteground_optimizer_optimization_failed":null,"wpml_media_processed":null,"_wp_attachment_image_alt":null,"siteground_optimizer_is_optimized":null,"siteground_optimizer_webp_conversion_failed":null,"_elementor_source_image_hash":null,"siteground_optimizer_compression_level":null,"_elementor_inline_svg":null,"_imagify_optimization_level":null,"_imagify_status":null,"_imagify_data":null,"siteground_optimizer_original_filesize":null,"wpse_external_file_url":null,"fave_currency":null,"fave_currency_info":null,"fave_property_id":null,"fave_property_map":null,"fave_property_location":null,"houzez_geolocation_lat":null,"houzez_geolocation_long":null,"fave_property_map_street_view":null,"fave_featured":null,"fave_loggedintoview":null,"fave_agent_display_option":null,"fave_prop_homeslider":null,"fave_single_top_area":null,"fave_single_content_area":null,"_yoast_wpseo_primary_property_type":null,"_yoast_wpseo_primary_property_feature":null,"_yoast_wpseo_primary_property_label":null,"_yoast_wpseo_primary_property_country":null,"houzez_manual_expire":null,"_houzez_expiration_date_status":null,"houzez_total_property_views":null,"houzez_views_by_date":null,"houzez_recently_viewed":null,"fave_property_price":null,"fave_property_price_prefix":null,"fave_property_size":null,"fave_property_bathrooms":null,"fave_property_garage":null,"fave_levels":null,"fave_roof-type":null,"fave_construction-type":null,"fave_video_url":null,"fave_video_image":null,"fave_payment_status":null,"fave_property_agency":null,"fave_countries":null,"fave_sleeps":null,"_yoast_wpseo_primary_property_status":null,"fave_property_images":null,"fave_attachments":null,"technical_description":null,"houzez_featured_listing_date":null,"fave_property_size_prefix":null,"fave_property_bedrooms":null,"fave_property_price_postfix":null,"fave_production-time-in-weeks":null,"fave_building-time-in-days":null,"fave_window-glazing":null,"_yoast_wpseo_primary_feature-2":null,"_yoast_wpseo_primary_feature-3":null,"fave_warranty-in-years":null,"fave_property_land":null,"fave_property_land_postfix":null,"wpsebeba57d406-00de-d339-8c02-3956a916f506":null,"_oembed_eefb35903900c5c166d55ccf7fc62a8a":null,"_oembed_30948e80c1a853da0b519e72c40d2e13":null,"_oembed_0b78a31d7c7e6041adc064d46c40f98b":null,"_oembed_42c2c13b5902a21593b1d521556aea88":null,"_oembed_4fb58e495f37e206f97738a42dbe566f":null,"_oembed_b2828bee61bd9076cd21ece641de7abc":null,"_oembed_0c92428c960763e658977ce4918863f4":null,"_oembed_02b72dc3d26bdba6ff900a268ade2517":null,"_oembed_8c819834f7fc0b74364aa34a8193f46f":null,"_oembed_088962b77808b37d57abe5c8143f9652":null,"_oembed_dfae0e674c59ba061a82b330fc7fdea0":null,"_oembed_74e5075f66c4cd04b0e118feb24f6636":null,"fave_mortgage_cal":null,"_air_wp_sync_record_id":null,"_air_wp_sync_hash":null,"_air_wp_sync_importer_id":null,"_air_wp_sync_updated_at":null,"external_listing_link":null,"fave_property_map_address":null,"fave_multi_units_ids":null,"$wpml_language$":null,"fave_virtual_tour":null,"fave_gross-external-area":null,"_houzez_expiration_date":null,"_houzez_expiration_date_options":null,"floor_plans":null,"_oembed_a17db82fa378d53b4dc6ed46e5344499":null,"_oembed_da390569a339f4d7147d95cfb8c04c12":null,"_oembed_6a3eda5947bcc098660397ca8e21a941":null,"fave_roof-angle":null,"fave_seo-content":null,"_oembed_a7b8941eeee966e7350aede20b4d62be":null,"_oembed_time_a7b8941eeee966e7350aede20b4d62be":null,"additional_features":null,"fave_multi_units":null,"_oembed_716f56b62500685a7dd15ea2ec7579bd":null,"_oembed_time_716f56b62500685a7dd15ea2ec7579bd":null,"_oembed_8ececd3dd2598a4aedb5dfc82df2a0f6":null,"_oembed_time_8ececd3dd2598a4aedb5dfc82df2a0f6":null,"_oembed_4cef7884ea6ef16d48cd8675b12e440d":null,"fave_property_garage_size":null,"_oembed_5c1eaf7b40f4e3a3089b38beb88ba480":null,"fave_property_zip":null,"_oembed_ccdd6e0304386ece64b3b91f572b0be4":null,"_oembed_ae30d19e3e861b389146a1ccc2828104":null,"fave_property_rooms":null,"fave_property_year":null,"two_page_speed":null,"fave_year_established":null,"Status":null,"_oembed_5b2d8d2cf33b469c98e488ea5b118c30":null,"WPML Language Code":null,"_links":{"self":[{"href":"https:\/\/staging.spassio.com\/sv\/wp-json\/wp\/v2\/pages\/77801","targetHints":{"allow":["GET"]}}],"collection":[{"href":"https:\/\/staging.spassio.com\/sv\/wp-json\/wp\/v2\/pages"}],"about":[{"href":"https:\/\/staging.spassio.com\/sv\/wp-json\/wp\/v2\/types\/page"}],"author":[{"embeddable":true,"href":"https:\/\/staging.spassio.com\/sv\/wp-json\/wp\/v2\/users\/194"}],"replies":[{"embeddable":true,"href":"https:\/\/staging.spassio.com\/sv\/wp-json\/wp\/v2\/comments?post=77801"}],"version-history":[{"count":0,"href":"https:\/\/staging.spassio.com\/sv\/wp-json\/wp\/v2\/pages\/77801\/revisions"}],"wp:featuredmedia":[{"embeddable":true,"href":"https:\/\/staging.spassio.com\/sv\/wp-json\/wp\/v2\/media\/77802"}],"wp:attachment":[{"href":"https:\/\/staging.spassio.com\/sv\/wp-json\/wp\/v2\/media?parent=77801"}],"curies":[{"name":"wp","href":"https:\/\/api.w.org\/{rel}","templated":true}]}}